{"id":1875502,"date":"2026-04-29T08:45:24","date_gmt":"2026-04-29T06:45:24","guid":{"rendered":"https:\/\/dev6.erresse-shop.it\/shop\/sin%20categor\u00eda\/staub-cocotte-corazon\/"},"modified":"2025-09-14T07:23:56","modified_gmt":"2025-09-14T05:23:56","slug":"staub-cocotte-corazon","status":"publish","type":"product","link":"https:\/\/dev6.erresse-shop.it\/es\/shop\/sartenes-y-ollas\/ollas-y-cacerolas\/staub-cocotte-corazon\/","title":{"rendered":"STAUB Cocotte Coraz\u00f3n"},"content":{"rendered":"<p>La cocotte en forma de coraz\u00f3n, de color rojo cereza, es la prueba de que el amor se puede servir en un plato. Esta sart\u00e9n cocina suavemente alimentos arom\u00e1ticos y nutritivos, combinando las propiedades del hierro fundido con las del esmalte negro para garantizar una excelente retenci\u00f3n del calor y conductividad t\u00e9rmica. Una difusi\u00f3n uniforme y gradual del calor ayuda a conservar las vitaminas de las verduras, mientras que el esmalte negro mate resalta sus sabores. La cocotte en forma de coraz\u00f3n es ideal para eventos como el D\u00eda de San Valent\u00edn, propuestas de boda o recepciones. Para su cumplea\u00f1os, los invitados se ver\u00e1n gratamente sorprendidos por una cazuela o una especialidad francesa servida en esta olla. Gracias a su forma, es perfecto como utensilio para servir y mantiene la comida caliente durante m\u00e1s tiempo; otra ventaja del hierro fundido es su capacidad para conservar el calor. La cocotte tiene un di\u00e1metro de 20 cm, una capacidad de 1,75 L y es perfecta para raciones de 1 a 2 personas. La parte inferior de la tapa tiene un dise\u00f1o \u00fanico que permite que la humedad acumulada gotee sobre los alimentos, evitando que la carne se reseque, por ejemplo. Dos asas planas en los laterales de la sart\u00e9n facilitan su traslado al horno y fuera de \u00e9l. Utilice la cocotte en forma de coraz\u00f3n de Staub para preparar deliciosos platos para eventos especiales.<\/p>\n<p>\u2013 Ideal para sellar y cocinar a fuego lento carne, pescado o verduras<br \/>\n\u2013 El esmalte interior negro mate es ideal para un dorado especialmente crujiente y es muy duradero<br \/>\n\u2013 Apto para todo tipo de placas de cocci\u00f3n, incluidas las de inducci\u00f3n, tambi\u00e9n puede colocarse en el horno\/parrilla<\/p>\n<p>Caracter\u00edsticas<br \/>\n\u2013 Resistencia al calor (\u00b0C): 240,00 \u00baC<br \/>\n\u2013 Material: hierro fundido<br \/>\n\u2013 Tapa existente: s\u00ed<br \/>\n\u2013 Inducci\u00f3n: S\u00ed<br \/>\n\u2013 Apto para horno: S\u00ed<br \/>\n\u2013 Apto para la parrilla: S\u00ed<br \/>\n\u2013 Apto para microondas: s\u00ed<br \/>\n\u2013 Apto para el congelador: s\u00ed<br \/>\n\u2013 Amigable con la afici\u00f3n: s\u00ed<br \/>\n\u2013 A prueba de utensilios met\u00e1licos: s\u00ed<br \/>\n\u2013 Apto para el lavavajillas: S\u00ed<\/p>\n<p>Tama\u00f1o<br \/>\n\u2013 Peso neto: 2,96 kg<br \/>\n\u2013 Capacidad: 1,75 l<br \/>\n\u2013 Longitud del producto: 21,80 cm<br \/>\n\u2013 Anchura del producto: 14,10 cm<br \/>\n\u2013 Altura del producto: 13,40 cm<br \/>\n\u2013 Altura sin tapa: 7,40 cm<br \/>\n\u2013 Di\u00e1metro superior: 20,00 cm<br \/>\n\u2013 Di\u00e1metro del fondo: 16,10 cm<\/p>\n","protected":false},"excerpt":{"rendered":"<p>La cocotte en forma de coraz\u00f3n, de color rojo cereza, es la prueba de que el amor se puede servir en un plato. Esta sart\u00e9n cocina suavemente alimentos arom\u00e1ticos y nutritivos, combinando las propiedades del hierro fundido con las del esmalte negro para garantizar una excelente retenci\u00f3n del calor y conductividad t\u00e9rmica. Una difusi\u00f3n uniforme [&hellip;]<\/p>\n","protected":false},"featured_media":6946433,"template":"","meta":{"_acf_changed":false},"product_cat":[11893,11667,11883],"product_tag":[],"class_list":{"0":"post-1875502","1":"product","2":"type-product","3":"status-publish","4":"has-post-thumbnail","6":"product_cat-ollas-y-cacerolas","7":"product_cat-padelle-pentole","8":"product_cat-sartenes-y-ollas","10":"first","11":"instock","12":"sale","13":"taxable","14":"shipping-taxable","15":"purchasable","16":"product-type-simple","swatches":"rey-swatches","show_selected":"","stretch_labels":"rey-swatches--stretch-labels"},"acf":[],"yoast_head":"<!-- This site is optimized with the Yoast SEO plugin v25.4 - https:\/\/yoast.com\/wordpress\/plugins\/seo\/ -->\n<title>STAUB Cocotte Coraz\u00f3n - dev6 Erresse<\/title>\n<meta name=\"description\" content=\"La cocotte en forma de coraz\u00f3n, de color rojo cereza, es la prueba de que el amor se puede servir en un plato. Esta sart\u00e9n cocina suavemente alimentos\" \/>\n<meta name=\"robots\" content=\"noindex, follow, max-snippet:-1, max-image-preview:large, max-video-preview:-1\" \/>\n<meta property=\"og:locale\" content=\"es_ES\" \/>\n<meta property=\"og:type\" content=\"article\" \/>\n<meta property=\"og:title\" content=\"STAUB Cocotte Coraz\u00f3n - dev6 Erresse\" \/>\n<meta property=\"og:description\" content=\"La cocotte en forma de coraz\u00f3n, de color rojo cereza, es la prueba de que el amor se puede servir en un plato. Esta sart\u00e9n cocina suavemente alimentos\" \/>\n<meta property=\"og:url\" content=\"https:\/\/dev6.erresse-shop.it\/es\/shop\/sartenes-y-ollas\/ollas-y-cacerolas\/staub-cocotte-corazon\/\" \/>\n<meta property=\"og:site_name\" content=\"dev6 Erresse\" \/>\n<meta property=\"og:image\" content=\"https:\/\/interpim.erresse-shop.it\/Import\/Prodotti\/products-40509798_1100006.jpeg\" \/><meta property=\"og:image\" content=\"https:\/\/interpim.erresse-shop.it\/Import\/Prodotti\/products-40509798_1100006.jpeg\" \/>\n\t<meta property=\"og:image:width\" content=\"1024\" \/>\n\t<meta property=\"og:image:height\" content=\"1024\" \/>\n\t<meta property=\"og:image:type\" content=\"image\/jpeg\" \/>\n<meta name=\"twitter:card\" content=\"summary_large_image\" \/>\n<meta name=\"twitter:image\" content=\"https:\/\/interpim.erresse-shop.it\/Import\/Prodotti\/products-40509798_1100006.jpeg\" \/>\n<script type=\"application\/ld+json\" class=\"yoast-schema-graph\">{\"@context\":\"https:\/\/schema.org\",\"@graph\":[{\"@type\":\"WebPage\",\"@id\":\"https:\/\/dev6.erresse-shop.it\/es\/shop\/sartenes-y-ollas\/ollas-y-cacerolas\/staub-cocotte-corazon\/\",\"url\":\"https:\/\/dev6.erresse-shop.it\/es\/shop\/sartenes-y-ollas\/ollas-y-cacerolas\/staub-cocotte-corazon\/\",\"name\":\"STAUB Cocotte Coraz\u00f3n - dev6 Erresse\",\"isPartOf\":{\"@id\":\"https:\/\/dev6.erresse-shop.it\/#website\"},\"primaryImageOfPage\":{\"@id\":\"https:\/\/dev6.erresse-shop.it\/es\/shop\/sartenes-y-ollas\/ollas-y-cacerolas\/staub-cocotte-corazon\/#primaryimage\"},\"image\":{\"@id\":\"https:\/\/dev6.erresse-shop.it\/es\/shop\/sartenes-y-ollas\/ollas-y-cacerolas\/staub-cocotte-corazon\/#primaryimage\"},\"thumbnailUrl\":\"https:\/\/i2.wp.com\/interpim.erresse-shop.it\/Import\/Prodotti\/products-40509798_1100006.jpeg?ssl=1\",\"datePublished\":\"2026-04-29T06:45:24+00:00\",\"description\":\"La cocotte en forma de coraz\u00f3n, de color rojo cereza, es la prueba de que el amor se puede servir en un plato. Esta sart\u00e9n cocina suavemente alimentos\",\"breadcrumb\":{\"@id\":\"https:\/\/dev6.erresse-shop.it\/es\/shop\/sartenes-y-ollas\/ollas-y-cacerolas\/staub-cocotte-corazon\/#breadcrumb\"},\"inLanguage\":\"es\",\"potentialAction\":[{\"@type\":\"ReadAction\",\"target\":[\"https:\/\/dev6.erresse-shop.it\/es\/shop\/sartenes-y-ollas\/ollas-y-cacerolas\/staub-cocotte-corazon\/\"]}]},{\"@type\":\"ImageObject\",\"inLanguage\":\"es\",\"@id\":\"https:\/\/dev6.erresse-shop.it\/es\/shop\/sartenes-y-ollas\/ollas-y-cacerolas\/staub-cocotte-corazon\/#primaryimage\",\"url\":\"https:\/\/i2.wp.com\/interpim.erresse-shop.it\/Import\/Prodotti\/products-40509798_1100006.jpeg?ssl=1\",\"contentUrl\":\"https:\/\/i2.wp.com\/interpim.erresse-shop.it\/Import\/Prodotti\/products-40509798_1100006.jpeg?ssl=1\"},{\"@type\":\"BreadcrumbList\",\"@id\":\"https:\/\/dev6.erresse-shop.it\/es\/shop\/sartenes-y-ollas\/ollas-y-cacerolas\/staub-cocotte-corazon\/#breadcrumb\",\"itemListElement\":[{\"@type\":\"ListItem\",\"position\":1,\"name\":\"Home\",\"item\":\"https:\/\/dev6.erresse-shop.it\/\"},{\"@type\":\"ListItem\",\"position\":2,\"name\":\"Tienda\",\"item\":\"https:\/\/dev6.erresse-shop.it\/shop\/\"},{\"@type\":\"ListItem\",\"position\":3,\"name\":\"STAUB Cocotte Coraz\u00f3n\"}]},{\"@type\":\"WebSite\",\"@id\":\"https:\/\/dev6.erresse-shop.it\/#website\",\"url\":\"https:\/\/dev6.erresse-shop.it\/\",\"name\":\"Erresse Shop\",\"description\":\"\",\"publisher\":{\"@id\":\"https:\/\/dev6.erresse-shop.it\/#organization\"},\"potentialAction\":[{\"@type\":\"SearchAction\",\"target\":{\"@type\":\"EntryPoint\",\"urlTemplate\":\"https:\/\/dev6.erresse-shop.it\/?s={search_term_string}\"},\"query-input\":{\"@type\":\"PropertyValueSpecification\",\"valueRequired\":true,\"valueName\":\"search_term_string\"}}],\"inLanguage\":\"es\"},{\"@type\":\"Organization\",\"@id\":\"https:\/\/dev6.erresse-shop.it\/#organization\",\"name\":\"Erresse Shop\",\"url\":\"https:\/\/dev6.erresse-shop.it\/\",\"logo\":{\"@type\":\"ImageObject\",\"inLanguage\":\"es\",\"@id\":\"https:\/\/dev6.erresse-shop.it\/#\/schema\/logo\/image\/\",\"url\":\"https:\/\/dev6.erresse-shop.it\/wp-content\/uploads\/2025\/01\/LOGO-ERRESSE-CLASSICO.svg\",\"contentUrl\":\"https:\/\/dev6.erresse-shop.it\/wp-content\/uploads\/2025\/01\/LOGO-ERRESSE-CLASSICO.svg\",\"caption\":\"Erresse Shop\"},\"image\":{\"@id\":\"https:\/\/dev6.erresse-shop.it\/#\/schema\/logo\/image\/\"}}]}<\/script>\n<!-- \/ Yoast SEO plugin. -->","yoast_head_json":{"title":"STAUB Cocotte Coraz\u00f3n - dev6 Erresse","description":"La cocotte en forma de coraz\u00f3n, de color rojo cereza, es la prueba de que el amor se puede servir en un plato. Esta sart\u00e9n cocina suavemente alimentos","robots":{"index":"noindex","follow":"follow","max-snippet":"max-snippet:-1","max-image-preview":"max-image-preview:large","max-video-preview":"max-video-preview:-1"},"og_locale":"es_ES","og_type":"article","og_title":"STAUB Cocotte Coraz\u00f3n - dev6 Erresse","og_description":"La cocotte en forma de coraz\u00f3n, de color rojo cereza, es la prueba de que el amor se puede servir en un plato. Esta sart\u00e9n cocina suavemente alimentos","og_url":"https:\/\/dev6.erresse-shop.it\/es\/shop\/sartenes-y-ollas\/ollas-y-cacerolas\/staub-cocotte-corazon\/","og_site_name":"dev6 Erresse","og_image":[{"url":"https:\/\/interpim.erresse-shop.it\/Import\/Prodotti\/products-40509798_1100006.jpeg","type":"","width":"","height":""},{"url":"https:\/\/interpim.erresse-shop.it\/Import\/Prodotti\/products-40509798_1100006.jpeg","width":1024,"height":1024,"type":"image\/jpeg"}],"twitter_card":"summary_large_image","twitter_image":"https:\/\/interpim.erresse-shop.it\/Import\/Prodotti\/products-40509798_1100006.jpeg","schema":{"@context":"https:\/\/schema.org","@graph":[{"@type":"WebPage","@id":"https:\/\/dev6.erresse-shop.it\/es\/shop\/sartenes-y-ollas\/ollas-y-cacerolas\/staub-cocotte-corazon\/","url":"https:\/\/dev6.erresse-shop.it\/es\/shop\/sartenes-y-ollas\/ollas-y-cacerolas\/staub-cocotte-corazon\/","name":"STAUB Cocotte Coraz\u00f3n - dev6 Erresse","isPartOf":{"@id":"https:\/\/dev6.erresse-shop.it\/#website"},"primaryImageOfPage":{"@id":"https:\/\/dev6.erresse-shop.it\/es\/shop\/sartenes-y-ollas\/ollas-y-cacerolas\/staub-cocotte-corazon\/#primaryimage"},"image":{"@id":"https:\/\/dev6.erresse-shop.it\/es\/shop\/sartenes-y-ollas\/ollas-y-cacerolas\/staub-cocotte-corazon\/#primaryimage"},"thumbnailUrl":"https:\/\/i2.wp.com\/interpim.erresse-shop.it\/Import\/Prodotti\/products-40509798_1100006.jpeg?ssl=1","datePublished":"2026-04-29T06:45:24+00:00","description":"La cocotte en forma de coraz\u00f3n, de color rojo cereza, es la prueba de que el amor se puede servir en un plato. Esta sart\u00e9n cocina suavemente alimentos","breadcrumb":{"@id":"https:\/\/dev6.erresse-shop.it\/es\/shop\/sartenes-y-ollas\/ollas-y-cacerolas\/staub-cocotte-corazon\/#breadcrumb"},"inLanguage":"es","potentialAction":[{"@type":"ReadAction","target":["https:\/\/dev6.erresse-shop.it\/es\/shop\/sartenes-y-ollas\/ollas-y-cacerolas\/staub-cocotte-corazon\/"]}]},{"@type":"ImageObject","inLanguage":"es","@id":"https:\/\/dev6.erresse-shop.it\/es\/shop\/sartenes-y-ollas\/ollas-y-cacerolas\/staub-cocotte-corazon\/#primaryimage","url":"https:\/\/i2.wp.com\/interpim.erresse-shop.it\/Import\/Prodotti\/products-40509798_1100006.jpeg?ssl=1","contentUrl":"https:\/\/i2.wp.com\/interpim.erresse-shop.it\/Import\/Prodotti\/products-40509798_1100006.jpeg?ssl=1"},{"@type":"BreadcrumbList","@id":"https:\/\/dev6.erresse-shop.it\/es\/shop\/sartenes-y-ollas\/ollas-y-cacerolas\/staub-cocotte-corazon\/#breadcrumb","itemListElement":[{"@type":"ListItem","position":1,"name":"Home","item":"https:\/\/dev6.erresse-shop.it\/"},{"@type":"ListItem","position":2,"name":"Tienda","item":"https:\/\/dev6.erresse-shop.it\/shop\/"},{"@type":"ListItem","position":3,"name":"STAUB Cocotte Coraz\u00f3n"}]},{"@type":"WebSite","@id":"https:\/\/dev6.erresse-shop.it\/#website","url":"https:\/\/dev6.erresse-shop.it\/","name":"Erresse Shop","description":"","publisher":{"@id":"https:\/\/dev6.erresse-shop.it\/#organization"},"potentialAction":[{"@type":"SearchAction","target":{"@type":"EntryPoint","urlTemplate":"https:\/\/dev6.erresse-shop.it\/?s={search_term_string}"},"query-input":{"@type":"PropertyValueSpecification","valueRequired":true,"valueName":"search_term_string"}}],"inLanguage":"es"},{"@type":"Organization","@id":"https:\/\/dev6.erresse-shop.it\/#organization","name":"Erresse Shop","url":"https:\/\/dev6.erresse-shop.it\/","logo":{"@type":"ImageObject","inLanguage":"es","@id":"https:\/\/dev6.erresse-shop.it\/#\/schema\/logo\/image\/","url":"https:\/\/dev6.erresse-shop.it\/wp-content\/uploads\/2025\/01\/LOGO-ERRESSE-CLASSICO.svg","contentUrl":"https:\/\/dev6.erresse-shop.it\/wp-content\/uploads\/2025\/01\/LOGO-ERRESSE-CLASSICO.svg","caption":"Erresse Shop"},"image":{"@id":"https:\/\/dev6.erresse-shop.it\/#\/schema\/logo\/image\/"}}]}},"df_price":149,"df_sale_price":149,"df_regular_price":219,"df_image_link":"https:\/\/i2.wp.com\/interpim.erresse-shop.it\/Import\/Prodotti\/products-40509798_1100006.jpeg?resize=300,300&ssl=1","fifu_image_url":"https:\/\/interpim.erresse-shop.it\/Import\/Prodotti\/products-40509798_1100006.jpeg","_links":{"self":[{"href":"https:\/\/dev6.erresse-shop.it\/es\/wp-json\/wp\/v2\/product\/1875502","targetHints":{"allow":["GET"]}}],"collection":[{"href":"https:\/\/dev6.erresse-shop.it\/es\/wp-json\/wp\/v2\/product"}],"about":[{"href":"https:\/\/dev6.erresse-shop.it\/es\/wp-json\/wp\/v2\/types\/product"}],"wp:featuredmedia":[{"embeddable":true,"href":"https:\/\/dev6.erresse-shop.it\/es\/wp-json\/wp\/v2\/media\/6946433"}],"wp:attachment":[{"href":"https:\/\/dev6.erresse-shop.it\/es\/wp-json\/wp\/v2\/media?parent=1875502"}],"wp:term":[{"taxonomy":"product_cat","embeddable":true,"href":"https:\/\/dev6.erresse-shop.it\/es\/wp-json\/wp\/v2\/product_cat?post=1875502"},{"taxonomy":"product_tag","embeddable":true,"href":"https:\/\/dev6.erresse-shop.it\/es\/wp-json\/wp\/v2\/product_tag?post=1875502"}],"curies":[{"name":"wp","href":"https:\/\/api.w.org\/{rel}","templated":true}]}}