{"id":1875468,"date":"2026-04-29T07:17:49","date_gmt":"2026-04-29T05:17:49","guid":{"rendered":"https:\/\/dev6.erresse-shop.it\/shop\/sin%20categor\u00eda\/ninja-woodfire-barbecue-electrico-con-ahumador-azul\/"},"modified":"2025-07-04T21:01:34","modified_gmt":"2025-07-04T19:01:34","slug":"ninja-woodfire-barbecue-electrico-con-ahumador-azul","status":"publish","type":"product","link":"https:\/\/dev6.erresse-shop.it\/es\/shop\/pequenos-electrodomesticos\/hornos\/ninja-woodfire-barbecue-electrico-con-ahumador-azul\/","title":{"rendered":"NINJA Woodfire Barbecue El\u00e9ctrico con ahumador Azul"},"content":{"rendered":"<p>Ti presentiamo il nostro barbecue elettrico XL con sonda integrata per affumicare, friggere ad aria e cuocere il cibo come preferisci, conferendogli il sapore naturale dell\u2019affumicatura.<br \/>\nPrepara un barbecue domenicale, un pranzo informale o semplicemente un pasto veloce infrasettimanale: non c\u2019\u00e8 alcun bisogno di controllare ripetutamente la cottura.<\/p>\n<p>Il Barbecue Elettrico e Affumicatore Ninja Woodfire Pro Connect XL ti permette di scegliere il programma di cottura che preferisci e monitorare l\u2019avanzamento della cottura direttamente dal cellulare. Assapora la libert\u00e0 e passa del tempo prezioso con famigliari e amici. Basta brutte sorprese. Non avrai pi\u00f9 bisogno di controllare ripetutamente la cottura. La cottura \u00e8 tutta nelle tue mani.<\/p>\n<p>Monitora ogni passaggio con l\u2019app Ninja Pro Connect:<br \/>\n\u2022 Tabelle di cottura programmabili: tu scegli il tuo cibo preferito, il barbecue elettrico far\u00e0 tutto il resto grazie alla sonda digitale da cucina integrata che cuoce le pietanze alla perfezione. Al sangue o appena scottate? Sei tu a decidere!<br \/>\n\u2022 Telecomando: decidi tu tempo e temperatura di cottura, poi aggiungi il sapore dell\u2019affumicato con la tecnologia Woodfire Flavour direttamente dall\u2019app.<br \/>\n\u2022 Monitoraggio dal vivo: controlla quanto tempo rimane al termine della cottura.<br \/>\n\u2022 Notifiche in tempo reale: ricevi una notifica quando \u00e8 il momento di aggiungere ingredienti, girare le pietanze e molto altro ancora.<\/p>\n<p>Espacio extra:<br \/>\nesta gran barbacoa el\u00e9ctrica de exterior tiene un 30% m\u00e1s de espacio de cocci\u00f3n*, perfecta para cocinar m\u00e1s alimentos juntos.<br \/>\nLa gran parrilla de cocci\u00f3n (45 x 31 cm) es ideal para grandes cenas y puede albergar hasta 10 hamburguesas, 40 perritos calientes, 2 filas de costillas o dos pollos enteros de 3 kg. La cesta para fre\u00edr puede contener hasta 1,8 kg de comida, ideal para patatas fritas largas, cu\u00f1as y otros platos de acompa\u00f1amiento.<\/p>\n<p>El sabor de la parrilla, la sencillez de un aparato el\u00e9ctrico, sin gas ni carb\u00f3n:<br \/>\nConsiga el mismo acabado y dorado que cocinando con una barbacoa tradicional, pero con la comodidad de la energ\u00eda el\u00e9ctrica y ahora con un term\u00f3metro integrado, para unos resultados perfectos en todo momento. Adem\u00e1s, sea cual sea el programa de cocci\u00f3n que elija, la tecnolog\u00eda Woodfire le permite dar a sus alimentos el aut\u00e9ntico sabor ahumado con una sola cucharada de pellets de madera aut\u00e9ntica.<br \/>\nFunciona con electricidad y es f\u00e1cil de usar, se calienta r\u00e1pidamente y es segura para su uso en jardines, porches, campings, balcones y otros espacios al aire libre. Sin carb\u00f3n, gas ni llamas.<\/p>\n<p>Ya no tendr\u00e1 que preocuparse por si cocina demasiado o poco:<br \/>\nEl term\u00f3metro para barbacoas integrado le permite cocinar siempre a la perfecci\u00f3n tanto la carne como el pescado. Solo tienes que introducir la sonda digital en el alimento y utilizar la app o los botones de la barbacoa el\u00e9ctrica para seleccionar el tipo de alimento y el ajuste de cocci\u00f3n preferido, para platos poco hechos o muy hechos.<br \/>\nEl sistema Smart Cook controla continuamente la temperatura interna de los alimentos y te avisa cuando est\u00e1n listos. Esto le permite relajarse mientras cocina y disfrutar de su barbacoa sin preocupaciones.<\/p>\n<p>M\u00e1s que una barbacoa, con 7 programas de cocci\u00f3n:<br \/>\n\u2013 BBQ Grill: para las cl\u00e1sicas hamburguesas, salchichas, filetes, brochetas, halloumi a la parrilla, fajitas, mazorcas de ma\u00edz y mucho m\u00e1s, con un dorado digno de una barbacoa tradicional.<br \/>\nLa barbacoa el\u00e9ctrica alcanza altas temperaturas de hasta 260\u00b0C, mientras que los elementos calefactores de la parte superior e inferior est\u00e1n equipados con un ventilador para una cocci\u00f3n uniforme.<br \/>\n\u2013 Ahumador BBQ: el ahumador integrado funciona con pellets de madera aut\u00e9ntica y proporciona el aut\u00e9ntico e intenso sabor de los alimentos ahumados gracias al ventilador de convecci\u00f3n que hace circular el calor y el humo uniformemente.<br \/>\nEl ahumado lento es perfecto para cocinar una tierna falda, costillas, pollos enteros y grandes cortes de carne con el intenso sabor de los alimentos ahumados.<\/p>\n<p>\u2013 Air Fry: hasta un 75% menos de grasa que los m\u00e9todos de fritura tradicionales**. Haz que tus guarniciones como patatas fritas y mozzarella fritas sean m\u00e1s sabrosas. Si prefieres otros platos como hamburguesas veganas, a\u00f1ade m\u00e1s crujiente sin dejar a tus invitados solos para comprobar la cocci\u00f3n.<br \/>\nCompleta la comida con deliciosos postres como s\u2019mores, pl\u00e1tanos rellenos de chocolate y pi\u00f1a caramelizada.<br \/>\n\u2013 Asado: mucho m\u00e1s que una barbacoa. Cocine un pollo entero al aire libre o acompa\u00f1e una comida con crujientes patatas asadas, pimientos rojos rellenos o filetes de coliflor asados con harissa.<br \/>\n\u2013 Hornear: para hornear pan, pasteles y postres sin dejar solos a sus comensales. Ideal para pan de ajo, focaccia de romero o un delicioso crumble de ar\u00e1ndanos.<br \/>\n\u2013 Deshidratar: ingredientes secos para carne deshidratada, aperitivos de frutos secos, hierbas secas caseras, guarniciones para c\u00f3cteles y mucho m\u00e1s.<br \/>\n\u2013 Recalentar: devuelve a las sobras el sabor de reci\u00e9n cocinadas.<\/p>\n<p>Tecnolog\u00eda Woodfire: funciona con electricidad, aromatizada con pellets de madera aut\u00e9ntica.<br \/>\nCocine los alimentos utilizando cualquier programa de cocci\u00f3n, con un sabor ahumado.<\/p>\n<p>Especialmente dise\u00f1ados para Ninja Woodfire y hechos 100% de madera maciza de alta calidad, nuestros pellets no se utilizan como combustible, sino \u00fanicamente para dar sabor a los alimentos. S\u00f3lo 1 cucharada es suficiente para llevar su barbacoa al siguiente nivel.<br \/>\nEl tama\u00f1o y la forma de los pellets est\u00e1n dise\u00f1ados para un paso \u00f3ptimo del aire y un ahumado uniforme. F\u00f3rmula de alta densidad y baja humedad: la combinaci\u00f3n perfecta para crear humo y realzar los sabores.<br \/>\n\u2013 Mezcla robusta: el rico sabor de la barbacoa cl\u00e1sica, perfecta para carne de vacuno, cerdo y pollo.<br \/>\n\u2013 Mezcla multiusos: un sabor equilibrado, suave y dulce, ideal para pescado y verduras.<br \/>\nLa barbacoa el\u00e9ctrica incluye un paquete de pellets Ninja Woodfire de cada sabor y un vaso medidor para una dosificaci\u00f3n perfecta. Se pueden adquirir paquetes adicionales de pellets directamente en el sitio web de Ninja.<\/p>\n<p>Cocine a la parrilla alimentos congelados:<br \/>\nCocina y asa alimentos congelados. Esta funci\u00f3n es ideal para una barbacoa de fin de semana de \u00faltima hora o para preparar f\u00e1cilmente salchichas y hamburguesas vegetales congeladas.<\/p>\n<p>Resistente a la intemperie:<br \/>\nDise\u00f1ada para los entornos exteriores m\u00e1s extremos, los materiales de la barbacoa Ninja Woodfire resisten los elementos y permiten su uso al aire libre durante todo el a\u00f1o. Grado de resistencia al agua IPX4.<\/p>\n<p>F\u00e1cil de limpiar:<br \/>\nLa rejilla de cocci\u00f3n antiadherente y la bandeja de goteo extra\u00edble son f\u00e1ciles de limpiar. Eche un vistazo al libro de recetas especialmente creado por un chef que se incluye en el paquete.<br \/>\nNota: el producto s\u00f3lo est\u00e1 dise\u00f1ado para uso en exteriores.<br \/>\nTambi\u00e9n disponible: el montaje perfecto de la barbacoa.<br \/>\nPerfeccione su barbacoa con nuestros accesorios especialmente dise\u00f1ados para la Ninja Woodfire Pro Connect. Elija entre nuestra plancha lisa para dorar y saltear, un impresionante set que incluye una parrilla y una plancha lisa, una parrilla de acero cromado para costillas, una parrilla de acero cromado para asar y ahumar, un malet\u00edn de barbacoa resistente a la intemperie, bandejas recogegotas, un carro de parrilla ajustable m\u00e1s una tabla lateral y bolsas de pellets Woodfire. (Todos pueden adquirirse por separado).<br \/>\n*Comparado con la serie OG700.<br \/>\n**Comprobado con patatas fritas a mano, fritas tradicionalmente en aceite espeso.<\/p>\n<p>FICHA T\u00c9CNICA:<\/p>\n<p>Aplicaci\u00f3n Pro Connect: controle su barbacoa y supervise el progreso de la cocci\u00f3n directamente desde su tel\u00e9fono m\u00f3vil<br \/>\nGran parrilla para cocinar hasta 10 hamburguesas, 6 filetes o 2 pollos enteros de 3 kg<br \/>\nSonda integrada y 7 programas: Asar, Ahumar, Fre\u00edr al aire, Hornear, Asar, Secar, Calentar<\/p>\n<p>Quema aut\u00e9nticos pellets de madera para conseguir un aut\u00e9ntico sabor ahumado<br \/>\nAlimentaci\u00f3n el\u00e9ctrica: perfecta para jardines, balcones, porches, campings y otros lugares<br \/>\nResistente a la intemperie<br \/>\nAlto: 41 cm x Ancho: 57 cm x Fondo: 51 cm<br \/>\nPeso: 18 kg<br \/>\nS\u00f3lo para uso en exteriores<br \/>\nClasificaci\u00f3n de resistencia al agua IPX4<\/p>\n<p>PAQUETE:<\/p>\n<p>Parrilla de cocci\u00f3n: 45 cm x 31 cm<br \/>\nSonda &#43; Jack para doble sonda<br \/>\nCesta para fre\u00edr<br \/>\nCuchara para pellets<br \/>\nLeccarda<br \/>\nMezcla multiusos y robusta de pellets<br \/>\nLibro de cocina<\/p>\n<p>No se vende fuera de Europa<\/p>\n","protected":false},"excerpt":{"rendered":"<p>Ti presentiamo il nostro barbecue elettrico XL con sonda integrata per affumicare, friggere ad aria e cuocere il cibo come preferisci, conferendogli il sapore naturale dell\u2019affumicatura. Prepara un barbecue domenicale, un pranzo informale o semplicemente un pasto veloce infrasettimanale: non c\u2019\u00e8 alcun bisogno di controllare ripetutamente la cottura. Il Barbecue Elettrico e Affumicatore Ninja Woodfire [&hellip;]<\/p>\n","protected":false},"featured_media":6944071,"template":"","meta":{"_acf_changed":false},"product_cat":[11761,11977,11947],"product_tag":[],"class_list":{"0":"post-1875468","1":"product","2":"type-product","3":"status-publish","4":"has-post-thumbnail","6":"product_cat-forni","7":"product_cat-hornos","8":"product_cat-pequenos-electrodomesticos","10":"first","11":"instock","12":"taxable","13":"shipping-taxable","14":"purchasable","15":"product-type-simple","swatches":"rey-swatches","show_selected":"","stretch_labels":"rey-swatches--stretch-labels"},"acf":[],"yoast_head":"<!-- This site is optimized with the Yoast SEO plugin v25.4 - https:\/\/yoast.com\/wordpress\/plugins\/seo\/ -->\n<title>NINJA Woodfire Barbecue El\u00e9ctrico con ahumador Azul - dev6 Erresse<\/title>\n<meta name=\"description\" content=\"Ti presentiamo il nostro barbecue elettrico XL con sonda integrata per affumicare, friggere ad aria e cuocere il cibo come preferisci, conferendogli il\" \/>\n<meta name=\"robots\" content=\"noindex, follow, max-snippet:-1, max-image-preview:large, max-video-preview:-1\" \/>\n<meta property=\"og:locale\" content=\"es_ES\" \/>\n<meta property=\"og:type\" content=\"article\" \/>\n<meta property=\"og:title\" content=\"NINJA Woodfire Barbecue El\u00e9ctrico con ahumador Azul - dev6 Erresse\" \/>\n<meta property=\"og:description\" content=\"Ti presentiamo il nostro barbecue elettrico XL con sonda integrata per affumicare, friggere ad aria e cuocere il cibo come preferisci, conferendogli il\" \/>\n<meta property=\"og:url\" content=\"https:\/\/dev6.erresse-shop.it\/es\/shop\/pequenos-electrodomesticos\/hornos\/ninja-woodfire-barbecue-electrico-con-ahumador-azul\/\" \/>\n<meta property=\"og:site_name\" content=\"dev6 Erresse\" \/>\n<meta property=\"og:image\" content=\"https:\/\/interpim.erresse-shop.it\/img-catalogo\/ninja\/ninja-woodfire-barbecue-e-affumicatore-blu.jpg\" \/><meta property=\"og:image\" content=\"https:\/\/interpim.erresse-shop.it\/img-catalogo\/ninja\/ninja-woodfire-barbecue-e-affumicatore-blu.jpg\" \/>\n\t<meta property=\"og:image:width\" content=\"1024\" \/>\n\t<meta property=\"og:image:height\" content=\"1024\" \/>\n\t<meta property=\"og:image:type\" content=\"image\/jpeg\" \/>\n<meta name=\"twitter:card\" content=\"summary_large_image\" \/>\n<meta name=\"twitter:image\" content=\"https:\/\/interpim.erresse-shop.it\/img-catalogo\/ninja\/ninja-woodfire-barbecue-e-affumicatore-blu.jpg\" \/>\n<script type=\"application\/ld+json\" class=\"yoast-schema-graph\">{\"@context\":\"https:\/\/schema.org\",\"@graph\":[{\"@type\":\"WebPage\",\"@id\":\"https:\/\/dev6.erresse-shop.it\/es\/shop\/pequenos-electrodomesticos\/hornos\/ninja-woodfire-barbecue-electrico-con-ahumador-azul\/\",\"url\":\"https:\/\/dev6.erresse-shop.it\/es\/shop\/pequenos-electrodomesticos\/hornos\/ninja-woodfire-barbecue-electrico-con-ahumador-azul\/\",\"name\":\"NINJA Woodfire Barbecue El\u00e9ctrico con ahumador Azul - dev6 Erresse\",\"isPartOf\":{\"@id\":\"https:\/\/dev6.erresse-shop.it\/#website\"},\"primaryImageOfPage\":{\"@id\":\"https:\/\/dev6.erresse-shop.it\/es\/shop\/pequenos-electrodomesticos\/hornos\/ninja-woodfire-barbecue-electrico-con-ahumador-azul\/#primaryimage\"},\"image\":{\"@id\":\"https:\/\/dev6.erresse-shop.it\/es\/shop\/pequenos-electrodomesticos\/hornos\/ninja-woodfire-barbecue-electrico-con-ahumador-azul\/#primaryimage\"},\"thumbnailUrl\":\"https:\/\/i3.wp.com\/interpim.erresse-shop.it\/img-catalogo\/ninja\/ninja-woodfire-barbecue-e-affumicatore-blu.jpg?ssl=1\",\"datePublished\":\"2026-04-29T05:17:49+00:00\",\"description\":\"Ti presentiamo il nostro barbecue elettrico XL con sonda integrata per affumicare, friggere ad aria e cuocere il cibo come preferisci, conferendogli il\",\"breadcrumb\":{\"@id\":\"https:\/\/dev6.erresse-shop.it\/es\/shop\/pequenos-electrodomesticos\/hornos\/ninja-woodfire-barbecue-electrico-con-ahumador-azul\/#breadcrumb\"},\"inLanguage\":\"es\",\"potentialAction\":[{\"@type\":\"ReadAction\",\"target\":[\"https:\/\/dev6.erresse-shop.it\/es\/shop\/pequenos-electrodomesticos\/hornos\/ninja-woodfire-barbecue-electrico-con-ahumador-azul\/\"]}]},{\"@type\":\"ImageObject\",\"inLanguage\":\"es\",\"@id\":\"https:\/\/dev6.erresse-shop.it\/es\/shop\/pequenos-electrodomesticos\/hornos\/ninja-woodfire-barbecue-electrico-con-ahumador-azul\/#primaryimage\",\"url\":\"https:\/\/i3.wp.com\/interpim.erresse-shop.it\/img-catalogo\/ninja\/ninja-woodfire-barbecue-e-affumicatore-blu.jpg?ssl=1\",\"contentUrl\":\"https:\/\/i3.wp.com\/interpim.erresse-shop.it\/img-catalogo\/ninja\/ninja-woodfire-barbecue-e-affumicatore-blu.jpg?ssl=1\"},{\"@type\":\"BreadcrumbList\",\"@id\":\"https:\/\/dev6.erresse-shop.it\/es\/shop\/pequenos-electrodomesticos\/hornos\/ninja-woodfire-barbecue-electrico-con-ahumador-azul\/#breadcrumb\",\"itemListElement\":[{\"@type\":\"ListItem\",\"position\":1,\"name\":\"Home\",\"item\":\"https:\/\/dev6.erresse-shop.it\/\"},{\"@type\":\"ListItem\",\"position\":2,\"name\":\"Tienda\",\"item\":\"https:\/\/dev6.erresse-shop.it\/shop\/\"},{\"@type\":\"ListItem\",\"position\":3,\"name\":\"NINJA Woodfire Barbecue El\u00e9ctrico con ahumador Azul\"}]},{\"@type\":\"WebSite\",\"@id\":\"https:\/\/dev6.erresse-shop.it\/#website\",\"url\":\"https:\/\/dev6.erresse-shop.it\/\",\"name\":\"Erresse Shop\",\"description\":\"\",\"publisher\":{\"@id\":\"https:\/\/dev6.erresse-shop.it\/#organization\"},\"potentialAction\":[{\"@type\":\"SearchAction\",\"target\":{\"@type\":\"EntryPoint\",\"urlTemplate\":\"https:\/\/dev6.erresse-shop.it\/?s={search_term_string}\"},\"query-input\":{\"@type\":\"PropertyValueSpecification\",\"valueRequired\":true,\"valueName\":\"search_term_string\"}}],\"inLanguage\":\"es\"},{\"@type\":\"Organization\",\"@id\":\"https:\/\/dev6.erresse-shop.it\/#organization\",\"name\":\"Erresse Shop\",\"url\":\"https:\/\/dev6.erresse-shop.it\/\",\"logo\":{\"@type\":\"ImageObject\",\"inLanguage\":\"es\",\"@id\":\"https:\/\/dev6.erresse-shop.it\/#\/schema\/logo\/image\/\",\"url\":\"https:\/\/dev6.erresse-shop.it\/wp-content\/uploads\/2025\/01\/LOGO-ERRESSE-CLASSICO.svg\",\"contentUrl\":\"https:\/\/dev6.erresse-shop.it\/wp-content\/uploads\/2025\/01\/LOGO-ERRESSE-CLASSICO.svg\",\"caption\":\"Erresse Shop\"},\"image\":{\"@id\":\"https:\/\/dev6.erresse-shop.it\/#\/schema\/logo\/image\/\"}}]}<\/script>\n<!-- \/ Yoast SEO plugin. -->","yoast_head_json":{"title":"NINJA Woodfire Barbecue El\u00e9ctrico con ahumador Azul - dev6 Erresse","description":"Ti presentiamo il nostro barbecue elettrico XL con sonda integrata per affumicare, friggere ad aria e cuocere il cibo come preferisci, conferendogli il","robots":{"index":"noindex","follow":"follow","max-snippet":"max-snippet:-1","max-image-preview":"max-image-preview:large","max-video-preview":"max-video-preview:-1"},"og_locale":"es_ES","og_type":"article","og_title":"NINJA Woodfire Barbecue El\u00e9ctrico con ahumador Azul - dev6 Erresse","og_description":"Ti presentiamo il nostro barbecue elettrico XL con sonda integrata per affumicare, friggere ad aria e cuocere il cibo come preferisci, conferendogli il","og_url":"https:\/\/dev6.erresse-shop.it\/es\/shop\/pequenos-electrodomesticos\/hornos\/ninja-woodfire-barbecue-electrico-con-ahumador-azul\/","og_site_name":"dev6 Erresse","og_image":[{"url":"https:\/\/interpim.erresse-shop.it\/img-catalogo\/ninja\/ninja-woodfire-barbecue-e-affumicatore-blu.jpg","type":"","width":"","height":""},{"url":"https:\/\/interpim.erresse-shop.it\/img-catalogo\/ninja\/ninja-woodfire-barbecue-e-affumicatore-blu.jpg","width":1024,"height":1024,"type":"image\/jpeg"}],"twitter_card":"summary_large_image","twitter_image":"https:\/\/interpim.erresse-shop.it\/img-catalogo\/ninja\/ninja-woodfire-barbecue-e-affumicatore-blu.jpg","schema":{"@context":"https:\/\/schema.org","@graph":[{"@type":"WebPage","@id":"https:\/\/dev6.erresse-shop.it\/es\/shop\/pequenos-electrodomesticos\/hornos\/ninja-woodfire-barbecue-electrico-con-ahumador-azul\/","url":"https:\/\/dev6.erresse-shop.it\/es\/shop\/pequenos-electrodomesticos\/hornos\/ninja-woodfire-barbecue-electrico-con-ahumador-azul\/","name":"NINJA Woodfire Barbecue El\u00e9ctrico con ahumador Azul - dev6 Erresse","isPartOf":{"@id":"https:\/\/dev6.erresse-shop.it\/#website"},"primaryImageOfPage":{"@id":"https:\/\/dev6.erresse-shop.it\/es\/shop\/pequenos-electrodomesticos\/hornos\/ninja-woodfire-barbecue-electrico-con-ahumador-azul\/#primaryimage"},"image":{"@id":"https:\/\/dev6.erresse-shop.it\/es\/shop\/pequenos-electrodomesticos\/hornos\/ninja-woodfire-barbecue-electrico-con-ahumador-azul\/#primaryimage"},"thumbnailUrl":"https:\/\/i3.wp.com\/interpim.erresse-shop.it\/img-catalogo\/ninja\/ninja-woodfire-barbecue-e-affumicatore-blu.jpg?ssl=1","datePublished":"2026-04-29T05:17:49+00:00","description":"Ti presentiamo il nostro barbecue elettrico XL con sonda integrata per affumicare, friggere ad aria e cuocere il cibo come preferisci, conferendogli il","breadcrumb":{"@id":"https:\/\/dev6.erresse-shop.it\/es\/shop\/pequenos-electrodomesticos\/hornos\/ninja-woodfire-barbecue-electrico-con-ahumador-azul\/#breadcrumb"},"inLanguage":"es","potentialAction":[{"@type":"ReadAction","target":["https:\/\/dev6.erresse-shop.it\/es\/shop\/pequenos-electrodomesticos\/hornos\/ninja-woodfire-barbecue-electrico-con-ahumador-azul\/"]}]},{"@type":"ImageObject","inLanguage":"es","@id":"https:\/\/dev6.erresse-shop.it\/es\/shop\/pequenos-electrodomesticos\/hornos\/ninja-woodfire-barbecue-electrico-con-ahumador-azul\/#primaryimage","url":"https:\/\/i3.wp.com\/interpim.erresse-shop.it\/img-catalogo\/ninja\/ninja-woodfire-barbecue-e-affumicatore-blu.jpg?ssl=1","contentUrl":"https:\/\/i3.wp.com\/interpim.erresse-shop.it\/img-catalogo\/ninja\/ninja-woodfire-barbecue-e-affumicatore-blu.jpg?ssl=1"},{"@type":"BreadcrumbList","@id":"https:\/\/dev6.erresse-shop.it\/es\/shop\/pequenos-electrodomesticos\/hornos\/ninja-woodfire-barbecue-electrico-con-ahumador-azul\/#breadcrumb","itemListElement":[{"@type":"ListItem","position":1,"name":"Home","item":"https:\/\/dev6.erresse-shop.it\/"},{"@type":"ListItem","position":2,"name":"Tienda","item":"https:\/\/dev6.erresse-shop.it\/shop\/"},{"@type":"ListItem","position":3,"name":"NINJA Woodfire Barbecue El\u00e9ctrico con ahumador Azul"}]},{"@type":"WebSite","@id":"https:\/\/dev6.erresse-shop.it\/#website","url":"https:\/\/dev6.erresse-shop.it\/","name":"Erresse Shop","description":"","publisher":{"@id":"https:\/\/dev6.erresse-shop.it\/#organization"},"potentialAction":[{"@type":"SearchAction","target":{"@type":"EntryPoint","urlTemplate":"https:\/\/dev6.erresse-shop.it\/?s={search_term_string}"},"query-input":{"@type":"PropertyValueSpecification","valueRequired":true,"valueName":"search_term_string"}}],"inLanguage":"es"},{"@type":"Organization","@id":"https:\/\/dev6.erresse-shop.it\/#organization","name":"Erresse Shop","url":"https:\/\/dev6.erresse-shop.it\/","logo":{"@type":"ImageObject","inLanguage":"es","@id":"https:\/\/dev6.erresse-shop.it\/#\/schema\/logo\/image\/","url":"https:\/\/dev6.erresse-shop.it\/wp-content\/uploads\/2025\/01\/LOGO-ERRESSE-CLASSICO.svg","contentUrl":"https:\/\/dev6.erresse-shop.it\/wp-content\/uploads\/2025\/01\/LOGO-ERRESSE-CLASSICO.svg","caption":"Erresse Shop"},"image":{"@id":"https:\/\/dev6.erresse-shop.it\/#\/schema\/logo\/image\/"}}]}},"df_price":399.99,"df_sale_price":"","df_regular_price":399.99,"df_image_link":"https:\/\/i3.wp.com\/interpim.erresse-shop.it\/img-catalogo\/ninja\/ninja-woodfire-barbecue-e-affumicatore-blu.jpg?resize=300,300&ssl=1","fifu_image_url":"https:\/\/interpim.erresse-shop.it\/img-catalogo\/ninja\/ninja-woodfire-barbecue-e-affumicatore-blu.jpg","_links":{"self":[{"href":"https:\/\/dev6.erresse-shop.it\/es\/wp-json\/wp\/v2\/product\/1875468","targetHints":{"allow":["GET"]}}],"collection":[{"href":"https:\/\/dev6.erresse-shop.it\/es\/wp-json\/wp\/v2\/product"}],"about":[{"href":"https:\/\/dev6.erresse-shop.it\/es\/wp-json\/wp\/v2\/types\/product"}],"wp:featuredmedia":[{"embeddable":true,"href":"https:\/\/dev6.erresse-shop.it\/es\/wp-json\/wp\/v2\/media\/6944071"}],"wp:attachment":[{"href":"https:\/\/dev6.erresse-shop.it\/es\/wp-json\/wp\/v2\/media?parent=1875468"}],"wp:term":[{"taxonomy":"product_cat","embeddable":true,"href":"https:\/\/dev6.erresse-shop.it\/es\/wp-json\/wp\/v2\/product_cat?post=1875468"},{"taxonomy":"product_tag","embeddable":true,"href":"https:\/\/dev6.erresse-shop.it\/es\/wp-json\/wp\/v2\/product_tag?post=1875468"}],"curies":[{"name":"wp","href":"https:\/\/api.w.org\/{rel}","templated":true}]}}