{"id":1875462,"date":"2026-04-10T08:42:31","date_gmt":"2026-04-10T06:42:31","guid":{"rendered":"https:\/\/dev6.erresse-shop.it\/shop\/sin%20categor\u00eda\/ninja-heladera-creami\/"},"modified":"2025-07-04T21:01:30","modified_gmt":"2025-07-04T19:01:30","slug":"ninja-heladera-creami","status":"publish","type":"product","link":"https:\/\/dev6.erresse-shop.it\/es\/shop\/pequenos-electrodomesticos\/heladeras\/ninja-heladera-creami\/","title":{"rendered":"NINJA Heladera Creami"},"content":{"rendered":"<p>M\u00e1quina de helados con 7 programas seleccionables mediante mandos de pantalla t\u00e1ctil: helado, helado artesano a la italiana, sorbete, smoothie bowl, helado light, batido y a\u00f1adidos extra. Accesorios aptos para lavavajillas. Incluye 3 cestas para preparar hasta 1,4 L de sabroso helado.<br \/>\nCree y personalice deliciosos manjares caseros como a usted le gustan. Disfrute de helados exquisitos, helados cremosos, batidos incre\u00edbles, sorbetes de frutas del bosque, yogur helado, smoothie bowls sin remordimientos y mucho m\u00e1s.<br \/>\nS\u00f3lo tiene que llenar la cesta con los ingredientes, congelar durante 24 horas y batir a la perfecci\u00f3n en cuesti\u00f3n de minutos. Exagerados, bajos en az\u00facar, sin l\u00e1cteos o veganos: \u00a1t\u00fa eliges!<br \/>\nUtilice el programa Extra para personalizar su delicia, distribuyendo uniformemente trocitos de chocolate, caramelos, avellanas y galletas desmenuzadas por toda la cesta con precisi\u00f3n y control.<br \/>\nM\u00e1s que helado: crea bebidas, postres y golosinas para cualquier momento del d\u00eda con los 6 programas predefinidos: Helado, Helado Artesano, Sorbete, Smoothie Bowl, Helado Light y Batido.<br \/>\nLos componentes extra\u00edbles se pueden lavar en el lavavajillas para facilitar su limpieza.<\/p>\n<p>FICHA T\u00c9CNICA:<\/p>\n<p>Color: Negro\/Gris<\/p>\n<p>Peso del producto: 6,4 kg<\/p>\n<p>Garant\u00eda: 2 a\u00f1os<\/p>\n<p>Pies antideslizantes: s\u00ed<\/p>\n<p>Dimensiones del producto (cm): H 40,5 cm X A 16,5 cm X P 27 cm<\/p>\n<p>Programas\/Funciones:<\/p>\n<p>1. 1. Helado<\/p>\n<p>2. Gelato light<\/p>\n<p>3. Helado artesano<\/p>\n<p>4. Sorbete<\/p>\n<p>5. Smoothie bowl<\/p>\n<p>6. Batido<\/p>\n<p>CONTIENE:<\/p>\n<p>Base con motor de 800 W<\/p>\n<p>3 x Cestas de postre con tapa<\/p>\n<p>1 x Recipiente exterior y tapa<\/p>\n<p>1 x Paleta mezcladora<\/p>\n<p>No se vende fuera de Europa<\/p>\n","protected":false},"excerpt":{"rendered":"<p>M\u00e1quina de helados con 7 programas seleccionables mediante mandos de pantalla t\u00e1ctil: helado, helado artesano a la italiana, sorbete, smoothie bowl, helado light, batido y a\u00f1adidos extra. Accesorios aptos para lavavajillas. Incluye 3 cestas para preparar hasta 1,4 L de sabroso helado. Cree y personalice deliciosos manjares caseros como a usted le gustan. Disfrute de [&hellip;]<\/p>\n","protected":false},"featured_media":6298615,"template":"","meta":{"_acf_changed":false},"product_cat":[11738,11954,11947],"product_tag":[],"class_list":{"0":"post-1875462","1":"product","2":"type-product","3":"status-publish","4":"has-post-thumbnail","6":"product_cat-gelatiere","7":"product_cat-heladeras","8":"product_cat-pequenos-electrodomesticos","10":"first","11":"instock","12":"taxable","13":"shipping-taxable","14":"purchasable","15":"product-type-simple","swatches":"rey-swatches","show_selected":"","stretch_labels":"rey-swatches--stretch-labels"},"acf":[],"yoast_head":"<!-- This site is optimized with the Yoast SEO plugin v25.4 - https:\/\/yoast.com\/wordpress\/plugins\/seo\/ -->\n<title>NINJA Heladera Creami - dev6 Erresse<\/title>\n<meta name=\"description\" content=\"M\u00e1quina de helados con 7 programas seleccionables mediante mandos de pantalla t\u00e1ctil: helado, helado artesano a la italiana, sorbete, smoothie bowl,\" \/>\n<meta name=\"robots\" content=\"noindex, follow, max-snippet:-1, max-image-preview:large, max-video-preview:-1\" \/>\n<meta property=\"og:locale\" content=\"es_ES\" \/>\n<meta property=\"og:type\" content=\"article\" \/>\n<meta property=\"og:title\" content=\"NINJA Heladera Creami - dev6 Erresse\" \/>\n<meta property=\"og:description\" content=\"M\u00e1quina de helados con 7 programas seleccionables mediante mandos de pantalla t\u00e1ctil: helado, helado artesano a la italiana, sorbete, smoothie bowl,\" \/>\n<meta property=\"og:url\" content=\"https:\/\/dev6.erresse-shop.it\/es\/shop\/pequenos-electrodomesticos\/heladeras\/ninja-heladera-creami\/\" \/>\n<meta property=\"og:site_name\" content=\"dev6 Erresse\" \/>\n<meta property=\"og:image\" content=\"https:\/\/interpim.erresse-shop.it\/wp-content\/uploads\/2024\/03\/NINJA-Creami-Gelatiera.jpg\/ninja-creami-gelatiera.jpg\" \/><meta property=\"og:image\" content=\"https:\/\/interpim.erresse-shop.it\/wp-content\/uploads\/2024\/03\/NINJA-Creami-Gelatiera.jpg\/ninja-creami-gelatiera.jpg\" \/>\n\t<meta property=\"og:image:width\" content=\"1024\" \/>\n\t<meta property=\"og:image:height\" content=\"1024\" \/>\n\t<meta property=\"og:image:type\" content=\"image\/jpeg\" \/>\n<meta name=\"twitter:card\" content=\"summary_large_image\" \/>\n<meta name=\"twitter:image\" content=\"https:\/\/interpim.erresse-shop.it\/wp-content\/uploads\/2024\/03\/NINJA-Creami-Gelatiera.jpg\/ninja-creami-gelatiera.jpg\" \/>\n<script type=\"application\/ld+json\" class=\"yoast-schema-graph\">{\"@context\":\"https:\/\/schema.org\",\"@graph\":[{\"@type\":\"WebPage\",\"@id\":\"https:\/\/dev6.erresse-shop.it\/es\/shop\/pequenos-electrodomesticos\/heladeras\/ninja-heladera-creami\/\",\"url\":\"https:\/\/dev6.erresse-shop.it\/es\/shop\/pequenos-electrodomesticos\/heladeras\/ninja-heladera-creami\/\",\"name\":\"NINJA Heladera Creami - dev6 Erresse\",\"isPartOf\":{\"@id\":\"https:\/\/dev6.erresse-shop.it\/#website\"},\"primaryImageOfPage\":{\"@id\":\"https:\/\/dev6.erresse-shop.it\/es\/shop\/pequenos-electrodomesticos\/heladeras\/ninja-heladera-creami\/#primaryimage\"},\"image\":{\"@id\":\"https:\/\/dev6.erresse-shop.it\/es\/shop\/pequenos-electrodomesticos\/heladeras\/ninja-heladera-creami\/#primaryimage\"},\"thumbnailUrl\":\"https:\/\/i0.wp.com\/interpim.erresse-shop.it\/wp-content\/uploads\/2024\/03\/NINJA-Creami-Gelatiera.jpg\/ninja-creami-gelatiera.jpg?ssl=1\",\"datePublished\":\"2026-04-10T06:42:31+00:00\",\"description\":\"M\u00e1quina de helados con 7 programas seleccionables mediante mandos de pantalla t\u00e1ctil: helado, helado artesano a la italiana, sorbete, smoothie bowl,\",\"breadcrumb\":{\"@id\":\"https:\/\/dev6.erresse-shop.it\/es\/shop\/pequenos-electrodomesticos\/heladeras\/ninja-heladera-creami\/#breadcrumb\"},\"inLanguage\":\"es\",\"potentialAction\":[{\"@type\":\"ReadAction\",\"target\":[\"https:\/\/dev6.erresse-shop.it\/es\/shop\/pequenos-electrodomesticos\/heladeras\/ninja-heladera-creami\/\"]}]},{\"@type\":\"ImageObject\",\"inLanguage\":\"es\",\"@id\":\"https:\/\/dev6.erresse-shop.it\/es\/shop\/pequenos-electrodomesticos\/heladeras\/ninja-heladera-creami\/#primaryimage\",\"url\":\"https:\/\/i0.wp.com\/interpim.erresse-shop.it\/wp-content\/uploads\/2024\/03\/NINJA-Creami-Gelatiera.jpg\/ninja-creami-gelatiera.jpg?ssl=1\",\"contentUrl\":\"https:\/\/i0.wp.com\/interpim.erresse-shop.it\/wp-content\/uploads\/2024\/03\/NINJA-Creami-Gelatiera.jpg\/ninja-creami-gelatiera.jpg?ssl=1\"},{\"@type\":\"BreadcrumbList\",\"@id\":\"https:\/\/dev6.erresse-shop.it\/es\/shop\/pequenos-electrodomesticos\/heladeras\/ninja-heladera-creami\/#breadcrumb\",\"itemListElement\":[{\"@type\":\"ListItem\",\"position\":1,\"name\":\"Home\",\"item\":\"https:\/\/dev6.erresse-shop.it\/\"},{\"@type\":\"ListItem\",\"position\":2,\"name\":\"Tienda\",\"item\":\"https:\/\/dev6.erresse-shop.it\/shop\/\"},{\"@type\":\"ListItem\",\"position\":3,\"name\":\"NINJA Heladera Creami\"}]},{\"@type\":\"WebSite\",\"@id\":\"https:\/\/dev6.erresse-shop.it\/#website\",\"url\":\"https:\/\/dev6.erresse-shop.it\/\",\"name\":\"Erresse Shop\",\"description\":\"\",\"publisher\":{\"@id\":\"https:\/\/dev6.erresse-shop.it\/#organization\"},\"potentialAction\":[{\"@type\":\"SearchAction\",\"target\":{\"@type\":\"EntryPoint\",\"urlTemplate\":\"https:\/\/dev6.erresse-shop.it\/?s={search_term_string}\"},\"query-input\":{\"@type\":\"PropertyValueSpecification\",\"valueRequired\":true,\"valueName\":\"search_term_string\"}}],\"inLanguage\":\"es\"},{\"@type\":\"Organization\",\"@id\":\"https:\/\/dev6.erresse-shop.it\/#organization\",\"name\":\"Erresse Shop\",\"url\":\"https:\/\/dev6.erresse-shop.it\/\",\"logo\":{\"@type\":\"ImageObject\",\"inLanguage\":\"es\",\"@id\":\"https:\/\/dev6.erresse-shop.it\/#\/schema\/logo\/image\/\",\"url\":\"https:\/\/dev6.erresse-shop.it\/wp-content\/uploads\/2025\/01\/LOGO-ERRESSE-CLASSICO.svg\",\"contentUrl\":\"https:\/\/dev6.erresse-shop.it\/wp-content\/uploads\/2025\/01\/LOGO-ERRESSE-CLASSICO.svg\",\"caption\":\"Erresse Shop\"},\"image\":{\"@id\":\"https:\/\/dev6.erresse-shop.it\/#\/schema\/logo\/image\/\"}}]}<\/script>\n<!-- \/ Yoast SEO plugin. -->","yoast_head_json":{"title":"NINJA Heladera Creami - dev6 Erresse","description":"M\u00e1quina de helados con 7 programas seleccionables mediante mandos de pantalla t\u00e1ctil: helado, helado artesano a la italiana, sorbete, smoothie bowl,","robots":{"index":"noindex","follow":"follow","max-snippet":"max-snippet:-1","max-image-preview":"max-image-preview:large","max-video-preview":"max-video-preview:-1"},"og_locale":"es_ES","og_type":"article","og_title":"NINJA Heladera Creami - dev6 Erresse","og_description":"M\u00e1quina de helados con 7 programas seleccionables mediante mandos de pantalla t\u00e1ctil: helado, helado artesano a la italiana, sorbete, smoothie bowl,","og_url":"https:\/\/dev6.erresse-shop.it\/es\/shop\/pequenos-electrodomesticos\/heladeras\/ninja-heladera-creami\/","og_site_name":"dev6 Erresse","og_image":[{"url":"https:\/\/interpim.erresse-shop.it\/wp-content\/uploads\/2024\/03\/NINJA-Creami-Gelatiera.jpg\/ninja-creami-gelatiera.jpg","type":"","width":"","height":""},{"url":"https:\/\/interpim.erresse-shop.it\/wp-content\/uploads\/2024\/03\/NINJA-Creami-Gelatiera.jpg\/ninja-creami-gelatiera.jpg","width":1024,"height":1024,"type":"image\/jpeg"}],"twitter_card":"summary_large_image","twitter_image":"https:\/\/interpim.erresse-shop.it\/wp-content\/uploads\/2024\/03\/NINJA-Creami-Gelatiera.jpg\/ninja-creami-gelatiera.jpg","schema":{"@context":"https:\/\/schema.org","@graph":[{"@type":"WebPage","@id":"https:\/\/dev6.erresse-shop.it\/es\/shop\/pequenos-electrodomesticos\/heladeras\/ninja-heladera-creami\/","url":"https:\/\/dev6.erresse-shop.it\/es\/shop\/pequenos-electrodomesticos\/heladeras\/ninja-heladera-creami\/","name":"NINJA Heladera Creami - dev6 Erresse","isPartOf":{"@id":"https:\/\/dev6.erresse-shop.it\/#website"},"primaryImageOfPage":{"@id":"https:\/\/dev6.erresse-shop.it\/es\/shop\/pequenos-electrodomesticos\/heladeras\/ninja-heladera-creami\/#primaryimage"},"image":{"@id":"https:\/\/dev6.erresse-shop.it\/es\/shop\/pequenos-electrodomesticos\/heladeras\/ninja-heladera-creami\/#primaryimage"},"thumbnailUrl":"https:\/\/i0.wp.com\/interpim.erresse-shop.it\/wp-content\/uploads\/2024\/03\/NINJA-Creami-Gelatiera.jpg\/ninja-creami-gelatiera.jpg?ssl=1","datePublished":"2026-04-10T06:42:31+00:00","description":"M\u00e1quina de helados con 7 programas seleccionables mediante mandos de pantalla t\u00e1ctil: helado, helado artesano a la italiana, sorbete, smoothie bowl,","breadcrumb":{"@id":"https:\/\/dev6.erresse-shop.it\/es\/shop\/pequenos-electrodomesticos\/heladeras\/ninja-heladera-creami\/#breadcrumb"},"inLanguage":"es","potentialAction":[{"@type":"ReadAction","target":["https:\/\/dev6.erresse-shop.it\/es\/shop\/pequenos-electrodomesticos\/heladeras\/ninja-heladera-creami\/"]}]},{"@type":"ImageObject","inLanguage":"es","@id":"https:\/\/dev6.erresse-shop.it\/es\/shop\/pequenos-electrodomesticos\/heladeras\/ninja-heladera-creami\/#primaryimage","url":"https:\/\/i0.wp.com\/interpim.erresse-shop.it\/wp-content\/uploads\/2024\/03\/NINJA-Creami-Gelatiera.jpg\/ninja-creami-gelatiera.jpg?ssl=1","contentUrl":"https:\/\/i0.wp.com\/interpim.erresse-shop.it\/wp-content\/uploads\/2024\/03\/NINJA-Creami-Gelatiera.jpg\/ninja-creami-gelatiera.jpg?ssl=1"},{"@type":"BreadcrumbList","@id":"https:\/\/dev6.erresse-shop.it\/es\/shop\/pequenos-electrodomesticos\/heladeras\/ninja-heladera-creami\/#breadcrumb","itemListElement":[{"@type":"ListItem","position":1,"name":"Home","item":"https:\/\/dev6.erresse-shop.it\/"},{"@type":"ListItem","position":2,"name":"Tienda","item":"https:\/\/dev6.erresse-shop.it\/shop\/"},{"@type":"ListItem","position":3,"name":"NINJA Heladera Creami"}]},{"@type":"WebSite","@id":"https:\/\/dev6.erresse-shop.it\/#website","url":"https:\/\/dev6.erresse-shop.it\/","name":"Erresse Shop","description":"","publisher":{"@id":"https:\/\/dev6.erresse-shop.it\/#organization"},"potentialAction":[{"@type":"SearchAction","target":{"@type":"EntryPoint","urlTemplate":"https:\/\/dev6.erresse-shop.it\/?s={search_term_string}"},"query-input":{"@type":"PropertyValueSpecification","valueRequired":true,"valueName":"search_term_string"}}],"inLanguage":"es"},{"@type":"Organization","@id":"https:\/\/dev6.erresse-shop.it\/#organization","name":"Erresse Shop","url":"https:\/\/dev6.erresse-shop.it\/","logo":{"@type":"ImageObject","inLanguage":"es","@id":"https:\/\/dev6.erresse-shop.it\/#\/schema\/logo\/image\/","url":"https:\/\/dev6.erresse-shop.it\/wp-content\/uploads\/2025\/01\/LOGO-ERRESSE-CLASSICO.svg","contentUrl":"https:\/\/dev6.erresse-shop.it\/wp-content\/uploads\/2025\/01\/LOGO-ERRESSE-CLASSICO.svg","caption":"Erresse Shop"},"image":{"@id":"https:\/\/dev6.erresse-shop.it\/#\/schema\/logo\/image\/"}}]}},"df_price":229.99,"df_sale_price":"","df_regular_price":229.99,"df_image_link":"https:\/\/i0.wp.com\/interpim.erresse-shop.it\/wp-content\/uploads\/2024\/03\/NINJA-Creami-Gelatiera.jpg\/ninja-creami-gelatiera.jpg?resize=300,300&ssl=1","fifu_image_url":"https:\/\/interpim.erresse-shop.it\/wp-content\/uploads\/2024\/03\/NINJA-Creami-Gelatiera.jpg\/ninja-creami-gelatiera.jpg","_links":{"self":[{"href":"https:\/\/dev6.erresse-shop.it\/es\/wp-json\/wp\/v2\/product\/1875462","targetHints":{"allow":["GET"]}}],"collection":[{"href":"https:\/\/dev6.erresse-shop.it\/es\/wp-json\/wp\/v2\/product"}],"about":[{"href":"https:\/\/dev6.erresse-shop.it\/es\/wp-json\/wp\/v2\/types\/product"}],"wp:featuredmedia":[{"embeddable":true,"href":"https:\/\/dev6.erresse-shop.it\/es\/wp-json\/wp\/v2\/media\/6298615"}],"wp:attachment":[{"href":"https:\/\/dev6.erresse-shop.it\/es\/wp-json\/wp\/v2\/media?parent=1875462"}],"wp:term":[{"taxonomy":"product_cat","embeddable":true,"href":"https:\/\/dev6.erresse-shop.it\/es\/wp-json\/wp\/v2\/product_cat?post=1875462"},{"taxonomy":"product_tag","embeddable":true,"href":"https:\/\/dev6.erresse-shop.it\/es\/wp-json\/wp\/v2\/product_tag?post=1875462"}],"curies":[{"name":"wp","href":"https:\/\/api.w.org\/{rel}","templated":true}]}}