{"id":1875460,"date":"2026-04-04T08:02:52","date_gmt":"2026-04-04T06:02:52","guid":{"rendered":"https:\/\/dev6.erresse-shop.it\/shop\/sin%20categor\u00eda\/ninja-barbecue-electrico-con-ahumador-de-lena\/"},"modified":"2025-07-04T21:01:28","modified_gmt":"2025-07-04T19:01:28","slug":"ninja-barbecue-electrico-con-ahumador-de-lena","status":"publish","type":"product","link":"https:\/\/dev6.erresse-shop.it\/es\/shop\/pequenos-electrodomesticos\/hornos\/ninja-barbecue-electrico-con-ahumador-de-lena\/","title":{"rendered":"NINJA Barbecue El\u00e9ctrico con ahumador de le\u00f1a"},"content":{"rendered":"<p>Barbacoa el\u00e9ctrica, ahumador y freidora de aire exterior con 7 funciones de cocci\u00f3n. F\u00e1cil de usar: sin carb\u00f3n, gas ni llamas.<\/p>\n<p>UNA NUEVA FORMA DE COCINAR AL AIRE LIBRE: barbacoa, ahumador y freidora de aire para exteriores con 7 funciones de cocci\u00f3n.<\/p>\n<p>EL SABOR DE LA PARRILLA, LA SENCILLEZ DE UN APARATO EL\u00c9CTRICO: Gracias a su alimentaci\u00f3n el\u00e9ctrica, siempre est\u00e1 listo para usar. Disfrute del sabor del carb\u00f3n y de aut\u00e9nticos aromas ahumados con la tecnolog\u00eda Woodfire<\/p>\n<p>TECNOLOG\u00cdA WOODFIRE: Realce los sabores con el ahumador integrado que quema aut\u00e9nticos pellets de madera para ofrecerle el aut\u00e9ntico sabor de la cocina de le\u00f1a<\/p>\n<p>PARRILLA DONDE QUIERAS: Perfecta para jardines, balcones, porches y campings. Resistente a la intemperie, puede guardarse al aire libre todo el a\u00f1o.<\/p>\n<p>FICHA T\u00c9CNICA:<\/p>\n<p>Color: Gris\/Negro<\/p>\n<p>Longitud del cable: 1,6 metros<\/p>\n<p>Temporizador: S\u00ed<\/p>\n<p>7 programas\/funciones: Grill-Ahumador-Aire Fre\u00edr-Asar-Hornear-Recalentar-Deshidratar<\/p>\n<p>Temperatura: Hasta 260\u00b0C<\/p>\n<p>Tama\u00f1o de la parrilla: 28 cm x 38 cm<\/p>\n<p>PAQUETE:<\/p>\n<p>Barbacoa Ninja Woodfire<\/p>\n<p>1 placa de parrilla<\/p>\n<p>2 paquetes de pellets (2 sabores diferentes)<\/p>\n<p>Cuchara para pellets<\/p>\n<p>1 ahumador extra\u00edble<\/p>\n<p>1 bandeja de goteo<\/p>\n<p>1 cesta para fre\u00edr<\/p>\n<p>Gu\u00eda r\u00e1pida y libro de recetas<\/p>\n<p>Manual de instrucciones<\/p>\n<p>No se vende fuera de Europa<\/p>\n","protected":false},"excerpt":{"rendered":"<p>Barbacoa el\u00e9ctrica, ahumador y freidora de aire exterior con 7 funciones de cocci\u00f3n. F\u00e1cil de usar: sin carb\u00f3n, gas ni llamas. UNA NUEVA FORMA DE COCINAR AL AIRE LIBRE: barbacoa, ahumador y freidora de aire para exteriores con 7 funciones de cocci\u00f3n. EL SABOR DE LA PARRILLA, LA SENCILLEZ DE UN APARATO EL\u00c9CTRICO: Gracias a [&hellip;]<\/p>\n","protected":false},"featured_media":6256921,"template":"","meta":{"_acf_changed":false},"product_cat":[11761,11977,11947],"product_tag":[],"class_list":{"0":"post-1875460","1":"product","2":"type-product","3":"status-publish","4":"has-post-thumbnail","6":"product_cat-forni","7":"product_cat-hornos","8":"product_cat-pequenos-electrodomesticos","10":"first","11":"instock","12":"taxable","13":"shipping-taxable","14":"product-type-simple","swatches":"rey-swatches","show_selected":"","stretch_labels":"rey-swatches--stretch-labels"},"acf":[],"yoast_head":"<!-- This site is optimized with the Yoast SEO plugin v25.4 - https:\/\/yoast.com\/wordpress\/plugins\/seo\/ -->\n<title>NINJA Barbecue El\u00e9ctrico con ahumador de le\u00f1a - dev6 Erresse<\/title>\n<meta name=\"description\" content=\"Barbacoa el\u00e9ctrica, ahumador y freidora de aire exterior con 7 funciones de cocci\u00f3n. F\u00e1cil de usar: sin carb\u00f3n, gas ni llamas. UNA NUEVA FORMA DE COCINAR\" \/>\n<meta name=\"robots\" content=\"noindex, follow, max-snippet:-1, max-image-preview:large, max-video-preview:-1\" \/>\n<meta property=\"og:locale\" content=\"es_ES\" \/>\n<meta property=\"og:type\" content=\"article\" \/>\n<meta property=\"og:title\" content=\"NINJA Barbecue El\u00e9ctrico con ahumador de le\u00f1a - dev6 Erresse\" \/>\n<meta property=\"og:description\" content=\"Barbacoa el\u00e9ctrica, ahumador y freidora de aire exterior con 7 funciones de cocci\u00f3n. F\u00e1cil de usar: sin carb\u00f3n, gas ni llamas. UNA NUEVA FORMA DE COCINAR\" \/>\n<meta property=\"og:url\" content=\"https:\/\/dev6.erresse-shop.it\/es\/shop\/pequenos-electrodomesticos\/hornos\/ninja-barbecue-electrico-con-ahumador-de-lena\/\" \/>\n<meta property=\"og:site_name\" content=\"dev6 Erresse\" \/>\n<meta property=\"og:image\" content=\"https:\/\/interpim.erresse-shop.it\/img-catalogo\/ninja\/ninja-woodfire-barbecue-elettrico-con-affumicatore.jpg\" \/><meta property=\"og:image\" content=\"https:\/\/interpim.erresse-shop.it\/img-catalogo\/ninja\/ninja-woodfire-barbecue-elettrico-con-affumicatore.jpg\" \/>\n\t<meta property=\"og:image:width\" content=\"1024\" \/>\n\t<meta property=\"og:image:height\" content=\"1024\" \/>\n\t<meta property=\"og:image:type\" content=\"image\/jpeg\" \/>\n<meta name=\"twitter:card\" content=\"summary_large_image\" \/>\n<meta name=\"twitter:image\" content=\"https:\/\/interpim.erresse-shop.it\/img-catalogo\/ninja\/ninja-woodfire-barbecue-elettrico-con-affumicatore.jpg\" \/>\n<script type=\"application\/ld+json\" class=\"yoast-schema-graph\">{\"@context\":\"https:\/\/schema.org\",\"@graph\":[{\"@type\":\"WebPage\",\"@id\":\"https:\/\/dev6.erresse-shop.it\/es\/shop\/pequenos-electrodomesticos\/hornos\/ninja-barbecue-electrico-con-ahumador-de-lena\/\",\"url\":\"https:\/\/dev6.erresse-shop.it\/es\/shop\/pequenos-electrodomesticos\/hornos\/ninja-barbecue-electrico-con-ahumador-de-lena\/\",\"name\":\"NINJA Barbecue El\u00e9ctrico con ahumador de le\u00f1a - dev6 Erresse\",\"isPartOf\":{\"@id\":\"https:\/\/dev6.erresse-shop.it\/#website\"},\"primaryImageOfPage\":{\"@id\":\"https:\/\/dev6.erresse-shop.it\/es\/shop\/pequenos-electrodomesticos\/hornos\/ninja-barbecue-electrico-con-ahumador-de-lena\/#primaryimage\"},\"image\":{\"@id\":\"https:\/\/dev6.erresse-shop.it\/es\/shop\/pequenos-electrodomesticos\/hornos\/ninja-barbecue-electrico-con-ahumador-de-lena\/#primaryimage\"},\"thumbnailUrl\":\"https:\/\/i0.wp.com\/interpim.erresse-shop.it\/img-catalogo\/ninja\/ninja-woodfire-barbecue-elettrico-con-affumicatore.jpg?ssl=1\",\"datePublished\":\"2026-04-04T06:02:52+00:00\",\"description\":\"Barbacoa el\u00e9ctrica, ahumador y freidora de aire exterior con 7 funciones de cocci\u00f3n. F\u00e1cil de usar: sin carb\u00f3n, gas ni llamas. UNA NUEVA FORMA DE COCINAR\",\"breadcrumb\":{\"@id\":\"https:\/\/dev6.erresse-shop.it\/es\/shop\/pequenos-electrodomesticos\/hornos\/ninja-barbecue-electrico-con-ahumador-de-lena\/#breadcrumb\"},\"inLanguage\":\"es\",\"potentialAction\":[{\"@type\":\"ReadAction\",\"target\":[\"https:\/\/dev6.erresse-shop.it\/es\/shop\/pequenos-electrodomesticos\/hornos\/ninja-barbecue-electrico-con-ahumador-de-lena\/\"]}]},{\"@type\":\"ImageObject\",\"inLanguage\":\"es\",\"@id\":\"https:\/\/dev6.erresse-shop.it\/es\/shop\/pequenos-electrodomesticos\/hornos\/ninja-barbecue-electrico-con-ahumador-de-lena\/#primaryimage\",\"url\":\"https:\/\/i0.wp.com\/interpim.erresse-shop.it\/img-catalogo\/ninja\/ninja-woodfire-barbecue-elettrico-con-affumicatore.jpg?ssl=1\",\"contentUrl\":\"https:\/\/i0.wp.com\/interpim.erresse-shop.it\/img-catalogo\/ninja\/ninja-woodfire-barbecue-elettrico-con-affumicatore.jpg?ssl=1\"},{\"@type\":\"BreadcrumbList\",\"@id\":\"https:\/\/dev6.erresse-shop.it\/es\/shop\/pequenos-electrodomesticos\/hornos\/ninja-barbecue-electrico-con-ahumador-de-lena\/#breadcrumb\",\"itemListElement\":[{\"@type\":\"ListItem\",\"position\":1,\"name\":\"Home\",\"item\":\"https:\/\/dev6.erresse-shop.it\/\"},{\"@type\":\"ListItem\",\"position\":2,\"name\":\"Tienda\",\"item\":\"https:\/\/dev6.erresse-shop.it\/shop\/\"},{\"@type\":\"ListItem\",\"position\":3,\"name\":\"NINJA Barbecue El\u00e9ctrico con ahumador de le\u00f1a\"}]},{\"@type\":\"WebSite\",\"@id\":\"https:\/\/dev6.erresse-shop.it\/#website\",\"url\":\"https:\/\/dev6.erresse-shop.it\/\",\"name\":\"Erresse Shop\",\"description\":\"\",\"publisher\":{\"@id\":\"https:\/\/dev6.erresse-shop.it\/#organization\"},\"potentialAction\":[{\"@type\":\"SearchAction\",\"target\":{\"@type\":\"EntryPoint\",\"urlTemplate\":\"https:\/\/dev6.erresse-shop.it\/?s={search_term_string}\"},\"query-input\":{\"@type\":\"PropertyValueSpecification\",\"valueRequired\":true,\"valueName\":\"search_term_string\"}}],\"inLanguage\":\"es\"},{\"@type\":\"Organization\",\"@id\":\"https:\/\/dev6.erresse-shop.it\/#organization\",\"name\":\"Erresse Shop\",\"url\":\"https:\/\/dev6.erresse-shop.it\/\",\"logo\":{\"@type\":\"ImageObject\",\"inLanguage\":\"es\",\"@id\":\"https:\/\/dev6.erresse-shop.it\/#\/schema\/logo\/image\/\",\"url\":\"https:\/\/dev6.erresse-shop.it\/wp-content\/uploads\/2025\/01\/LOGO-ERRESSE-CLASSICO.svg\",\"contentUrl\":\"https:\/\/dev6.erresse-shop.it\/wp-content\/uploads\/2025\/01\/LOGO-ERRESSE-CLASSICO.svg\",\"caption\":\"Erresse Shop\"},\"image\":{\"@id\":\"https:\/\/dev6.erresse-shop.it\/#\/schema\/logo\/image\/\"}}]}<\/script>\n<!-- \/ Yoast SEO plugin. -->","yoast_head_json":{"title":"NINJA Barbecue El\u00e9ctrico con ahumador de le\u00f1a - dev6 Erresse","description":"Barbacoa el\u00e9ctrica, ahumador y freidora de aire exterior con 7 funciones de cocci\u00f3n. F\u00e1cil de usar: sin carb\u00f3n, gas ni llamas. UNA NUEVA FORMA DE COCINAR","robots":{"index":"noindex","follow":"follow","max-snippet":"max-snippet:-1","max-image-preview":"max-image-preview:large","max-video-preview":"max-video-preview:-1"},"og_locale":"es_ES","og_type":"article","og_title":"NINJA Barbecue El\u00e9ctrico con ahumador de le\u00f1a - dev6 Erresse","og_description":"Barbacoa el\u00e9ctrica, ahumador y freidora de aire exterior con 7 funciones de cocci\u00f3n. F\u00e1cil de usar: sin carb\u00f3n, gas ni llamas. UNA NUEVA FORMA DE COCINAR","og_url":"https:\/\/dev6.erresse-shop.it\/es\/shop\/pequenos-electrodomesticos\/hornos\/ninja-barbecue-electrico-con-ahumador-de-lena\/","og_site_name":"dev6 Erresse","og_image":[{"url":"https:\/\/interpim.erresse-shop.it\/img-catalogo\/ninja\/ninja-woodfire-barbecue-elettrico-con-affumicatore.jpg","type":"","width":"","height":""},{"url":"https:\/\/interpim.erresse-shop.it\/img-catalogo\/ninja\/ninja-woodfire-barbecue-elettrico-con-affumicatore.jpg","width":1024,"height":1024,"type":"image\/jpeg"}],"twitter_card":"summary_large_image","twitter_image":"https:\/\/interpim.erresse-shop.it\/img-catalogo\/ninja\/ninja-woodfire-barbecue-elettrico-con-affumicatore.jpg","schema":{"@context":"https:\/\/schema.org","@graph":[{"@type":"WebPage","@id":"https:\/\/dev6.erresse-shop.it\/es\/shop\/pequenos-electrodomesticos\/hornos\/ninja-barbecue-electrico-con-ahumador-de-lena\/","url":"https:\/\/dev6.erresse-shop.it\/es\/shop\/pequenos-electrodomesticos\/hornos\/ninja-barbecue-electrico-con-ahumador-de-lena\/","name":"NINJA Barbecue El\u00e9ctrico con ahumador de le\u00f1a - dev6 Erresse","isPartOf":{"@id":"https:\/\/dev6.erresse-shop.it\/#website"},"primaryImageOfPage":{"@id":"https:\/\/dev6.erresse-shop.it\/es\/shop\/pequenos-electrodomesticos\/hornos\/ninja-barbecue-electrico-con-ahumador-de-lena\/#primaryimage"},"image":{"@id":"https:\/\/dev6.erresse-shop.it\/es\/shop\/pequenos-electrodomesticos\/hornos\/ninja-barbecue-electrico-con-ahumador-de-lena\/#primaryimage"},"thumbnailUrl":"https:\/\/i0.wp.com\/interpim.erresse-shop.it\/img-catalogo\/ninja\/ninja-woodfire-barbecue-elettrico-con-affumicatore.jpg?ssl=1","datePublished":"2026-04-04T06:02:52+00:00","description":"Barbacoa el\u00e9ctrica, ahumador y freidora de aire exterior con 7 funciones de cocci\u00f3n. F\u00e1cil de usar: sin carb\u00f3n, gas ni llamas. UNA NUEVA FORMA DE COCINAR","breadcrumb":{"@id":"https:\/\/dev6.erresse-shop.it\/es\/shop\/pequenos-electrodomesticos\/hornos\/ninja-barbecue-electrico-con-ahumador-de-lena\/#breadcrumb"},"inLanguage":"es","potentialAction":[{"@type":"ReadAction","target":["https:\/\/dev6.erresse-shop.it\/es\/shop\/pequenos-electrodomesticos\/hornos\/ninja-barbecue-electrico-con-ahumador-de-lena\/"]}]},{"@type":"ImageObject","inLanguage":"es","@id":"https:\/\/dev6.erresse-shop.it\/es\/shop\/pequenos-electrodomesticos\/hornos\/ninja-barbecue-electrico-con-ahumador-de-lena\/#primaryimage","url":"https:\/\/i0.wp.com\/interpim.erresse-shop.it\/img-catalogo\/ninja\/ninja-woodfire-barbecue-elettrico-con-affumicatore.jpg?ssl=1","contentUrl":"https:\/\/i0.wp.com\/interpim.erresse-shop.it\/img-catalogo\/ninja\/ninja-woodfire-barbecue-elettrico-con-affumicatore.jpg?ssl=1"},{"@type":"BreadcrumbList","@id":"https:\/\/dev6.erresse-shop.it\/es\/shop\/pequenos-electrodomesticos\/hornos\/ninja-barbecue-electrico-con-ahumador-de-lena\/#breadcrumb","itemListElement":[{"@type":"ListItem","position":1,"name":"Home","item":"https:\/\/dev6.erresse-shop.it\/"},{"@type":"ListItem","position":2,"name":"Tienda","item":"https:\/\/dev6.erresse-shop.it\/shop\/"},{"@type":"ListItem","position":3,"name":"NINJA Barbecue El\u00e9ctrico con ahumador de le\u00f1a"}]},{"@type":"WebSite","@id":"https:\/\/dev6.erresse-shop.it\/#website","url":"https:\/\/dev6.erresse-shop.it\/","name":"Erresse Shop","description":"","publisher":{"@id":"https:\/\/dev6.erresse-shop.it\/#organization"},"potentialAction":[{"@type":"SearchAction","target":{"@type":"EntryPoint","urlTemplate":"https:\/\/dev6.erresse-shop.it\/?s={search_term_string}"},"query-input":{"@type":"PropertyValueSpecification","valueRequired":true,"valueName":"search_term_string"}}],"inLanguage":"es"},{"@type":"Organization","@id":"https:\/\/dev6.erresse-shop.it\/#organization","name":"Erresse Shop","url":"https:\/\/dev6.erresse-shop.it\/","logo":{"@type":"ImageObject","inLanguage":"es","@id":"https:\/\/dev6.erresse-shop.it\/#\/schema\/logo\/image\/","url":"https:\/\/dev6.erresse-shop.it\/wp-content\/uploads\/2025\/01\/LOGO-ERRESSE-CLASSICO.svg","contentUrl":"https:\/\/dev6.erresse-shop.it\/wp-content\/uploads\/2025\/01\/LOGO-ERRESSE-CLASSICO.svg","caption":"Erresse Shop"},"image":{"@id":"https:\/\/dev6.erresse-shop.it\/#\/schema\/logo\/image\/"}}]}},"df_price":"","df_sale_price":"","df_regular_price":"","df_image_link":"https:\/\/i0.wp.com\/interpim.erresse-shop.it\/img-catalogo\/ninja\/ninja-woodfire-barbecue-elettrico-con-affumicatore.jpg?resize=300,300&ssl=1","fifu_image_url":"https:\/\/interpim.erresse-shop.it\/img-catalogo\/ninja\/ninja-woodfire-barbecue-elettrico-con-affumicatore.jpg","_links":{"self":[{"href":"https:\/\/dev6.erresse-shop.it\/es\/wp-json\/wp\/v2\/product\/1875460","targetHints":{"allow":["GET"]}}],"collection":[{"href":"https:\/\/dev6.erresse-shop.it\/es\/wp-json\/wp\/v2\/product"}],"about":[{"href":"https:\/\/dev6.erresse-shop.it\/es\/wp-json\/wp\/v2\/types\/product"}],"wp:featuredmedia":[{"embeddable":true,"href":"https:\/\/dev6.erresse-shop.it\/es\/wp-json\/wp\/v2\/media\/6256921"}],"wp:attachment":[{"href":"https:\/\/dev6.erresse-shop.it\/es\/wp-json\/wp\/v2\/media?parent=1875460"}],"wp:term":[{"taxonomy":"product_cat","embeddable":true,"href":"https:\/\/dev6.erresse-shop.it\/es\/wp-json\/wp\/v2\/product_cat?post=1875460"},{"taxonomy":"product_tag","embeddable":true,"href":"https:\/\/dev6.erresse-shop.it\/es\/wp-json\/wp\/v2\/product_tag?post=1875460"}],"curies":[{"name":"wp","href":"https:\/\/api.w.org\/{rel}","templated":true}]}}