{"id":1875458,"date":"2026-04-29T08:44:55","date_gmt":"2026-04-29T06:44:55","guid":{"rendered":"https:\/\/dev6.erresse-shop.it\/shop\/sin%20categor\u00eda\/ninja-horno-electrico-de-lena-para-exteriores\/"},"modified":"2025-07-04T21:01:27","modified_gmt":"2025-07-04T19:01:27","slug":"ninja-horno-electrico-de-lena-para-exteriores","status":"publish","type":"product","link":"https:\/\/dev6.erresse-shop.it\/es\/shop\/pequenos-electrodomesticos\/hornos\/ninja-horno-electrico-de-lena-para-exteriores\/","title":{"rendered":"NINJA Horno el\u00e9ctrico de le\u00f1a para exteriores"},"content":{"rendered":"<p>Horno el\u00e9ctrico Ninja Woodfire para exteriores con ahumador. Temperatura estable con un rango de 40-370\u00b0C.<\/p>\n<p>COCINA GRANDES CANTIDADES DE COMIDA<\/p>\n<p>Puede contener hasta 5 kg de carne asada, un pollo entero de 3 kg con verduras, 2 filas de costillas, pizza de 30 cm o una comida de tama\u00f1o familiar.<\/p>\n<p>ASADO A ALTA TEMPERATURA-HASTA 370\u00b0C<\/p>\n<p>Cree deliciosos platos con las texturas y sabores de un horno de le\u00f1a.<\/p>\n<p>CONTROL DE TEMPERATURA<\/p>\n<p>La fuente de alimentaci\u00f3n le permite controlar con precisi\u00f3n la temperatura de 40 a 37 grados, sin llamas y con total control.<\/p>\n<p>LA PIZZER\u00cdA EN TU CASA<\/p>\n<p>Pizza casera en menos de 3 minutos sin darle la vuelta gracias a 6 ajustes personalizables.<\/p>\n<p>FUMADOR<\/p>\n<p>Cocina lentamente y a baja temperatura para dar a los alimentos el aut\u00e9ntico aroma de barbacoa y sabores ahumados intensos con total facilidad.<\/p>\n<p>COMIDAS COMPLETAS Y R\u00c1PIDAS AL AIRE LIBRE<\/p>\n<p>Cocina una comida completa un 30% m\u00e1s r\u00e1pido que los hornos de interior.<\/p>\n<p>FUNCIONALIDAD 8 EN 1<\/p>\n<p>Lleva la cocina al exterior con un amplio rango de temperatura de 40\u00b0c a 37\u00b0c.<\/p>\n<p>8 FUNCIONES EN UN SOLO APARATO<\/p>\n<p>Pizza<\/p>\n<p>Asado<\/p>\n<p>Asado gourmet<\/p>\n<p>Ahumado<\/p>\n<p>Al horno<\/p>\n<p>Sobrecocido<\/p>\n<p>Secado<\/p>\n<p>Mantener caliente<\/p>\n<p>FICHA T\u00c9CNICA<\/p>\n<p>8 funciones en 1 aparato<\/p>\n<p>Comidas completas y r\u00e1pidas al aire libre<\/p>\n<p>Cocina grandes cantidades de alimentos<\/p>\n<p>PAQUETE<\/p>\n<p>Piedra para hornear pizza<\/p>\n<p>Soporte para accesorios<\/p>\n<p>Bandeja<\/p>\n<p>Parrilla para asar<\/p>\n<p>Ahumador extra\u00edble<\/p>\n<p>Cuchara para pellets<\/p>\n<p>Gu\u00eda r\u00e1pida de uso<\/p>\n<p>No se vende fuera de Europa<\/p>\n","protected":false},"excerpt":{"rendered":"<p>Horno el\u00e9ctrico Ninja Woodfire para exteriores con ahumador. Temperatura estable con un rango de 40-370\u00b0C. COCINA GRANDES CANTIDADES DE COMIDA Puede contener hasta 5 kg de carne asada, un pollo entero de 3 kg con verduras, 2 filas de costillas, pizza de 30 cm o una comida de tama\u00f1o familiar. ASADO A ALTA TEMPERATURA-HASTA 370\u00b0C [&hellip;]<\/p>\n","protected":false},"featured_media":6946219,"template":"","meta":{"_acf_changed":false},"product_cat":[11761,11977,11947],"product_tag":[],"class_list":{"0":"post-1875458","1":"product","2":"type-product","3":"status-publish","4":"has-post-thumbnail","6":"product_cat-forni","7":"product_cat-hornos","8":"product_cat-pequenos-electrodomesticos","10":"first","11":"instock","12":"taxable","13":"shipping-taxable","14":"product-type-simple","swatches":"rey-swatches","show_selected":"","stretch_labels":"rey-swatches--stretch-labels"},"acf":[],"yoast_head":"<!-- This site is optimized with the Yoast SEO plugin v25.4 - https:\/\/yoast.com\/wordpress\/plugins\/seo\/ -->\n<title>NINJA Horno el\u00e9ctrico de le\u00f1a para exteriores - dev6 Erresse<\/title>\n<meta name=\"description\" content=\"Horno el\u00e9ctrico Ninja Woodfire para exteriores con ahumador. Temperatura estable con un rango de 40-370\u00b0C. COCINA GRANDES CANTIDADES DE COMIDA Puede\" \/>\n<meta name=\"robots\" content=\"noindex, follow, max-snippet:-1, max-image-preview:large, max-video-preview:-1\" \/>\n<meta property=\"og:locale\" content=\"es_ES\" \/>\n<meta property=\"og:type\" content=\"article\" \/>\n<meta property=\"og:title\" content=\"NINJA Horno el\u00e9ctrico de le\u00f1a para exteriores - dev6 Erresse\" \/>\n<meta property=\"og:description\" content=\"Horno el\u00e9ctrico Ninja Woodfire para exteriores con ahumador. Temperatura estable con un rango de 40-370\u00b0C. COCINA GRANDES CANTIDADES DE COMIDA Puede\" \/>\n<meta property=\"og:url\" content=\"https:\/\/dev6.erresse-shop.it\/es\/shop\/pequenos-electrodomesticos\/hornos\/ninja-horno-electrico-de-lena-para-exteriores\/\" \/>\n<meta property=\"og:site_name\" content=\"dev6 Erresse\" \/>\n<meta property=\"og:image\" content=\"https:\/\/interpim.erresse-shop.it\/img-catalogo\/ninja\/ninja-woodfire-forno-elettrico-da-esterno.jpg\" \/><meta property=\"og:image\" content=\"https:\/\/interpim.erresse-shop.it\/img-catalogo\/ninja\/ninja-woodfire-forno-elettrico-da-esterno.jpg\" \/>\n\t<meta property=\"og:image:width\" content=\"1024\" \/>\n\t<meta property=\"og:image:height\" content=\"1024\" \/>\n\t<meta property=\"og:image:type\" content=\"image\/jpeg\" \/>\n<meta name=\"twitter:card\" content=\"summary_large_image\" \/>\n<meta name=\"twitter:image\" content=\"https:\/\/interpim.erresse-shop.it\/img-catalogo\/ninja\/ninja-woodfire-forno-elettrico-da-esterno.jpg\" \/>\n<script type=\"application\/ld+json\" class=\"yoast-schema-graph\">{\"@context\":\"https:\/\/schema.org\",\"@graph\":[{\"@type\":\"WebPage\",\"@id\":\"https:\/\/dev6.erresse-shop.it\/es\/shop\/pequenos-electrodomesticos\/hornos\/ninja-horno-electrico-de-lena-para-exteriores\/\",\"url\":\"https:\/\/dev6.erresse-shop.it\/es\/shop\/pequenos-electrodomesticos\/hornos\/ninja-horno-electrico-de-lena-para-exteriores\/\",\"name\":\"NINJA Horno el\u00e9ctrico de le\u00f1a para exteriores - dev6 Erresse\",\"isPartOf\":{\"@id\":\"https:\/\/dev6.erresse-shop.it\/#website\"},\"primaryImageOfPage\":{\"@id\":\"https:\/\/dev6.erresse-shop.it\/es\/shop\/pequenos-electrodomesticos\/hornos\/ninja-horno-electrico-de-lena-para-exteriores\/#primaryimage\"},\"image\":{\"@id\":\"https:\/\/dev6.erresse-shop.it\/es\/shop\/pequenos-electrodomesticos\/hornos\/ninja-horno-electrico-de-lena-para-exteriores\/#primaryimage\"},\"thumbnailUrl\":\"https:\/\/i1.wp.com\/interpim.erresse-shop.it\/img-catalogo\/ninja\/ninja-woodfire-forno-elettrico-da-esterno.jpg?ssl=1\",\"datePublished\":\"2026-04-29T06:44:55+00:00\",\"description\":\"Horno el\u00e9ctrico Ninja Woodfire para exteriores con ahumador. Temperatura estable con un rango de 40-370\u00b0C. COCINA GRANDES CANTIDADES DE COMIDA Puede\",\"breadcrumb\":{\"@id\":\"https:\/\/dev6.erresse-shop.it\/es\/shop\/pequenos-electrodomesticos\/hornos\/ninja-horno-electrico-de-lena-para-exteriores\/#breadcrumb\"},\"inLanguage\":\"es\",\"potentialAction\":[{\"@type\":\"ReadAction\",\"target\":[\"https:\/\/dev6.erresse-shop.it\/es\/shop\/pequenos-electrodomesticos\/hornos\/ninja-horno-electrico-de-lena-para-exteriores\/\"]}]},{\"@type\":\"ImageObject\",\"inLanguage\":\"es\",\"@id\":\"https:\/\/dev6.erresse-shop.it\/es\/shop\/pequenos-electrodomesticos\/hornos\/ninja-horno-electrico-de-lena-para-exteriores\/#primaryimage\",\"url\":\"https:\/\/i1.wp.com\/interpim.erresse-shop.it\/img-catalogo\/ninja\/ninja-woodfire-forno-elettrico-da-esterno.jpg?ssl=1\",\"contentUrl\":\"https:\/\/i1.wp.com\/interpim.erresse-shop.it\/img-catalogo\/ninja\/ninja-woodfire-forno-elettrico-da-esterno.jpg?ssl=1\"},{\"@type\":\"BreadcrumbList\",\"@id\":\"https:\/\/dev6.erresse-shop.it\/es\/shop\/pequenos-electrodomesticos\/hornos\/ninja-horno-electrico-de-lena-para-exteriores\/#breadcrumb\",\"itemListElement\":[{\"@type\":\"ListItem\",\"position\":1,\"name\":\"Home\",\"item\":\"https:\/\/dev6.erresse-shop.it\/\"},{\"@type\":\"ListItem\",\"position\":2,\"name\":\"Tienda\",\"item\":\"https:\/\/dev6.erresse-shop.it\/shop\/\"},{\"@type\":\"ListItem\",\"position\":3,\"name\":\"NINJA Horno el\u00e9ctrico de le\u00f1a para exteriores\"}]},{\"@type\":\"WebSite\",\"@id\":\"https:\/\/dev6.erresse-shop.it\/#website\",\"url\":\"https:\/\/dev6.erresse-shop.it\/\",\"name\":\"Erresse Shop\",\"description\":\"\",\"publisher\":{\"@id\":\"https:\/\/dev6.erresse-shop.it\/#organization\"},\"potentialAction\":[{\"@type\":\"SearchAction\",\"target\":{\"@type\":\"EntryPoint\",\"urlTemplate\":\"https:\/\/dev6.erresse-shop.it\/?s={search_term_string}\"},\"query-input\":{\"@type\":\"PropertyValueSpecification\",\"valueRequired\":true,\"valueName\":\"search_term_string\"}}],\"inLanguage\":\"es\"},{\"@type\":\"Organization\",\"@id\":\"https:\/\/dev6.erresse-shop.it\/#organization\",\"name\":\"Erresse Shop\",\"url\":\"https:\/\/dev6.erresse-shop.it\/\",\"logo\":{\"@type\":\"ImageObject\",\"inLanguage\":\"es\",\"@id\":\"https:\/\/dev6.erresse-shop.it\/#\/schema\/logo\/image\/\",\"url\":\"https:\/\/dev6.erresse-shop.it\/wp-content\/uploads\/2025\/01\/LOGO-ERRESSE-CLASSICO.svg\",\"contentUrl\":\"https:\/\/dev6.erresse-shop.it\/wp-content\/uploads\/2025\/01\/LOGO-ERRESSE-CLASSICO.svg\",\"caption\":\"Erresse Shop\"},\"image\":{\"@id\":\"https:\/\/dev6.erresse-shop.it\/#\/schema\/logo\/image\/\"}}]}<\/script>\n<!-- \/ Yoast SEO plugin. -->","yoast_head_json":{"title":"NINJA Horno el\u00e9ctrico de le\u00f1a para exteriores - dev6 Erresse","description":"Horno el\u00e9ctrico Ninja Woodfire para exteriores con ahumador. Temperatura estable con un rango de 40-370\u00b0C. COCINA GRANDES CANTIDADES DE COMIDA Puede","robots":{"index":"noindex","follow":"follow","max-snippet":"max-snippet:-1","max-image-preview":"max-image-preview:large","max-video-preview":"max-video-preview:-1"},"og_locale":"es_ES","og_type":"article","og_title":"NINJA Horno el\u00e9ctrico de le\u00f1a para exteriores - dev6 Erresse","og_description":"Horno el\u00e9ctrico Ninja Woodfire para exteriores con ahumador. Temperatura estable con un rango de 40-370\u00b0C. COCINA GRANDES CANTIDADES DE COMIDA Puede","og_url":"https:\/\/dev6.erresse-shop.it\/es\/shop\/pequenos-electrodomesticos\/hornos\/ninja-horno-electrico-de-lena-para-exteriores\/","og_site_name":"dev6 Erresse","og_image":[{"url":"https:\/\/interpim.erresse-shop.it\/img-catalogo\/ninja\/ninja-woodfire-forno-elettrico-da-esterno.jpg","type":"","width":"","height":""},{"url":"https:\/\/interpim.erresse-shop.it\/img-catalogo\/ninja\/ninja-woodfire-forno-elettrico-da-esterno.jpg","width":1024,"height":1024,"type":"image\/jpeg"}],"twitter_card":"summary_large_image","twitter_image":"https:\/\/interpim.erresse-shop.it\/img-catalogo\/ninja\/ninja-woodfire-forno-elettrico-da-esterno.jpg","schema":{"@context":"https:\/\/schema.org","@graph":[{"@type":"WebPage","@id":"https:\/\/dev6.erresse-shop.it\/es\/shop\/pequenos-electrodomesticos\/hornos\/ninja-horno-electrico-de-lena-para-exteriores\/","url":"https:\/\/dev6.erresse-shop.it\/es\/shop\/pequenos-electrodomesticos\/hornos\/ninja-horno-electrico-de-lena-para-exteriores\/","name":"NINJA Horno el\u00e9ctrico de le\u00f1a para exteriores - dev6 Erresse","isPartOf":{"@id":"https:\/\/dev6.erresse-shop.it\/#website"},"primaryImageOfPage":{"@id":"https:\/\/dev6.erresse-shop.it\/es\/shop\/pequenos-electrodomesticos\/hornos\/ninja-horno-electrico-de-lena-para-exteriores\/#primaryimage"},"image":{"@id":"https:\/\/dev6.erresse-shop.it\/es\/shop\/pequenos-electrodomesticos\/hornos\/ninja-horno-electrico-de-lena-para-exteriores\/#primaryimage"},"thumbnailUrl":"https:\/\/i1.wp.com\/interpim.erresse-shop.it\/img-catalogo\/ninja\/ninja-woodfire-forno-elettrico-da-esterno.jpg?ssl=1","datePublished":"2026-04-29T06:44:55+00:00","description":"Horno el\u00e9ctrico Ninja Woodfire para exteriores con ahumador. Temperatura estable con un rango de 40-370\u00b0C. COCINA GRANDES CANTIDADES DE COMIDA Puede","breadcrumb":{"@id":"https:\/\/dev6.erresse-shop.it\/es\/shop\/pequenos-electrodomesticos\/hornos\/ninja-horno-electrico-de-lena-para-exteriores\/#breadcrumb"},"inLanguage":"es","potentialAction":[{"@type":"ReadAction","target":["https:\/\/dev6.erresse-shop.it\/es\/shop\/pequenos-electrodomesticos\/hornos\/ninja-horno-electrico-de-lena-para-exteriores\/"]}]},{"@type":"ImageObject","inLanguage":"es","@id":"https:\/\/dev6.erresse-shop.it\/es\/shop\/pequenos-electrodomesticos\/hornos\/ninja-horno-electrico-de-lena-para-exteriores\/#primaryimage","url":"https:\/\/i1.wp.com\/interpim.erresse-shop.it\/img-catalogo\/ninja\/ninja-woodfire-forno-elettrico-da-esterno.jpg?ssl=1","contentUrl":"https:\/\/i1.wp.com\/interpim.erresse-shop.it\/img-catalogo\/ninja\/ninja-woodfire-forno-elettrico-da-esterno.jpg?ssl=1"},{"@type":"BreadcrumbList","@id":"https:\/\/dev6.erresse-shop.it\/es\/shop\/pequenos-electrodomesticos\/hornos\/ninja-horno-electrico-de-lena-para-exteriores\/#breadcrumb","itemListElement":[{"@type":"ListItem","position":1,"name":"Home","item":"https:\/\/dev6.erresse-shop.it\/"},{"@type":"ListItem","position":2,"name":"Tienda","item":"https:\/\/dev6.erresse-shop.it\/shop\/"},{"@type":"ListItem","position":3,"name":"NINJA Horno el\u00e9ctrico de le\u00f1a para exteriores"}]},{"@type":"WebSite","@id":"https:\/\/dev6.erresse-shop.it\/#website","url":"https:\/\/dev6.erresse-shop.it\/","name":"Erresse Shop","description":"","publisher":{"@id":"https:\/\/dev6.erresse-shop.it\/#organization"},"potentialAction":[{"@type":"SearchAction","target":{"@type":"EntryPoint","urlTemplate":"https:\/\/dev6.erresse-shop.it\/?s={search_term_string}"},"query-input":{"@type":"PropertyValueSpecification","valueRequired":true,"valueName":"search_term_string"}}],"inLanguage":"es"},{"@type":"Organization","@id":"https:\/\/dev6.erresse-shop.it\/#organization","name":"Erresse Shop","url":"https:\/\/dev6.erresse-shop.it\/","logo":{"@type":"ImageObject","inLanguage":"es","@id":"https:\/\/dev6.erresse-shop.it\/#\/schema\/logo\/image\/","url":"https:\/\/dev6.erresse-shop.it\/wp-content\/uploads\/2025\/01\/LOGO-ERRESSE-CLASSICO.svg","contentUrl":"https:\/\/dev6.erresse-shop.it\/wp-content\/uploads\/2025\/01\/LOGO-ERRESSE-CLASSICO.svg","caption":"Erresse Shop"},"image":{"@id":"https:\/\/dev6.erresse-shop.it\/#\/schema\/logo\/image\/"}}]}},"df_price":"","df_sale_price":"","df_regular_price":"","df_image_link":"https:\/\/i1.wp.com\/interpim.erresse-shop.it\/img-catalogo\/ninja\/ninja-woodfire-forno-elettrico-da-esterno.jpg?resize=300,300&ssl=1","fifu_image_url":"https:\/\/interpim.erresse-shop.it\/img-catalogo\/ninja\/ninja-woodfire-forno-elettrico-da-esterno.jpg","_links":{"self":[{"href":"https:\/\/dev6.erresse-shop.it\/es\/wp-json\/wp\/v2\/product\/1875458","targetHints":{"allow":["GET"]}}],"collection":[{"href":"https:\/\/dev6.erresse-shop.it\/es\/wp-json\/wp\/v2\/product"}],"about":[{"href":"https:\/\/dev6.erresse-shop.it\/es\/wp-json\/wp\/v2\/types\/product"}],"wp:featuredmedia":[{"embeddable":true,"href":"https:\/\/dev6.erresse-shop.it\/es\/wp-json\/wp\/v2\/media\/6946219"}],"wp:attachment":[{"href":"https:\/\/dev6.erresse-shop.it\/es\/wp-json\/wp\/v2\/media?parent=1875458"}],"wp:term":[{"taxonomy":"product_cat","embeddable":true,"href":"https:\/\/dev6.erresse-shop.it\/es\/wp-json\/wp\/v2\/product_cat?post=1875458"},{"taxonomy":"product_tag","embeddable":true,"href":"https:\/\/dev6.erresse-shop.it\/es\/wp-json\/wp\/v2\/product_tag?post=1875458"}],"curies":[{"name":"wp","href":"https:\/\/api.w.org\/{rel}","templated":true}]}}