{"id":1875456,"date":"2026-04-12T08:04:29","date_gmt":"2026-04-12T06:04:29","guid":{"rendered":"https:\/\/dev6.erresse-shop.it\/shop\/sin%20categor\u00eda\/ninja-batidora-portatil-blast-negra\/"},"modified":"2025-07-04T21:01:26","modified_gmt":"2025-07-04T19:01:26","slug":"ninja-batidora-portatil-blast-negra","status":"publish","type":"product","link":"https:\/\/dev6.erresse-shop.it\/es\/shop\/pequenos-electrodomesticos\/licuadoras\/ninja-batidora-portatil-blast-negra\/","title":{"rendered":"NINJA Batidora port\u00e1til Blast Negra"},"content":{"rendered":"<p>Batidora port\u00e1til inal\u00e1mbrica de alta velocidad. Lic\u00faa ingredientes congelados para batidos y bebidas proteicas superfluidas, as\u00ed como salsas y ali\u00f1os. Recipiente de 530 ml, incluye tapa a prueba de fugas con boquilla y correa para el hombro. Sin BPA y apta para lavavajillas.<\/p>\n<p>La batidora Ninja Blast lleva la potencia de la batidora Ninja de alta velocidad all\u00e1 donde la necesite gracias a su portabilidad inal\u00e1mbrica.<\/p>\n<p>Prepara batidos de frutas congeladas, batidos y bebidas proteicas s\u00faper fluidos, as\u00ed como salsas y aderezos.<\/p>\n<p>Esto le permite licuar donde quiera con resultados \u00f3ptimos, mejorando su rendimiento personal sobre la marcha.<\/p>\n<p>Cabe c\u00f3modamente en los portavasos de los coches, por lo que viajar y desplazarse al trabajo es coser y cantar.<\/p>\n<p>FICHA T\u00c9CNICA:<\/p>\n<p>Portabilidad inal\u00e1mbrica Ninja<\/p>\n<p>Tecnolog\u00eda y rendimiento de Ninja Blade<\/p>\n<p>Diversi\u00f3n sobre la marcha<\/p>\n<p>Apta para lavavajillas y f\u00e1cil de limpiar<\/p>\n<p>Gran selecci\u00f3n de colores<\/p>\n<p>EMBALAJE:<\/p>\n<p>Incluye tapa antigoteo con boquilla y correa de transporte<\/p>\n<p>No se vende fuera de Europa<\/p>\n","protected":false},"excerpt":{"rendered":"<p>Batidora port\u00e1til inal\u00e1mbrica de alta velocidad. Lic\u00faa ingredientes congelados para batidos y bebidas proteicas superfluidas, as\u00ed como salsas y ali\u00f1os. Recipiente de 530 ml, incluye tapa a prueba de fugas con boquilla y correa para el hombro. Sin BPA y apta para lavavajillas. La batidora Ninja Blast lleva la potencia de la batidora Ninja de [&hellip;]<\/p>\n","protected":false},"featured_media":6340224,"template":"","meta":{"_acf_changed":false},"product_cat":[11737,11953,11947],"product_tag":[],"class_list":{"0":"post-1875456","1":"product","2":"type-product","3":"status-publish","4":"has-post-thumbnail","6":"product_cat-frullatori","7":"product_cat-licuadoras","8":"product_cat-pequenos-electrodomesticos","10":"first","11":"instock","12":"taxable","13":"shipping-taxable","14":"product-type-simple","swatches":"rey-swatches","show_selected":"","stretch_labels":"rey-swatches--stretch-labels"},"acf":[],"yoast_head":"<!-- This site is optimized with the Yoast SEO plugin v25.4 - https:\/\/yoast.com\/wordpress\/plugins\/seo\/ -->\n<title>NINJA Batidora port\u00e1til Blast Negra - dev6 Erresse<\/title>\n<meta name=\"description\" content=\"Batidora port\u00e1til inal\u00e1mbrica de alta velocidad. Lic\u00faa ingredientes congelados para batidos y bebidas proteicas superfluidas, as\u00ed como salsas y ali\u00f1os.\" \/>\n<meta name=\"robots\" content=\"noindex, follow, max-snippet:-1, max-image-preview:large, max-video-preview:-1\" \/>\n<meta property=\"og:locale\" content=\"es_ES\" \/>\n<meta property=\"og:type\" content=\"article\" \/>\n<meta property=\"og:title\" content=\"NINJA Batidora port\u00e1til Blast Negra - dev6 Erresse\" \/>\n<meta property=\"og:description\" content=\"Batidora port\u00e1til inal\u00e1mbrica de alta velocidad. Lic\u00faa ingredientes congelados para batidos y bebidas proteicas superfluidas, as\u00ed como salsas y ali\u00f1os.\" \/>\n<meta property=\"og:url\" content=\"https:\/\/dev6.erresse-shop.it\/es\/shop\/pequenos-electrodomesticos\/licuadoras\/ninja-batidora-portatil-blast-negra\/\" \/>\n<meta property=\"og:site_name\" content=\"dev6 Erresse\" \/>\n<meta property=\"og:image\" content=\"https:\/\/interpim.erresse-shop.it\/wp-content\/uploads\/2024\/03\/NINJA-Frullatore-Portatile-Blast-Nero.jpg\/ninja-frullatore-portatile-blast-nero.jpg\" \/><meta property=\"og:image\" content=\"https:\/\/interpim.erresse-shop.it\/wp-content\/uploads\/2024\/03\/NINJA-Frullatore-Portatile-Blast-Nero.jpg\/ninja-frullatore-portatile-blast-nero.jpg\" \/>\n\t<meta property=\"og:image:width\" content=\"1024\" \/>\n\t<meta property=\"og:image:height\" content=\"1024\" \/>\n\t<meta property=\"og:image:type\" content=\"image\/jpeg\" \/>\n<meta name=\"twitter:card\" content=\"summary_large_image\" \/>\n<meta name=\"twitter:image\" content=\"https:\/\/interpim.erresse-shop.it\/wp-content\/uploads\/2024\/03\/NINJA-Frullatore-Portatile-Blast-Nero.jpg\/ninja-frullatore-portatile-blast-nero.jpg\" \/>\n<script type=\"application\/ld+json\" class=\"yoast-schema-graph\">{\"@context\":\"https:\/\/schema.org\",\"@graph\":[{\"@type\":\"WebPage\",\"@id\":\"https:\/\/dev6.erresse-shop.it\/es\/shop\/pequenos-electrodomesticos\/licuadoras\/ninja-batidora-portatil-blast-negra\/\",\"url\":\"https:\/\/dev6.erresse-shop.it\/es\/shop\/pequenos-electrodomesticos\/licuadoras\/ninja-batidora-portatil-blast-negra\/\",\"name\":\"NINJA Batidora port\u00e1til Blast Negra - dev6 Erresse\",\"isPartOf\":{\"@id\":\"https:\/\/dev6.erresse-shop.it\/#website\"},\"primaryImageOfPage\":{\"@id\":\"https:\/\/dev6.erresse-shop.it\/es\/shop\/pequenos-electrodomesticos\/licuadoras\/ninja-batidora-portatil-blast-negra\/#primaryimage\"},\"image\":{\"@id\":\"https:\/\/dev6.erresse-shop.it\/es\/shop\/pequenos-electrodomesticos\/licuadoras\/ninja-batidora-portatil-blast-negra\/#primaryimage\"},\"thumbnailUrl\":\"https:\/\/i0.wp.com\/interpim.erresse-shop.it\/wp-content\/uploads\/2024\/03\/NINJA-Frullatore-Portatile-Blast-Nero.jpg\/ninja-frullatore-portatile-blast-nero.jpg?ssl=1\",\"datePublished\":\"2026-04-12T06:04:29+00:00\",\"description\":\"Batidora port\u00e1til inal\u00e1mbrica de alta velocidad. Lic\u00faa ingredientes congelados para batidos y bebidas proteicas superfluidas, as\u00ed como salsas y ali\u00f1os.\",\"breadcrumb\":{\"@id\":\"https:\/\/dev6.erresse-shop.it\/es\/shop\/pequenos-electrodomesticos\/licuadoras\/ninja-batidora-portatil-blast-negra\/#breadcrumb\"},\"inLanguage\":\"es\",\"potentialAction\":[{\"@type\":\"ReadAction\",\"target\":[\"https:\/\/dev6.erresse-shop.it\/es\/shop\/pequenos-electrodomesticos\/licuadoras\/ninja-batidora-portatil-blast-negra\/\"]}]},{\"@type\":\"ImageObject\",\"inLanguage\":\"es\",\"@id\":\"https:\/\/dev6.erresse-shop.it\/es\/shop\/pequenos-electrodomesticos\/licuadoras\/ninja-batidora-portatil-blast-negra\/#primaryimage\",\"url\":\"https:\/\/i0.wp.com\/interpim.erresse-shop.it\/wp-content\/uploads\/2024\/03\/NINJA-Frullatore-Portatile-Blast-Nero.jpg\/ninja-frullatore-portatile-blast-nero.jpg?ssl=1\",\"contentUrl\":\"https:\/\/i0.wp.com\/interpim.erresse-shop.it\/wp-content\/uploads\/2024\/03\/NINJA-Frullatore-Portatile-Blast-Nero.jpg\/ninja-frullatore-portatile-blast-nero.jpg?ssl=1\"},{\"@type\":\"BreadcrumbList\",\"@id\":\"https:\/\/dev6.erresse-shop.it\/es\/shop\/pequenos-electrodomesticos\/licuadoras\/ninja-batidora-portatil-blast-negra\/#breadcrumb\",\"itemListElement\":[{\"@type\":\"ListItem\",\"position\":1,\"name\":\"Home\",\"item\":\"https:\/\/dev6.erresse-shop.it\/\"},{\"@type\":\"ListItem\",\"position\":2,\"name\":\"Tienda\",\"item\":\"https:\/\/dev6.erresse-shop.it\/shop\/\"},{\"@type\":\"ListItem\",\"position\":3,\"name\":\"NINJA Batidora port\u00e1til Blast Negra\"}]},{\"@type\":\"WebSite\",\"@id\":\"https:\/\/dev6.erresse-shop.it\/#website\",\"url\":\"https:\/\/dev6.erresse-shop.it\/\",\"name\":\"Erresse Shop\",\"description\":\"\",\"publisher\":{\"@id\":\"https:\/\/dev6.erresse-shop.it\/#organization\"},\"potentialAction\":[{\"@type\":\"SearchAction\",\"target\":{\"@type\":\"EntryPoint\",\"urlTemplate\":\"https:\/\/dev6.erresse-shop.it\/?s={search_term_string}\"},\"query-input\":{\"@type\":\"PropertyValueSpecification\",\"valueRequired\":true,\"valueName\":\"search_term_string\"}}],\"inLanguage\":\"es\"},{\"@type\":\"Organization\",\"@id\":\"https:\/\/dev6.erresse-shop.it\/#organization\",\"name\":\"Erresse Shop\",\"url\":\"https:\/\/dev6.erresse-shop.it\/\",\"logo\":{\"@type\":\"ImageObject\",\"inLanguage\":\"es\",\"@id\":\"https:\/\/dev6.erresse-shop.it\/#\/schema\/logo\/image\/\",\"url\":\"https:\/\/dev6.erresse-shop.it\/wp-content\/uploads\/2025\/01\/LOGO-ERRESSE-CLASSICO.svg\",\"contentUrl\":\"https:\/\/dev6.erresse-shop.it\/wp-content\/uploads\/2025\/01\/LOGO-ERRESSE-CLASSICO.svg\",\"caption\":\"Erresse Shop\"},\"image\":{\"@id\":\"https:\/\/dev6.erresse-shop.it\/#\/schema\/logo\/image\/\"}}]}<\/script>\n<!-- \/ Yoast SEO plugin. -->","yoast_head_json":{"title":"NINJA Batidora port\u00e1til Blast Negra - dev6 Erresse","description":"Batidora port\u00e1til inal\u00e1mbrica de alta velocidad. Lic\u00faa ingredientes congelados para batidos y bebidas proteicas superfluidas, as\u00ed como salsas y ali\u00f1os.","robots":{"index":"noindex","follow":"follow","max-snippet":"max-snippet:-1","max-image-preview":"max-image-preview:large","max-video-preview":"max-video-preview:-1"},"og_locale":"es_ES","og_type":"article","og_title":"NINJA Batidora port\u00e1til Blast Negra - dev6 Erresse","og_description":"Batidora port\u00e1til inal\u00e1mbrica de alta velocidad. Lic\u00faa ingredientes congelados para batidos y bebidas proteicas superfluidas, as\u00ed como salsas y ali\u00f1os.","og_url":"https:\/\/dev6.erresse-shop.it\/es\/shop\/pequenos-electrodomesticos\/licuadoras\/ninja-batidora-portatil-blast-negra\/","og_site_name":"dev6 Erresse","og_image":[{"url":"https:\/\/interpim.erresse-shop.it\/wp-content\/uploads\/2024\/03\/NINJA-Frullatore-Portatile-Blast-Nero.jpg\/ninja-frullatore-portatile-blast-nero.jpg","type":"","width":"","height":""},{"url":"https:\/\/interpim.erresse-shop.it\/wp-content\/uploads\/2024\/03\/NINJA-Frullatore-Portatile-Blast-Nero.jpg\/ninja-frullatore-portatile-blast-nero.jpg","width":1024,"height":1024,"type":"image\/jpeg"}],"twitter_card":"summary_large_image","twitter_image":"https:\/\/interpim.erresse-shop.it\/wp-content\/uploads\/2024\/03\/NINJA-Frullatore-Portatile-Blast-Nero.jpg\/ninja-frullatore-portatile-blast-nero.jpg","schema":{"@context":"https:\/\/schema.org","@graph":[{"@type":"WebPage","@id":"https:\/\/dev6.erresse-shop.it\/es\/shop\/pequenos-electrodomesticos\/licuadoras\/ninja-batidora-portatil-blast-negra\/","url":"https:\/\/dev6.erresse-shop.it\/es\/shop\/pequenos-electrodomesticos\/licuadoras\/ninja-batidora-portatil-blast-negra\/","name":"NINJA Batidora port\u00e1til Blast Negra - dev6 Erresse","isPartOf":{"@id":"https:\/\/dev6.erresse-shop.it\/#website"},"primaryImageOfPage":{"@id":"https:\/\/dev6.erresse-shop.it\/es\/shop\/pequenos-electrodomesticos\/licuadoras\/ninja-batidora-portatil-blast-negra\/#primaryimage"},"image":{"@id":"https:\/\/dev6.erresse-shop.it\/es\/shop\/pequenos-electrodomesticos\/licuadoras\/ninja-batidora-portatil-blast-negra\/#primaryimage"},"thumbnailUrl":"https:\/\/i0.wp.com\/interpim.erresse-shop.it\/wp-content\/uploads\/2024\/03\/NINJA-Frullatore-Portatile-Blast-Nero.jpg\/ninja-frullatore-portatile-blast-nero.jpg?ssl=1","datePublished":"2026-04-12T06:04:29+00:00","description":"Batidora port\u00e1til inal\u00e1mbrica de alta velocidad. Lic\u00faa ingredientes congelados para batidos y bebidas proteicas superfluidas, as\u00ed como salsas y ali\u00f1os.","breadcrumb":{"@id":"https:\/\/dev6.erresse-shop.it\/es\/shop\/pequenos-electrodomesticos\/licuadoras\/ninja-batidora-portatil-blast-negra\/#breadcrumb"},"inLanguage":"es","potentialAction":[{"@type":"ReadAction","target":["https:\/\/dev6.erresse-shop.it\/es\/shop\/pequenos-electrodomesticos\/licuadoras\/ninja-batidora-portatil-blast-negra\/"]}]},{"@type":"ImageObject","inLanguage":"es","@id":"https:\/\/dev6.erresse-shop.it\/es\/shop\/pequenos-electrodomesticos\/licuadoras\/ninja-batidora-portatil-blast-negra\/#primaryimage","url":"https:\/\/i0.wp.com\/interpim.erresse-shop.it\/wp-content\/uploads\/2024\/03\/NINJA-Frullatore-Portatile-Blast-Nero.jpg\/ninja-frullatore-portatile-blast-nero.jpg?ssl=1","contentUrl":"https:\/\/i0.wp.com\/interpim.erresse-shop.it\/wp-content\/uploads\/2024\/03\/NINJA-Frullatore-Portatile-Blast-Nero.jpg\/ninja-frullatore-portatile-blast-nero.jpg?ssl=1"},{"@type":"BreadcrumbList","@id":"https:\/\/dev6.erresse-shop.it\/es\/shop\/pequenos-electrodomesticos\/licuadoras\/ninja-batidora-portatil-blast-negra\/#breadcrumb","itemListElement":[{"@type":"ListItem","position":1,"name":"Home","item":"https:\/\/dev6.erresse-shop.it\/"},{"@type":"ListItem","position":2,"name":"Tienda","item":"https:\/\/dev6.erresse-shop.it\/shop\/"},{"@type":"ListItem","position":3,"name":"NINJA Batidora port\u00e1til Blast Negra"}]},{"@type":"WebSite","@id":"https:\/\/dev6.erresse-shop.it\/#website","url":"https:\/\/dev6.erresse-shop.it\/","name":"Erresse Shop","description":"","publisher":{"@id":"https:\/\/dev6.erresse-shop.it\/#organization"},"potentialAction":[{"@type":"SearchAction","target":{"@type":"EntryPoint","urlTemplate":"https:\/\/dev6.erresse-shop.it\/?s={search_term_string}"},"query-input":{"@type":"PropertyValueSpecification","valueRequired":true,"valueName":"search_term_string"}}],"inLanguage":"es"},{"@type":"Organization","@id":"https:\/\/dev6.erresse-shop.it\/#organization","name":"Erresse Shop","url":"https:\/\/dev6.erresse-shop.it\/","logo":{"@type":"ImageObject","inLanguage":"es","@id":"https:\/\/dev6.erresse-shop.it\/#\/schema\/logo\/image\/","url":"https:\/\/dev6.erresse-shop.it\/wp-content\/uploads\/2025\/01\/LOGO-ERRESSE-CLASSICO.svg","contentUrl":"https:\/\/dev6.erresse-shop.it\/wp-content\/uploads\/2025\/01\/LOGO-ERRESSE-CLASSICO.svg","caption":"Erresse Shop"},"image":{"@id":"https:\/\/dev6.erresse-shop.it\/#\/schema\/logo\/image\/"}}]}},"df_price":"","df_sale_price":"","df_regular_price":"","df_image_link":"https:\/\/i0.wp.com\/interpim.erresse-shop.it\/wp-content\/uploads\/2024\/03\/NINJA-Frullatore-Portatile-Blast-Nero.jpg\/ninja-frullatore-portatile-blast-nero.jpg?resize=300,300&ssl=1","fifu_image_url":"https:\/\/interpim.erresse-shop.it\/wp-content\/uploads\/2024\/03\/NINJA-Frullatore-Portatile-Blast-Nero.jpg\/ninja-frullatore-portatile-blast-nero.jpg","_links":{"self":[{"href":"https:\/\/dev6.erresse-shop.it\/es\/wp-json\/wp\/v2\/product\/1875456","targetHints":{"allow":["GET"]}}],"collection":[{"href":"https:\/\/dev6.erresse-shop.it\/es\/wp-json\/wp\/v2\/product"}],"about":[{"href":"https:\/\/dev6.erresse-shop.it\/es\/wp-json\/wp\/v2\/types\/product"}],"wp:featuredmedia":[{"embeddable":true,"href":"https:\/\/dev6.erresse-shop.it\/es\/wp-json\/wp\/v2\/media\/6340224"}],"wp:attachment":[{"href":"https:\/\/dev6.erresse-shop.it\/es\/wp-json\/wp\/v2\/media?parent=1875456"}],"wp:term":[{"taxonomy":"product_cat","embeddable":true,"href":"https:\/\/dev6.erresse-shop.it\/es\/wp-json\/wp\/v2\/product_cat?post=1875456"},{"taxonomy":"product_tag","embeddable":true,"href":"https:\/\/dev6.erresse-shop.it\/es\/wp-json\/wp\/v2\/product_tag?post=1875456"}],"curies":[{"name":"wp","href":"https:\/\/api.w.org\/{rel}","templated":true}]}}