{"id":1875454,"date":"2026-04-15T08:03:10","date_gmt":"2026-04-15T06:03:10","guid":{"rendered":"https:\/\/dev6.erresse-shop.it\/shop\/sin%20categor\u00eda\/ninja-horno-multifuncion-10-en-1-29-litros\/"},"modified":"2025-07-04T21:01:24","modified_gmt":"2025-07-04T19:01:24","slug":"ninja-horno-multifuncion-10-en-1-29-litros","status":"publish","type":"product","link":"https:\/\/dev6.erresse-shop.it\/es\/shop\/pequenos-electrodomesticos\/hornos\/ninja-horno-multifuncion-10-en-1-29-litros\/","title":{"rendered":"NINJA Horno Multifunci\u00f3n 10 en 1 29 litros"},"content":{"rendered":"<p>Horno con 10 funciones de cocci\u00f3n: fre\u00edr al aire, asar, asar entero, gratinar, hornear, pizza, secar, recalentar, tostar, bagel. Cocci\u00f3n r\u00e1pida y uniforme en 2 niveles. Pantalla digital con controles t\u00e1ctiles, temporizador y luz interior. Bandeja recogemigas extra\u00edble.<\/p>\n<p>Este es el gran horno multifunci\u00f3n de Ninja que cocina comidas completas de forma r\u00e1pida y uniforme en 2 niveles.<\/p>\n<p>Hasta un 40% m\u00e1s r\u00e1pido que los hornos de ventilador<\/p>\n<p>Crea r\u00e1pida y f\u00e1cilmente platos para toda la familia en s\u00f3lo 30 minutos. Desp\u00eddete de las largas esperas con el precalentamiento superr\u00e1pido de 90 segundos.<\/p>\n<p>Cocina en 2 niveles<\/p>\n<p>Perfecto para cocinar para toda la familia, este horno cocina r\u00e1pida y uniformemente en 2 niveles. Puede preparar un plato principal y guarniciones, por lo que no necesitar\u00e1 utilizar diferentes accesorios para preparar una comida completa.<\/p>\n<p>Puede preparar un pollo asado entero con lim\u00f3n, hierbas y patatas, cerdo asado al estilo toscano con verduras, brochetas de pollo marinado con pan de pitta caliente, o simplemente dos pizzas al horno para hornear al mismo tiempo. La gu\u00eda digital iluminada del grill le ayuda a colocar de forma \u00f3ptima los alimentos en el grill del horno seg\u00fan las funciones seleccionadas.<\/p>\n<p>Tecnolog\u00eda de convecci\u00f3n envolvente<\/p>\n<p>Horneado r\u00e1pido, crujiente y uniforme. El ventilador de alta velocidad, la fuente de calor trasera y el flujo de aire envolvente trabajan en sinergia para calentar el aire en todo el horno, dando como resultado una cocci\u00f3n uniforme en ambas parrillas sin necesidad de girar las bandejas o voltear los alimentos.<\/p>\n<p>Las fuentes de infrarrojos situadas en la parte superior e inferior permiten un rango de temperatura de 40 \u00b0C a 230 \u00b0C, mientras que la tercera fuente de calor en la parte trasera, situada detr\u00e1s del ventilador de alta velocidad, crea una convecci\u00f3n de aire sobrecalentado. El exclusivo sistema de ventilaci\u00f3n alto-bajo hace circular el aire por todo el horno, consiguiendo una cocci\u00f3n uniforme en ambos niveles.<\/p>\n<p>Mucho m\u00e1s que un horno<\/p>\n<p>Puede preparar infinidad de platos con 10 funciones de cocci\u00f3n personalizables utilizando un solo accesorio de cocina.<\/p>\n<p>\u2013 Fritura por aire: resultados r\u00e1pidos y supercrujientes con poco o nada de aceite. Hasta un 75% menos de grasa que los m\u00e9todos de fritura tradicionales. Perfecto para cocinar sus frituras favoritas, desde chuletas de pechuga de pollo y salchichas chisporroteantes hasta crujientes patatas asadas.<\/p>\n<p>\u2013 Asado: exterior crujiente e interior perfectamente cocinado, ideal para platos asados como pechugas de pollo con lim\u00f3n, hierbas y esp\u00e1rragos o filetes de salm\u00f3n con br\u00f3coli y boniatos.<br \/>\n\u2013 Asado entero: cocci\u00f3n y crujiente por todos los lados del asado sin darle la vuelta. Prepare al mismo tiempo un tierno asado de ternera o un pollo de 2,25 kg con verduras para una comida completa, o un asado m\u00e1s grande, como un pavo de 5,4 kg.<br \/>\n\u2013 Grill: con calor por arriba y por abajo para una cocci\u00f3n crujiente, puede gratinar uniformemente brochetas con patatas gratinadas con queso o timbales de pasta como canelones de ricotta con una burbujeante cobertura a la parrilla.<br \/>\n\u2013 Hornear: hornea f\u00e1cilmente las galletas, tartas y pasteles que m\u00e1s te gusten o crea deliciosos platos como tartas saladas, tortillas, timbales de pasta y mucho m\u00e1s.<br \/>\n\u2013 Pizza: \u00a1tu pizza personal en casa! El ajuste espec\u00edfico para pizza est\u00e1 dise\u00f1ado para cocinar pizzas caseras o congeladas, calzones, piadinas a la perfecci\u00f3n.<br \/>\n\u2013 Secado: deshidrata suavemente ingredientes como fruta, verdura y carne para crear aperitivos saludables, desde tiras de ternera a frutos secos.<br \/>\n\u2013 Recalentar: recalienta las sobras para revivir su frescura y crujiente, como reci\u00e9n horneadas y sin cocinarlas en exceso. Ideal para pizzas, rollitos de primavera y mucho m\u00e1s.<\/p>\n<p>\u2013 Tostado: tueste r\u00e1pidamente hasta 8 rebanadas de pan al nivel de tostado deseado con el selector de tostado integrado.<\/p>\n<p>\u2013 Bagel: tueste perfectamente hasta 8 mitades de bagel coloc\u00e1ndolas en el grill, con un exterior deliciosamente crujiente.<\/p>\n<p>F\u00e1cil de usar<\/p>\n<p>Seleccione f\u00e1cilmente una funci\u00f3n de cocci\u00f3n, el tiempo y la temperatura\/nivel de tostado con los controles t\u00e1ctiles y la pantalla digital, todo ello situado en el elegante tirador de la puerta del horno. Cuando la puerta est\u00e1 abierta, los ajustes se bloquean para evitar cambios accidentales en el ciclo de cocci\u00f3n.<\/p>\n<p>La bandeja recogemigas extra\u00edble facilita la limpieza de migas y peque\u00f1os restos de comida.<\/p>\n<p>El horno incluye 2 parrillas (cada una apta para una pizza de 30,5 cm), una bandeja para hornear, una bandeja para asar y una cesta para fre\u00edr al aire (con capacidad para 1,8 kg de ingredientes).<\/p>\n<p>P\u00f3ngase manos a la obra de inmediato con el Libro del Chef incluido, que contiene recetas y tablas de cocina que le ayudar\u00e1n a dar rienda suelta a su creatividad.<\/p>\n<p>Nos enorgullecemos de desarrollar productos 5 estrellas mediante pruebas exhaustivas y un di\u00e1logo constante con los consumidores. Lea nuestras opiniones para saber lo que piensan de nosotros.<\/p>\n<p>Probado en salchichas y barritas de pescado, incluidas las precalentadas.<\/p>\n<p>Probado con patatas fritas cortadas a mano.<\/p>\n<p>** Probado con patatas fritas cortadas a mano y fritas en aceite caliente.<\/p>\n<p>FICHA T\u00c9CNICA:<\/p>\n<p>Dimensiones: Alto 33,5 cm x Ancho 43,5 cm x Fondo 50,5 cm<\/p>\n<p>Peso: 14,6 kg<\/p>\n<p>Potencia nominal 2400 W<\/p>\n<p>Longitud del cable 0,91 m<\/p>\n<p>Pies antideslizantes<\/p>\n<p>Componentes aptos para lavavajillas<\/p>\n<p>Capacidad 29 L<\/p>\n<p>PAQUETE<\/p>\n<p>Cesta para fre\u00edr<\/p>\n<p>Bandeja para asar<\/p>\n<p>Bandeja para hornear<\/p>\n<p>2 parrillas<\/p>\n<p>Bandeja recogemigas extra\u00edble (ya instalada en el aparato)<\/p>\n<p>Manual de instrucciones<\/p>\n<p>Gu\u00eda r\u00e1pida de uso y libro de recetas<\/p>\n<p>No se vende fuera de Europa<\/p>\n","protected":false},"excerpt":{"rendered":"<p>Horno con 10 funciones de cocci\u00f3n: fre\u00edr al aire, asar, asar entero, gratinar, hornear, pizza, secar, recalentar, tostar, bagel. Cocci\u00f3n r\u00e1pida y uniforme en 2 niveles. Pantalla digital con controles t\u00e1ctiles, temporizador y luz interior. Bandeja recogemigas extra\u00edble. Este es el gran horno multifunci\u00f3n de Ninja que cocina comidas completas de forma r\u00e1pida y uniforme [&hellip;]<\/p>\n","protected":false},"featured_media":6381831,"template":"","meta":{"_acf_changed":false},"product_cat":[11761,11977,11947],"product_tag":[],"class_list":{"0":"post-1875454","1":"product","2":"type-product","3":"status-publish","4":"has-post-thumbnail","6":"product_cat-forni","7":"product_cat-hornos","8":"product_cat-pequenos-electrodomesticos","10":"first","11":"instock","12":"taxable","13":"shipping-taxable","14":"purchasable","15":"product-type-simple","swatches":"rey-swatches","show_selected":"","stretch_labels":"rey-swatches--stretch-labels"},"acf":[],"yoast_head":"<!-- This site is optimized with the Yoast SEO plugin v25.4 - https:\/\/yoast.com\/wordpress\/plugins\/seo\/ -->\n<title>NINJA Horno Multifunci\u00f3n 10 en 1 29 litros - dev6 Erresse<\/title>\n<meta name=\"description\" content=\"Horno con 10 funciones de cocci\u00f3n: fre\u00edr al aire, asar, asar entero, gratinar, hornear, pizza, secar, recalentar, tostar, bagel. Cocci\u00f3n r\u00e1pida y uniforme\" \/>\n<meta name=\"robots\" content=\"noindex, follow, max-snippet:-1, max-image-preview:large, max-video-preview:-1\" \/>\n<meta property=\"og:locale\" content=\"es_ES\" \/>\n<meta property=\"og:type\" content=\"article\" \/>\n<meta property=\"og:title\" content=\"NINJA Horno Multifunci\u00f3n 10 en 1 29 litros - dev6 Erresse\" \/>\n<meta property=\"og:description\" content=\"Horno con 10 funciones de cocci\u00f3n: fre\u00edr al aire, asar, asar entero, gratinar, hornear, pizza, secar, recalentar, tostar, bagel. Cocci\u00f3n r\u00e1pida y uniforme\" \/>\n<meta property=\"og:url\" content=\"https:\/\/dev6.erresse-shop.it\/es\/shop\/pequenos-electrodomesticos\/hornos\/ninja-horno-multifuncion-10-en-1-29-litros\/\" \/>\n<meta property=\"og:site_name\" content=\"dev6 Erresse\" \/>\n<meta property=\"og:image\" content=\"https:\/\/interpim.erresse-shop.it\/Import\/Prodotti\/ninja-forno-multifunzione-10-in-1-29-litri.jpg\" \/><meta property=\"og:image\" content=\"https:\/\/interpim.erresse-shop.it\/Import\/Prodotti\/ninja-forno-multifunzione-10-in-1-29-litri.jpg\" \/>\n\t<meta property=\"og:image:width\" content=\"1024\" \/>\n\t<meta property=\"og:image:height\" content=\"1024\" \/>\n\t<meta property=\"og:image:type\" content=\"image\/jpeg\" \/>\n<meta name=\"twitter:card\" content=\"summary_large_image\" \/>\n<meta name=\"twitter:image\" content=\"https:\/\/interpim.erresse-shop.it\/Import\/Prodotti\/ninja-forno-multifunzione-10-in-1-29-litri.jpg\" \/>\n<script type=\"application\/ld+json\" class=\"yoast-schema-graph\">{\"@context\":\"https:\/\/schema.org\",\"@graph\":[{\"@type\":\"WebPage\",\"@id\":\"https:\/\/dev6.erresse-shop.it\/es\/shop\/pequenos-electrodomesticos\/hornos\/ninja-horno-multifuncion-10-en-1-29-litros\/\",\"url\":\"https:\/\/dev6.erresse-shop.it\/es\/shop\/pequenos-electrodomesticos\/hornos\/ninja-horno-multifuncion-10-en-1-29-litros\/\",\"name\":\"NINJA Horno Multifunci\u00f3n 10 en 1 29 litros - dev6 Erresse\",\"isPartOf\":{\"@id\":\"https:\/\/dev6.erresse-shop.it\/#website\"},\"primaryImageOfPage\":{\"@id\":\"https:\/\/dev6.erresse-shop.it\/es\/shop\/pequenos-electrodomesticos\/hornos\/ninja-horno-multifuncion-10-en-1-29-litros\/#primaryimage\"},\"image\":{\"@id\":\"https:\/\/dev6.erresse-shop.it\/es\/shop\/pequenos-electrodomesticos\/hornos\/ninja-horno-multifuncion-10-en-1-29-litros\/#primaryimage\"},\"thumbnailUrl\":\"https:\/\/i2.wp.com\/interpim.erresse-shop.it\/Import\/Prodotti\/ninja-forno-multifunzione-10-in-1-29-litri.jpg?ssl=1\",\"datePublished\":\"2026-04-15T06:03:10+00:00\",\"description\":\"Horno con 10 funciones de cocci\u00f3n: fre\u00edr al aire, asar, asar entero, gratinar, hornear, pizza, secar, recalentar, tostar, bagel. Cocci\u00f3n r\u00e1pida y uniforme\",\"breadcrumb\":{\"@id\":\"https:\/\/dev6.erresse-shop.it\/es\/shop\/pequenos-electrodomesticos\/hornos\/ninja-horno-multifuncion-10-en-1-29-litros\/#breadcrumb\"},\"inLanguage\":\"es\",\"potentialAction\":[{\"@type\":\"ReadAction\",\"target\":[\"https:\/\/dev6.erresse-shop.it\/es\/shop\/pequenos-electrodomesticos\/hornos\/ninja-horno-multifuncion-10-en-1-29-litros\/\"]}]},{\"@type\":\"ImageObject\",\"inLanguage\":\"es\",\"@id\":\"https:\/\/dev6.erresse-shop.it\/es\/shop\/pequenos-electrodomesticos\/hornos\/ninja-horno-multifuncion-10-en-1-29-litros\/#primaryimage\",\"url\":\"https:\/\/i2.wp.com\/interpim.erresse-shop.it\/Import\/Prodotti\/ninja-forno-multifunzione-10-in-1-29-litri.jpg?ssl=1\",\"contentUrl\":\"https:\/\/i2.wp.com\/interpim.erresse-shop.it\/Import\/Prodotti\/ninja-forno-multifunzione-10-in-1-29-litri.jpg?ssl=1\"},{\"@type\":\"BreadcrumbList\",\"@id\":\"https:\/\/dev6.erresse-shop.it\/es\/shop\/pequenos-electrodomesticos\/hornos\/ninja-horno-multifuncion-10-en-1-29-litros\/#breadcrumb\",\"itemListElement\":[{\"@type\":\"ListItem\",\"position\":1,\"name\":\"Home\",\"item\":\"https:\/\/dev6.erresse-shop.it\/\"},{\"@type\":\"ListItem\",\"position\":2,\"name\":\"Tienda\",\"item\":\"https:\/\/dev6.erresse-shop.it\/shop\/\"},{\"@type\":\"ListItem\",\"position\":3,\"name\":\"NINJA Horno Multifunci\u00f3n 10 en 1 29 litros\"}]},{\"@type\":\"WebSite\",\"@id\":\"https:\/\/dev6.erresse-shop.it\/#website\",\"url\":\"https:\/\/dev6.erresse-shop.it\/\",\"name\":\"Erresse Shop\",\"description\":\"\",\"publisher\":{\"@id\":\"https:\/\/dev6.erresse-shop.it\/#organization\"},\"potentialAction\":[{\"@type\":\"SearchAction\",\"target\":{\"@type\":\"EntryPoint\",\"urlTemplate\":\"https:\/\/dev6.erresse-shop.it\/?s={search_term_string}\"},\"query-input\":{\"@type\":\"PropertyValueSpecification\",\"valueRequired\":true,\"valueName\":\"search_term_string\"}}],\"inLanguage\":\"es\"},{\"@type\":\"Organization\",\"@id\":\"https:\/\/dev6.erresse-shop.it\/#organization\",\"name\":\"Erresse Shop\",\"url\":\"https:\/\/dev6.erresse-shop.it\/\",\"logo\":{\"@type\":\"ImageObject\",\"inLanguage\":\"es\",\"@id\":\"https:\/\/dev6.erresse-shop.it\/#\/schema\/logo\/image\/\",\"url\":\"https:\/\/dev6.erresse-shop.it\/wp-content\/uploads\/2025\/01\/LOGO-ERRESSE-CLASSICO.svg\",\"contentUrl\":\"https:\/\/dev6.erresse-shop.it\/wp-content\/uploads\/2025\/01\/LOGO-ERRESSE-CLASSICO.svg\",\"caption\":\"Erresse Shop\"},\"image\":{\"@id\":\"https:\/\/dev6.erresse-shop.it\/#\/schema\/logo\/image\/\"}}]}<\/script>\n<!-- \/ Yoast SEO plugin. -->","yoast_head_json":{"title":"NINJA Horno Multifunci\u00f3n 10 en 1 29 litros - dev6 Erresse","description":"Horno con 10 funciones de cocci\u00f3n: fre\u00edr al aire, asar, asar entero, gratinar, hornear, pizza, secar, recalentar, tostar, bagel. Cocci\u00f3n r\u00e1pida y uniforme","robots":{"index":"noindex","follow":"follow","max-snippet":"max-snippet:-1","max-image-preview":"max-image-preview:large","max-video-preview":"max-video-preview:-1"},"og_locale":"es_ES","og_type":"article","og_title":"NINJA Horno Multifunci\u00f3n 10 en 1 29 litros - dev6 Erresse","og_description":"Horno con 10 funciones de cocci\u00f3n: fre\u00edr al aire, asar, asar entero, gratinar, hornear, pizza, secar, recalentar, tostar, bagel. Cocci\u00f3n r\u00e1pida y uniforme","og_url":"https:\/\/dev6.erresse-shop.it\/es\/shop\/pequenos-electrodomesticos\/hornos\/ninja-horno-multifuncion-10-en-1-29-litros\/","og_site_name":"dev6 Erresse","og_image":[{"url":"https:\/\/interpim.erresse-shop.it\/Import\/Prodotti\/ninja-forno-multifunzione-10-in-1-29-litri.jpg","type":"","width":"","height":""},{"url":"https:\/\/interpim.erresse-shop.it\/Import\/Prodotti\/ninja-forno-multifunzione-10-in-1-29-litri.jpg","width":1024,"height":1024,"type":"image\/jpeg"}],"twitter_card":"summary_large_image","twitter_image":"https:\/\/interpim.erresse-shop.it\/Import\/Prodotti\/ninja-forno-multifunzione-10-in-1-29-litri.jpg","schema":{"@context":"https:\/\/schema.org","@graph":[{"@type":"WebPage","@id":"https:\/\/dev6.erresse-shop.it\/es\/shop\/pequenos-electrodomesticos\/hornos\/ninja-horno-multifuncion-10-en-1-29-litros\/","url":"https:\/\/dev6.erresse-shop.it\/es\/shop\/pequenos-electrodomesticos\/hornos\/ninja-horno-multifuncion-10-en-1-29-litros\/","name":"NINJA Horno Multifunci\u00f3n 10 en 1 29 litros - dev6 Erresse","isPartOf":{"@id":"https:\/\/dev6.erresse-shop.it\/#website"},"primaryImageOfPage":{"@id":"https:\/\/dev6.erresse-shop.it\/es\/shop\/pequenos-electrodomesticos\/hornos\/ninja-horno-multifuncion-10-en-1-29-litros\/#primaryimage"},"image":{"@id":"https:\/\/dev6.erresse-shop.it\/es\/shop\/pequenos-electrodomesticos\/hornos\/ninja-horno-multifuncion-10-en-1-29-litros\/#primaryimage"},"thumbnailUrl":"https:\/\/i2.wp.com\/interpim.erresse-shop.it\/Import\/Prodotti\/ninja-forno-multifunzione-10-in-1-29-litri.jpg?ssl=1","datePublished":"2026-04-15T06:03:10+00:00","description":"Horno con 10 funciones de cocci\u00f3n: fre\u00edr al aire, asar, asar entero, gratinar, hornear, pizza, secar, recalentar, tostar, bagel. Cocci\u00f3n r\u00e1pida y uniforme","breadcrumb":{"@id":"https:\/\/dev6.erresse-shop.it\/es\/shop\/pequenos-electrodomesticos\/hornos\/ninja-horno-multifuncion-10-en-1-29-litros\/#breadcrumb"},"inLanguage":"es","potentialAction":[{"@type":"ReadAction","target":["https:\/\/dev6.erresse-shop.it\/es\/shop\/pequenos-electrodomesticos\/hornos\/ninja-horno-multifuncion-10-en-1-29-litros\/"]}]},{"@type":"ImageObject","inLanguage":"es","@id":"https:\/\/dev6.erresse-shop.it\/es\/shop\/pequenos-electrodomesticos\/hornos\/ninja-horno-multifuncion-10-en-1-29-litros\/#primaryimage","url":"https:\/\/i2.wp.com\/interpim.erresse-shop.it\/Import\/Prodotti\/ninja-forno-multifunzione-10-in-1-29-litri.jpg?ssl=1","contentUrl":"https:\/\/i2.wp.com\/interpim.erresse-shop.it\/Import\/Prodotti\/ninja-forno-multifunzione-10-in-1-29-litri.jpg?ssl=1"},{"@type":"BreadcrumbList","@id":"https:\/\/dev6.erresse-shop.it\/es\/shop\/pequenos-electrodomesticos\/hornos\/ninja-horno-multifuncion-10-en-1-29-litros\/#breadcrumb","itemListElement":[{"@type":"ListItem","position":1,"name":"Home","item":"https:\/\/dev6.erresse-shop.it\/"},{"@type":"ListItem","position":2,"name":"Tienda","item":"https:\/\/dev6.erresse-shop.it\/shop\/"},{"@type":"ListItem","position":3,"name":"NINJA Horno Multifunci\u00f3n 10 en 1 29 litros"}]},{"@type":"WebSite","@id":"https:\/\/dev6.erresse-shop.it\/#website","url":"https:\/\/dev6.erresse-shop.it\/","name":"Erresse Shop","description":"","publisher":{"@id":"https:\/\/dev6.erresse-shop.it\/#organization"},"potentialAction":[{"@type":"SearchAction","target":{"@type":"EntryPoint","urlTemplate":"https:\/\/dev6.erresse-shop.it\/?s={search_term_string}"},"query-input":{"@type":"PropertyValueSpecification","valueRequired":true,"valueName":"search_term_string"}}],"inLanguage":"es"},{"@type":"Organization","@id":"https:\/\/dev6.erresse-shop.it\/#organization","name":"Erresse Shop","url":"https:\/\/dev6.erresse-shop.it\/","logo":{"@type":"ImageObject","inLanguage":"es","@id":"https:\/\/dev6.erresse-shop.it\/#\/schema\/logo\/image\/","url":"https:\/\/dev6.erresse-shop.it\/wp-content\/uploads\/2025\/01\/LOGO-ERRESSE-CLASSICO.svg","contentUrl":"https:\/\/dev6.erresse-shop.it\/wp-content\/uploads\/2025\/01\/LOGO-ERRESSE-CLASSICO.svg","caption":"Erresse Shop"},"image":{"@id":"https:\/\/dev6.erresse-shop.it\/#\/schema\/logo\/image\/"}}]}},"df_price":299.99,"df_sale_price":"","df_regular_price":299.99,"df_image_link":"https:\/\/i2.wp.com\/interpim.erresse-shop.it\/Import\/Prodotti\/ninja-forno-multifunzione-10-in-1-29-litri.jpg?resize=300,300&ssl=1","fifu_image_url":"https:\/\/interpim.erresse-shop.it\/Import\/Prodotti\/ninja-forno-multifunzione-10-in-1-29-litri.jpg","_links":{"self":[{"href":"https:\/\/dev6.erresse-shop.it\/es\/wp-json\/wp\/v2\/product\/1875454","targetHints":{"allow":["GET"]}}],"collection":[{"href":"https:\/\/dev6.erresse-shop.it\/es\/wp-json\/wp\/v2\/product"}],"about":[{"href":"https:\/\/dev6.erresse-shop.it\/es\/wp-json\/wp\/v2\/types\/product"}],"wp:featuredmedia":[{"embeddable":true,"href":"https:\/\/dev6.erresse-shop.it\/es\/wp-json\/wp\/v2\/media\/6381831"}],"wp:attachment":[{"href":"https:\/\/dev6.erresse-shop.it\/es\/wp-json\/wp\/v2\/media?parent=1875454"}],"wp:term":[{"taxonomy":"product_cat","embeddable":true,"href":"https:\/\/dev6.erresse-shop.it\/es\/wp-json\/wp\/v2\/product_cat?post=1875454"},{"taxonomy":"product_tag","embeddable":true,"href":"https:\/\/dev6.erresse-shop.it\/es\/wp-json\/wp\/v2\/product_tag?post=1875454"}],"curies":[{"name":"wp","href":"https:\/\/api.w.org\/{rel}","templated":true}]}}