{"id":47594,"date":"2026-04-04T12:16:09","date_gmt":"2026-04-04T10:16:09","guid":{"rendered":"https:\/\/dev6.erresse-shop.it\/shop\/uncategorized\/sambonet-arthur-krupp-set-of-12-ancient-wall-plates\/"},"modified":"2026-01-23T20:08:42","modified_gmt":"2026-01-23T19:08:42","slug":"sambonet-arthur-krupp-set-of-12-ancient-wall-plates","status":"publish","type":"product","link":"https:\/\/dev6.erresse-shop.it\/en\/shop\/table\/plates\/sambonet-arthur-krupp-set-of-12-ancient-wall-plates\/","title":{"rendered":"SAMBONET ARTHUR KRUPP Set of 12 Ancient Wall Plates"},"content":{"rendered":"<p>Set of 12 plates, belonging to the Ancient Wall collection, made of fine decorated porcelain. The set includes:<\/p>\n<p>4 dinner plates \u00d8 27.5 cm;<br \/>\n4 soup plates \u00d8 22 cm;<br \/>\n4 fruit plates \u00d8 20 cm<\/p>\n<p>Ideal for adding a touch of style to your mise en place, the Ancient Wall plates reproduce the timeless charm of the walls of industrial buildings. The shine of the porcelain highlights the textures of each individual plate, creating magical optical effects on the table. Made by Arthur Krupp.<\/p>\n","protected":false},"excerpt":{"rendered":"<p>Set of 12 plates, belonging to the Ancient Wall collection, made of fine decorated porcelain. The set includes: 4 dinner plates \u00d8 27.5 cm; 4 soup plates \u00d8 22 cm; 4 fruit plates \u00d8 20 cm Ideal for adding a touch of style to your mise en place, the Ancient Wall plates reproduce the timeless [&hellip;]<\/p>\n","protected":false},"featured_media":6288706,"template":"","meta":{"_acf_changed":false},"product_cat":[11798,11779,11671],"product_tag":[],"class_list":{"0":"post-47594","1":"product","2":"type-product","3":"status-publish","4":"has-post-thumbnail","6":"product_cat-plates","7":"product_cat-table","8":"product_cat-tavola","10":"first","11":"instock","12":"sale","13":"taxable","14":"shipping-taxable","15":"purchasable","16":"product-type-simple","swatches":"rey-swatches","show_selected":"","stretch_labels":"rey-swatches--stretch-labels"},"acf":[],"yoast_head":"<!-- This site is optimized with the Yoast SEO plugin v25.4 - https:\/\/yoast.com\/wordpress\/plugins\/seo\/ -->\n<title>SAMBONET ARTHUR KRUPP Set of 12 Ancient Wall Plates - dev6 Erresse<\/title>\n<meta name=\"description\" content=\"Set of 12 plates, belonging to the Ancient Wall collection, made of fine decorated porcelain. The set includes: 4 dinner plates \u00d8 27.5 cm; 4 soup plates \u00d8\" \/>\n<meta name=\"robots\" content=\"noindex, follow, max-snippet:-1, max-image-preview:large, max-video-preview:-1\" \/>\n<meta property=\"og:locale\" content=\"en_US\" \/>\n<meta property=\"og:type\" content=\"article\" \/>\n<meta property=\"og:title\" content=\"SAMBONET ARTHUR KRUPP Set of 12 Ancient Wall Plates - dev6 Erresse\" \/>\n<meta property=\"og:description\" content=\"Set of 12 plates, belonging to the Ancient Wall collection, made of fine decorated porcelain. The set includes: 4 dinner plates \u00d8 27.5 cm; 4 soup plates \u00d8\" \/>\n<meta property=\"og:url\" content=\"https:\/\/dev6.erresse-shop.it\/en\/shop\/table\/plates\/sambonet-arthur-krupp-set-of-12-ancient-wall-plates\/\" \/>\n<meta property=\"og:site_name\" content=\"dev6 Erresse\" \/>\n<meta property=\"og:image\" content=\"https:\/\/interpim.erresse-shop.it\/img-catalogo\/sambonet\/sambonet-arthur-krupp-set-12-piatti-ancient-wall.jpg\" \/><meta property=\"og:image\" content=\"https:\/\/interpim.erresse-shop.it\/img-catalogo\/sambonet\/sambonet-arthur-krupp-set-12-piatti-ancient-wall.jpg\" \/>\n\t<meta property=\"og:image:width\" content=\"1024\" \/>\n\t<meta property=\"og:image:height\" content=\"1024\" \/>\n\t<meta property=\"og:image:type\" content=\"image\/jpeg\" \/>\n<meta name=\"twitter:card\" content=\"summary_large_image\" \/>\n<meta name=\"twitter:image\" content=\"https:\/\/interpim.erresse-shop.it\/img-catalogo\/sambonet\/sambonet-arthur-krupp-set-12-piatti-ancient-wall.jpg\" \/>\n<script type=\"application\/ld+json\" class=\"yoast-schema-graph\">{\"@context\":\"https:\/\/schema.org\",\"@graph\":[{\"@type\":\"WebPage\",\"@id\":\"https:\/\/dev6.erresse-shop.it\/en\/shop\/table\/plates\/sambonet-arthur-krupp-set-of-12-ancient-wall-plates\/\",\"url\":\"https:\/\/dev6.erresse-shop.it\/en\/shop\/table\/plates\/sambonet-arthur-krupp-set-of-12-ancient-wall-plates\/\",\"name\":\"SAMBONET ARTHUR KRUPP Set of 12 Ancient Wall Plates - dev6 Erresse\",\"isPartOf\":{\"@id\":\"https:\/\/dev6.erresse-shop.it\/#website\"},\"primaryImageOfPage\":{\"@id\":\"https:\/\/dev6.erresse-shop.it\/en\/shop\/table\/plates\/sambonet-arthur-krupp-set-of-12-ancient-wall-plates\/#primaryimage\"},\"image\":{\"@id\":\"https:\/\/dev6.erresse-shop.it\/en\/shop\/table\/plates\/sambonet-arthur-krupp-set-of-12-ancient-wall-plates\/#primaryimage\"},\"thumbnailUrl\":\"https:\/\/i1.wp.com\/interpim.erresse-shop.it\/img-catalogo\/sambonet\/sambonet-arthur-krupp-set-12-piatti-ancient-wall.jpg?ssl=1\",\"datePublished\":\"2026-04-04T10:16:09+00:00\",\"description\":\"Set of 12 plates, belonging to the Ancient Wall collection, made of fine decorated porcelain. The set includes: 4 dinner plates \u00d8 27.5 cm; 4 soup plates \u00d8\",\"breadcrumb\":{\"@id\":\"https:\/\/dev6.erresse-shop.it\/en\/shop\/table\/plates\/sambonet-arthur-krupp-set-of-12-ancient-wall-plates\/#breadcrumb\"},\"inLanguage\":\"en-US\",\"potentialAction\":[{\"@type\":\"ReadAction\",\"target\":[\"https:\/\/dev6.erresse-shop.it\/en\/shop\/table\/plates\/sambonet-arthur-krupp-set-of-12-ancient-wall-plates\/\"]}]},{\"@type\":\"ImageObject\",\"inLanguage\":\"en-US\",\"@id\":\"https:\/\/dev6.erresse-shop.it\/en\/shop\/table\/plates\/sambonet-arthur-krupp-set-of-12-ancient-wall-plates\/#primaryimage\",\"url\":\"https:\/\/i1.wp.com\/interpim.erresse-shop.it\/img-catalogo\/sambonet\/sambonet-arthur-krupp-set-12-piatti-ancient-wall.jpg?ssl=1\",\"contentUrl\":\"https:\/\/i1.wp.com\/interpim.erresse-shop.it\/img-catalogo\/sambonet\/sambonet-arthur-krupp-set-12-piatti-ancient-wall.jpg?ssl=1\"},{\"@type\":\"BreadcrumbList\",\"@id\":\"https:\/\/dev6.erresse-shop.it\/en\/shop\/table\/plates\/sambonet-arthur-krupp-set-of-12-ancient-wall-plates\/#breadcrumb\",\"itemListElement\":[{\"@type\":\"ListItem\",\"position\":1,\"name\":\"Home\",\"item\":\"https:\/\/dev6.erresse-shop.it\/\"},{\"@type\":\"ListItem\",\"position\":2,\"name\":\"Shop\",\"item\":\"https:\/\/dev6.erresse-shop.it\/shop\/\"},{\"@type\":\"ListItem\",\"position\":3,\"name\":\"SAMBONET ARTHUR KRUPP Set of 12 Ancient Wall Plates\"}]},{\"@type\":\"WebSite\",\"@id\":\"https:\/\/dev6.erresse-shop.it\/#website\",\"url\":\"https:\/\/dev6.erresse-shop.it\/\",\"name\":\"Erresse Shop\",\"description\":\"\",\"publisher\":{\"@id\":\"https:\/\/dev6.erresse-shop.it\/#organization\"},\"potentialAction\":[{\"@type\":\"SearchAction\",\"target\":{\"@type\":\"EntryPoint\",\"urlTemplate\":\"https:\/\/dev6.erresse-shop.it\/?s={search_term_string}\"},\"query-input\":{\"@type\":\"PropertyValueSpecification\",\"valueRequired\":true,\"valueName\":\"search_term_string\"}}],\"inLanguage\":\"en-US\"},{\"@type\":\"Organization\",\"@id\":\"https:\/\/dev6.erresse-shop.it\/#organization\",\"name\":\"Erresse Shop\",\"url\":\"https:\/\/dev6.erresse-shop.it\/\",\"logo\":{\"@type\":\"ImageObject\",\"inLanguage\":\"en-US\",\"@id\":\"https:\/\/dev6.erresse-shop.it\/#\/schema\/logo\/image\/\",\"url\":\"https:\/\/dev6.erresse-shop.it\/wp-content\/uploads\/2025\/01\/LOGO-ERRESSE-CLASSICO.svg\",\"contentUrl\":\"https:\/\/dev6.erresse-shop.it\/wp-content\/uploads\/2025\/01\/LOGO-ERRESSE-CLASSICO.svg\",\"caption\":\"Erresse Shop\"},\"image\":{\"@id\":\"https:\/\/dev6.erresse-shop.it\/#\/schema\/logo\/image\/\"}}]}<\/script>\n<!-- \/ Yoast SEO plugin. -->","yoast_head_json":{"title":"SAMBONET ARTHUR KRUPP Set of 12 Ancient Wall Plates - dev6 Erresse","description":"Set of 12 plates, belonging to the Ancient Wall collection, made of fine decorated porcelain. The set includes: 4 dinner plates \u00d8 27.5 cm; 4 soup plates \u00d8","robots":{"index":"noindex","follow":"follow","max-snippet":"max-snippet:-1","max-image-preview":"max-image-preview:large","max-video-preview":"max-video-preview:-1"},"og_locale":"en_US","og_type":"article","og_title":"SAMBONET ARTHUR KRUPP Set of 12 Ancient Wall Plates - dev6 Erresse","og_description":"Set of 12 plates, belonging to the Ancient Wall collection, made of fine decorated porcelain. The set includes: 4 dinner plates \u00d8 27.5 cm; 4 soup plates \u00d8","og_url":"https:\/\/dev6.erresse-shop.it\/en\/shop\/table\/plates\/sambonet-arthur-krupp-set-of-12-ancient-wall-plates\/","og_site_name":"dev6 Erresse","og_image":[{"url":"https:\/\/interpim.erresse-shop.it\/img-catalogo\/sambonet\/sambonet-arthur-krupp-set-12-piatti-ancient-wall.jpg","type":"","width":"","height":""},{"url":"https:\/\/interpim.erresse-shop.it\/img-catalogo\/sambonet\/sambonet-arthur-krupp-set-12-piatti-ancient-wall.jpg","width":1024,"height":1024,"type":"image\/jpeg"}],"twitter_card":"summary_large_image","twitter_image":"https:\/\/interpim.erresse-shop.it\/img-catalogo\/sambonet\/sambonet-arthur-krupp-set-12-piatti-ancient-wall.jpg","schema":{"@context":"https:\/\/schema.org","@graph":[{"@type":"WebPage","@id":"https:\/\/dev6.erresse-shop.it\/en\/shop\/table\/plates\/sambonet-arthur-krupp-set-of-12-ancient-wall-plates\/","url":"https:\/\/dev6.erresse-shop.it\/en\/shop\/table\/plates\/sambonet-arthur-krupp-set-of-12-ancient-wall-plates\/","name":"SAMBONET ARTHUR KRUPP Set of 12 Ancient Wall Plates - dev6 Erresse","isPartOf":{"@id":"https:\/\/dev6.erresse-shop.it\/#website"},"primaryImageOfPage":{"@id":"https:\/\/dev6.erresse-shop.it\/en\/shop\/table\/plates\/sambonet-arthur-krupp-set-of-12-ancient-wall-plates\/#primaryimage"},"image":{"@id":"https:\/\/dev6.erresse-shop.it\/en\/shop\/table\/plates\/sambonet-arthur-krupp-set-of-12-ancient-wall-plates\/#primaryimage"},"thumbnailUrl":"https:\/\/i1.wp.com\/interpim.erresse-shop.it\/img-catalogo\/sambonet\/sambonet-arthur-krupp-set-12-piatti-ancient-wall.jpg?ssl=1","datePublished":"2026-04-04T10:16:09+00:00","description":"Set of 12 plates, belonging to the Ancient Wall collection, made of fine decorated porcelain. The set includes: 4 dinner plates \u00d8 27.5 cm; 4 soup plates \u00d8","breadcrumb":{"@id":"https:\/\/dev6.erresse-shop.it\/en\/shop\/table\/plates\/sambonet-arthur-krupp-set-of-12-ancient-wall-plates\/#breadcrumb"},"inLanguage":"en-US","potentialAction":[{"@type":"ReadAction","target":["https:\/\/dev6.erresse-shop.it\/en\/shop\/table\/plates\/sambonet-arthur-krupp-set-of-12-ancient-wall-plates\/"]}]},{"@type":"ImageObject","inLanguage":"en-US","@id":"https:\/\/dev6.erresse-shop.it\/en\/shop\/table\/plates\/sambonet-arthur-krupp-set-of-12-ancient-wall-plates\/#primaryimage","url":"https:\/\/i1.wp.com\/interpim.erresse-shop.it\/img-catalogo\/sambonet\/sambonet-arthur-krupp-set-12-piatti-ancient-wall.jpg?ssl=1","contentUrl":"https:\/\/i1.wp.com\/interpim.erresse-shop.it\/img-catalogo\/sambonet\/sambonet-arthur-krupp-set-12-piatti-ancient-wall.jpg?ssl=1"},{"@type":"BreadcrumbList","@id":"https:\/\/dev6.erresse-shop.it\/en\/shop\/table\/plates\/sambonet-arthur-krupp-set-of-12-ancient-wall-plates\/#breadcrumb","itemListElement":[{"@type":"ListItem","position":1,"name":"Home","item":"https:\/\/dev6.erresse-shop.it\/"},{"@type":"ListItem","position":2,"name":"Shop","item":"https:\/\/dev6.erresse-shop.it\/shop\/"},{"@type":"ListItem","position":3,"name":"SAMBONET ARTHUR KRUPP Set of 12 Ancient Wall Plates"}]},{"@type":"WebSite","@id":"https:\/\/dev6.erresse-shop.it\/#website","url":"https:\/\/dev6.erresse-shop.it\/","name":"Erresse Shop","description":"","publisher":{"@id":"https:\/\/dev6.erresse-shop.it\/#organization"},"potentialAction":[{"@type":"SearchAction","target":{"@type":"EntryPoint","urlTemplate":"https:\/\/dev6.erresse-shop.it\/?s={search_term_string}"},"query-input":{"@type":"PropertyValueSpecification","valueRequired":true,"valueName":"search_term_string"}}],"inLanguage":"en-US"},{"@type":"Organization","@id":"https:\/\/dev6.erresse-shop.it\/#organization","name":"Erresse Shop","url":"https:\/\/dev6.erresse-shop.it\/","logo":{"@type":"ImageObject","inLanguage":"en-US","@id":"https:\/\/dev6.erresse-shop.it\/#\/schema\/logo\/image\/","url":"https:\/\/dev6.erresse-shop.it\/wp-content\/uploads\/2025\/01\/LOGO-ERRESSE-CLASSICO.svg","contentUrl":"https:\/\/dev6.erresse-shop.it\/wp-content\/uploads\/2025\/01\/LOGO-ERRESSE-CLASSICO.svg","caption":"Erresse Shop"},"image":{"@id":"https:\/\/dev6.erresse-shop.it\/#\/schema\/logo\/image\/"}}]}},"df_price":72.95,"df_sale_price":72.95,"df_regular_price":219.9,"df_image_link":"https:\/\/i1.wp.com\/interpim.erresse-shop.it\/img-catalogo\/sambonet\/sambonet-arthur-krupp-set-12-piatti-ancient-wall.jpg?resize=300,300&ssl=1","fifu_image_url":"https:\/\/interpim.erresse-shop.it\/img-catalogo\/sambonet\/sambonet-arthur-krupp-set-12-piatti-ancient-wall.jpg","_links":{"self":[{"href":"https:\/\/dev6.erresse-shop.it\/en\/wp-json\/wp\/v2\/product\/47594","targetHints":{"allow":["GET"]}}],"collection":[{"href":"https:\/\/dev6.erresse-shop.it\/en\/wp-json\/wp\/v2\/product"}],"about":[{"href":"https:\/\/dev6.erresse-shop.it\/en\/wp-json\/wp\/v2\/types\/product"}],"wp:featuredmedia":[{"embeddable":true,"href":"https:\/\/dev6.erresse-shop.it\/en\/wp-json\/wp\/v2\/media\/6288706"}],"wp:attachment":[{"href":"https:\/\/dev6.erresse-shop.it\/en\/wp-json\/wp\/v2\/media?parent=47594"}],"wp:term":[{"taxonomy":"product_cat","embeddable":true,"href":"https:\/\/dev6.erresse-shop.it\/en\/wp-json\/wp\/v2\/product_cat?post=47594"},{"taxonomy":"product_tag","embeddable":true,"href":"https:\/\/dev6.erresse-shop.it\/en\/wp-json\/wp\/v2\/product_tag?post=47594"}],"curies":[{"name":"wp","href":"https:\/\/api.w.org\/{rel}","templated":true}]}}