{"id":47368,"date":"2026-04-04T12:01:57","date_gmt":"2026-04-04T10:01:57","guid":{"rendered":"https:\/\/dev6.erresse-shop.it\/shop\/uncategorized\/g3-ferrari-pizza-oven-pronto-pizza-2-minuti\/"},"modified":"2026-01-16T22:08:44","modified_gmt":"2026-01-16T21:08:44","slug":"g3-ferrari-pizza-oven-pronto-pizza-2-minuti","status":"publish","type":"product","link":"https:\/\/dev6.erresse-shop.it\/en\/shop\/small-appliances\/ovens\/g3-ferrari-pizza-oven-pronto-pizza-2-minuti\/","title":{"rendered":"G3 FERRARI Pizza oven Pronto Pizza 2 Minuti"},"content":{"rendered":"<p>Pizza Oven<\/p>\n<p>With the Pronto Pizza 2 Minute Pizza Oven, pizza perfection is within reach.<\/p>\n<p>The combination of high temperature (up to 430\u00b0C) and refractory stone ensures rapid and uniform cooking, and with the two separately operable heating elements you have full control over the cooking of the pizza, to always obtain a fragrant base and a well-cooked pizza: bake a perfect Neapolitan pizza in just 2 minutes!<\/p>\n<p>The digital display offers great versatility; it is equipped with 8 programs\u00a0to cook every type of pizza and much more: from Neapolitan to thin and crispy, from pan pizza to frozen pizza, as well as steak, tart and DIY recipes. Furthermore, the oven includes a memory function\u00a0that allows it to remember your favorite settings without having to reset them for each cooking.<\/p>\n<p>The rich set of accessories completes the high-level performance. In addition to the removable refractory stone, the enamelled baking tray for cooking meat, cakes and more, the stainless steel grill and pizza cutter, the large aluminum peel for baking, and the exclusive recipe book by Neapolitan chef Valerio La Rosa are included.<\/p>\n<p>The Pronto Pizza 2 Minute Pizza Oven is completely electric for cooking pizzas as good as in a pizzeria at home, and it is also the best in terms of safety: designed with a forced ventilation cooling system and a door with a 3-level insulation window, its walls are always cold even when used at maximum temperature.<\/p>\n<p>Technical Specifications<\/p>\n<p>Double resistance, upper 850W and lower 850W<br \/>\nTemperature 80\u00b0 \u2013 430\u00b0C, 60 minute timer<br \/>\nDigital display with 8 programs: DIY, Neapolitan, thin, pan, tart, frozen, steak, pizza round<br \/>\nMemory function<br \/>\nResistances can be activated separately<br \/>\nInternal lamp<br \/>\nCold walls with forced ventilation cooling system<br \/>\nDoor with triple borosilicate glass for maximum insulation<br \/>\nAccessories: refractory stone 32\u00d732 cm, enamelled pan \u00d832.5 cm, stainless steel grill, aluminium shovel \u00d832 cm, pizza cutter wheel<br \/>\nPower supply: AC 220-240V ~ 50-60Hz<br \/>\nPower: 1700 W<br \/>\nDimensions (W x H x D): 46 x 28.5 x 50 cm<br \/>\nWeight: 13 Kg<\/p>\n<p>Not for sale outside Europe<\/p>\n","protected":false},"excerpt":{"rendered":"<p>Pizza Oven With the Pronto Pizza 2 Minute Pizza Oven, pizza perfection is within reach. The combination of high temperature (up to 430\u00b0C) and refractory stone ensures rapid and uniform cooking, and with the two separately operable heating elements you have full control over the cooking of the pizza, to always obtain a fragrant base [&hellip;]<\/p>\n","protected":false},"featured_media":6287653,"template":"","meta":{"_acf_changed":false},"product_cat":[11869,11839],"product_tag":[],"class_list":{"0":"post-47368","1":"product","2":"type-product","3":"status-publish","4":"has-post-thumbnail","6":"product_cat-ovens","7":"product_cat-small-appliances","9":"first","10":"instock","11":"sale","12":"taxable","13":"shipping-taxable","14":"purchasable","15":"product-type-simple","swatches":"rey-swatches","show_selected":"","stretch_labels":"rey-swatches--stretch-labels"},"acf":[],"yoast_head":"<!-- This site is optimized with the Yoast SEO plugin v25.4 - https:\/\/yoast.com\/wordpress\/plugins\/seo\/ -->\n<title>G3 FERRARI Pizza oven Pronto Pizza 2 Minuti - dev6 Erresse<\/title>\n<meta name=\"description\" content=\"Pizza Oven With the Pronto Pizza 2 Minute Pizza Oven, pizza perfection is within reach. The combination of high temperature (up to 430\u00b0C) and refractory\" \/>\n<meta name=\"robots\" content=\"noindex, follow, max-snippet:-1, max-image-preview:large, max-video-preview:-1\" \/>\n<meta property=\"og:locale\" content=\"en_US\" \/>\n<meta property=\"og:type\" content=\"article\" \/>\n<meta property=\"og:title\" content=\"G3 FERRARI Pizza oven Pronto Pizza 2 Minuti - dev6 Erresse\" \/>\n<meta property=\"og:description\" content=\"Pizza Oven With the Pronto Pizza 2 Minute Pizza Oven, pizza perfection is within reach. The combination of high temperature (up to 430\u00b0C) and refractory\" \/>\n<meta property=\"og:url\" content=\"https:\/\/dev6.erresse-shop.it\/en\/shop\/small-appliances\/ovens\/g3-ferrari-pizza-oven-pronto-pizza-2-minuti\/\" \/>\n<meta property=\"og:site_name\" content=\"dev6 Erresse\" \/>\n<meta property=\"og:image\" content=\"https:\/\/interpim.erresse-shop.it\/Import\/Prodotti\/g3-ferrari-forno-pizza-pronto-pizza-2-minuti.jpg\" \/><meta property=\"og:image\" content=\"https:\/\/interpim.erresse-shop.it\/Import\/Prodotti\/g3-ferrari-forno-pizza-pronto-pizza-2-minuti.jpg\" \/>\n\t<meta property=\"og:image:width\" content=\"1024\" \/>\n\t<meta property=\"og:image:height\" content=\"1024\" \/>\n\t<meta property=\"og:image:type\" content=\"image\/jpeg\" \/>\n<meta name=\"twitter:card\" content=\"summary_large_image\" \/>\n<meta name=\"twitter:image\" content=\"https:\/\/interpim.erresse-shop.it\/Import\/Prodotti\/g3-ferrari-forno-pizza-pronto-pizza-2-minuti.jpg\" \/>\n<script type=\"application\/ld+json\" class=\"yoast-schema-graph\">{\"@context\":\"https:\/\/schema.org\",\"@graph\":[{\"@type\":\"WebPage\",\"@id\":\"https:\/\/dev6.erresse-shop.it\/en\/shop\/small-appliances\/ovens\/g3-ferrari-pizza-oven-pronto-pizza-2-minuti\/\",\"url\":\"https:\/\/dev6.erresse-shop.it\/en\/shop\/small-appliances\/ovens\/g3-ferrari-pizza-oven-pronto-pizza-2-minuti\/\",\"name\":\"G3 FERRARI Pizza oven Pronto Pizza 2 Minuti - dev6 Erresse\",\"isPartOf\":{\"@id\":\"https:\/\/dev6.erresse-shop.it\/#website\"},\"primaryImageOfPage\":{\"@id\":\"https:\/\/dev6.erresse-shop.it\/en\/shop\/small-appliances\/ovens\/g3-ferrari-pizza-oven-pronto-pizza-2-minuti\/#primaryimage\"},\"image\":{\"@id\":\"https:\/\/dev6.erresse-shop.it\/en\/shop\/small-appliances\/ovens\/g3-ferrari-pizza-oven-pronto-pizza-2-minuti\/#primaryimage\"},\"thumbnailUrl\":\"https:\/\/i3.wp.com\/interpim.erresse-shop.it\/Import\/Prodotti\/g3-ferrari-forno-pizza-pronto-pizza-2-minuti.jpg?ssl=1\",\"datePublished\":\"2026-04-04T10:01:57+00:00\",\"description\":\"Pizza Oven With the Pronto Pizza 2 Minute Pizza Oven, pizza perfection is within reach. The combination of high temperature (up to 430\u00b0C) and refractory\",\"breadcrumb\":{\"@id\":\"https:\/\/dev6.erresse-shop.it\/en\/shop\/small-appliances\/ovens\/g3-ferrari-pizza-oven-pronto-pizza-2-minuti\/#breadcrumb\"},\"inLanguage\":\"en-US\",\"potentialAction\":[{\"@type\":\"ReadAction\",\"target\":[\"https:\/\/dev6.erresse-shop.it\/en\/shop\/small-appliances\/ovens\/g3-ferrari-pizza-oven-pronto-pizza-2-minuti\/\"]}]},{\"@type\":\"ImageObject\",\"inLanguage\":\"en-US\",\"@id\":\"https:\/\/dev6.erresse-shop.it\/en\/shop\/small-appliances\/ovens\/g3-ferrari-pizza-oven-pronto-pizza-2-minuti\/#primaryimage\",\"url\":\"https:\/\/i3.wp.com\/interpim.erresse-shop.it\/Import\/Prodotti\/g3-ferrari-forno-pizza-pronto-pizza-2-minuti.jpg?ssl=1\",\"contentUrl\":\"https:\/\/i3.wp.com\/interpim.erresse-shop.it\/Import\/Prodotti\/g3-ferrari-forno-pizza-pronto-pizza-2-minuti.jpg?ssl=1\"},{\"@type\":\"BreadcrumbList\",\"@id\":\"https:\/\/dev6.erresse-shop.it\/en\/shop\/small-appliances\/ovens\/g3-ferrari-pizza-oven-pronto-pizza-2-minuti\/#breadcrumb\",\"itemListElement\":[{\"@type\":\"ListItem\",\"position\":1,\"name\":\"Home\",\"item\":\"https:\/\/dev6.erresse-shop.it\/\"},{\"@type\":\"ListItem\",\"position\":2,\"name\":\"Shop\",\"item\":\"https:\/\/dev6.erresse-shop.it\/shop\/\"},{\"@type\":\"ListItem\",\"position\":3,\"name\":\"G3 FERRARI Pizza oven Pronto Pizza 2 Minuti\"}]},{\"@type\":\"WebSite\",\"@id\":\"https:\/\/dev6.erresse-shop.it\/#website\",\"url\":\"https:\/\/dev6.erresse-shop.it\/\",\"name\":\"Erresse Shop\",\"description\":\"\",\"publisher\":{\"@id\":\"https:\/\/dev6.erresse-shop.it\/#organization\"},\"potentialAction\":[{\"@type\":\"SearchAction\",\"target\":{\"@type\":\"EntryPoint\",\"urlTemplate\":\"https:\/\/dev6.erresse-shop.it\/?s={search_term_string}\"},\"query-input\":{\"@type\":\"PropertyValueSpecification\",\"valueRequired\":true,\"valueName\":\"search_term_string\"}}],\"inLanguage\":\"en-US\"},{\"@type\":\"Organization\",\"@id\":\"https:\/\/dev6.erresse-shop.it\/#organization\",\"name\":\"Erresse Shop\",\"url\":\"https:\/\/dev6.erresse-shop.it\/\",\"logo\":{\"@type\":\"ImageObject\",\"inLanguage\":\"en-US\",\"@id\":\"https:\/\/dev6.erresse-shop.it\/#\/schema\/logo\/image\/\",\"url\":\"https:\/\/dev6.erresse-shop.it\/wp-content\/uploads\/2025\/01\/LOGO-ERRESSE-CLASSICO.svg\",\"contentUrl\":\"https:\/\/dev6.erresse-shop.it\/wp-content\/uploads\/2025\/01\/LOGO-ERRESSE-CLASSICO.svg\",\"caption\":\"Erresse Shop\"},\"image\":{\"@id\":\"https:\/\/dev6.erresse-shop.it\/#\/schema\/logo\/image\/\"}}]}<\/script>\n<!-- \/ Yoast SEO plugin. -->","yoast_head_json":{"title":"G3 FERRARI Pizza oven Pronto Pizza 2 Minuti - dev6 Erresse","description":"Pizza Oven With the Pronto Pizza 2 Minute Pizza Oven, pizza perfection is within reach. The combination of high temperature (up to 430\u00b0C) and refractory","robots":{"index":"noindex","follow":"follow","max-snippet":"max-snippet:-1","max-image-preview":"max-image-preview:large","max-video-preview":"max-video-preview:-1"},"og_locale":"en_US","og_type":"article","og_title":"G3 FERRARI Pizza oven Pronto Pizza 2 Minuti - dev6 Erresse","og_description":"Pizza Oven With the Pronto Pizza 2 Minute Pizza Oven, pizza perfection is within reach. The combination of high temperature (up to 430\u00b0C) and refractory","og_url":"https:\/\/dev6.erresse-shop.it\/en\/shop\/small-appliances\/ovens\/g3-ferrari-pizza-oven-pronto-pizza-2-minuti\/","og_site_name":"dev6 Erresse","og_image":[{"url":"https:\/\/interpim.erresse-shop.it\/Import\/Prodotti\/g3-ferrari-forno-pizza-pronto-pizza-2-minuti.jpg","type":"","width":"","height":""},{"url":"https:\/\/interpim.erresse-shop.it\/Import\/Prodotti\/g3-ferrari-forno-pizza-pronto-pizza-2-minuti.jpg","width":1024,"height":1024,"type":"image\/jpeg"}],"twitter_card":"summary_large_image","twitter_image":"https:\/\/interpim.erresse-shop.it\/Import\/Prodotti\/g3-ferrari-forno-pizza-pronto-pizza-2-minuti.jpg","schema":{"@context":"https:\/\/schema.org","@graph":[{"@type":"WebPage","@id":"https:\/\/dev6.erresse-shop.it\/en\/shop\/small-appliances\/ovens\/g3-ferrari-pizza-oven-pronto-pizza-2-minuti\/","url":"https:\/\/dev6.erresse-shop.it\/en\/shop\/small-appliances\/ovens\/g3-ferrari-pizza-oven-pronto-pizza-2-minuti\/","name":"G3 FERRARI Pizza oven Pronto Pizza 2 Minuti - dev6 Erresse","isPartOf":{"@id":"https:\/\/dev6.erresse-shop.it\/#website"},"primaryImageOfPage":{"@id":"https:\/\/dev6.erresse-shop.it\/en\/shop\/small-appliances\/ovens\/g3-ferrari-pizza-oven-pronto-pizza-2-minuti\/#primaryimage"},"image":{"@id":"https:\/\/dev6.erresse-shop.it\/en\/shop\/small-appliances\/ovens\/g3-ferrari-pizza-oven-pronto-pizza-2-minuti\/#primaryimage"},"thumbnailUrl":"https:\/\/i3.wp.com\/interpim.erresse-shop.it\/Import\/Prodotti\/g3-ferrari-forno-pizza-pronto-pizza-2-minuti.jpg?ssl=1","datePublished":"2026-04-04T10:01:57+00:00","description":"Pizza Oven With the Pronto Pizza 2 Minute Pizza Oven, pizza perfection is within reach. The combination of high temperature (up to 430\u00b0C) and refractory","breadcrumb":{"@id":"https:\/\/dev6.erresse-shop.it\/en\/shop\/small-appliances\/ovens\/g3-ferrari-pizza-oven-pronto-pizza-2-minuti\/#breadcrumb"},"inLanguage":"en-US","potentialAction":[{"@type":"ReadAction","target":["https:\/\/dev6.erresse-shop.it\/en\/shop\/small-appliances\/ovens\/g3-ferrari-pizza-oven-pronto-pizza-2-minuti\/"]}]},{"@type":"ImageObject","inLanguage":"en-US","@id":"https:\/\/dev6.erresse-shop.it\/en\/shop\/small-appliances\/ovens\/g3-ferrari-pizza-oven-pronto-pizza-2-minuti\/#primaryimage","url":"https:\/\/i3.wp.com\/interpim.erresse-shop.it\/Import\/Prodotti\/g3-ferrari-forno-pizza-pronto-pizza-2-minuti.jpg?ssl=1","contentUrl":"https:\/\/i3.wp.com\/interpim.erresse-shop.it\/Import\/Prodotti\/g3-ferrari-forno-pizza-pronto-pizza-2-minuti.jpg?ssl=1"},{"@type":"BreadcrumbList","@id":"https:\/\/dev6.erresse-shop.it\/en\/shop\/small-appliances\/ovens\/g3-ferrari-pizza-oven-pronto-pizza-2-minuti\/#breadcrumb","itemListElement":[{"@type":"ListItem","position":1,"name":"Home","item":"https:\/\/dev6.erresse-shop.it\/"},{"@type":"ListItem","position":2,"name":"Shop","item":"https:\/\/dev6.erresse-shop.it\/shop\/"},{"@type":"ListItem","position":3,"name":"G3 FERRARI Pizza oven Pronto Pizza 2 Minuti"}]},{"@type":"WebSite","@id":"https:\/\/dev6.erresse-shop.it\/#website","url":"https:\/\/dev6.erresse-shop.it\/","name":"Erresse Shop","description":"","publisher":{"@id":"https:\/\/dev6.erresse-shop.it\/#organization"},"potentialAction":[{"@type":"SearchAction","target":{"@type":"EntryPoint","urlTemplate":"https:\/\/dev6.erresse-shop.it\/?s={search_term_string}"},"query-input":{"@type":"PropertyValueSpecification","valueRequired":true,"valueName":"search_term_string"}}],"inLanguage":"en-US"},{"@type":"Organization","@id":"https:\/\/dev6.erresse-shop.it\/#organization","name":"Erresse Shop","url":"https:\/\/dev6.erresse-shop.it\/","logo":{"@type":"ImageObject","inLanguage":"en-US","@id":"https:\/\/dev6.erresse-shop.it\/#\/schema\/logo\/image\/","url":"https:\/\/dev6.erresse-shop.it\/wp-content\/uploads\/2025\/01\/LOGO-ERRESSE-CLASSICO.svg","contentUrl":"https:\/\/dev6.erresse-shop.it\/wp-content\/uploads\/2025\/01\/LOGO-ERRESSE-CLASSICO.svg","caption":"Erresse Shop"},"image":{"@id":"https:\/\/dev6.erresse-shop.it\/#\/schema\/logo\/image\/"}}]}},"df_price":189.95,"df_sale_price":189.95,"df_regular_price":289.9,"df_image_link":"https:\/\/i3.wp.com\/interpim.erresse-shop.it\/Import\/Prodotti\/g3-ferrari-forno-pizza-pronto-pizza-2-minuti.jpg?resize=300,300&ssl=1","fifu_image_url":"https:\/\/interpim.erresse-shop.it\/Import\/Prodotti\/g3-ferrari-forno-pizza-pronto-pizza-2-minuti.jpg","_links":{"self":[{"href":"https:\/\/dev6.erresse-shop.it\/en\/wp-json\/wp\/v2\/product\/47368","targetHints":{"allow":["GET"]}}],"collection":[{"href":"https:\/\/dev6.erresse-shop.it\/en\/wp-json\/wp\/v2\/product"}],"about":[{"href":"https:\/\/dev6.erresse-shop.it\/en\/wp-json\/wp\/v2\/types\/product"}],"wp:featuredmedia":[{"embeddable":true,"href":"https:\/\/dev6.erresse-shop.it\/en\/wp-json\/wp\/v2\/media\/6287653"}],"wp:attachment":[{"href":"https:\/\/dev6.erresse-shop.it\/en\/wp-json\/wp\/v2\/media?parent=47368"}],"wp:term":[{"taxonomy":"product_cat","embeddable":true,"href":"https:\/\/dev6.erresse-shop.it\/en\/wp-json\/wp\/v2\/product_cat?post=47368"},{"taxonomy":"product_tag","embeddable":true,"href":"https:\/\/dev6.erresse-shop.it\/en\/wp-json\/wp\/v2\/product_tag?post=47368"}],"curies":[{"name":"wp","href":"https:\/\/api.w.org\/{rel}","templated":true}]}}