{"id":47248,"date":"2026-04-10T12:38:24","date_gmt":"2026-04-10T10:38:24","guid":{"rendered":"https:\/\/dev6.erresse-shop.it\/shop\/uncategorized\/guzzini-set-of-3-containers-with-lid\/"},"modified":"2025-07-04T11:31:45","modified_gmt":"2025-07-04T09:31:45","slug":"guzzini-set-of-3-containers-with-lid","status":"publish","type":"product","link":"https:\/\/dev6.erresse-shop.it\/en\/shop\/table\/baskets-bowls\/guzzini-set-of-3-containers-with-lid\/","title":{"rendered":"GUZZINI Set of 3 Containers with Lid"},"content":{"rendered":"<p>Three practical and versatile containers with lids to prepare, store and serve food anywhere and every day.<\/p>\n<p>Dishwasher safe<br \/>\nMicrowave safe (without lid)<br \/>\nStackable<br \/>\nEasy-open: convenient opening tab<br \/>\nBio-based plastic<\/p>\n<p>Dimensions:<br \/>\nLarge: \u00f8 28 x h 13.8 cm<br \/>\nMedium: \u00f8 24 x h 11.2 cm<br \/>\nSmall: \u00f8 20 x h 9.4 cm<\/p>\n<p>Detail Color: Multicolor<br \/>\nMaterial: Recycled Plastic<br \/>\nMade In Italy<\/p>\n<p>\u00a0<\/p>\n","protected":false},"excerpt":{"rendered":"<p>Three practical and versatile containers with lids to prepare, store and serve food anywhere and every day. Dishwasher safe Microwave safe (without lid) Stackable Easy-open: convenient opening tab Bio-based plastic Dimensions: Large: \u00f8 28 x h 13.8 cm Medium: \u00f8 24 x h 11.2 cm Small: \u00f8 20 x h 9.4 cm Detail Color: Multicolor [&hellip;]<\/p>\n","protected":false},"featured_media":6329027,"template":"","meta":{"_acf_changed":false},"product_cat":[11799,11779,11671],"product_tag":[],"class_list":{"0":"post-47248","1":"product","2":"type-product","3":"status-publish","4":"has-post-thumbnail","6":"product_cat-baskets-bowls","7":"product_cat-table","8":"product_cat-tavola","10":"first","11":"instock","12":"taxable","13":"shipping-taxable","14":"product-type-simple","swatches":"rey-swatches","show_selected":"","stretch_labels":"rey-swatches--stretch-labels"},"acf":[],"yoast_head":"<!-- This site is optimized with the Yoast SEO plugin v25.4 - https:\/\/yoast.com\/wordpress\/plugins\/seo\/ -->\n<title>GUZZINI Set of 3 Containers with Lid - dev6 Erresse<\/title>\n<meta name=\"description\" content=\"Three practical and versatile containers with lids to prepare, store and serve food anywhere and every day. Dishwasher safe Microwave safe (without lid)\" \/>\n<meta name=\"robots\" content=\"noindex, follow, max-snippet:-1, max-image-preview:large, max-video-preview:-1\" \/>\n<meta property=\"og:locale\" content=\"en_US\" \/>\n<meta property=\"og:type\" content=\"article\" \/>\n<meta property=\"og:title\" content=\"GUZZINI Set of 3 Containers with Lid - dev6 Erresse\" \/>\n<meta property=\"og:description\" content=\"Three practical and versatile containers with lids to prepare, store and serve food anywhere and every day. Dishwasher safe Microwave safe (without lid)\" \/>\n<meta property=\"og:url\" content=\"https:\/\/dev6.erresse-shop.it\/en\/shop\/table\/baskets-bowls\/guzzini-set-of-3-containers-with-lid\/\" \/>\n<meta property=\"og:site_name\" content=\"dev6 Erresse\" \/>\n<meta property=\"og:image\" content=\"https:\/\/interpim.erresse-shop.it\/Import\/Prodotti\/guzzini-set-3-contenitori-con-coperchio.jpg\" \/><meta property=\"og:image\" content=\"https:\/\/interpim.erresse-shop.it\/Import\/Prodotti\/guzzini-set-3-contenitori-con-coperchio.jpg\" \/>\n\t<meta property=\"og:image:width\" content=\"1024\" \/>\n\t<meta property=\"og:image:height\" content=\"1024\" \/>\n\t<meta property=\"og:image:type\" content=\"image\/jpeg\" \/>\n<meta name=\"twitter:card\" content=\"summary_large_image\" \/>\n<meta name=\"twitter:image\" content=\"https:\/\/interpim.erresse-shop.it\/Import\/Prodotti\/guzzini-set-3-contenitori-con-coperchio.jpg\" \/>\n<script type=\"application\/ld+json\" class=\"yoast-schema-graph\">{\"@context\":\"https:\/\/schema.org\",\"@graph\":[{\"@type\":\"WebPage\",\"@id\":\"https:\/\/dev6.erresse-shop.it\/en\/shop\/table\/baskets-bowls\/guzzini-set-of-3-containers-with-lid\/\",\"url\":\"https:\/\/dev6.erresse-shop.it\/en\/shop\/table\/baskets-bowls\/guzzini-set-of-3-containers-with-lid\/\",\"name\":\"GUZZINI Set of 3 Containers with Lid - dev6 Erresse\",\"isPartOf\":{\"@id\":\"https:\/\/dev6.erresse-shop.it\/#website\"},\"primaryImageOfPage\":{\"@id\":\"https:\/\/dev6.erresse-shop.it\/en\/shop\/table\/baskets-bowls\/guzzini-set-of-3-containers-with-lid\/#primaryimage\"},\"image\":{\"@id\":\"https:\/\/dev6.erresse-shop.it\/en\/shop\/table\/baskets-bowls\/guzzini-set-of-3-containers-with-lid\/#primaryimage\"},\"thumbnailUrl\":\"https:\/\/i3.wp.com\/interpim.erresse-shop.it\/Import\/Prodotti\/guzzini-set-3-contenitori-con-coperchio.jpg?ssl=1\",\"datePublished\":\"2026-04-10T10:38:24+00:00\",\"description\":\"Three practical and versatile containers with lids to prepare, store and serve food anywhere and every day. Dishwasher safe Microwave safe (without lid)\",\"breadcrumb\":{\"@id\":\"https:\/\/dev6.erresse-shop.it\/en\/shop\/table\/baskets-bowls\/guzzini-set-of-3-containers-with-lid\/#breadcrumb\"},\"inLanguage\":\"en-US\",\"potentialAction\":[{\"@type\":\"ReadAction\",\"target\":[\"https:\/\/dev6.erresse-shop.it\/en\/shop\/table\/baskets-bowls\/guzzini-set-of-3-containers-with-lid\/\"]}]},{\"@type\":\"ImageObject\",\"inLanguage\":\"en-US\",\"@id\":\"https:\/\/dev6.erresse-shop.it\/en\/shop\/table\/baskets-bowls\/guzzini-set-of-3-containers-with-lid\/#primaryimage\",\"url\":\"https:\/\/i3.wp.com\/interpim.erresse-shop.it\/Import\/Prodotti\/guzzini-set-3-contenitori-con-coperchio.jpg?ssl=1\",\"contentUrl\":\"https:\/\/i3.wp.com\/interpim.erresse-shop.it\/Import\/Prodotti\/guzzini-set-3-contenitori-con-coperchio.jpg?ssl=1\"},{\"@type\":\"BreadcrumbList\",\"@id\":\"https:\/\/dev6.erresse-shop.it\/en\/shop\/table\/baskets-bowls\/guzzini-set-of-3-containers-with-lid\/#breadcrumb\",\"itemListElement\":[{\"@type\":\"ListItem\",\"position\":1,\"name\":\"Home\",\"item\":\"https:\/\/dev6.erresse-shop.it\/\"},{\"@type\":\"ListItem\",\"position\":2,\"name\":\"Shop\",\"item\":\"https:\/\/dev6.erresse-shop.it\/shop\/\"},{\"@type\":\"ListItem\",\"position\":3,\"name\":\"GUZZINI Set of 3 Containers with Lid\"}]},{\"@type\":\"WebSite\",\"@id\":\"https:\/\/dev6.erresse-shop.it\/#website\",\"url\":\"https:\/\/dev6.erresse-shop.it\/\",\"name\":\"Erresse Shop\",\"description\":\"\",\"publisher\":{\"@id\":\"https:\/\/dev6.erresse-shop.it\/#organization\"},\"potentialAction\":[{\"@type\":\"SearchAction\",\"target\":{\"@type\":\"EntryPoint\",\"urlTemplate\":\"https:\/\/dev6.erresse-shop.it\/?s={search_term_string}\"},\"query-input\":{\"@type\":\"PropertyValueSpecification\",\"valueRequired\":true,\"valueName\":\"search_term_string\"}}],\"inLanguage\":\"en-US\"},{\"@type\":\"Organization\",\"@id\":\"https:\/\/dev6.erresse-shop.it\/#organization\",\"name\":\"Erresse Shop\",\"url\":\"https:\/\/dev6.erresse-shop.it\/\",\"logo\":{\"@type\":\"ImageObject\",\"inLanguage\":\"en-US\",\"@id\":\"https:\/\/dev6.erresse-shop.it\/#\/schema\/logo\/image\/\",\"url\":\"https:\/\/dev6.erresse-shop.it\/wp-content\/uploads\/2025\/01\/LOGO-ERRESSE-CLASSICO.svg\",\"contentUrl\":\"https:\/\/dev6.erresse-shop.it\/wp-content\/uploads\/2025\/01\/LOGO-ERRESSE-CLASSICO.svg\",\"caption\":\"Erresse Shop\"},\"image\":{\"@id\":\"https:\/\/dev6.erresse-shop.it\/#\/schema\/logo\/image\/\"}}]}<\/script>\n<!-- \/ Yoast SEO plugin. -->","yoast_head_json":{"title":"GUZZINI Set of 3 Containers with Lid - dev6 Erresse","description":"Three practical and versatile containers with lids to prepare, store and serve food anywhere and every day. Dishwasher safe Microwave safe (without lid)","robots":{"index":"noindex","follow":"follow","max-snippet":"max-snippet:-1","max-image-preview":"max-image-preview:large","max-video-preview":"max-video-preview:-1"},"og_locale":"en_US","og_type":"article","og_title":"GUZZINI Set of 3 Containers with Lid - dev6 Erresse","og_description":"Three practical and versatile containers with lids to prepare, store and serve food anywhere and every day. Dishwasher safe Microwave safe (without lid)","og_url":"https:\/\/dev6.erresse-shop.it\/en\/shop\/table\/baskets-bowls\/guzzini-set-of-3-containers-with-lid\/","og_site_name":"dev6 Erresse","og_image":[{"url":"https:\/\/interpim.erresse-shop.it\/Import\/Prodotti\/guzzini-set-3-contenitori-con-coperchio.jpg","type":"","width":"","height":""},{"url":"https:\/\/interpim.erresse-shop.it\/Import\/Prodotti\/guzzini-set-3-contenitori-con-coperchio.jpg","width":1024,"height":1024,"type":"image\/jpeg"}],"twitter_card":"summary_large_image","twitter_image":"https:\/\/interpim.erresse-shop.it\/Import\/Prodotti\/guzzini-set-3-contenitori-con-coperchio.jpg","schema":{"@context":"https:\/\/schema.org","@graph":[{"@type":"WebPage","@id":"https:\/\/dev6.erresse-shop.it\/en\/shop\/table\/baskets-bowls\/guzzini-set-of-3-containers-with-lid\/","url":"https:\/\/dev6.erresse-shop.it\/en\/shop\/table\/baskets-bowls\/guzzini-set-of-3-containers-with-lid\/","name":"GUZZINI Set of 3 Containers with Lid - dev6 Erresse","isPartOf":{"@id":"https:\/\/dev6.erresse-shop.it\/#website"},"primaryImageOfPage":{"@id":"https:\/\/dev6.erresse-shop.it\/en\/shop\/table\/baskets-bowls\/guzzini-set-of-3-containers-with-lid\/#primaryimage"},"image":{"@id":"https:\/\/dev6.erresse-shop.it\/en\/shop\/table\/baskets-bowls\/guzzini-set-of-3-containers-with-lid\/#primaryimage"},"thumbnailUrl":"https:\/\/i3.wp.com\/interpim.erresse-shop.it\/Import\/Prodotti\/guzzini-set-3-contenitori-con-coperchio.jpg?ssl=1","datePublished":"2026-04-10T10:38:24+00:00","description":"Three practical and versatile containers with lids to prepare, store and serve food anywhere and every day. Dishwasher safe Microwave safe (without lid)","breadcrumb":{"@id":"https:\/\/dev6.erresse-shop.it\/en\/shop\/table\/baskets-bowls\/guzzini-set-of-3-containers-with-lid\/#breadcrumb"},"inLanguage":"en-US","potentialAction":[{"@type":"ReadAction","target":["https:\/\/dev6.erresse-shop.it\/en\/shop\/table\/baskets-bowls\/guzzini-set-of-3-containers-with-lid\/"]}]},{"@type":"ImageObject","inLanguage":"en-US","@id":"https:\/\/dev6.erresse-shop.it\/en\/shop\/table\/baskets-bowls\/guzzini-set-of-3-containers-with-lid\/#primaryimage","url":"https:\/\/i3.wp.com\/interpim.erresse-shop.it\/Import\/Prodotti\/guzzini-set-3-contenitori-con-coperchio.jpg?ssl=1","contentUrl":"https:\/\/i3.wp.com\/interpim.erresse-shop.it\/Import\/Prodotti\/guzzini-set-3-contenitori-con-coperchio.jpg?ssl=1"},{"@type":"BreadcrumbList","@id":"https:\/\/dev6.erresse-shop.it\/en\/shop\/table\/baskets-bowls\/guzzini-set-of-3-containers-with-lid\/#breadcrumb","itemListElement":[{"@type":"ListItem","position":1,"name":"Home","item":"https:\/\/dev6.erresse-shop.it\/"},{"@type":"ListItem","position":2,"name":"Shop","item":"https:\/\/dev6.erresse-shop.it\/shop\/"},{"@type":"ListItem","position":3,"name":"GUZZINI Set of 3 Containers with Lid"}]},{"@type":"WebSite","@id":"https:\/\/dev6.erresse-shop.it\/#website","url":"https:\/\/dev6.erresse-shop.it\/","name":"Erresse Shop","description":"","publisher":{"@id":"https:\/\/dev6.erresse-shop.it\/#organization"},"potentialAction":[{"@type":"SearchAction","target":{"@type":"EntryPoint","urlTemplate":"https:\/\/dev6.erresse-shop.it\/?s={search_term_string}"},"query-input":{"@type":"PropertyValueSpecification","valueRequired":true,"valueName":"search_term_string"}}],"inLanguage":"en-US"},{"@type":"Organization","@id":"https:\/\/dev6.erresse-shop.it\/#organization","name":"Erresse Shop","url":"https:\/\/dev6.erresse-shop.it\/","logo":{"@type":"ImageObject","inLanguage":"en-US","@id":"https:\/\/dev6.erresse-shop.it\/#\/schema\/logo\/image\/","url":"https:\/\/dev6.erresse-shop.it\/wp-content\/uploads\/2025\/01\/LOGO-ERRESSE-CLASSICO.svg","contentUrl":"https:\/\/dev6.erresse-shop.it\/wp-content\/uploads\/2025\/01\/LOGO-ERRESSE-CLASSICO.svg","caption":"Erresse Shop"},"image":{"@id":"https:\/\/dev6.erresse-shop.it\/#\/schema\/logo\/image\/"}}]}},"df_price":"","df_sale_price":"","df_regular_price":"","df_image_link":"https:\/\/i3.wp.com\/interpim.erresse-shop.it\/Import\/Prodotti\/guzzini-set-3-contenitori-con-coperchio.jpg?resize=300,300&ssl=1","fifu_image_url":"https:\/\/interpim.erresse-shop.it\/Import\/Prodotti\/guzzini-set-3-contenitori-con-coperchio.jpg","_links":{"self":[{"href":"https:\/\/dev6.erresse-shop.it\/en\/wp-json\/wp\/v2\/product\/47248","targetHints":{"allow":["GET"]}}],"collection":[{"href":"https:\/\/dev6.erresse-shop.it\/en\/wp-json\/wp\/v2\/product"}],"about":[{"href":"https:\/\/dev6.erresse-shop.it\/en\/wp-json\/wp\/v2\/types\/product"}],"wp:featuredmedia":[{"embeddable":true,"href":"https:\/\/dev6.erresse-shop.it\/en\/wp-json\/wp\/v2\/media\/6329027"}],"wp:attachment":[{"href":"https:\/\/dev6.erresse-shop.it\/en\/wp-json\/wp\/v2\/media?parent=47248"}],"wp:term":[{"taxonomy":"product_cat","embeddable":true,"href":"https:\/\/dev6.erresse-shop.it\/en\/wp-json\/wp\/v2\/product_cat?post=47248"},{"taxonomy":"product_tag","embeddable":true,"href":"https:\/\/dev6.erresse-shop.it\/en\/wp-json\/wp\/v2\/product_tag?post=47248"}],"curies":[{"name":"wp","href":"https:\/\/api.w.org\/{rel}","templated":true}]}}