{"id":47124,"date":"2026-04-04T14:49:46","date_gmt":"2026-04-04T12:49:46","guid":{"rendered":"https:\/\/dev6.erresse-shop.it\/shop\/uncategorized\/jura-coffee-machine-ena-8-touch-full-nordic-white-including-2-kg-of-coffee\/"},"modified":"2026-01-29T19:17:00","modified_gmt":"2026-01-29T18:17:00","slug":"jura-coffee-machine-ena-8-touch-full-nordic-white-including-2-kg-of-coffee","status":"publish","type":"product","link":"https:\/\/dev6.erresse-shop.it\/en\/shop\/small-appliances\/coffee-machines\/automatic\/jura-coffee-machine-ena-8-touch-full-nordic-white-including-2-kg-of-coffee\/","title":{"rendered":"JURA Coffee Machine ENA 8 Touch Full Nordic White &#8211; including 2 kg of coffee"},"content":{"rendered":"<p>The small machine with a big performance<br \/>\nAre you looking for a perfect coffee experience without requiring a lot of space? The compact ENA 8 is equipped with high-end technologies, such as the Professional Aroma Grinder and the fine foam technology, to create a premium coffee and now, with the two-cup function, can prepare two cups at the same time. With its clean lines and stylish accents, it is an elegant design piece in a small format.<\/p>\n<p>Premium technology<br \/>\nThe Professional Aroma Grinder ensures a more uniform grind, enhancing the coffee aroma by 12.2%, while the innovative fine foam technology creates wonderfully light milk foam for trendy milk specialties. Thanks to the two-cup function, the ENA 8 can now also prepare two black coffee specialties at the same time. The ingenious milk system cleaning function ensures T\u00dcV-certified hygiene, which contributes to perfect results every time.<\/p>\n<p>Simply enjoyable<br \/>\nThanks to the easy-to-use touchscreen display and intuitive operation, you have 15 specialities at your fingertips. The milk system cleaning function can be started at the touch of a button, ensuring T\u00dcV-certified hygiene at all times. You can also operate the coffee machine conveniently from your smartphone, because thanks to WiFi technology, the ENA 8 is also compatible with J.O.E.\u00ae.<\/p>\n<p>Big design, small format<br \/>\nWith its dimensions of just 27.1 x 32.3 x 44.5 cm, our smallest coffee machine fits anywhere without compromising on performance. Despite its compact format, the ENA 8 embodies JURA\u2019s unique quality in both coffee and design. The minimalist design with clear lines, high-quality materials and elegant accents, such as the chrome cup tray and the crystal-clear water tank with diamond effect, are perfect for those who appreciate good taste and good coffee.<\/p>\n<p>FEATURES\/SPECIALITY<br \/>\nNumber of coffee specialties 15<br \/>\n2.8 inch touchscreen color display<br \/>\nIndividually programmable amount of water for coffee: Yes<br \/>\nIndividually programmable coffee strength: 10 levels<br \/>\nIndividually programmable brewing temperature: 3 levels<br \/>\nIndividually programmable amount of milk\/milk foam: Yes<br \/>\nIndividually programmable hot water temperature: 3 levels<br \/>\nCompatible with J.O.E.\u00ae: Yes<br \/>\nWi-Fi connection to the home network: Yes<\/p>\n<p>TECHNICAL FEATURES<br \/>\nDouble spout adjustable in height and width: 68 \u2013 138 mm \/ \u2013<br \/>\nHeight-adjustable hot water spout: 70 \u2013 140 mm<br \/>\nWater tank capacity: 1.1 l<br \/>\nCapacity of the water container \u2026 beans: 125 g<br \/>\nCoffee grounds container (approx. servings): 10<br \/>\nCable length: 1.1 m<br \/>\nVoltage \/ power: 230 V ~ \/ 1450 W<br \/>\nCurrent: 10 A<br \/>\nStandby power: 0 W<br \/>\nWeight: 9.4 kg<br \/>\nDimensions (W \u00d7 H \u00d7 D): 27.1 \u00d7 32.3 \u00d7 44.5 cm<\/p>\n<p>Country of manufacture: Made in Portugal<br \/>\nModel year 2022<\/p>\n","protected":false},"excerpt":{"rendered":"<p>The small machine with a big performance Are you looking for a perfect coffee experience without requiring a lot of space? The compact ENA 8 is equipped with high-end technologies, such as the Professional Aroma Grinder and the fine foam technology, to create a premium coffee and now, with the two-cup function, can prepare two [&hellip;]<\/p>\n","protected":false},"featured_media":6298233,"template":"","meta":{"_acf_changed":false},"product_cat":[11860,11847,11839],"product_tag":[],"class_list":{"0":"post-47124","1":"product","2":"type-product","3":"status-publish","4":"has-post-thumbnail","6":"product_cat-automatic","7":"product_cat-coffee-machines","8":"product_cat-small-appliances","10":"first","11":"instock","12":"sale","13":"taxable","14":"shipping-taxable","15":"purchasable","16":"product-type-simple","swatches":"rey-swatches","show_selected":"","stretch_labels":"rey-swatches--stretch-labels"},"acf":[],"yoast_head":"<!-- This site is optimized with the Yoast SEO plugin v25.4 - https:\/\/yoast.com\/wordpress\/plugins\/seo\/ -->\n<title>JURA Coffee Machine ENA 8 Touch Full Nordic White &#8211; including 2 kg of coffee - dev6 Erresse<\/title>\n<meta name=\"description\" content=\"The small machine with a big performance Are you looking for a perfect coffee experience without requiring a lot of space? The compact ENA 8 is equipped\" \/>\n<meta name=\"robots\" content=\"noindex, follow, max-snippet:-1, max-image-preview:large, max-video-preview:-1\" \/>\n<meta property=\"og:locale\" content=\"en_US\" \/>\n<meta property=\"og:type\" content=\"article\" \/>\n<meta property=\"og:title\" content=\"JURA Coffee Machine ENA 8 Touch Full Nordic White &#8211; including 2 kg of coffee - dev6 Erresse\" \/>\n<meta property=\"og:description\" content=\"The small machine with a big performance Are you looking for a perfect coffee experience without requiring a lot of space? The compact ENA 8 is equipped\" \/>\n<meta property=\"og:url\" content=\"https:\/\/dev6.erresse-shop.it\/en\/shop\/small-appliances\/coffee-machines\/automatic\/jura-coffee-machine-ena-8-touch-full-nordic-white-including-2-kg-of-coffee\/\" \/>\n<meta property=\"og:site_name\" content=\"dev6 Erresse\" \/>\n<meta property=\"og:image\" content=\"https:\/\/interpim.erresse-shop.it\/Import\/Prodotti\/jura-macchina-da-caffe-ena-8-touch-full-nordic-bianco-inclusi-2-kg-di-caffe-1.jpg\" \/><meta property=\"og:image\" content=\"https:\/\/interpim.erresse-shop.it\/Import\/Prodotti\/jura-macchina-da-caffe-ena-8-touch-full-nordic-bianco-inclusi-2-kg-di-caffe-1.jpg\" \/>\n\t<meta property=\"og:image:width\" content=\"1024\" \/>\n\t<meta property=\"og:image:height\" content=\"1024\" \/>\n\t<meta property=\"og:image:type\" content=\"image\/jpeg\" \/>\n<meta name=\"twitter:card\" content=\"summary_large_image\" \/>\n<meta name=\"twitter:image\" content=\"https:\/\/interpim.erresse-shop.it\/Import\/Prodotti\/jura-macchina-da-caffe-ena-8-touch-full-nordic-bianco-inclusi-2-kg-di-caffe-1.jpg\" \/>\n<script type=\"application\/ld+json\" class=\"yoast-schema-graph\">{\"@context\":\"https:\/\/schema.org\",\"@graph\":[{\"@type\":\"WebPage\",\"@id\":\"https:\/\/dev6.erresse-shop.it\/en\/shop\/small-appliances\/coffee-machines\/automatic\/jura-coffee-machine-ena-8-touch-full-nordic-white-including-2-kg-of-coffee\/\",\"url\":\"https:\/\/dev6.erresse-shop.it\/en\/shop\/small-appliances\/coffee-machines\/automatic\/jura-coffee-machine-ena-8-touch-full-nordic-white-including-2-kg-of-coffee\/\",\"name\":\"JURA Coffee Machine ENA 8 Touch Full Nordic White &#8211; including 2 kg of coffee - dev6 Erresse\",\"isPartOf\":{\"@id\":\"https:\/\/dev6.erresse-shop.it\/#website\"},\"primaryImageOfPage\":{\"@id\":\"https:\/\/dev6.erresse-shop.it\/en\/shop\/small-appliances\/coffee-machines\/automatic\/jura-coffee-machine-ena-8-touch-full-nordic-white-including-2-kg-of-coffee\/#primaryimage\"},\"image\":{\"@id\":\"https:\/\/dev6.erresse-shop.it\/en\/shop\/small-appliances\/coffee-machines\/automatic\/jura-coffee-machine-ena-8-touch-full-nordic-white-including-2-kg-of-coffee\/#primaryimage\"},\"thumbnailUrl\":\"https:\/\/i2.wp.com\/interpim.erresse-shop.it\/Import\/Prodotti\/jura-macchina-da-caffe-ena-8-touch-full-nordic-bianco-inclusi-2-kg-di-caffe-1.jpg?ssl=1\",\"datePublished\":\"2026-04-04T12:49:46+00:00\",\"description\":\"The small machine with a big performance Are you looking for a perfect coffee experience without requiring a lot of space? The compact ENA 8 is equipped\",\"breadcrumb\":{\"@id\":\"https:\/\/dev6.erresse-shop.it\/en\/shop\/small-appliances\/coffee-machines\/automatic\/jura-coffee-machine-ena-8-touch-full-nordic-white-including-2-kg-of-coffee\/#breadcrumb\"},\"inLanguage\":\"en-US\",\"potentialAction\":[{\"@type\":\"ReadAction\",\"target\":[\"https:\/\/dev6.erresse-shop.it\/en\/shop\/small-appliances\/coffee-machines\/automatic\/jura-coffee-machine-ena-8-touch-full-nordic-white-including-2-kg-of-coffee\/\"]}]},{\"@type\":\"ImageObject\",\"inLanguage\":\"en-US\",\"@id\":\"https:\/\/dev6.erresse-shop.it\/en\/shop\/small-appliances\/coffee-machines\/automatic\/jura-coffee-machine-ena-8-touch-full-nordic-white-including-2-kg-of-coffee\/#primaryimage\",\"url\":\"https:\/\/i2.wp.com\/interpim.erresse-shop.it\/Import\/Prodotti\/jura-macchina-da-caffe-ena-8-touch-full-nordic-bianco-inclusi-2-kg-di-caffe-1.jpg?ssl=1\",\"contentUrl\":\"https:\/\/i2.wp.com\/interpim.erresse-shop.it\/Import\/Prodotti\/jura-macchina-da-caffe-ena-8-touch-full-nordic-bianco-inclusi-2-kg-di-caffe-1.jpg?ssl=1\"},{\"@type\":\"BreadcrumbList\",\"@id\":\"https:\/\/dev6.erresse-shop.it\/en\/shop\/small-appliances\/coffee-machines\/automatic\/jura-coffee-machine-ena-8-touch-full-nordic-white-including-2-kg-of-coffee\/#breadcrumb\",\"itemListElement\":[{\"@type\":\"ListItem\",\"position\":1,\"name\":\"Home\",\"item\":\"https:\/\/dev6.erresse-shop.it\/\"},{\"@type\":\"ListItem\",\"position\":2,\"name\":\"Shop\",\"item\":\"https:\/\/dev6.erresse-shop.it\/shop\/\"},{\"@type\":\"ListItem\",\"position\":3,\"name\":\"JURA Coffee Machine ENA 8 Touch Full Nordic White &#8211; including 2 kg of coffee\"}]},{\"@type\":\"WebSite\",\"@id\":\"https:\/\/dev6.erresse-shop.it\/#website\",\"url\":\"https:\/\/dev6.erresse-shop.it\/\",\"name\":\"Erresse Shop\",\"description\":\"\",\"publisher\":{\"@id\":\"https:\/\/dev6.erresse-shop.it\/#organization\"},\"potentialAction\":[{\"@type\":\"SearchAction\",\"target\":{\"@type\":\"EntryPoint\",\"urlTemplate\":\"https:\/\/dev6.erresse-shop.it\/?s={search_term_string}\"},\"query-input\":{\"@type\":\"PropertyValueSpecification\",\"valueRequired\":true,\"valueName\":\"search_term_string\"}}],\"inLanguage\":\"en-US\"},{\"@type\":\"Organization\",\"@id\":\"https:\/\/dev6.erresse-shop.it\/#organization\",\"name\":\"Erresse Shop\",\"url\":\"https:\/\/dev6.erresse-shop.it\/\",\"logo\":{\"@type\":\"ImageObject\",\"inLanguage\":\"en-US\",\"@id\":\"https:\/\/dev6.erresse-shop.it\/#\/schema\/logo\/image\/\",\"url\":\"https:\/\/dev6.erresse-shop.it\/wp-content\/uploads\/2025\/01\/LOGO-ERRESSE-CLASSICO.svg\",\"contentUrl\":\"https:\/\/dev6.erresse-shop.it\/wp-content\/uploads\/2025\/01\/LOGO-ERRESSE-CLASSICO.svg\",\"caption\":\"Erresse Shop\"},\"image\":{\"@id\":\"https:\/\/dev6.erresse-shop.it\/#\/schema\/logo\/image\/\"}}]}<\/script>\n<!-- \/ Yoast SEO plugin. -->","yoast_head_json":{"title":"JURA Coffee Machine ENA 8 Touch Full Nordic White &#8211; including 2 kg of coffee - dev6 Erresse","description":"The small machine with a big performance Are you looking for a perfect coffee experience without requiring a lot of space? The compact ENA 8 is equipped","robots":{"index":"noindex","follow":"follow","max-snippet":"max-snippet:-1","max-image-preview":"max-image-preview:large","max-video-preview":"max-video-preview:-1"},"og_locale":"en_US","og_type":"article","og_title":"JURA Coffee Machine ENA 8 Touch Full Nordic White &#8211; including 2 kg of coffee - dev6 Erresse","og_description":"The small machine with a big performance Are you looking for a perfect coffee experience without requiring a lot of space? The compact ENA 8 is equipped","og_url":"https:\/\/dev6.erresse-shop.it\/en\/shop\/small-appliances\/coffee-machines\/automatic\/jura-coffee-machine-ena-8-touch-full-nordic-white-including-2-kg-of-coffee\/","og_site_name":"dev6 Erresse","og_image":[{"url":"https:\/\/interpim.erresse-shop.it\/Import\/Prodotti\/jura-macchina-da-caffe-ena-8-touch-full-nordic-bianco-inclusi-2-kg-di-caffe-1.jpg","type":"","width":"","height":""},{"url":"https:\/\/interpim.erresse-shop.it\/Import\/Prodotti\/jura-macchina-da-caffe-ena-8-touch-full-nordic-bianco-inclusi-2-kg-di-caffe-1.jpg","width":1024,"height":1024,"type":"image\/jpeg"}],"twitter_card":"summary_large_image","twitter_image":"https:\/\/interpim.erresse-shop.it\/Import\/Prodotti\/jura-macchina-da-caffe-ena-8-touch-full-nordic-bianco-inclusi-2-kg-di-caffe-1.jpg","schema":{"@context":"https:\/\/schema.org","@graph":[{"@type":"WebPage","@id":"https:\/\/dev6.erresse-shop.it\/en\/shop\/small-appliances\/coffee-machines\/automatic\/jura-coffee-machine-ena-8-touch-full-nordic-white-including-2-kg-of-coffee\/","url":"https:\/\/dev6.erresse-shop.it\/en\/shop\/small-appliances\/coffee-machines\/automatic\/jura-coffee-machine-ena-8-touch-full-nordic-white-including-2-kg-of-coffee\/","name":"JURA Coffee Machine ENA 8 Touch Full Nordic White &#8211; including 2 kg of coffee - dev6 Erresse","isPartOf":{"@id":"https:\/\/dev6.erresse-shop.it\/#website"},"primaryImageOfPage":{"@id":"https:\/\/dev6.erresse-shop.it\/en\/shop\/small-appliances\/coffee-machines\/automatic\/jura-coffee-machine-ena-8-touch-full-nordic-white-including-2-kg-of-coffee\/#primaryimage"},"image":{"@id":"https:\/\/dev6.erresse-shop.it\/en\/shop\/small-appliances\/coffee-machines\/automatic\/jura-coffee-machine-ena-8-touch-full-nordic-white-including-2-kg-of-coffee\/#primaryimage"},"thumbnailUrl":"https:\/\/i2.wp.com\/interpim.erresse-shop.it\/Import\/Prodotti\/jura-macchina-da-caffe-ena-8-touch-full-nordic-bianco-inclusi-2-kg-di-caffe-1.jpg?ssl=1","datePublished":"2026-04-04T12:49:46+00:00","description":"The small machine with a big performance Are you looking for a perfect coffee experience without requiring a lot of space? The compact ENA 8 is equipped","breadcrumb":{"@id":"https:\/\/dev6.erresse-shop.it\/en\/shop\/small-appliances\/coffee-machines\/automatic\/jura-coffee-machine-ena-8-touch-full-nordic-white-including-2-kg-of-coffee\/#breadcrumb"},"inLanguage":"en-US","potentialAction":[{"@type":"ReadAction","target":["https:\/\/dev6.erresse-shop.it\/en\/shop\/small-appliances\/coffee-machines\/automatic\/jura-coffee-machine-ena-8-touch-full-nordic-white-including-2-kg-of-coffee\/"]}]},{"@type":"ImageObject","inLanguage":"en-US","@id":"https:\/\/dev6.erresse-shop.it\/en\/shop\/small-appliances\/coffee-machines\/automatic\/jura-coffee-machine-ena-8-touch-full-nordic-white-including-2-kg-of-coffee\/#primaryimage","url":"https:\/\/i2.wp.com\/interpim.erresse-shop.it\/Import\/Prodotti\/jura-macchina-da-caffe-ena-8-touch-full-nordic-bianco-inclusi-2-kg-di-caffe-1.jpg?ssl=1","contentUrl":"https:\/\/i2.wp.com\/interpim.erresse-shop.it\/Import\/Prodotti\/jura-macchina-da-caffe-ena-8-touch-full-nordic-bianco-inclusi-2-kg-di-caffe-1.jpg?ssl=1"},{"@type":"BreadcrumbList","@id":"https:\/\/dev6.erresse-shop.it\/en\/shop\/small-appliances\/coffee-machines\/automatic\/jura-coffee-machine-ena-8-touch-full-nordic-white-including-2-kg-of-coffee\/#breadcrumb","itemListElement":[{"@type":"ListItem","position":1,"name":"Home","item":"https:\/\/dev6.erresse-shop.it\/"},{"@type":"ListItem","position":2,"name":"Shop","item":"https:\/\/dev6.erresse-shop.it\/shop\/"},{"@type":"ListItem","position":3,"name":"JURA Coffee Machine ENA 8 Touch Full Nordic White &#8211; including 2 kg of coffee"}]},{"@type":"WebSite","@id":"https:\/\/dev6.erresse-shop.it\/#website","url":"https:\/\/dev6.erresse-shop.it\/","name":"Erresse Shop","description":"","publisher":{"@id":"https:\/\/dev6.erresse-shop.it\/#organization"},"potentialAction":[{"@type":"SearchAction","target":{"@type":"EntryPoint","urlTemplate":"https:\/\/dev6.erresse-shop.it\/?s={search_term_string}"},"query-input":{"@type":"PropertyValueSpecification","valueRequired":true,"valueName":"search_term_string"}}],"inLanguage":"en-US"},{"@type":"Organization","@id":"https:\/\/dev6.erresse-shop.it\/#organization","name":"Erresse Shop","url":"https:\/\/dev6.erresse-shop.it\/","logo":{"@type":"ImageObject","inLanguage":"en-US","@id":"https:\/\/dev6.erresse-shop.it\/#\/schema\/logo\/image\/","url":"https:\/\/dev6.erresse-shop.it\/wp-content\/uploads\/2025\/01\/LOGO-ERRESSE-CLASSICO.svg","contentUrl":"https:\/\/dev6.erresse-shop.it\/wp-content\/uploads\/2025\/01\/LOGO-ERRESSE-CLASSICO.svg","caption":"Erresse Shop"},"image":{"@id":"https:\/\/dev6.erresse-shop.it\/#\/schema\/logo\/image\/"}}]}},"df_price":929.95,"df_sale_price":929.95,"df_regular_price":1249,"df_image_link":"https:\/\/i2.wp.com\/interpim.erresse-shop.it\/Import\/Prodotti\/jura-macchina-da-caffe-ena-8-touch-full-nordic-bianco-inclusi-2-kg-di-caffe-1.jpg?resize=300,300&ssl=1","fifu_image_url":"https:\/\/interpim.erresse-shop.it\/Import\/Prodotti\/jura-macchina-da-caffe-ena-8-touch-full-nordic-bianco-inclusi-2-kg-di-caffe-1.jpg","_links":{"self":[{"href":"https:\/\/dev6.erresse-shop.it\/en\/wp-json\/wp\/v2\/product\/47124","targetHints":{"allow":["GET"]}}],"collection":[{"href":"https:\/\/dev6.erresse-shop.it\/en\/wp-json\/wp\/v2\/product"}],"about":[{"href":"https:\/\/dev6.erresse-shop.it\/en\/wp-json\/wp\/v2\/types\/product"}],"wp:featuredmedia":[{"embeddable":true,"href":"https:\/\/dev6.erresse-shop.it\/en\/wp-json\/wp\/v2\/media\/6298233"}],"wp:attachment":[{"href":"https:\/\/dev6.erresse-shop.it\/en\/wp-json\/wp\/v2\/media?parent=47124"}],"wp:term":[{"taxonomy":"product_cat","embeddable":true,"href":"https:\/\/dev6.erresse-shop.it\/en\/wp-json\/wp\/v2\/product_cat?post=47124"},{"taxonomy":"product_tag","embeddable":true,"href":"https:\/\/dev6.erresse-shop.it\/en\/wp-json\/wp\/v2\/product_tag?post=47124"}],"curies":[{"name":"wp","href":"https:\/\/api.w.org\/{rel}","templated":true}]}}