{"id":43440,"date":"2026-04-12T09:33:33","date_gmt":"2026-04-12T07:33:33","guid":{"rendered":"https:\/\/dev6.erresse-shop.it\/shop\/uncategorized\/riedel-ayam-decanter\/"},"modified":"2025-07-04T09:31:26","modified_gmt":"2025-07-04T07:31:26","slug":"riedel-ayam-decanter","status":"publish","type":"product","link":"https:\/\/dev6.erresse-shop.it\/en\/shop\/table\/wine-bar-corkscrew\/decanters\/riedel-ayam-decanter\/","title":{"rendered":"RIEDEL Ayam Decanter"},"content":{"rendered":"<p>RIEDEL offers a wide range of elegant blown-glass decanters to suit every lifestyle. A decanter is a must-have item for any wine lover, and all RIEDEL decanters are made of fine crystal to give quality wines the treatment they deserve. Aged and young wines can benefit from decanting, whether it is to remove sediment or to make them softer and rounder.<\/p>\n<p>The Ayam decanter is inspired by and named after a rare breed of Indonesian hen. This functional wine-tasting instrument makes a unique centrepiece.<br \/>\nModelled freehand, the decanter has a wide mouth for filling and pouring wine, which opens into a wider base that allows oxygen exchange between the air stream and the wine. The curved, tapered end doubles as an elegant handle for the Ayam.Mod\u00e9lis\u00e9e \u00e0 main lev\u00e9e, la carafe poss\u00e8de un large goulot pour remplir et verser le vin, qui s\u2019ouvre sur une base plus large permettant l\u2019\u00e9change d\u2019oxyg\u00e8ne entre le courant d\u2019air et le vin. L\u2019extr\u00e9mit\u00e9 courb\u00e9e et effil\u00e9e sert de poign\u00e9e \u00e9l\u00e9gante pour l\u2019Ayam.<\/p>\n<p>This decanter can hold a standard bottle of wine.<\/p>\n<p>Handmade. Hand wash only.<\/p>\n<p>Height: 325.0 mm<br \/>\nVolume: 1500.0 ccm<br \/>\nHeight: 350.0 mm<\/p>\n","protected":false},"excerpt":{"rendered":"<p>RIEDEL offers a wide range of elegant blown-glass decanters to suit every lifestyle. A decanter is a must-have item for any wine lover, and all RIEDEL decanters are made of fine crystal to give quality wines the treatment they deserve. Aged and young wines can benefit from decanting, whether it is to remove sediment or [&hellip;]<\/p>\n","protected":false},"featured_media":6361492,"template":"","meta":{"_acf_changed":false},"product_cat":[11867,11779,11853],"product_tag":[],"class_list":{"0":"post-43440","1":"product","2":"type-product","3":"status-publish","4":"has-post-thumbnail","6":"product_cat-decanters","7":"product_cat-table","8":"product_cat-wine-bar-corkscrew","10":"first","11":"outofstock","12":"sale","13":"taxable","14":"shipping-taxable","15":"purchasable","16":"product-type-simple","swatches":"rey-swatches","show_selected":"","stretch_labels":"rey-swatches--stretch-labels"},"acf":[],"yoast_head":"<!-- This site is optimized with the Yoast SEO plugin v25.4 - https:\/\/yoast.com\/wordpress\/plugins\/seo\/ -->\n<title>RIEDEL Ayam Decanter - dev6 Erresse<\/title>\n<meta name=\"description\" content=\"RIEDEL offers a wide range of elegant blown-glass decanters to suit every lifestyle. A decanter is a must-have item for any wine lover, and all RIEDEL\" \/>\n<meta name=\"robots\" content=\"noindex, follow, max-snippet:-1, max-image-preview:large, max-video-preview:-1\" \/>\n<meta property=\"og:locale\" content=\"en_US\" \/>\n<meta property=\"og:type\" content=\"article\" \/>\n<meta property=\"og:title\" content=\"RIEDEL Ayam Decanter - dev6 Erresse\" \/>\n<meta property=\"og:description\" content=\"RIEDEL offers a wide range of elegant blown-glass decanters to suit every lifestyle. A decanter is a must-have item for any wine lover, and all RIEDEL\" \/>\n<meta property=\"og:url\" content=\"https:\/\/dev6.erresse-shop.it\/en\/shop\/table\/wine-bar-corkscrew\/decanters\/riedel-ayam-decanter\/\" \/>\n<meta property=\"og:site_name\" content=\"dev6 Erresse\" \/>\n<meta property=\"og:image\" content=\"https:\/\/interpim.erresse-shop.it\/Import\/Prodotti\/riedel-ayam-decanter.jpg\" \/><meta property=\"og:image\" content=\"https:\/\/interpim.erresse-shop.it\/Import\/Prodotti\/riedel-ayam-decanter.jpg\" \/>\n\t<meta property=\"og:image:width\" content=\"1024\" \/>\n\t<meta property=\"og:image:height\" content=\"1024\" \/>\n\t<meta property=\"og:image:type\" content=\"image\/jpeg\" \/>\n<meta name=\"twitter:card\" content=\"summary_large_image\" \/>\n<meta name=\"twitter:image\" content=\"https:\/\/interpim.erresse-shop.it\/Import\/Prodotti\/riedel-ayam-decanter.jpg\" \/>\n<script type=\"application\/ld+json\" class=\"yoast-schema-graph\">{\"@context\":\"https:\/\/schema.org\",\"@graph\":[{\"@type\":\"WebPage\",\"@id\":\"https:\/\/dev6.erresse-shop.it\/en\/shop\/table\/wine-bar-corkscrew\/decanters\/riedel-ayam-decanter\/\",\"url\":\"https:\/\/dev6.erresse-shop.it\/en\/shop\/table\/wine-bar-corkscrew\/decanters\/riedel-ayam-decanter\/\",\"name\":\"RIEDEL Ayam Decanter - dev6 Erresse\",\"isPartOf\":{\"@id\":\"https:\/\/dev6.erresse-shop.it\/#website\"},\"primaryImageOfPage\":{\"@id\":\"https:\/\/dev6.erresse-shop.it\/en\/shop\/table\/wine-bar-corkscrew\/decanters\/riedel-ayam-decanter\/#primaryimage\"},\"image\":{\"@id\":\"https:\/\/dev6.erresse-shop.it\/en\/shop\/table\/wine-bar-corkscrew\/decanters\/riedel-ayam-decanter\/#primaryimage\"},\"thumbnailUrl\":\"https:\/\/i0.wp.com\/interpim.erresse-shop.it\/Import\/Prodotti\/riedel-ayam-decanter.jpg?ssl=1\",\"datePublished\":\"2026-04-12T07:33:33+00:00\",\"description\":\"RIEDEL offers a wide range of elegant blown-glass decanters to suit every lifestyle. A decanter is a must-have item for any wine lover, and all RIEDEL\",\"breadcrumb\":{\"@id\":\"https:\/\/dev6.erresse-shop.it\/en\/shop\/table\/wine-bar-corkscrew\/decanters\/riedel-ayam-decanter\/#breadcrumb\"},\"inLanguage\":\"en-US\",\"potentialAction\":[{\"@type\":\"ReadAction\",\"target\":[\"https:\/\/dev6.erresse-shop.it\/en\/shop\/table\/wine-bar-corkscrew\/decanters\/riedel-ayam-decanter\/\"]}]},{\"@type\":\"ImageObject\",\"inLanguage\":\"en-US\",\"@id\":\"https:\/\/dev6.erresse-shop.it\/en\/shop\/table\/wine-bar-corkscrew\/decanters\/riedel-ayam-decanter\/#primaryimage\",\"url\":\"https:\/\/i0.wp.com\/interpim.erresse-shop.it\/Import\/Prodotti\/riedel-ayam-decanter.jpg?ssl=1\",\"contentUrl\":\"https:\/\/i0.wp.com\/interpim.erresse-shop.it\/Import\/Prodotti\/riedel-ayam-decanter.jpg?ssl=1\"},{\"@type\":\"BreadcrumbList\",\"@id\":\"https:\/\/dev6.erresse-shop.it\/en\/shop\/table\/wine-bar-corkscrew\/decanters\/riedel-ayam-decanter\/#breadcrumb\",\"itemListElement\":[{\"@type\":\"ListItem\",\"position\":1,\"name\":\"Home\",\"item\":\"https:\/\/dev6.erresse-shop.it\/\"},{\"@type\":\"ListItem\",\"position\":2,\"name\":\"Shop\",\"item\":\"https:\/\/dev6.erresse-shop.it\/shop\/\"},{\"@type\":\"ListItem\",\"position\":3,\"name\":\"RIEDEL Ayam Decanter\"}]},{\"@type\":\"WebSite\",\"@id\":\"https:\/\/dev6.erresse-shop.it\/#website\",\"url\":\"https:\/\/dev6.erresse-shop.it\/\",\"name\":\"Erresse Shop\",\"description\":\"\",\"publisher\":{\"@id\":\"https:\/\/dev6.erresse-shop.it\/#organization\"},\"potentialAction\":[{\"@type\":\"SearchAction\",\"target\":{\"@type\":\"EntryPoint\",\"urlTemplate\":\"https:\/\/dev6.erresse-shop.it\/?s={search_term_string}\"},\"query-input\":{\"@type\":\"PropertyValueSpecification\",\"valueRequired\":true,\"valueName\":\"search_term_string\"}}],\"inLanguage\":\"en-US\"},{\"@type\":\"Organization\",\"@id\":\"https:\/\/dev6.erresse-shop.it\/#organization\",\"name\":\"Erresse Shop\",\"url\":\"https:\/\/dev6.erresse-shop.it\/\",\"logo\":{\"@type\":\"ImageObject\",\"inLanguage\":\"en-US\",\"@id\":\"https:\/\/dev6.erresse-shop.it\/#\/schema\/logo\/image\/\",\"url\":\"https:\/\/dev6.erresse-shop.it\/wp-content\/uploads\/2025\/01\/LOGO-ERRESSE-CLASSICO.svg\",\"contentUrl\":\"https:\/\/dev6.erresse-shop.it\/wp-content\/uploads\/2025\/01\/LOGO-ERRESSE-CLASSICO.svg\",\"caption\":\"Erresse Shop\"},\"image\":{\"@id\":\"https:\/\/dev6.erresse-shop.it\/#\/schema\/logo\/image\/\"}}]}<\/script>\n<!-- \/ Yoast SEO plugin. -->","yoast_head_json":{"title":"RIEDEL Ayam Decanter - dev6 Erresse","description":"RIEDEL offers a wide range of elegant blown-glass decanters to suit every lifestyle. A decanter is a must-have item for any wine lover, and all RIEDEL","robots":{"index":"noindex","follow":"follow","max-snippet":"max-snippet:-1","max-image-preview":"max-image-preview:large","max-video-preview":"max-video-preview:-1"},"og_locale":"en_US","og_type":"article","og_title":"RIEDEL Ayam Decanter - dev6 Erresse","og_description":"RIEDEL offers a wide range of elegant blown-glass decanters to suit every lifestyle. A decanter is a must-have item for any wine lover, and all RIEDEL","og_url":"https:\/\/dev6.erresse-shop.it\/en\/shop\/table\/wine-bar-corkscrew\/decanters\/riedel-ayam-decanter\/","og_site_name":"dev6 Erresse","og_image":[{"url":"https:\/\/interpim.erresse-shop.it\/Import\/Prodotti\/riedel-ayam-decanter.jpg","type":"","width":"","height":""},{"url":"https:\/\/interpim.erresse-shop.it\/Import\/Prodotti\/riedel-ayam-decanter.jpg","width":1024,"height":1024,"type":"image\/jpeg"}],"twitter_card":"summary_large_image","twitter_image":"https:\/\/interpim.erresse-shop.it\/Import\/Prodotti\/riedel-ayam-decanter.jpg","schema":{"@context":"https:\/\/schema.org","@graph":[{"@type":"WebPage","@id":"https:\/\/dev6.erresse-shop.it\/en\/shop\/table\/wine-bar-corkscrew\/decanters\/riedel-ayam-decanter\/","url":"https:\/\/dev6.erresse-shop.it\/en\/shop\/table\/wine-bar-corkscrew\/decanters\/riedel-ayam-decanter\/","name":"RIEDEL Ayam Decanter - dev6 Erresse","isPartOf":{"@id":"https:\/\/dev6.erresse-shop.it\/#website"},"primaryImageOfPage":{"@id":"https:\/\/dev6.erresse-shop.it\/en\/shop\/table\/wine-bar-corkscrew\/decanters\/riedel-ayam-decanter\/#primaryimage"},"image":{"@id":"https:\/\/dev6.erresse-shop.it\/en\/shop\/table\/wine-bar-corkscrew\/decanters\/riedel-ayam-decanter\/#primaryimage"},"thumbnailUrl":"https:\/\/i0.wp.com\/interpim.erresse-shop.it\/Import\/Prodotti\/riedel-ayam-decanter.jpg?ssl=1","datePublished":"2026-04-12T07:33:33+00:00","description":"RIEDEL offers a wide range of elegant blown-glass decanters to suit every lifestyle. A decanter is a must-have item for any wine lover, and all RIEDEL","breadcrumb":{"@id":"https:\/\/dev6.erresse-shop.it\/en\/shop\/table\/wine-bar-corkscrew\/decanters\/riedel-ayam-decanter\/#breadcrumb"},"inLanguage":"en-US","potentialAction":[{"@type":"ReadAction","target":["https:\/\/dev6.erresse-shop.it\/en\/shop\/table\/wine-bar-corkscrew\/decanters\/riedel-ayam-decanter\/"]}]},{"@type":"ImageObject","inLanguage":"en-US","@id":"https:\/\/dev6.erresse-shop.it\/en\/shop\/table\/wine-bar-corkscrew\/decanters\/riedel-ayam-decanter\/#primaryimage","url":"https:\/\/i0.wp.com\/interpim.erresse-shop.it\/Import\/Prodotti\/riedel-ayam-decanter.jpg?ssl=1","contentUrl":"https:\/\/i0.wp.com\/interpim.erresse-shop.it\/Import\/Prodotti\/riedel-ayam-decanter.jpg?ssl=1"},{"@type":"BreadcrumbList","@id":"https:\/\/dev6.erresse-shop.it\/en\/shop\/table\/wine-bar-corkscrew\/decanters\/riedel-ayam-decanter\/#breadcrumb","itemListElement":[{"@type":"ListItem","position":1,"name":"Home","item":"https:\/\/dev6.erresse-shop.it\/"},{"@type":"ListItem","position":2,"name":"Shop","item":"https:\/\/dev6.erresse-shop.it\/shop\/"},{"@type":"ListItem","position":3,"name":"RIEDEL Ayam Decanter"}]},{"@type":"WebSite","@id":"https:\/\/dev6.erresse-shop.it\/#website","url":"https:\/\/dev6.erresse-shop.it\/","name":"Erresse Shop","description":"","publisher":{"@id":"https:\/\/dev6.erresse-shop.it\/#organization"},"potentialAction":[{"@type":"SearchAction","target":{"@type":"EntryPoint","urlTemplate":"https:\/\/dev6.erresse-shop.it\/?s={search_term_string}"},"query-input":{"@type":"PropertyValueSpecification","valueRequired":true,"valueName":"search_term_string"}}],"inLanguage":"en-US"},{"@type":"Organization","@id":"https:\/\/dev6.erresse-shop.it\/#organization","name":"Erresse Shop","url":"https:\/\/dev6.erresse-shop.it\/","logo":{"@type":"ImageObject","inLanguage":"en-US","@id":"https:\/\/dev6.erresse-shop.it\/#\/schema\/logo\/image\/","url":"https:\/\/dev6.erresse-shop.it\/wp-content\/uploads\/2025\/01\/LOGO-ERRESSE-CLASSICO.svg","contentUrl":"https:\/\/dev6.erresse-shop.it\/wp-content\/uploads\/2025\/01\/LOGO-ERRESSE-CLASSICO.svg","caption":"Erresse Shop"},"image":{"@id":"https:\/\/dev6.erresse-shop.it\/#\/schema\/logo\/image\/"}}]}},"df_price":249.95,"df_sale_price":249.95,"df_regular_price":299,"df_image_link":"https:\/\/i0.wp.com\/interpim.erresse-shop.it\/Import\/Prodotti\/riedel-ayam-decanter.jpg?resize=300,300&ssl=1","fifu_image_url":"https:\/\/interpim.erresse-shop.it\/Import\/Prodotti\/riedel-ayam-decanter.jpg","_links":{"self":[{"href":"https:\/\/dev6.erresse-shop.it\/en\/wp-json\/wp\/v2\/product\/43440","targetHints":{"allow":["GET"]}}],"collection":[{"href":"https:\/\/dev6.erresse-shop.it\/en\/wp-json\/wp\/v2\/product"}],"about":[{"href":"https:\/\/dev6.erresse-shop.it\/en\/wp-json\/wp\/v2\/types\/product"}],"wp:featuredmedia":[{"embeddable":true,"href":"https:\/\/dev6.erresse-shop.it\/en\/wp-json\/wp\/v2\/media\/6361492"}],"wp:attachment":[{"href":"https:\/\/dev6.erresse-shop.it\/en\/wp-json\/wp\/v2\/media?parent=43440"}],"wp:term":[{"taxonomy":"product_cat","embeddable":true,"href":"https:\/\/dev6.erresse-shop.it\/en\/wp-json\/wp\/v2\/product_cat?post=43440"},{"taxonomy":"product_tag","embeddable":true,"href":"https:\/\/dev6.erresse-shop.it\/en\/wp-json\/wp\/v2\/product_tag?post=43440"}],"curies":[{"name":"wp","href":"https:\/\/api.w.org\/{rel}","templated":true}]}}