{"id":42951,"date":"2026-04-12T09:21:59","date_gmt":"2026-04-12T07:21:59","guid":{"rendered":"https:\/\/dev6.erresse-shop.it\/shop\/uncategorized\/villeroy-boch-rock-white-set-6-gourmet-dishes\/"},"modified":"2025-09-13T21:10:54","modified_gmt":"2025-09-13T19:10:54","slug":"villeroy-boch-rock-white-set-6-gourmet-dishes","status":"publish","type":"product","link":"https:\/\/dev6.erresse-shop.it\/en\/shop\/table\/serving-plates\/villeroy-boch-rock-white-set-6-gourmet-dishes\/","title":{"rendered":"VILLEROY &#038; BOCH Rock White Set 6 Gourmet Dishes"},"content":{"rendered":"<p class=\"p1\">Pizzateller f\u00fcr den Genuss einer traditionellen Pizza vom Feinsten<br \/>\nNat\u00fcrlich, urspr\u00fcnglich und mit einer besonderen Note: das ist Manufacture Rock. Der handgefertigte Stil in Form von Porzellan mit einer matten Schieferoberfl\u00e4che macht diese Kollektion zu etwas ganz Besonderem. Kombiniert mit den handbemalten Artikeln aus der Schwesterkollektion Manufacture bringen Sie W\u00e4rme auf Ihren Tisch. Auf dieser Pizzaplatte k\u00f6nnen Sie eine leckere Pizza im besten Stil genie\u00dfen. Der Teller eignet sich auch zum Servieren von Kuchen oder K\u00e4se. Genie\u00dfen Sie Ihre Lieblingsrezepte in h\u00f6chster Sch\u00f6nheit mit Villeroy &amp; Boch.<\/p>\n<p class=\"p1\">Material: porcelain<br \/>\nDiameter: 318ml<br \/>\nDishwasher-safe: yes<br \/>\nSuitable for microwave: yes<\/p>\n","protected":false},"excerpt":{"rendered":"<p>Pizzateller f\u00fcr den Genuss einer traditionellen Pizza vom Feinsten Nat\u00fcrlich, urspr\u00fcnglich und mit einer besonderen Note: das ist Manufacture Rock. Der handgefertigte Stil in Form von Porzellan mit einer matten Schieferoberfl\u00e4che macht diese Kollektion zu etwas ganz Besonderem. Kombiniert mit den handbemalten Artikeln aus der Schwesterkollektion Manufacture bringen Sie W\u00e4rme auf Ihren Tisch. Auf dieser [&hellip;]<\/p>\n","protected":false},"featured_media":6359763,"template":"","meta":{"_acf_changed":false},"product_cat":[11829,11779,11671],"product_tag":[],"class_list":{"0":"post-42951","1":"product","2":"type-product","3":"status-publish","4":"has-post-thumbnail","6":"product_cat-serving-plates","7":"product_cat-table","8":"product_cat-tavola","10":"first","11":"outofstock","12":"sale","13":"taxable","14":"shipping-taxable","15":"purchasable","16":"product-type-simple","swatches":"rey-swatches","show_selected":"","stretch_labels":"rey-swatches--stretch-labels"},"acf":[],"yoast_head":"<!-- This site is optimized with the Yoast SEO plugin v25.4 - https:\/\/yoast.com\/wordpress\/plugins\/seo\/ -->\n<title>VILLEROY &#038; BOCH Rock White Set 6 Gourmet Dishes - dev6 Erresse<\/title>\n<meta name=\"description\" content=\"Pizzateller f\u00fcr den Genuss einer traditionellen Pizza vom Feinsten Nat\u00fcrlich, urspr\u00fcnglich und mit einer besonderen Note: das ist Manufacture Rock. Der\" \/>\n<meta name=\"robots\" content=\"noindex, follow, max-snippet:-1, max-image-preview:large, max-video-preview:-1\" \/>\n<meta property=\"og:locale\" content=\"en_US\" \/>\n<meta property=\"og:type\" content=\"article\" \/>\n<meta property=\"og:title\" content=\"VILLEROY &#038; BOCH Rock White Set 6 Gourmet Dishes - dev6 Erresse\" \/>\n<meta property=\"og:description\" content=\"Pizzateller f\u00fcr den Genuss einer traditionellen Pizza vom Feinsten Nat\u00fcrlich, urspr\u00fcnglich und mit einer besonderen Note: das ist Manufacture Rock. Der\" \/>\n<meta property=\"og:url\" content=\"https:\/\/dev6.erresse-shop.it\/en\/shop\/table\/serving-plates\/villeroy-boch-rock-white-set-6-gourmet-dishes\/\" \/>\n<meta property=\"og:site_name\" content=\"dev6 Erresse\" \/>\n<meta property=\"og:image\" content=\"https:\/\/interpim.erresse-shop.it\/img-catalogo\/villeroy\/villeroy-boch-rock-bianco-set-6-piatti-gourmet.jpg\" \/><meta property=\"og:image\" content=\"https:\/\/interpim.erresse-shop.it\/img-catalogo\/villeroy\/villeroy-boch-rock-bianco-set-6-piatti-gourmet.jpg\" \/>\n\t<meta property=\"og:image:width\" content=\"1024\" \/>\n\t<meta property=\"og:image:height\" content=\"1024\" \/>\n\t<meta property=\"og:image:type\" content=\"image\/jpeg\" \/>\n<meta name=\"twitter:card\" content=\"summary_large_image\" \/>\n<meta name=\"twitter:image\" content=\"https:\/\/interpim.erresse-shop.it\/img-catalogo\/villeroy\/villeroy-boch-rock-bianco-set-6-piatti-gourmet.jpg\" \/>\n<script type=\"application\/ld+json\" class=\"yoast-schema-graph\">{\"@context\":\"https:\/\/schema.org\",\"@graph\":[{\"@type\":\"WebPage\",\"@id\":\"https:\/\/dev6.erresse-shop.it\/en\/shop\/table\/serving-plates\/villeroy-boch-rock-white-set-6-gourmet-dishes\/\",\"url\":\"https:\/\/dev6.erresse-shop.it\/en\/shop\/table\/serving-plates\/villeroy-boch-rock-white-set-6-gourmet-dishes\/\",\"name\":\"VILLEROY &#038; BOCH Rock White Set 6 Gourmet Dishes - dev6 Erresse\",\"isPartOf\":{\"@id\":\"https:\/\/dev6.erresse-shop.it\/#website\"},\"primaryImageOfPage\":{\"@id\":\"https:\/\/dev6.erresse-shop.it\/en\/shop\/table\/serving-plates\/villeroy-boch-rock-white-set-6-gourmet-dishes\/#primaryimage\"},\"image\":{\"@id\":\"https:\/\/dev6.erresse-shop.it\/en\/shop\/table\/serving-plates\/villeroy-boch-rock-white-set-6-gourmet-dishes\/#primaryimage\"},\"thumbnailUrl\":\"https:\/\/i3.wp.com\/interpim.erresse-shop.it\/img-catalogo\/villeroy\/villeroy-boch-rock-bianco-set-6-piatti-gourmet.jpg?ssl=1\",\"datePublished\":\"2026-04-12T07:21:59+00:00\",\"description\":\"Pizzateller f\u00fcr den Genuss einer traditionellen Pizza vom Feinsten Nat\u00fcrlich, urspr\u00fcnglich und mit einer besonderen Note: das ist Manufacture Rock. Der\",\"breadcrumb\":{\"@id\":\"https:\/\/dev6.erresse-shop.it\/en\/shop\/table\/serving-plates\/villeroy-boch-rock-white-set-6-gourmet-dishes\/#breadcrumb\"},\"inLanguage\":\"en-US\",\"potentialAction\":[{\"@type\":\"ReadAction\",\"target\":[\"https:\/\/dev6.erresse-shop.it\/en\/shop\/table\/serving-plates\/villeroy-boch-rock-white-set-6-gourmet-dishes\/\"]}]},{\"@type\":\"ImageObject\",\"inLanguage\":\"en-US\",\"@id\":\"https:\/\/dev6.erresse-shop.it\/en\/shop\/table\/serving-plates\/villeroy-boch-rock-white-set-6-gourmet-dishes\/#primaryimage\",\"url\":\"https:\/\/i3.wp.com\/interpim.erresse-shop.it\/img-catalogo\/villeroy\/villeroy-boch-rock-bianco-set-6-piatti-gourmet.jpg?ssl=1\",\"contentUrl\":\"https:\/\/i3.wp.com\/interpim.erresse-shop.it\/img-catalogo\/villeroy\/villeroy-boch-rock-bianco-set-6-piatti-gourmet.jpg?ssl=1\"},{\"@type\":\"BreadcrumbList\",\"@id\":\"https:\/\/dev6.erresse-shop.it\/en\/shop\/table\/serving-plates\/villeroy-boch-rock-white-set-6-gourmet-dishes\/#breadcrumb\",\"itemListElement\":[{\"@type\":\"ListItem\",\"position\":1,\"name\":\"Home\",\"item\":\"https:\/\/dev6.erresse-shop.it\/\"},{\"@type\":\"ListItem\",\"position\":2,\"name\":\"Shop\",\"item\":\"https:\/\/dev6.erresse-shop.it\/shop\/\"},{\"@type\":\"ListItem\",\"position\":3,\"name\":\"VILLEROY &#038; BOCH Rock White Set 6 Gourmet Dishes\"}]},{\"@type\":\"WebSite\",\"@id\":\"https:\/\/dev6.erresse-shop.it\/#website\",\"url\":\"https:\/\/dev6.erresse-shop.it\/\",\"name\":\"Erresse Shop\",\"description\":\"\",\"publisher\":{\"@id\":\"https:\/\/dev6.erresse-shop.it\/#organization\"},\"potentialAction\":[{\"@type\":\"SearchAction\",\"target\":{\"@type\":\"EntryPoint\",\"urlTemplate\":\"https:\/\/dev6.erresse-shop.it\/?s={search_term_string}\"},\"query-input\":{\"@type\":\"PropertyValueSpecification\",\"valueRequired\":true,\"valueName\":\"search_term_string\"}}],\"inLanguage\":\"en-US\"},{\"@type\":\"Organization\",\"@id\":\"https:\/\/dev6.erresse-shop.it\/#organization\",\"name\":\"Erresse Shop\",\"url\":\"https:\/\/dev6.erresse-shop.it\/\",\"logo\":{\"@type\":\"ImageObject\",\"inLanguage\":\"en-US\",\"@id\":\"https:\/\/dev6.erresse-shop.it\/#\/schema\/logo\/image\/\",\"url\":\"https:\/\/dev6.erresse-shop.it\/wp-content\/uploads\/2025\/01\/LOGO-ERRESSE-CLASSICO.svg\",\"contentUrl\":\"https:\/\/dev6.erresse-shop.it\/wp-content\/uploads\/2025\/01\/LOGO-ERRESSE-CLASSICO.svg\",\"caption\":\"Erresse Shop\"},\"image\":{\"@id\":\"https:\/\/dev6.erresse-shop.it\/#\/schema\/logo\/image\/\"}}]}<\/script>\n<!-- \/ Yoast SEO plugin. -->","yoast_head_json":{"title":"VILLEROY &#038; BOCH Rock White Set 6 Gourmet Dishes - dev6 Erresse","description":"Pizzateller f\u00fcr den Genuss einer traditionellen Pizza vom Feinsten Nat\u00fcrlich, urspr\u00fcnglich und mit einer besonderen Note: das ist Manufacture Rock. Der","robots":{"index":"noindex","follow":"follow","max-snippet":"max-snippet:-1","max-image-preview":"max-image-preview:large","max-video-preview":"max-video-preview:-1"},"og_locale":"en_US","og_type":"article","og_title":"VILLEROY &#038; BOCH Rock White Set 6 Gourmet Dishes - dev6 Erresse","og_description":"Pizzateller f\u00fcr den Genuss einer traditionellen Pizza vom Feinsten Nat\u00fcrlich, urspr\u00fcnglich und mit einer besonderen Note: das ist Manufacture Rock. Der","og_url":"https:\/\/dev6.erresse-shop.it\/en\/shop\/table\/serving-plates\/villeroy-boch-rock-white-set-6-gourmet-dishes\/","og_site_name":"dev6 Erresse","og_image":[{"url":"https:\/\/interpim.erresse-shop.it\/img-catalogo\/villeroy\/villeroy-boch-rock-bianco-set-6-piatti-gourmet.jpg","type":"","width":"","height":""},{"url":"https:\/\/interpim.erresse-shop.it\/img-catalogo\/villeroy\/villeroy-boch-rock-bianco-set-6-piatti-gourmet.jpg","width":1024,"height":1024,"type":"image\/jpeg"}],"twitter_card":"summary_large_image","twitter_image":"https:\/\/interpim.erresse-shop.it\/img-catalogo\/villeroy\/villeroy-boch-rock-bianco-set-6-piatti-gourmet.jpg","schema":{"@context":"https:\/\/schema.org","@graph":[{"@type":"WebPage","@id":"https:\/\/dev6.erresse-shop.it\/en\/shop\/table\/serving-plates\/villeroy-boch-rock-white-set-6-gourmet-dishes\/","url":"https:\/\/dev6.erresse-shop.it\/en\/shop\/table\/serving-plates\/villeroy-boch-rock-white-set-6-gourmet-dishes\/","name":"VILLEROY &#038; BOCH Rock White Set 6 Gourmet Dishes - dev6 Erresse","isPartOf":{"@id":"https:\/\/dev6.erresse-shop.it\/#website"},"primaryImageOfPage":{"@id":"https:\/\/dev6.erresse-shop.it\/en\/shop\/table\/serving-plates\/villeroy-boch-rock-white-set-6-gourmet-dishes\/#primaryimage"},"image":{"@id":"https:\/\/dev6.erresse-shop.it\/en\/shop\/table\/serving-plates\/villeroy-boch-rock-white-set-6-gourmet-dishes\/#primaryimage"},"thumbnailUrl":"https:\/\/i3.wp.com\/interpim.erresse-shop.it\/img-catalogo\/villeroy\/villeroy-boch-rock-bianco-set-6-piatti-gourmet.jpg?ssl=1","datePublished":"2026-04-12T07:21:59+00:00","description":"Pizzateller f\u00fcr den Genuss einer traditionellen Pizza vom Feinsten Nat\u00fcrlich, urspr\u00fcnglich und mit einer besonderen Note: das ist Manufacture Rock. Der","breadcrumb":{"@id":"https:\/\/dev6.erresse-shop.it\/en\/shop\/table\/serving-plates\/villeroy-boch-rock-white-set-6-gourmet-dishes\/#breadcrumb"},"inLanguage":"en-US","potentialAction":[{"@type":"ReadAction","target":["https:\/\/dev6.erresse-shop.it\/en\/shop\/table\/serving-plates\/villeroy-boch-rock-white-set-6-gourmet-dishes\/"]}]},{"@type":"ImageObject","inLanguage":"en-US","@id":"https:\/\/dev6.erresse-shop.it\/en\/shop\/table\/serving-plates\/villeroy-boch-rock-white-set-6-gourmet-dishes\/#primaryimage","url":"https:\/\/i3.wp.com\/interpim.erresse-shop.it\/img-catalogo\/villeroy\/villeroy-boch-rock-bianco-set-6-piatti-gourmet.jpg?ssl=1","contentUrl":"https:\/\/i3.wp.com\/interpim.erresse-shop.it\/img-catalogo\/villeroy\/villeroy-boch-rock-bianco-set-6-piatti-gourmet.jpg?ssl=1"},{"@type":"BreadcrumbList","@id":"https:\/\/dev6.erresse-shop.it\/en\/shop\/table\/serving-plates\/villeroy-boch-rock-white-set-6-gourmet-dishes\/#breadcrumb","itemListElement":[{"@type":"ListItem","position":1,"name":"Home","item":"https:\/\/dev6.erresse-shop.it\/"},{"@type":"ListItem","position":2,"name":"Shop","item":"https:\/\/dev6.erresse-shop.it\/shop\/"},{"@type":"ListItem","position":3,"name":"VILLEROY &#038; BOCH Rock White Set 6 Gourmet Dishes"}]},{"@type":"WebSite","@id":"https:\/\/dev6.erresse-shop.it\/#website","url":"https:\/\/dev6.erresse-shop.it\/","name":"Erresse Shop","description":"","publisher":{"@id":"https:\/\/dev6.erresse-shop.it\/#organization"},"potentialAction":[{"@type":"SearchAction","target":{"@type":"EntryPoint","urlTemplate":"https:\/\/dev6.erresse-shop.it\/?s={search_term_string}"},"query-input":{"@type":"PropertyValueSpecification","valueRequired":true,"valueName":"search_term_string"}}],"inLanguage":"en-US"},{"@type":"Organization","@id":"https:\/\/dev6.erresse-shop.it\/#organization","name":"Erresse Shop","url":"https:\/\/dev6.erresse-shop.it\/","logo":{"@type":"ImageObject","inLanguage":"en-US","@id":"https:\/\/dev6.erresse-shop.it\/#\/schema\/logo\/image\/","url":"https:\/\/dev6.erresse-shop.it\/wp-content\/uploads\/2025\/01\/LOGO-ERRESSE-CLASSICO.svg","contentUrl":"https:\/\/dev6.erresse-shop.it\/wp-content\/uploads\/2025\/01\/LOGO-ERRESSE-CLASSICO.svg","caption":"Erresse Shop"},"image":{"@id":"https:\/\/dev6.erresse-shop.it\/#\/schema\/logo\/image\/"}}]}},"df_price":169,"df_sale_price":169,"df_regular_price":227.4,"df_image_link":"https:\/\/i3.wp.com\/interpim.erresse-shop.it\/img-catalogo\/villeroy\/villeroy-boch-rock-bianco-set-6-piatti-gourmet.jpg?resize=300,300&ssl=1","fifu_image_url":"https:\/\/interpim.erresse-shop.it\/img-catalogo\/villeroy\/villeroy-boch-rock-bianco-set-6-piatti-gourmet.jpg","_links":{"self":[{"href":"https:\/\/dev6.erresse-shop.it\/en\/wp-json\/wp\/v2\/product\/42951","targetHints":{"allow":["GET"]}}],"collection":[{"href":"https:\/\/dev6.erresse-shop.it\/en\/wp-json\/wp\/v2\/product"}],"about":[{"href":"https:\/\/dev6.erresse-shop.it\/en\/wp-json\/wp\/v2\/types\/product"}],"wp:featuredmedia":[{"embeddable":true,"href":"https:\/\/dev6.erresse-shop.it\/en\/wp-json\/wp\/v2\/media\/6359763"}],"wp:attachment":[{"href":"https:\/\/dev6.erresse-shop.it\/en\/wp-json\/wp\/v2\/media?parent=42951"}],"wp:term":[{"taxonomy":"product_cat","embeddable":true,"href":"https:\/\/dev6.erresse-shop.it\/en\/wp-json\/wp\/v2\/product_cat?post=42951"},{"taxonomy":"product_tag","embeddable":true,"href":"https:\/\/dev6.erresse-shop.it\/en\/wp-json\/wp\/v2\/product_tag?post=42951"}],"curies":[{"name":"wp","href":"https:\/\/api.w.org\/{rel}","templated":true}]}}