{"id":41577,"date":"2026-04-12T08:46:35","date_gmt":"2026-04-12T06:46:35","guid":{"rendered":"https:\/\/dev6.erresse-shop.it\/shop\/uncategorized\/les-jardins-de-la-comtesse-picnic-basket-2-people-marine\/"},"modified":"2025-07-04T08:49:17","modified_gmt":"2025-07-04T06:49:17","slug":"les-jardins-de-la-comtesse-picnic-basket-2-people-marine","status":"publish","type":"product","link":"https:\/\/dev6.erresse-shop.it\/en\/shop\/table\/picnic-baskets\/les-jardins-de-la-comtesse-picnic-basket-2-people-marine\/","title":{"rendered":"LES JARDINS DE LA COMTESSE Picnic Basket 2 People Marine"},"content":{"rendered":"<p>Complete and elegant picnic basket in natural white lacquered wicker that matches its blue fabric interior with white stripes: for a chic and refined picnic.<br \/>\nThis basket was created for a t\u00eate \u00e0 t\u00eate picnic between lovers\u2026.<\/p>\n<p>The entire base is made up of an isothermal compartment to keep food and drinks cool. It comes with a beautiful picnic tablecloth of the same fabric with a waterproof side.<\/p>\n<p>It can be carried easily with its center handle or adjustable navy blue fabric strap to carry it comfortably over your shoulder. The plates, glasses, cutlery and accessories are dishwasher safe.<\/p>\n<p>CONTENTS<br \/>\nAn isothermal compartment<br \/>\n1 tablecloth with blue waterproof side with white stripes,<br \/>\n2 monogrammed ceramic plates 20 cm in diameter,<br \/>\n2 complete sets of metal cutlery in a pocket,<br \/>\n2 glass goblets (12 cl)<br \/>\n1 bottle opener, galvanized steel corkscrew<br \/>\n1 metal salt and pepper shaker set,<br \/>\n2 blue napkins with white stripes (35 x 35 cm)<br \/>\n2 laces for one bottle<br \/>\n2 ties on the fabric side with Velcro to put the towel inside<br \/>\n1 small bag for storing dirty dishes<\/p>\n<p>Dimensions: 40 X 28 X 23 cm<br \/>\nWeight: 3,150 kg<\/p>\n","protected":false},"excerpt":{"rendered":"<p>Complete and elegant picnic basket in natural white lacquered wicker that matches its blue fabric interior with white stripes: for a chic and refined picnic. This basket was created for a t\u00eate \u00e0 t\u00eate picnic between lovers\u2026. The entire base is made up of an isothermal compartment to keep food and drinks cool. It comes [&hellip;]<\/p>\n","protected":false},"featured_media":6353427,"template":"","meta":{"_acf_changed":false},"product_cat":[11816,11779,11671],"product_tag":[],"class_list":{"0":"post-41577","1":"product","2":"type-product","3":"status-publish","4":"has-post-thumbnail","6":"product_cat-picnic-baskets","7":"product_cat-table","8":"product_cat-tavola","10":"first","11":"outofstock","12":"sale","13":"taxable","14":"shipping-taxable","15":"purchasable","16":"product-type-simple","swatches":"rey-swatches","show_selected":"","stretch_labels":"rey-swatches--stretch-labels"},"acf":[],"yoast_head":"<!-- This site is optimized with the Yoast SEO plugin v25.4 - https:\/\/yoast.com\/wordpress\/plugins\/seo\/ -->\n<title>LES JARDINS DE LA COMTESSE Picnic Basket 2 People Marine - dev6 Erresse<\/title>\n<meta name=\"description\" content=\"Complete and elegant picnic basket in natural white lacquered wicker that matches its blue fabric interior with white stripes: for a chic and refined\" \/>\n<meta name=\"robots\" content=\"noindex, follow, max-snippet:-1, max-image-preview:large, max-video-preview:-1\" \/>\n<meta property=\"og:locale\" content=\"en_US\" \/>\n<meta property=\"og:type\" content=\"article\" \/>\n<meta property=\"og:title\" content=\"LES JARDINS DE LA COMTESSE Picnic Basket 2 People Marine - dev6 Erresse\" \/>\n<meta property=\"og:description\" content=\"Complete and elegant picnic basket in natural white lacquered wicker that matches its blue fabric interior with white stripes: for a chic and refined\" \/>\n<meta property=\"og:url\" content=\"https:\/\/dev6.erresse-shop.it\/en\/shop\/table\/picnic-baskets\/les-jardins-de-la-comtesse-picnic-basket-2-people-marine\/\" \/>\n<meta property=\"og:site_name\" content=\"dev6 Erresse\" \/>\n<meta property=\"og:image\" content=\"https:\/\/interpim.erresse-shop.it\/Import\/Prodotti\/les-jardins-de-la-comtesse-cestino-picnic-marine-blu.jpg\" \/><meta property=\"og:image\" content=\"https:\/\/interpim.erresse-shop.it\/Import\/Prodotti\/les-jardins-de-la-comtesse-cestino-picnic-marine-blu.jpg\" \/>\n\t<meta property=\"og:image:width\" content=\"1024\" \/>\n\t<meta property=\"og:image:height\" content=\"1024\" \/>\n\t<meta property=\"og:image:type\" content=\"image\/jpeg\" \/>\n<meta name=\"twitter:card\" content=\"summary_large_image\" \/>\n<meta name=\"twitter:image\" content=\"https:\/\/interpim.erresse-shop.it\/Import\/Prodotti\/les-jardins-de-la-comtesse-cestino-picnic-marine-blu.jpg\" \/>\n<script type=\"application\/ld+json\" class=\"yoast-schema-graph\">{\"@context\":\"https:\/\/schema.org\",\"@graph\":[{\"@type\":\"WebPage\",\"@id\":\"https:\/\/dev6.erresse-shop.it\/en\/shop\/table\/picnic-baskets\/les-jardins-de-la-comtesse-picnic-basket-2-people-marine\/\",\"url\":\"https:\/\/dev6.erresse-shop.it\/en\/shop\/table\/picnic-baskets\/les-jardins-de-la-comtesse-picnic-basket-2-people-marine\/\",\"name\":\"LES JARDINS DE LA COMTESSE Picnic Basket 2 People Marine - dev6 Erresse\",\"isPartOf\":{\"@id\":\"https:\/\/dev6.erresse-shop.it\/#website\"},\"primaryImageOfPage\":{\"@id\":\"https:\/\/dev6.erresse-shop.it\/en\/shop\/table\/picnic-baskets\/les-jardins-de-la-comtesse-picnic-basket-2-people-marine\/#primaryimage\"},\"image\":{\"@id\":\"https:\/\/dev6.erresse-shop.it\/en\/shop\/table\/picnic-baskets\/les-jardins-de-la-comtesse-picnic-basket-2-people-marine\/#primaryimage\"},\"thumbnailUrl\":\"https:\/\/i0.wp.com\/interpim.erresse-shop.it\/Import\/Prodotti\/les-jardins-de-la-comtesse-cestino-picnic-marine-blu.jpg?ssl=1\",\"datePublished\":\"2026-04-12T06:46:35+00:00\",\"description\":\"Complete and elegant picnic basket in natural white lacquered wicker that matches its blue fabric interior with white stripes: for a chic and refined\",\"breadcrumb\":{\"@id\":\"https:\/\/dev6.erresse-shop.it\/en\/shop\/table\/picnic-baskets\/les-jardins-de-la-comtesse-picnic-basket-2-people-marine\/#breadcrumb\"},\"inLanguage\":\"en-US\",\"potentialAction\":[{\"@type\":\"ReadAction\",\"target\":[\"https:\/\/dev6.erresse-shop.it\/en\/shop\/table\/picnic-baskets\/les-jardins-de-la-comtesse-picnic-basket-2-people-marine\/\"]}]},{\"@type\":\"ImageObject\",\"inLanguage\":\"en-US\",\"@id\":\"https:\/\/dev6.erresse-shop.it\/en\/shop\/table\/picnic-baskets\/les-jardins-de-la-comtesse-picnic-basket-2-people-marine\/#primaryimage\",\"url\":\"https:\/\/i0.wp.com\/interpim.erresse-shop.it\/Import\/Prodotti\/les-jardins-de-la-comtesse-cestino-picnic-marine-blu.jpg?ssl=1\",\"contentUrl\":\"https:\/\/i0.wp.com\/interpim.erresse-shop.it\/Import\/Prodotti\/les-jardins-de-la-comtesse-cestino-picnic-marine-blu.jpg?ssl=1\"},{\"@type\":\"BreadcrumbList\",\"@id\":\"https:\/\/dev6.erresse-shop.it\/en\/shop\/table\/picnic-baskets\/les-jardins-de-la-comtesse-picnic-basket-2-people-marine\/#breadcrumb\",\"itemListElement\":[{\"@type\":\"ListItem\",\"position\":1,\"name\":\"Home\",\"item\":\"https:\/\/dev6.erresse-shop.it\/\"},{\"@type\":\"ListItem\",\"position\":2,\"name\":\"Shop\",\"item\":\"https:\/\/dev6.erresse-shop.it\/shop\/\"},{\"@type\":\"ListItem\",\"position\":3,\"name\":\"LES JARDINS DE LA COMTESSE Picnic Basket 2 People Marine\"}]},{\"@type\":\"WebSite\",\"@id\":\"https:\/\/dev6.erresse-shop.it\/#website\",\"url\":\"https:\/\/dev6.erresse-shop.it\/\",\"name\":\"Erresse Shop\",\"description\":\"\",\"publisher\":{\"@id\":\"https:\/\/dev6.erresse-shop.it\/#organization\"},\"potentialAction\":[{\"@type\":\"SearchAction\",\"target\":{\"@type\":\"EntryPoint\",\"urlTemplate\":\"https:\/\/dev6.erresse-shop.it\/?s={search_term_string}\"},\"query-input\":{\"@type\":\"PropertyValueSpecification\",\"valueRequired\":true,\"valueName\":\"search_term_string\"}}],\"inLanguage\":\"en-US\"},{\"@type\":\"Organization\",\"@id\":\"https:\/\/dev6.erresse-shop.it\/#organization\",\"name\":\"Erresse Shop\",\"url\":\"https:\/\/dev6.erresse-shop.it\/\",\"logo\":{\"@type\":\"ImageObject\",\"inLanguage\":\"en-US\",\"@id\":\"https:\/\/dev6.erresse-shop.it\/#\/schema\/logo\/image\/\",\"url\":\"https:\/\/dev6.erresse-shop.it\/wp-content\/uploads\/2025\/01\/LOGO-ERRESSE-CLASSICO.svg\",\"contentUrl\":\"https:\/\/dev6.erresse-shop.it\/wp-content\/uploads\/2025\/01\/LOGO-ERRESSE-CLASSICO.svg\",\"caption\":\"Erresse Shop\"},\"image\":{\"@id\":\"https:\/\/dev6.erresse-shop.it\/#\/schema\/logo\/image\/\"}}]}<\/script>\n<!-- \/ Yoast SEO plugin. -->","yoast_head_json":{"title":"LES JARDINS DE LA COMTESSE Picnic Basket 2 People Marine - dev6 Erresse","description":"Complete and elegant picnic basket in natural white lacquered wicker that matches its blue fabric interior with white stripes: for a chic and refined","robots":{"index":"noindex","follow":"follow","max-snippet":"max-snippet:-1","max-image-preview":"max-image-preview:large","max-video-preview":"max-video-preview:-1"},"og_locale":"en_US","og_type":"article","og_title":"LES JARDINS DE LA COMTESSE Picnic Basket 2 People Marine - dev6 Erresse","og_description":"Complete and elegant picnic basket in natural white lacquered wicker that matches its blue fabric interior with white stripes: for a chic and refined","og_url":"https:\/\/dev6.erresse-shop.it\/en\/shop\/table\/picnic-baskets\/les-jardins-de-la-comtesse-picnic-basket-2-people-marine\/","og_site_name":"dev6 Erresse","og_image":[{"url":"https:\/\/interpim.erresse-shop.it\/Import\/Prodotti\/les-jardins-de-la-comtesse-cestino-picnic-marine-blu.jpg","type":"","width":"","height":""},{"url":"https:\/\/interpim.erresse-shop.it\/Import\/Prodotti\/les-jardins-de-la-comtesse-cestino-picnic-marine-blu.jpg","width":1024,"height":1024,"type":"image\/jpeg"}],"twitter_card":"summary_large_image","twitter_image":"https:\/\/interpim.erresse-shop.it\/Import\/Prodotti\/les-jardins-de-la-comtesse-cestino-picnic-marine-blu.jpg","schema":{"@context":"https:\/\/schema.org","@graph":[{"@type":"WebPage","@id":"https:\/\/dev6.erresse-shop.it\/en\/shop\/table\/picnic-baskets\/les-jardins-de-la-comtesse-picnic-basket-2-people-marine\/","url":"https:\/\/dev6.erresse-shop.it\/en\/shop\/table\/picnic-baskets\/les-jardins-de-la-comtesse-picnic-basket-2-people-marine\/","name":"LES JARDINS DE LA COMTESSE Picnic Basket 2 People Marine - dev6 Erresse","isPartOf":{"@id":"https:\/\/dev6.erresse-shop.it\/#website"},"primaryImageOfPage":{"@id":"https:\/\/dev6.erresse-shop.it\/en\/shop\/table\/picnic-baskets\/les-jardins-de-la-comtesse-picnic-basket-2-people-marine\/#primaryimage"},"image":{"@id":"https:\/\/dev6.erresse-shop.it\/en\/shop\/table\/picnic-baskets\/les-jardins-de-la-comtesse-picnic-basket-2-people-marine\/#primaryimage"},"thumbnailUrl":"https:\/\/i0.wp.com\/interpim.erresse-shop.it\/Import\/Prodotti\/les-jardins-de-la-comtesse-cestino-picnic-marine-blu.jpg?ssl=1","datePublished":"2026-04-12T06:46:35+00:00","description":"Complete and elegant picnic basket in natural white lacquered wicker that matches its blue fabric interior with white stripes: for a chic and refined","breadcrumb":{"@id":"https:\/\/dev6.erresse-shop.it\/en\/shop\/table\/picnic-baskets\/les-jardins-de-la-comtesse-picnic-basket-2-people-marine\/#breadcrumb"},"inLanguage":"en-US","potentialAction":[{"@type":"ReadAction","target":["https:\/\/dev6.erresse-shop.it\/en\/shop\/table\/picnic-baskets\/les-jardins-de-la-comtesse-picnic-basket-2-people-marine\/"]}]},{"@type":"ImageObject","inLanguage":"en-US","@id":"https:\/\/dev6.erresse-shop.it\/en\/shop\/table\/picnic-baskets\/les-jardins-de-la-comtesse-picnic-basket-2-people-marine\/#primaryimage","url":"https:\/\/i0.wp.com\/interpim.erresse-shop.it\/Import\/Prodotti\/les-jardins-de-la-comtesse-cestino-picnic-marine-blu.jpg?ssl=1","contentUrl":"https:\/\/i0.wp.com\/interpim.erresse-shop.it\/Import\/Prodotti\/les-jardins-de-la-comtesse-cestino-picnic-marine-blu.jpg?ssl=1"},{"@type":"BreadcrumbList","@id":"https:\/\/dev6.erresse-shop.it\/en\/shop\/table\/picnic-baskets\/les-jardins-de-la-comtesse-picnic-basket-2-people-marine\/#breadcrumb","itemListElement":[{"@type":"ListItem","position":1,"name":"Home","item":"https:\/\/dev6.erresse-shop.it\/"},{"@type":"ListItem","position":2,"name":"Shop","item":"https:\/\/dev6.erresse-shop.it\/shop\/"},{"@type":"ListItem","position":3,"name":"LES JARDINS DE LA COMTESSE Picnic Basket 2 People Marine"}]},{"@type":"WebSite","@id":"https:\/\/dev6.erresse-shop.it\/#website","url":"https:\/\/dev6.erresse-shop.it\/","name":"Erresse Shop","description":"","publisher":{"@id":"https:\/\/dev6.erresse-shop.it\/#organization"},"potentialAction":[{"@type":"SearchAction","target":{"@type":"EntryPoint","urlTemplate":"https:\/\/dev6.erresse-shop.it\/?s={search_term_string}"},"query-input":{"@type":"PropertyValueSpecification","valueRequired":true,"valueName":"search_term_string"}}],"inLanguage":"en-US"},{"@type":"Organization","@id":"https:\/\/dev6.erresse-shop.it\/#organization","name":"Erresse Shop","url":"https:\/\/dev6.erresse-shop.it\/","logo":{"@type":"ImageObject","inLanguage":"en-US","@id":"https:\/\/dev6.erresse-shop.it\/#\/schema\/logo\/image\/","url":"https:\/\/dev6.erresse-shop.it\/wp-content\/uploads\/2025\/01\/LOGO-ERRESSE-CLASSICO.svg","contentUrl":"https:\/\/dev6.erresse-shop.it\/wp-content\/uploads\/2025\/01\/LOGO-ERRESSE-CLASSICO.svg","caption":"Erresse Shop"},"image":{"@id":"https:\/\/dev6.erresse-shop.it\/#\/schema\/logo\/image\/"}}]}},"df_price":114.95,"df_sale_price":114.95,"df_regular_price":129,"df_image_link":"https:\/\/i0.wp.com\/interpim.erresse-shop.it\/Import\/Prodotti\/les-jardins-de-la-comtesse-cestino-picnic-marine-blu.jpg?resize=300,300&ssl=1","fifu_image_url":"https:\/\/interpim.erresse-shop.it\/Import\/Prodotti\/les-jardins-de-la-comtesse-cestino-picnic-marine-blu.jpg","_links":{"self":[{"href":"https:\/\/dev6.erresse-shop.it\/en\/wp-json\/wp\/v2\/product\/41577","targetHints":{"allow":["GET"]}}],"collection":[{"href":"https:\/\/dev6.erresse-shop.it\/en\/wp-json\/wp\/v2\/product"}],"about":[{"href":"https:\/\/dev6.erresse-shop.it\/en\/wp-json\/wp\/v2\/types\/product"}],"wp:featuredmedia":[{"embeddable":true,"href":"https:\/\/dev6.erresse-shop.it\/en\/wp-json\/wp\/v2\/media\/6353427"}],"wp:attachment":[{"href":"https:\/\/dev6.erresse-shop.it\/en\/wp-json\/wp\/v2\/media?parent=41577"}],"wp:term":[{"taxonomy":"product_cat","embeddable":true,"href":"https:\/\/dev6.erresse-shop.it\/en\/wp-json\/wp\/v2\/product_cat?post=41577"},{"taxonomy":"product_tag","embeddable":true,"href":"https:\/\/dev6.erresse-shop.it\/en\/wp-json\/wp\/v2\/product_tag?post=41577"}],"curies":[{"name":"wp","href":"https:\/\/api.w.org\/{rel}","templated":true}]}}