{"id":40226,"date":"2026-04-12T08:21:09","date_gmt":"2026-04-12T06:21:09","guid":{"rendered":"https:\/\/dev6.erresse-shop.it\/shop\/uncategorized\/zwilling-set-of-4-serrated-steak-knives\/"},"modified":"2025-09-13T20:33:58","modified_gmt":"2025-09-13T18:33:58","slug":"zwilling-set-of-4-serrated-steak-knives","status":"publish","type":"product","link":"https:\/\/dev6.erresse-shop.it\/en\/shop\/table\/cutlery-forks-knives-spoons\/zwilling-set-of-4-serrated-steak-knives\/","title":{"rendered":"ZWILLING Set of 4 serrated steak knives"},"content":{"rendered":"<p>BESCHREIBUNG<br \/>\nThis 4-teilige Steakmesserset aus dem House ZWILLING is the ideal Erg\u00e4nzung in der Bestecklade aller Haushalte, diein auf den Punkt gebratenes Steak zu sch\u00e4tzen wissen. The Messer k\u00f6nnen nat\u00fcrlich also f\u00fcr das Schneiden von anderen Gerichten wie zum Beispiel Grillfleisch verwendet werden. From these Steakmesserset aus vier Steakmessern besteht, eignet es sich hervorragend f\u00fcr die Familie oder Freunde. The Messer is hochwertig verarbeitet und gut ausbalanciert. Thanks to its ergonomic form, it sits comfortably in the hand of its users. Der in Schwarz gehaltene Griff besteht aus Acrylnitril-Butadien-Styrol (ABS). From dieses Material relativ unempfindlich ist, erstrahlt es also nach l\u00e4ngerem Einsatz noch in einem satten Schwarz. The elegant and classy look is the result of the three, in the Griff integrierten Nieten abgerundet. The 12 cm long Klingen of the Steakmesser from ZWILLING are from rostfreiem Spezialstahl gefertigt. These parts are corroded and flexible. The Steakmesser is with a Wellenschliff versehen. According to these hochwertigen Schliff erhalten die Klingen nicht nur eine long Lebensdauer, sondern ebenso eine hohe Schneidekraft. Dadurch gleiten die Messer m\u00fchelos durch das Steak. Durch die Anschaffung des Steaksets von ZWILLING er\u00f6ffnet sich Ihnen aine v\u00f6llig new Art von Steakgenuss.<br \/>\n4-teiliges Steakmesserset with higher Schneidekraft<br \/>\nKlingenl\u00e4nge von 12 cm<br \/>\nAus rostfreiem Stahl gefertigt<br \/>\nErgonomically designed grip from widerstandsf\u00e4higem ABS<br \/>\nDrei Edelstahlnieten verleihen den Steakmessern eine klassische Optik und taste Haltbarkeit<\/p>\n","protected":false},"excerpt":{"rendered":"<p>BESCHREIBUNG This 4-teilige Steakmesserset aus dem House ZWILLING is the ideal Erg\u00e4nzung in der Bestecklade aller Haushalte, diein auf den Punkt gebratenes Steak zu sch\u00e4tzen wissen. The Messer k\u00f6nnen nat\u00fcrlich also f\u00fcr das Schneiden von anderen Gerichten wie zum Beispiel Grillfleisch verwendet werden. From these Steakmesserset aus vier Steakmessern besteht, eignet es sich hervorragend f\u00fcr [&hellip;]<\/p>\n","protected":false},"featured_media":6347164,"template":"","meta":{"_acf_changed":false},"product_cat":[11670,11780,11776,11778],"product_tag":[],"class_list":{"0":"post-40226","1":"product","2":"type-product","3":"status-publish","4":"has-post-thumbnail","6":"product_cat-coltelli-da-tavola","7":"product_cat-cutlery-forks-knives-spoons","8":"product_cat-kitchen","9":"product_cat-table-knives","11":"first","12":"outofstock","13":"sale","14":"taxable","15":"shipping-taxable","16":"purchasable","17":"product-type-simple","swatches":"rey-swatches","show_selected":"","stretch_labels":"rey-swatches--stretch-labels"},"acf":[],"yoast_head":"<!-- This site is optimized with the Yoast SEO plugin v25.4 - https:\/\/yoast.com\/wordpress\/plugins\/seo\/ -->\n<title>ZWILLING Set of 4 serrated steak knives - dev6 Erresse<\/title>\n<meta name=\"description\" content=\"BESCHREIBUNG This 4-teilige Steakmesserset aus dem House ZWILLING is the ideal Erg\u00e4nzung in der Bestecklade aller Haushalte, diein auf den Punkt\" \/>\n<meta name=\"robots\" content=\"noindex, follow, max-snippet:-1, max-image-preview:large, max-video-preview:-1\" \/>\n<meta property=\"og:locale\" content=\"en_US\" \/>\n<meta property=\"og:type\" content=\"article\" \/>\n<meta property=\"og:title\" content=\"ZWILLING Set of 4 serrated steak knives - dev6 Erresse\" \/>\n<meta property=\"og:description\" content=\"BESCHREIBUNG This 4-teilige Steakmesserset aus dem House ZWILLING is the ideal Erg\u00e4nzung in der Bestecklade aller Haushalte, diein auf den Punkt\" \/>\n<meta property=\"og:url\" content=\"https:\/\/dev6.erresse-shop.it\/en\/shop\/table\/cutlery-forks-knives-spoons\/zwilling-set-of-4-serrated-steak-knives\/\" \/>\n<meta property=\"og:site_name\" content=\"dev6 Erresse\" \/>\n<meta property=\"og:image\" content=\"https:\/\/interpim.erresse-shop.it\/Import\/Prodotti\/39029-002-0_1.jpg\" \/><meta property=\"og:image\" content=\"https:\/\/interpim.erresse-shop.it\/Import\/Prodotti\/39029-002-0_1.jpg\" \/>\n\t<meta property=\"og:image:width\" content=\"1024\" \/>\n\t<meta property=\"og:image:height\" content=\"1024\" \/>\n\t<meta property=\"og:image:type\" content=\"image\/jpeg\" \/>\n<meta name=\"twitter:card\" content=\"summary_large_image\" \/>\n<meta name=\"twitter:image\" content=\"https:\/\/interpim.erresse-shop.it\/Import\/Prodotti\/39029-002-0_1.jpg\" \/>\n<script type=\"application\/ld+json\" class=\"yoast-schema-graph\">{\"@context\":\"https:\/\/schema.org\",\"@graph\":[{\"@type\":\"WebPage\",\"@id\":\"https:\/\/dev6.erresse-shop.it\/en\/shop\/table\/cutlery-forks-knives-spoons\/zwilling-set-of-4-serrated-steak-knives\/\",\"url\":\"https:\/\/dev6.erresse-shop.it\/en\/shop\/table\/cutlery-forks-knives-spoons\/zwilling-set-of-4-serrated-steak-knives\/\",\"name\":\"ZWILLING Set of 4 serrated steak knives - dev6 Erresse\",\"isPartOf\":{\"@id\":\"https:\/\/dev6.erresse-shop.it\/#website\"},\"primaryImageOfPage\":{\"@id\":\"https:\/\/dev6.erresse-shop.it\/en\/shop\/table\/cutlery-forks-knives-spoons\/zwilling-set-of-4-serrated-steak-knives\/#primaryimage\"},\"image\":{\"@id\":\"https:\/\/dev6.erresse-shop.it\/en\/shop\/table\/cutlery-forks-knives-spoons\/zwilling-set-of-4-serrated-steak-knives\/#primaryimage\"},\"thumbnailUrl\":\"https:\/\/i1.wp.com\/interpim.erresse-shop.it\/Import\/Prodotti\/39029-002-0_1.jpg?ssl=1\",\"datePublished\":\"2026-04-12T06:21:09+00:00\",\"description\":\"BESCHREIBUNG This 4-teilige Steakmesserset aus dem House ZWILLING is the ideal Erg\u00e4nzung in der Bestecklade aller Haushalte, diein auf den Punkt\",\"breadcrumb\":{\"@id\":\"https:\/\/dev6.erresse-shop.it\/en\/shop\/table\/cutlery-forks-knives-spoons\/zwilling-set-of-4-serrated-steak-knives\/#breadcrumb\"},\"inLanguage\":\"en-US\",\"potentialAction\":[{\"@type\":\"ReadAction\",\"target\":[\"https:\/\/dev6.erresse-shop.it\/en\/shop\/table\/cutlery-forks-knives-spoons\/zwilling-set-of-4-serrated-steak-knives\/\"]}]},{\"@type\":\"ImageObject\",\"inLanguage\":\"en-US\",\"@id\":\"https:\/\/dev6.erresse-shop.it\/en\/shop\/table\/cutlery-forks-knives-spoons\/zwilling-set-of-4-serrated-steak-knives\/#primaryimage\",\"url\":\"https:\/\/i1.wp.com\/interpim.erresse-shop.it\/Import\/Prodotti\/39029-002-0_1.jpg?ssl=1\",\"contentUrl\":\"https:\/\/i1.wp.com\/interpim.erresse-shop.it\/Import\/Prodotti\/39029-002-0_1.jpg?ssl=1\"},{\"@type\":\"BreadcrumbList\",\"@id\":\"https:\/\/dev6.erresse-shop.it\/en\/shop\/table\/cutlery-forks-knives-spoons\/zwilling-set-of-4-serrated-steak-knives\/#breadcrumb\",\"itemListElement\":[{\"@type\":\"ListItem\",\"position\":1,\"name\":\"Home\",\"item\":\"https:\/\/dev6.erresse-shop.it\/\"},{\"@type\":\"ListItem\",\"position\":2,\"name\":\"Shop\",\"item\":\"https:\/\/dev6.erresse-shop.it\/shop\/\"},{\"@type\":\"ListItem\",\"position\":3,\"name\":\"ZWILLING Set of 4 serrated steak knives\"}]},{\"@type\":\"WebSite\",\"@id\":\"https:\/\/dev6.erresse-shop.it\/#website\",\"url\":\"https:\/\/dev6.erresse-shop.it\/\",\"name\":\"Erresse Shop\",\"description\":\"\",\"publisher\":{\"@id\":\"https:\/\/dev6.erresse-shop.it\/#organization\"},\"potentialAction\":[{\"@type\":\"SearchAction\",\"target\":{\"@type\":\"EntryPoint\",\"urlTemplate\":\"https:\/\/dev6.erresse-shop.it\/?s={search_term_string}\"},\"query-input\":{\"@type\":\"PropertyValueSpecification\",\"valueRequired\":true,\"valueName\":\"search_term_string\"}}],\"inLanguage\":\"en-US\"},{\"@type\":\"Organization\",\"@id\":\"https:\/\/dev6.erresse-shop.it\/#organization\",\"name\":\"Erresse Shop\",\"url\":\"https:\/\/dev6.erresse-shop.it\/\",\"logo\":{\"@type\":\"ImageObject\",\"inLanguage\":\"en-US\",\"@id\":\"https:\/\/dev6.erresse-shop.it\/#\/schema\/logo\/image\/\",\"url\":\"https:\/\/dev6.erresse-shop.it\/wp-content\/uploads\/2025\/01\/LOGO-ERRESSE-CLASSICO.svg\",\"contentUrl\":\"https:\/\/dev6.erresse-shop.it\/wp-content\/uploads\/2025\/01\/LOGO-ERRESSE-CLASSICO.svg\",\"caption\":\"Erresse Shop\"},\"image\":{\"@id\":\"https:\/\/dev6.erresse-shop.it\/#\/schema\/logo\/image\/\"}}]}<\/script>\n<!-- \/ Yoast SEO plugin. -->","yoast_head_json":{"title":"ZWILLING Set of 4 serrated steak knives - dev6 Erresse","description":"BESCHREIBUNG This 4-teilige Steakmesserset aus dem House ZWILLING is the ideal Erg\u00e4nzung in der Bestecklade aller Haushalte, diein auf den Punkt","robots":{"index":"noindex","follow":"follow","max-snippet":"max-snippet:-1","max-image-preview":"max-image-preview:large","max-video-preview":"max-video-preview:-1"},"og_locale":"en_US","og_type":"article","og_title":"ZWILLING Set of 4 serrated steak knives - dev6 Erresse","og_description":"BESCHREIBUNG This 4-teilige Steakmesserset aus dem House ZWILLING is the ideal Erg\u00e4nzung in der Bestecklade aller Haushalte, diein auf den Punkt","og_url":"https:\/\/dev6.erresse-shop.it\/en\/shop\/table\/cutlery-forks-knives-spoons\/zwilling-set-of-4-serrated-steak-knives\/","og_site_name":"dev6 Erresse","og_image":[{"url":"https:\/\/interpim.erresse-shop.it\/Import\/Prodotti\/39029-002-0_1.jpg","type":"","width":"","height":""},{"url":"https:\/\/interpim.erresse-shop.it\/Import\/Prodotti\/39029-002-0_1.jpg","width":1024,"height":1024,"type":"image\/jpeg"}],"twitter_card":"summary_large_image","twitter_image":"https:\/\/interpim.erresse-shop.it\/Import\/Prodotti\/39029-002-0_1.jpg","schema":{"@context":"https:\/\/schema.org","@graph":[{"@type":"WebPage","@id":"https:\/\/dev6.erresse-shop.it\/en\/shop\/table\/cutlery-forks-knives-spoons\/zwilling-set-of-4-serrated-steak-knives\/","url":"https:\/\/dev6.erresse-shop.it\/en\/shop\/table\/cutlery-forks-knives-spoons\/zwilling-set-of-4-serrated-steak-knives\/","name":"ZWILLING Set of 4 serrated steak knives - dev6 Erresse","isPartOf":{"@id":"https:\/\/dev6.erresse-shop.it\/#website"},"primaryImageOfPage":{"@id":"https:\/\/dev6.erresse-shop.it\/en\/shop\/table\/cutlery-forks-knives-spoons\/zwilling-set-of-4-serrated-steak-knives\/#primaryimage"},"image":{"@id":"https:\/\/dev6.erresse-shop.it\/en\/shop\/table\/cutlery-forks-knives-spoons\/zwilling-set-of-4-serrated-steak-knives\/#primaryimage"},"thumbnailUrl":"https:\/\/i1.wp.com\/interpim.erresse-shop.it\/Import\/Prodotti\/39029-002-0_1.jpg?ssl=1","datePublished":"2026-04-12T06:21:09+00:00","description":"BESCHREIBUNG This 4-teilige Steakmesserset aus dem House ZWILLING is the ideal Erg\u00e4nzung in der Bestecklade aller Haushalte, diein auf den Punkt","breadcrumb":{"@id":"https:\/\/dev6.erresse-shop.it\/en\/shop\/table\/cutlery-forks-knives-spoons\/zwilling-set-of-4-serrated-steak-knives\/#breadcrumb"},"inLanguage":"en-US","potentialAction":[{"@type":"ReadAction","target":["https:\/\/dev6.erresse-shop.it\/en\/shop\/table\/cutlery-forks-knives-spoons\/zwilling-set-of-4-serrated-steak-knives\/"]}]},{"@type":"ImageObject","inLanguage":"en-US","@id":"https:\/\/dev6.erresse-shop.it\/en\/shop\/table\/cutlery-forks-knives-spoons\/zwilling-set-of-4-serrated-steak-knives\/#primaryimage","url":"https:\/\/i1.wp.com\/interpim.erresse-shop.it\/Import\/Prodotti\/39029-002-0_1.jpg?ssl=1","contentUrl":"https:\/\/i1.wp.com\/interpim.erresse-shop.it\/Import\/Prodotti\/39029-002-0_1.jpg?ssl=1"},{"@type":"BreadcrumbList","@id":"https:\/\/dev6.erresse-shop.it\/en\/shop\/table\/cutlery-forks-knives-spoons\/zwilling-set-of-4-serrated-steak-knives\/#breadcrumb","itemListElement":[{"@type":"ListItem","position":1,"name":"Home","item":"https:\/\/dev6.erresse-shop.it\/"},{"@type":"ListItem","position":2,"name":"Shop","item":"https:\/\/dev6.erresse-shop.it\/shop\/"},{"@type":"ListItem","position":3,"name":"ZWILLING Set of 4 serrated steak knives"}]},{"@type":"WebSite","@id":"https:\/\/dev6.erresse-shop.it\/#website","url":"https:\/\/dev6.erresse-shop.it\/","name":"Erresse Shop","description":"","publisher":{"@id":"https:\/\/dev6.erresse-shop.it\/#organization"},"potentialAction":[{"@type":"SearchAction","target":{"@type":"EntryPoint","urlTemplate":"https:\/\/dev6.erresse-shop.it\/?s={search_term_string}"},"query-input":{"@type":"PropertyValueSpecification","valueRequired":true,"valueName":"search_term_string"}}],"inLanguage":"en-US"},{"@type":"Organization","@id":"https:\/\/dev6.erresse-shop.it\/#organization","name":"Erresse Shop","url":"https:\/\/dev6.erresse-shop.it\/","logo":{"@type":"ImageObject","inLanguage":"en-US","@id":"https:\/\/dev6.erresse-shop.it\/#\/schema\/logo\/image\/","url":"https:\/\/dev6.erresse-shop.it\/wp-content\/uploads\/2025\/01\/LOGO-ERRESSE-CLASSICO.svg","contentUrl":"https:\/\/dev6.erresse-shop.it\/wp-content\/uploads\/2025\/01\/LOGO-ERRESSE-CLASSICO.svg","caption":"Erresse Shop"},"image":{"@id":"https:\/\/dev6.erresse-shop.it\/#\/schema\/logo\/image\/"}}]}},"df_price":49,"df_sale_price":49,"df_regular_price":54.95,"df_image_link":"https:\/\/i1.wp.com\/interpim.erresse-shop.it\/Import\/Prodotti\/39029-002-0_1.jpg?resize=300,300&ssl=1","fifu_image_url":"https:\/\/interpim.erresse-shop.it\/Import\/Prodotti\/39029-002-0_1.jpg","_links":{"self":[{"href":"https:\/\/dev6.erresse-shop.it\/en\/wp-json\/wp\/v2\/product\/40226","targetHints":{"allow":["GET"]}}],"collection":[{"href":"https:\/\/dev6.erresse-shop.it\/en\/wp-json\/wp\/v2\/product"}],"about":[{"href":"https:\/\/dev6.erresse-shop.it\/en\/wp-json\/wp\/v2\/types\/product"}],"wp:featuredmedia":[{"embeddable":true,"href":"https:\/\/dev6.erresse-shop.it\/en\/wp-json\/wp\/v2\/media\/6347164"}],"wp:attachment":[{"href":"https:\/\/dev6.erresse-shop.it\/en\/wp-json\/wp\/v2\/media?parent=40226"}],"wp:term":[{"taxonomy":"product_cat","embeddable":true,"href":"https:\/\/dev6.erresse-shop.it\/en\/wp-json\/wp\/v2\/product_cat?post=40226"},{"taxonomy":"product_tag","embeddable":true,"href":"https:\/\/dev6.erresse-shop.it\/en\/wp-json\/wp\/v2\/product_tag?post=40226"}],"curies":[{"name":"wp","href":"https:\/\/api.w.org\/{rel}","templated":true}]}}