{"id":1590661,"date":"2026-04-12T12:37:37","date_gmt":"2026-04-12T10:37:37","guid":{"rendered":"https:\/\/dev6.erresse-shop.it\/shop\/uncategorized\/stockli-crepe-plate-for-pizzagrill-for8\/"},"modified":"2025-07-04T12:00:48","modified_gmt":"2025-07-04T10:00:48","slug":"stockli-crepe-plate-for-pizzagrill-for8","status":"publish","type":"product","link":"https:\/\/dev6.erresse-shop.it\/en\/shop\/small-appliances\/barbecues-and-grills\/stockli-crepe-plate-for-pizzagrill-for8\/","title":{"rendered":"STOCKLI Cr\u00eape plate for PizzaGrill for8"},"content":{"rendered":"<p>Non-stick plate for 6 mini cr\u00eapes. Suitable for the PizzaGrill for8, perfect for making mini cr\u00eapes and pancakes.<\/p>\n<p>The set includes: 1 ladle and 6 spatulas<\/p>\n<p>Technical Specifications<\/p>\n<p>Weight: 0.69 kg<br \/>\nHeight: 5 cm<br \/>\nLength: 21 cm<br \/>\nWidth: 41 cm<br \/>\nMax. People 8<br \/>\nMaterial: Aluminum sheet<\/p>\n","protected":false},"excerpt":{"rendered":"<p>Non-stick plate for 6 mini cr\u00eapes. Suitable for the PizzaGrill for8, perfect for making mini cr\u00eapes and pancakes. The set includes: 1 ladle and 6 spatulas Technical Specifications Weight: 0.69 kg Height: 5 cm Length: 21 cm Width: 41 cm Max. People 8 Material: Aluminum sheet<\/p>\n","protected":false},"featured_media":6373622,"template":"","meta":{"_acf_changed":false},"product_cat":[11871,11839],"product_tag":[],"class_list":{"0":"post-1590661","1":"product","2":"type-product","3":"status-publish","4":"has-post-thumbnail","6":"product_cat-barbecues-and-grills","7":"product_cat-small-appliances","9":"first","10":"instock","11":"taxable","12":"shipping-taxable","13":"product-type-simple","swatches":"rey-swatches","show_selected":"","stretch_labels":"rey-swatches--stretch-labels"},"acf":[],"yoast_head":"<!-- This site is optimized with the Yoast SEO plugin v25.4 - https:\/\/yoast.com\/wordpress\/plugins\/seo\/ -->\n<title>STOCKLI Cr\u00eape plate for PizzaGrill for8 - dev6 Erresse<\/title>\n<meta name=\"description\" content=\"Non-stick plate for 6 mini cr\u00eapes. Suitable for the PizzaGrill for8, perfect for making mini cr\u00eapes and pancakes. The set includes: 1 ladle and 6 spatulas\" \/>\n<meta name=\"robots\" content=\"noindex, follow, max-snippet:-1, max-image-preview:large, max-video-preview:-1\" \/>\n<meta property=\"og:locale\" content=\"en_US\" \/>\n<meta property=\"og:type\" content=\"article\" \/>\n<meta property=\"og:title\" content=\"STOCKLI Cr\u00eape plate for PizzaGrill for8 - dev6 Erresse\" \/>\n<meta property=\"og:description\" content=\"Non-stick plate for 6 mini cr\u00eapes. Suitable for the PizzaGrill for8, perfect for making mini cr\u00eapes and pancakes. The set includes: 1 ladle and 6 spatulas\" \/>\n<meta property=\"og:url\" content=\"https:\/\/dev6.erresse-shop.it\/en\/shop\/small-appliances\/barbecues-and-grills\/stockli-crepe-plate-for-pizzagrill-for8\/\" \/>\n<meta property=\"og:site_name\" content=\"dev6 Erresse\" \/>\n<meta property=\"og:image\" content=\"https:\/\/interpim.erresse-shop.it\/Import\/Prodotti\/stockli-piastra-per-crepes-per-pizzagrill-for8.jpg\" \/><meta property=\"og:image\" content=\"https:\/\/interpim.erresse-shop.it\/Import\/Prodotti\/stockli-piastra-per-crepes-per-pizzagrill-for8.jpg\" \/>\n\t<meta property=\"og:image:width\" content=\"1024\" \/>\n\t<meta property=\"og:image:height\" content=\"1024\" \/>\n\t<meta property=\"og:image:type\" content=\"image\/jpeg\" \/>\n<meta name=\"twitter:card\" content=\"summary_large_image\" \/>\n<meta name=\"twitter:image\" content=\"https:\/\/interpim.erresse-shop.it\/Import\/Prodotti\/stockli-piastra-per-crepes-per-pizzagrill-for8.jpg\" \/>\n<script type=\"application\/ld+json\" class=\"yoast-schema-graph\">{\"@context\":\"https:\/\/schema.org\",\"@graph\":[{\"@type\":\"WebPage\",\"@id\":\"https:\/\/dev6.erresse-shop.it\/en\/shop\/small-appliances\/barbecues-and-grills\/stockli-crepe-plate-for-pizzagrill-for8\/\",\"url\":\"https:\/\/dev6.erresse-shop.it\/en\/shop\/small-appliances\/barbecues-and-grills\/stockli-crepe-plate-for-pizzagrill-for8\/\",\"name\":\"STOCKLI Cr\u00eape plate for PizzaGrill for8 - dev6 Erresse\",\"isPartOf\":{\"@id\":\"https:\/\/dev6.erresse-shop.it\/#website\"},\"primaryImageOfPage\":{\"@id\":\"https:\/\/dev6.erresse-shop.it\/en\/shop\/small-appliances\/barbecues-and-grills\/stockli-crepe-plate-for-pizzagrill-for8\/#primaryimage\"},\"image\":{\"@id\":\"https:\/\/dev6.erresse-shop.it\/en\/shop\/small-appliances\/barbecues-and-grills\/stockli-crepe-plate-for-pizzagrill-for8\/#primaryimage\"},\"thumbnailUrl\":\"https:\/\/i2.wp.com\/interpim.erresse-shop.it\/Import\/Prodotti\/stockli-piastra-per-crepes-per-pizzagrill-for8.jpg?ssl=1\",\"datePublished\":\"2026-04-12T10:37:37+00:00\",\"description\":\"Non-stick plate for 6 mini cr\u00eapes. Suitable for the PizzaGrill for8, perfect for making mini cr\u00eapes and pancakes. The set includes: 1 ladle and 6 spatulas\",\"breadcrumb\":{\"@id\":\"https:\/\/dev6.erresse-shop.it\/en\/shop\/small-appliances\/barbecues-and-grills\/stockli-crepe-plate-for-pizzagrill-for8\/#breadcrumb\"},\"inLanguage\":\"en-US\",\"potentialAction\":[{\"@type\":\"ReadAction\",\"target\":[\"https:\/\/dev6.erresse-shop.it\/en\/shop\/small-appliances\/barbecues-and-grills\/stockli-crepe-plate-for-pizzagrill-for8\/\"]}]},{\"@type\":\"ImageObject\",\"inLanguage\":\"en-US\",\"@id\":\"https:\/\/dev6.erresse-shop.it\/en\/shop\/small-appliances\/barbecues-and-grills\/stockli-crepe-plate-for-pizzagrill-for8\/#primaryimage\",\"url\":\"https:\/\/i2.wp.com\/interpim.erresse-shop.it\/Import\/Prodotti\/stockli-piastra-per-crepes-per-pizzagrill-for8.jpg?ssl=1\",\"contentUrl\":\"https:\/\/i2.wp.com\/interpim.erresse-shop.it\/Import\/Prodotti\/stockli-piastra-per-crepes-per-pizzagrill-for8.jpg?ssl=1\"},{\"@type\":\"BreadcrumbList\",\"@id\":\"https:\/\/dev6.erresse-shop.it\/en\/shop\/small-appliances\/barbecues-and-grills\/stockli-crepe-plate-for-pizzagrill-for8\/#breadcrumb\",\"itemListElement\":[{\"@type\":\"ListItem\",\"position\":1,\"name\":\"Home\",\"item\":\"https:\/\/dev6.erresse-shop.it\/\"},{\"@type\":\"ListItem\",\"position\":2,\"name\":\"Shop\",\"item\":\"https:\/\/dev6.erresse-shop.it\/shop\/\"},{\"@type\":\"ListItem\",\"position\":3,\"name\":\"STOCKLI Cr\u00eape plate for PizzaGrill for8\"}]},{\"@type\":\"WebSite\",\"@id\":\"https:\/\/dev6.erresse-shop.it\/#website\",\"url\":\"https:\/\/dev6.erresse-shop.it\/\",\"name\":\"Erresse Shop\",\"description\":\"\",\"publisher\":{\"@id\":\"https:\/\/dev6.erresse-shop.it\/#organization\"},\"potentialAction\":[{\"@type\":\"SearchAction\",\"target\":{\"@type\":\"EntryPoint\",\"urlTemplate\":\"https:\/\/dev6.erresse-shop.it\/?s={search_term_string}\"},\"query-input\":{\"@type\":\"PropertyValueSpecification\",\"valueRequired\":true,\"valueName\":\"search_term_string\"}}],\"inLanguage\":\"en-US\"},{\"@type\":\"Organization\",\"@id\":\"https:\/\/dev6.erresse-shop.it\/#organization\",\"name\":\"Erresse Shop\",\"url\":\"https:\/\/dev6.erresse-shop.it\/\",\"logo\":{\"@type\":\"ImageObject\",\"inLanguage\":\"en-US\",\"@id\":\"https:\/\/dev6.erresse-shop.it\/#\/schema\/logo\/image\/\",\"url\":\"https:\/\/dev6.erresse-shop.it\/wp-content\/uploads\/2025\/01\/LOGO-ERRESSE-CLASSICO.svg\",\"contentUrl\":\"https:\/\/dev6.erresse-shop.it\/wp-content\/uploads\/2025\/01\/LOGO-ERRESSE-CLASSICO.svg\",\"caption\":\"Erresse Shop\"},\"image\":{\"@id\":\"https:\/\/dev6.erresse-shop.it\/#\/schema\/logo\/image\/\"}}]}<\/script>\n<!-- \/ Yoast SEO plugin. -->","yoast_head_json":{"title":"STOCKLI Cr\u00eape plate for PizzaGrill for8 - dev6 Erresse","description":"Non-stick plate for 6 mini cr\u00eapes. Suitable for the PizzaGrill for8, perfect for making mini cr\u00eapes and pancakes. The set includes: 1 ladle and 6 spatulas","robots":{"index":"noindex","follow":"follow","max-snippet":"max-snippet:-1","max-image-preview":"max-image-preview:large","max-video-preview":"max-video-preview:-1"},"og_locale":"en_US","og_type":"article","og_title":"STOCKLI Cr\u00eape plate for PizzaGrill for8 - dev6 Erresse","og_description":"Non-stick plate for 6 mini cr\u00eapes. Suitable for the PizzaGrill for8, perfect for making mini cr\u00eapes and pancakes. The set includes: 1 ladle and 6 spatulas","og_url":"https:\/\/dev6.erresse-shop.it\/en\/shop\/small-appliances\/barbecues-and-grills\/stockli-crepe-plate-for-pizzagrill-for8\/","og_site_name":"dev6 Erresse","og_image":[{"url":"https:\/\/interpim.erresse-shop.it\/Import\/Prodotti\/stockli-piastra-per-crepes-per-pizzagrill-for8.jpg","type":"","width":"","height":""},{"url":"https:\/\/interpim.erresse-shop.it\/Import\/Prodotti\/stockli-piastra-per-crepes-per-pizzagrill-for8.jpg","width":1024,"height":1024,"type":"image\/jpeg"}],"twitter_card":"summary_large_image","twitter_image":"https:\/\/interpim.erresse-shop.it\/Import\/Prodotti\/stockli-piastra-per-crepes-per-pizzagrill-for8.jpg","schema":{"@context":"https:\/\/schema.org","@graph":[{"@type":"WebPage","@id":"https:\/\/dev6.erresse-shop.it\/en\/shop\/small-appliances\/barbecues-and-grills\/stockli-crepe-plate-for-pizzagrill-for8\/","url":"https:\/\/dev6.erresse-shop.it\/en\/shop\/small-appliances\/barbecues-and-grills\/stockli-crepe-plate-for-pizzagrill-for8\/","name":"STOCKLI Cr\u00eape plate for PizzaGrill for8 - dev6 Erresse","isPartOf":{"@id":"https:\/\/dev6.erresse-shop.it\/#website"},"primaryImageOfPage":{"@id":"https:\/\/dev6.erresse-shop.it\/en\/shop\/small-appliances\/barbecues-and-grills\/stockli-crepe-plate-for-pizzagrill-for8\/#primaryimage"},"image":{"@id":"https:\/\/dev6.erresse-shop.it\/en\/shop\/small-appliances\/barbecues-and-grills\/stockli-crepe-plate-for-pizzagrill-for8\/#primaryimage"},"thumbnailUrl":"https:\/\/i2.wp.com\/interpim.erresse-shop.it\/Import\/Prodotti\/stockli-piastra-per-crepes-per-pizzagrill-for8.jpg?ssl=1","datePublished":"2026-04-12T10:37:37+00:00","description":"Non-stick plate for 6 mini cr\u00eapes. Suitable for the PizzaGrill for8, perfect for making mini cr\u00eapes and pancakes. The set includes: 1 ladle and 6 spatulas","breadcrumb":{"@id":"https:\/\/dev6.erresse-shop.it\/en\/shop\/small-appliances\/barbecues-and-grills\/stockli-crepe-plate-for-pizzagrill-for8\/#breadcrumb"},"inLanguage":"en-US","potentialAction":[{"@type":"ReadAction","target":["https:\/\/dev6.erresse-shop.it\/en\/shop\/small-appliances\/barbecues-and-grills\/stockli-crepe-plate-for-pizzagrill-for8\/"]}]},{"@type":"ImageObject","inLanguage":"en-US","@id":"https:\/\/dev6.erresse-shop.it\/en\/shop\/small-appliances\/barbecues-and-grills\/stockli-crepe-plate-for-pizzagrill-for8\/#primaryimage","url":"https:\/\/i2.wp.com\/interpim.erresse-shop.it\/Import\/Prodotti\/stockli-piastra-per-crepes-per-pizzagrill-for8.jpg?ssl=1","contentUrl":"https:\/\/i2.wp.com\/interpim.erresse-shop.it\/Import\/Prodotti\/stockli-piastra-per-crepes-per-pizzagrill-for8.jpg?ssl=1"},{"@type":"BreadcrumbList","@id":"https:\/\/dev6.erresse-shop.it\/en\/shop\/small-appliances\/barbecues-and-grills\/stockli-crepe-plate-for-pizzagrill-for8\/#breadcrumb","itemListElement":[{"@type":"ListItem","position":1,"name":"Home","item":"https:\/\/dev6.erresse-shop.it\/"},{"@type":"ListItem","position":2,"name":"Shop","item":"https:\/\/dev6.erresse-shop.it\/shop\/"},{"@type":"ListItem","position":3,"name":"STOCKLI Cr\u00eape plate for PizzaGrill for8"}]},{"@type":"WebSite","@id":"https:\/\/dev6.erresse-shop.it\/#website","url":"https:\/\/dev6.erresse-shop.it\/","name":"Erresse Shop","description":"","publisher":{"@id":"https:\/\/dev6.erresse-shop.it\/#organization"},"potentialAction":[{"@type":"SearchAction","target":{"@type":"EntryPoint","urlTemplate":"https:\/\/dev6.erresse-shop.it\/?s={search_term_string}"},"query-input":{"@type":"PropertyValueSpecification","valueRequired":true,"valueName":"search_term_string"}}],"inLanguage":"en-US"},{"@type":"Organization","@id":"https:\/\/dev6.erresse-shop.it\/#organization","name":"Erresse Shop","url":"https:\/\/dev6.erresse-shop.it\/","logo":{"@type":"ImageObject","inLanguage":"en-US","@id":"https:\/\/dev6.erresse-shop.it\/#\/schema\/logo\/image\/","url":"https:\/\/dev6.erresse-shop.it\/wp-content\/uploads\/2025\/01\/LOGO-ERRESSE-CLASSICO.svg","contentUrl":"https:\/\/dev6.erresse-shop.it\/wp-content\/uploads\/2025\/01\/LOGO-ERRESSE-CLASSICO.svg","caption":"Erresse Shop"},"image":{"@id":"https:\/\/dev6.erresse-shop.it\/#\/schema\/logo\/image\/"}}]}},"df_price":"","df_sale_price":"","df_regular_price":"","df_image_link":"https:\/\/i2.wp.com\/interpim.erresse-shop.it\/Import\/Prodotti\/stockli-piastra-per-crepes-per-pizzagrill-for8.jpg?resize=300,300&ssl=1","fifu_image_url":"https:\/\/interpim.erresse-shop.it\/Import\/Prodotti\/stockli-piastra-per-crepes-per-pizzagrill-for8.jpg","_links":{"self":[{"href":"https:\/\/dev6.erresse-shop.it\/en\/wp-json\/wp\/v2\/product\/1590661","targetHints":{"allow":["GET"]}}],"collection":[{"href":"https:\/\/dev6.erresse-shop.it\/en\/wp-json\/wp\/v2\/product"}],"about":[{"href":"https:\/\/dev6.erresse-shop.it\/en\/wp-json\/wp\/v2\/types\/product"}],"wp:featuredmedia":[{"embeddable":true,"href":"https:\/\/dev6.erresse-shop.it\/en\/wp-json\/wp\/v2\/media\/6373622"}],"wp:attachment":[{"href":"https:\/\/dev6.erresse-shop.it\/en\/wp-json\/wp\/v2\/media?parent=1590661"}],"wp:term":[{"taxonomy":"product_cat","embeddable":true,"href":"https:\/\/dev6.erresse-shop.it\/en\/wp-json\/wp\/v2\/product_cat?post=1590661"},{"taxonomy":"product_tag","embeddable":true,"href":"https:\/\/dev6.erresse-shop.it\/en\/wp-json\/wp\/v2\/product_tag?post=1590661"}],"curies":[{"name":"wp","href":"https:\/\/api.w.org\/{rel}","templated":true}]}}