{"id":848911,"date":"2026-04-12T12:23:26","date_gmt":"2026-04-12T10:23:26","guid":{"rendered":"https:\/\/dev6.erresse-shop.it\/shop\/unkategorisiert\/cuisinart-3-in-1-grill-waffle-e-omelette-maker\/"},"modified":"2025-07-04T14:34:42","modified_gmt":"2025-07-04T12:34:42","slug":"cuisinart-3-in-1-grill-waffle-e-omelette-maker","status":"publish","type":"product","link":"https:\/\/dev6.erresse-shop.it\/de\/shop\/kuche\/cuisinart-3-in-1-grill-waffle-e-omelette-maker\/","title":{"rendered":"CUISINART 3 IN 1 Grill, Waffle e Omelette Maker"},"content":{"rendered":"<p>Der Cuisinart 3-in-1 Grill-, Waffel- und Omelette-Maker ist ein vielseitiges Produkt, das Sie in Ihrer K\u00fcche haben sollten. Er ist ideal f\u00fcr die schnelle und einfache Zubereitung von Mahlzeiten und Snacks. Mit einer H\u00f6chsttemperatur von 210\u02daC grillt er Fleisch in wenigen Minuten. Dank der variablen Temperatureinstellungen haben Sie die volle Kontrolle \u00fcber die Zubereitung und k\u00f6nnen so auch bei Fisch und Gem\u00fcse optimale Ergebnisse erzielen.<\/p>\n<p>Er geh\u00f6rt zur Style Collection und passt perfekt in jede K\u00fcche. Au\u00dferdem ist er so kompakt und leicht, dass er problemlos in einem Schrank untergebracht werden kann.<\/p>\n<p>Der Cuisinart 3-in-1 Grill-, Waffel- und Omelettezubereiter ist mit austauschbaren, sp\u00fclmaschinenfesten Grill-, Waffel- und Omelettplatten ausgestattet, so dass er f\u00fcr eine Vielzahl von Rezepten verwendet werden kann.<\/p>\n<p>Die Grillplatten eignen sich zum schnellen Grillen von Fleisch, Fisch und Gem\u00fcse, aber auch zum Zubereiten von Sandwiches und vielem mehr. Dank des schwimmenden Gelenks liegt die obere Platte sanft auf dem Gargut auf und gart es von beiden Seiten \u2013 f\u00fcr saftige Ergebnisse in k\u00fcrzester Zeit.<\/p>\n<p>Verwenden Sie die Waffelplatten, um s\u00fc\u00dfe oder herzhafte Waffeln mit einer perfekten Kruste und einem weichen Kern zu backen. Das ideale Zubeh\u00f6r f\u00fcr die Zubereitung eines leckeren Fr\u00fchst\u00fccks oder eines Brunchs.<\/p>\n<p>Mit Omelettplatten lassen sich auch leichte und fluffige Omeletts in wenigen Minuten zubereiten. Sie k\u00f6nnen auch zur Herstellung von Tortillas, Mini-Quiches und vielem mehr verwendet werden.<\/p>\n<p>Au\u00dferdem verf\u00fcgt er \u00fcber eine integrierte Fettauffangschale, die \u00fcbersch\u00fcssiges Fett beim Grillen diskret auff\u00e4ngt und so f\u00fcr eine ges\u00fcndere und leichtere Zubereitung sorgt.<\/p>\n<p>Dank seiner kompakten Gr\u00f6\u00dfe k\u00f6nnen Sie ihn immer auf der K\u00fcchenarbeitsplatte stehen lassen oder ihn bequem in der Speisekammer aufbewahren und nur bei Bedarf herausnehmen.<\/p>\n<p>TECHNISCHE MERKMALE:<\/p>\n<p>Kompakte Abmessungen<br \/>\nGleichbleibende Leistung auch bei hohen Temperaturen Max. Temperatur 210\u02daC<br \/>\nEinstellbare Temperatur mit Kontrollleuchte<br \/>\nInklusive 1 Satz Grillplatten, 1 Satz Waffelplatten und 1 Satz Omelettplatten<br \/>\nAuswechselbare Teller mit Antihaftbeschichtung, sp\u00fclmaschinengeeignet<br \/>\nSchwimmende Deckplatte mit eingesetzten Grillplatten<br \/>\nVerschlusssystem mit eingelegten Waffel- und Omelettplatten f\u00fcr perfekt versiegelte R\u00e4nder<br \/>\nIntegrierte Fettauffangwanne<\/p>\n<p>5 Jahre Garantie<br \/>\nNicht zum Verkauf au\u00dferhalb Europas<\/p>\n","protected":false},"excerpt":{"rendered":"<p>Der Cuisinart 3-in-1 Grill-, Waffel- und Omelette-Maker ist ein vielseitiges Produkt, das Sie in Ihrer K\u00fcche haben sollten. Er ist ideal f\u00fcr die schnelle und einfache Zubereitung von Mahlzeiten und Snacks. Mit einer H\u00f6chsttemperatur von 210\u02daC grillt er Fleisch in wenigen Minuten. Dank der variablen Temperatureinstellungen haben Sie die volle Kontrolle \u00fcber die Zubereitung und [&hellip;]<\/p>\n","protected":false},"featured_media":6372599,"template":"","meta":{"_acf_changed":false},"product_cat":[12100],"product_tag":[],"class_list":{"0":"post-848911","1":"product","2":"type-product","3":"status-publish","4":"has-post-thumbnail","6":"product_cat-kuche","8":"first","9":"instock","10":"taxable","11":"shipping-taxable","12":"product-type-simple","swatches":"rey-swatches","show_selected":"","stretch_labels":"rey-swatches--stretch-labels"},"acf":[],"yoast_head":"<!-- This site is optimized with the Yoast SEO plugin v25.4 - https:\/\/yoast.com\/wordpress\/plugins\/seo\/ -->\n<title>CUISINART 3 IN 1 Grill, Waffle e Omelette Maker - dev6 Erresse<\/title>\n<meta name=\"description\" content=\"Der Cuisinart 3-in-1 Grill-, Waffel- und Omelette-Maker ist ein vielseitiges Produkt, das Sie in Ihrer K\u00fcche haben sollten. Er ist ideal f\u00fcr die schnelle\" \/>\n<meta name=\"robots\" content=\"noindex, follow, max-snippet:-1, max-image-preview:large, max-video-preview:-1\" \/>\n<meta property=\"og:locale\" content=\"de_DE\" \/>\n<meta property=\"og:type\" content=\"article\" \/>\n<meta property=\"og:title\" content=\"CUISINART 3 IN 1 Grill, Waffle e Omelette Maker - dev6 Erresse\" \/>\n<meta property=\"og:description\" content=\"Der Cuisinart 3-in-1 Grill-, Waffel- und Omelette-Maker ist ein vielseitiges Produkt, das Sie in Ihrer K\u00fcche haben sollten. Er ist ideal f\u00fcr die schnelle\" \/>\n<meta property=\"og:url\" content=\"https:\/\/dev6.erresse-shop.it\/de\/shop\/kuche\/cuisinart-3-in-1-grill-waffle-e-omelette-maker\/\" \/>\n<meta property=\"og:site_name\" content=\"dev6 Erresse\" \/>\n<meta property=\"og:image\" content=\"https:\/\/interpim.erresse-shop.it\/Import\/Prodotti\/cuisinart-grill-3-in-1.jpg\" \/><meta property=\"og:image\" content=\"https:\/\/interpim.erresse-shop.it\/Import\/Prodotti\/cuisinart-grill-3-in-1.jpg\" \/>\n\t<meta property=\"og:image:width\" content=\"1024\" \/>\n\t<meta property=\"og:image:height\" content=\"1024\" \/>\n\t<meta property=\"og:image:type\" content=\"image\/jpeg\" \/>\n<meta name=\"twitter:card\" content=\"summary_large_image\" \/>\n<meta name=\"twitter:image\" content=\"https:\/\/interpim.erresse-shop.it\/Import\/Prodotti\/cuisinart-grill-3-in-1.jpg\" \/>\n<script type=\"application\/ld+json\" class=\"yoast-schema-graph\">{\"@context\":\"https:\/\/schema.org\",\"@graph\":[{\"@type\":\"WebPage\",\"@id\":\"https:\/\/dev6.erresse-shop.it\/de\/shop\/kuche\/cuisinart-3-in-1-grill-waffle-e-omelette-maker\/\",\"url\":\"https:\/\/dev6.erresse-shop.it\/de\/shop\/kuche\/cuisinart-3-in-1-grill-waffle-e-omelette-maker\/\",\"name\":\"CUISINART 3 IN 1 Grill, Waffle e Omelette Maker - dev6 Erresse\",\"isPartOf\":{\"@id\":\"https:\/\/dev6.erresse-shop.it\/#website\"},\"primaryImageOfPage\":{\"@id\":\"https:\/\/dev6.erresse-shop.it\/de\/shop\/kuche\/cuisinart-3-in-1-grill-waffle-e-omelette-maker\/#primaryimage\"},\"image\":{\"@id\":\"https:\/\/dev6.erresse-shop.it\/de\/shop\/kuche\/cuisinart-3-in-1-grill-waffle-e-omelette-maker\/#primaryimage\"},\"thumbnailUrl\":\"https:\/\/i3.wp.com\/interpim.erresse-shop.it\/Import\/Prodotti\/cuisinart-grill-3-in-1.jpg?ssl=1\",\"datePublished\":\"2026-04-12T10:23:26+00:00\",\"description\":\"Der Cuisinart 3-in-1 Grill-, Waffel- und Omelette-Maker ist ein vielseitiges Produkt, das Sie in Ihrer K\u00fcche haben sollten. Er ist ideal f\u00fcr die schnelle\",\"breadcrumb\":{\"@id\":\"https:\/\/dev6.erresse-shop.it\/de\/shop\/kuche\/cuisinart-3-in-1-grill-waffle-e-omelette-maker\/#breadcrumb\"},\"inLanguage\":\"de\",\"potentialAction\":[{\"@type\":\"ReadAction\",\"target\":[\"https:\/\/dev6.erresse-shop.it\/de\/shop\/kuche\/cuisinart-3-in-1-grill-waffle-e-omelette-maker\/\"]}]},{\"@type\":\"ImageObject\",\"inLanguage\":\"de\",\"@id\":\"https:\/\/dev6.erresse-shop.it\/de\/shop\/kuche\/cuisinart-3-in-1-grill-waffle-e-omelette-maker\/#primaryimage\",\"url\":\"https:\/\/i3.wp.com\/interpim.erresse-shop.it\/Import\/Prodotti\/cuisinart-grill-3-in-1.jpg?ssl=1\",\"contentUrl\":\"https:\/\/i3.wp.com\/interpim.erresse-shop.it\/Import\/Prodotti\/cuisinart-grill-3-in-1.jpg?ssl=1\"},{\"@type\":\"BreadcrumbList\",\"@id\":\"https:\/\/dev6.erresse-shop.it\/de\/shop\/kuche\/cuisinart-3-in-1-grill-waffle-e-omelette-maker\/#breadcrumb\",\"itemListElement\":[{\"@type\":\"ListItem\",\"position\":1,\"name\":\"Home\",\"item\":\"https:\/\/dev6.erresse-shop.it\/\"},{\"@type\":\"ListItem\",\"position\":2,\"name\":\"Shop\",\"item\":\"https:\/\/dev6.erresse-shop.it\/shop\/\"},{\"@type\":\"ListItem\",\"position\":3,\"name\":\"CUISINART 3 IN 1 Grill, Waffle e Omelette Maker\"}]},{\"@type\":\"WebSite\",\"@id\":\"https:\/\/dev6.erresse-shop.it\/#website\",\"url\":\"https:\/\/dev6.erresse-shop.it\/\",\"name\":\"Erresse Shop\",\"description\":\"\",\"publisher\":{\"@id\":\"https:\/\/dev6.erresse-shop.it\/#organization\"},\"potentialAction\":[{\"@type\":\"SearchAction\",\"target\":{\"@type\":\"EntryPoint\",\"urlTemplate\":\"https:\/\/dev6.erresse-shop.it\/?s={search_term_string}\"},\"query-input\":{\"@type\":\"PropertyValueSpecification\",\"valueRequired\":true,\"valueName\":\"search_term_string\"}}],\"inLanguage\":\"de\"},{\"@type\":\"Organization\",\"@id\":\"https:\/\/dev6.erresse-shop.it\/#organization\",\"name\":\"Erresse Shop\",\"url\":\"https:\/\/dev6.erresse-shop.it\/\",\"logo\":{\"@type\":\"ImageObject\",\"inLanguage\":\"de\",\"@id\":\"https:\/\/dev6.erresse-shop.it\/#\/schema\/logo\/image\/\",\"url\":\"https:\/\/dev6.erresse-shop.it\/wp-content\/uploads\/2025\/01\/LOGO-ERRESSE-CLASSICO.svg\",\"contentUrl\":\"https:\/\/dev6.erresse-shop.it\/wp-content\/uploads\/2025\/01\/LOGO-ERRESSE-CLASSICO.svg\",\"caption\":\"Erresse Shop\"},\"image\":{\"@id\":\"https:\/\/dev6.erresse-shop.it\/#\/schema\/logo\/image\/\"}}]}<\/script>\n<!-- \/ Yoast SEO plugin. -->","yoast_head_json":{"title":"CUISINART 3 IN 1 Grill, Waffle e Omelette Maker - dev6 Erresse","description":"Der Cuisinart 3-in-1 Grill-, Waffel- und Omelette-Maker ist ein vielseitiges Produkt, das Sie in Ihrer K\u00fcche haben sollten. Er ist ideal f\u00fcr die schnelle","robots":{"index":"noindex","follow":"follow","max-snippet":"max-snippet:-1","max-image-preview":"max-image-preview:large","max-video-preview":"max-video-preview:-1"},"og_locale":"de_DE","og_type":"article","og_title":"CUISINART 3 IN 1 Grill, Waffle e Omelette Maker - dev6 Erresse","og_description":"Der Cuisinart 3-in-1 Grill-, Waffel- und Omelette-Maker ist ein vielseitiges Produkt, das Sie in Ihrer K\u00fcche haben sollten. Er ist ideal f\u00fcr die schnelle","og_url":"https:\/\/dev6.erresse-shop.it\/de\/shop\/kuche\/cuisinart-3-in-1-grill-waffle-e-omelette-maker\/","og_site_name":"dev6 Erresse","og_image":[{"url":"https:\/\/interpim.erresse-shop.it\/Import\/Prodotti\/cuisinart-grill-3-in-1.jpg","type":"","width":"","height":""},{"url":"https:\/\/interpim.erresse-shop.it\/Import\/Prodotti\/cuisinart-grill-3-in-1.jpg","width":1024,"height":1024,"type":"image\/jpeg"}],"twitter_card":"summary_large_image","twitter_image":"https:\/\/interpim.erresse-shop.it\/Import\/Prodotti\/cuisinart-grill-3-in-1.jpg","schema":{"@context":"https:\/\/schema.org","@graph":[{"@type":"WebPage","@id":"https:\/\/dev6.erresse-shop.it\/de\/shop\/kuche\/cuisinart-3-in-1-grill-waffle-e-omelette-maker\/","url":"https:\/\/dev6.erresse-shop.it\/de\/shop\/kuche\/cuisinart-3-in-1-grill-waffle-e-omelette-maker\/","name":"CUISINART 3 IN 1 Grill, Waffle e Omelette Maker - dev6 Erresse","isPartOf":{"@id":"https:\/\/dev6.erresse-shop.it\/#website"},"primaryImageOfPage":{"@id":"https:\/\/dev6.erresse-shop.it\/de\/shop\/kuche\/cuisinart-3-in-1-grill-waffle-e-omelette-maker\/#primaryimage"},"image":{"@id":"https:\/\/dev6.erresse-shop.it\/de\/shop\/kuche\/cuisinart-3-in-1-grill-waffle-e-omelette-maker\/#primaryimage"},"thumbnailUrl":"https:\/\/i3.wp.com\/interpim.erresse-shop.it\/Import\/Prodotti\/cuisinart-grill-3-in-1.jpg?ssl=1","datePublished":"2026-04-12T10:23:26+00:00","description":"Der Cuisinart 3-in-1 Grill-, Waffel- und Omelette-Maker ist ein vielseitiges Produkt, das Sie in Ihrer K\u00fcche haben sollten. Er ist ideal f\u00fcr die schnelle","breadcrumb":{"@id":"https:\/\/dev6.erresse-shop.it\/de\/shop\/kuche\/cuisinart-3-in-1-grill-waffle-e-omelette-maker\/#breadcrumb"},"inLanguage":"de","potentialAction":[{"@type":"ReadAction","target":["https:\/\/dev6.erresse-shop.it\/de\/shop\/kuche\/cuisinart-3-in-1-grill-waffle-e-omelette-maker\/"]}]},{"@type":"ImageObject","inLanguage":"de","@id":"https:\/\/dev6.erresse-shop.it\/de\/shop\/kuche\/cuisinart-3-in-1-grill-waffle-e-omelette-maker\/#primaryimage","url":"https:\/\/i3.wp.com\/interpim.erresse-shop.it\/Import\/Prodotti\/cuisinart-grill-3-in-1.jpg?ssl=1","contentUrl":"https:\/\/i3.wp.com\/interpim.erresse-shop.it\/Import\/Prodotti\/cuisinart-grill-3-in-1.jpg?ssl=1"},{"@type":"BreadcrumbList","@id":"https:\/\/dev6.erresse-shop.it\/de\/shop\/kuche\/cuisinart-3-in-1-grill-waffle-e-omelette-maker\/#breadcrumb","itemListElement":[{"@type":"ListItem","position":1,"name":"Home","item":"https:\/\/dev6.erresse-shop.it\/"},{"@type":"ListItem","position":2,"name":"Shop","item":"https:\/\/dev6.erresse-shop.it\/shop\/"},{"@type":"ListItem","position":3,"name":"CUISINART 3 IN 1 Grill, Waffle e Omelette Maker"}]},{"@type":"WebSite","@id":"https:\/\/dev6.erresse-shop.it\/#website","url":"https:\/\/dev6.erresse-shop.it\/","name":"Erresse Shop","description":"","publisher":{"@id":"https:\/\/dev6.erresse-shop.it\/#organization"},"potentialAction":[{"@type":"SearchAction","target":{"@type":"EntryPoint","urlTemplate":"https:\/\/dev6.erresse-shop.it\/?s={search_term_string}"},"query-input":{"@type":"PropertyValueSpecification","valueRequired":true,"valueName":"search_term_string"}}],"inLanguage":"de"},{"@type":"Organization","@id":"https:\/\/dev6.erresse-shop.it\/#organization","name":"Erresse Shop","url":"https:\/\/dev6.erresse-shop.it\/","logo":{"@type":"ImageObject","inLanguage":"de","@id":"https:\/\/dev6.erresse-shop.it\/#\/schema\/logo\/image\/","url":"https:\/\/dev6.erresse-shop.it\/wp-content\/uploads\/2025\/01\/LOGO-ERRESSE-CLASSICO.svg","contentUrl":"https:\/\/dev6.erresse-shop.it\/wp-content\/uploads\/2025\/01\/LOGO-ERRESSE-CLASSICO.svg","caption":"Erresse Shop"},"image":{"@id":"https:\/\/dev6.erresse-shop.it\/#\/schema\/logo\/image\/"}}]}},"df_price":"","df_sale_price":"","df_regular_price":"","df_image_link":"https:\/\/i3.wp.com\/interpim.erresse-shop.it\/Import\/Prodotti\/cuisinart-grill-3-in-1.jpg?resize=300,300&ssl=1","fifu_image_url":"https:\/\/interpim.erresse-shop.it\/Import\/Prodotti\/cuisinart-grill-3-in-1.jpg","_links":{"self":[{"href":"https:\/\/dev6.erresse-shop.it\/de\/wp-json\/wp\/v2\/product\/848911","targetHints":{"allow":["GET"]}}],"collection":[{"href":"https:\/\/dev6.erresse-shop.it\/de\/wp-json\/wp\/v2\/product"}],"about":[{"href":"https:\/\/dev6.erresse-shop.it\/de\/wp-json\/wp\/v2\/types\/product"}],"wp:featuredmedia":[{"embeddable":true,"href":"https:\/\/dev6.erresse-shop.it\/de\/wp-json\/wp\/v2\/media\/6372599"}],"wp:attachment":[{"href":"https:\/\/dev6.erresse-shop.it\/de\/wp-json\/wp\/v2\/media?parent=848911"}],"wp:term":[{"taxonomy":"product_cat","embeddable":true,"href":"https:\/\/dev6.erresse-shop.it\/de\/wp-json\/wp\/v2\/product_cat?post=848911"},{"taxonomy":"product_tag","embeddable":true,"href":"https:\/\/dev6.erresse-shop.it\/de\/wp-json\/wp\/v2\/product_tag?post=848911"}],"curies":[{"name":"wp","href":"https:\/\/api.w.org\/{rel}","templated":true}]}}