{"id":848752,"date":"2026-04-12T12:23:26","date_gmt":"2026-04-12T10:23:26","guid":{"rendered":"https:\/\/dev6.erresse-shop.it\/shop\/unkategorisiert\/cuisinart-zwei-platten-grill\/"},"modified":"2025-07-04T14:34:40","modified_gmt":"2025-07-04T12:34:40","slug":"cuisinart-zwei-platten-grill","status":"publish","type":"product","link":"https:\/\/dev6.erresse-shop.it\/de\/shop\/kuche\/cuisinart-zwei-platten-grill\/","title":{"rendered":"CUISINART Zwei-Platten-Grill"},"content":{"rendered":"<p>Dieser Grill ist ein wirklich vielseitiges Produkt, das Sie in Ihrer K\u00fcche haben sollten. Die austauschbaren, sp\u00fclmaschinengeeigneten, gerippten und glatten Platten k\u00f6nnen f\u00fcr eine Vielzahl von Rezepten verwendet werden, von leckeren Pfannkuchen bis hin zu k\u00f6stlichen Sandwiches oder perfekten Steaks.<\/p>\n<p>Er geh\u00f6rt zur Style Collection und passt perfekt in jede K\u00fcche.<\/p>\n<p>Dieser Grill wird mit zwei Sets abnehmbarer, sp\u00fclmaschinenfester Platten geliefert. Verwenden Sie die gerippten Platten f\u00fcr perfekte Grillspuren auf Fleisch und Sandwiches oder die glatten Platten f\u00fcr Eier und Pfannkuchen. Sie k\u00f6nnen auch einen Grill pro Typ haben.<\/p>\n<p>Mit einer Temperatur von 240 \u00b0C gart er Steaks in wenigen Minuten. Dank der verschiedenen Hitzestufen haben Sie die volle Kontrolle \u00fcber das Garen, selbst von empfindlichem Fisch und Gem\u00fcse. Schnelles Aufheizen und W\u00e4rmer\u00fcckgewinnung sorgen f\u00fcr professionelle Kochergebnisse bei jedem Rezept. Die hochwertige Antihaftbeschichtung ben\u00f6tigt nur wenig \u00d6l und die integrierte Auffangschale f\u00e4ngt \u00fcbersch\u00fcssiges Fett bequem auf.<\/p>\n<p>Bei der Verwendung als geschlossener Grill liegt das bewegliche Scharnier sanft auf dem Grillgut auf und gart das Fleisch schnell und gleichm\u00e4\u00dfig auf beiden Seiten. Wenn Sie ihn vollst\u00e4ndig \u00f6ffnen, k\u00f6nnen Sie ihn f\u00fcr empfindlichere Zutaten oder f\u00fcr eine gr\u00f6\u00dfere Kochfl\u00e4che verwenden. Sie k\u00f6nnen den Timer so einstellen, dass Sie benachrichtigt werden, wenn das Essen fertig ist.<\/p>\n<p>ZUBEH\u00d6R:<\/p>\n<p>2 S\u00e4tze mit gerippten und glatten Platten<br \/>\nSpatel \/ Reinigungswerkzeug<br \/>\nHerausnehmbare \u00d6lauffangschale<\/p>\n<p>TECHNISCHE MERKMALE:<\/p>\n<p>2 Sets mit austauschbaren, sp\u00fclmaschinenfesten Tellern.<br \/>\nHochwertige Antihaftbeschichtung f\u00fcr einfache Reinigung.<br \/>\nEinstellbarer Timer von 0 bis 30 Minuten.<br \/>\nVariable Temperaturregelung bis zu 240 \u00b0C.<br \/>\nKann als geschlossener Grill f\u00fcr schnelleres Garen oder offen f\u00fcr gro\u00dfe Mengen und empfindliche Zutaten verwendet werden.<br \/>\nMobiles Scharnier bis zu einer Dicke von 8 cm<br \/>\nDie integrierte Auffangschale f\u00e4ngt \u00fcbersch\u00fcssiges Fett auf und sorgt f\u00fcr ges\u00fcnderes Kochen.<br \/>\nAbmessungen (geschlossene Position): H 20 x B 37 x T 33 cm.<\/p>\n<p>5 Jahre Garantie<br \/>\nNicht zum Verkauf au\u00dferhalb Europas<\/p>\n","protected":false},"excerpt":{"rendered":"<p>Dieser Grill ist ein wirklich vielseitiges Produkt, das Sie in Ihrer K\u00fcche haben sollten. Die austauschbaren, sp\u00fclmaschinengeeigneten, gerippten und glatten Platten k\u00f6nnen f\u00fcr eine Vielzahl von Rezepten verwendet werden, von leckeren Pfannkuchen bis hin zu k\u00f6stlichen Sandwiches oder perfekten Steaks. Er geh\u00f6rt zur Style Collection und passt perfekt in jede K\u00fcche. Dieser Grill wird mit [&hellip;]<\/p>\n","protected":false},"featured_media":6372577,"template":"","meta":{"_acf_changed":false},"product_cat":[12100],"product_tag":[],"class_list":{"0":"post-848752","1":"product","2":"type-product","3":"status-publish","4":"has-post-thumbnail","6":"product_cat-kuche","8":"first","9":"instock","10":"taxable","11":"shipping-taxable","12":"product-type-simple","swatches":"rey-swatches","show_selected":"","stretch_labels":"rey-swatches--stretch-labels"},"acf":[],"yoast_head":"<!-- This site is optimized with the Yoast SEO plugin v25.4 - https:\/\/yoast.com\/wordpress\/plugins\/seo\/ -->\n<title>CUISINART Zwei-Platten-Grill - dev6 Erresse<\/title>\n<meta name=\"description\" content=\"Dieser Grill ist ein wirklich vielseitiges Produkt, das Sie in Ihrer K\u00fcche haben sollten. Die austauschbaren, sp\u00fclmaschinengeeigneten, gerippten und\" \/>\n<meta name=\"robots\" content=\"noindex, follow, max-snippet:-1, max-image-preview:large, max-video-preview:-1\" \/>\n<meta property=\"og:locale\" content=\"de_DE\" \/>\n<meta property=\"og:type\" content=\"article\" \/>\n<meta property=\"og:title\" content=\"CUISINART Zwei-Platten-Grill - dev6 Erresse\" \/>\n<meta property=\"og:description\" content=\"Dieser Grill ist ein wirklich vielseitiges Produkt, das Sie in Ihrer K\u00fcche haben sollten. Die austauschbaren, sp\u00fclmaschinengeeigneten, gerippten und\" \/>\n<meta property=\"og:url\" content=\"https:\/\/dev6.erresse-shop.it\/de\/shop\/kuche\/cuisinart-zwei-platten-grill\/\" \/>\n<meta property=\"og:site_name\" content=\"dev6 Erresse\" \/>\n<meta property=\"og:image\" content=\"https:\/\/interpim.erresse-shop.it\/wp-content\/uploads\/2022\/10\/CUISINART-Grill-Due-Piastre.jpg\/cuisinart-grill-due-piastre.jpg\" \/><meta property=\"og:image\" content=\"https:\/\/interpim.erresse-shop.it\/wp-content\/uploads\/2022\/10\/CUISINART-Grill-Due-Piastre.jpg\/cuisinart-grill-due-piastre.jpg\" \/>\n\t<meta property=\"og:image:width\" content=\"1024\" \/>\n\t<meta property=\"og:image:height\" content=\"1024\" \/>\n\t<meta property=\"og:image:type\" content=\"image\/jpeg\" \/>\n<meta name=\"twitter:card\" content=\"summary_large_image\" \/>\n<meta name=\"twitter:image\" content=\"https:\/\/interpim.erresse-shop.it\/wp-content\/uploads\/2022\/10\/CUISINART-Grill-Due-Piastre.jpg\/cuisinart-grill-due-piastre.jpg\" \/>\n<script type=\"application\/ld+json\" class=\"yoast-schema-graph\">{\"@context\":\"https:\/\/schema.org\",\"@graph\":[{\"@type\":\"WebPage\",\"@id\":\"https:\/\/dev6.erresse-shop.it\/de\/shop\/kuche\/cuisinart-zwei-platten-grill\/\",\"url\":\"https:\/\/dev6.erresse-shop.it\/de\/shop\/kuche\/cuisinart-zwei-platten-grill\/\",\"name\":\"CUISINART Zwei-Platten-Grill - dev6 Erresse\",\"isPartOf\":{\"@id\":\"https:\/\/dev6.erresse-shop.it\/#website\"},\"primaryImageOfPage\":{\"@id\":\"https:\/\/dev6.erresse-shop.it\/de\/shop\/kuche\/cuisinart-zwei-platten-grill\/#primaryimage\"},\"image\":{\"@id\":\"https:\/\/dev6.erresse-shop.it\/de\/shop\/kuche\/cuisinart-zwei-platten-grill\/#primaryimage\"},\"thumbnailUrl\":\"https:\/\/i2.wp.com\/interpim.erresse-shop.it\/wp-content\/uploads\/2022\/10\/CUISINART-Grill-Due-Piastre.jpg\/cuisinart-grill-due-piastre.jpg?ssl=1\",\"datePublished\":\"2026-04-12T10:23:26+00:00\",\"description\":\"Dieser Grill ist ein wirklich vielseitiges Produkt, das Sie in Ihrer K\u00fcche haben sollten. Die austauschbaren, sp\u00fclmaschinengeeigneten, gerippten und\",\"breadcrumb\":{\"@id\":\"https:\/\/dev6.erresse-shop.it\/de\/shop\/kuche\/cuisinart-zwei-platten-grill\/#breadcrumb\"},\"inLanguage\":\"de\",\"potentialAction\":[{\"@type\":\"ReadAction\",\"target\":[\"https:\/\/dev6.erresse-shop.it\/de\/shop\/kuche\/cuisinart-zwei-platten-grill\/\"]}]},{\"@type\":\"ImageObject\",\"inLanguage\":\"de\",\"@id\":\"https:\/\/dev6.erresse-shop.it\/de\/shop\/kuche\/cuisinart-zwei-platten-grill\/#primaryimage\",\"url\":\"https:\/\/i2.wp.com\/interpim.erresse-shop.it\/wp-content\/uploads\/2022\/10\/CUISINART-Grill-Due-Piastre.jpg\/cuisinart-grill-due-piastre.jpg?ssl=1\",\"contentUrl\":\"https:\/\/i2.wp.com\/interpim.erresse-shop.it\/wp-content\/uploads\/2022\/10\/CUISINART-Grill-Due-Piastre.jpg\/cuisinart-grill-due-piastre.jpg?ssl=1\"},{\"@type\":\"BreadcrumbList\",\"@id\":\"https:\/\/dev6.erresse-shop.it\/de\/shop\/kuche\/cuisinart-zwei-platten-grill\/#breadcrumb\",\"itemListElement\":[{\"@type\":\"ListItem\",\"position\":1,\"name\":\"Home\",\"item\":\"https:\/\/dev6.erresse-shop.it\/\"},{\"@type\":\"ListItem\",\"position\":2,\"name\":\"Shop\",\"item\":\"https:\/\/dev6.erresse-shop.it\/shop\/\"},{\"@type\":\"ListItem\",\"position\":3,\"name\":\"CUISINART Zwei-Platten-Grill\"}]},{\"@type\":\"WebSite\",\"@id\":\"https:\/\/dev6.erresse-shop.it\/#website\",\"url\":\"https:\/\/dev6.erresse-shop.it\/\",\"name\":\"Erresse Shop\",\"description\":\"\",\"publisher\":{\"@id\":\"https:\/\/dev6.erresse-shop.it\/#organization\"},\"potentialAction\":[{\"@type\":\"SearchAction\",\"target\":{\"@type\":\"EntryPoint\",\"urlTemplate\":\"https:\/\/dev6.erresse-shop.it\/?s={search_term_string}\"},\"query-input\":{\"@type\":\"PropertyValueSpecification\",\"valueRequired\":true,\"valueName\":\"search_term_string\"}}],\"inLanguage\":\"de\"},{\"@type\":\"Organization\",\"@id\":\"https:\/\/dev6.erresse-shop.it\/#organization\",\"name\":\"Erresse Shop\",\"url\":\"https:\/\/dev6.erresse-shop.it\/\",\"logo\":{\"@type\":\"ImageObject\",\"inLanguage\":\"de\",\"@id\":\"https:\/\/dev6.erresse-shop.it\/#\/schema\/logo\/image\/\",\"url\":\"https:\/\/dev6.erresse-shop.it\/wp-content\/uploads\/2025\/01\/LOGO-ERRESSE-CLASSICO.svg\",\"contentUrl\":\"https:\/\/dev6.erresse-shop.it\/wp-content\/uploads\/2025\/01\/LOGO-ERRESSE-CLASSICO.svg\",\"caption\":\"Erresse Shop\"},\"image\":{\"@id\":\"https:\/\/dev6.erresse-shop.it\/#\/schema\/logo\/image\/\"}}]}<\/script>\n<!-- \/ Yoast SEO plugin. -->","yoast_head_json":{"title":"CUISINART Zwei-Platten-Grill - dev6 Erresse","description":"Dieser Grill ist ein wirklich vielseitiges Produkt, das Sie in Ihrer K\u00fcche haben sollten. Die austauschbaren, sp\u00fclmaschinengeeigneten, gerippten und","robots":{"index":"noindex","follow":"follow","max-snippet":"max-snippet:-1","max-image-preview":"max-image-preview:large","max-video-preview":"max-video-preview:-1"},"og_locale":"de_DE","og_type":"article","og_title":"CUISINART Zwei-Platten-Grill - dev6 Erresse","og_description":"Dieser Grill ist ein wirklich vielseitiges Produkt, das Sie in Ihrer K\u00fcche haben sollten. Die austauschbaren, sp\u00fclmaschinengeeigneten, gerippten und","og_url":"https:\/\/dev6.erresse-shop.it\/de\/shop\/kuche\/cuisinart-zwei-platten-grill\/","og_site_name":"dev6 Erresse","og_image":[{"url":"https:\/\/interpim.erresse-shop.it\/wp-content\/uploads\/2022\/10\/CUISINART-Grill-Due-Piastre.jpg\/cuisinart-grill-due-piastre.jpg","type":"","width":"","height":""},{"url":"https:\/\/interpim.erresse-shop.it\/wp-content\/uploads\/2022\/10\/CUISINART-Grill-Due-Piastre.jpg\/cuisinart-grill-due-piastre.jpg","width":1024,"height":1024,"type":"image\/jpeg"}],"twitter_card":"summary_large_image","twitter_image":"https:\/\/interpim.erresse-shop.it\/wp-content\/uploads\/2022\/10\/CUISINART-Grill-Due-Piastre.jpg\/cuisinart-grill-due-piastre.jpg","schema":{"@context":"https:\/\/schema.org","@graph":[{"@type":"WebPage","@id":"https:\/\/dev6.erresse-shop.it\/de\/shop\/kuche\/cuisinart-zwei-platten-grill\/","url":"https:\/\/dev6.erresse-shop.it\/de\/shop\/kuche\/cuisinart-zwei-platten-grill\/","name":"CUISINART Zwei-Platten-Grill - dev6 Erresse","isPartOf":{"@id":"https:\/\/dev6.erresse-shop.it\/#website"},"primaryImageOfPage":{"@id":"https:\/\/dev6.erresse-shop.it\/de\/shop\/kuche\/cuisinart-zwei-platten-grill\/#primaryimage"},"image":{"@id":"https:\/\/dev6.erresse-shop.it\/de\/shop\/kuche\/cuisinart-zwei-platten-grill\/#primaryimage"},"thumbnailUrl":"https:\/\/i2.wp.com\/interpim.erresse-shop.it\/wp-content\/uploads\/2022\/10\/CUISINART-Grill-Due-Piastre.jpg\/cuisinart-grill-due-piastre.jpg?ssl=1","datePublished":"2026-04-12T10:23:26+00:00","description":"Dieser Grill ist ein wirklich vielseitiges Produkt, das Sie in Ihrer K\u00fcche haben sollten. Die austauschbaren, sp\u00fclmaschinengeeigneten, gerippten und","breadcrumb":{"@id":"https:\/\/dev6.erresse-shop.it\/de\/shop\/kuche\/cuisinart-zwei-platten-grill\/#breadcrumb"},"inLanguage":"de","potentialAction":[{"@type":"ReadAction","target":["https:\/\/dev6.erresse-shop.it\/de\/shop\/kuche\/cuisinart-zwei-platten-grill\/"]}]},{"@type":"ImageObject","inLanguage":"de","@id":"https:\/\/dev6.erresse-shop.it\/de\/shop\/kuche\/cuisinart-zwei-platten-grill\/#primaryimage","url":"https:\/\/i2.wp.com\/interpim.erresse-shop.it\/wp-content\/uploads\/2022\/10\/CUISINART-Grill-Due-Piastre.jpg\/cuisinart-grill-due-piastre.jpg?ssl=1","contentUrl":"https:\/\/i2.wp.com\/interpim.erresse-shop.it\/wp-content\/uploads\/2022\/10\/CUISINART-Grill-Due-Piastre.jpg\/cuisinart-grill-due-piastre.jpg?ssl=1"},{"@type":"BreadcrumbList","@id":"https:\/\/dev6.erresse-shop.it\/de\/shop\/kuche\/cuisinart-zwei-platten-grill\/#breadcrumb","itemListElement":[{"@type":"ListItem","position":1,"name":"Home","item":"https:\/\/dev6.erresse-shop.it\/"},{"@type":"ListItem","position":2,"name":"Shop","item":"https:\/\/dev6.erresse-shop.it\/shop\/"},{"@type":"ListItem","position":3,"name":"CUISINART Zwei-Platten-Grill"}]},{"@type":"WebSite","@id":"https:\/\/dev6.erresse-shop.it\/#website","url":"https:\/\/dev6.erresse-shop.it\/","name":"Erresse Shop","description":"","publisher":{"@id":"https:\/\/dev6.erresse-shop.it\/#organization"},"potentialAction":[{"@type":"SearchAction","target":{"@type":"EntryPoint","urlTemplate":"https:\/\/dev6.erresse-shop.it\/?s={search_term_string}"},"query-input":{"@type":"PropertyValueSpecification","valueRequired":true,"valueName":"search_term_string"}}],"inLanguage":"de"},{"@type":"Organization","@id":"https:\/\/dev6.erresse-shop.it\/#organization","name":"Erresse Shop","url":"https:\/\/dev6.erresse-shop.it\/","logo":{"@type":"ImageObject","inLanguage":"de","@id":"https:\/\/dev6.erresse-shop.it\/#\/schema\/logo\/image\/","url":"https:\/\/dev6.erresse-shop.it\/wp-content\/uploads\/2025\/01\/LOGO-ERRESSE-CLASSICO.svg","contentUrl":"https:\/\/dev6.erresse-shop.it\/wp-content\/uploads\/2025\/01\/LOGO-ERRESSE-CLASSICO.svg","caption":"Erresse Shop"},"image":{"@id":"https:\/\/dev6.erresse-shop.it\/#\/schema\/logo\/image\/"}}]}},"df_price":"","df_sale_price":"","df_regular_price":"","df_image_link":"https:\/\/i2.wp.com\/interpim.erresse-shop.it\/wp-content\/uploads\/2022\/10\/CUISINART-Grill-Due-Piastre.jpg\/cuisinart-grill-due-piastre.jpg?resize=300,300&ssl=1","fifu_image_url":"https:\/\/interpim.erresse-shop.it\/wp-content\/uploads\/2022\/10\/CUISINART-Grill-Due-Piastre.jpg\/cuisinart-grill-due-piastre.jpg","_links":{"self":[{"href":"https:\/\/dev6.erresse-shop.it\/de\/wp-json\/wp\/v2\/product\/848752","targetHints":{"allow":["GET"]}}],"collection":[{"href":"https:\/\/dev6.erresse-shop.it\/de\/wp-json\/wp\/v2\/product"}],"about":[{"href":"https:\/\/dev6.erresse-shop.it\/de\/wp-json\/wp\/v2\/types\/product"}],"wp:featuredmedia":[{"embeddable":true,"href":"https:\/\/dev6.erresse-shop.it\/de\/wp-json\/wp\/v2\/media\/6372577"}],"wp:attachment":[{"href":"https:\/\/dev6.erresse-shop.it\/de\/wp-json\/wp\/v2\/media?parent=848752"}],"wp:term":[{"taxonomy":"product_cat","embeddable":true,"href":"https:\/\/dev6.erresse-shop.it\/de\/wp-json\/wp\/v2\/product_cat?post=848752"},{"taxonomy":"product_tag","embeddable":true,"href":"https:\/\/dev6.erresse-shop.it\/de\/wp-json\/wp\/v2\/product_tag?post=848752"}],"curies":[{"name":"wp","href":"https:\/\/api.w.org\/{rel}","templated":true}]}}