{"id":848734,"date":"2026-04-04T12:20:38","date_gmt":"2026-04-04T10:20:38","guid":{"rendered":"https:\/\/dev6.erresse-shop.it\/shop\/unkategorisiert\/cuisinart-2-scheiben-toaster\/"},"modified":"2025-07-04T14:34:37","modified_gmt":"2025-07-04T12:34:37","slug":"cuisinart-2-scheiben-toaster","status":"publish","type":"product","link":"https:\/\/dev6.erresse-shop.it\/de\/shop\/kuche\/cuisinart-2-scheiben-toaster\/","title":{"rendered":"CUISINART 2-Scheiben-Toaster"},"content":{"rendered":"<p>Dieser elegante 2-Scheiben-Toaster aus Edelstahl ist Teil unserer Style Collection und setzt einen dezenten Farbakzent in Ihrer K\u00fcche.<\/p>\n<p>Vervollst\u00e4ndigen Sie den Look mit einem passenden Wasserkocher in der gleichen sch\u00f6nen Ausf\u00fchrung oder kombinieren Sie die verschiedenen verf\u00fcgbaren Farbt\u00f6ne.<\/p>\n<p>Die extra gro\u00dfen Toastschlitze sind so konzipiert, dass sie auch dicke Brotscheiben aufnehmen und gleichm\u00e4\u00dfig br\u00e4unen k\u00f6nnen. Die verschiedenen Toasteinstellungen erm\u00f6glichen es Ihnen, perfekte Ergebnisse zu erzielen, ganz nach Ihrem Geschmack.<\/p>\n<p>Verwenden Sie die Aufw\u00e4rmfunktion, um das Toastbrot zu erw\u00e4rmen, ohne es zu br\u00e4unen, und die Auftaufunktion, um es aufzutauen und gleichzeitig zu toasten. Die Bagel-Einstellung bietet zus\u00e4tzliche Zeit f\u00fcr perfekte Ergebnisse bei Brot, Br\u00f6tchen, Muffins und Bagels.<\/p>\n<p>Wenn Sie auf der Suche nach passenden Produkten sind, k\u00f6nnen Sie diesen Toaster mit den anderen Produkten der gleichen Farbe in unserer Style Collection kombinieren, oder Sie k\u00f6nnen die verschiedenen erh\u00e4ltlichen Farbt\u00f6ne miteinander kombinieren, um sie miteinander zu harmonisieren.<\/p>\n<p>TECHNISCHE MERKMALE:<\/p>\n<p>6 Toasting-Einstellungen<br \/>\nExtra gro\u00dfe Schlitze f\u00fcr perfekte Ergebnisse auch bei dicken Scheiben.<br \/>\nSelbstzentrierendes System f\u00fcr gleichm\u00e4\u00dfige Ergebnisse.<br \/>\nBagel-Funktion.<br \/>\nAbtaufunktion.<br \/>\nHeizfunktion.<br \/>\nSie k\u00f6nnen den Toastvorgang manuell unterbrechen.<br \/>\nMit dem Hebehebel lassen sich kleinere Brote, Bagels und Scones leicht entnehmen.<br \/>\nIntegrierte herausnehmbare Kr\u00fcmelschublade f\u00fcr einfache Reinigung.<\/p>\n<p>3 Jahre Garantie<br \/>\nNicht zum Verkauf au\u00dferhalb Europas<\/p>\n","protected":false},"excerpt":{"rendered":"<p>Dieser elegante 2-Scheiben-Toaster aus Edelstahl ist Teil unserer Style Collection und setzt einen dezenten Farbakzent in Ihrer K\u00fcche. Vervollst\u00e4ndigen Sie den Look mit einem passenden Wasserkocher in der gleichen sch\u00f6nen Ausf\u00fchrung oder kombinieren Sie die verschiedenen verf\u00fcgbaren Farbt\u00f6ne. Die extra gro\u00dfen Toastschlitze sind so konzipiert, dass sie auch dicke Brotscheiben aufnehmen und gleichm\u00e4\u00dfig br\u00e4unen k\u00f6nnen. [&hellip;]<\/p>\n","protected":false},"featured_media":6289293,"template":"","meta":{"_acf_changed":false},"product_cat":[12100],"product_tag":[],"class_list":{"0":"post-848734","1":"product","2":"type-product","3":"status-publish","4":"has-post-thumbnail","6":"product_cat-kuche","8":"first","9":"instock","10":"taxable","11":"shipping-taxable","12":"product-type-simple","swatches":"rey-swatches","show_selected":"","stretch_labels":"rey-swatches--stretch-labels"},"acf":[],"yoast_head":"<!-- This site is optimized with the Yoast SEO plugin v25.4 - https:\/\/yoast.com\/wordpress\/plugins\/seo\/ -->\n<title>CUISINART 2-Scheiben-Toaster - dev6 Erresse<\/title>\n<meta name=\"description\" content=\"Dieser elegante 2-Scheiben-Toaster aus Edelstahl ist Teil unserer Style Collection und setzt einen dezenten Farbakzent in Ihrer K\u00fcche. Vervollst\u00e4ndigen\" \/>\n<meta name=\"robots\" content=\"noindex, follow, max-snippet:-1, max-image-preview:large, max-video-preview:-1\" \/>\n<meta property=\"og:locale\" content=\"de_DE\" \/>\n<meta property=\"og:type\" content=\"article\" \/>\n<meta property=\"og:title\" content=\"CUISINART 2-Scheiben-Toaster - dev6 Erresse\" \/>\n<meta property=\"og:description\" content=\"Dieser elegante 2-Scheiben-Toaster aus Edelstahl ist Teil unserer Style Collection und setzt einen dezenten Farbakzent in Ihrer K\u00fcche. Vervollst\u00e4ndigen\" \/>\n<meta property=\"og:url\" content=\"https:\/\/dev6.erresse-shop.it\/de\/shop\/kuche\/cuisinart-2-scheiben-toaster\/\" \/>\n<meta property=\"og:site_name\" content=\"dev6 Erresse\" \/>\n<meta property=\"og:image\" content=\"https:\/\/interpim.erresse-shop.it\/Import\/Prodotti\/cuisinart-tostapane3.jpg\" \/><meta property=\"og:image\" content=\"https:\/\/interpim.erresse-shop.it\/Import\/Prodotti\/cuisinart-tostapane3.jpg\" \/>\n\t<meta property=\"og:image:width\" content=\"1024\" \/>\n\t<meta property=\"og:image:height\" content=\"1024\" \/>\n\t<meta property=\"og:image:type\" content=\"image\/jpeg\" \/>\n<meta name=\"twitter:card\" content=\"summary_large_image\" \/>\n<meta name=\"twitter:image\" content=\"https:\/\/interpim.erresse-shop.it\/Import\/Prodotti\/cuisinart-tostapane3.jpg\" \/>\n<script type=\"application\/ld+json\" class=\"yoast-schema-graph\">{\"@context\":\"https:\/\/schema.org\",\"@graph\":[{\"@type\":\"WebPage\",\"@id\":\"https:\/\/dev6.erresse-shop.it\/de\/shop\/kuche\/cuisinart-2-scheiben-toaster\/\",\"url\":\"https:\/\/dev6.erresse-shop.it\/de\/shop\/kuche\/cuisinart-2-scheiben-toaster\/\",\"name\":\"CUISINART 2-Scheiben-Toaster - dev6 Erresse\",\"isPartOf\":{\"@id\":\"https:\/\/dev6.erresse-shop.it\/#website\"},\"primaryImageOfPage\":{\"@id\":\"https:\/\/dev6.erresse-shop.it\/de\/shop\/kuche\/cuisinart-2-scheiben-toaster\/#primaryimage\"},\"image\":{\"@id\":\"https:\/\/dev6.erresse-shop.it\/de\/shop\/kuche\/cuisinart-2-scheiben-toaster\/#primaryimage\"},\"thumbnailUrl\":\"https:\/\/i0.wp.com\/interpim.erresse-shop.it\/Import\/Prodotti\/cuisinart-tostapane3.jpg?ssl=1\",\"datePublished\":\"2026-04-04T10:20:38+00:00\",\"description\":\"Dieser elegante 2-Scheiben-Toaster aus Edelstahl ist Teil unserer Style Collection und setzt einen dezenten Farbakzent in Ihrer K\u00fcche. Vervollst\u00e4ndigen\",\"breadcrumb\":{\"@id\":\"https:\/\/dev6.erresse-shop.it\/de\/shop\/kuche\/cuisinart-2-scheiben-toaster\/#breadcrumb\"},\"inLanguage\":\"de\",\"potentialAction\":[{\"@type\":\"ReadAction\",\"target\":[\"https:\/\/dev6.erresse-shop.it\/de\/shop\/kuche\/cuisinart-2-scheiben-toaster\/\"]}]},{\"@type\":\"ImageObject\",\"inLanguage\":\"de\",\"@id\":\"https:\/\/dev6.erresse-shop.it\/de\/shop\/kuche\/cuisinart-2-scheiben-toaster\/#primaryimage\",\"url\":\"https:\/\/i0.wp.com\/interpim.erresse-shop.it\/Import\/Prodotti\/cuisinart-tostapane3.jpg?ssl=1\",\"contentUrl\":\"https:\/\/i0.wp.com\/interpim.erresse-shop.it\/Import\/Prodotti\/cuisinart-tostapane3.jpg?ssl=1\"},{\"@type\":\"BreadcrumbList\",\"@id\":\"https:\/\/dev6.erresse-shop.it\/de\/shop\/kuche\/cuisinart-2-scheiben-toaster\/#breadcrumb\",\"itemListElement\":[{\"@type\":\"ListItem\",\"position\":1,\"name\":\"Home\",\"item\":\"https:\/\/dev6.erresse-shop.it\/\"},{\"@type\":\"ListItem\",\"position\":2,\"name\":\"Shop\",\"item\":\"https:\/\/dev6.erresse-shop.it\/shop\/\"},{\"@type\":\"ListItem\",\"position\":3,\"name\":\"CUISINART 2-Scheiben-Toaster\"}]},{\"@type\":\"WebSite\",\"@id\":\"https:\/\/dev6.erresse-shop.it\/#website\",\"url\":\"https:\/\/dev6.erresse-shop.it\/\",\"name\":\"Erresse Shop\",\"description\":\"\",\"publisher\":{\"@id\":\"https:\/\/dev6.erresse-shop.it\/#organization\"},\"potentialAction\":[{\"@type\":\"SearchAction\",\"target\":{\"@type\":\"EntryPoint\",\"urlTemplate\":\"https:\/\/dev6.erresse-shop.it\/?s={search_term_string}\"},\"query-input\":{\"@type\":\"PropertyValueSpecification\",\"valueRequired\":true,\"valueName\":\"search_term_string\"}}],\"inLanguage\":\"de\"},{\"@type\":\"Organization\",\"@id\":\"https:\/\/dev6.erresse-shop.it\/#organization\",\"name\":\"Erresse Shop\",\"url\":\"https:\/\/dev6.erresse-shop.it\/\",\"logo\":{\"@type\":\"ImageObject\",\"inLanguage\":\"de\",\"@id\":\"https:\/\/dev6.erresse-shop.it\/#\/schema\/logo\/image\/\",\"url\":\"https:\/\/dev6.erresse-shop.it\/wp-content\/uploads\/2025\/01\/LOGO-ERRESSE-CLASSICO.svg\",\"contentUrl\":\"https:\/\/dev6.erresse-shop.it\/wp-content\/uploads\/2025\/01\/LOGO-ERRESSE-CLASSICO.svg\",\"caption\":\"Erresse Shop\"},\"image\":{\"@id\":\"https:\/\/dev6.erresse-shop.it\/#\/schema\/logo\/image\/\"}}]}<\/script>\n<!-- \/ Yoast SEO plugin. -->","yoast_head_json":{"title":"CUISINART 2-Scheiben-Toaster - dev6 Erresse","description":"Dieser elegante 2-Scheiben-Toaster aus Edelstahl ist Teil unserer Style Collection und setzt einen dezenten Farbakzent in Ihrer K\u00fcche. Vervollst\u00e4ndigen","robots":{"index":"noindex","follow":"follow","max-snippet":"max-snippet:-1","max-image-preview":"max-image-preview:large","max-video-preview":"max-video-preview:-1"},"og_locale":"de_DE","og_type":"article","og_title":"CUISINART 2-Scheiben-Toaster - dev6 Erresse","og_description":"Dieser elegante 2-Scheiben-Toaster aus Edelstahl ist Teil unserer Style Collection und setzt einen dezenten Farbakzent in Ihrer K\u00fcche. Vervollst\u00e4ndigen","og_url":"https:\/\/dev6.erresse-shop.it\/de\/shop\/kuche\/cuisinart-2-scheiben-toaster\/","og_site_name":"dev6 Erresse","og_image":[{"url":"https:\/\/interpim.erresse-shop.it\/Import\/Prodotti\/cuisinart-tostapane3.jpg","type":"","width":"","height":""},{"url":"https:\/\/interpim.erresse-shop.it\/Import\/Prodotti\/cuisinart-tostapane3.jpg","width":1024,"height":1024,"type":"image\/jpeg"}],"twitter_card":"summary_large_image","twitter_image":"https:\/\/interpim.erresse-shop.it\/Import\/Prodotti\/cuisinart-tostapane3.jpg","schema":{"@context":"https:\/\/schema.org","@graph":[{"@type":"WebPage","@id":"https:\/\/dev6.erresse-shop.it\/de\/shop\/kuche\/cuisinart-2-scheiben-toaster\/","url":"https:\/\/dev6.erresse-shop.it\/de\/shop\/kuche\/cuisinart-2-scheiben-toaster\/","name":"CUISINART 2-Scheiben-Toaster - dev6 Erresse","isPartOf":{"@id":"https:\/\/dev6.erresse-shop.it\/#website"},"primaryImageOfPage":{"@id":"https:\/\/dev6.erresse-shop.it\/de\/shop\/kuche\/cuisinart-2-scheiben-toaster\/#primaryimage"},"image":{"@id":"https:\/\/dev6.erresse-shop.it\/de\/shop\/kuche\/cuisinart-2-scheiben-toaster\/#primaryimage"},"thumbnailUrl":"https:\/\/i0.wp.com\/interpim.erresse-shop.it\/Import\/Prodotti\/cuisinart-tostapane3.jpg?ssl=1","datePublished":"2026-04-04T10:20:38+00:00","description":"Dieser elegante 2-Scheiben-Toaster aus Edelstahl ist Teil unserer Style Collection und setzt einen dezenten Farbakzent in Ihrer K\u00fcche. Vervollst\u00e4ndigen","breadcrumb":{"@id":"https:\/\/dev6.erresse-shop.it\/de\/shop\/kuche\/cuisinart-2-scheiben-toaster\/#breadcrumb"},"inLanguage":"de","potentialAction":[{"@type":"ReadAction","target":["https:\/\/dev6.erresse-shop.it\/de\/shop\/kuche\/cuisinart-2-scheiben-toaster\/"]}]},{"@type":"ImageObject","inLanguage":"de","@id":"https:\/\/dev6.erresse-shop.it\/de\/shop\/kuche\/cuisinart-2-scheiben-toaster\/#primaryimage","url":"https:\/\/i0.wp.com\/interpim.erresse-shop.it\/Import\/Prodotti\/cuisinart-tostapane3.jpg?ssl=1","contentUrl":"https:\/\/i0.wp.com\/interpim.erresse-shop.it\/Import\/Prodotti\/cuisinart-tostapane3.jpg?ssl=1"},{"@type":"BreadcrumbList","@id":"https:\/\/dev6.erresse-shop.it\/de\/shop\/kuche\/cuisinart-2-scheiben-toaster\/#breadcrumb","itemListElement":[{"@type":"ListItem","position":1,"name":"Home","item":"https:\/\/dev6.erresse-shop.it\/"},{"@type":"ListItem","position":2,"name":"Shop","item":"https:\/\/dev6.erresse-shop.it\/shop\/"},{"@type":"ListItem","position":3,"name":"CUISINART 2-Scheiben-Toaster"}]},{"@type":"WebSite","@id":"https:\/\/dev6.erresse-shop.it\/#website","url":"https:\/\/dev6.erresse-shop.it\/","name":"Erresse Shop","description":"","publisher":{"@id":"https:\/\/dev6.erresse-shop.it\/#organization"},"potentialAction":[{"@type":"SearchAction","target":{"@type":"EntryPoint","urlTemplate":"https:\/\/dev6.erresse-shop.it\/?s={search_term_string}"},"query-input":{"@type":"PropertyValueSpecification","valueRequired":true,"valueName":"search_term_string"}}],"inLanguage":"de"},{"@type":"Organization","@id":"https:\/\/dev6.erresse-shop.it\/#organization","name":"Erresse Shop","url":"https:\/\/dev6.erresse-shop.it\/","logo":{"@type":"ImageObject","inLanguage":"de","@id":"https:\/\/dev6.erresse-shop.it\/#\/schema\/logo\/image\/","url":"https:\/\/dev6.erresse-shop.it\/wp-content\/uploads\/2025\/01\/LOGO-ERRESSE-CLASSICO.svg","contentUrl":"https:\/\/dev6.erresse-shop.it\/wp-content\/uploads\/2025\/01\/LOGO-ERRESSE-CLASSICO.svg","caption":"Erresse Shop"},"image":{"@id":"https:\/\/dev6.erresse-shop.it\/#\/schema\/logo\/image\/"}}]}},"df_price":"","df_sale_price":"","df_regular_price":"","df_image_link":"https:\/\/i0.wp.com\/interpim.erresse-shop.it\/Import\/Prodotti\/cuisinart-tostapane3.jpg?resize=300,300&ssl=1","fifu_image_url":"https:\/\/interpim.erresse-shop.it\/Import\/Prodotti\/cuisinart-tostapane3.jpg","_links":{"self":[{"href":"https:\/\/dev6.erresse-shop.it\/de\/wp-json\/wp\/v2\/product\/848734","targetHints":{"allow":["GET"]}}],"collection":[{"href":"https:\/\/dev6.erresse-shop.it\/de\/wp-json\/wp\/v2\/product"}],"about":[{"href":"https:\/\/dev6.erresse-shop.it\/de\/wp-json\/wp\/v2\/types\/product"}],"wp:featuredmedia":[{"embeddable":true,"href":"https:\/\/dev6.erresse-shop.it\/de\/wp-json\/wp\/v2\/media\/6289293"}],"wp:attachment":[{"href":"https:\/\/dev6.erresse-shop.it\/de\/wp-json\/wp\/v2\/media?parent=848734"}],"wp:term":[{"taxonomy":"product_cat","embeddable":true,"href":"https:\/\/dev6.erresse-shop.it\/de\/wp-json\/wp\/v2\/product_cat?post=848734"},{"taxonomy":"product_tag","embeddable":true,"href":"https:\/\/dev6.erresse-shop.it\/de\/wp-json\/wp\/v2\/product_tag?post=848734"}],"curies":[{"name":"wp","href":"https:\/\/api.w.org\/{rel}","templated":true}]}}