{"id":848708,"date":"2026-04-12T12:23:26","date_gmt":"2026-04-12T10:23:26","guid":{"rendered":"https:\/\/dev6.erresse-shop.it\/shop\/unkategorisiert\/cuisinart-kuechenmaschine-1-9l\/"},"modified":"2025-07-04T14:34:28","modified_gmt":"2025-07-04T12:34:28","slug":"cuisinart-kuechenmaschine-1-9l","status":"publish","type":"product","link":"https:\/\/dev6.erresse-shop.it\/de\/shop\/kuche\/cuisinart-kuechenmaschine-1-9l\/","title":{"rendered":"CUISINART K\u00fcchenmaschine 1.9L"},"content":{"rendered":"<p>Diese K\u00fcchenmaschine aus der Style Collection wurde entwickelt, um in der K\u00fcche Zeit zu sparen. Sein elegantes Design und seine Gr\u00f6\u00dfe machen ihn zur perfekten Erg\u00e4nzung f\u00fcr jede K\u00fcche.<\/p>\n<p>Im Lieferumfang enthalten sind 2 Sch\u00fcsseln und wichtige Zubeh\u00f6rteile zum Hacken, Mixen, P\u00fcrieren, Schneiden und Reiben, die alle sp\u00fclmaschinenfest sind und sich leicht reinigen lassen.<\/p>\n<p>Die Cuisinart Easy Prep Pro bietet professionelle Leistung in einer Gr\u00f6\u00dfe, die perfekt f\u00fcr das Kochen zu Hause ist. Er wird mit einer kleinen Auswahl an Klingen und Scheiben geliefert, um eine breite Palette von Funktionen zu bieten, und ist super einfach zu bedienen und zu reinigen.<\/p>\n<p>Er beschleunigt allt\u00e4gliche Aufgaben wie das Schneiden und Zerteilen von Gem\u00fcse, das Zerkleinern von Trockenfr\u00fcchten, das Reiben von K\u00e4se, das Anr\u00fchren von So\u00dfen, Teigen, Nudeln und Kuchenf\u00fcllungen.<\/p>\n<p>Die gro\u00dfe Sch\u00fcssel hat ein Fassungsverm\u00f6gen von 1,9 Litern und kann mit dem gro\u00dfen Schneid-\/Mixmesser oder den Schneid-\/Raspelscheiben verwendet werden. Die 0,7-Liter-Sch\u00fcssel wird in die gro\u00dfe Sch\u00fcssel eingesetzt und kann zusammen mit dem Messer zum Schneiden\/Mixen kleinerer Mengen verwendet werden. Die kleine Sch\u00fcssel ist komplett versiegelt, so dass die Lebensmittel nicht mit der gro\u00dfen Sch\u00fcssel darunter in Ber\u00fchrung kommen. Das spart Waschaufwand, wenn Sie nur eine kleine Menge an Zutaten verarbeiten m\u00fcssen.<\/p>\n<p>ZUBEH\u00d6R:<\/p>\n<p>Kleiner Beh\u00e4lter<br \/>\nGro\u00dfer Beh\u00e4lter<br \/>\nKleines Schneide-\/Mischblatt<br \/>\nGro\u00dfes Schneide-\/Mischblatt<br \/>\nReibe-\/Schneidscheibe fein<br \/>\nReibe-\/Schneidscheibe mittel<br \/>\nRezeptbuch<\/p>\n<p>TECHNISCHE MERKMALE:<\/p>\n<p>Hochwertige Klinge aus rostfreiem Stahl und leistungsstarker Motor f\u00fcr m\u00fchelose Leistung und gleichm\u00e4\u00dfige Ergebnisse.<br \/>\n350 W AC-Motor.<br \/>\n2 Schalen in 2 verschiedenen Gr\u00f6\u00dfen.<br \/>\nKleine Schale, Fassungsverm\u00f6gen 0,7 l \/ 300 ml.<br \/>\nGro\u00dfe Sch\u00fcssel Kapazit\u00e4t 1,9L \/ 700 ml.<br \/>\nKleines Schneid-\/Mischmesser f\u00fcr kleine Sch\u00fcssel.<br \/>\nGro\u00dfes Schneid-\/Mischmesser f\u00fcr die gro\u00dfe Sch\u00fcssel.<br \/>\nFeine Scheibe zum feinen Reiben oder f\u00fcr 2 mm dicke Scheiben.<br \/>\nMittlere Scheibe zum groben Reiben oder zum Schneiden von 4 mm dicken Scheiben.<br \/>\nDie kleine Schale ist versiegelt \u2013 nichts aus der kleinen Schale f\u00e4llt in die gro\u00dfe Schale darunter.<br \/>\nKompaktes und leichtes Design.<br \/>\nDie Silikonf\u00fc\u00dfe verhindern, dass sich die K\u00fcchenmaschine w\u00e4hrend des<br \/>\nGebrauchs bewegt, selbst bei der Zubereitung von Teig.<br \/>\nHohe und niedrige Geschwindigkeitsstufen sowie Impulsfunktion f\u00fcr die vollst\u00e4ndige Kontrolle \u00fcber die Konsistenz Ihres Rezepts.<br \/>\nSchalen, Klingen und Scheiben sind sp\u00fclmaschinenfest.<br \/>\nInklusive Rezeptbuch.<\/p>\n<p>5 Jahre Garantie<br \/>\nNicht zum Verkauf au\u00dferhalb Europas<\/p>\n","protected":false},"excerpt":{"rendered":"<p>Diese K\u00fcchenmaschine aus der Style Collection wurde entwickelt, um in der K\u00fcche Zeit zu sparen. Sein elegantes Design und seine Gr\u00f6\u00dfe machen ihn zur perfekten Erg\u00e4nzung f\u00fcr jede K\u00fcche. Im Lieferumfang enthalten sind 2 Sch\u00fcsseln und wichtige Zubeh\u00f6rteile zum Hacken, Mixen, P\u00fcrieren, Schneiden und Reiben, die alle sp\u00fclmaschinenfest sind und sich leicht reinigen lassen. Die [&hellip;]<\/p>\n","protected":false},"featured_media":6372497,"template":"","meta":{"_acf_changed":false},"product_cat":[12100],"product_tag":[],"class_list":{"0":"post-848708","1":"product","2":"type-product","3":"status-publish","4":"has-post-thumbnail","6":"product_cat-kuche","8":"first","9":"instock","10":"taxable","11":"shipping-taxable","12":"product-type-simple","swatches":"rey-swatches","show_selected":"","stretch_labels":"rey-swatches--stretch-labels"},"acf":[],"yoast_head":"<!-- This site is optimized with the Yoast SEO plugin v25.4 - https:\/\/yoast.com\/wordpress\/plugins\/seo\/ -->\n<title>CUISINART K\u00fcchenmaschine 1.9L - dev6 Erresse<\/title>\n<meta name=\"description\" content=\"Diese K\u00fcchenmaschine aus der Style Collection wurde entwickelt, um in der K\u00fcche Zeit zu sparen. Sein elegantes Design und seine Gr\u00f6\u00dfe machen ihn zur\" \/>\n<meta name=\"robots\" content=\"noindex, follow, max-snippet:-1, max-image-preview:large, max-video-preview:-1\" \/>\n<meta property=\"og:locale\" content=\"de_DE\" \/>\n<meta property=\"og:type\" content=\"article\" \/>\n<meta property=\"og:title\" content=\"CUISINART K\u00fcchenmaschine 1.9L - dev6 Erresse\" \/>\n<meta property=\"og:description\" content=\"Diese K\u00fcchenmaschine aus der Style Collection wurde entwickelt, um in der K\u00fcche Zeit zu sparen. Sein elegantes Design und seine Gr\u00f6\u00dfe machen ihn zur\" \/>\n<meta property=\"og:url\" content=\"https:\/\/dev6.erresse-shop.it\/de\/shop\/kuche\/cuisinart-kuechenmaschine-1-9l\/\" \/>\n<meta property=\"og:site_name\" content=\"dev6 Erresse\" \/>\n<meta property=\"og:image\" content=\"https:\/\/interpim.erresse-shop.it\/wp-content\/uploads\/2022\/10\/CUISINART-Robot-da-Cucina-1.9L.jpg\/cuisinart-robot-da-cucina-1.9l.jpg\" \/><meta property=\"og:image\" content=\"https:\/\/interpim.erresse-shop.it\/wp-content\/uploads\/2022\/10\/CUISINART-Robot-da-Cucina-1.9L.jpg\/cuisinart-robot-da-cucina-1.9l.jpg\" \/>\n\t<meta property=\"og:image:width\" content=\"1024\" \/>\n\t<meta property=\"og:image:height\" content=\"1024\" \/>\n\t<meta property=\"og:image:type\" content=\"image\/jpeg\" \/>\n<meta name=\"twitter:card\" content=\"summary_large_image\" \/>\n<meta name=\"twitter:image\" content=\"https:\/\/interpim.erresse-shop.it\/wp-content\/uploads\/2022\/10\/CUISINART-Robot-da-Cucina-1.9L.jpg\/cuisinart-robot-da-cucina-1.9l.jpg\" \/>\n<script type=\"application\/ld+json\" class=\"yoast-schema-graph\">{\"@context\":\"https:\/\/schema.org\",\"@graph\":[{\"@type\":\"WebPage\",\"@id\":\"https:\/\/dev6.erresse-shop.it\/de\/shop\/kuche\/cuisinart-kuechenmaschine-1-9l\/\",\"url\":\"https:\/\/dev6.erresse-shop.it\/de\/shop\/kuche\/cuisinart-kuechenmaschine-1-9l\/\",\"name\":\"CUISINART K\u00fcchenmaschine 1.9L - dev6 Erresse\",\"isPartOf\":{\"@id\":\"https:\/\/dev6.erresse-shop.it\/#website\"},\"primaryImageOfPage\":{\"@id\":\"https:\/\/dev6.erresse-shop.it\/de\/shop\/kuche\/cuisinart-kuechenmaschine-1-9l\/#primaryimage\"},\"image\":{\"@id\":\"https:\/\/dev6.erresse-shop.it\/de\/shop\/kuche\/cuisinart-kuechenmaschine-1-9l\/#primaryimage\"},\"thumbnailUrl\":\"https:\/\/i3.wp.com\/interpim.erresse-shop.it\/wp-content\/uploads\/2022\/10\/CUISINART-Robot-da-Cucina-1.9L.jpg\/cuisinart-robot-da-cucina-1.9l.jpg?ssl=1\",\"datePublished\":\"2026-04-12T10:23:26+00:00\",\"description\":\"Diese K\u00fcchenmaschine aus der Style Collection wurde entwickelt, um in der K\u00fcche Zeit zu sparen. Sein elegantes Design und seine Gr\u00f6\u00dfe machen ihn zur\",\"breadcrumb\":{\"@id\":\"https:\/\/dev6.erresse-shop.it\/de\/shop\/kuche\/cuisinart-kuechenmaschine-1-9l\/#breadcrumb\"},\"inLanguage\":\"de\",\"potentialAction\":[{\"@type\":\"ReadAction\",\"target\":[\"https:\/\/dev6.erresse-shop.it\/de\/shop\/kuche\/cuisinart-kuechenmaschine-1-9l\/\"]}]},{\"@type\":\"ImageObject\",\"inLanguage\":\"de\",\"@id\":\"https:\/\/dev6.erresse-shop.it\/de\/shop\/kuche\/cuisinart-kuechenmaschine-1-9l\/#primaryimage\",\"url\":\"https:\/\/i3.wp.com\/interpim.erresse-shop.it\/wp-content\/uploads\/2022\/10\/CUISINART-Robot-da-Cucina-1.9L.jpg\/cuisinart-robot-da-cucina-1.9l.jpg?ssl=1\",\"contentUrl\":\"https:\/\/i3.wp.com\/interpim.erresse-shop.it\/wp-content\/uploads\/2022\/10\/CUISINART-Robot-da-Cucina-1.9L.jpg\/cuisinart-robot-da-cucina-1.9l.jpg?ssl=1\"},{\"@type\":\"BreadcrumbList\",\"@id\":\"https:\/\/dev6.erresse-shop.it\/de\/shop\/kuche\/cuisinart-kuechenmaschine-1-9l\/#breadcrumb\",\"itemListElement\":[{\"@type\":\"ListItem\",\"position\":1,\"name\":\"Home\",\"item\":\"https:\/\/dev6.erresse-shop.it\/\"},{\"@type\":\"ListItem\",\"position\":2,\"name\":\"Shop\",\"item\":\"https:\/\/dev6.erresse-shop.it\/shop\/\"},{\"@type\":\"ListItem\",\"position\":3,\"name\":\"CUISINART K\u00fcchenmaschine 1.9L\"}]},{\"@type\":\"WebSite\",\"@id\":\"https:\/\/dev6.erresse-shop.it\/#website\",\"url\":\"https:\/\/dev6.erresse-shop.it\/\",\"name\":\"Erresse Shop\",\"description\":\"\",\"publisher\":{\"@id\":\"https:\/\/dev6.erresse-shop.it\/#organization\"},\"potentialAction\":[{\"@type\":\"SearchAction\",\"target\":{\"@type\":\"EntryPoint\",\"urlTemplate\":\"https:\/\/dev6.erresse-shop.it\/?s={search_term_string}\"},\"query-input\":{\"@type\":\"PropertyValueSpecification\",\"valueRequired\":true,\"valueName\":\"search_term_string\"}}],\"inLanguage\":\"de\"},{\"@type\":\"Organization\",\"@id\":\"https:\/\/dev6.erresse-shop.it\/#organization\",\"name\":\"Erresse Shop\",\"url\":\"https:\/\/dev6.erresse-shop.it\/\",\"logo\":{\"@type\":\"ImageObject\",\"inLanguage\":\"de\",\"@id\":\"https:\/\/dev6.erresse-shop.it\/#\/schema\/logo\/image\/\",\"url\":\"https:\/\/dev6.erresse-shop.it\/wp-content\/uploads\/2025\/01\/LOGO-ERRESSE-CLASSICO.svg\",\"contentUrl\":\"https:\/\/dev6.erresse-shop.it\/wp-content\/uploads\/2025\/01\/LOGO-ERRESSE-CLASSICO.svg\",\"caption\":\"Erresse Shop\"},\"image\":{\"@id\":\"https:\/\/dev6.erresse-shop.it\/#\/schema\/logo\/image\/\"}}]}<\/script>\n<!-- \/ Yoast SEO plugin. -->","yoast_head_json":{"title":"CUISINART K\u00fcchenmaschine 1.9L - dev6 Erresse","description":"Diese K\u00fcchenmaschine aus der Style Collection wurde entwickelt, um in der K\u00fcche Zeit zu sparen. Sein elegantes Design und seine Gr\u00f6\u00dfe machen ihn zur","robots":{"index":"noindex","follow":"follow","max-snippet":"max-snippet:-1","max-image-preview":"max-image-preview:large","max-video-preview":"max-video-preview:-1"},"og_locale":"de_DE","og_type":"article","og_title":"CUISINART K\u00fcchenmaschine 1.9L - dev6 Erresse","og_description":"Diese K\u00fcchenmaschine aus der Style Collection wurde entwickelt, um in der K\u00fcche Zeit zu sparen. Sein elegantes Design und seine Gr\u00f6\u00dfe machen ihn zur","og_url":"https:\/\/dev6.erresse-shop.it\/de\/shop\/kuche\/cuisinart-kuechenmaschine-1-9l\/","og_site_name":"dev6 Erresse","og_image":[{"url":"https:\/\/interpim.erresse-shop.it\/wp-content\/uploads\/2022\/10\/CUISINART-Robot-da-Cucina-1.9L.jpg\/cuisinart-robot-da-cucina-1.9l.jpg","type":"","width":"","height":""},{"url":"https:\/\/interpim.erresse-shop.it\/wp-content\/uploads\/2022\/10\/CUISINART-Robot-da-Cucina-1.9L.jpg\/cuisinart-robot-da-cucina-1.9l.jpg","width":1024,"height":1024,"type":"image\/jpeg"}],"twitter_card":"summary_large_image","twitter_image":"https:\/\/interpim.erresse-shop.it\/wp-content\/uploads\/2022\/10\/CUISINART-Robot-da-Cucina-1.9L.jpg\/cuisinart-robot-da-cucina-1.9l.jpg","schema":{"@context":"https:\/\/schema.org","@graph":[{"@type":"WebPage","@id":"https:\/\/dev6.erresse-shop.it\/de\/shop\/kuche\/cuisinart-kuechenmaschine-1-9l\/","url":"https:\/\/dev6.erresse-shop.it\/de\/shop\/kuche\/cuisinart-kuechenmaschine-1-9l\/","name":"CUISINART K\u00fcchenmaschine 1.9L - dev6 Erresse","isPartOf":{"@id":"https:\/\/dev6.erresse-shop.it\/#website"},"primaryImageOfPage":{"@id":"https:\/\/dev6.erresse-shop.it\/de\/shop\/kuche\/cuisinart-kuechenmaschine-1-9l\/#primaryimage"},"image":{"@id":"https:\/\/dev6.erresse-shop.it\/de\/shop\/kuche\/cuisinart-kuechenmaschine-1-9l\/#primaryimage"},"thumbnailUrl":"https:\/\/i3.wp.com\/interpim.erresse-shop.it\/wp-content\/uploads\/2022\/10\/CUISINART-Robot-da-Cucina-1.9L.jpg\/cuisinart-robot-da-cucina-1.9l.jpg?ssl=1","datePublished":"2026-04-12T10:23:26+00:00","description":"Diese K\u00fcchenmaschine aus der Style Collection wurde entwickelt, um in der K\u00fcche Zeit zu sparen. Sein elegantes Design und seine Gr\u00f6\u00dfe machen ihn zur","breadcrumb":{"@id":"https:\/\/dev6.erresse-shop.it\/de\/shop\/kuche\/cuisinart-kuechenmaschine-1-9l\/#breadcrumb"},"inLanguage":"de","potentialAction":[{"@type":"ReadAction","target":["https:\/\/dev6.erresse-shop.it\/de\/shop\/kuche\/cuisinart-kuechenmaschine-1-9l\/"]}]},{"@type":"ImageObject","inLanguage":"de","@id":"https:\/\/dev6.erresse-shop.it\/de\/shop\/kuche\/cuisinart-kuechenmaschine-1-9l\/#primaryimage","url":"https:\/\/i3.wp.com\/interpim.erresse-shop.it\/wp-content\/uploads\/2022\/10\/CUISINART-Robot-da-Cucina-1.9L.jpg\/cuisinart-robot-da-cucina-1.9l.jpg?ssl=1","contentUrl":"https:\/\/i3.wp.com\/interpim.erresse-shop.it\/wp-content\/uploads\/2022\/10\/CUISINART-Robot-da-Cucina-1.9L.jpg\/cuisinart-robot-da-cucina-1.9l.jpg?ssl=1"},{"@type":"BreadcrumbList","@id":"https:\/\/dev6.erresse-shop.it\/de\/shop\/kuche\/cuisinart-kuechenmaschine-1-9l\/#breadcrumb","itemListElement":[{"@type":"ListItem","position":1,"name":"Home","item":"https:\/\/dev6.erresse-shop.it\/"},{"@type":"ListItem","position":2,"name":"Shop","item":"https:\/\/dev6.erresse-shop.it\/shop\/"},{"@type":"ListItem","position":3,"name":"CUISINART K\u00fcchenmaschine 1.9L"}]},{"@type":"WebSite","@id":"https:\/\/dev6.erresse-shop.it\/#website","url":"https:\/\/dev6.erresse-shop.it\/","name":"Erresse Shop","description":"","publisher":{"@id":"https:\/\/dev6.erresse-shop.it\/#organization"},"potentialAction":[{"@type":"SearchAction","target":{"@type":"EntryPoint","urlTemplate":"https:\/\/dev6.erresse-shop.it\/?s={search_term_string}"},"query-input":{"@type":"PropertyValueSpecification","valueRequired":true,"valueName":"search_term_string"}}],"inLanguage":"de"},{"@type":"Organization","@id":"https:\/\/dev6.erresse-shop.it\/#organization","name":"Erresse Shop","url":"https:\/\/dev6.erresse-shop.it\/","logo":{"@type":"ImageObject","inLanguage":"de","@id":"https:\/\/dev6.erresse-shop.it\/#\/schema\/logo\/image\/","url":"https:\/\/dev6.erresse-shop.it\/wp-content\/uploads\/2025\/01\/LOGO-ERRESSE-CLASSICO.svg","contentUrl":"https:\/\/dev6.erresse-shop.it\/wp-content\/uploads\/2025\/01\/LOGO-ERRESSE-CLASSICO.svg","caption":"Erresse Shop"},"image":{"@id":"https:\/\/dev6.erresse-shop.it\/#\/schema\/logo\/image\/"}}]}},"df_price":"","df_sale_price":"","df_regular_price":"","df_image_link":"https:\/\/i3.wp.com\/interpim.erresse-shop.it\/wp-content\/uploads\/2022\/10\/CUISINART-Robot-da-Cucina-1.9L.jpg\/cuisinart-robot-da-cucina-1.9l.jpg?resize=300,300&ssl=1","fifu_image_url":"https:\/\/interpim.erresse-shop.it\/wp-content\/uploads\/2022\/10\/CUISINART-Robot-da-Cucina-1.9L.jpg\/cuisinart-robot-da-cucina-1.9l.jpg","_links":{"self":[{"href":"https:\/\/dev6.erresse-shop.it\/de\/wp-json\/wp\/v2\/product\/848708","targetHints":{"allow":["GET"]}}],"collection":[{"href":"https:\/\/dev6.erresse-shop.it\/de\/wp-json\/wp\/v2\/product"}],"about":[{"href":"https:\/\/dev6.erresse-shop.it\/de\/wp-json\/wp\/v2\/types\/product"}],"wp:featuredmedia":[{"embeddable":true,"href":"https:\/\/dev6.erresse-shop.it\/de\/wp-json\/wp\/v2\/media\/6372497"}],"wp:attachment":[{"href":"https:\/\/dev6.erresse-shop.it\/de\/wp-json\/wp\/v2\/media?parent=848708"}],"wp:term":[{"taxonomy":"product_cat","embeddable":true,"href":"https:\/\/dev6.erresse-shop.it\/de\/wp-json\/wp\/v2\/product_cat?post=848708"},{"taxonomy":"product_tag","embeddable":true,"href":"https:\/\/dev6.erresse-shop.it\/de\/wp-json\/wp\/v2\/product_tag?post=848708"}],"curies":[{"name":"wp","href":"https:\/\/api.w.org\/{rel}","templated":true}]}}