{"id":848692,"date":"2026-04-12T12:23:26","date_gmt":"2026-04-12T10:23:26","guid":{"rendered":"https:\/\/dev6.erresse-shop.it\/shop\/unkategorisiert\/cuisinart-mini-holzhackmaschine-rosa\/"},"modified":"2025-07-04T14:34:26","modified_gmt":"2025-07-04T12:34:26","slug":"cuisinart-mini-holzhackmaschine-rosa","status":"publish","type":"product","link":"https:\/\/dev6.erresse-shop.it\/de\/shop\/kuche\/cuisinart-mini-holzhackmaschine-rosa\/","title":{"rendered":"CUISINART Mini-Holzhackmaschine Rosa"},"content":{"rendered":"<p>Diese Mini-K\u00fcchenmaschine ist Teil unserer Style Collection und passt perfekt in jede K\u00fcche. Sie vereint die Leistung einer K\u00fcchenmaschine mit kompakten, platzsparenden Abmessungen.<\/p>\n<p>Verwenden Sie ihn zum Hacken, Mixen, P\u00fcrieren und Verquirlen \u2013 perfekt zum Zerkleinern und f\u00fcr die Zubereitung von So\u00dfen.<\/p>\n<p>Mit dem Cuisinart Mini Prep Pro mit einem Fassungsverm\u00f6gen von 900 ml k\u00f6nnen Sie schnell und einfach Zwiebeln und Knoblauch hacken, sowie Paniermehl herstellen und N\u00fcsse mahlen. Sie k\u00f6nnen auch So\u00dfen, Pesto, Hummus und Mayonnaise herstellen. Er eignet sich auch hervorragend zum Mixen kleinerer Mengen, z. B. f\u00fcr Smoothies, Kompotte und Babynahrung.<\/p>\n<p>Mit nur 1 Klinge, die sich zum Zerkleinern\/Mischen oder Mahlen in beide Richtungen drehen l\u00e4sst, ist er wirklich einfach zu bedienen. Die Sch\u00fcssel und die Klinge sind sp\u00fclmaschinenfest und lassen sich leicht reinigen.<\/p>\n<p>ZUBEH\u00d6R:<\/p>\n<p>Klinge<br \/>\nSpatel<\/p>\n<p>TECHNISCHE MERKMALE:<\/p>\n<p>Hochwertige Edelstahlklinge und leistungsstarker Motor f\u00fcr optimale<br \/>\nLeistung und gleichm\u00e4\u00dfige Ergebnisse.<br \/>\n250 W AC-Motor.<br \/>\n900 ml Fassungsverm\u00f6gen \u2013 kompakte Gr\u00f6\u00dfe.<br \/>\nDie doppelseitige Klinge ist auf der einen Seite zum Schleifen und auf der anderen zum Mischen gesch\u00e4rft.<br \/>\nDie Klinge dreht sich in beide Richtungen, was dazu beitr\u00e4gt, die Zutaten in der Sch\u00fcssel zu bewegen und gleichm\u00e4\u00dfige Ergebnisse zu erzielen.<br \/>\nKompaktes und leichtes Design.<br \/>\nImpulsbetrieb f\u00fcr totale Kontrolle.<br \/>\nKompaktes und leichtes Design<br \/>\nDas BladeLock\u2122-System h\u00e4lt die Klinge w\u00e4hrend des Gie\u00dfens sicher in Position.<br \/>\nDurch das Loch im Deckel lassen sich Fl\u00fcssigkeiten langsam einf\u00fcllen \u2013 ideal f\u00fcr Mayonnaise.<br \/>\nKlinge, Deckel und Sch\u00fcssel sind komplett abnehmbar und sp\u00fclmaschinenfest f\u00fcr eine einfache Reinigung.<\/p>\n<p>5 Jahre Garantie<br \/>\nNicht zum Verkauf au\u00dferhalb Europas<\/p>\n","protected":false},"excerpt":{"rendered":"<p>Diese Mini-K\u00fcchenmaschine ist Teil unserer Style Collection und passt perfekt in jede K\u00fcche. Sie vereint die Leistung einer K\u00fcchenmaschine mit kompakten, platzsparenden Abmessungen. Verwenden Sie ihn zum Hacken, Mixen, P\u00fcrieren und Verquirlen \u2013 perfekt zum Zerkleinern und f\u00fcr die Zubereitung von So\u00dfen. Mit dem Cuisinart Mini Prep Pro mit einem Fassungsverm\u00f6gen von 900 ml k\u00f6nnen [&hellip;]<\/p>\n","protected":false},"featured_media":6372480,"template":"","meta":{"_acf_changed":false},"product_cat":[12100],"product_tag":[],"class_list":{"0":"post-848692","1":"product","2":"type-product","3":"status-publish","4":"has-post-thumbnail","6":"product_cat-kuche","8":"first","9":"instock","10":"taxable","11":"shipping-taxable","12":"product-type-simple","swatches":"rey-swatches","show_selected":"","stretch_labels":"rey-swatches--stretch-labels"},"acf":[],"yoast_head":"<!-- This site is optimized with the Yoast SEO plugin v25.4 - https:\/\/yoast.com\/wordpress\/plugins\/seo\/ -->\n<title>CUISINART Mini-Holzhackmaschine Rosa - dev6 Erresse<\/title>\n<meta name=\"description\" content=\"Diese Mini-K\u00fcchenmaschine ist Teil unserer Style Collection und passt perfekt in jede K\u00fcche. Sie vereint die Leistung einer K\u00fcchenmaschine mit kompakten,\" \/>\n<meta name=\"robots\" content=\"noindex, follow, max-snippet:-1, max-image-preview:large, max-video-preview:-1\" \/>\n<meta property=\"og:locale\" content=\"de_DE\" \/>\n<meta property=\"og:type\" content=\"article\" \/>\n<meta property=\"og:title\" content=\"CUISINART Mini-Holzhackmaschine Rosa - dev6 Erresse\" \/>\n<meta property=\"og:description\" content=\"Diese Mini-K\u00fcchenmaschine ist Teil unserer Style Collection und passt perfekt in jede K\u00fcche. Sie vereint die Leistung einer K\u00fcchenmaschine mit kompakten,\" \/>\n<meta property=\"og:url\" content=\"https:\/\/dev6.erresse-shop.it\/de\/shop\/kuche\/cuisinart-mini-holzhackmaschine-rosa\/\" \/>\n<meta property=\"og:site_name\" content=\"dev6 Erresse\" \/>\n<meta property=\"og:image\" content=\"https:\/\/interpim.erresse-shop.it\/Import\/Prodotti\/cuisinart-mini-robot-rosa4.jpg\" \/><meta property=\"og:image\" content=\"https:\/\/interpim.erresse-shop.it\/Import\/Prodotti\/cuisinart-mini-robot-rosa4.jpg\" \/>\n\t<meta property=\"og:image:width\" content=\"1024\" \/>\n\t<meta property=\"og:image:height\" content=\"1024\" \/>\n\t<meta property=\"og:image:type\" content=\"image\/jpeg\" \/>\n<meta name=\"twitter:card\" content=\"summary_large_image\" \/>\n<meta name=\"twitter:image\" content=\"https:\/\/interpim.erresse-shop.it\/Import\/Prodotti\/cuisinart-mini-robot-rosa4.jpg\" \/>\n<script type=\"application\/ld+json\" class=\"yoast-schema-graph\">{\"@context\":\"https:\/\/schema.org\",\"@graph\":[{\"@type\":\"WebPage\",\"@id\":\"https:\/\/dev6.erresse-shop.it\/de\/shop\/kuche\/cuisinart-mini-holzhackmaschine-rosa\/\",\"url\":\"https:\/\/dev6.erresse-shop.it\/de\/shop\/kuche\/cuisinart-mini-holzhackmaschine-rosa\/\",\"name\":\"CUISINART Mini-Holzhackmaschine Rosa - dev6 Erresse\",\"isPartOf\":{\"@id\":\"https:\/\/dev6.erresse-shop.it\/#website\"},\"primaryImageOfPage\":{\"@id\":\"https:\/\/dev6.erresse-shop.it\/de\/shop\/kuche\/cuisinart-mini-holzhackmaschine-rosa\/#primaryimage\"},\"image\":{\"@id\":\"https:\/\/dev6.erresse-shop.it\/de\/shop\/kuche\/cuisinart-mini-holzhackmaschine-rosa\/#primaryimage\"},\"thumbnailUrl\":\"https:\/\/i1.wp.com\/interpim.erresse-shop.it\/Import\/Prodotti\/cuisinart-mini-robot-rosa4.jpg?ssl=1\",\"datePublished\":\"2026-04-12T10:23:26+00:00\",\"description\":\"Diese Mini-K\u00fcchenmaschine ist Teil unserer Style Collection und passt perfekt in jede K\u00fcche. Sie vereint die Leistung einer K\u00fcchenmaschine mit kompakten,\",\"breadcrumb\":{\"@id\":\"https:\/\/dev6.erresse-shop.it\/de\/shop\/kuche\/cuisinart-mini-holzhackmaschine-rosa\/#breadcrumb\"},\"inLanguage\":\"de\",\"potentialAction\":[{\"@type\":\"ReadAction\",\"target\":[\"https:\/\/dev6.erresse-shop.it\/de\/shop\/kuche\/cuisinart-mini-holzhackmaschine-rosa\/\"]}]},{\"@type\":\"ImageObject\",\"inLanguage\":\"de\",\"@id\":\"https:\/\/dev6.erresse-shop.it\/de\/shop\/kuche\/cuisinart-mini-holzhackmaschine-rosa\/#primaryimage\",\"url\":\"https:\/\/i1.wp.com\/interpim.erresse-shop.it\/Import\/Prodotti\/cuisinart-mini-robot-rosa4.jpg?ssl=1\",\"contentUrl\":\"https:\/\/i1.wp.com\/interpim.erresse-shop.it\/Import\/Prodotti\/cuisinart-mini-robot-rosa4.jpg?ssl=1\"},{\"@type\":\"BreadcrumbList\",\"@id\":\"https:\/\/dev6.erresse-shop.it\/de\/shop\/kuche\/cuisinart-mini-holzhackmaschine-rosa\/#breadcrumb\",\"itemListElement\":[{\"@type\":\"ListItem\",\"position\":1,\"name\":\"Home\",\"item\":\"https:\/\/dev6.erresse-shop.it\/\"},{\"@type\":\"ListItem\",\"position\":2,\"name\":\"Shop\",\"item\":\"https:\/\/dev6.erresse-shop.it\/shop\/\"},{\"@type\":\"ListItem\",\"position\":3,\"name\":\"CUISINART Mini-Holzhackmaschine Rosa\"}]},{\"@type\":\"WebSite\",\"@id\":\"https:\/\/dev6.erresse-shop.it\/#website\",\"url\":\"https:\/\/dev6.erresse-shop.it\/\",\"name\":\"Erresse Shop\",\"description\":\"\",\"publisher\":{\"@id\":\"https:\/\/dev6.erresse-shop.it\/#organization\"},\"potentialAction\":[{\"@type\":\"SearchAction\",\"target\":{\"@type\":\"EntryPoint\",\"urlTemplate\":\"https:\/\/dev6.erresse-shop.it\/?s={search_term_string}\"},\"query-input\":{\"@type\":\"PropertyValueSpecification\",\"valueRequired\":true,\"valueName\":\"search_term_string\"}}],\"inLanguage\":\"de\"},{\"@type\":\"Organization\",\"@id\":\"https:\/\/dev6.erresse-shop.it\/#organization\",\"name\":\"Erresse Shop\",\"url\":\"https:\/\/dev6.erresse-shop.it\/\",\"logo\":{\"@type\":\"ImageObject\",\"inLanguage\":\"de\",\"@id\":\"https:\/\/dev6.erresse-shop.it\/#\/schema\/logo\/image\/\",\"url\":\"https:\/\/dev6.erresse-shop.it\/wp-content\/uploads\/2025\/01\/LOGO-ERRESSE-CLASSICO.svg\",\"contentUrl\":\"https:\/\/dev6.erresse-shop.it\/wp-content\/uploads\/2025\/01\/LOGO-ERRESSE-CLASSICO.svg\",\"caption\":\"Erresse Shop\"},\"image\":{\"@id\":\"https:\/\/dev6.erresse-shop.it\/#\/schema\/logo\/image\/\"}}]}<\/script>\n<!-- \/ Yoast SEO plugin. -->","yoast_head_json":{"title":"CUISINART Mini-Holzhackmaschine Rosa - dev6 Erresse","description":"Diese Mini-K\u00fcchenmaschine ist Teil unserer Style Collection und passt perfekt in jede K\u00fcche. Sie vereint die Leistung einer K\u00fcchenmaschine mit kompakten,","robots":{"index":"noindex","follow":"follow","max-snippet":"max-snippet:-1","max-image-preview":"max-image-preview:large","max-video-preview":"max-video-preview:-1"},"og_locale":"de_DE","og_type":"article","og_title":"CUISINART Mini-Holzhackmaschine Rosa - dev6 Erresse","og_description":"Diese Mini-K\u00fcchenmaschine ist Teil unserer Style Collection und passt perfekt in jede K\u00fcche. Sie vereint die Leistung einer K\u00fcchenmaschine mit kompakten,","og_url":"https:\/\/dev6.erresse-shop.it\/de\/shop\/kuche\/cuisinart-mini-holzhackmaschine-rosa\/","og_site_name":"dev6 Erresse","og_image":[{"url":"https:\/\/interpim.erresse-shop.it\/Import\/Prodotti\/cuisinart-mini-robot-rosa4.jpg","type":"","width":"","height":""},{"url":"https:\/\/interpim.erresse-shop.it\/Import\/Prodotti\/cuisinart-mini-robot-rosa4.jpg","width":1024,"height":1024,"type":"image\/jpeg"}],"twitter_card":"summary_large_image","twitter_image":"https:\/\/interpim.erresse-shop.it\/Import\/Prodotti\/cuisinart-mini-robot-rosa4.jpg","schema":{"@context":"https:\/\/schema.org","@graph":[{"@type":"WebPage","@id":"https:\/\/dev6.erresse-shop.it\/de\/shop\/kuche\/cuisinart-mini-holzhackmaschine-rosa\/","url":"https:\/\/dev6.erresse-shop.it\/de\/shop\/kuche\/cuisinart-mini-holzhackmaschine-rosa\/","name":"CUISINART Mini-Holzhackmaschine Rosa - dev6 Erresse","isPartOf":{"@id":"https:\/\/dev6.erresse-shop.it\/#website"},"primaryImageOfPage":{"@id":"https:\/\/dev6.erresse-shop.it\/de\/shop\/kuche\/cuisinart-mini-holzhackmaschine-rosa\/#primaryimage"},"image":{"@id":"https:\/\/dev6.erresse-shop.it\/de\/shop\/kuche\/cuisinart-mini-holzhackmaschine-rosa\/#primaryimage"},"thumbnailUrl":"https:\/\/i1.wp.com\/interpim.erresse-shop.it\/Import\/Prodotti\/cuisinart-mini-robot-rosa4.jpg?ssl=1","datePublished":"2026-04-12T10:23:26+00:00","description":"Diese Mini-K\u00fcchenmaschine ist Teil unserer Style Collection und passt perfekt in jede K\u00fcche. Sie vereint die Leistung einer K\u00fcchenmaschine mit kompakten,","breadcrumb":{"@id":"https:\/\/dev6.erresse-shop.it\/de\/shop\/kuche\/cuisinart-mini-holzhackmaschine-rosa\/#breadcrumb"},"inLanguage":"de","potentialAction":[{"@type":"ReadAction","target":["https:\/\/dev6.erresse-shop.it\/de\/shop\/kuche\/cuisinart-mini-holzhackmaschine-rosa\/"]}]},{"@type":"ImageObject","inLanguage":"de","@id":"https:\/\/dev6.erresse-shop.it\/de\/shop\/kuche\/cuisinart-mini-holzhackmaschine-rosa\/#primaryimage","url":"https:\/\/i1.wp.com\/interpim.erresse-shop.it\/Import\/Prodotti\/cuisinart-mini-robot-rosa4.jpg?ssl=1","contentUrl":"https:\/\/i1.wp.com\/interpim.erresse-shop.it\/Import\/Prodotti\/cuisinart-mini-robot-rosa4.jpg?ssl=1"},{"@type":"BreadcrumbList","@id":"https:\/\/dev6.erresse-shop.it\/de\/shop\/kuche\/cuisinart-mini-holzhackmaschine-rosa\/#breadcrumb","itemListElement":[{"@type":"ListItem","position":1,"name":"Home","item":"https:\/\/dev6.erresse-shop.it\/"},{"@type":"ListItem","position":2,"name":"Shop","item":"https:\/\/dev6.erresse-shop.it\/shop\/"},{"@type":"ListItem","position":3,"name":"CUISINART Mini-Holzhackmaschine Rosa"}]},{"@type":"WebSite","@id":"https:\/\/dev6.erresse-shop.it\/#website","url":"https:\/\/dev6.erresse-shop.it\/","name":"Erresse Shop","description":"","publisher":{"@id":"https:\/\/dev6.erresse-shop.it\/#organization"},"potentialAction":[{"@type":"SearchAction","target":{"@type":"EntryPoint","urlTemplate":"https:\/\/dev6.erresse-shop.it\/?s={search_term_string}"},"query-input":{"@type":"PropertyValueSpecification","valueRequired":true,"valueName":"search_term_string"}}],"inLanguage":"de"},{"@type":"Organization","@id":"https:\/\/dev6.erresse-shop.it\/#organization","name":"Erresse Shop","url":"https:\/\/dev6.erresse-shop.it\/","logo":{"@type":"ImageObject","inLanguage":"de","@id":"https:\/\/dev6.erresse-shop.it\/#\/schema\/logo\/image\/","url":"https:\/\/dev6.erresse-shop.it\/wp-content\/uploads\/2025\/01\/LOGO-ERRESSE-CLASSICO.svg","contentUrl":"https:\/\/dev6.erresse-shop.it\/wp-content\/uploads\/2025\/01\/LOGO-ERRESSE-CLASSICO.svg","caption":"Erresse Shop"},"image":{"@id":"https:\/\/dev6.erresse-shop.it\/#\/schema\/logo\/image\/"}}]}},"df_price":"","df_sale_price":"","df_regular_price":"","df_image_link":"https:\/\/i1.wp.com\/interpim.erresse-shop.it\/Import\/Prodotti\/cuisinart-mini-robot-rosa4.jpg?resize=300,300&ssl=1","fifu_image_url":"https:\/\/interpim.erresse-shop.it\/Import\/Prodotti\/cuisinart-mini-robot-rosa4.jpg","_links":{"self":[{"href":"https:\/\/dev6.erresse-shop.it\/de\/wp-json\/wp\/v2\/product\/848692","targetHints":{"allow":["GET"]}}],"collection":[{"href":"https:\/\/dev6.erresse-shop.it\/de\/wp-json\/wp\/v2\/product"}],"about":[{"href":"https:\/\/dev6.erresse-shop.it\/de\/wp-json\/wp\/v2\/types\/product"}],"wp:featuredmedia":[{"embeddable":true,"href":"https:\/\/dev6.erresse-shop.it\/de\/wp-json\/wp\/v2\/media\/6372480"}],"wp:attachment":[{"href":"https:\/\/dev6.erresse-shop.it\/de\/wp-json\/wp\/v2\/media?parent=848692"}],"wp:term":[{"taxonomy":"product_cat","embeddable":true,"href":"https:\/\/dev6.erresse-shop.it\/de\/wp-json\/wp\/v2\/product_cat?post=848692"},{"taxonomy":"product_tag","embeddable":true,"href":"https:\/\/dev6.erresse-shop.it\/de\/wp-json\/wp\/v2\/product_tag?post=848692"}],"curies":[{"name":"wp","href":"https:\/\/api.w.org\/{rel}","templated":true}]}}