{"id":848584,"date":"2026-04-12T12:23:26","date_gmt":"2026-04-12T10:23:26","guid":{"rendered":"https:\/\/dev6.erresse-shop.it\/shop\/unkategorisiert\/cuisinart-handmixer-fuer-getraenke-wireless\/"},"modified":"2025-07-04T14:34:17","modified_gmt":"2025-07-04T12:34:17","slug":"cuisinart-handmixer-fuer-getraenke-wireless","status":"publish","type":"product","link":"https:\/\/dev6.erresse-shop.it\/de\/shop\/kuche\/cuisinart-handmixer-fuer-getraenke-wireless\/","title":{"rendered":"CUISINART Handmixer f\u00fcr Getr\u00e4nke Wireless"},"content":{"rendered":"<p>KABELLOSE SAMMLUNG<\/p>\n<p>Dieser leistungsstarke Mixer aus unserer Cordless Collection ist kompakt, leicht und kabellos \u2013 ideal f\u00fcr die Zubereitung von Smoothies und anderen Rezepten, wo immer Sie sind.<\/p>\n<p>Der kabellose Mixer On the Go bietet Ihnen eine unvergleichliche Flexibilit\u00e4t: Sie k\u00f6nnen ihn f\u00fcr schnelle Smoothies im B\u00fcro oder f\u00fcr einen Eiwei\u00dfshake nach dem Fitnessstudio mitnehmen, Sie k\u00f6nnen ihn aber auch einfach zu Hause verwenden, um Cocktails und Suppen zuzubereiten.<\/p>\n<p>Da er kabellos ist, m\u00fcssen Sie sich keine Sorgen um eine freie Steckdose in Ihrer N\u00e4he machen, und seine kompakte Gr\u00f6\u00dfe passt gut auf Ihre Arbeitsplatte oder Ihr Regal, ohne zu viel Platz zu beanspruchen.<\/p>\n<p>Dieser leistungsstarke Mixer wird mit Lithium-Ionen-Akkus und einem USB-Ladeger\u00e4t betrieben und bietet Ihnen auch bei niedrigem Akkustand eine unvergleichliche Leistung. Eine volle 2-Stunden-Ladung liefert genug Energie f\u00fcr etwa 8 Smoothies.<\/p>\n<p>Die Batteriestandsanzeige informiert Sie, wenn der Ladezustand zur Neige geht.<\/p>\n<p>Er kann auch zum P\u00fcrieren von Suppen, zur Herstellung von Cocktails, Dressings und So\u00dfen sowie f\u00fcr andere Rezepte, wie z. B. zum Panieren und Hacken von N\u00fcssen, verwendet werden.<\/p>\n<p>Der Tritan-Becher ist BPA-frei und sp\u00fclmaschinenfest f\u00fcr eine einfache Reinigung. Er wird mit einem Deckel geliefert, damit Sie Ihre Kreationen \u00fcberall genie\u00dfen k\u00f6nnen, und mit einer Klingenabdeckung, um die Klinge nach dem Gebrauch sicher aufzubewahren.<\/p>\n<p>TECHNISCHE MERKMALE:<\/p>\n<p>Kabellos f\u00fcr maximale Flexibilit\u00e4t und Benutzerfreundlichkeit<br \/>\nKompakte Gr\u00f6\u00dfe<br \/>\n2 Stunden volle Ladung f\u00fcr etwa 8 Smoothies<br \/>\nLithium-Ionen-Akku f\u00fcr konstante, hohe Leistung<br \/>\nAkku-Lichtanzeigen zeigen den Ladezustand an<br \/>\nInklusive USB-Kabel und Adapter<br \/>\nBPA-freier Becher aus Tritan, 450 ml Fassungsverm\u00f6gen<br \/>\nInklusive Deckel und Klingenschutz<br \/>\nGeschirrsp\u00fclmaschinenfestes Zubeh\u00f6r<br \/>\nSicherheitsschloss-System<\/p>\n<p>2 Jahre Garantie<br \/>\nNicht zum Verkauf au\u00dferhalb Europas<\/p>\n","protected":false},"excerpt":{"rendered":"<p>KABELLOSE SAMMLUNG Dieser leistungsstarke Mixer aus unserer Cordless Collection ist kompakt, leicht und kabellos \u2013 ideal f\u00fcr die Zubereitung von Smoothies und anderen Rezepten, wo immer Sie sind. Der kabellose Mixer On the Go bietet Ihnen eine unvergleichliche Flexibilit\u00e4t: Sie k\u00f6nnen ihn f\u00fcr schnelle Smoothies im B\u00fcro oder f\u00fcr einen Eiwei\u00dfshake nach dem Fitnessstudio mitnehmen, [&hellip;]<\/p>\n","protected":false},"featured_media":6372407,"template":"","meta":{"_acf_changed":false},"product_cat":[12100],"product_tag":[],"class_list":{"0":"post-848584","1":"product","2":"type-product","3":"status-publish","4":"has-post-thumbnail","6":"product_cat-kuche","8":"first","9":"instock","10":"taxable","11":"shipping-taxable","12":"product-type-simple","swatches":"rey-swatches","show_selected":"","stretch_labels":"rey-swatches--stretch-labels"},"acf":[],"yoast_head":"<!-- This site is optimized with the Yoast SEO plugin v25.4 - https:\/\/yoast.com\/wordpress\/plugins\/seo\/ -->\n<title>CUISINART Handmixer f\u00fcr Getr\u00e4nke Wireless - dev6 Erresse<\/title>\n<meta name=\"description\" content=\"KABELLOSE SAMMLUNG Dieser leistungsstarke Mixer aus unserer Cordless Collection ist kompakt, leicht und kabellos \u2013 ideal f\u00fcr die Zubereitung von Smoothies\" \/>\n<meta name=\"robots\" content=\"noindex, follow, max-snippet:-1, max-image-preview:large, max-video-preview:-1\" \/>\n<meta property=\"og:locale\" content=\"de_DE\" \/>\n<meta property=\"og:type\" content=\"article\" \/>\n<meta property=\"og:title\" content=\"CUISINART Handmixer f\u00fcr Getr\u00e4nke Wireless - dev6 Erresse\" \/>\n<meta property=\"og:description\" content=\"KABELLOSE SAMMLUNG Dieser leistungsstarke Mixer aus unserer Cordless Collection ist kompakt, leicht und kabellos \u2013 ideal f\u00fcr die Zubereitung von Smoothies\" \/>\n<meta property=\"og:url\" content=\"https:\/\/dev6.erresse-shop.it\/de\/shop\/kuche\/cuisinart-handmixer-fuer-getraenke-wireless\/\" \/>\n<meta property=\"og:site_name\" content=\"dev6 Erresse\" \/>\n<meta property=\"og:image\" content=\"https:\/\/interpim.erresse-shop.it\/Import\/Prodotti\/frullatore-portatile-rpb100e-image-4.jpg\" \/><meta property=\"og:image\" content=\"https:\/\/interpim.erresse-shop.it\/Import\/Prodotti\/frullatore-portatile-rpb100e-image-4.jpg\" \/>\n\t<meta property=\"og:image:width\" content=\"1024\" \/>\n\t<meta property=\"og:image:height\" content=\"1024\" \/>\n\t<meta property=\"og:image:type\" content=\"image\/jpeg\" \/>\n<meta name=\"twitter:card\" content=\"summary_large_image\" \/>\n<meta name=\"twitter:image\" content=\"https:\/\/interpim.erresse-shop.it\/Import\/Prodotti\/frullatore-portatile-rpb100e-image-4.jpg\" \/>\n<script type=\"application\/ld+json\" class=\"yoast-schema-graph\">{\"@context\":\"https:\/\/schema.org\",\"@graph\":[{\"@type\":\"WebPage\",\"@id\":\"https:\/\/dev6.erresse-shop.it\/de\/shop\/kuche\/cuisinart-handmixer-fuer-getraenke-wireless\/\",\"url\":\"https:\/\/dev6.erresse-shop.it\/de\/shop\/kuche\/cuisinart-handmixer-fuer-getraenke-wireless\/\",\"name\":\"CUISINART Handmixer f\u00fcr Getr\u00e4nke Wireless - dev6 Erresse\",\"isPartOf\":{\"@id\":\"https:\/\/dev6.erresse-shop.it\/#website\"},\"primaryImageOfPage\":{\"@id\":\"https:\/\/dev6.erresse-shop.it\/de\/shop\/kuche\/cuisinart-handmixer-fuer-getraenke-wireless\/#primaryimage\"},\"image\":{\"@id\":\"https:\/\/dev6.erresse-shop.it\/de\/shop\/kuche\/cuisinart-handmixer-fuer-getraenke-wireless\/#primaryimage\"},\"thumbnailUrl\":\"https:\/\/i3.wp.com\/interpim.erresse-shop.it\/Import\/Prodotti\/frullatore-portatile-rpb100e-image-4.jpg?ssl=1\",\"datePublished\":\"2026-04-12T10:23:26+00:00\",\"description\":\"KABELLOSE SAMMLUNG Dieser leistungsstarke Mixer aus unserer Cordless Collection ist kompakt, leicht und kabellos \u2013 ideal f\u00fcr die Zubereitung von Smoothies\",\"breadcrumb\":{\"@id\":\"https:\/\/dev6.erresse-shop.it\/de\/shop\/kuche\/cuisinart-handmixer-fuer-getraenke-wireless\/#breadcrumb\"},\"inLanguage\":\"de\",\"potentialAction\":[{\"@type\":\"ReadAction\",\"target\":[\"https:\/\/dev6.erresse-shop.it\/de\/shop\/kuche\/cuisinart-handmixer-fuer-getraenke-wireless\/\"]}]},{\"@type\":\"ImageObject\",\"inLanguage\":\"de\",\"@id\":\"https:\/\/dev6.erresse-shop.it\/de\/shop\/kuche\/cuisinart-handmixer-fuer-getraenke-wireless\/#primaryimage\",\"url\":\"https:\/\/i3.wp.com\/interpim.erresse-shop.it\/Import\/Prodotti\/frullatore-portatile-rpb100e-image-4.jpg?ssl=1\",\"contentUrl\":\"https:\/\/i3.wp.com\/interpim.erresse-shop.it\/Import\/Prodotti\/frullatore-portatile-rpb100e-image-4.jpg?ssl=1\"},{\"@type\":\"BreadcrumbList\",\"@id\":\"https:\/\/dev6.erresse-shop.it\/de\/shop\/kuche\/cuisinart-handmixer-fuer-getraenke-wireless\/#breadcrumb\",\"itemListElement\":[{\"@type\":\"ListItem\",\"position\":1,\"name\":\"Home\",\"item\":\"https:\/\/dev6.erresse-shop.it\/\"},{\"@type\":\"ListItem\",\"position\":2,\"name\":\"Shop\",\"item\":\"https:\/\/dev6.erresse-shop.it\/shop\/\"},{\"@type\":\"ListItem\",\"position\":3,\"name\":\"CUISINART Handmixer f\u00fcr Getr\u00e4nke Wireless\"}]},{\"@type\":\"WebSite\",\"@id\":\"https:\/\/dev6.erresse-shop.it\/#website\",\"url\":\"https:\/\/dev6.erresse-shop.it\/\",\"name\":\"Erresse Shop\",\"description\":\"\",\"publisher\":{\"@id\":\"https:\/\/dev6.erresse-shop.it\/#organization\"},\"potentialAction\":[{\"@type\":\"SearchAction\",\"target\":{\"@type\":\"EntryPoint\",\"urlTemplate\":\"https:\/\/dev6.erresse-shop.it\/?s={search_term_string}\"},\"query-input\":{\"@type\":\"PropertyValueSpecification\",\"valueRequired\":true,\"valueName\":\"search_term_string\"}}],\"inLanguage\":\"de\"},{\"@type\":\"Organization\",\"@id\":\"https:\/\/dev6.erresse-shop.it\/#organization\",\"name\":\"Erresse Shop\",\"url\":\"https:\/\/dev6.erresse-shop.it\/\",\"logo\":{\"@type\":\"ImageObject\",\"inLanguage\":\"de\",\"@id\":\"https:\/\/dev6.erresse-shop.it\/#\/schema\/logo\/image\/\",\"url\":\"https:\/\/dev6.erresse-shop.it\/wp-content\/uploads\/2025\/01\/LOGO-ERRESSE-CLASSICO.svg\",\"contentUrl\":\"https:\/\/dev6.erresse-shop.it\/wp-content\/uploads\/2025\/01\/LOGO-ERRESSE-CLASSICO.svg\",\"caption\":\"Erresse Shop\"},\"image\":{\"@id\":\"https:\/\/dev6.erresse-shop.it\/#\/schema\/logo\/image\/\"}}]}<\/script>\n<!-- \/ Yoast SEO plugin. -->","yoast_head_json":{"title":"CUISINART Handmixer f\u00fcr Getr\u00e4nke Wireless - dev6 Erresse","description":"KABELLOSE SAMMLUNG Dieser leistungsstarke Mixer aus unserer Cordless Collection ist kompakt, leicht und kabellos \u2013 ideal f\u00fcr die Zubereitung von Smoothies","robots":{"index":"noindex","follow":"follow","max-snippet":"max-snippet:-1","max-image-preview":"max-image-preview:large","max-video-preview":"max-video-preview:-1"},"og_locale":"de_DE","og_type":"article","og_title":"CUISINART Handmixer f\u00fcr Getr\u00e4nke Wireless - dev6 Erresse","og_description":"KABELLOSE SAMMLUNG Dieser leistungsstarke Mixer aus unserer Cordless Collection ist kompakt, leicht und kabellos \u2013 ideal f\u00fcr die Zubereitung von Smoothies","og_url":"https:\/\/dev6.erresse-shop.it\/de\/shop\/kuche\/cuisinart-handmixer-fuer-getraenke-wireless\/","og_site_name":"dev6 Erresse","og_image":[{"url":"https:\/\/interpim.erresse-shop.it\/Import\/Prodotti\/frullatore-portatile-rpb100e-image-4.jpg","type":"","width":"","height":""},{"url":"https:\/\/interpim.erresse-shop.it\/Import\/Prodotti\/frullatore-portatile-rpb100e-image-4.jpg","width":1024,"height":1024,"type":"image\/jpeg"}],"twitter_card":"summary_large_image","twitter_image":"https:\/\/interpim.erresse-shop.it\/Import\/Prodotti\/frullatore-portatile-rpb100e-image-4.jpg","schema":{"@context":"https:\/\/schema.org","@graph":[{"@type":"WebPage","@id":"https:\/\/dev6.erresse-shop.it\/de\/shop\/kuche\/cuisinart-handmixer-fuer-getraenke-wireless\/","url":"https:\/\/dev6.erresse-shop.it\/de\/shop\/kuche\/cuisinart-handmixer-fuer-getraenke-wireless\/","name":"CUISINART Handmixer f\u00fcr Getr\u00e4nke Wireless - dev6 Erresse","isPartOf":{"@id":"https:\/\/dev6.erresse-shop.it\/#website"},"primaryImageOfPage":{"@id":"https:\/\/dev6.erresse-shop.it\/de\/shop\/kuche\/cuisinart-handmixer-fuer-getraenke-wireless\/#primaryimage"},"image":{"@id":"https:\/\/dev6.erresse-shop.it\/de\/shop\/kuche\/cuisinart-handmixer-fuer-getraenke-wireless\/#primaryimage"},"thumbnailUrl":"https:\/\/i3.wp.com\/interpim.erresse-shop.it\/Import\/Prodotti\/frullatore-portatile-rpb100e-image-4.jpg?ssl=1","datePublished":"2026-04-12T10:23:26+00:00","description":"KABELLOSE SAMMLUNG Dieser leistungsstarke Mixer aus unserer Cordless Collection ist kompakt, leicht und kabellos \u2013 ideal f\u00fcr die Zubereitung von Smoothies","breadcrumb":{"@id":"https:\/\/dev6.erresse-shop.it\/de\/shop\/kuche\/cuisinart-handmixer-fuer-getraenke-wireless\/#breadcrumb"},"inLanguage":"de","potentialAction":[{"@type":"ReadAction","target":["https:\/\/dev6.erresse-shop.it\/de\/shop\/kuche\/cuisinart-handmixer-fuer-getraenke-wireless\/"]}]},{"@type":"ImageObject","inLanguage":"de","@id":"https:\/\/dev6.erresse-shop.it\/de\/shop\/kuche\/cuisinart-handmixer-fuer-getraenke-wireless\/#primaryimage","url":"https:\/\/i3.wp.com\/interpim.erresse-shop.it\/Import\/Prodotti\/frullatore-portatile-rpb100e-image-4.jpg?ssl=1","contentUrl":"https:\/\/i3.wp.com\/interpim.erresse-shop.it\/Import\/Prodotti\/frullatore-portatile-rpb100e-image-4.jpg?ssl=1"},{"@type":"BreadcrumbList","@id":"https:\/\/dev6.erresse-shop.it\/de\/shop\/kuche\/cuisinart-handmixer-fuer-getraenke-wireless\/#breadcrumb","itemListElement":[{"@type":"ListItem","position":1,"name":"Home","item":"https:\/\/dev6.erresse-shop.it\/"},{"@type":"ListItem","position":2,"name":"Shop","item":"https:\/\/dev6.erresse-shop.it\/shop\/"},{"@type":"ListItem","position":3,"name":"CUISINART Handmixer f\u00fcr Getr\u00e4nke Wireless"}]},{"@type":"WebSite","@id":"https:\/\/dev6.erresse-shop.it\/#website","url":"https:\/\/dev6.erresse-shop.it\/","name":"Erresse Shop","description":"","publisher":{"@id":"https:\/\/dev6.erresse-shop.it\/#organization"},"potentialAction":[{"@type":"SearchAction","target":{"@type":"EntryPoint","urlTemplate":"https:\/\/dev6.erresse-shop.it\/?s={search_term_string}"},"query-input":{"@type":"PropertyValueSpecification","valueRequired":true,"valueName":"search_term_string"}}],"inLanguage":"de"},{"@type":"Organization","@id":"https:\/\/dev6.erresse-shop.it\/#organization","name":"Erresse Shop","url":"https:\/\/dev6.erresse-shop.it\/","logo":{"@type":"ImageObject","inLanguage":"de","@id":"https:\/\/dev6.erresse-shop.it\/#\/schema\/logo\/image\/","url":"https:\/\/dev6.erresse-shop.it\/wp-content\/uploads\/2025\/01\/LOGO-ERRESSE-CLASSICO.svg","contentUrl":"https:\/\/dev6.erresse-shop.it\/wp-content\/uploads\/2025\/01\/LOGO-ERRESSE-CLASSICO.svg","caption":"Erresse Shop"},"image":{"@id":"https:\/\/dev6.erresse-shop.it\/#\/schema\/logo\/image\/"}}]}},"df_price":"","df_sale_price":"","df_regular_price":"","df_image_link":"https:\/\/i3.wp.com\/interpim.erresse-shop.it\/Import\/Prodotti\/frullatore-portatile-rpb100e-image-4.jpg?resize=300,300&ssl=1","fifu_image_url":"https:\/\/interpim.erresse-shop.it\/Import\/Prodotti\/frullatore-portatile-rpb100e-image-4.jpg","_links":{"self":[{"href":"https:\/\/dev6.erresse-shop.it\/de\/wp-json\/wp\/v2\/product\/848584","targetHints":{"allow":["GET"]}}],"collection":[{"href":"https:\/\/dev6.erresse-shop.it\/de\/wp-json\/wp\/v2\/product"}],"about":[{"href":"https:\/\/dev6.erresse-shop.it\/de\/wp-json\/wp\/v2\/types\/product"}],"wp:featuredmedia":[{"embeddable":true,"href":"https:\/\/dev6.erresse-shop.it\/de\/wp-json\/wp\/v2\/media\/6372407"}],"wp:attachment":[{"href":"https:\/\/dev6.erresse-shop.it\/de\/wp-json\/wp\/v2\/media?parent=848584"}],"wp:term":[{"taxonomy":"product_cat","embeddable":true,"href":"https:\/\/dev6.erresse-shop.it\/de\/wp-json\/wp\/v2\/product_cat?post=848584"},{"taxonomy":"product_tag","embeddable":true,"href":"https:\/\/dev6.erresse-shop.it\/de\/wp-json\/wp\/v2\/product_tag?post=848584"}],"curies":[{"name":"wp","href":"https:\/\/api.w.org\/{rel}","templated":true}]}}