{"id":847531,"date":"2026-04-12T12:21:09","date_gmt":"2026-04-12T10:21:09","guid":{"rendered":"https:\/\/dev6.erresse-shop.it\/shop\/unkategorisiert\/berkel-filetiermesser-teknica-19-cm-rot\/"},"modified":"2025-09-14T02:37:30","modified_gmt":"2025-09-14T00:37:30","slug":"berkel-teknica-filetiermesser-19-cm-rot","status":"publish","type":"product","link":"https:\/\/dev6.erresse-shop.it\/de\/shop\/kuche\/messer\/kuechenmesser\/berkel-teknica-filetiermesser-19-cm-rot\/","title":{"rendered":"BERKEL Teknica Filetiermesser 19 cm Rot"},"content":{"rendered":"<p class=\"p1\">Das Messer f\u00fcr das beste Filet<br \/>\nFlexibles und einfach zu handhabendes Messer. Es erm\u00f6glicht Ihnen, das beste Filet zu erhalten, indem Sie der Form des Lebensmittels vorsichtig folgen. Dank der scharfen Klinge und der gebogenen Form ist es ideal zum Entbeinen und Entfernen der Haut des Fisches, ohne das Fleisch zu zerrei\u00dfen oder zu ruinieren. Die extreme Schneidpr\u00e4zision sorgt daf\u00fcr, dass selbst bei kleinen St\u00fccken weniger Abfall entsteht.<\/p>\n<p>EIGENSCHAFTEN<br \/>\nGewicht: 207 g<br \/>\nKlingengr\u00f6\u00dfe: 19 cm<br \/>\nGesamtl\u00e4nge: 33 cm<br \/>\nKlingenmaterial: 1.4116-X50 Cr Mo V15 Edelstahl geschmiedet; H\u00e4rte nach T.T: 59 HRC; Catra-Zertifikat: Sehr gut<br \/>\nGriff: Harz mit Satin-Finish<br \/>\nGebrauch und Pflege: Wir empfehlen dringend, das Messer mit der Hand in hei\u00dfem Wasser zu waschen, um die Integrit\u00e4t des Produkts und seine Haltbarkeit \u00fcber die Zeit zu gew\u00e4hrleisten. In jedem Fall wird empfohlen, das Messer nach jedem Waschen abzutrocknen. Verwenden Sie keine scheuernden Stoffe oder Schw\u00e4mme.<\/p>\n","protected":false},"excerpt":{"rendered":"<p>Das Messer f\u00fcr das beste Filet Flexibles und einfach zu handhabendes Messer. Es erm\u00f6glicht Ihnen, das beste Filet zu erhalten, indem Sie der Form des Lebensmittels vorsichtig folgen. Dank der scharfen Klinge und der gebogenen Form ist es ideal zum Entbeinen und Entfernen der Haut des Fisches, ohne das Fleisch zu zerrei\u00dfen oder zu ruinieren. [&hellip;]<\/p>\n","protected":false},"featured_media":6372346,"template":"","meta":{"_acf_changed":false},"product_cat":[12100,12105],"product_tag":[],"class_list":{"0":"post-847531","1":"product","2":"type-product","3":"status-publish","4":"has-post-thumbnail","6":"product_cat-kuche","7":"product_cat-kuechenmesser","9":"first","10":"instock","11":"sale","12":"taxable","13":"shipping-taxable","14":"purchasable","15":"product-type-simple","swatches":"rey-swatches","show_selected":"","stretch_labels":"rey-swatches--stretch-labels"},"acf":[],"yoast_head":"<!-- This site is optimized with the Yoast SEO plugin v25.4 - https:\/\/yoast.com\/wordpress\/plugins\/seo\/ -->\n<title>BERKEL Teknica Filetiermesser 19 cm Rot - dev6 Erresse<\/title>\n<meta name=\"description\" content=\"Das Messer f\u00fcr das beste Filet Flexibles und einfach zu handhabendes Messer. Es erm\u00f6glicht Ihnen, das beste Filet zu erhalten, indem Sie der Form des\" \/>\n<meta name=\"robots\" content=\"noindex, follow, max-snippet:-1, max-image-preview:large, max-video-preview:-1\" \/>\n<meta property=\"og:locale\" content=\"de_DE\" \/>\n<meta property=\"og:type\" content=\"article\" \/>\n<meta property=\"og:title\" content=\"BERKEL Teknica Filetiermesser 19 cm Rot - dev6 Erresse\" \/>\n<meta property=\"og:description\" content=\"Das Messer f\u00fcr das beste Filet Flexibles und einfach zu handhabendes Messer. Es erm\u00f6glicht Ihnen, das beste Filet zu erhalten, indem Sie der Form des\" \/>\n<meta property=\"og:url\" content=\"https:\/\/dev6.erresse-shop.it\/de\/shop\/kuche\/messer\/kuechenmesser\/berkel-teknica-filetiermesser-19-cm-rot\/\" \/>\n<meta property=\"og:site_name\" content=\"dev6 Erresse\" \/>\n<meta property=\"og:image\" content=\"https:\/\/interpim.erresse-shop.it\/Import\/Prodotti\/berkel-teknica-coltello-per-sfilettare-19-cm-rosso.jpg\" \/><meta property=\"og:image\" content=\"https:\/\/interpim.erresse-shop.it\/Import\/Prodotti\/berkel-teknica-coltello-per-sfilettare-19-cm-rosso.jpg\" \/>\n\t<meta property=\"og:image:width\" content=\"1024\" \/>\n\t<meta property=\"og:image:height\" content=\"1024\" \/>\n\t<meta property=\"og:image:type\" content=\"image\/jpeg\" \/>\n<meta name=\"twitter:card\" content=\"summary_large_image\" \/>\n<meta name=\"twitter:image\" content=\"https:\/\/interpim.erresse-shop.it\/Import\/Prodotti\/berkel-teknica-coltello-per-sfilettare-19-cm-rosso.jpg\" \/>\n<script type=\"application\/ld+json\" class=\"yoast-schema-graph\">{\"@context\":\"https:\/\/schema.org\",\"@graph\":[{\"@type\":\"WebPage\",\"@id\":\"https:\/\/dev6.erresse-shop.it\/de\/shop\/kuche\/messer\/kuechenmesser\/berkel-teknica-filetiermesser-19-cm-rot\/\",\"url\":\"https:\/\/dev6.erresse-shop.it\/de\/shop\/kuche\/messer\/kuechenmesser\/berkel-teknica-filetiermesser-19-cm-rot\/\",\"name\":\"BERKEL Teknica Filetiermesser 19 cm Rot - dev6 Erresse\",\"isPartOf\":{\"@id\":\"https:\/\/dev6.erresse-shop.it\/#website\"},\"primaryImageOfPage\":{\"@id\":\"https:\/\/dev6.erresse-shop.it\/de\/shop\/kuche\/messer\/kuechenmesser\/berkel-teknica-filetiermesser-19-cm-rot\/#primaryimage\"},\"image\":{\"@id\":\"https:\/\/dev6.erresse-shop.it\/de\/shop\/kuche\/messer\/kuechenmesser\/berkel-teknica-filetiermesser-19-cm-rot\/#primaryimage\"},\"thumbnailUrl\":\"https:\/\/i1.wp.com\/interpim.erresse-shop.it\/Import\/Prodotti\/berkel-teknica-coltello-per-sfilettare-19-cm-rosso.jpg?ssl=1\",\"datePublished\":\"2026-04-12T10:21:09+00:00\",\"description\":\"Das Messer f\u00fcr das beste Filet Flexibles und einfach zu handhabendes Messer. Es erm\u00f6glicht Ihnen, das beste Filet zu erhalten, indem Sie der Form des\",\"breadcrumb\":{\"@id\":\"https:\/\/dev6.erresse-shop.it\/de\/shop\/kuche\/messer\/kuechenmesser\/berkel-teknica-filetiermesser-19-cm-rot\/#breadcrumb\"},\"inLanguage\":\"de\",\"potentialAction\":[{\"@type\":\"ReadAction\",\"target\":[\"https:\/\/dev6.erresse-shop.it\/de\/shop\/kuche\/messer\/kuechenmesser\/berkel-teknica-filetiermesser-19-cm-rot\/\"]}]},{\"@type\":\"ImageObject\",\"inLanguage\":\"de\",\"@id\":\"https:\/\/dev6.erresse-shop.it\/de\/shop\/kuche\/messer\/kuechenmesser\/berkel-teknica-filetiermesser-19-cm-rot\/#primaryimage\",\"url\":\"https:\/\/i1.wp.com\/interpim.erresse-shop.it\/Import\/Prodotti\/berkel-teknica-coltello-per-sfilettare-19-cm-rosso.jpg?ssl=1\",\"contentUrl\":\"https:\/\/i1.wp.com\/interpim.erresse-shop.it\/Import\/Prodotti\/berkel-teknica-coltello-per-sfilettare-19-cm-rosso.jpg?ssl=1\"},{\"@type\":\"BreadcrumbList\",\"@id\":\"https:\/\/dev6.erresse-shop.it\/de\/shop\/kuche\/messer\/kuechenmesser\/berkel-teknica-filetiermesser-19-cm-rot\/#breadcrumb\",\"itemListElement\":[{\"@type\":\"ListItem\",\"position\":1,\"name\":\"Home\",\"item\":\"https:\/\/dev6.erresse-shop.it\/\"},{\"@type\":\"ListItem\",\"position\":2,\"name\":\"Shop\",\"item\":\"https:\/\/dev6.erresse-shop.it\/shop\/\"},{\"@type\":\"ListItem\",\"position\":3,\"name\":\"BERKEL Teknica Filetiermesser 19 cm Rot\"}]},{\"@type\":\"WebSite\",\"@id\":\"https:\/\/dev6.erresse-shop.it\/#website\",\"url\":\"https:\/\/dev6.erresse-shop.it\/\",\"name\":\"Erresse Shop\",\"description\":\"\",\"publisher\":{\"@id\":\"https:\/\/dev6.erresse-shop.it\/#organization\"},\"potentialAction\":[{\"@type\":\"SearchAction\",\"target\":{\"@type\":\"EntryPoint\",\"urlTemplate\":\"https:\/\/dev6.erresse-shop.it\/?s={search_term_string}\"},\"query-input\":{\"@type\":\"PropertyValueSpecification\",\"valueRequired\":true,\"valueName\":\"search_term_string\"}}],\"inLanguage\":\"de\"},{\"@type\":\"Organization\",\"@id\":\"https:\/\/dev6.erresse-shop.it\/#organization\",\"name\":\"Erresse Shop\",\"url\":\"https:\/\/dev6.erresse-shop.it\/\",\"logo\":{\"@type\":\"ImageObject\",\"inLanguage\":\"de\",\"@id\":\"https:\/\/dev6.erresse-shop.it\/#\/schema\/logo\/image\/\",\"url\":\"https:\/\/dev6.erresse-shop.it\/wp-content\/uploads\/2025\/01\/LOGO-ERRESSE-CLASSICO.svg\",\"contentUrl\":\"https:\/\/dev6.erresse-shop.it\/wp-content\/uploads\/2025\/01\/LOGO-ERRESSE-CLASSICO.svg\",\"caption\":\"Erresse Shop\"},\"image\":{\"@id\":\"https:\/\/dev6.erresse-shop.it\/#\/schema\/logo\/image\/\"}}]}<\/script>\n<!-- \/ Yoast SEO plugin. -->","yoast_head_json":{"title":"BERKEL Teknica Filetiermesser 19 cm Rot - dev6 Erresse","description":"Das Messer f\u00fcr das beste Filet Flexibles und einfach zu handhabendes Messer. Es erm\u00f6glicht Ihnen, das beste Filet zu erhalten, indem Sie der Form des","robots":{"index":"noindex","follow":"follow","max-snippet":"max-snippet:-1","max-image-preview":"max-image-preview:large","max-video-preview":"max-video-preview:-1"},"og_locale":"de_DE","og_type":"article","og_title":"BERKEL Teknica Filetiermesser 19 cm Rot - dev6 Erresse","og_description":"Das Messer f\u00fcr das beste Filet Flexibles und einfach zu handhabendes Messer. Es erm\u00f6glicht Ihnen, das beste Filet zu erhalten, indem Sie der Form des","og_url":"https:\/\/dev6.erresse-shop.it\/de\/shop\/kuche\/messer\/kuechenmesser\/berkel-teknica-filetiermesser-19-cm-rot\/","og_site_name":"dev6 Erresse","og_image":[{"url":"https:\/\/interpim.erresse-shop.it\/Import\/Prodotti\/berkel-teknica-coltello-per-sfilettare-19-cm-rosso.jpg","type":"","width":"","height":""},{"url":"https:\/\/interpim.erresse-shop.it\/Import\/Prodotti\/berkel-teknica-coltello-per-sfilettare-19-cm-rosso.jpg","width":1024,"height":1024,"type":"image\/jpeg"}],"twitter_card":"summary_large_image","twitter_image":"https:\/\/interpim.erresse-shop.it\/Import\/Prodotti\/berkel-teknica-coltello-per-sfilettare-19-cm-rosso.jpg","schema":{"@context":"https:\/\/schema.org","@graph":[{"@type":"WebPage","@id":"https:\/\/dev6.erresse-shop.it\/de\/shop\/kuche\/messer\/kuechenmesser\/berkel-teknica-filetiermesser-19-cm-rot\/","url":"https:\/\/dev6.erresse-shop.it\/de\/shop\/kuche\/messer\/kuechenmesser\/berkel-teknica-filetiermesser-19-cm-rot\/","name":"BERKEL Teknica Filetiermesser 19 cm Rot - dev6 Erresse","isPartOf":{"@id":"https:\/\/dev6.erresse-shop.it\/#website"},"primaryImageOfPage":{"@id":"https:\/\/dev6.erresse-shop.it\/de\/shop\/kuche\/messer\/kuechenmesser\/berkel-teknica-filetiermesser-19-cm-rot\/#primaryimage"},"image":{"@id":"https:\/\/dev6.erresse-shop.it\/de\/shop\/kuche\/messer\/kuechenmesser\/berkel-teknica-filetiermesser-19-cm-rot\/#primaryimage"},"thumbnailUrl":"https:\/\/i1.wp.com\/interpim.erresse-shop.it\/Import\/Prodotti\/berkel-teknica-coltello-per-sfilettare-19-cm-rosso.jpg?ssl=1","datePublished":"2026-04-12T10:21:09+00:00","description":"Das Messer f\u00fcr das beste Filet Flexibles und einfach zu handhabendes Messer. Es erm\u00f6glicht Ihnen, das beste Filet zu erhalten, indem Sie der Form des","breadcrumb":{"@id":"https:\/\/dev6.erresse-shop.it\/de\/shop\/kuche\/messer\/kuechenmesser\/berkel-teknica-filetiermesser-19-cm-rot\/#breadcrumb"},"inLanguage":"de","potentialAction":[{"@type":"ReadAction","target":["https:\/\/dev6.erresse-shop.it\/de\/shop\/kuche\/messer\/kuechenmesser\/berkel-teknica-filetiermesser-19-cm-rot\/"]}]},{"@type":"ImageObject","inLanguage":"de","@id":"https:\/\/dev6.erresse-shop.it\/de\/shop\/kuche\/messer\/kuechenmesser\/berkel-teknica-filetiermesser-19-cm-rot\/#primaryimage","url":"https:\/\/i1.wp.com\/interpim.erresse-shop.it\/Import\/Prodotti\/berkel-teknica-coltello-per-sfilettare-19-cm-rosso.jpg?ssl=1","contentUrl":"https:\/\/i1.wp.com\/interpim.erresse-shop.it\/Import\/Prodotti\/berkel-teknica-coltello-per-sfilettare-19-cm-rosso.jpg?ssl=1"},{"@type":"BreadcrumbList","@id":"https:\/\/dev6.erresse-shop.it\/de\/shop\/kuche\/messer\/kuechenmesser\/berkel-teknica-filetiermesser-19-cm-rot\/#breadcrumb","itemListElement":[{"@type":"ListItem","position":1,"name":"Home","item":"https:\/\/dev6.erresse-shop.it\/"},{"@type":"ListItem","position":2,"name":"Shop","item":"https:\/\/dev6.erresse-shop.it\/shop\/"},{"@type":"ListItem","position":3,"name":"BERKEL Teknica Filetiermesser 19 cm Rot"}]},{"@type":"WebSite","@id":"https:\/\/dev6.erresse-shop.it\/#website","url":"https:\/\/dev6.erresse-shop.it\/","name":"Erresse Shop","description":"","publisher":{"@id":"https:\/\/dev6.erresse-shop.it\/#organization"},"potentialAction":[{"@type":"SearchAction","target":{"@type":"EntryPoint","urlTemplate":"https:\/\/dev6.erresse-shop.it\/?s={search_term_string}"},"query-input":{"@type":"PropertyValueSpecification","valueRequired":true,"valueName":"search_term_string"}}],"inLanguage":"de"},{"@type":"Organization","@id":"https:\/\/dev6.erresse-shop.it\/#organization","name":"Erresse Shop","url":"https:\/\/dev6.erresse-shop.it\/","logo":{"@type":"ImageObject","inLanguage":"de","@id":"https:\/\/dev6.erresse-shop.it\/#\/schema\/logo\/image\/","url":"https:\/\/dev6.erresse-shop.it\/wp-content\/uploads\/2025\/01\/LOGO-ERRESSE-CLASSICO.svg","contentUrl":"https:\/\/dev6.erresse-shop.it\/wp-content\/uploads\/2025\/01\/LOGO-ERRESSE-CLASSICO.svg","caption":"Erresse Shop"},"image":{"@id":"https:\/\/dev6.erresse-shop.it\/#\/schema\/logo\/image\/"}}]}},"df_price":84,"df_sale_price":84,"df_regular_price":109,"df_image_link":"https:\/\/i1.wp.com\/interpim.erresse-shop.it\/Import\/Prodotti\/berkel-teknica-coltello-per-sfilettare-19-cm-rosso.jpg?resize=300,300&ssl=1","fifu_image_url":"https:\/\/interpim.erresse-shop.it\/Import\/Prodotti\/berkel-teknica-coltello-per-sfilettare-19-cm-rosso.jpg","_links":{"self":[{"href":"https:\/\/dev6.erresse-shop.it\/de\/wp-json\/wp\/v2\/product\/847531","targetHints":{"allow":["GET"]}}],"collection":[{"href":"https:\/\/dev6.erresse-shop.it\/de\/wp-json\/wp\/v2\/product"}],"about":[{"href":"https:\/\/dev6.erresse-shop.it\/de\/wp-json\/wp\/v2\/types\/product"}],"wp:featuredmedia":[{"embeddable":true,"href":"https:\/\/dev6.erresse-shop.it\/de\/wp-json\/wp\/v2\/media\/6372346"}],"wp:attachment":[{"href":"https:\/\/dev6.erresse-shop.it\/de\/wp-json\/wp\/v2\/media?parent=847531"}],"wp:term":[{"taxonomy":"product_cat","embeddable":true,"href":"https:\/\/dev6.erresse-shop.it\/de\/wp-json\/wp\/v2\/product_cat?post=847531"},{"taxonomy":"product_tag","embeddable":true,"href":"https:\/\/dev6.erresse-shop.it\/de\/wp-json\/wp\/v2\/product_tag?post=847531"}],"curies":[{"name":"wp","href":"https:\/\/api.w.org\/{rel}","templated":true}]}}