{"id":845615,"date":"2026-04-10T12:59:34","date_gmt":"2026-04-10T10:59:34","guid":{"rendered":"https:\/\/dev6.erresse-shop.it\/shop\/unkategorisiert\/seletti-bird-lamp-black-playing-outdoor\/"},"modified":"2025-09-14T02:37:26","modified_gmt":"2025-09-14T00:37:26","slug":"seletti-bird-lamp-black-playing-outdoor","status":"publish","type":"product","link":"https:\/\/dev6.erresse-shop.it\/de\/shop\/kuche\/seletti-bird-lamp-black-playing-outdoor\/","title":{"rendered":"SELETTI Bird Lamp Black Playing OUTDOOR"},"content":{"rendered":"<p>Wie in einem M\u00e4rchen geben drei clevere Raben etwas Licht f\u00fcr Sie, um Ihren eigenen Weg zu finden. Diese freundlichen und originellen V\u00f6gel werden aus Harz in zwei Farbvarianten hergestellt und von Marcantonio in drei verschiedenen Posen entworfen.<\/p>\n<p>Versch\u00f6nern Sie Ihr Zimmer mit Hilfe eines gefiederten Freundes.<\/p>\n<p>Material: resin<br \/>\nSize: cm 33,5 x 11,5 h. 10,5<br \/>\nFor indoor &amp; Outdoor use \u2013 LED Light bulb included<br \/>\nLED E14 \u2013 2W \u2013 120 Lumen \u2013 2200K \u2013 Warm led light<br \/>\nEU\/UK Version: input 230V \u2013 50 Hz<\/p>\n","protected":false},"excerpt":{"rendered":"<p>Wie in einem M\u00e4rchen geben drei clevere Raben etwas Licht f\u00fcr Sie, um Ihren eigenen Weg zu finden. Diese freundlichen und originellen V\u00f6gel werden aus Harz in zwei Farbvarianten hergestellt und von Marcantonio in drei verschiedenen Posen entworfen. Versch\u00f6nern Sie Ihr Zimmer mit Hilfe eines gefiederten Freundes. Material: resin Size: cm 33,5 x 11,5 h. [&hellip;]<\/p>\n","protected":false},"featured_media":6330557,"template":"","meta":{"_acf_changed":false},"product_cat":[12100],"product_tag":[],"class_list":{"0":"post-845615","1":"product","2":"type-product","3":"status-publish","4":"has-post-thumbnail","6":"product_cat-kuche","8":"first","9":"instock","10":"sale","11":"taxable","12":"shipping-taxable","13":"purchasable","14":"product-type-simple","swatches":"rey-swatches","show_selected":"","stretch_labels":"rey-swatches--stretch-labels"},"acf":[],"yoast_head":"<!-- This site is optimized with the Yoast SEO plugin v25.4 - https:\/\/yoast.com\/wordpress\/plugins\/seo\/ -->\n<title>SELETTI Bird Lamp Black Playing OUTDOOR - dev6 Erresse<\/title>\n<meta name=\"description\" content=\"Wie in einem M\u00e4rchen geben drei clevere Raben etwas Licht f\u00fcr Sie, um Ihren eigenen Weg zu finden. Diese freundlichen und originellen V\u00f6gel werden aus\" \/>\n<meta name=\"robots\" content=\"noindex, follow, max-snippet:-1, max-image-preview:large, max-video-preview:-1\" \/>\n<meta property=\"og:locale\" content=\"de_DE\" \/>\n<meta property=\"og:type\" content=\"article\" \/>\n<meta property=\"og:title\" content=\"SELETTI Bird Lamp Black Playing OUTDOOR - dev6 Erresse\" \/>\n<meta property=\"og:description\" content=\"Wie in einem M\u00e4rchen geben drei clevere Raben etwas Licht f\u00fcr Sie, um Ihren eigenen Weg zu finden. Diese freundlichen und originellen V\u00f6gel werden aus\" \/>\n<meta property=\"og:url\" content=\"https:\/\/dev6.erresse-shop.it\/de\/shop\/kuche\/seletti-bird-lamp-black-playing-outdoor\/\" \/>\n<meta property=\"og:site_name\" content=\"dev6 Erresse\" \/>\n<meta property=\"og:image\" content=\"https:\/\/interpim.erresse-shop.it\/Import\/Prodotti\/14736.jpg\" \/><meta property=\"og:image\" content=\"https:\/\/interpim.erresse-shop.it\/Import\/Prodotti\/14736.jpg\" \/>\n\t<meta property=\"og:image:width\" content=\"1024\" \/>\n\t<meta property=\"og:image:height\" content=\"1024\" \/>\n\t<meta property=\"og:image:type\" content=\"image\/jpeg\" \/>\n<meta name=\"twitter:card\" content=\"summary_large_image\" \/>\n<meta name=\"twitter:image\" content=\"https:\/\/interpim.erresse-shop.it\/Import\/Prodotti\/14736.jpg\" \/>\n<script type=\"application\/ld+json\" class=\"yoast-schema-graph\">{\"@context\":\"https:\/\/schema.org\",\"@graph\":[{\"@type\":\"WebPage\",\"@id\":\"https:\/\/dev6.erresse-shop.it\/de\/shop\/kuche\/seletti-bird-lamp-black-playing-outdoor\/\",\"url\":\"https:\/\/dev6.erresse-shop.it\/de\/shop\/kuche\/seletti-bird-lamp-black-playing-outdoor\/\",\"name\":\"SELETTI Bird Lamp Black Playing OUTDOOR - dev6 Erresse\",\"isPartOf\":{\"@id\":\"https:\/\/dev6.erresse-shop.it\/#website\"},\"primaryImageOfPage\":{\"@id\":\"https:\/\/dev6.erresse-shop.it\/de\/shop\/kuche\/seletti-bird-lamp-black-playing-outdoor\/#primaryimage\"},\"image\":{\"@id\":\"https:\/\/dev6.erresse-shop.it\/de\/shop\/kuche\/seletti-bird-lamp-black-playing-outdoor\/#primaryimage\"},\"thumbnailUrl\":\"https:\/\/i1.wp.com\/interpim.erresse-shop.it\/Import\/Prodotti\/14736.jpg?ssl=1\",\"datePublished\":\"2026-04-10T10:59:34+00:00\",\"description\":\"Wie in einem M\u00e4rchen geben drei clevere Raben etwas Licht f\u00fcr Sie, um Ihren eigenen Weg zu finden. Diese freundlichen und originellen V\u00f6gel werden aus\",\"breadcrumb\":{\"@id\":\"https:\/\/dev6.erresse-shop.it\/de\/shop\/kuche\/seletti-bird-lamp-black-playing-outdoor\/#breadcrumb\"},\"inLanguage\":\"de\",\"potentialAction\":[{\"@type\":\"ReadAction\",\"target\":[\"https:\/\/dev6.erresse-shop.it\/de\/shop\/kuche\/seletti-bird-lamp-black-playing-outdoor\/\"]}]},{\"@type\":\"ImageObject\",\"inLanguage\":\"de\",\"@id\":\"https:\/\/dev6.erresse-shop.it\/de\/shop\/kuche\/seletti-bird-lamp-black-playing-outdoor\/#primaryimage\",\"url\":\"https:\/\/i1.wp.com\/interpim.erresse-shop.it\/Import\/Prodotti\/14736.jpg?ssl=1\",\"contentUrl\":\"https:\/\/i1.wp.com\/interpim.erresse-shop.it\/Import\/Prodotti\/14736.jpg?ssl=1\"},{\"@type\":\"BreadcrumbList\",\"@id\":\"https:\/\/dev6.erresse-shop.it\/de\/shop\/kuche\/seletti-bird-lamp-black-playing-outdoor\/#breadcrumb\",\"itemListElement\":[{\"@type\":\"ListItem\",\"position\":1,\"name\":\"Home\",\"item\":\"https:\/\/dev6.erresse-shop.it\/\"},{\"@type\":\"ListItem\",\"position\":2,\"name\":\"Shop\",\"item\":\"https:\/\/dev6.erresse-shop.it\/shop\/\"},{\"@type\":\"ListItem\",\"position\":3,\"name\":\"SELETTI Bird Lamp Black Playing OUTDOOR\"}]},{\"@type\":\"WebSite\",\"@id\":\"https:\/\/dev6.erresse-shop.it\/#website\",\"url\":\"https:\/\/dev6.erresse-shop.it\/\",\"name\":\"Erresse Shop\",\"description\":\"\",\"publisher\":{\"@id\":\"https:\/\/dev6.erresse-shop.it\/#organization\"},\"potentialAction\":[{\"@type\":\"SearchAction\",\"target\":{\"@type\":\"EntryPoint\",\"urlTemplate\":\"https:\/\/dev6.erresse-shop.it\/?s={search_term_string}\"},\"query-input\":{\"@type\":\"PropertyValueSpecification\",\"valueRequired\":true,\"valueName\":\"search_term_string\"}}],\"inLanguage\":\"de\"},{\"@type\":\"Organization\",\"@id\":\"https:\/\/dev6.erresse-shop.it\/#organization\",\"name\":\"Erresse Shop\",\"url\":\"https:\/\/dev6.erresse-shop.it\/\",\"logo\":{\"@type\":\"ImageObject\",\"inLanguage\":\"de\",\"@id\":\"https:\/\/dev6.erresse-shop.it\/#\/schema\/logo\/image\/\",\"url\":\"https:\/\/dev6.erresse-shop.it\/wp-content\/uploads\/2025\/01\/LOGO-ERRESSE-CLASSICO.svg\",\"contentUrl\":\"https:\/\/dev6.erresse-shop.it\/wp-content\/uploads\/2025\/01\/LOGO-ERRESSE-CLASSICO.svg\",\"caption\":\"Erresse Shop\"},\"image\":{\"@id\":\"https:\/\/dev6.erresse-shop.it\/#\/schema\/logo\/image\/\"}}]}<\/script>\n<!-- \/ Yoast SEO plugin. -->","yoast_head_json":{"title":"SELETTI Bird Lamp Black Playing OUTDOOR - dev6 Erresse","description":"Wie in einem M\u00e4rchen geben drei clevere Raben etwas Licht f\u00fcr Sie, um Ihren eigenen Weg zu finden. Diese freundlichen und originellen V\u00f6gel werden aus","robots":{"index":"noindex","follow":"follow","max-snippet":"max-snippet:-1","max-image-preview":"max-image-preview:large","max-video-preview":"max-video-preview:-1"},"og_locale":"de_DE","og_type":"article","og_title":"SELETTI Bird Lamp Black Playing OUTDOOR - dev6 Erresse","og_description":"Wie in einem M\u00e4rchen geben drei clevere Raben etwas Licht f\u00fcr Sie, um Ihren eigenen Weg zu finden. Diese freundlichen und originellen V\u00f6gel werden aus","og_url":"https:\/\/dev6.erresse-shop.it\/de\/shop\/kuche\/seletti-bird-lamp-black-playing-outdoor\/","og_site_name":"dev6 Erresse","og_image":[{"url":"https:\/\/interpim.erresse-shop.it\/Import\/Prodotti\/14736.jpg","type":"","width":"","height":""},{"url":"https:\/\/interpim.erresse-shop.it\/Import\/Prodotti\/14736.jpg","width":1024,"height":1024,"type":"image\/jpeg"}],"twitter_card":"summary_large_image","twitter_image":"https:\/\/interpim.erresse-shop.it\/Import\/Prodotti\/14736.jpg","schema":{"@context":"https:\/\/schema.org","@graph":[{"@type":"WebPage","@id":"https:\/\/dev6.erresse-shop.it\/de\/shop\/kuche\/seletti-bird-lamp-black-playing-outdoor\/","url":"https:\/\/dev6.erresse-shop.it\/de\/shop\/kuche\/seletti-bird-lamp-black-playing-outdoor\/","name":"SELETTI Bird Lamp Black Playing OUTDOOR - dev6 Erresse","isPartOf":{"@id":"https:\/\/dev6.erresse-shop.it\/#website"},"primaryImageOfPage":{"@id":"https:\/\/dev6.erresse-shop.it\/de\/shop\/kuche\/seletti-bird-lamp-black-playing-outdoor\/#primaryimage"},"image":{"@id":"https:\/\/dev6.erresse-shop.it\/de\/shop\/kuche\/seletti-bird-lamp-black-playing-outdoor\/#primaryimage"},"thumbnailUrl":"https:\/\/i1.wp.com\/interpim.erresse-shop.it\/Import\/Prodotti\/14736.jpg?ssl=1","datePublished":"2026-04-10T10:59:34+00:00","description":"Wie in einem M\u00e4rchen geben drei clevere Raben etwas Licht f\u00fcr Sie, um Ihren eigenen Weg zu finden. Diese freundlichen und originellen V\u00f6gel werden aus","breadcrumb":{"@id":"https:\/\/dev6.erresse-shop.it\/de\/shop\/kuche\/seletti-bird-lamp-black-playing-outdoor\/#breadcrumb"},"inLanguage":"de","potentialAction":[{"@type":"ReadAction","target":["https:\/\/dev6.erresse-shop.it\/de\/shop\/kuche\/seletti-bird-lamp-black-playing-outdoor\/"]}]},{"@type":"ImageObject","inLanguage":"de","@id":"https:\/\/dev6.erresse-shop.it\/de\/shop\/kuche\/seletti-bird-lamp-black-playing-outdoor\/#primaryimage","url":"https:\/\/i1.wp.com\/interpim.erresse-shop.it\/Import\/Prodotti\/14736.jpg?ssl=1","contentUrl":"https:\/\/i1.wp.com\/interpim.erresse-shop.it\/Import\/Prodotti\/14736.jpg?ssl=1"},{"@type":"BreadcrumbList","@id":"https:\/\/dev6.erresse-shop.it\/de\/shop\/kuche\/seletti-bird-lamp-black-playing-outdoor\/#breadcrumb","itemListElement":[{"@type":"ListItem","position":1,"name":"Home","item":"https:\/\/dev6.erresse-shop.it\/"},{"@type":"ListItem","position":2,"name":"Shop","item":"https:\/\/dev6.erresse-shop.it\/shop\/"},{"@type":"ListItem","position":3,"name":"SELETTI Bird Lamp Black Playing OUTDOOR"}]},{"@type":"WebSite","@id":"https:\/\/dev6.erresse-shop.it\/#website","url":"https:\/\/dev6.erresse-shop.it\/","name":"Erresse Shop","description":"","publisher":{"@id":"https:\/\/dev6.erresse-shop.it\/#organization"},"potentialAction":[{"@type":"SearchAction","target":{"@type":"EntryPoint","urlTemplate":"https:\/\/dev6.erresse-shop.it\/?s={search_term_string}"},"query-input":{"@type":"PropertyValueSpecification","valueRequired":true,"valueName":"search_term_string"}}],"inLanguage":"de"},{"@type":"Organization","@id":"https:\/\/dev6.erresse-shop.it\/#organization","name":"Erresse Shop","url":"https:\/\/dev6.erresse-shop.it\/","logo":{"@type":"ImageObject","inLanguage":"de","@id":"https:\/\/dev6.erresse-shop.it\/#\/schema\/logo\/image\/","url":"https:\/\/dev6.erresse-shop.it\/wp-content\/uploads\/2025\/01\/LOGO-ERRESSE-CLASSICO.svg","contentUrl":"https:\/\/dev6.erresse-shop.it\/wp-content\/uploads\/2025\/01\/LOGO-ERRESSE-CLASSICO.svg","caption":"Erresse Shop"},"image":{"@id":"https:\/\/dev6.erresse-shop.it\/#\/schema\/logo\/image\/"}}]}},"df_price":139.95,"df_sale_price":139.95,"df_regular_price":168,"df_image_link":"https:\/\/i1.wp.com\/interpim.erresse-shop.it\/Import\/Prodotti\/14736.jpg?resize=300,300&ssl=1","fifu_image_url":"https:\/\/interpim.erresse-shop.it\/Import\/Prodotti\/14736.jpg","_links":{"self":[{"href":"https:\/\/dev6.erresse-shop.it\/de\/wp-json\/wp\/v2\/product\/845615","targetHints":{"allow":["GET"]}}],"collection":[{"href":"https:\/\/dev6.erresse-shop.it\/de\/wp-json\/wp\/v2\/product"}],"about":[{"href":"https:\/\/dev6.erresse-shop.it\/de\/wp-json\/wp\/v2\/types\/product"}],"wp:featuredmedia":[{"embeddable":true,"href":"https:\/\/dev6.erresse-shop.it\/de\/wp-json\/wp\/v2\/media\/6330557"}],"wp:attachment":[{"href":"https:\/\/dev6.erresse-shop.it\/de\/wp-json\/wp\/v2\/media?parent=845615"}],"wp:term":[{"taxonomy":"product_cat","embeddable":true,"href":"https:\/\/dev6.erresse-shop.it\/de\/wp-json\/wp\/v2\/product_cat?post=845615"},{"taxonomy":"product_tag","embeddable":true,"href":"https:\/\/dev6.erresse-shop.it\/de\/wp-json\/wp\/v2\/product_tag?post=845615"}],"curies":[{"name":"wp","href":"https:\/\/api.w.org\/{rel}","templated":true}]}}