{"id":845469,"date":"2026-04-12T12:21:09","date_gmt":"2026-04-12T10:21:09","guid":{"rendered":"https:\/\/dev6.erresse-shop.it\/shop\/unkategorisiert\/dualit-classic-jug-kettle-17-l\/"},"modified":"2025-09-14T02:37:14","modified_gmt":"2025-09-14T00:37:14","slug":"dualit-classic-jug-kettle-17-l","status":"publish","type":"product","link":"https:\/\/dev6.erresse-shop.it\/de\/shop\/kuche\/dualit-classic-jug-kettle-17-l\/","title":{"rendered":"DUALIT Classic Jug Kettle 1,7 L"},"content":{"rendered":"<p>Der mehrfach patentierte Classic Kettle verf\u00fcgt \u00fcber ein bahnbrechendes, austauschbares Element, das die Lebensdauer erheblich verl\u00e4ngert, w\u00e4hrend der Whisper Boil \u2122 drastisch unerw\u00fcnschtes Siedeger\u00e4usch reduziert. Der Dualit Classic Wasserkocher ist in einer Auswahl von Ausf\u00fchrungen erh\u00e4ltlich * und ist mit einem superfast 3KW Element ausgestattet, was f\u00fcr eine schnelle Siedezeit sorgt. Zwei Messfenster mit Cup-Level und Liter-Indikatoren helfen Ihnen, nur die Menge an Wasser zu kochen, die von einer Tasse bis 1,7 Liter ben\u00f6tigt wird.<\/p>\n<p>Patentiertes reparierbares Element<br \/>\nDieser Dualit Classic Kessel ist wirklich zum Letzten gebaut. Ausgestattet mit einem revolution\u00e4ren, patentierten, austauschbaren Element ist die Lebensdauer Ihres Kessels stark erweitert.<\/p>\n<p>Dual Windows<br \/>\nDer Dualit Classic Kessel ist mit zwei verschiedenen Messfenstern geschickt gestaltet. F\u00fcr begeisterte Teetrinker, eine Seite verf\u00fcgt \u00fcber eine Tasse F\u00fcllstandsanzeige und die andere Seite misst das Wasser in Liter.<\/p>\n<p>Patentierte Whisper Boil \u2122 Funktion<br \/>\nDer Klassische Kessel ist der leiseste Kessel, den Dualit entworfen hat. Es wurde mit der Ruhige Mark \u2013 dem internationalen Zeichen der Genehmigung von der Noise Abatement Society \u2013 ausgezeichnet.<\/p>\n<p>Produktgr\u00f6\u00dfe:<\/p>\n<p>Gewicht: 1.61KG, Breite: 15.4cm, Tiefe: 23.5cm, H\u00f6he: 28.08<br \/>\nKapazit\u00e4t:<\/p>\n<p>1,7 Liter<br \/>\n** Durchschnittlicher Klassischer Kessel Boiling Times:<\/p>\n<p>1 Schale (250ml): 00:48<br \/>\n2 Cup (500ml): 01:22<br \/>\n4 Cup (1000ml): 02:14<br \/>\n6 Tassen (1500ml): 03:30<br \/>\n1.7L Max (1700ml): 03:50<br \/>\n** Pr\u00fcfungen mit Raumtemperatur Wasser durchgef\u00fchrt<br \/>\nEigenschaften<\/p>\n<p>Ergonomischer Silikongriffgriff. Hochwertiger Edelstahl mit Silikongriff f\u00fcr Komfort<br \/>\nDer pr\u00e4zise entwickelte Pure Pour \u2122, der nicht tropfte Auslauf verhindert, dass Wasser auf den Kessel oder die Arbeitsfl\u00e4che tropft<br \/>\nLanglebiger Klappdeckel f\u00fcr unsere Langlebigkeit und Zuverl\u00e4ssigkeit unserer Marke, mit hitzebest\u00e4ndigem Ring und Fingerschutz<br \/>\nPatentierte Anti-Wobble-F\u00fc\u00dfe f\u00fcr erh\u00f6hte Stabilit\u00e4t auf Arbeitsfl\u00e4chen beim Kochen<br \/>\nIntegrierte Schnur Lagerung, um Ihre Arbeit Oberfl\u00e4che sauber zu halten<br \/>\nAbnehmbarer, waschbarer Kalkfilter<br \/>\nSchnurloser Betrieb mit 360 \u00b0 schwenkbarem Sockel<br \/>\nTrockene Sicherheitsabschaltung<br \/>\nSuperfast 3KW Element<br \/>\nEntworfen und konstruiert in Gro\u00dfbritannien<br \/>\nKupfer Finish<\/p>\n<p>* Aufgrund der verwendeten Lackierverfahren ist eine Farbvariation auf Kupfer-Finish-Produkten m\u00f6glich und kann nicht zu 100% entsprechen.<\/p>\n<p>AWARD GEWINNEN<\/p>\n<p>Exzellenz in Housewares Awards Gewinner<br \/>\nWir freuen uns, Ihnen mitteilen zu k\u00f6nnen, dass der Dualit Classic Kessel in Copper die Excellence in Housewares Awards 2015 gewonnen hat.<\/p>\n<p>Der klassische Kessel von Dualit hat die Ruhige Markierung verliehen<br \/>\nDer Klassische Kessel ist der leiseste Kessel, den Dualit entworfen hat. Es wurde mit der Ruhige Mark \u2013 dem internationalen Zeichen der Genehmigung von der Noise Abatement Society \u2013 ausgezeichnet. So k\u00f6nnen Sie sicher sein, dass der Dualit Classic Kessel einer der leisesten ist, die Sie kaufen k\u00f6nnen.<\/p>\n<p>MADE IN UK<\/p>\n<p>Italienisch Garantie<\/p>\n<p>Not for sale outside from Europe<\/p>\n","protected":false},"excerpt":{"rendered":"<p>Der mehrfach patentierte Classic Kettle verf\u00fcgt \u00fcber ein bahnbrechendes, austauschbares Element, das die Lebensdauer erheblich verl\u00e4ngert, w\u00e4hrend der Whisper Boil \u2122 drastisch unerw\u00fcnschtes Siedeger\u00e4usch reduziert. Der Dualit Classic Wasserkocher ist in einer Auswahl von Ausf\u00fchrungen erh\u00e4ltlich * und ist mit einem superfast 3KW Element ausgestattet, was f\u00fcr eine schnelle Siedezeit sorgt. Zwei Messfenster mit Cup-Level [&hellip;]<\/p>\n","protected":false},"featured_media":6372150,"template":"","meta":{"_acf_changed":false},"product_cat":[12100],"product_tag":[],"class_list":{"0":"post-845469","1":"product","2":"type-product","3":"status-publish","4":"has-post-thumbnail","6":"product_cat-kuche","8":"first","9":"instock","10":"sale","11":"taxable","12":"shipping-taxable","13":"purchasable","14":"product-type-simple","swatches":"rey-swatches","show_selected":"","stretch_labels":"rey-swatches--stretch-labels"},"acf":[],"yoast_head":"<!-- This site is optimized with the Yoast SEO plugin v25.4 - https:\/\/yoast.com\/wordpress\/plugins\/seo\/ -->\n<title>DUALIT Classic Jug Kettle 1,7 L - dev6 Erresse<\/title>\n<meta name=\"description\" content=\"Der mehrfach patentierte Classic Kettle verf\u00fcgt \u00fcber ein bahnbrechendes, austauschbares Element, das die Lebensdauer erheblich verl\u00e4ngert, w\u00e4hrend der\" \/>\n<meta name=\"robots\" content=\"noindex, follow, max-snippet:-1, max-image-preview:large, max-video-preview:-1\" \/>\n<meta property=\"og:locale\" content=\"de_DE\" \/>\n<meta property=\"og:type\" content=\"article\" \/>\n<meta property=\"og:title\" content=\"DUALIT Classic Jug Kettle 1,7 L - dev6 Erresse\" \/>\n<meta property=\"og:description\" content=\"Der mehrfach patentierte Classic Kettle verf\u00fcgt \u00fcber ein bahnbrechendes, austauschbares Element, das die Lebensdauer erheblich verl\u00e4ngert, w\u00e4hrend der\" \/>\n<meta property=\"og:url\" content=\"https:\/\/dev6.erresse-shop.it\/de\/shop\/kuche\/dualit-classic-jug-kettle-17-l\/\" \/>\n<meta property=\"og:site_name\" content=\"dev6 Erresse\" \/>\n<meta property=\"og:image\" content=\"https:\/\/interpim.erresse-shop.it\/Import\/Prodotti\/products-72835.jpg\" \/><meta property=\"og:image\" content=\"https:\/\/interpim.erresse-shop.it\/Import\/Prodotti\/products-72835.jpg\" \/>\n\t<meta property=\"og:image:width\" content=\"1024\" \/>\n\t<meta property=\"og:image:height\" content=\"1024\" \/>\n\t<meta property=\"og:image:type\" content=\"image\/jpeg\" \/>\n<meta name=\"twitter:card\" content=\"summary_large_image\" \/>\n<meta name=\"twitter:image\" content=\"https:\/\/interpim.erresse-shop.it\/Import\/Prodotti\/products-72835.jpg\" \/>\n<script type=\"application\/ld+json\" class=\"yoast-schema-graph\">{\"@context\":\"https:\/\/schema.org\",\"@graph\":[{\"@type\":\"WebPage\",\"@id\":\"https:\/\/dev6.erresse-shop.it\/de\/shop\/kuche\/dualit-classic-jug-kettle-17-l\/\",\"url\":\"https:\/\/dev6.erresse-shop.it\/de\/shop\/kuche\/dualit-classic-jug-kettle-17-l\/\",\"name\":\"DUALIT Classic Jug Kettle 1,7 L - dev6 Erresse\",\"isPartOf\":{\"@id\":\"https:\/\/dev6.erresse-shop.it\/#website\"},\"primaryImageOfPage\":{\"@id\":\"https:\/\/dev6.erresse-shop.it\/de\/shop\/kuche\/dualit-classic-jug-kettle-17-l\/#primaryimage\"},\"image\":{\"@id\":\"https:\/\/dev6.erresse-shop.it\/de\/shop\/kuche\/dualit-classic-jug-kettle-17-l\/#primaryimage\"},\"thumbnailUrl\":\"https:\/\/i2.wp.com\/interpim.erresse-shop.it\/Import\/Prodotti\/products-72835.jpg?ssl=1\",\"datePublished\":\"2026-04-12T10:21:09+00:00\",\"description\":\"Der mehrfach patentierte Classic Kettle verf\u00fcgt \u00fcber ein bahnbrechendes, austauschbares Element, das die Lebensdauer erheblich verl\u00e4ngert, w\u00e4hrend der\",\"breadcrumb\":{\"@id\":\"https:\/\/dev6.erresse-shop.it\/de\/shop\/kuche\/dualit-classic-jug-kettle-17-l\/#breadcrumb\"},\"inLanguage\":\"de\",\"potentialAction\":[{\"@type\":\"ReadAction\",\"target\":[\"https:\/\/dev6.erresse-shop.it\/de\/shop\/kuche\/dualit-classic-jug-kettle-17-l\/\"]}]},{\"@type\":\"ImageObject\",\"inLanguage\":\"de\",\"@id\":\"https:\/\/dev6.erresse-shop.it\/de\/shop\/kuche\/dualit-classic-jug-kettle-17-l\/#primaryimage\",\"url\":\"https:\/\/i2.wp.com\/interpim.erresse-shop.it\/Import\/Prodotti\/products-72835.jpg?ssl=1\",\"contentUrl\":\"https:\/\/i2.wp.com\/interpim.erresse-shop.it\/Import\/Prodotti\/products-72835.jpg?ssl=1\"},{\"@type\":\"BreadcrumbList\",\"@id\":\"https:\/\/dev6.erresse-shop.it\/de\/shop\/kuche\/dualit-classic-jug-kettle-17-l\/#breadcrumb\",\"itemListElement\":[{\"@type\":\"ListItem\",\"position\":1,\"name\":\"Home\",\"item\":\"https:\/\/dev6.erresse-shop.it\/\"},{\"@type\":\"ListItem\",\"position\":2,\"name\":\"Shop\",\"item\":\"https:\/\/dev6.erresse-shop.it\/shop\/\"},{\"@type\":\"ListItem\",\"position\":3,\"name\":\"DUALIT Classic Jug Kettle 1,7 L\"}]},{\"@type\":\"WebSite\",\"@id\":\"https:\/\/dev6.erresse-shop.it\/#website\",\"url\":\"https:\/\/dev6.erresse-shop.it\/\",\"name\":\"Erresse Shop\",\"description\":\"\",\"publisher\":{\"@id\":\"https:\/\/dev6.erresse-shop.it\/#organization\"},\"potentialAction\":[{\"@type\":\"SearchAction\",\"target\":{\"@type\":\"EntryPoint\",\"urlTemplate\":\"https:\/\/dev6.erresse-shop.it\/?s={search_term_string}\"},\"query-input\":{\"@type\":\"PropertyValueSpecification\",\"valueRequired\":true,\"valueName\":\"search_term_string\"}}],\"inLanguage\":\"de\"},{\"@type\":\"Organization\",\"@id\":\"https:\/\/dev6.erresse-shop.it\/#organization\",\"name\":\"Erresse Shop\",\"url\":\"https:\/\/dev6.erresse-shop.it\/\",\"logo\":{\"@type\":\"ImageObject\",\"inLanguage\":\"de\",\"@id\":\"https:\/\/dev6.erresse-shop.it\/#\/schema\/logo\/image\/\",\"url\":\"https:\/\/dev6.erresse-shop.it\/wp-content\/uploads\/2025\/01\/LOGO-ERRESSE-CLASSICO.svg\",\"contentUrl\":\"https:\/\/dev6.erresse-shop.it\/wp-content\/uploads\/2025\/01\/LOGO-ERRESSE-CLASSICO.svg\",\"caption\":\"Erresse Shop\"},\"image\":{\"@id\":\"https:\/\/dev6.erresse-shop.it\/#\/schema\/logo\/image\/\"}}]}<\/script>\n<!-- \/ Yoast SEO plugin. -->","yoast_head_json":{"title":"DUALIT Classic Jug Kettle 1,7 L - dev6 Erresse","description":"Der mehrfach patentierte Classic Kettle verf\u00fcgt \u00fcber ein bahnbrechendes, austauschbares Element, das die Lebensdauer erheblich verl\u00e4ngert, w\u00e4hrend der","robots":{"index":"noindex","follow":"follow","max-snippet":"max-snippet:-1","max-image-preview":"max-image-preview:large","max-video-preview":"max-video-preview:-1"},"og_locale":"de_DE","og_type":"article","og_title":"DUALIT Classic Jug Kettle 1,7 L - dev6 Erresse","og_description":"Der mehrfach patentierte Classic Kettle verf\u00fcgt \u00fcber ein bahnbrechendes, austauschbares Element, das die Lebensdauer erheblich verl\u00e4ngert, w\u00e4hrend der","og_url":"https:\/\/dev6.erresse-shop.it\/de\/shop\/kuche\/dualit-classic-jug-kettle-17-l\/","og_site_name":"dev6 Erresse","og_image":[{"url":"https:\/\/interpim.erresse-shop.it\/Import\/Prodotti\/products-72835.jpg","type":"","width":"","height":""},{"url":"https:\/\/interpim.erresse-shop.it\/Import\/Prodotti\/products-72835.jpg","width":1024,"height":1024,"type":"image\/jpeg"}],"twitter_card":"summary_large_image","twitter_image":"https:\/\/interpim.erresse-shop.it\/Import\/Prodotti\/products-72835.jpg","schema":{"@context":"https:\/\/schema.org","@graph":[{"@type":"WebPage","@id":"https:\/\/dev6.erresse-shop.it\/de\/shop\/kuche\/dualit-classic-jug-kettle-17-l\/","url":"https:\/\/dev6.erresse-shop.it\/de\/shop\/kuche\/dualit-classic-jug-kettle-17-l\/","name":"DUALIT Classic Jug Kettle 1,7 L - dev6 Erresse","isPartOf":{"@id":"https:\/\/dev6.erresse-shop.it\/#website"},"primaryImageOfPage":{"@id":"https:\/\/dev6.erresse-shop.it\/de\/shop\/kuche\/dualit-classic-jug-kettle-17-l\/#primaryimage"},"image":{"@id":"https:\/\/dev6.erresse-shop.it\/de\/shop\/kuche\/dualit-classic-jug-kettle-17-l\/#primaryimage"},"thumbnailUrl":"https:\/\/i2.wp.com\/interpim.erresse-shop.it\/Import\/Prodotti\/products-72835.jpg?ssl=1","datePublished":"2026-04-12T10:21:09+00:00","description":"Der mehrfach patentierte Classic Kettle verf\u00fcgt \u00fcber ein bahnbrechendes, austauschbares Element, das die Lebensdauer erheblich verl\u00e4ngert, w\u00e4hrend der","breadcrumb":{"@id":"https:\/\/dev6.erresse-shop.it\/de\/shop\/kuche\/dualit-classic-jug-kettle-17-l\/#breadcrumb"},"inLanguage":"de","potentialAction":[{"@type":"ReadAction","target":["https:\/\/dev6.erresse-shop.it\/de\/shop\/kuche\/dualit-classic-jug-kettle-17-l\/"]}]},{"@type":"ImageObject","inLanguage":"de","@id":"https:\/\/dev6.erresse-shop.it\/de\/shop\/kuche\/dualit-classic-jug-kettle-17-l\/#primaryimage","url":"https:\/\/i2.wp.com\/interpim.erresse-shop.it\/Import\/Prodotti\/products-72835.jpg?ssl=1","contentUrl":"https:\/\/i2.wp.com\/interpim.erresse-shop.it\/Import\/Prodotti\/products-72835.jpg?ssl=1"},{"@type":"BreadcrumbList","@id":"https:\/\/dev6.erresse-shop.it\/de\/shop\/kuche\/dualit-classic-jug-kettle-17-l\/#breadcrumb","itemListElement":[{"@type":"ListItem","position":1,"name":"Home","item":"https:\/\/dev6.erresse-shop.it\/"},{"@type":"ListItem","position":2,"name":"Shop","item":"https:\/\/dev6.erresse-shop.it\/shop\/"},{"@type":"ListItem","position":3,"name":"DUALIT Classic Jug Kettle 1,7 L"}]},{"@type":"WebSite","@id":"https:\/\/dev6.erresse-shop.it\/#website","url":"https:\/\/dev6.erresse-shop.it\/","name":"Erresse Shop","description":"","publisher":{"@id":"https:\/\/dev6.erresse-shop.it\/#organization"},"potentialAction":[{"@type":"SearchAction","target":{"@type":"EntryPoint","urlTemplate":"https:\/\/dev6.erresse-shop.it\/?s={search_term_string}"},"query-input":{"@type":"PropertyValueSpecification","valueRequired":true,"valueName":"search_term_string"}}],"inLanguage":"de"},{"@type":"Organization","@id":"https:\/\/dev6.erresse-shop.it\/#organization","name":"Erresse Shop","url":"https:\/\/dev6.erresse-shop.it\/","logo":{"@type":"ImageObject","inLanguage":"de","@id":"https:\/\/dev6.erresse-shop.it\/#\/schema\/logo\/image\/","url":"https:\/\/dev6.erresse-shop.it\/wp-content\/uploads\/2025\/01\/LOGO-ERRESSE-CLASSICO.svg","contentUrl":"https:\/\/dev6.erresse-shop.it\/wp-content\/uploads\/2025\/01\/LOGO-ERRESSE-CLASSICO.svg","caption":"Erresse Shop"},"image":{"@id":"https:\/\/dev6.erresse-shop.it\/#\/schema\/logo\/image\/"}}]}},"df_price":219,"df_sale_price":219,"df_regular_price":269.9,"df_image_link":"https:\/\/i2.wp.com\/interpim.erresse-shop.it\/Import\/Prodotti\/products-72835.jpg?resize=300,300&ssl=1","fifu_image_url":"https:\/\/interpim.erresse-shop.it\/Import\/Prodotti\/products-72835.jpg","_links":{"self":[{"href":"https:\/\/dev6.erresse-shop.it\/de\/wp-json\/wp\/v2\/product\/845469","targetHints":{"allow":["GET"]}}],"collection":[{"href":"https:\/\/dev6.erresse-shop.it\/de\/wp-json\/wp\/v2\/product"}],"about":[{"href":"https:\/\/dev6.erresse-shop.it\/de\/wp-json\/wp\/v2\/types\/product"}],"wp:featuredmedia":[{"embeddable":true,"href":"https:\/\/dev6.erresse-shop.it\/de\/wp-json\/wp\/v2\/media\/6372150"}],"wp:attachment":[{"href":"https:\/\/dev6.erresse-shop.it\/de\/wp-json\/wp\/v2\/media?parent=845469"}],"wp:term":[{"taxonomy":"product_cat","embeddable":true,"href":"https:\/\/dev6.erresse-shop.it\/de\/wp-json\/wp\/v2\/product_cat?post=845469"},{"taxonomy":"product_tag","embeddable":true,"href":"https:\/\/dev6.erresse-shop.it\/de\/wp-json\/wp\/v2\/product_tag?post=845469"}],"curies":[{"name":"wp","href":"https:\/\/api.w.org\/{rel}","templated":true}]}}