{"id":845446,"date":"2026-04-12T12:21:09","date_gmt":"2026-04-12T10:21:09","guid":{"rendered":"https:\/\/dev6.erresse-shop.it\/shop\/unkategorisiert\/smeg-knetmaschine-smf02-pastellgruen-serie-50-jahre\/"},"modified":"2025-07-04T14:33:45","modified_gmt":"2025-07-04T12:33:45","slug":"smeg-knetmaschine-smf02-pastellgruen-serie-50-jahre","status":"publish","type":"product","link":"https:\/\/dev6.erresse-shop.it\/de\/shop\/kleine-elektrogeraete\/knetmaschinen\/smeg-knetmaschine-smf02-pastellgruen-serie-50-jahre\/","title":{"rendered":"SMEG Knetmaschine SMF02 Pastellgr\u00fcn Serie 50 Jahre"},"content":{"rendered":"<p>SMEG Serie 50 Jahre<\/p>\n<p>Ein symbolisches Treffen, Symbole, die den Raum, den sie einnehmen, die neue kleine Linie von 50 Jahren drehen, die in Zusammenarbeit mit Matthew Bazzicalupo und Raffaella Mangiarotti von deepdesign, die Vergangenheit evozieren und die Orte, an jedem Tag zu gestalten, auf eine neue Weise zu investieren, was bereits existiert oder existiert hat, wie es in der Kunst und Ged\u00e4chtnis geschieht.<br \/>\nProduziert von abgerundeten und kompakten Formen, sind die Protagonisten der K\u00fcche, f\u00fcr diejenigen, die eine Erfahrung Koch leben wollen aber nicht nur. F\u00fcr diejenigen, die sich mit Objekten mit einer starken \u00e4sthetischen Charakter zu umgeben, wie ohne den Blick f\u00fcr die qualitativ hochwertige Leistung zu verlieren.<\/p>\n<p>Knetmaschine SMF02<\/p>\n<p>Produkt von den Auszeichnungen Good Design verliehen 2014<br \/>\ndurch den iF Product Design Award 2015<\/p>\n<p>\u00c4sthetik<br \/>\nAluminium-Gussk\u00f6rper<br \/>\nZink-Legierung Basis mit Angriff Edelstahlsch\u00fcssel<br \/>\nGeschwindigkeitseinstellhebel Knopf in Edelstahl<\/p>\n<p>Technische Eigenschaften<br \/>\nPlanetenbewegung<br \/>\nMotor Direktantrieb<br \/>\nSicherheitsmotorblock mit dem Kopf angehoben<br \/>\nMotor\u00fcberlastschutz<br \/>\nFrontalangriff durch optionales Zubeh\u00f6r Anwendung<br \/>\nPoliertes Edelstahlsch\u00fcssel mit Griff<br \/>\nErgonomische 4,8 Lt<br \/>\nAnti-Rutsch-F\u00fc\u00dfe<br \/>\nLeistung 800 W<\/p>\n<p>Funktionen<br \/>\n10 Geschwindigkeitsstufen mit Sanftanlauf-Funktion<\/p>\n<p>Kapazit\u00e4t<br \/>\nMax VE 12 Wei\u00df \/ min 3<br \/>\nTeig f\u00fcr Kuchen max 2,8 Kg<br \/>\nTeig f\u00fcr Brot \/ Pizza \/ Pasta max 1,3 kg<br \/>\nSchlagsahne max 1L<\/p>\n<p>Zubeh\u00f6r<br \/>\nSMWW01 Draht Peitsche in Edelstahl<br \/>\nSMFB01 flache Aluminium Peitsche<br \/>\nSMDH01 Aluminium Knethaken<br \/>\nSMB401 4,8-Liter-Edelstahlsch\u00fcssel<br \/>\nSMPS01 Abdeckung Gie\u00dfen Spritzen<\/p>\n<p>Allgemeine Spezifikation<br \/>\nMa\u00dfe HxBxT 378 (490 Kopf angehoben) mm x402x221<br \/>\nNettogewicht 9,5 kg<br \/>\nKabell\u00e4nge 1 m<\/p>\n<p>Elektronische Spezifikationen<br \/>\nSpannung 220-240 V<br \/>\nFrequenz 50 Hz<\/p>\n<p>Optionales Zubeh\u00f6r<br \/>\nSMPC01 \u2013 Sheeter und Tee und den Teig geschnitten<br \/>\nSMPR01 \u2013 Zubeh\u00f6rblatt<br \/>\nSMSC01 \u2013 Spaghetti Zubeh\u00f6r<br \/>\nSMFC01 \u2013 Zubeh\u00f6r Fettuccine<br \/>\nSMTC01 \u2013 Zubeh\u00f6r Nudeln<\/p>\n<p>Not for sale outside from Europe<\/p>\n","protected":false},"excerpt":{"rendered":"<p>SMEG Serie 50 Jahre Ein symbolisches Treffen, Symbole, die den Raum, den sie einnehmen, die neue kleine Linie von 50 Jahren drehen, die in Zusammenarbeit mit Matthew Bazzicalupo und Raffaella Mangiarotti von deepdesign, die Vergangenheit evozieren und die Orte, an jedem Tag zu gestalten, auf eine neue Weise zu investieren, was bereits existiert oder existiert [&hellip;]<\/p>\n","protected":false},"featured_media":6372139,"template":"","meta":{"_acf_changed":false},"product_cat":[12163,12196],"product_tag":[],"class_list":{"0":"post-845446","1":"product","2":"type-product","3":"status-publish","4":"has-post-thumbnail","6":"product_cat-kleine-elektrogeraete","7":"product_cat-knetmaschinen","9":"first","10":"instock","11":"sale","12":"taxable","13":"shipping-taxable","14":"purchasable","15":"product-type-simple","swatches":"rey-swatches","show_selected":"","stretch_labels":"rey-swatches--stretch-labels"},"acf":[],"yoast_head":"<!-- This site is optimized with the Yoast SEO plugin v25.4 - https:\/\/yoast.com\/wordpress\/plugins\/seo\/ -->\n<title>SMEG Knetmaschine SMF02 Pastellgr\u00fcn Serie 50 Jahre - dev6 Erresse<\/title>\n<meta name=\"description\" content=\"SMEG Serie 50 Jahre Ein symbolisches Treffen, Symbole, die den Raum, den sie einnehmen, die neue kleine Linie von 50 Jahren drehen, die in Zusammenarbeit\" \/>\n<meta name=\"robots\" content=\"noindex, follow, max-snippet:-1, max-image-preview:large, max-video-preview:-1\" \/>\n<meta property=\"og:locale\" content=\"de_DE\" \/>\n<meta property=\"og:type\" content=\"article\" \/>\n<meta property=\"og:title\" content=\"SMEG Knetmaschine SMF02 Pastellgr\u00fcn Serie 50 Jahre - dev6 Erresse\" \/>\n<meta property=\"og:description\" content=\"SMEG Serie 50 Jahre Ein symbolisches Treffen, Symbole, die den Raum, den sie einnehmen, die neue kleine Linie von 50 Jahren drehen, die in Zusammenarbeit\" \/>\n<meta property=\"og:url\" content=\"https:\/\/dev6.erresse-shop.it\/de\/shop\/kleine-elektrogeraete\/knetmaschinen\/smeg-knetmaschine-smf02-pastellgruen-serie-50-jahre\/\" \/>\n<meta property=\"og:site_name\" content=\"dev6 Erresse\" \/>\n<meta property=\"og:image\" content=\"https:\/\/interpim.erresse-shop.it\/Import\/Prodotti\/smeg-estetica-anni-50-impastatrice-smf02-verde.jpg\" \/><meta property=\"og:image\" content=\"https:\/\/interpim.erresse-shop.it\/Import\/Prodotti\/smeg-estetica-anni-50-impastatrice-smf02-verde.jpg\" \/>\n\t<meta property=\"og:image:width\" content=\"1024\" \/>\n\t<meta property=\"og:image:height\" content=\"1024\" \/>\n\t<meta property=\"og:image:type\" content=\"image\/jpeg\" \/>\n<meta name=\"twitter:card\" content=\"summary_large_image\" \/>\n<meta name=\"twitter:image\" content=\"https:\/\/interpim.erresse-shop.it\/Import\/Prodotti\/smeg-estetica-anni-50-impastatrice-smf02-verde.jpg\" \/>\n<script type=\"application\/ld+json\" class=\"yoast-schema-graph\">{\"@context\":\"https:\/\/schema.org\",\"@graph\":[{\"@type\":\"WebPage\",\"@id\":\"https:\/\/dev6.erresse-shop.it\/de\/shop\/kleine-elektrogeraete\/knetmaschinen\/smeg-knetmaschine-smf02-pastellgruen-serie-50-jahre\/\",\"url\":\"https:\/\/dev6.erresse-shop.it\/de\/shop\/kleine-elektrogeraete\/knetmaschinen\/smeg-knetmaschine-smf02-pastellgruen-serie-50-jahre\/\",\"name\":\"SMEG Knetmaschine SMF02 Pastellgr\u00fcn Serie 50 Jahre - dev6 Erresse\",\"isPartOf\":{\"@id\":\"https:\/\/dev6.erresse-shop.it\/#website\"},\"primaryImageOfPage\":{\"@id\":\"https:\/\/dev6.erresse-shop.it\/de\/shop\/kleine-elektrogeraete\/knetmaschinen\/smeg-knetmaschine-smf02-pastellgruen-serie-50-jahre\/#primaryimage\"},\"image\":{\"@id\":\"https:\/\/dev6.erresse-shop.it\/de\/shop\/kleine-elektrogeraete\/knetmaschinen\/smeg-knetmaschine-smf02-pastellgruen-serie-50-jahre\/#primaryimage\"},\"thumbnailUrl\":\"https:\/\/i0.wp.com\/interpim.erresse-shop.it\/Import\/Prodotti\/smeg-estetica-anni-50-impastatrice-smf02-verde.jpg?ssl=1\",\"datePublished\":\"2026-04-12T10:21:09+00:00\",\"description\":\"SMEG Serie 50 Jahre Ein symbolisches Treffen, Symbole, die den Raum, den sie einnehmen, die neue kleine Linie von 50 Jahren drehen, die in Zusammenarbeit\",\"breadcrumb\":{\"@id\":\"https:\/\/dev6.erresse-shop.it\/de\/shop\/kleine-elektrogeraete\/knetmaschinen\/smeg-knetmaschine-smf02-pastellgruen-serie-50-jahre\/#breadcrumb\"},\"inLanguage\":\"de\",\"potentialAction\":[{\"@type\":\"ReadAction\",\"target\":[\"https:\/\/dev6.erresse-shop.it\/de\/shop\/kleine-elektrogeraete\/knetmaschinen\/smeg-knetmaschine-smf02-pastellgruen-serie-50-jahre\/\"]}]},{\"@type\":\"ImageObject\",\"inLanguage\":\"de\",\"@id\":\"https:\/\/dev6.erresse-shop.it\/de\/shop\/kleine-elektrogeraete\/knetmaschinen\/smeg-knetmaschine-smf02-pastellgruen-serie-50-jahre\/#primaryimage\",\"url\":\"https:\/\/i0.wp.com\/interpim.erresse-shop.it\/Import\/Prodotti\/smeg-estetica-anni-50-impastatrice-smf02-verde.jpg?ssl=1\",\"contentUrl\":\"https:\/\/i0.wp.com\/interpim.erresse-shop.it\/Import\/Prodotti\/smeg-estetica-anni-50-impastatrice-smf02-verde.jpg?ssl=1\"},{\"@type\":\"BreadcrumbList\",\"@id\":\"https:\/\/dev6.erresse-shop.it\/de\/shop\/kleine-elektrogeraete\/knetmaschinen\/smeg-knetmaschine-smf02-pastellgruen-serie-50-jahre\/#breadcrumb\",\"itemListElement\":[{\"@type\":\"ListItem\",\"position\":1,\"name\":\"Home\",\"item\":\"https:\/\/dev6.erresse-shop.it\/\"},{\"@type\":\"ListItem\",\"position\":2,\"name\":\"Shop\",\"item\":\"https:\/\/dev6.erresse-shop.it\/shop\/\"},{\"@type\":\"ListItem\",\"position\":3,\"name\":\"SMEG Knetmaschine SMF02 Pastellgr\u00fcn Serie 50 Jahre\"}]},{\"@type\":\"WebSite\",\"@id\":\"https:\/\/dev6.erresse-shop.it\/#website\",\"url\":\"https:\/\/dev6.erresse-shop.it\/\",\"name\":\"Erresse Shop\",\"description\":\"\",\"publisher\":{\"@id\":\"https:\/\/dev6.erresse-shop.it\/#organization\"},\"potentialAction\":[{\"@type\":\"SearchAction\",\"target\":{\"@type\":\"EntryPoint\",\"urlTemplate\":\"https:\/\/dev6.erresse-shop.it\/?s={search_term_string}\"},\"query-input\":{\"@type\":\"PropertyValueSpecification\",\"valueRequired\":true,\"valueName\":\"search_term_string\"}}],\"inLanguage\":\"de\"},{\"@type\":\"Organization\",\"@id\":\"https:\/\/dev6.erresse-shop.it\/#organization\",\"name\":\"Erresse Shop\",\"url\":\"https:\/\/dev6.erresse-shop.it\/\",\"logo\":{\"@type\":\"ImageObject\",\"inLanguage\":\"de\",\"@id\":\"https:\/\/dev6.erresse-shop.it\/#\/schema\/logo\/image\/\",\"url\":\"https:\/\/dev6.erresse-shop.it\/wp-content\/uploads\/2025\/01\/LOGO-ERRESSE-CLASSICO.svg\",\"contentUrl\":\"https:\/\/dev6.erresse-shop.it\/wp-content\/uploads\/2025\/01\/LOGO-ERRESSE-CLASSICO.svg\",\"caption\":\"Erresse Shop\"},\"image\":{\"@id\":\"https:\/\/dev6.erresse-shop.it\/#\/schema\/logo\/image\/\"}}]}<\/script>\n<!-- \/ Yoast SEO plugin. -->","yoast_head_json":{"title":"SMEG Knetmaschine SMF02 Pastellgr\u00fcn Serie 50 Jahre - dev6 Erresse","description":"SMEG Serie 50 Jahre Ein symbolisches Treffen, Symbole, die den Raum, den sie einnehmen, die neue kleine Linie von 50 Jahren drehen, die in Zusammenarbeit","robots":{"index":"noindex","follow":"follow","max-snippet":"max-snippet:-1","max-image-preview":"max-image-preview:large","max-video-preview":"max-video-preview:-1"},"og_locale":"de_DE","og_type":"article","og_title":"SMEG Knetmaschine SMF02 Pastellgr\u00fcn Serie 50 Jahre - dev6 Erresse","og_description":"SMEG Serie 50 Jahre Ein symbolisches Treffen, Symbole, die den Raum, den sie einnehmen, die neue kleine Linie von 50 Jahren drehen, die in Zusammenarbeit","og_url":"https:\/\/dev6.erresse-shop.it\/de\/shop\/kleine-elektrogeraete\/knetmaschinen\/smeg-knetmaschine-smf02-pastellgruen-serie-50-jahre\/","og_site_name":"dev6 Erresse","og_image":[{"url":"https:\/\/interpim.erresse-shop.it\/Import\/Prodotti\/smeg-estetica-anni-50-impastatrice-smf02-verde.jpg","type":"","width":"","height":""},{"url":"https:\/\/interpim.erresse-shop.it\/Import\/Prodotti\/smeg-estetica-anni-50-impastatrice-smf02-verde.jpg","width":1024,"height":1024,"type":"image\/jpeg"}],"twitter_card":"summary_large_image","twitter_image":"https:\/\/interpim.erresse-shop.it\/Import\/Prodotti\/smeg-estetica-anni-50-impastatrice-smf02-verde.jpg","schema":{"@context":"https:\/\/schema.org","@graph":[{"@type":"WebPage","@id":"https:\/\/dev6.erresse-shop.it\/de\/shop\/kleine-elektrogeraete\/knetmaschinen\/smeg-knetmaschine-smf02-pastellgruen-serie-50-jahre\/","url":"https:\/\/dev6.erresse-shop.it\/de\/shop\/kleine-elektrogeraete\/knetmaschinen\/smeg-knetmaschine-smf02-pastellgruen-serie-50-jahre\/","name":"SMEG Knetmaschine SMF02 Pastellgr\u00fcn Serie 50 Jahre - dev6 Erresse","isPartOf":{"@id":"https:\/\/dev6.erresse-shop.it\/#website"},"primaryImageOfPage":{"@id":"https:\/\/dev6.erresse-shop.it\/de\/shop\/kleine-elektrogeraete\/knetmaschinen\/smeg-knetmaschine-smf02-pastellgruen-serie-50-jahre\/#primaryimage"},"image":{"@id":"https:\/\/dev6.erresse-shop.it\/de\/shop\/kleine-elektrogeraete\/knetmaschinen\/smeg-knetmaschine-smf02-pastellgruen-serie-50-jahre\/#primaryimage"},"thumbnailUrl":"https:\/\/i0.wp.com\/interpim.erresse-shop.it\/Import\/Prodotti\/smeg-estetica-anni-50-impastatrice-smf02-verde.jpg?ssl=1","datePublished":"2026-04-12T10:21:09+00:00","description":"SMEG Serie 50 Jahre Ein symbolisches Treffen, Symbole, die den Raum, den sie einnehmen, die neue kleine Linie von 50 Jahren drehen, die in Zusammenarbeit","breadcrumb":{"@id":"https:\/\/dev6.erresse-shop.it\/de\/shop\/kleine-elektrogeraete\/knetmaschinen\/smeg-knetmaschine-smf02-pastellgruen-serie-50-jahre\/#breadcrumb"},"inLanguage":"de","potentialAction":[{"@type":"ReadAction","target":["https:\/\/dev6.erresse-shop.it\/de\/shop\/kleine-elektrogeraete\/knetmaschinen\/smeg-knetmaschine-smf02-pastellgruen-serie-50-jahre\/"]}]},{"@type":"ImageObject","inLanguage":"de","@id":"https:\/\/dev6.erresse-shop.it\/de\/shop\/kleine-elektrogeraete\/knetmaschinen\/smeg-knetmaschine-smf02-pastellgruen-serie-50-jahre\/#primaryimage","url":"https:\/\/i0.wp.com\/interpim.erresse-shop.it\/Import\/Prodotti\/smeg-estetica-anni-50-impastatrice-smf02-verde.jpg?ssl=1","contentUrl":"https:\/\/i0.wp.com\/interpim.erresse-shop.it\/Import\/Prodotti\/smeg-estetica-anni-50-impastatrice-smf02-verde.jpg?ssl=1"},{"@type":"BreadcrumbList","@id":"https:\/\/dev6.erresse-shop.it\/de\/shop\/kleine-elektrogeraete\/knetmaschinen\/smeg-knetmaschine-smf02-pastellgruen-serie-50-jahre\/#breadcrumb","itemListElement":[{"@type":"ListItem","position":1,"name":"Home","item":"https:\/\/dev6.erresse-shop.it\/"},{"@type":"ListItem","position":2,"name":"Shop","item":"https:\/\/dev6.erresse-shop.it\/shop\/"},{"@type":"ListItem","position":3,"name":"SMEG Knetmaschine SMF02 Pastellgr\u00fcn Serie 50 Jahre"}]},{"@type":"WebSite","@id":"https:\/\/dev6.erresse-shop.it\/#website","url":"https:\/\/dev6.erresse-shop.it\/","name":"Erresse Shop","description":"","publisher":{"@id":"https:\/\/dev6.erresse-shop.it\/#organization"},"potentialAction":[{"@type":"SearchAction","target":{"@type":"EntryPoint","urlTemplate":"https:\/\/dev6.erresse-shop.it\/?s={search_term_string}"},"query-input":{"@type":"PropertyValueSpecification","valueRequired":true,"valueName":"search_term_string"}}],"inLanguage":"de"},{"@type":"Organization","@id":"https:\/\/dev6.erresse-shop.it\/#organization","name":"Erresse Shop","url":"https:\/\/dev6.erresse-shop.it\/","logo":{"@type":"ImageObject","inLanguage":"de","@id":"https:\/\/dev6.erresse-shop.it\/#\/schema\/logo\/image\/","url":"https:\/\/dev6.erresse-shop.it\/wp-content\/uploads\/2025\/01\/LOGO-ERRESSE-CLASSICO.svg","contentUrl":"https:\/\/dev6.erresse-shop.it\/wp-content\/uploads\/2025\/01\/LOGO-ERRESSE-CLASSICO.svg","caption":"Erresse Shop"},"image":{"@id":"https:\/\/dev6.erresse-shop.it\/#\/schema\/logo\/image\/"}}]}},"df_price":459,"df_sale_price":459,"df_regular_price":499,"df_image_link":"https:\/\/i0.wp.com\/interpim.erresse-shop.it\/Import\/Prodotti\/smeg-estetica-anni-50-impastatrice-smf02-verde.jpg?resize=300,300&ssl=1","fifu_image_url":"https:\/\/interpim.erresse-shop.it\/Import\/Prodotti\/smeg-estetica-anni-50-impastatrice-smf02-verde.jpg","_links":{"self":[{"href":"https:\/\/dev6.erresse-shop.it\/de\/wp-json\/wp\/v2\/product\/845446","targetHints":{"allow":["GET"]}}],"collection":[{"href":"https:\/\/dev6.erresse-shop.it\/de\/wp-json\/wp\/v2\/product"}],"about":[{"href":"https:\/\/dev6.erresse-shop.it\/de\/wp-json\/wp\/v2\/types\/product"}],"wp:featuredmedia":[{"embeddable":true,"href":"https:\/\/dev6.erresse-shop.it\/de\/wp-json\/wp\/v2\/media\/6372139"}],"wp:attachment":[{"href":"https:\/\/dev6.erresse-shop.it\/de\/wp-json\/wp\/v2\/media?parent=845446"}],"wp:term":[{"taxonomy":"product_cat","embeddable":true,"href":"https:\/\/dev6.erresse-shop.it\/de\/wp-json\/wp\/v2\/product_cat?post=845446"},{"taxonomy":"product_tag","embeddable":true,"href":"https:\/\/dev6.erresse-shop.it\/de\/wp-json\/wp\/v2\/product_tag?post=845446"}],"curies":[{"name":"wp","href":"https:\/\/api.w.org\/{rel}","templated":true}]}}