{"id":845413,"date":"2026-04-12T12:45:12","date_gmt":"2026-04-12T10:45:12","guid":{"rendered":"https:\/\/dev6.erresse-shop.it\/shop\/unkategorisiert\/seletti-monkey-lamp-stehend\/"},"modified":"2025-09-14T02:49:20","modified_gmt":"2025-09-14T00:49:20","slug":"seletti-monkey-lamp-stehend","status":"publish","type":"product","link":"https:\/\/dev6.erresse-shop.it\/de\/shop\/einrichtung-haus\/lampen\/seletti-monkey-lamp-stehend\/","title":{"rendered":"SELETTI Monkey Lamp Stehend"},"content":{"rendered":"<p>Eine verr\u00fcckte und verschlagene Familie. Affenlampen haben eine starke theatralische Wirkung, bei der Kunst, Design und die Welt der Natur zu magischen Produkten verschmelzen. Die perfekte Szenografie f\u00fcr Ihr Zuhause.<\/p>\n<p>Design: MArcantonio RAimondi MAlerba<br \/>\nMaterial: Harz<br \/>\nGr\u00f6\u00dfe: Cm.46\u00d727,5 h.54<br \/>\nNur f\u00fcr den Innenbereich<br \/>\nInklusive Led-Gl\u00fchbirne<br \/>\n230V \u2013 50 Hz \u2013 E14 \u2013 4W \u2013 350 Lumen<\/p>\n","protected":false},"excerpt":{"rendered":"<p>Eine verr\u00fcckte und verschlagene Familie. Affenlampen haben eine starke theatralische Wirkung, bei der Kunst, Design und die Welt der Natur zu magischen Produkten verschmelzen. Die perfekte Szenografie f\u00fcr Ihr Zuhause. Design: MArcantonio RAimondi MAlerba Material: Harz Gr\u00f6\u00dfe: Cm.46\u00d727,5 h.54 Nur f\u00fcr den Innenbereich Inklusive Led-Gl\u00fchbirne 230V \u2013 50 Hz \u2013 E14 \u2013 4W \u2013 350 [&hellip;]<\/p>\n","protected":false},"featured_media":6374169,"template":"","meta":{"_acf_changed":false},"product_cat":[11666,12098,12127],"product_tag":[],"class_list":{"0":"post-845413","1":"product","2":"type-product","3":"status-publish","4":"has-post-thumbnail","6":"product_cat-arredamento-casa","7":"product_cat-einrichtung-haus","8":"product_cat-lampen","10":"first","11":"instock","12":"sale","13":"taxable","14":"shipping-taxable","15":"purchasable","16":"product-type-simple","swatches":"rey-swatches","show_selected":"","stretch_labels":"rey-swatches--stretch-labels"},"acf":[],"yoast_head":"<!-- This site is optimized with the Yoast SEO plugin v25.4 - https:\/\/yoast.com\/wordpress\/plugins\/seo\/ -->\n<title>SELETTI Monkey Lamp Stehend - dev6 Erresse<\/title>\n<meta name=\"description\" content=\"Eine verr\u00fcckte und verschlagene Familie. Affenlampen haben eine starke theatralische Wirkung, bei der Kunst, Design und die Welt der Natur zu magischen\" \/>\n<meta name=\"robots\" content=\"noindex, follow, max-snippet:-1, max-image-preview:large, max-video-preview:-1\" \/>\n<meta property=\"og:locale\" content=\"de_DE\" \/>\n<meta property=\"og:type\" content=\"article\" \/>\n<meta property=\"og:title\" content=\"SELETTI Monkey Lamp Stehend - dev6 Erresse\" \/>\n<meta property=\"og:description\" content=\"Eine verr\u00fcckte und verschlagene Familie. Affenlampen haben eine starke theatralische Wirkung, bei der Kunst, Design und die Welt der Natur zu magischen\" \/>\n<meta property=\"og:url\" content=\"https:\/\/dev6.erresse-shop.it\/de\/shop\/einrichtung-haus\/lampen\/seletti-monkey-lamp-stehend\/\" \/>\n<meta property=\"og:site_name\" content=\"dev6 Erresse\" \/>\n<meta property=\"og:image\" content=\"https:\/\/interpim.erresse-shop.it\/Import\/Prodotti\/products-monkey20lamp20stand1453734116.jpg\" \/><meta property=\"og:image\" content=\"https:\/\/interpim.erresse-shop.it\/Import\/Prodotti\/products-monkey20lamp20stand1453734116.jpg\" \/>\n\t<meta property=\"og:image:width\" content=\"1024\" \/>\n\t<meta property=\"og:image:height\" content=\"1024\" \/>\n\t<meta property=\"og:image:type\" content=\"image\/jpeg\" \/>\n<meta name=\"twitter:card\" content=\"summary_large_image\" \/>\n<meta name=\"twitter:image\" content=\"https:\/\/interpim.erresse-shop.it\/Import\/Prodotti\/products-monkey20lamp20stand1453734116.jpg\" \/>\n<script type=\"application\/ld+json\" class=\"yoast-schema-graph\">{\"@context\":\"https:\/\/schema.org\",\"@graph\":[{\"@type\":\"WebPage\",\"@id\":\"https:\/\/dev6.erresse-shop.it\/de\/shop\/einrichtung-haus\/lampen\/seletti-monkey-lamp-stehend\/\",\"url\":\"https:\/\/dev6.erresse-shop.it\/de\/shop\/einrichtung-haus\/lampen\/seletti-monkey-lamp-stehend\/\",\"name\":\"SELETTI Monkey Lamp Stehend - dev6 Erresse\",\"isPartOf\":{\"@id\":\"https:\/\/dev6.erresse-shop.it\/#website\"},\"primaryImageOfPage\":{\"@id\":\"https:\/\/dev6.erresse-shop.it\/de\/shop\/einrichtung-haus\/lampen\/seletti-monkey-lamp-stehend\/#primaryimage\"},\"image\":{\"@id\":\"https:\/\/dev6.erresse-shop.it\/de\/shop\/einrichtung-haus\/lampen\/seletti-monkey-lamp-stehend\/#primaryimage\"},\"thumbnailUrl\":\"https:\/\/i1.wp.com\/interpim.erresse-shop.it\/Import\/Prodotti\/products-monkey20lamp20stand1453734116.jpg?ssl=1\",\"datePublished\":\"2026-04-12T10:45:12+00:00\",\"description\":\"Eine verr\u00fcckte und verschlagene Familie. Affenlampen haben eine starke theatralische Wirkung, bei der Kunst, Design und die Welt der Natur zu magischen\",\"breadcrumb\":{\"@id\":\"https:\/\/dev6.erresse-shop.it\/de\/shop\/einrichtung-haus\/lampen\/seletti-monkey-lamp-stehend\/#breadcrumb\"},\"inLanguage\":\"de\",\"potentialAction\":[{\"@type\":\"ReadAction\",\"target\":[\"https:\/\/dev6.erresse-shop.it\/de\/shop\/einrichtung-haus\/lampen\/seletti-monkey-lamp-stehend\/\"]}]},{\"@type\":\"ImageObject\",\"inLanguage\":\"de\",\"@id\":\"https:\/\/dev6.erresse-shop.it\/de\/shop\/einrichtung-haus\/lampen\/seletti-monkey-lamp-stehend\/#primaryimage\",\"url\":\"https:\/\/i1.wp.com\/interpim.erresse-shop.it\/Import\/Prodotti\/products-monkey20lamp20stand1453734116.jpg?ssl=1\",\"contentUrl\":\"https:\/\/i1.wp.com\/interpim.erresse-shop.it\/Import\/Prodotti\/products-monkey20lamp20stand1453734116.jpg?ssl=1\"},{\"@type\":\"BreadcrumbList\",\"@id\":\"https:\/\/dev6.erresse-shop.it\/de\/shop\/einrichtung-haus\/lampen\/seletti-monkey-lamp-stehend\/#breadcrumb\",\"itemListElement\":[{\"@type\":\"ListItem\",\"position\":1,\"name\":\"Home\",\"item\":\"https:\/\/dev6.erresse-shop.it\/\"},{\"@type\":\"ListItem\",\"position\":2,\"name\":\"Shop\",\"item\":\"https:\/\/dev6.erresse-shop.it\/shop\/\"},{\"@type\":\"ListItem\",\"position\":3,\"name\":\"SELETTI Monkey Lamp Stehend\"}]},{\"@type\":\"WebSite\",\"@id\":\"https:\/\/dev6.erresse-shop.it\/#website\",\"url\":\"https:\/\/dev6.erresse-shop.it\/\",\"name\":\"Erresse Shop\",\"description\":\"\",\"publisher\":{\"@id\":\"https:\/\/dev6.erresse-shop.it\/#organization\"},\"potentialAction\":[{\"@type\":\"SearchAction\",\"target\":{\"@type\":\"EntryPoint\",\"urlTemplate\":\"https:\/\/dev6.erresse-shop.it\/?s={search_term_string}\"},\"query-input\":{\"@type\":\"PropertyValueSpecification\",\"valueRequired\":true,\"valueName\":\"search_term_string\"}}],\"inLanguage\":\"de\"},{\"@type\":\"Organization\",\"@id\":\"https:\/\/dev6.erresse-shop.it\/#organization\",\"name\":\"Erresse Shop\",\"url\":\"https:\/\/dev6.erresse-shop.it\/\",\"logo\":{\"@type\":\"ImageObject\",\"inLanguage\":\"de\",\"@id\":\"https:\/\/dev6.erresse-shop.it\/#\/schema\/logo\/image\/\",\"url\":\"https:\/\/dev6.erresse-shop.it\/wp-content\/uploads\/2025\/01\/LOGO-ERRESSE-CLASSICO.svg\",\"contentUrl\":\"https:\/\/dev6.erresse-shop.it\/wp-content\/uploads\/2025\/01\/LOGO-ERRESSE-CLASSICO.svg\",\"caption\":\"Erresse Shop\"},\"image\":{\"@id\":\"https:\/\/dev6.erresse-shop.it\/#\/schema\/logo\/image\/\"}}]}<\/script>\n<!-- \/ Yoast SEO plugin. -->","yoast_head_json":{"title":"SELETTI Monkey Lamp Stehend - dev6 Erresse","description":"Eine verr\u00fcckte und verschlagene Familie. Affenlampen haben eine starke theatralische Wirkung, bei der Kunst, Design und die Welt der Natur zu magischen","robots":{"index":"noindex","follow":"follow","max-snippet":"max-snippet:-1","max-image-preview":"max-image-preview:large","max-video-preview":"max-video-preview:-1"},"og_locale":"de_DE","og_type":"article","og_title":"SELETTI Monkey Lamp Stehend - dev6 Erresse","og_description":"Eine verr\u00fcckte und verschlagene Familie. Affenlampen haben eine starke theatralische Wirkung, bei der Kunst, Design und die Welt der Natur zu magischen","og_url":"https:\/\/dev6.erresse-shop.it\/de\/shop\/einrichtung-haus\/lampen\/seletti-monkey-lamp-stehend\/","og_site_name":"dev6 Erresse","og_image":[{"url":"https:\/\/interpim.erresse-shop.it\/Import\/Prodotti\/products-monkey20lamp20stand1453734116.jpg","type":"","width":"","height":""},{"url":"https:\/\/interpim.erresse-shop.it\/Import\/Prodotti\/products-monkey20lamp20stand1453734116.jpg","width":1024,"height":1024,"type":"image\/jpeg"}],"twitter_card":"summary_large_image","twitter_image":"https:\/\/interpim.erresse-shop.it\/Import\/Prodotti\/products-monkey20lamp20stand1453734116.jpg","schema":{"@context":"https:\/\/schema.org","@graph":[{"@type":"WebPage","@id":"https:\/\/dev6.erresse-shop.it\/de\/shop\/einrichtung-haus\/lampen\/seletti-monkey-lamp-stehend\/","url":"https:\/\/dev6.erresse-shop.it\/de\/shop\/einrichtung-haus\/lampen\/seletti-monkey-lamp-stehend\/","name":"SELETTI Monkey Lamp Stehend - dev6 Erresse","isPartOf":{"@id":"https:\/\/dev6.erresse-shop.it\/#website"},"primaryImageOfPage":{"@id":"https:\/\/dev6.erresse-shop.it\/de\/shop\/einrichtung-haus\/lampen\/seletti-monkey-lamp-stehend\/#primaryimage"},"image":{"@id":"https:\/\/dev6.erresse-shop.it\/de\/shop\/einrichtung-haus\/lampen\/seletti-monkey-lamp-stehend\/#primaryimage"},"thumbnailUrl":"https:\/\/i1.wp.com\/interpim.erresse-shop.it\/Import\/Prodotti\/products-monkey20lamp20stand1453734116.jpg?ssl=1","datePublished":"2026-04-12T10:45:12+00:00","description":"Eine verr\u00fcckte und verschlagene Familie. Affenlampen haben eine starke theatralische Wirkung, bei der Kunst, Design und die Welt der Natur zu magischen","breadcrumb":{"@id":"https:\/\/dev6.erresse-shop.it\/de\/shop\/einrichtung-haus\/lampen\/seletti-monkey-lamp-stehend\/#breadcrumb"},"inLanguage":"de","potentialAction":[{"@type":"ReadAction","target":["https:\/\/dev6.erresse-shop.it\/de\/shop\/einrichtung-haus\/lampen\/seletti-monkey-lamp-stehend\/"]}]},{"@type":"ImageObject","inLanguage":"de","@id":"https:\/\/dev6.erresse-shop.it\/de\/shop\/einrichtung-haus\/lampen\/seletti-monkey-lamp-stehend\/#primaryimage","url":"https:\/\/i1.wp.com\/interpim.erresse-shop.it\/Import\/Prodotti\/products-monkey20lamp20stand1453734116.jpg?ssl=1","contentUrl":"https:\/\/i1.wp.com\/interpim.erresse-shop.it\/Import\/Prodotti\/products-monkey20lamp20stand1453734116.jpg?ssl=1"},{"@type":"BreadcrumbList","@id":"https:\/\/dev6.erresse-shop.it\/de\/shop\/einrichtung-haus\/lampen\/seletti-monkey-lamp-stehend\/#breadcrumb","itemListElement":[{"@type":"ListItem","position":1,"name":"Home","item":"https:\/\/dev6.erresse-shop.it\/"},{"@type":"ListItem","position":2,"name":"Shop","item":"https:\/\/dev6.erresse-shop.it\/shop\/"},{"@type":"ListItem","position":3,"name":"SELETTI Monkey Lamp Stehend"}]},{"@type":"WebSite","@id":"https:\/\/dev6.erresse-shop.it\/#website","url":"https:\/\/dev6.erresse-shop.it\/","name":"Erresse Shop","description":"","publisher":{"@id":"https:\/\/dev6.erresse-shop.it\/#organization"},"potentialAction":[{"@type":"SearchAction","target":{"@type":"EntryPoint","urlTemplate":"https:\/\/dev6.erresse-shop.it\/?s={search_term_string}"},"query-input":{"@type":"PropertyValueSpecification","valueRequired":true,"valueName":"search_term_string"}}],"inLanguage":"de"},{"@type":"Organization","@id":"https:\/\/dev6.erresse-shop.it\/#organization","name":"Erresse Shop","url":"https:\/\/dev6.erresse-shop.it\/","logo":{"@type":"ImageObject","inLanguage":"de","@id":"https:\/\/dev6.erresse-shop.it\/#\/schema\/logo\/image\/","url":"https:\/\/dev6.erresse-shop.it\/wp-content\/uploads\/2025\/01\/LOGO-ERRESSE-CLASSICO.svg","contentUrl":"https:\/\/dev6.erresse-shop.it\/wp-content\/uploads\/2025\/01\/LOGO-ERRESSE-CLASSICO.svg","caption":"Erresse Shop"},"image":{"@id":"https:\/\/dev6.erresse-shop.it\/#\/schema\/logo\/image\/"}}]}},"df_price":209.95,"df_sale_price":209.95,"df_regular_price":320,"df_image_link":"https:\/\/i1.wp.com\/interpim.erresse-shop.it\/Import\/Prodotti\/products-monkey20lamp20stand1453734116.jpg?resize=300,300&ssl=1","fifu_image_url":"https:\/\/interpim.erresse-shop.it\/Import\/Prodotti\/products-monkey20lamp20stand1453734116.jpg","_links":{"self":[{"href":"https:\/\/dev6.erresse-shop.it\/de\/wp-json\/wp\/v2\/product\/845413","targetHints":{"allow":["GET"]}}],"collection":[{"href":"https:\/\/dev6.erresse-shop.it\/de\/wp-json\/wp\/v2\/product"}],"about":[{"href":"https:\/\/dev6.erresse-shop.it\/de\/wp-json\/wp\/v2\/types\/product"}],"wp:featuredmedia":[{"embeddable":true,"href":"https:\/\/dev6.erresse-shop.it\/de\/wp-json\/wp\/v2\/media\/6374169"}],"wp:attachment":[{"href":"https:\/\/dev6.erresse-shop.it\/de\/wp-json\/wp\/v2\/media?parent=845413"}],"wp:term":[{"taxonomy":"product_cat","embeddable":true,"href":"https:\/\/dev6.erresse-shop.it\/de\/wp-json\/wp\/v2\/product_cat?post=845413"},{"taxonomy":"product_tag","embeddable":true,"href":"https:\/\/dev6.erresse-shop.it\/de\/wp-json\/wp\/v2\/product_tag?post=845413"}],"curies":[{"name":"wp","href":"https:\/\/api.w.org\/{rel}","templated":true}]}}