{"id":56626,"date":"2026-04-12T14:52:25","date_gmt":"2026-04-12T12:52:25","guid":{"rendered":"https:\/\/dev6.erresse-shop.it\/shop\/unkategorisiert\/seletti-spiegel-pixel-mirror-flame\/"},"modified":"2025-09-14T03:43:39","modified_gmt":"2025-09-14T01:43:39","slug":"seletti-spiegel-pixel-mirror-flame","status":"publish","type":"product","link":"https:\/\/dev6.erresse-shop.it\/de\/shop\/einrichtung-haus\/dekoartikel\/seletti-spiegel-pixel-mirror-flame\/","title":{"rendered":"SELETTI Spiegel Pixel Mirror Flame"},"content":{"rendered":"<p>Ein Pixel Art Mirror f\u00fcr alle Fans von Grafik und Popkultur, f\u00fcr Liebhaber von Videospielen und ganz allgemein f\u00fcr alle, die ungew\u00f6hnliche Objekte anziehen! Der Mail\u00e4nder K\u00fcnstler Roberto Bruno erforscht die virtuelle \u00c4sthetik und verwandelt den Rahmen dieses Spiegels in ein digitales Bild. Die zahlreichen Quadrate, die auf verschiedenen H\u00f6hen nebeneinander angeordnet sind, schaffen eine originelle, unstrukturierte Form.<\/p>\n<p>Roberto Bruno begann seine Forschungskarriere in der bildenden Kunst, fasziniert von der digitalen \u00c4sthetik und schuf eine surrealistische Sprache mit existenziellen Implikationen. Er hat extravagante und ultra-innovative Webanwendungen f\u00fcr gro\u00dfe Marken wie Nike, Prada, miu miu und Toiletpaper geschaffen.<\/p>\n<p>Spieglein, Spieglein, wer ist die Sch\u00f6nste im ganzen Land? F\u00fcr Roberto Bruno ist der Mirror ein Manifest des hedonistischen und solipsistischen Zeitalters, in dem wir leben. Der Pixel Mirror erschafft eine surreale Welt, die in v\u00f6lligem Widerspruch zu unserer heutigen Bildergesellschaft steht. Der Pixel Mirror wird zum Zeugen einer magischen Welt, in der jede Illusion m\u00f6glich ist.<\/p>\n<p>Der Pixelspiegel veranschaulicht den st\u00e4ndigen Dialog zwischen Autor und Betrachter, der integraler aBestandteil der k\u00fcnstlerischen Arbeit von Roberto Bruno ist. Alles ver\u00e4ndert sich, nichts bleibt gleich, wie dieser sich st\u00e4ndig ver\u00e4ndernde Pixelrahmen, der sich je nach Betrachtungswinkel transformiert. Der Betrachter sieht je nach seinem Standort unterschiedliche Pixel. Das Bild des Rahmens stellt sich wieder her, wenn man sich entfernt, wodurch der Spiegel den Eindruck eines Reliefs und damit einer r\u00e4umlichen Realit\u00e4t vermittelt.<\/p>\n<p>Der Rahmen des Pixel Mirror ist aus lackiertem MDF gefertigt. Der Pixel Mirror von Seletti verleiht dem Eingangsbereich, dem Wohnzimmer, dem Badezimmer oder dem Schlafzimmer eine originelle Pr\u00e4senz\u2026<\/p>\n<p>Designer : Roberto Bruno<br \/>\nProdukt : Wandspiegel<br \/>\nFarbe : Rot<br \/>\nMaterial : Rahmen: MDF \u2013 Glas<br \/>\nAbmessungen : 70,5 x 49,5 cm<br \/>\nGewicht : 2,15 kg<br \/>\nProjektdatum : 2024<\/p>\n","protected":false},"excerpt":{"rendered":"<p>Ein Pixel Art Mirror f\u00fcr alle Fans von Grafik und Popkultur, f\u00fcr Liebhaber von Videospielen und ganz allgemein f\u00fcr alle, die ungew\u00f6hnliche Objekte anziehen! Der Mail\u00e4nder K\u00fcnstler Roberto Bruno erforscht die virtuelle \u00c4sthetik und verwandelt den Rahmen dieses Spiegels in ein digitales Bild. Die zahlreichen Quadrate, die auf verschiedenen H\u00f6hen nebeneinander angeordnet sind, schaffen eine [&hellip;]<\/p>\n","protected":false},"featured_media":6381549,"template":"","meta":{"_acf_changed":false},"product_cat":[11666,12129,12098],"product_tag":[],"class_list":{"0":"post-56626","1":"product","2":"type-product","3":"status-publish","4":"has-post-thumbnail","6":"product_cat-arredamento-casa","7":"product_cat-dekoartikel","8":"product_cat-einrichtung-haus","10":"first","11":"instock","12":"sale","13":"taxable","14":"shipping-taxable","15":"purchasable","16":"product-type-simple","swatches":"rey-swatches","show_selected":"","stretch_labels":"rey-swatches--stretch-labels"},"acf":[],"yoast_head":"<!-- This site is optimized with the Yoast SEO plugin v25.4 - https:\/\/yoast.com\/wordpress\/plugins\/seo\/ -->\n<title>SELETTI Spiegel Pixel Mirror Flame - dev6 Erresse<\/title>\n<meta name=\"description\" content=\"Ein Pixel Art Mirror f\u00fcr alle Fans von Grafik und Popkultur, f\u00fcr Liebhaber von Videospielen und ganz allgemein f\u00fcr alle, die ungew\u00f6hnliche Objekte\" \/>\n<meta name=\"robots\" content=\"noindex, follow, max-snippet:-1, max-image-preview:large, max-video-preview:-1\" \/>\n<meta property=\"og:locale\" content=\"de_DE\" \/>\n<meta property=\"og:type\" content=\"article\" \/>\n<meta property=\"og:title\" content=\"SELETTI Spiegel Pixel Mirror Flame - dev6 Erresse\" \/>\n<meta property=\"og:description\" content=\"Ein Pixel Art Mirror f\u00fcr alle Fans von Grafik und Popkultur, f\u00fcr Liebhaber von Videospielen und ganz allgemein f\u00fcr alle, die ungew\u00f6hnliche Objekte\" \/>\n<meta property=\"og:url\" content=\"https:\/\/dev6.erresse-shop.it\/de\/shop\/einrichtung-haus\/dekoartikel\/seletti-spiegel-pixel-mirror-flame\/\" \/>\n<meta property=\"og:site_name\" content=\"dev6 Erresse\" \/>\n<meta property=\"og:image\" content=\"https:\/\/interpim.erresse-shop.it\/img-catalogo\/seletti\/seletti-fiamma-pixel.jpg\" \/><meta property=\"og:image\" content=\"https:\/\/interpim.erresse-shop.it\/img-catalogo\/seletti\/seletti-fiamma-pixel.jpg\" \/>\n\t<meta property=\"og:image:width\" content=\"1024\" \/>\n\t<meta property=\"og:image:height\" content=\"1024\" \/>\n\t<meta property=\"og:image:type\" content=\"image\/jpeg\" \/>\n<meta name=\"twitter:card\" content=\"summary_large_image\" \/>\n<meta name=\"twitter:image\" content=\"https:\/\/interpim.erresse-shop.it\/img-catalogo\/seletti\/seletti-fiamma-pixel.jpg\" \/>\n<script type=\"application\/ld+json\" class=\"yoast-schema-graph\">{\"@context\":\"https:\/\/schema.org\",\"@graph\":[{\"@type\":\"WebPage\",\"@id\":\"https:\/\/dev6.erresse-shop.it\/de\/shop\/einrichtung-haus\/dekoartikel\/seletti-spiegel-pixel-mirror-flame\/\",\"url\":\"https:\/\/dev6.erresse-shop.it\/de\/shop\/einrichtung-haus\/dekoartikel\/seletti-spiegel-pixel-mirror-flame\/\",\"name\":\"SELETTI Spiegel Pixel Mirror Flame - dev6 Erresse\",\"isPartOf\":{\"@id\":\"https:\/\/dev6.erresse-shop.it\/#website\"},\"primaryImageOfPage\":{\"@id\":\"https:\/\/dev6.erresse-shop.it\/de\/shop\/einrichtung-haus\/dekoartikel\/seletti-spiegel-pixel-mirror-flame\/#primaryimage\"},\"image\":{\"@id\":\"https:\/\/dev6.erresse-shop.it\/de\/shop\/einrichtung-haus\/dekoartikel\/seletti-spiegel-pixel-mirror-flame\/#primaryimage\"},\"thumbnailUrl\":\"https:\/\/i1.wp.com\/interpim.erresse-shop.it\/img-catalogo\/seletti\/seletti-fiamma-pixel.jpg?ssl=1\",\"datePublished\":\"2026-04-12T12:52:25+00:00\",\"description\":\"Ein Pixel Art Mirror f\u00fcr alle Fans von Grafik und Popkultur, f\u00fcr Liebhaber von Videospielen und ganz allgemein f\u00fcr alle, die ungew\u00f6hnliche Objekte\",\"breadcrumb\":{\"@id\":\"https:\/\/dev6.erresse-shop.it\/de\/shop\/einrichtung-haus\/dekoartikel\/seletti-spiegel-pixel-mirror-flame\/#breadcrumb\"},\"inLanguage\":\"de\",\"potentialAction\":[{\"@type\":\"ReadAction\",\"target\":[\"https:\/\/dev6.erresse-shop.it\/de\/shop\/einrichtung-haus\/dekoartikel\/seletti-spiegel-pixel-mirror-flame\/\"]}]},{\"@type\":\"ImageObject\",\"inLanguage\":\"de\",\"@id\":\"https:\/\/dev6.erresse-shop.it\/de\/shop\/einrichtung-haus\/dekoartikel\/seletti-spiegel-pixel-mirror-flame\/#primaryimage\",\"url\":\"https:\/\/i1.wp.com\/interpim.erresse-shop.it\/img-catalogo\/seletti\/seletti-fiamma-pixel.jpg?ssl=1\",\"contentUrl\":\"https:\/\/i1.wp.com\/interpim.erresse-shop.it\/img-catalogo\/seletti\/seletti-fiamma-pixel.jpg?ssl=1\"},{\"@type\":\"BreadcrumbList\",\"@id\":\"https:\/\/dev6.erresse-shop.it\/de\/shop\/einrichtung-haus\/dekoartikel\/seletti-spiegel-pixel-mirror-flame\/#breadcrumb\",\"itemListElement\":[{\"@type\":\"ListItem\",\"position\":1,\"name\":\"Home\",\"item\":\"https:\/\/dev6.erresse-shop.it\/\"},{\"@type\":\"ListItem\",\"position\":2,\"name\":\"Shop\",\"item\":\"https:\/\/dev6.erresse-shop.it\/shop\/\"},{\"@type\":\"ListItem\",\"position\":3,\"name\":\"SELETTI Spiegel Pixel Mirror Flame\"}]},{\"@type\":\"WebSite\",\"@id\":\"https:\/\/dev6.erresse-shop.it\/#website\",\"url\":\"https:\/\/dev6.erresse-shop.it\/\",\"name\":\"Erresse Shop\",\"description\":\"\",\"publisher\":{\"@id\":\"https:\/\/dev6.erresse-shop.it\/#organization\"},\"potentialAction\":[{\"@type\":\"SearchAction\",\"target\":{\"@type\":\"EntryPoint\",\"urlTemplate\":\"https:\/\/dev6.erresse-shop.it\/?s={search_term_string}\"},\"query-input\":{\"@type\":\"PropertyValueSpecification\",\"valueRequired\":true,\"valueName\":\"search_term_string\"}}],\"inLanguage\":\"de\"},{\"@type\":\"Organization\",\"@id\":\"https:\/\/dev6.erresse-shop.it\/#organization\",\"name\":\"Erresse Shop\",\"url\":\"https:\/\/dev6.erresse-shop.it\/\",\"logo\":{\"@type\":\"ImageObject\",\"inLanguage\":\"de\",\"@id\":\"https:\/\/dev6.erresse-shop.it\/#\/schema\/logo\/image\/\",\"url\":\"https:\/\/dev6.erresse-shop.it\/wp-content\/uploads\/2025\/01\/LOGO-ERRESSE-CLASSICO.svg\",\"contentUrl\":\"https:\/\/dev6.erresse-shop.it\/wp-content\/uploads\/2025\/01\/LOGO-ERRESSE-CLASSICO.svg\",\"caption\":\"Erresse Shop\"},\"image\":{\"@id\":\"https:\/\/dev6.erresse-shop.it\/#\/schema\/logo\/image\/\"}}]}<\/script>\n<!-- \/ Yoast SEO plugin. -->","yoast_head_json":{"title":"SELETTI Spiegel Pixel Mirror Flame - dev6 Erresse","description":"Ein Pixel Art Mirror f\u00fcr alle Fans von Grafik und Popkultur, f\u00fcr Liebhaber von Videospielen und ganz allgemein f\u00fcr alle, die ungew\u00f6hnliche Objekte","robots":{"index":"noindex","follow":"follow","max-snippet":"max-snippet:-1","max-image-preview":"max-image-preview:large","max-video-preview":"max-video-preview:-1"},"og_locale":"de_DE","og_type":"article","og_title":"SELETTI Spiegel Pixel Mirror Flame - dev6 Erresse","og_description":"Ein Pixel Art Mirror f\u00fcr alle Fans von Grafik und Popkultur, f\u00fcr Liebhaber von Videospielen und ganz allgemein f\u00fcr alle, die ungew\u00f6hnliche Objekte","og_url":"https:\/\/dev6.erresse-shop.it\/de\/shop\/einrichtung-haus\/dekoartikel\/seletti-spiegel-pixel-mirror-flame\/","og_site_name":"dev6 Erresse","og_image":[{"url":"https:\/\/interpim.erresse-shop.it\/img-catalogo\/seletti\/seletti-fiamma-pixel.jpg","type":"","width":"","height":""},{"url":"https:\/\/interpim.erresse-shop.it\/img-catalogo\/seletti\/seletti-fiamma-pixel.jpg","width":1024,"height":1024,"type":"image\/jpeg"}],"twitter_card":"summary_large_image","twitter_image":"https:\/\/interpim.erresse-shop.it\/img-catalogo\/seletti\/seletti-fiamma-pixel.jpg","schema":{"@context":"https:\/\/schema.org","@graph":[{"@type":"WebPage","@id":"https:\/\/dev6.erresse-shop.it\/de\/shop\/einrichtung-haus\/dekoartikel\/seletti-spiegel-pixel-mirror-flame\/","url":"https:\/\/dev6.erresse-shop.it\/de\/shop\/einrichtung-haus\/dekoartikel\/seletti-spiegel-pixel-mirror-flame\/","name":"SELETTI Spiegel Pixel Mirror Flame - dev6 Erresse","isPartOf":{"@id":"https:\/\/dev6.erresse-shop.it\/#website"},"primaryImageOfPage":{"@id":"https:\/\/dev6.erresse-shop.it\/de\/shop\/einrichtung-haus\/dekoartikel\/seletti-spiegel-pixel-mirror-flame\/#primaryimage"},"image":{"@id":"https:\/\/dev6.erresse-shop.it\/de\/shop\/einrichtung-haus\/dekoartikel\/seletti-spiegel-pixel-mirror-flame\/#primaryimage"},"thumbnailUrl":"https:\/\/i1.wp.com\/interpim.erresse-shop.it\/img-catalogo\/seletti\/seletti-fiamma-pixel.jpg?ssl=1","datePublished":"2026-04-12T12:52:25+00:00","description":"Ein Pixel Art Mirror f\u00fcr alle Fans von Grafik und Popkultur, f\u00fcr Liebhaber von Videospielen und ganz allgemein f\u00fcr alle, die ungew\u00f6hnliche Objekte","breadcrumb":{"@id":"https:\/\/dev6.erresse-shop.it\/de\/shop\/einrichtung-haus\/dekoartikel\/seletti-spiegel-pixel-mirror-flame\/#breadcrumb"},"inLanguage":"de","potentialAction":[{"@type":"ReadAction","target":["https:\/\/dev6.erresse-shop.it\/de\/shop\/einrichtung-haus\/dekoartikel\/seletti-spiegel-pixel-mirror-flame\/"]}]},{"@type":"ImageObject","inLanguage":"de","@id":"https:\/\/dev6.erresse-shop.it\/de\/shop\/einrichtung-haus\/dekoartikel\/seletti-spiegel-pixel-mirror-flame\/#primaryimage","url":"https:\/\/i1.wp.com\/interpim.erresse-shop.it\/img-catalogo\/seletti\/seletti-fiamma-pixel.jpg?ssl=1","contentUrl":"https:\/\/i1.wp.com\/interpim.erresse-shop.it\/img-catalogo\/seletti\/seletti-fiamma-pixel.jpg?ssl=1"},{"@type":"BreadcrumbList","@id":"https:\/\/dev6.erresse-shop.it\/de\/shop\/einrichtung-haus\/dekoartikel\/seletti-spiegel-pixel-mirror-flame\/#breadcrumb","itemListElement":[{"@type":"ListItem","position":1,"name":"Home","item":"https:\/\/dev6.erresse-shop.it\/"},{"@type":"ListItem","position":2,"name":"Shop","item":"https:\/\/dev6.erresse-shop.it\/shop\/"},{"@type":"ListItem","position":3,"name":"SELETTI Spiegel Pixel Mirror Flame"}]},{"@type":"WebSite","@id":"https:\/\/dev6.erresse-shop.it\/#website","url":"https:\/\/dev6.erresse-shop.it\/","name":"Erresse Shop","description":"","publisher":{"@id":"https:\/\/dev6.erresse-shop.it\/#organization"},"potentialAction":[{"@type":"SearchAction","target":{"@type":"EntryPoint","urlTemplate":"https:\/\/dev6.erresse-shop.it\/?s={search_term_string}"},"query-input":{"@type":"PropertyValueSpecification","valueRequired":true,"valueName":"search_term_string"}}],"inLanguage":"de"},{"@type":"Organization","@id":"https:\/\/dev6.erresse-shop.it\/#organization","name":"Erresse Shop","url":"https:\/\/dev6.erresse-shop.it\/","logo":{"@type":"ImageObject","inLanguage":"de","@id":"https:\/\/dev6.erresse-shop.it\/#\/schema\/logo\/image\/","url":"https:\/\/dev6.erresse-shop.it\/wp-content\/uploads\/2025\/01\/LOGO-ERRESSE-CLASSICO.svg","contentUrl":"https:\/\/dev6.erresse-shop.it\/wp-content\/uploads\/2025\/01\/LOGO-ERRESSE-CLASSICO.svg","caption":"Erresse Shop"},"image":{"@id":"https:\/\/dev6.erresse-shop.it\/#\/schema\/logo\/image\/"}}]}},"df_price":119,"df_sale_price":119,"df_regular_price":159,"df_image_link":"https:\/\/i1.wp.com\/interpim.erresse-shop.it\/img-catalogo\/seletti\/seletti-fiamma-pixel.jpg?resize=300,300&ssl=1","fifu_image_url":"https:\/\/interpim.erresse-shop.it\/img-catalogo\/seletti\/seletti-fiamma-pixel.jpg","_links":{"self":[{"href":"https:\/\/dev6.erresse-shop.it\/de\/wp-json\/wp\/v2\/product\/56626","targetHints":{"allow":["GET"]}}],"collection":[{"href":"https:\/\/dev6.erresse-shop.it\/de\/wp-json\/wp\/v2\/product"}],"about":[{"href":"https:\/\/dev6.erresse-shop.it\/de\/wp-json\/wp\/v2\/types\/product"}],"wp:featuredmedia":[{"embeddable":true,"href":"https:\/\/dev6.erresse-shop.it\/de\/wp-json\/wp\/v2\/media\/6381549"}],"wp:attachment":[{"href":"https:\/\/dev6.erresse-shop.it\/de\/wp-json\/wp\/v2\/media?parent=56626"}],"wp:term":[{"taxonomy":"product_cat","embeddable":true,"href":"https:\/\/dev6.erresse-shop.it\/de\/wp-json\/wp\/v2\/product_cat?post=56626"},{"taxonomy":"product_tag","embeddable":true,"href":"https:\/\/dev6.erresse-shop.it\/de\/wp-json\/wp\/v2\/product_tag?post=56626"}],"curies":[{"name":"wp","href":"https:\/\/api.w.org\/{rel}","templated":true}]}}