{"id":56620,"date":"2026-04-04T12:18:23","date_gmt":"2026-04-04T10:18:23","guid":{"rendered":"https:\/\/dev6.erresse-shop.it\/shop\/unkategorisiert\/g3-ferrari-sakuriso-reiskocher-18l\/"},"modified":"2025-09-14T02:37:10","modified_gmt":"2025-09-14T00:37:10","slug":"g3-ferrari-sakuriso-reiskocher-18l","status":"publish","type":"product","link":"https:\/\/dev6.erresse-shop.it\/de\/shop\/kleine-elektrogeraete\/kuechenmaschinen\/g3-ferrari-sakuriso-reiskocher-18l\/","title":{"rendered":"G3 FERRARI Sakuri&#8217;so Reiskocher 1,8L"},"content":{"rendered":"<p>Mit SAKURI\u2019 SO k\u00f6nnen Sie bis zu 10 Tassen ausgezeichneten Reis auf einmal zubereiten, der dank der automatischen Abschaltfunktion am Ende des Garvorgangs einwandfrei ged\u00e4mpft wird. Aber das ist noch nicht alles: SAKURI\u2019 SO verf\u00fcgt auch \u00fcber ein Fach f\u00fcr die Zubereitung von Fisch und Gem\u00fcse. Ausgestattet mit einem abnehmbaren Topf mit Antihaftbeschichtung, einem Deckel mit Bel\u00fcftung und einem Anti-Brandschutz-Griff f\u00fcr maximalen Komfort, liefert unser Reiskocher eine maximale Leistung von 700 Watt, mit der Sie Ihre Gerichte im Handumdrehen auf den Tisch bringen k\u00f6nnen.<\/p>\n<p>Technische Daten<\/p>\n<p>Abnehmbarer Antihaft-Topf<br \/>\nAutomatische Abschaltung<br \/>\nGro\u00dfes Fassungsverm\u00f6gen 1,8 l \/ 10 Tassen<br \/>\nDampfgareinsatz<br \/>\nGeh\u00e4use aus rostfreiem Stahl<br \/>\nDeckel mit Entl\u00fcftung und Anti-Brand-Griff<br \/>\nZubeh\u00f6r: Tablett, L\u00f6ffel, Tasse<br \/>\nStromversorgung: AC 220-240V ~ 50\/60Hz<br \/>\nLeistung: 700 W<br \/>\nAbmessungen (\u00d8 x H): 27 x 28,5 cm<br \/>\nGewicht: 2,7 kg<\/p>\n<p>Nicht zum Verkauf au\u00dferhalb Europas<\/p>\n","protected":false},"excerpt":{"rendered":"<p>Mit SAKURI\u2019 SO k\u00f6nnen Sie bis zu 10 Tassen ausgezeichneten Reis auf einmal zubereiten, der dank der automatischen Abschaltfunktion am Ende des Garvorgangs einwandfrei ged\u00e4mpft wird. Aber das ist noch nicht alles: SAKURI\u2019 SO verf\u00fcgt auch \u00fcber ein Fach f\u00fcr die Zubereitung von Fisch und Gem\u00fcse. Ausgestattet mit einem abnehmbaren Topf mit Antihaftbeschichtung, einem Deckel [&hellip;]<\/p>\n","protected":false},"featured_media":6288853,"template":"","meta":{"_acf_changed":false},"product_cat":[12163,12174],"product_tag":[],"class_list":{"0":"post-56620","1":"product","2":"type-product","3":"status-publish","4":"has-post-thumbnail","6":"product_cat-kleine-elektrogeraete","7":"product_cat-kuechenmaschinen","9":"first","10":"instock","11":"sale","12":"taxable","13":"shipping-taxable","14":"purchasable","15":"product-type-simple","swatches":"rey-swatches","show_selected":"","stretch_labels":"rey-swatches--stretch-labels"},"acf":[],"yoast_head":"<!-- This site is optimized with the Yoast SEO plugin v25.4 - https:\/\/yoast.com\/wordpress\/plugins\/seo\/ -->\n<title>G3 FERRARI Sakuri&#8217;so Reiskocher 1,8L - dev6 Erresse<\/title>\n<meta name=\"description\" content=\"Mit SAKURI\u2019 SO k\u00f6nnen Sie bis zu 10 Tassen ausgezeichneten Reis auf einmal zubereiten, der dank der automatischen Abschaltfunktion am Ende des Garvorgangs\" \/>\n<meta name=\"robots\" content=\"noindex, follow, max-snippet:-1, max-image-preview:large, max-video-preview:-1\" \/>\n<meta property=\"og:locale\" content=\"de_DE\" \/>\n<meta property=\"og:type\" content=\"article\" \/>\n<meta property=\"og:title\" content=\"G3 FERRARI Sakuri&#8217;so Reiskocher 1,8L - dev6 Erresse\" \/>\n<meta property=\"og:description\" content=\"Mit SAKURI\u2019 SO k\u00f6nnen Sie bis zu 10 Tassen ausgezeichneten Reis auf einmal zubereiten, der dank der automatischen Abschaltfunktion am Ende des Garvorgangs\" \/>\n<meta property=\"og:url\" content=\"https:\/\/dev6.erresse-shop.it\/de\/shop\/kleine-elektrogeraete\/kuechenmaschinen\/g3-ferrari-sakuriso-reiskocher-18l\/\" \/>\n<meta property=\"og:site_name\" content=\"dev6 Erresse\" \/>\n<meta property=\"og:image\" content=\"https:\/\/interpim.erresse-shop.it\/Import\/Prodotti\/g3-ferrari-cuociriso.jpg\" \/><meta property=\"og:image\" content=\"https:\/\/interpim.erresse-shop.it\/Import\/Prodotti\/g3-ferrari-cuociriso.jpg\" \/>\n\t<meta property=\"og:image:width\" content=\"1024\" \/>\n\t<meta property=\"og:image:height\" content=\"1024\" \/>\n\t<meta property=\"og:image:type\" content=\"image\/jpeg\" \/>\n<meta name=\"twitter:card\" content=\"summary_large_image\" \/>\n<meta name=\"twitter:image\" content=\"https:\/\/interpim.erresse-shop.it\/Import\/Prodotti\/g3-ferrari-cuociriso.jpg\" \/>\n<script type=\"application\/ld+json\" class=\"yoast-schema-graph\">{\"@context\":\"https:\/\/schema.org\",\"@graph\":[{\"@type\":\"WebPage\",\"@id\":\"https:\/\/dev6.erresse-shop.it\/de\/shop\/kleine-elektrogeraete\/kuechenmaschinen\/g3-ferrari-sakuriso-reiskocher-18l\/\",\"url\":\"https:\/\/dev6.erresse-shop.it\/de\/shop\/kleine-elektrogeraete\/kuechenmaschinen\/g3-ferrari-sakuriso-reiskocher-18l\/\",\"name\":\"G3 FERRARI Sakuri&#8217;so Reiskocher 1,8L - dev6 Erresse\",\"isPartOf\":{\"@id\":\"https:\/\/dev6.erresse-shop.it\/#website\"},\"primaryImageOfPage\":{\"@id\":\"https:\/\/dev6.erresse-shop.it\/de\/shop\/kleine-elektrogeraete\/kuechenmaschinen\/g3-ferrari-sakuriso-reiskocher-18l\/#primaryimage\"},\"image\":{\"@id\":\"https:\/\/dev6.erresse-shop.it\/de\/shop\/kleine-elektrogeraete\/kuechenmaschinen\/g3-ferrari-sakuriso-reiskocher-18l\/#primaryimage\"},\"thumbnailUrl\":\"https:\/\/i0.wp.com\/interpim.erresse-shop.it\/Import\/Prodotti\/g3-ferrari-cuociriso.jpg?ssl=1\",\"datePublished\":\"2026-04-04T10:18:23+00:00\",\"description\":\"Mit SAKURI\u2019 SO k\u00f6nnen Sie bis zu 10 Tassen ausgezeichneten Reis auf einmal zubereiten, der dank der automatischen Abschaltfunktion am Ende des Garvorgangs\",\"breadcrumb\":{\"@id\":\"https:\/\/dev6.erresse-shop.it\/de\/shop\/kleine-elektrogeraete\/kuechenmaschinen\/g3-ferrari-sakuriso-reiskocher-18l\/#breadcrumb\"},\"inLanguage\":\"de\",\"potentialAction\":[{\"@type\":\"ReadAction\",\"target\":[\"https:\/\/dev6.erresse-shop.it\/de\/shop\/kleine-elektrogeraete\/kuechenmaschinen\/g3-ferrari-sakuriso-reiskocher-18l\/\"]}]},{\"@type\":\"ImageObject\",\"inLanguage\":\"de\",\"@id\":\"https:\/\/dev6.erresse-shop.it\/de\/shop\/kleine-elektrogeraete\/kuechenmaschinen\/g3-ferrari-sakuriso-reiskocher-18l\/#primaryimage\",\"url\":\"https:\/\/i0.wp.com\/interpim.erresse-shop.it\/Import\/Prodotti\/g3-ferrari-cuociriso.jpg?ssl=1\",\"contentUrl\":\"https:\/\/i0.wp.com\/interpim.erresse-shop.it\/Import\/Prodotti\/g3-ferrari-cuociriso.jpg?ssl=1\"},{\"@type\":\"BreadcrumbList\",\"@id\":\"https:\/\/dev6.erresse-shop.it\/de\/shop\/kleine-elektrogeraete\/kuechenmaschinen\/g3-ferrari-sakuriso-reiskocher-18l\/#breadcrumb\",\"itemListElement\":[{\"@type\":\"ListItem\",\"position\":1,\"name\":\"Home\",\"item\":\"https:\/\/dev6.erresse-shop.it\/\"},{\"@type\":\"ListItem\",\"position\":2,\"name\":\"Shop\",\"item\":\"https:\/\/dev6.erresse-shop.it\/shop\/\"},{\"@type\":\"ListItem\",\"position\":3,\"name\":\"G3 FERRARI Sakuri&#8217;so Reiskocher 1,8L\"}]},{\"@type\":\"WebSite\",\"@id\":\"https:\/\/dev6.erresse-shop.it\/#website\",\"url\":\"https:\/\/dev6.erresse-shop.it\/\",\"name\":\"Erresse Shop\",\"description\":\"\",\"publisher\":{\"@id\":\"https:\/\/dev6.erresse-shop.it\/#organization\"},\"potentialAction\":[{\"@type\":\"SearchAction\",\"target\":{\"@type\":\"EntryPoint\",\"urlTemplate\":\"https:\/\/dev6.erresse-shop.it\/?s={search_term_string}\"},\"query-input\":{\"@type\":\"PropertyValueSpecification\",\"valueRequired\":true,\"valueName\":\"search_term_string\"}}],\"inLanguage\":\"de\"},{\"@type\":\"Organization\",\"@id\":\"https:\/\/dev6.erresse-shop.it\/#organization\",\"name\":\"Erresse Shop\",\"url\":\"https:\/\/dev6.erresse-shop.it\/\",\"logo\":{\"@type\":\"ImageObject\",\"inLanguage\":\"de\",\"@id\":\"https:\/\/dev6.erresse-shop.it\/#\/schema\/logo\/image\/\",\"url\":\"https:\/\/dev6.erresse-shop.it\/wp-content\/uploads\/2025\/01\/LOGO-ERRESSE-CLASSICO.svg\",\"contentUrl\":\"https:\/\/dev6.erresse-shop.it\/wp-content\/uploads\/2025\/01\/LOGO-ERRESSE-CLASSICO.svg\",\"caption\":\"Erresse Shop\"},\"image\":{\"@id\":\"https:\/\/dev6.erresse-shop.it\/#\/schema\/logo\/image\/\"}}]}<\/script>\n<!-- \/ Yoast SEO plugin. -->","yoast_head_json":{"title":"G3 FERRARI Sakuri&#8217;so Reiskocher 1,8L - dev6 Erresse","description":"Mit SAKURI\u2019 SO k\u00f6nnen Sie bis zu 10 Tassen ausgezeichneten Reis auf einmal zubereiten, der dank der automatischen Abschaltfunktion am Ende des Garvorgangs","robots":{"index":"noindex","follow":"follow","max-snippet":"max-snippet:-1","max-image-preview":"max-image-preview:large","max-video-preview":"max-video-preview:-1"},"og_locale":"de_DE","og_type":"article","og_title":"G3 FERRARI Sakuri&#8217;so Reiskocher 1,8L - dev6 Erresse","og_description":"Mit SAKURI\u2019 SO k\u00f6nnen Sie bis zu 10 Tassen ausgezeichneten Reis auf einmal zubereiten, der dank der automatischen Abschaltfunktion am Ende des Garvorgangs","og_url":"https:\/\/dev6.erresse-shop.it\/de\/shop\/kleine-elektrogeraete\/kuechenmaschinen\/g3-ferrari-sakuriso-reiskocher-18l\/","og_site_name":"dev6 Erresse","og_image":[{"url":"https:\/\/interpim.erresse-shop.it\/Import\/Prodotti\/g3-ferrari-cuociriso.jpg","type":"","width":"","height":""},{"url":"https:\/\/interpim.erresse-shop.it\/Import\/Prodotti\/g3-ferrari-cuociriso.jpg","width":1024,"height":1024,"type":"image\/jpeg"}],"twitter_card":"summary_large_image","twitter_image":"https:\/\/interpim.erresse-shop.it\/Import\/Prodotti\/g3-ferrari-cuociriso.jpg","schema":{"@context":"https:\/\/schema.org","@graph":[{"@type":"WebPage","@id":"https:\/\/dev6.erresse-shop.it\/de\/shop\/kleine-elektrogeraete\/kuechenmaschinen\/g3-ferrari-sakuriso-reiskocher-18l\/","url":"https:\/\/dev6.erresse-shop.it\/de\/shop\/kleine-elektrogeraete\/kuechenmaschinen\/g3-ferrari-sakuriso-reiskocher-18l\/","name":"G3 FERRARI Sakuri&#8217;so Reiskocher 1,8L - dev6 Erresse","isPartOf":{"@id":"https:\/\/dev6.erresse-shop.it\/#website"},"primaryImageOfPage":{"@id":"https:\/\/dev6.erresse-shop.it\/de\/shop\/kleine-elektrogeraete\/kuechenmaschinen\/g3-ferrari-sakuriso-reiskocher-18l\/#primaryimage"},"image":{"@id":"https:\/\/dev6.erresse-shop.it\/de\/shop\/kleine-elektrogeraete\/kuechenmaschinen\/g3-ferrari-sakuriso-reiskocher-18l\/#primaryimage"},"thumbnailUrl":"https:\/\/i0.wp.com\/interpim.erresse-shop.it\/Import\/Prodotti\/g3-ferrari-cuociriso.jpg?ssl=1","datePublished":"2026-04-04T10:18:23+00:00","description":"Mit SAKURI\u2019 SO k\u00f6nnen Sie bis zu 10 Tassen ausgezeichneten Reis auf einmal zubereiten, der dank der automatischen Abschaltfunktion am Ende des Garvorgangs","breadcrumb":{"@id":"https:\/\/dev6.erresse-shop.it\/de\/shop\/kleine-elektrogeraete\/kuechenmaschinen\/g3-ferrari-sakuriso-reiskocher-18l\/#breadcrumb"},"inLanguage":"de","potentialAction":[{"@type":"ReadAction","target":["https:\/\/dev6.erresse-shop.it\/de\/shop\/kleine-elektrogeraete\/kuechenmaschinen\/g3-ferrari-sakuriso-reiskocher-18l\/"]}]},{"@type":"ImageObject","inLanguage":"de","@id":"https:\/\/dev6.erresse-shop.it\/de\/shop\/kleine-elektrogeraete\/kuechenmaschinen\/g3-ferrari-sakuriso-reiskocher-18l\/#primaryimage","url":"https:\/\/i0.wp.com\/interpim.erresse-shop.it\/Import\/Prodotti\/g3-ferrari-cuociriso.jpg?ssl=1","contentUrl":"https:\/\/i0.wp.com\/interpim.erresse-shop.it\/Import\/Prodotti\/g3-ferrari-cuociriso.jpg?ssl=1"},{"@type":"BreadcrumbList","@id":"https:\/\/dev6.erresse-shop.it\/de\/shop\/kleine-elektrogeraete\/kuechenmaschinen\/g3-ferrari-sakuriso-reiskocher-18l\/#breadcrumb","itemListElement":[{"@type":"ListItem","position":1,"name":"Home","item":"https:\/\/dev6.erresse-shop.it\/"},{"@type":"ListItem","position":2,"name":"Shop","item":"https:\/\/dev6.erresse-shop.it\/shop\/"},{"@type":"ListItem","position":3,"name":"G3 FERRARI Sakuri&#8217;so Reiskocher 1,8L"}]},{"@type":"WebSite","@id":"https:\/\/dev6.erresse-shop.it\/#website","url":"https:\/\/dev6.erresse-shop.it\/","name":"Erresse Shop","description":"","publisher":{"@id":"https:\/\/dev6.erresse-shop.it\/#organization"},"potentialAction":[{"@type":"SearchAction","target":{"@type":"EntryPoint","urlTemplate":"https:\/\/dev6.erresse-shop.it\/?s={search_term_string}"},"query-input":{"@type":"PropertyValueSpecification","valueRequired":true,"valueName":"search_term_string"}}],"inLanguage":"de"},{"@type":"Organization","@id":"https:\/\/dev6.erresse-shop.it\/#organization","name":"Erresse Shop","url":"https:\/\/dev6.erresse-shop.it\/","logo":{"@type":"ImageObject","inLanguage":"de","@id":"https:\/\/dev6.erresse-shop.it\/#\/schema\/logo\/image\/","url":"https:\/\/dev6.erresse-shop.it\/wp-content\/uploads\/2025\/01\/LOGO-ERRESSE-CLASSICO.svg","contentUrl":"https:\/\/dev6.erresse-shop.it\/wp-content\/uploads\/2025\/01\/LOGO-ERRESSE-CLASSICO.svg","caption":"Erresse Shop"},"image":{"@id":"https:\/\/dev6.erresse-shop.it\/#\/schema\/logo\/image\/"}}]}},"df_price":59,"df_sale_price":59,"df_regular_price":59.9,"df_image_link":"https:\/\/i0.wp.com\/interpim.erresse-shop.it\/Import\/Prodotti\/g3-ferrari-cuociriso.jpg?resize=300,300&ssl=1","fifu_image_url":"https:\/\/interpim.erresse-shop.it\/Import\/Prodotti\/g3-ferrari-cuociriso.jpg","_links":{"self":[{"href":"https:\/\/dev6.erresse-shop.it\/de\/wp-json\/wp\/v2\/product\/56620","targetHints":{"allow":["GET"]}}],"collection":[{"href":"https:\/\/dev6.erresse-shop.it\/de\/wp-json\/wp\/v2\/product"}],"about":[{"href":"https:\/\/dev6.erresse-shop.it\/de\/wp-json\/wp\/v2\/types\/product"}],"wp:featuredmedia":[{"embeddable":true,"href":"https:\/\/dev6.erresse-shop.it\/de\/wp-json\/wp\/v2\/media\/6288853"}],"wp:attachment":[{"href":"https:\/\/dev6.erresse-shop.it\/de\/wp-json\/wp\/v2\/media?parent=56620"}],"wp:term":[{"taxonomy":"product_cat","embeddable":true,"href":"https:\/\/dev6.erresse-shop.it\/de\/wp-json\/wp\/v2\/product_cat?post=56620"},{"taxonomy":"product_tag","embeddable":true,"href":"https:\/\/dev6.erresse-shop.it\/de\/wp-json\/wp\/v2\/product_tag?post=56620"}],"curies":[{"name":"wp","href":"https:\/\/api.w.org\/{rel}","templated":true}]}}