{"id":56618,"date":"2026-04-10T15:31:07","date_gmt":"2026-04-10T13:31:07","guid":{"rendered":"https:\/\/dev6.erresse-shop.it\/shop\/unkategorisiert\/g3-ferrari-rosto-37-l-titanium\/"},"modified":"2025-07-04T15:30:26","modified_gmt":"2025-07-04T13:30:26","slug":"g3-ferrari-rosto-37-l-titanium","status":"publish","type":"product","link":"https:\/\/dev6.erresse-shop.it\/de\/shop\/kleine-elektrogeraete\/oefen\/g3-ferrari-rosto-37-l-titanium\/","title":{"rendered":"G3 FERRARI Rost\u00f2 37 L Titanium"},"content":{"rendered":"<p>Der Rost\u00f2 37 ist einfach zu bedienen und mit seinem 37-Liter-Hohlraum sehr ger\u00e4umig. Es ist m\u00f6glich, 2 Gerichte gleichzeitig zu kochen, und dank des geringen Stromverbrauchs ist er ein wertvolles K\u00fcchenhilfsger\u00e4t. Die Umluftfunktion bietet die M\u00f6glichkeit, Speisen in k\u00fcrzerer Zeit zu garen. Er ist leicht zu transportieren und in vielen verschiedenen Situationen sowohl drinnen als auch drau\u00dfen n\u00fctzlich. Die hohe Innentemperatur, die mehr als 300 Grad erreichen kann, und das spezielle runde Blech machen diesen Ofen auch sehr gut f\u00fcr das Kochen von Pizza und \u00e4hnlichen Gerichten.<\/p>\n<p>Technische Daten<br \/>\n\u2013 Leistung: 1500W<br \/>\n\u2013 Fassungsverm\u00f6gen: 37 Lt<br \/>\n\u2013 Konvektion und Innenbeleuchtung<br \/>\n\u2013 Geeignet f\u00fcr Teller mit 38cm Durchmesser<br \/>\n\u2013 Doppelglas f\u00fcr W\u00e4rmed\u00e4mmung<br \/>\n\u2013 Timer: 90 Minuten mit akustischem Signal<br \/>\n\u2013 Einstellbarer Thermostat: von 40\u00b0C bis 300\u00b0C<br \/>\n\u2013 Heizelemente aus Stahl<br \/>\n\u2013 Kochfunktionen: doppelte Hitze, Boden und Grill<br \/>\n\u2013 Rotes Licht f\u00fcr den Betrieb<br \/>\n\u2013 Leicht zu reinigen: Emaillierte Innenw\u00e4nde.<br \/>\n\u2013 Zubeh\u00f6r: 1 Rost, 1 rechteckiges Tablett, 1 rundes Tablett \u00d837cm<br \/>\n\u2013 Stromanschluss: AC 230V ~ 50-60Hz<\/p>\n","protected":false},"excerpt":{"rendered":"<p>Der Rost\u00f2 37 ist einfach zu bedienen und mit seinem 37-Liter-Hohlraum sehr ger\u00e4umig. Es ist m\u00f6glich, 2 Gerichte gleichzeitig zu kochen, und dank des geringen Stromverbrauchs ist er ein wertvolles K\u00fcchenhilfsger\u00e4t. Die Umluftfunktion bietet die M\u00f6glichkeit, Speisen in k\u00fcrzerer Zeit zu garen. Er ist leicht zu transportieren und in vielen verschiedenen Situationen sowohl drinnen als [&hellip;]<\/p>\n","protected":false},"featured_media":6339895,"template":"","meta":{"_acf_changed":false},"product_cat":[12163,12193],"product_tag":[],"class_list":{"0":"post-56618","1":"product","2":"type-product","3":"status-publish","4":"has-post-thumbnail","6":"product_cat-kleine-elektrogeraete","7":"product_cat-oefen","9":"first","10":"instock","11":"taxable","12":"shipping-taxable","13":"product-type-simple","swatches":"rey-swatches","show_selected":"","stretch_labels":"rey-swatches--stretch-labels"},"acf":[],"yoast_head":"<!-- This site is optimized with the Yoast SEO plugin v25.4 - https:\/\/yoast.com\/wordpress\/plugins\/seo\/ -->\n<title>G3 FERRARI Rost\u00f2 37 L Titanium - dev6 Erresse<\/title>\n<meta name=\"description\" content=\"Der Rost\u00f2 37 ist einfach zu bedienen und mit seinem 37-Liter-Hohlraum sehr ger\u00e4umig. Es ist m\u00f6glich, 2 Gerichte gleichzeitig zu kochen, und dank des\" \/>\n<meta name=\"robots\" content=\"noindex, follow, max-snippet:-1, max-image-preview:large, max-video-preview:-1\" \/>\n<meta property=\"og:locale\" content=\"de_DE\" \/>\n<meta property=\"og:type\" content=\"article\" \/>\n<meta property=\"og:title\" content=\"G3 FERRARI Rost\u00f2 37 L Titanium - dev6 Erresse\" \/>\n<meta property=\"og:description\" content=\"Der Rost\u00f2 37 ist einfach zu bedienen und mit seinem 37-Liter-Hohlraum sehr ger\u00e4umig. Es ist m\u00f6glich, 2 Gerichte gleichzeitig zu kochen, und dank des\" \/>\n<meta property=\"og:url\" content=\"https:\/\/dev6.erresse-shop.it\/de\/shop\/kleine-elektrogeraete\/oefen\/g3-ferrari-rosto-37-l-titanium\/\" \/>\n<meta property=\"og:site_name\" content=\"dev6 Erresse\" \/>\n<meta property=\"og:image\" content=\"https:\/\/interpim.erresse-shop.it\/wp-content\/uploads\/2024\/12\/G3-FERRARI-Rosto-37-L-Titanium.jpg\/g3-ferrari-rosto-37-l-titanium.jpg\" \/><meta property=\"og:image\" content=\"https:\/\/interpim.erresse-shop.it\/wp-content\/uploads\/2024\/12\/G3-FERRARI-Rosto-37-L-Titanium.jpg\/g3-ferrari-rosto-37-l-titanium.jpg\" \/>\n\t<meta property=\"og:image:width\" content=\"1024\" \/>\n\t<meta property=\"og:image:height\" content=\"1024\" \/>\n\t<meta property=\"og:image:type\" content=\"image\/jpeg\" \/>\n<meta name=\"twitter:card\" content=\"summary_large_image\" \/>\n<meta name=\"twitter:image\" content=\"https:\/\/interpim.erresse-shop.it\/wp-content\/uploads\/2024\/12\/G3-FERRARI-Rosto-37-L-Titanium.jpg\/g3-ferrari-rosto-37-l-titanium.jpg\" \/>\n<script type=\"application\/ld+json\" class=\"yoast-schema-graph\">{\"@context\":\"https:\/\/schema.org\",\"@graph\":[{\"@type\":\"WebPage\",\"@id\":\"https:\/\/dev6.erresse-shop.it\/de\/shop\/kleine-elektrogeraete\/oefen\/g3-ferrari-rosto-37-l-titanium\/\",\"url\":\"https:\/\/dev6.erresse-shop.it\/de\/shop\/kleine-elektrogeraete\/oefen\/g3-ferrari-rosto-37-l-titanium\/\",\"name\":\"G3 FERRARI Rost\u00f2 37 L Titanium - dev6 Erresse\",\"isPartOf\":{\"@id\":\"https:\/\/dev6.erresse-shop.it\/#website\"},\"primaryImageOfPage\":{\"@id\":\"https:\/\/dev6.erresse-shop.it\/de\/shop\/kleine-elektrogeraete\/oefen\/g3-ferrari-rosto-37-l-titanium\/#primaryimage\"},\"image\":{\"@id\":\"https:\/\/dev6.erresse-shop.it\/de\/shop\/kleine-elektrogeraete\/oefen\/g3-ferrari-rosto-37-l-titanium\/#primaryimage\"},\"thumbnailUrl\":\"https:\/\/i1.wp.com\/interpim.erresse-shop.it\/wp-content\/uploads\/2024\/12\/G3-FERRARI-Rosto-37-L-Titanium.jpg\/g3-ferrari-rosto-37-l-titanium.jpg?ssl=1\",\"datePublished\":\"2026-04-10T13:31:07+00:00\",\"description\":\"Der Rost\u00f2 37 ist einfach zu bedienen und mit seinem 37-Liter-Hohlraum sehr ger\u00e4umig. Es ist m\u00f6glich, 2 Gerichte gleichzeitig zu kochen, und dank des\",\"breadcrumb\":{\"@id\":\"https:\/\/dev6.erresse-shop.it\/de\/shop\/kleine-elektrogeraete\/oefen\/g3-ferrari-rosto-37-l-titanium\/#breadcrumb\"},\"inLanguage\":\"de\",\"potentialAction\":[{\"@type\":\"ReadAction\",\"target\":[\"https:\/\/dev6.erresse-shop.it\/de\/shop\/kleine-elektrogeraete\/oefen\/g3-ferrari-rosto-37-l-titanium\/\"]}]},{\"@type\":\"ImageObject\",\"inLanguage\":\"de\",\"@id\":\"https:\/\/dev6.erresse-shop.it\/de\/shop\/kleine-elektrogeraete\/oefen\/g3-ferrari-rosto-37-l-titanium\/#primaryimage\",\"url\":\"https:\/\/i1.wp.com\/interpim.erresse-shop.it\/wp-content\/uploads\/2024\/12\/G3-FERRARI-Rosto-37-L-Titanium.jpg\/g3-ferrari-rosto-37-l-titanium.jpg?ssl=1\",\"contentUrl\":\"https:\/\/i1.wp.com\/interpim.erresse-shop.it\/wp-content\/uploads\/2024\/12\/G3-FERRARI-Rosto-37-L-Titanium.jpg\/g3-ferrari-rosto-37-l-titanium.jpg?ssl=1\"},{\"@type\":\"BreadcrumbList\",\"@id\":\"https:\/\/dev6.erresse-shop.it\/de\/shop\/kleine-elektrogeraete\/oefen\/g3-ferrari-rosto-37-l-titanium\/#breadcrumb\",\"itemListElement\":[{\"@type\":\"ListItem\",\"position\":1,\"name\":\"Home\",\"item\":\"https:\/\/dev6.erresse-shop.it\/\"},{\"@type\":\"ListItem\",\"position\":2,\"name\":\"Shop\",\"item\":\"https:\/\/dev6.erresse-shop.it\/shop\/\"},{\"@type\":\"ListItem\",\"position\":3,\"name\":\"G3 FERRARI Rost\u00f2 37 L Titanium\"}]},{\"@type\":\"WebSite\",\"@id\":\"https:\/\/dev6.erresse-shop.it\/#website\",\"url\":\"https:\/\/dev6.erresse-shop.it\/\",\"name\":\"Erresse Shop\",\"description\":\"\",\"publisher\":{\"@id\":\"https:\/\/dev6.erresse-shop.it\/#organization\"},\"potentialAction\":[{\"@type\":\"SearchAction\",\"target\":{\"@type\":\"EntryPoint\",\"urlTemplate\":\"https:\/\/dev6.erresse-shop.it\/?s={search_term_string}\"},\"query-input\":{\"@type\":\"PropertyValueSpecification\",\"valueRequired\":true,\"valueName\":\"search_term_string\"}}],\"inLanguage\":\"de\"},{\"@type\":\"Organization\",\"@id\":\"https:\/\/dev6.erresse-shop.it\/#organization\",\"name\":\"Erresse Shop\",\"url\":\"https:\/\/dev6.erresse-shop.it\/\",\"logo\":{\"@type\":\"ImageObject\",\"inLanguage\":\"de\",\"@id\":\"https:\/\/dev6.erresse-shop.it\/#\/schema\/logo\/image\/\",\"url\":\"https:\/\/dev6.erresse-shop.it\/wp-content\/uploads\/2025\/01\/LOGO-ERRESSE-CLASSICO.svg\",\"contentUrl\":\"https:\/\/dev6.erresse-shop.it\/wp-content\/uploads\/2025\/01\/LOGO-ERRESSE-CLASSICO.svg\",\"caption\":\"Erresse Shop\"},\"image\":{\"@id\":\"https:\/\/dev6.erresse-shop.it\/#\/schema\/logo\/image\/\"}}]}<\/script>\n<!-- \/ Yoast SEO plugin. -->","yoast_head_json":{"title":"G3 FERRARI Rost\u00f2 37 L Titanium - dev6 Erresse","description":"Der Rost\u00f2 37 ist einfach zu bedienen und mit seinem 37-Liter-Hohlraum sehr ger\u00e4umig. Es ist m\u00f6glich, 2 Gerichte gleichzeitig zu kochen, und dank des","robots":{"index":"noindex","follow":"follow","max-snippet":"max-snippet:-1","max-image-preview":"max-image-preview:large","max-video-preview":"max-video-preview:-1"},"og_locale":"de_DE","og_type":"article","og_title":"G3 FERRARI Rost\u00f2 37 L Titanium - dev6 Erresse","og_description":"Der Rost\u00f2 37 ist einfach zu bedienen und mit seinem 37-Liter-Hohlraum sehr ger\u00e4umig. Es ist m\u00f6glich, 2 Gerichte gleichzeitig zu kochen, und dank des","og_url":"https:\/\/dev6.erresse-shop.it\/de\/shop\/kleine-elektrogeraete\/oefen\/g3-ferrari-rosto-37-l-titanium\/","og_site_name":"dev6 Erresse","og_image":[{"url":"https:\/\/interpim.erresse-shop.it\/wp-content\/uploads\/2024\/12\/G3-FERRARI-Rosto-37-L-Titanium.jpg\/g3-ferrari-rosto-37-l-titanium.jpg","type":"","width":"","height":""},{"url":"https:\/\/interpim.erresse-shop.it\/wp-content\/uploads\/2024\/12\/G3-FERRARI-Rosto-37-L-Titanium.jpg\/g3-ferrari-rosto-37-l-titanium.jpg","width":1024,"height":1024,"type":"image\/jpeg"}],"twitter_card":"summary_large_image","twitter_image":"https:\/\/interpim.erresse-shop.it\/wp-content\/uploads\/2024\/12\/G3-FERRARI-Rosto-37-L-Titanium.jpg\/g3-ferrari-rosto-37-l-titanium.jpg","schema":{"@context":"https:\/\/schema.org","@graph":[{"@type":"WebPage","@id":"https:\/\/dev6.erresse-shop.it\/de\/shop\/kleine-elektrogeraete\/oefen\/g3-ferrari-rosto-37-l-titanium\/","url":"https:\/\/dev6.erresse-shop.it\/de\/shop\/kleine-elektrogeraete\/oefen\/g3-ferrari-rosto-37-l-titanium\/","name":"G3 FERRARI Rost\u00f2 37 L Titanium - dev6 Erresse","isPartOf":{"@id":"https:\/\/dev6.erresse-shop.it\/#website"},"primaryImageOfPage":{"@id":"https:\/\/dev6.erresse-shop.it\/de\/shop\/kleine-elektrogeraete\/oefen\/g3-ferrari-rosto-37-l-titanium\/#primaryimage"},"image":{"@id":"https:\/\/dev6.erresse-shop.it\/de\/shop\/kleine-elektrogeraete\/oefen\/g3-ferrari-rosto-37-l-titanium\/#primaryimage"},"thumbnailUrl":"https:\/\/i1.wp.com\/interpim.erresse-shop.it\/wp-content\/uploads\/2024\/12\/G3-FERRARI-Rosto-37-L-Titanium.jpg\/g3-ferrari-rosto-37-l-titanium.jpg?ssl=1","datePublished":"2026-04-10T13:31:07+00:00","description":"Der Rost\u00f2 37 ist einfach zu bedienen und mit seinem 37-Liter-Hohlraum sehr ger\u00e4umig. Es ist m\u00f6glich, 2 Gerichte gleichzeitig zu kochen, und dank des","breadcrumb":{"@id":"https:\/\/dev6.erresse-shop.it\/de\/shop\/kleine-elektrogeraete\/oefen\/g3-ferrari-rosto-37-l-titanium\/#breadcrumb"},"inLanguage":"de","potentialAction":[{"@type":"ReadAction","target":["https:\/\/dev6.erresse-shop.it\/de\/shop\/kleine-elektrogeraete\/oefen\/g3-ferrari-rosto-37-l-titanium\/"]}]},{"@type":"ImageObject","inLanguage":"de","@id":"https:\/\/dev6.erresse-shop.it\/de\/shop\/kleine-elektrogeraete\/oefen\/g3-ferrari-rosto-37-l-titanium\/#primaryimage","url":"https:\/\/i1.wp.com\/interpim.erresse-shop.it\/wp-content\/uploads\/2024\/12\/G3-FERRARI-Rosto-37-L-Titanium.jpg\/g3-ferrari-rosto-37-l-titanium.jpg?ssl=1","contentUrl":"https:\/\/i1.wp.com\/interpim.erresse-shop.it\/wp-content\/uploads\/2024\/12\/G3-FERRARI-Rosto-37-L-Titanium.jpg\/g3-ferrari-rosto-37-l-titanium.jpg?ssl=1"},{"@type":"BreadcrumbList","@id":"https:\/\/dev6.erresse-shop.it\/de\/shop\/kleine-elektrogeraete\/oefen\/g3-ferrari-rosto-37-l-titanium\/#breadcrumb","itemListElement":[{"@type":"ListItem","position":1,"name":"Home","item":"https:\/\/dev6.erresse-shop.it\/"},{"@type":"ListItem","position":2,"name":"Shop","item":"https:\/\/dev6.erresse-shop.it\/shop\/"},{"@type":"ListItem","position":3,"name":"G3 FERRARI Rost\u00f2 37 L Titanium"}]},{"@type":"WebSite","@id":"https:\/\/dev6.erresse-shop.it\/#website","url":"https:\/\/dev6.erresse-shop.it\/","name":"Erresse Shop","description":"","publisher":{"@id":"https:\/\/dev6.erresse-shop.it\/#organization"},"potentialAction":[{"@type":"SearchAction","target":{"@type":"EntryPoint","urlTemplate":"https:\/\/dev6.erresse-shop.it\/?s={search_term_string}"},"query-input":{"@type":"PropertyValueSpecification","valueRequired":true,"valueName":"search_term_string"}}],"inLanguage":"de"},{"@type":"Organization","@id":"https:\/\/dev6.erresse-shop.it\/#organization","name":"Erresse Shop","url":"https:\/\/dev6.erresse-shop.it\/","logo":{"@type":"ImageObject","inLanguage":"de","@id":"https:\/\/dev6.erresse-shop.it\/#\/schema\/logo\/image\/","url":"https:\/\/dev6.erresse-shop.it\/wp-content\/uploads\/2025\/01\/LOGO-ERRESSE-CLASSICO.svg","contentUrl":"https:\/\/dev6.erresse-shop.it\/wp-content\/uploads\/2025\/01\/LOGO-ERRESSE-CLASSICO.svg","caption":"Erresse Shop"},"image":{"@id":"https:\/\/dev6.erresse-shop.it\/#\/schema\/logo\/image\/"}}]}},"df_price":"","df_sale_price":"","df_regular_price":"","df_image_link":"https:\/\/i1.wp.com\/interpim.erresse-shop.it\/wp-content\/uploads\/2024\/12\/G3-FERRARI-Rosto-37-L-Titanium.jpg\/g3-ferrari-rosto-37-l-titanium.jpg?resize=300,300&ssl=1","fifu_image_url":"https:\/\/interpim.erresse-shop.it\/wp-content\/uploads\/2024\/12\/G3-FERRARI-Rosto-37-L-Titanium.jpg\/g3-ferrari-rosto-37-l-titanium.jpg","_links":{"self":[{"href":"https:\/\/dev6.erresse-shop.it\/de\/wp-json\/wp\/v2\/product\/56618","targetHints":{"allow":["GET"]}}],"collection":[{"href":"https:\/\/dev6.erresse-shop.it\/de\/wp-json\/wp\/v2\/product"}],"about":[{"href":"https:\/\/dev6.erresse-shop.it\/de\/wp-json\/wp\/v2\/types\/product"}],"wp:featuredmedia":[{"embeddable":true,"href":"https:\/\/dev6.erresse-shop.it\/de\/wp-json\/wp\/v2\/media\/6339895"}],"wp:attachment":[{"href":"https:\/\/dev6.erresse-shop.it\/de\/wp-json\/wp\/v2\/media?parent=56618"}],"wp:term":[{"taxonomy":"product_cat","embeddable":true,"href":"https:\/\/dev6.erresse-shop.it\/de\/wp-json\/wp\/v2\/product_cat?post=56618"},{"taxonomy":"product_tag","embeddable":true,"href":"https:\/\/dev6.erresse-shop.it\/de\/wp-json\/wp\/v2\/product_tag?post=56618"}],"curies":[{"name":"wp","href":"https:\/\/api.w.org\/{rel}","templated":true}]}}