{"id":56616,"date":"2026-04-12T12:21:09","date_gmt":"2026-04-12T10:21:09","guid":{"rendered":"https:\/\/dev6.erresse-shop.it\/shop\/unkategorisiert\/staub-runde-cocotte-twister-24-cm-la-mer\/"},"modified":"2026-01-30T20:54:12","modified_gmt":"2026-01-30T19:54:12","slug":"staub-runde-cocotte-twister-24-cm-la-mer","status":"publish","type":"product","link":"https:\/\/dev6.erresse-shop.it\/de\/shop\/toepfe-pfannen\/schalldaempfer-und-kokotten\/staub-runde-cocotte-twister-24-cm-la-mer\/","title":{"rendered":"STAUB Runde Cocotte Twister 24 cm La Mer"},"content":{"rendered":"<p>Die 24 cm gro\u00dfe Cocotte Twister von Staub ist das unverzichtbare Accessoire, das jeder leidenschaftliche Koch in seiner K\u00fcche haben sollte. Mit ihrer au\u00dfergew\u00f6hnlichen Kombination aus elegantem Design und hervorragender Kochleistung ist diese Cocotte dazu bestimmt, Ihr Lieblingsutensil f\u00fcr die Zubereitung k\u00f6stlicher Gerichte zu werden.<\/p>\n<p>\u00dcberlegene Qualit\u00e4t<br \/>\nDie in sorgf\u00e4ltiger Handarbeit aus emailliertem Gusseisen gefertigte Cocotte Twister von Staub bietet eine gleichm\u00e4\u00dfige W\u00e4rmeverteilung, die daf\u00fcr sorgt, dass Ihre Gerichte gleichm\u00e4\u00dfig gegart werden und ihr ganzes Aroma bewahren. Emailliertes Gusseisen ist bekannt f\u00fcr seine Langlebigkeit und seine Widerstandsf\u00e4higkeit gegen\u00fcber extremen Temperaturen und eignet sich daher perfekt zum Braten, Backen, Schmoren und vielem mehr.<\/p>\n<p>Elegantes Design<br \/>\nDas unverwechselbare Design der Cocotte Twister verleiht jeder K\u00fcche einen Hauch von Eleganz. Die verschlei\u00dffeste farbige Emaille ist in verschiedenen attraktiven Farben erh\u00e4ltlich, so dass Sie diejenige ausw\u00e4hlen k\u00f6nnen, die am besten zu Ihrem Stil passt. Die Cocotte verf\u00fcgt au\u00dferdem \u00fcber einen spiralf\u00f6rmigen Deckel, der den Dampf im Inneren effektiv einschlie\u00dft und daf\u00fcr sorgt, dass Ihre Gerichte saftig und schmackhaft bleiben.<\/p>\n<p>Vielseitigkeit in der K\u00fcche<br \/>\nMit ihrem Fassungsverm\u00f6gen von 24 cm ist die Cocotte Twister ideal f\u00fcr die Zubereitung gro\u00dfz\u00fcgiger Portionen von Suppen, Eint\u00f6pfen, Schmorgerichten, Risottos und vielem mehr. Sie kann sowohl auf Gas- als auch auf Induktionskochfeldern verwendet werden und ist somit f\u00fcr jede K\u00fcche geeignet.<\/p>\n<p>Leicht zu reinigen<br \/>\nDie emaillierte Oberfl\u00e4che der Cocotte ist sehr leicht zu reinigen. Ein kurzes Absp\u00fclen und eine leichte Reinigung gen\u00fcgen, um sie so gut wie neu zu erhalten.<\/p>\n<p>Marke: Staub<br \/>\nMaterial: Gusseisen<br \/>\nFarbe: La Mer<br \/>\nAbmessungen: d24 cm<\/p>\n","protected":false},"excerpt":{"rendered":"<p>Die 24 cm gro\u00dfe Cocotte Twister von Staub ist das unverzichtbare Accessoire, das jeder leidenschaftliche Koch in seiner K\u00fcche haben sollte. Mit ihrer au\u00dfergew\u00f6hnlichen Kombination aus elegantem Design und hervorragender Kochleistung ist diese Cocotte dazu bestimmt, Ihr Lieblingsutensil f\u00fcr die Zubereitung k\u00f6stlicher Gerichte zu werden. \u00dcberlegene Qualit\u00e4t Die in sorgf\u00e4ltiger Handarbeit aus emailliertem Gusseisen gefertigte [&hellip;]<\/p>\n","protected":false},"featured_media":6372114,"template":"","meta":{"_acf_changed":false},"product_cat":[11667,12108,12099],"product_tag":[],"class_list":{"0":"post-56616","1":"product","2":"type-product","3":"status-publish","4":"has-post-thumbnail","6":"product_cat-padelle-pentole","7":"product_cat-schalldaempfer-und-kokotten","8":"product_cat-toepfe-pfannen","10":"first","11":"instock","12":"sale","13":"taxable","14":"shipping-taxable","15":"purchasable","16":"product-type-simple","swatches":"rey-swatches","show_selected":"","stretch_labels":"rey-swatches--stretch-labels"},"acf":[],"yoast_head":"<!-- This site is optimized with the Yoast SEO plugin v25.4 - https:\/\/yoast.com\/wordpress\/plugins\/seo\/ -->\n<title>STAUB Runde Cocotte Twister 24 cm La Mer - dev6 Erresse<\/title>\n<meta name=\"description\" content=\"Die 24 cm gro\u00dfe Cocotte Twister von Staub ist das unverzichtbare Accessoire, das jeder leidenschaftliche Koch in seiner K\u00fcche haben sollte. Mit ihrer\" \/>\n<meta name=\"robots\" content=\"noindex, follow, max-snippet:-1, max-image-preview:large, max-video-preview:-1\" \/>\n<meta property=\"og:locale\" content=\"de_DE\" \/>\n<meta property=\"og:type\" content=\"article\" \/>\n<meta property=\"og:title\" content=\"STAUB Runde Cocotte Twister 24 cm La Mer - dev6 Erresse\" \/>\n<meta property=\"og:description\" content=\"Die 24 cm gro\u00dfe Cocotte Twister von Staub ist das unverzichtbare Accessoire, das jeder leidenschaftliche Koch in seiner K\u00fcche haben sollte. Mit ihrer\" \/>\n<meta property=\"og:url\" content=\"https:\/\/dev6.erresse-shop.it\/de\/shop\/toepfe-pfannen\/schalldaempfer-und-kokotten\/staub-runde-cocotte-twister-24-cm-la-mer\/\" \/>\n<meta property=\"og:site_name\" content=\"dev6 Erresse\" \/>\n<meta property=\"og:image\" content=\"https:\/\/interpim.erresse-shop.it\/img-catalogo\/staub\/staub-la-mer.jpg\" \/><meta property=\"og:image\" content=\"https:\/\/interpim.erresse-shop.it\/img-catalogo\/staub\/staub-la-mer.jpg\" \/>\n\t<meta property=\"og:image:width\" content=\"1024\" \/>\n\t<meta property=\"og:image:height\" content=\"1024\" \/>\n\t<meta property=\"og:image:type\" content=\"image\/jpeg\" \/>\n<meta name=\"twitter:card\" content=\"summary_large_image\" \/>\n<meta name=\"twitter:image\" content=\"https:\/\/interpim.erresse-shop.it\/img-catalogo\/staub\/staub-la-mer.jpg\" \/>\n<script type=\"application\/ld+json\" class=\"yoast-schema-graph\">{\"@context\":\"https:\/\/schema.org\",\"@graph\":[{\"@type\":\"WebPage\",\"@id\":\"https:\/\/dev6.erresse-shop.it\/de\/shop\/toepfe-pfannen\/schalldaempfer-und-kokotten\/staub-runde-cocotte-twister-24-cm-la-mer\/\",\"url\":\"https:\/\/dev6.erresse-shop.it\/de\/shop\/toepfe-pfannen\/schalldaempfer-und-kokotten\/staub-runde-cocotte-twister-24-cm-la-mer\/\",\"name\":\"STAUB Runde Cocotte Twister 24 cm La Mer - dev6 Erresse\",\"isPartOf\":{\"@id\":\"https:\/\/dev6.erresse-shop.it\/#website\"},\"primaryImageOfPage\":{\"@id\":\"https:\/\/dev6.erresse-shop.it\/de\/shop\/toepfe-pfannen\/schalldaempfer-und-kokotten\/staub-runde-cocotte-twister-24-cm-la-mer\/#primaryimage\"},\"image\":{\"@id\":\"https:\/\/dev6.erresse-shop.it\/de\/shop\/toepfe-pfannen\/schalldaempfer-und-kokotten\/staub-runde-cocotte-twister-24-cm-la-mer\/#primaryimage\"},\"thumbnailUrl\":\"https:\/\/i3.wp.com\/interpim.erresse-shop.it\/img-catalogo\/staub\/staub-la-mer.jpg?ssl=1\",\"datePublished\":\"2026-04-12T10:21:09+00:00\",\"description\":\"Die 24 cm gro\u00dfe Cocotte Twister von Staub ist das unverzichtbare Accessoire, das jeder leidenschaftliche Koch in seiner K\u00fcche haben sollte. Mit ihrer\",\"breadcrumb\":{\"@id\":\"https:\/\/dev6.erresse-shop.it\/de\/shop\/toepfe-pfannen\/schalldaempfer-und-kokotten\/staub-runde-cocotte-twister-24-cm-la-mer\/#breadcrumb\"},\"inLanguage\":\"de\",\"potentialAction\":[{\"@type\":\"ReadAction\",\"target\":[\"https:\/\/dev6.erresse-shop.it\/de\/shop\/toepfe-pfannen\/schalldaempfer-und-kokotten\/staub-runde-cocotte-twister-24-cm-la-mer\/\"]}]},{\"@type\":\"ImageObject\",\"inLanguage\":\"de\",\"@id\":\"https:\/\/dev6.erresse-shop.it\/de\/shop\/toepfe-pfannen\/schalldaempfer-und-kokotten\/staub-runde-cocotte-twister-24-cm-la-mer\/#primaryimage\",\"url\":\"https:\/\/i3.wp.com\/interpim.erresse-shop.it\/img-catalogo\/staub\/staub-la-mer.jpg?ssl=1\",\"contentUrl\":\"https:\/\/i3.wp.com\/interpim.erresse-shop.it\/img-catalogo\/staub\/staub-la-mer.jpg?ssl=1\"},{\"@type\":\"BreadcrumbList\",\"@id\":\"https:\/\/dev6.erresse-shop.it\/de\/shop\/toepfe-pfannen\/schalldaempfer-und-kokotten\/staub-runde-cocotte-twister-24-cm-la-mer\/#breadcrumb\",\"itemListElement\":[{\"@type\":\"ListItem\",\"position\":1,\"name\":\"Home\",\"item\":\"https:\/\/dev6.erresse-shop.it\/\"},{\"@type\":\"ListItem\",\"position\":2,\"name\":\"Shop\",\"item\":\"https:\/\/dev6.erresse-shop.it\/shop\/\"},{\"@type\":\"ListItem\",\"position\":3,\"name\":\"STAUB Runde Cocotte Twister 24 cm La Mer\"}]},{\"@type\":\"WebSite\",\"@id\":\"https:\/\/dev6.erresse-shop.it\/#website\",\"url\":\"https:\/\/dev6.erresse-shop.it\/\",\"name\":\"Erresse Shop\",\"description\":\"\",\"publisher\":{\"@id\":\"https:\/\/dev6.erresse-shop.it\/#organization\"},\"potentialAction\":[{\"@type\":\"SearchAction\",\"target\":{\"@type\":\"EntryPoint\",\"urlTemplate\":\"https:\/\/dev6.erresse-shop.it\/?s={search_term_string}\"},\"query-input\":{\"@type\":\"PropertyValueSpecification\",\"valueRequired\":true,\"valueName\":\"search_term_string\"}}],\"inLanguage\":\"de\"},{\"@type\":\"Organization\",\"@id\":\"https:\/\/dev6.erresse-shop.it\/#organization\",\"name\":\"Erresse Shop\",\"url\":\"https:\/\/dev6.erresse-shop.it\/\",\"logo\":{\"@type\":\"ImageObject\",\"inLanguage\":\"de\",\"@id\":\"https:\/\/dev6.erresse-shop.it\/#\/schema\/logo\/image\/\",\"url\":\"https:\/\/dev6.erresse-shop.it\/wp-content\/uploads\/2025\/01\/LOGO-ERRESSE-CLASSICO.svg\",\"contentUrl\":\"https:\/\/dev6.erresse-shop.it\/wp-content\/uploads\/2025\/01\/LOGO-ERRESSE-CLASSICO.svg\",\"caption\":\"Erresse Shop\"},\"image\":{\"@id\":\"https:\/\/dev6.erresse-shop.it\/#\/schema\/logo\/image\/\"}}]}<\/script>\n<!-- \/ Yoast SEO plugin. -->","yoast_head_json":{"title":"STAUB Runde Cocotte Twister 24 cm La Mer - dev6 Erresse","description":"Die 24 cm gro\u00dfe Cocotte Twister von Staub ist das unverzichtbare Accessoire, das jeder leidenschaftliche Koch in seiner K\u00fcche haben sollte. Mit ihrer","robots":{"index":"noindex","follow":"follow","max-snippet":"max-snippet:-1","max-image-preview":"max-image-preview:large","max-video-preview":"max-video-preview:-1"},"og_locale":"de_DE","og_type":"article","og_title":"STAUB Runde Cocotte Twister 24 cm La Mer - dev6 Erresse","og_description":"Die 24 cm gro\u00dfe Cocotte Twister von Staub ist das unverzichtbare Accessoire, das jeder leidenschaftliche Koch in seiner K\u00fcche haben sollte. Mit ihrer","og_url":"https:\/\/dev6.erresse-shop.it\/de\/shop\/toepfe-pfannen\/schalldaempfer-und-kokotten\/staub-runde-cocotte-twister-24-cm-la-mer\/","og_site_name":"dev6 Erresse","og_image":[{"url":"https:\/\/interpim.erresse-shop.it\/img-catalogo\/staub\/staub-la-mer.jpg","type":"","width":"","height":""},{"url":"https:\/\/interpim.erresse-shop.it\/img-catalogo\/staub\/staub-la-mer.jpg","width":1024,"height":1024,"type":"image\/jpeg"}],"twitter_card":"summary_large_image","twitter_image":"https:\/\/interpim.erresse-shop.it\/img-catalogo\/staub\/staub-la-mer.jpg","schema":{"@context":"https:\/\/schema.org","@graph":[{"@type":"WebPage","@id":"https:\/\/dev6.erresse-shop.it\/de\/shop\/toepfe-pfannen\/schalldaempfer-und-kokotten\/staub-runde-cocotte-twister-24-cm-la-mer\/","url":"https:\/\/dev6.erresse-shop.it\/de\/shop\/toepfe-pfannen\/schalldaempfer-und-kokotten\/staub-runde-cocotte-twister-24-cm-la-mer\/","name":"STAUB Runde Cocotte Twister 24 cm La Mer - dev6 Erresse","isPartOf":{"@id":"https:\/\/dev6.erresse-shop.it\/#website"},"primaryImageOfPage":{"@id":"https:\/\/dev6.erresse-shop.it\/de\/shop\/toepfe-pfannen\/schalldaempfer-und-kokotten\/staub-runde-cocotte-twister-24-cm-la-mer\/#primaryimage"},"image":{"@id":"https:\/\/dev6.erresse-shop.it\/de\/shop\/toepfe-pfannen\/schalldaempfer-und-kokotten\/staub-runde-cocotte-twister-24-cm-la-mer\/#primaryimage"},"thumbnailUrl":"https:\/\/i3.wp.com\/interpim.erresse-shop.it\/img-catalogo\/staub\/staub-la-mer.jpg?ssl=1","datePublished":"2026-04-12T10:21:09+00:00","description":"Die 24 cm gro\u00dfe Cocotte Twister von Staub ist das unverzichtbare Accessoire, das jeder leidenschaftliche Koch in seiner K\u00fcche haben sollte. Mit ihrer","breadcrumb":{"@id":"https:\/\/dev6.erresse-shop.it\/de\/shop\/toepfe-pfannen\/schalldaempfer-und-kokotten\/staub-runde-cocotte-twister-24-cm-la-mer\/#breadcrumb"},"inLanguage":"de","potentialAction":[{"@type":"ReadAction","target":["https:\/\/dev6.erresse-shop.it\/de\/shop\/toepfe-pfannen\/schalldaempfer-und-kokotten\/staub-runde-cocotte-twister-24-cm-la-mer\/"]}]},{"@type":"ImageObject","inLanguage":"de","@id":"https:\/\/dev6.erresse-shop.it\/de\/shop\/toepfe-pfannen\/schalldaempfer-und-kokotten\/staub-runde-cocotte-twister-24-cm-la-mer\/#primaryimage","url":"https:\/\/i3.wp.com\/interpim.erresse-shop.it\/img-catalogo\/staub\/staub-la-mer.jpg?ssl=1","contentUrl":"https:\/\/i3.wp.com\/interpim.erresse-shop.it\/img-catalogo\/staub\/staub-la-mer.jpg?ssl=1"},{"@type":"BreadcrumbList","@id":"https:\/\/dev6.erresse-shop.it\/de\/shop\/toepfe-pfannen\/schalldaempfer-und-kokotten\/staub-runde-cocotte-twister-24-cm-la-mer\/#breadcrumb","itemListElement":[{"@type":"ListItem","position":1,"name":"Home","item":"https:\/\/dev6.erresse-shop.it\/"},{"@type":"ListItem","position":2,"name":"Shop","item":"https:\/\/dev6.erresse-shop.it\/shop\/"},{"@type":"ListItem","position":3,"name":"STAUB Runde Cocotte Twister 24 cm La Mer"}]},{"@type":"WebSite","@id":"https:\/\/dev6.erresse-shop.it\/#website","url":"https:\/\/dev6.erresse-shop.it\/","name":"Erresse Shop","description":"","publisher":{"@id":"https:\/\/dev6.erresse-shop.it\/#organization"},"potentialAction":[{"@type":"SearchAction","target":{"@type":"EntryPoint","urlTemplate":"https:\/\/dev6.erresse-shop.it\/?s={search_term_string}"},"query-input":{"@type":"PropertyValueSpecification","valueRequired":true,"valueName":"search_term_string"}}],"inLanguage":"de"},{"@type":"Organization","@id":"https:\/\/dev6.erresse-shop.it\/#organization","name":"Erresse Shop","url":"https:\/\/dev6.erresse-shop.it\/","logo":{"@type":"ImageObject","inLanguage":"de","@id":"https:\/\/dev6.erresse-shop.it\/#\/schema\/logo\/image\/","url":"https:\/\/dev6.erresse-shop.it\/wp-content\/uploads\/2025\/01\/LOGO-ERRESSE-CLASSICO.svg","contentUrl":"https:\/\/dev6.erresse-shop.it\/wp-content\/uploads\/2025\/01\/LOGO-ERRESSE-CLASSICO.svg","caption":"Erresse Shop"},"image":{"@id":"https:\/\/dev6.erresse-shop.it\/#\/schema\/logo\/image\/"}}]}},"df_price":189,"df_sale_price":189,"df_regular_price":279,"df_image_link":"https:\/\/i3.wp.com\/interpim.erresse-shop.it\/img-catalogo\/staub\/staub-la-mer.jpg?resize=300,300&ssl=1","fifu_image_url":"https:\/\/interpim.erresse-shop.it\/img-catalogo\/staub\/staub-la-mer.jpg","_links":{"self":[{"href":"https:\/\/dev6.erresse-shop.it\/de\/wp-json\/wp\/v2\/product\/56616","targetHints":{"allow":["GET"]}}],"collection":[{"href":"https:\/\/dev6.erresse-shop.it\/de\/wp-json\/wp\/v2\/product"}],"about":[{"href":"https:\/\/dev6.erresse-shop.it\/de\/wp-json\/wp\/v2\/types\/product"}],"wp:featuredmedia":[{"embeddable":true,"href":"https:\/\/dev6.erresse-shop.it\/de\/wp-json\/wp\/v2\/media\/6372114"}],"wp:attachment":[{"href":"https:\/\/dev6.erresse-shop.it\/de\/wp-json\/wp\/v2\/media?parent=56616"}],"wp:term":[{"taxonomy":"product_cat","embeddable":true,"href":"https:\/\/dev6.erresse-shop.it\/de\/wp-json\/wp\/v2\/product_cat?post=56616"},{"taxonomy":"product_tag","embeddable":true,"href":"https:\/\/dev6.erresse-shop.it\/de\/wp-json\/wp\/v2\/product_tag?post=56616"}],"curies":[{"name":"wp","href":"https:\/\/api.w.org\/{rel}","templated":true}]}}