{"id":56584,"date":"2026-04-12T12:18:55","date_gmt":"2026-04-12T10:18:55","guid":{"rendered":"https:\/\/dev6.erresse-shop.it\/shop\/unkategorisiert\/global-sashimi-messer-30-cm\/"},"modified":"2026-02-05T18:33:08","modified_gmt":"2026-02-05T17:33:08","slug":"global-sashimi-messer-30-cm","status":"publish","type":"product","link":"https:\/\/dev6.erresse-shop.it\/de\/shop\/kuche\/messer\/kuechenmesser\/global-sashimi-messer-30-cm\/","title":{"rendered":"GLOBAL Sashimi-Messer 30 cm"},"content":{"rendered":"<p>Global G-14R Sashimi 30 cm ist ein klassisches Modell der japanischen Tradition. Die lange und dicke Klinge mit asymmetrischem Schliff f\u00fcr die rechte Hand erm\u00f6glicht die Bearbeitung von Fisch und die Herstellung d\u00fcnner Scheiben, perfekt f\u00fcr Rohkost<\/p>\n<p>Durch die gro\u00dfe Gr\u00f6\u00dfe ist es ein echter Hingucker und mit der zus\u00e4tzlichen personalisierten Gravur wird es eine unglaubliche Wirkung auf Ihre G\u00e4ste haben<\/p>\n<p>Es besteht aus Stahl h\u00f6chster Qualit\u00e4t, die Klinge besteht aus CROMOVA18-Stahl mit einer H\u00e4rte von 56 \u2013 58 HRC, um ein perfektes Ma\u00df an Sch\u00e4rfe und Widerstandsf\u00e4higkeit zu gew\u00e4hrleisten. Das exklusive Monoblock-Design gew\u00e4hrleistet eine einfache Handhabung und Handhabung. Jedes Messer wurde so konzipiert, dass beim Halten und Schneiden eine perfekte Balance gew\u00e4hrleistet ist.<\/p>\n<p>Abmessungen:<br \/>\n-Klinge: 30cm<br \/>\n-Gesamt: 43cm<br \/>\n-Gewicht: 249g<\/p>\n<p>\nHERGESTELLT IN JAPAN<\/p>\n","protected":false},"excerpt":{"rendered":"<p>Global G-14R Sashimi 30 cm ist ein klassisches Modell der japanischen Tradition. Die lange und dicke Klinge mit asymmetrischem Schliff f\u00fcr die rechte Hand erm\u00f6glicht die Bearbeitung von Fisch und die Herstellung d\u00fcnner Scheiben, perfekt f\u00fcr Rohkost Durch die gro\u00dfe Gr\u00f6\u00dfe ist es ein echter Hingucker und mit der zus\u00e4tzlichen personalisierten Gravur wird es eine [&hellip;]<\/p>\n","protected":false},"featured_media":6372037,"template":"","meta":{"_acf_changed":false},"product_cat":[12100,12105],"product_tag":[],"class_list":{"0":"post-56584","1":"product","2":"type-product","3":"status-publish","4":"has-post-thumbnail","6":"product_cat-kuche","7":"product_cat-kuechenmesser","9":"first","10":"instock","11":"sale","12":"taxable","13":"shipping-taxable","14":"purchasable","15":"product-type-simple","swatches":"rey-swatches","show_selected":"","stretch_labels":"rey-swatches--stretch-labels"},"acf":[],"yoast_head":"<!-- This site is optimized with the Yoast SEO plugin v25.4 - https:\/\/yoast.com\/wordpress\/plugins\/seo\/ -->\n<title>GLOBAL Sashimi-Messer 30 cm - dev6 Erresse<\/title>\n<meta name=\"description\" content=\"Global G-14R Sashimi 30 cm ist ein klassisches Modell der japanischen Tradition. Die lange und dicke Klinge mit asymmetrischem Schliff f\u00fcr die rechte Hand\" \/>\n<meta name=\"robots\" content=\"noindex, follow, max-snippet:-1, max-image-preview:large, max-video-preview:-1\" \/>\n<meta property=\"og:locale\" content=\"de_DE\" \/>\n<meta property=\"og:type\" content=\"article\" \/>\n<meta property=\"og:title\" content=\"GLOBAL Sashimi-Messer 30 cm - dev6 Erresse\" \/>\n<meta property=\"og:description\" content=\"Global G-14R Sashimi 30 cm ist ein klassisches Modell der japanischen Tradition. Die lange und dicke Klinge mit asymmetrischem Schliff f\u00fcr die rechte Hand\" \/>\n<meta property=\"og:url\" content=\"https:\/\/dev6.erresse-shop.it\/de\/shop\/kuche\/messer\/kuechenmesser\/global-sashimi-messer-30-cm\/\" \/>\n<meta property=\"og:site_name\" content=\"dev6 Erresse\" \/>\n<meta property=\"og:image\" content=\"https:\/\/interpim.erresse-shop.it\/Import\/Prodotti\/global-coltello-sashimi-30-cm.jpg\" \/><meta property=\"og:image\" content=\"https:\/\/interpim.erresse-shop.it\/Import\/Prodotti\/global-coltello-sashimi-30-cm.jpg\" \/>\n\t<meta property=\"og:image:width\" content=\"1024\" \/>\n\t<meta property=\"og:image:height\" content=\"1024\" \/>\n\t<meta property=\"og:image:type\" content=\"image\/jpeg\" \/>\n<meta name=\"twitter:card\" content=\"summary_large_image\" \/>\n<meta name=\"twitter:image\" content=\"https:\/\/interpim.erresse-shop.it\/Import\/Prodotti\/global-coltello-sashimi-30-cm.jpg\" \/>\n<script type=\"application\/ld+json\" class=\"yoast-schema-graph\">{\"@context\":\"https:\/\/schema.org\",\"@graph\":[{\"@type\":\"WebPage\",\"@id\":\"https:\/\/dev6.erresse-shop.it\/de\/shop\/kuche\/messer\/kuechenmesser\/global-sashimi-messer-30-cm\/\",\"url\":\"https:\/\/dev6.erresse-shop.it\/de\/shop\/kuche\/messer\/kuechenmesser\/global-sashimi-messer-30-cm\/\",\"name\":\"GLOBAL Sashimi-Messer 30 cm - dev6 Erresse\",\"isPartOf\":{\"@id\":\"https:\/\/dev6.erresse-shop.it\/#website\"},\"primaryImageOfPage\":{\"@id\":\"https:\/\/dev6.erresse-shop.it\/de\/shop\/kuche\/messer\/kuechenmesser\/global-sashimi-messer-30-cm\/#primaryimage\"},\"image\":{\"@id\":\"https:\/\/dev6.erresse-shop.it\/de\/shop\/kuche\/messer\/kuechenmesser\/global-sashimi-messer-30-cm\/#primaryimage\"},\"thumbnailUrl\":\"https:\/\/i0.wp.com\/interpim.erresse-shop.it\/Import\/Prodotti\/global-coltello-sashimi-30-cm.jpg?ssl=1\",\"datePublished\":\"2026-04-12T10:18:55+00:00\",\"description\":\"Global G-14R Sashimi 30 cm ist ein klassisches Modell der japanischen Tradition. Die lange und dicke Klinge mit asymmetrischem Schliff f\u00fcr die rechte Hand\",\"breadcrumb\":{\"@id\":\"https:\/\/dev6.erresse-shop.it\/de\/shop\/kuche\/messer\/kuechenmesser\/global-sashimi-messer-30-cm\/#breadcrumb\"},\"inLanguage\":\"de\",\"potentialAction\":[{\"@type\":\"ReadAction\",\"target\":[\"https:\/\/dev6.erresse-shop.it\/de\/shop\/kuche\/messer\/kuechenmesser\/global-sashimi-messer-30-cm\/\"]}]},{\"@type\":\"ImageObject\",\"inLanguage\":\"de\",\"@id\":\"https:\/\/dev6.erresse-shop.it\/de\/shop\/kuche\/messer\/kuechenmesser\/global-sashimi-messer-30-cm\/#primaryimage\",\"url\":\"https:\/\/i0.wp.com\/interpim.erresse-shop.it\/Import\/Prodotti\/global-coltello-sashimi-30-cm.jpg?ssl=1\",\"contentUrl\":\"https:\/\/i0.wp.com\/interpim.erresse-shop.it\/Import\/Prodotti\/global-coltello-sashimi-30-cm.jpg?ssl=1\"},{\"@type\":\"BreadcrumbList\",\"@id\":\"https:\/\/dev6.erresse-shop.it\/de\/shop\/kuche\/messer\/kuechenmesser\/global-sashimi-messer-30-cm\/#breadcrumb\",\"itemListElement\":[{\"@type\":\"ListItem\",\"position\":1,\"name\":\"Home\",\"item\":\"https:\/\/dev6.erresse-shop.it\/\"},{\"@type\":\"ListItem\",\"position\":2,\"name\":\"Shop\",\"item\":\"https:\/\/dev6.erresse-shop.it\/shop\/\"},{\"@type\":\"ListItem\",\"position\":3,\"name\":\"GLOBAL Sashimi-Messer 30 cm\"}]},{\"@type\":\"WebSite\",\"@id\":\"https:\/\/dev6.erresse-shop.it\/#website\",\"url\":\"https:\/\/dev6.erresse-shop.it\/\",\"name\":\"Erresse Shop\",\"description\":\"\",\"publisher\":{\"@id\":\"https:\/\/dev6.erresse-shop.it\/#organization\"},\"potentialAction\":[{\"@type\":\"SearchAction\",\"target\":{\"@type\":\"EntryPoint\",\"urlTemplate\":\"https:\/\/dev6.erresse-shop.it\/?s={search_term_string}\"},\"query-input\":{\"@type\":\"PropertyValueSpecification\",\"valueRequired\":true,\"valueName\":\"search_term_string\"}}],\"inLanguage\":\"de\"},{\"@type\":\"Organization\",\"@id\":\"https:\/\/dev6.erresse-shop.it\/#organization\",\"name\":\"Erresse Shop\",\"url\":\"https:\/\/dev6.erresse-shop.it\/\",\"logo\":{\"@type\":\"ImageObject\",\"inLanguage\":\"de\",\"@id\":\"https:\/\/dev6.erresse-shop.it\/#\/schema\/logo\/image\/\",\"url\":\"https:\/\/dev6.erresse-shop.it\/wp-content\/uploads\/2025\/01\/LOGO-ERRESSE-CLASSICO.svg\",\"contentUrl\":\"https:\/\/dev6.erresse-shop.it\/wp-content\/uploads\/2025\/01\/LOGO-ERRESSE-CLASSICO.svg\",\"caption\":\"Erresse Shop\"},\"image\":{\"@id\":\"https:\/\/dev6.erresse-shop.it\/#\/schema\/logo\/image\/\"}}]}<\/script>\n<!-- \/ Yoast SEO plugin. -->","yoast_head_json":{"title":"GLOBAL Sashimi-Messer 30 cm - dev6 Erresse","description":"Global G-14R Sashimi 30 cm ist ein klassisches Modell der japanischen Tradition. Die lange und dicke Klinge mit asymmetrischem Schliff f\u00fcr die rechte Hand","robots":{"index":"noindex","follow":"follow","max-snippet":"max-snippet:-1","max-image-preview":"max-image-preview:large","max-video-preview":"max-video-preview:-1"},"og_locale":"de_DE","og_type":"article","og_title":"GLOBAL Sashimi-Messer 30 cm - dev6 Erresse","og_description":"Global G-14R Sashimi 30 cm ist ein klassisches Modell der japanischen Tradition. Die lange und dicke Klinge mit asymmetrischem Schliff f\u00fcr die rechte Hand","og_url":"https:\/\/dev6.erresse-shop.it\/de\/shop\/kuche\/messer\/kuechenmesser\/global-sashimi-messer-30-cm\/","og_site_name":"dev6 Erresse","og_image":[{"url":"https:\/\/interpim.erresse-shop.it\/Import\/Prodotti\/global-coltello-sashimi-30-cm.jpg","type":"","width":"","height":""},{"url":"https:\/\/interpim.erresse-shop.it\/Import\/Prodotti\/global-coltello-sashimi-30-cm.jpg","width":1024,"height":1024,"type":"image\/jpeg"}],"twitter_card":"summary_large_image","twitter_image":"https:\/\/interpim.erresse-shop.it\/Import\/Prodotti\/global-coltello-sashimi-30-cm.jpg","schema":{"@context":"https:\/\/schema.org","@graph":[{"@type":"WebPage","@id":"https:\/\/dev6.erresse-shop.it\/de\/shop\/kuche\/messer\/kuechenmesser\/global-sashimi-messer-30-cm\/","url":"https:\/\/dev6.erresse-shop.it\/de\/shop\/kuche\/messer\/kuechenmesser\/global-sashimi-messer-30-cm\/","name":"GLOBAL Sashimi-Messer 30 cm - dev6 Erresse","isPartOf":{"@id":"https:\/\/dev6.erresse-shop.it\/#website"},"primaryImageOfPage":{"@id":"https:\/\/dev6.erresse-shop.it\/de\/shop\/kuche\/messer\/kuechenmesser\/global-sashimi-messer-30-cm\/#primaryimage"},"image":{"@id":"https:\/\/dev6.erresse-shop.it\/de\/shop\/kuche\/messer\/kuechenmesser\/global-sashimi-messer-30-cm\/#primaryimage"},"thumbnailUrl":"https:\/\/i0.wp.com\/interpim.erresse-shop.it\/Import\/Prodotti\/global-coltello-sashimi-30-cm.jpg?ssl=1","datePublished":"2026-04-12T10:18:55+00:00","description":"Global G-14R Sashimi 30 cm ist ein klassisches Modell der japanischen Tradition. Die lange und dicke Klinge mit asymmetrischem Schliff f\u00fcr die rechte Hand","breadcrumb":{"@id":"https:\/\/dev6.erresse-shop.it\/de\/shop\/kuche\/messer\/kuechenmesser\/global-sashimi-messer-30-cm\/#breadcrumb"},"inLanguage":"de","potentialAction":[{"@type":"ReadAction","target":["https:\/\/dev6.erresse-shop.it\/de\/shop\/kuche\/messer\/kuechenmesser\/global-sashimi-messer-30-cm\/"]}]},{"@type":"ImageObject","inLanguage":"de","@id":"https:\/\/dev6.erresse-shop.it\/de\/shop\/kuche\/messer\/kuechenmesser\/global-sashimi-messer-30-cm\/#primaryimage","url":"https:\/\/i0.wp.com\/interpim.erresse-shop.it\/Import\/Prodotti\/global-coltello-sashimi-30-cm.jpg?ssl=1","contentUrl":"https:\/\/i0.wp.com\/interpim.erresse-shop.it\/Import\/Prodotti\/global-coltello-sashimi-30-cm.jpg?ssl=1"},{"@type":"BreadcrumbList","@id":"https:\/\/dev6.erresse-shop.it\/de\/shop\/kuche\/messer\/kuechenmesser\/global-sashimi-messer-30-cm\/#breadcrumb","itemListElement":[{"@type":"ListItem","position":1,"name":"Home","item":"https:\/\/dev6.erresse-shop.it\/"},{"@type":"ListItem","position":2,"name":"Shop","item":"https:\/\/dev6.erresse-shop.it\/shop\/"},{"@type":"ListItem","position":3,"name":"GLOBAL Sashimi-Messer 30 cm"}]},{"@type":"WebSite","@id":"https:\/\/dev6.erresse-shop.it\/#website","url":"https:\/\/dev6.erresse-shop.it\/","name":"Erresse Shop","description":"","publisher":{"@id":"https:\/\/dev6.erresse-shop.it\/#organization"},"potentialAction":[{"@type":"SearchAction","target":{"@type":"EntryPoint","urlTemplate":"https:\/\/dev6.erresse-shop.it\/?s={search_term_string}"},"query-input":{"@type":"PropertyValueSpecification","valueRequired":true,"valueName":"search_term_string"}}],"inLanguage":"de"},{"@type":"Organization","@id":"https:\/\/dev6.erresse-shop.it\/#organization","name":"Erresse Shop","url":"https:\/\/dev6.erresse-shop.it\/","logo":{"@type":"ImageObject","inLanguage":"de","@id":"https:\/\/dev6.erresse-shop.it\/#\/schema\/logo\/image\/","url":"https:\/\/dev6.erresse-shop.it\/wp-content\/uploads\/2025\/01\/LOGO-ERRESSE-CLASSICO.svg","contentUrl":"https:\/\/dev6.erresse-shop.it\/wp-content\/uploads\/2025\/01\/LOGO-ERRESSE-CLASSICO.svg","caption":"Erresse Shop"},"image":{"@id":"https:\/\/dev6.erresse-shop.it\/#\/schema\/logo\/image\/"}}]}},"df_price":197.6,"df_sale_price":197.6,"df_regular_price":260,"df_image_link":"https:\/\/i0.wp.com\/interpim.erresse-shop.it\/Import\/Prodotti\/global-coltello-sashimi-30-cm.jpg?resize=300,300&ssl=1","fifu_image_url":"https:\/\/interpim.erresse-shop.it\/Import\/Prodotti\/global-coltello-sashimi-30-cm.jpg","_links":{"self":[{"href":"https:\/\/dev6.erresse-shop.it\/de\/wp-json\/wp\/v2\/product\/56584","targetHints":{"allow":["GET"]}}],"collection":[{"href":"https:\/\/dev6.erresse-shop.it\/de\/wp-json\/wp\/v2\/product"}],"about":[{"href":"https:\/\/dev6.erresse-shop.it\/de\/wp-json\/wp\/v2\/types\/product"}],"wp:featuredmedia":[{"embeddable":true,"href":"https:\/\/dev6.erresse-shop.it\/de\/wp-json\/wp\/v2\/media\/6372037"}],"wp:attachment":[{"href":"https:\/\/dev6.erresse-shop.it\/de\/wp-json\/wp\/v2\/media?parent=56584"}],"wp:term":[{"taxonomy":"product_cat","embeddable":true,"href":"https:\/\/dev6.erresse-shop.it\/de\/wp-json\/wp\/v2\/product_cat?post=56584"},{"taxonomy":"product_tag","embeddable":true,"href":"https:\/\/dev6.erresse-shop.it\/de\/wp-json\/wp\/v2\/product_tag?post=56584"}],"curies":[{"name":"wp","href":"https:\/\/api.w.org\/{rel}","templated":true}]}}