{"id":56568,"date":"2026-04-12T12:18:55","date_gmt":"2026-04-12T10:18:55","guid":{"rendered":"https:\/\/dev6.erresse-shop.it\/shop\/unkategorisiert\/fratelli-desideri-capsule-collection-tube-chef-andrea-larossa-il-tesoro-di-barolo\/"},"modified":"2025-09-14T02:36:02","modified_gmt":"2025-09-14T00:36:02","slug":"fratelli-desideri-capsule-collection-tube-chef-andrea-larossa-il-tesoro-di-barolo","status":"publish","type":"product","link":"https:\/\/dev6.erresse-shop.it\/de\/shop\/food-de\/fratelli-desideri-capsule-collection-tube-chef-andrea-larossa-il-tesoro-di-barolo\/","title":{"rendered":"FRATELLI DESIDERI Capsule Collection Tube Chef Andrea Larossa Il Tesoro di Barolo"},"content":{"rendered":"<p>DIE CAPSULE COLLECTION von ANDREA LAROSSA<\/p>\n<p>Die Capsule Collection ist die\u00a0brandneue Linie von \u201ePr\u00eat \u00e0 manger\u201c-Essenssets!Gewidmet f\u00fcr diejenigen, die nicht auf ein gro\u00dfes Gourmetgericht verzichten m\u00f6chten, obwohl sie nicht viel haben Zeit (oder Lust) zum Kochen.Es handelt sich um Rezepte, deren gemeinsamer Nenner ein \u201eSchatz\u201c ist, das hei\u00dft die Zutat schlechthin des Territoriums, zu dem sie geh\u00f6ren, und die von den gro\u00dfen italienischen Sternek\u00f6chen auf erhabene Weise neu interpretiert werden.<\/p>\n<p>Der \u201eSchatz\u201c dieses Rezepts ist der Barolo-Wein.<\/p>\n<p>In dieser Kapsel finden Sie Eier-Tagliatelle und fertige Sauce mit Wurst und Barolo-Wein von Andrea Larossa.<\/p>\n<p>Es handelt sich um ein Gericht aus der kulinarischen Tradition der Langhe, das Andrea in seiner innovativen K\u00fcche immer wieder gerne aufgegriffen hat. Mit diesem Rezept gelang es ihm, eine Sauce mit kraftvollen Zutaten, wie Schweinswurst, Barolo, Knoblauch und Zwiebeln, elegant und \u00e4u\u00dferst raffiniert zuzubereiten. Die Noten und Aromen dieses Gerichts entf\u00fchren Sie direkt in die Bauernh\u00e4user der Langhe-Bauern des 19. Jahrhunderts, zwischen Weinbergen und Nutztieren, wo dieses herrliche Rezept normalerweise sonntags zum Mittagessen gegessen wurde.<\/p>\n<p>Wie kocht man es? Kochen Sie die Nudeln und gie\u00dfen Sie die So\u00dfe hinein. Und das ist es!<\/p>\n<p>DIE VORBEREITUNG<\/p>\n<p>1.\u00a02,5 Liter Wasser in einen Topf geben, 25 g grobes Salz hinzuf\u00fcgen und zum Kochen bringen.<\/p>\n<p>2.\u00a0Wenn das Wasser kocht, die Eier-Tagliatelle hinzuf\u00fcgen und 5 Minuten kochen lassen.<\/p>\n<p>3.\u00a0In der Zwischenzeit das Glas mit der Wurst und der Barolo-Sauce in eine Pfanne geben und bei schwacher Hitze 2 Minuten lang leicht erhitzen, dann den Herd ausschalten.<\/p>\n<p>4.\u00a0Nach 5 Minuten die Eier-Tagliatelle abtropfen lassen und dabei etwas Kochwasser auffangen.<\/p>\n<p>5.\u00a0Die Tagliatelle mit der Sauce in die Pfanne geben und alles gut vermischen (bei Bedarf etwas Kochwasser hinzuf\u00fcgen, um die richtige Cremigkeit zu erreichen).<\/p>\n<p>\u00a0<\/p>\n<p>BESCHICHTUNG<\/p>\n<p>1.\u00a0Verwenden Sie Suppenteller.<\/p>\n<p>2.\u00a0Nehmen Sie eine Kelle und eine Gabel.<\/p>\n<p>3.\u00a0Eine Portion Tagliatelle mit einer Gabel aus der Pfanne nehmen und in die Sch\u00f6pfkelle wickeln, sodass eine Nestform entsteht.<\/p>\n<p>4.\u00a0Platzieren Sie das Nest vorsichtig in der Mitte des Tellers.<\/p>\n<p>5.\u00a0Beenden Sie das Gericht mit einem Schuss nativem Oliven\u00f6l extra.<\/p>\n<p>6.\u00a0Reinigen Sie den Rand der Platte mit einem Tuch, um eventuelle Flecken zu entfernen.<\/p>\n<p>\u00a0<\/p>\n<p>Produktdetails:<\/p>\n<p>Portionen: 2 Personen<br \/>\nVorbereitungszeit: 10 Min.<br \/>\nSchwierigkeitsgrad: Niedrig<\/p>\n","protected":false},"excerpt":{"rendered":"<p>DIE CAPSULE COLLECTION von ANDREA LAROSSA Die Capsule Collection ist die\u00a0brandneue Linie von \u201ePr\u00eat \u00e0 manger\u201c-Essenssets!Gewidmet f\u00fcr diejenigen, die nicht auf ein gro\u00dfes Gourmetgericht verzichten m\u00f6chten, obwohl sie nicht viel haben Zeit (oder Lust) zum Kochen.Es handelt sich um Rezepte, deren gemeinsamer Nenner ein \u201eSchatz\u201c ist, das hei\u00dft die Zutat schlechthin des Territoriums, zu dem [&hellip;]<\/p>\n","protected":false},"featured_media":6372014,"template":"","meta":{"_acf_changed":false},"product_cat":[12157],"product_tag":[],"class_list":{"0":"post-56568","1":"product","2":"type-product","3":"status-publish","4":"has-post-thumbnail","6":"product_cat-food-de","8":"first","9":"instock","10":"taxable","11":"shipping-taxable","12":"purchasable","13":"product-type-simple","swatches":"rey-swatches","show_selected":"","stretch_labels":"rey-swatches--stretch-labels"},"acf":[],"yoast_head":"<!-- This site is optimized with the Yoast SEO plugin v25.4 - https:\/\/yoast.com\/wordpress\/plugins\/seo\/ -->\n<title>FRATELLI DESIDERI Capsule Collection Tube Chef Andrea Larossa Il Tesoro di Barolo - dev6 Erresse<\/title>\n<meta name=\"description\" content=\"DIE CAPSULE COLLECTION von ANDREA LAROSSA Die Capsule Collection ist die\u00a0brandneue Linie von \u201ePr\u00eat \u00e0 manger\u201c-Essenssets!Gewidmet f\u00fcr diejenigen, die nicht\" \/>\n<meta name=\"robots\" content=\"noindex, follow, max-snippet:-1, max-image-preview:large, max-video-preview:-1\" \/>\n<meta property=\"og:locale\" content=\"de_DE\" \/>\n<meta property=\"og:type\" content=\"article\" \/>\n<meta property=\"og:title\" content=\"FRATELLI DESIDERI Capsule Collection Tube Chef Andrea Larossa Il Tesoro di Barolo - dev6 Erresse\" \/>\n<meta property=\"og:description\" content=\"DIE CAPSULE COLLECTION von ANDREA LAROSSA Die Capsule Collection ist die\u00a0brandneue Linie von \u201ePr\u00eat \u00e0 manger\u201c-Essenssets!Gewidmet f\u00fcr diejenigen, die nicht\" \/>\n<meta property=\"og:url\" content=\"https:\/\/dev6.erresse-shop.it\/de\/shop\/food-de\/fratelli-desideri-capsule-collection-tube-chef-andrea-larossa-il-tesoro-di-barolo\/\" \/>\n<meta property=\"og:site_name\" content=\"dev6 Erresse\" \/>\n<meta property=\"og:image\" content=\"https:\/\/interpim.erresse-shop.it\/Import\/Prodotti\/fratelli-desideri-capsule-collection-tube-il-tesoro-di-barolo.jpg\" \/><meta property=\"og:image\" content=\"https:\/\/interpim.erresse-shop.it\/Import\/Prodotti\/fratelli-desideri-capsule-collection-tube-il-tesoro-di-barolo.jpg\" \/>\n\t<meta property=\"og:image:width\" content=\"1024\" \/>\n\t<meta property=\"og:image:height\" content=\"1024\" \/>\n\t<meta property=\"og:image:type\" content=\"image\/jpeg\" \/>\n<meta name=\"twitter:card\" content=\"summary_large_image\" \/>\n<meta name=\"twitter:image\" content=\"https:\/\/interpim.erresse-shop.it\/Import\/Prodotti\/fratelli-desideri-capsule-collection-tube-il-tesoro-di-barolo.jpg\" \/>\n<script type=\"application\/ld+json\" class=\"yoast-schema-graph\">{\"@context\":\"https:\/\/schema.org\",\"@graph\":[{\"@type\":\"WebPage\",\"@id\":\"https:\/\/dev6.erresse-shop.it\/de\/shop\/food-de\/fratelli-desideri-capsule-collection-tube-chef-andrea-larossa-il-tesoro-di-barolo\/\",\"url\":\"https:\/\/dev6.erresse-shop.it\/de\/shop\/food-de\/fratelli-desideri-capsule-collection-tube-chef-andrea-larossa-il-tesoro-di-barolo\/\",\"name\":\"FRATELLI DESIDERI Capsule Collection Tube Chef Andrea Larossa Il Tesoro di Barolo - dev6 Erresse\",\"isPartOf\":{\"@id\":\"https:\/\/dev6.erresse-shop.it\/#website\"},\"primaryImageOfPage\":{\"@id\":\"https:\/\/dev6.erresse-shop.it\/de\/shop\/food-de\/fratelli-desideri-capsule-collection-tube-chef-andrea-larossa-il-tesoro-di-barolo\/#primaryimage\"},\"image\":{\"@id\":\"https:\/\/dev6.erresse-shop.it\/de\/shop\/food-de\/fratelli-desideri-capsule-collection-tube-chef-andrea-larossa-il-tesoro-di-barolo\/#primaryimage\"},\"thumbnailUrl\":\"https:\/\/i0.wp.com\/interpim.erresse-shop.it\/Import\/Prodotti\/fratelli-desideri-capsule-collection-tube-il-tesoro-di-barolo.jpg?ssl=1\",\"datePublished\":\"2026-04-12T10:18:55+00:00\",\"description\":\"DIE CAPSULE COLLECTION von ANDREA LAROSSA Die Capsule Collection ist die\u00a0brandneue Linie von \u201ePr\u00eat \u00e0 manger\u201c-Essenssets!Gewidmet f\u00fcr diejenigen, die nicht\",\"breadcrumb\":{\"@id\":\"https:\/\/dev6.erresse-shop.it\/de\/shop\/food-de\/fratelli-desideri-capsule-collection-tube-chef-andrea-larossa-il-tesoro-di-barolo\/#breadcrumb\"},\"inLanguage\":\"de\",\"potentialAction\":[{\"@type\":\"ReadAction\",\"target\":[\"https:\/\/dev6.erresse-shop.it\/de\/shop\/food-de\/fratelli-desideri-capsule-collection-tube-chef-andrea-larossa-il-tesoro-di-barolo\/\"]}]},{\"@type\":\"ImageObject\",\"inLanguage\":\"de\",\"@id\":\"https:\/\/dev6.erresse-shop.it\/de\/shop\/food-de\/fratelli-desideri-capsule-collection-tube-chef-andrea-larossa-il-tesoro-di-barolo\/#primaryimage\",\"url\":\"https:\/\/i0.wp.com\/interpim.erresse-shop.it\/Import\/Prodotti\/fratelli-desideri-capsule-collection-tube-il-tesoro-di-barolo.jpg?ssl=1\",\"contentUrl\":\"https:\/\/i0.wp.com\/interpim.erresse-shop.it\/Import\/Prodotti\/fratelli-desideri-capsule-collection-tube-il-tesoro-di-barolo.jpg?ssl=1\"},{\"@type\":\"BreadcrumbList\",\"@id\":\"https:\/\/dev6.erresse-shop.it\/de\/shop\/food-de\/fratelli-desideri-capsule-collection-tube-chef-andrea-larossa-il-tesoro-di-barolo\/#breadcrumb\",\"itemListElement\":[{\"@type\":\"ListItem\",\"position\":1,\"name\":\"Home\",\"item\":\"https:\/\/dev6.erresse-shop.it\/\"},{\"@type\":\"ListItem\",\"position\":2,\"name\":\"Shop\",\"item\":\"https:\/\/dev6.erresse-shop.it\/shop\/\"},{\"@type\":\"ListItem\",\"position\":3,\"name\":\"FRATELLI DESIDERI Capsule Collection Tube Chef Andrea Larossa Il Tesoro di Barolo\"}]},{\"@type\":\"WebSite\",\"@id\":\"https:\/\/dev6.erresse-shop.it\/#website\",\"url\":\"https:\/\/dev6.erresse-shop.it\/\",\"name\":\"Erresse Shop\",\"description\":\"\",\"publisher\":{\"@id\":\"https:\/\/dev6.erresse-shop.it\/#organization\"},\"potentialAction\":[{\"@type\":\"SearchAction\",\"target\":{\"@type\":\"EntryPoint\",\"urlTemplate\":\"https:\/\/dev6.erresse-shop.it\/?s={search_term_string}\"},\"query-input\":{\"@type\":\"PropertyValueSpecification\",\"valueRequired\":true,\"valueName\":\"search_term_string\"}}],\"inLanguage\":\"de\"},{\"@type\":\"Organization\",\"@id\":\"https:\/\/dev6.erresse-shop.it\/#organization\",\"name\":\"Erresse Shop\",\"url\":\"https:\/\/dev6.erresse-shop.it\/\",\"logo\":{\"@type\":\"ImageObject\",\"inLanguage\":\"de\",\"@id\":\"https:\/\/dev6.erresse-shop.it\/#\/schema\/logo\/image\/\",\"url\":\"https:\/\/dev6.erresse-shop.it\/wp-content\/uploads\/2025\/01\/LOGO-ERRESSE-CLASSICO.svg\",\"contentUrl\":\"https:\/\/dev6.erresse-shop.it\/wp-content\/uploads\/2025\/01\/LOGO-ERRESSE-CLASSICO.svg\",\"caption\":\"Erresse Shop\"},\"image\":{\"@id\":\"https:\/\/dev6.erresse-shop.it\/#\/schema\/logo\/image\/\"}}]}<\/script>\n<!-- \/ Yoast SEO plugin. -->","yoast_head_json":{"title":"FRATELLI DESIDERI Capsule Collection Tube Chef Andrea Larossa Il Tesoro di Barolo - dev6 Erresse","description":"DIE CAPSULE COLLECTION von ANDREA LAROSSA Die Capsule Collection ist die\u00a0brandneue Linie von \u201ePr\u00eat \u00e0 manger\u201c-Essenssets!Gewidmet f\u00fcr diejenigen, die nicht","robots":{"index":"noindex","follow":"follow","max-snippet":"max-snippet:-1","max-image-preview":"max-image-preview:large","max-video-preview":"max-video-preview:-1"},"og_locale":"de_DE","og_type":"article","og_title":"FRATELLI DESIDERI Capsule Collection Tube Chef Andrea Larossa Il Tesoro di Barolo - dev6 Erresse","og_description":"DIE CAPSULE COLLECTION von ANDREA LAROSSA Die Capsule Collection ist die\u00a0brandneue Linie von \u201ePr\u00eat \u00e0 manger\u201c-Essenssets!Gewidmet f\u00fcr diejenigen, die nicht","og_url":"https:\/\/dev6.erresse-shop.it\/de\/shop\/food-de\/fratelli-desideri-capsule-collection-tube-chef-andrea-larossa-il-tesoro-di-barolo\/","og_site_name":"dev6 Erresse","og_image":[{"url":"https:\/\/interpim.erresse-shop.it\/Import\/Prodotti\/fratelli-desideri-capsule-collection-tube-il-tesoro-di-barolo.jpg","type":"","width":"","height":""},{"url":"https:\/\/interpim.erresse-shop.it\/Import\/Prodotti\/fratelli-desideri-capsule-collection-tube-il-tesoro-di-barolo.jpg","width":1024,"height":1024,"type":"image\/jpeg"}],"twitter_card":"summary_large_image","twitter_image":"https:\/\/interpim.erresse-shop.it\/Import\/Prodotti\/fratelli-desideri-capsule-collection-tube-il-tesoro-di-barolo.jpg","schema":{"@context":"https:\/\/schema.org","@graph":[{"@type":"WebPage","@id":"https:\/\/dev6.erresse-shop.it\/de\/shop\/food-de\/fratelli-desideri-capsule-collection-tube-chef-andrea-larossa-il-tesoro-di-barolo\/","url":"https:\/\/dev6.erresse-shop.it\/de\/shop\/food-de\/fratelli-desideri-capsule-collection-tube-chef-andrea-larossa-il-tesoro-di-barolo\/","name":"FRATELLI DESIDERI Capsule Collection Tube Chef Andrea Larossa Il Tesoro di Barolo - dev6 Erresse","isPartOf":{"@id":"https:\/\/dev6.erresse-shop.it\/#website"},"primaryImageOfPage":{"@id":"https:\/\/dev6.erresse-shop.it\/de\/shop\/food-de\/fratelli-desideri-capsule-collection-tube-chef-andrea-larossa-il-tesoro-di-barolo\/#primaryimage"},"image":{"@id":"https:\/\/dev6.erresse-shop.it\/de\/shop\/food-de\/fratelli-desideri-capsule-collection-tube-chef-andrea-larossa-il-tesoro-di-barolo\/#primaryimage"},"thumbnailUrl":"https:\/\/i0.wp.com\/interpim.erresse-shop.it\/Import\/Prodotti\/fratelli-desideri-capsule-collection-tube-il-tesoro-di-barolo.jpg?ssl=1","datePublished":"2026-04-12T10:18:55+00:00","description":"DIE CAPSULE COLLECTION von ANDREA LAROSSA Die Capsule Collection ist die\u00a0brandneue Linie von \u201ePr\u00eat \u00e0 manger\u201c-Essenssets!Gewidmet f\u00fcr diejenigen, die nicht","breadcrumb":{"@id":"https:\/\/dev6.erresse-shop.it\/de\/shop\/food-de\/fratelli-desideri-capsule-collection-tube-chef-andrea-larossa-il-tesoro-di-barolo\/#breadcrumb"},"inLanguage":"de","potentialAction":[{"@type":"ReadAction","target":["https:\/\/dev6.erresse-shop.it\/de\/shop\/food-de\/fratelli-desideri-capsule-collection-tube-chef-andrea-larossa-il-tesoro-di-barolo\/"]}]},{"@type":"ImageObject","inLanguage":"de","@id":"https:\/\/dev6.erresse-shop.it\/de\/shop\/food-de\/fratelli-desideri-capsule-collection-tube-chef-andrea-larossa-il-tesoro-di-barolo\/#primaryimage","url":"https:\/\/i0.wp.com\/interpim.erresse-shop.it\/Import\/Prodotti\/fratelli-desideri-capsule-collection-tube-il-tesoro-di-barolo.jpg?ssl=1","contentUrl":"https:\/\/i0.wp.com\/interpim.erresse-shop.it\/Import\/Prodotti\/fratelli-desideri-capsule-collection-tube-il-tesoro-di-barolo.jpg?ssl=1"},{"@type":"BreadcrumbList","@id":"https:\/\/dev6.erresse-shop.it\/de\/shop\/food-de\/fratelli-desideri-capsule-collection-tube-chef-andrea-larossa-il-tesoro-di-barolo\/#breadcrumb","itemListElement":[{"@type":"ListItem","position":1,"name":"Home","item":"https:\/\/dev6.erresse-shop.it\/"},{"@type":"ListItem","position":2,"name":"Shop","item":"https:\/\/dev6.erresse-shop.it\/shop\/"},{"@type":"ListItem","position":3,"name":"FRATELLI DESIDERI Capsule Collection Tube Chef Andrea Larossa Il Tesoro di Barolo"}]},{"@type":"WebSite","@id":"https:\/\/dev6.erresse-shop.it\/#website","url":"https:\/\/dev6.erresse-shop.it\/","name":"Erresse Shop","description":"","publisher":{"@id":"https:\/\/dev6.erresse-shop.it\/#organization"},"potentialAction":[{"@type":"SearchAction","target":{"@type":"EntryPoint","urlTemplate":"https:\/\/dev6.erresse-shop.it\/?s={search_term_string}"},"query-input":{"@type":"PropertyValueSpecification","valueRequired":true,"valueName":"search_term_string"}}],"inLanguage":"de"},{"@type":"Organization","@id":"https:\/\/dev6.erresse-shop.it\/#organization","name":"Erresse Shop","url":"https:\/\/dev6.erresse-shop.it\/","logo":{"@type":"ImageObject","inLanguage":"de","@id":"https:\/\/dev6.erresse-shop.it\/#\/schema\/logo\/image\/","url":"https:\/\/dev6.erresse-shop.it\/wp-content\/uploads\/2025\/01\/LOGO-ERRESSE-CLASSICO.svg","contentUrl":"https:\/\/dev6.erresse-shop.it\/wp-content\/uploads\/2025\/01\/LOGO-ERRESSE-CLASSICO.svg","caption":"Erresse Shop"},"image":{"@id":"https:\/\/dev6.erresse-shop.it\/#\/schema\/logo\/image\/"}}]}},"df_price":26.5,"df_sale_price":"","df_regular_price":26.5,"df_image_link":"https:\/\/i0.wp.com\/interpim.erresse-shop.it\/Import\/Prodotti\/fratelli-desideri-capsule-collection-tube-il-tesoro-di-barolo.jpg?resize=300,300&ssl=1","fifu_image_url":"https:\/\/interpim.erresse-shop.it\/Import\/Prodotti\/fratelli-desideri-capsule-collection-tube-il-tesoro-di-barolo.jpg","_links":{"self":[{"href":"https:\/\/dev6.erresse-shop.it\/de\/wp-json\/wp\/v2\/product\/56568","targetHints":{"allow":["GET"]}}],"collection":[{"href":"https:\/\/dev6.erresse-shop.it\/de\/wp-json\/wp\/v2\/product"}],"about":[{"href":"https:\/\/dev6.erresse-shop.it\/de\/wp-json\/wp\/v2\/types\/product"}],"wp:featuredmedia":[{"embeddable":true,"href":"https:\/\/dev6.erresse-shop.it\/de\/wp-json\/wp\/v2\/media\/6372014"}],"wp:attachment":[{"href":"https:\/\/dev6.erresse-shop.it\/de\/wp-json\/wp\/v2\/media?parent=56568"}],"wp:term":[{"taxonomy":"product_cat","embeddable":true,"href":"https:\/\/dev6.erresse-shop.it\/de\/wp-json\/wp\/v2\/product_cat?post=56568"},{"taxonomy":"product_tag","embeddable":true,"href":"https:\/\/dev6.erresse-shop.it\/de\/wp-json\/wp\/v2\/product_tag?post=56568"}],"curies":[{"name":"wp","href":"https:\/\/api.w.org\/{rel}","templated":true}]}}