{"id":56564,"date":"2026-04-04T12:16:09","date_gmt":"2026-04-04T10:16:09","guid":{"rendered":"https:\/\/dev6.erresse-shop.it\/shop\/unkategorisiert\/fratelli-desideri-le-cene-stellate-chef-christian-milone-sua-maesta-bianco-tartufo\/"},"modified":"2025-09-14T02:35:55","modified_gmt":"2025-09-14T00:35:55","slug":"fratelli-desideri-le-cene-stellate-chef-christian-milone-sua-maesta-bianco-tartufo","status":"publish","type":"product","link":"https:\/\/dev6.erresse-shop.it\/de\/shop\/food-de\/fratelli-desideri-le-cene-stellate-chef-christian-milone-sua-maesta-bianco-tartufo\/","title":{"rendered":"FRATELLI DESIDERI Le Cene Stellate Chef Christian Milone Sua Maest\u00e0 Bianco Tartufo"},"content":{"rendered":"<p>Mit diesem Rezept f\u00fchrt uns Christian Milone (Koch mit 1 Michelin-Stern) auf eine exklusive Reise in die Aristokratie der piemontesischen K\u00fcche, ein gastronomisches Erlebnis, das zwei der begehrtesten und k\u00f6stlichsten Spitzenleistungen Italiens zelebriert : der Wei\u00dfe Alba-Tr\u00fcffel (Tuber Magnatum Pico) und der Kostbare Schwarze Tr\u00fcffel (Tuber Melanosporum). Eine erhabene Begegnung intensiver Aromen und umh\u00fcllender Aromen, die die Raffinesse und Tradition dieses Landes mit seiner reichen gastronomischen Geschichte widerspiegeln.<\/p>\n<p>In diesem Rezept wird der nat\u00fcrliche Wei\u00dfe Tr\u00fcffel vorsichtig in eine sehr hochwertige italienische Milchbutter getaucht, die nicht nur den Geschmack des Tr\u00fcffels verst\u00e4rkt, sondern auch zur Herstellung beitr\u00e4gt unglaublich cremige und umh\u00fcllende Reiscreme. Das Ergebnis ist ein Gericht mit einem kr\u00e4ftigen und harmonischen Geschmack, bei dem der Tr\u00fcffel perfekt mit der Cremigkeit der Butter harmoniert.<\/p>\n<p>Um dieses kulinarische Meisterwerk zu vervollst\u00e4ndigen, wird der kostbare schwarze Tr\u00fcffel, der Protagonist einer raffinierten und unerwarteten Pr\u00e4sentation, in Kaviarperlen verwandelt. Diese kleinen schwarzen Kugeln, die am Gaumen zart explodieren, verleihen dem Gericht einen raffinierten Abschluss und erzeugen einen Texturkontrast, der das sensorische Erlebnis noch weiter bereichert. Ein letzter Schliff von einem echten Sternekoch, der jeden einzelnen Geschmack zu einem einzigartigen und unvergesslichen Erlebnis macht.<\/p>\n<p>In diesem Gericht sind alle Zutaten so konzipiert, dass sie sich gegenseitig verst\u00e4rken und eine perfekte Harmonie zwischen Tradition und Innovation schaffen, in der die Leidenschaft f\u00fcr das Kochen und die Kunst des Aufsch\u00e4umens ein beispielloses Ma\u00df an Eleganz erreichen.<\/p>\n<p>Produktdetails:<\/p>\n<p>Portionen: 4 Personen<br \/>\nVorbereitungszeit: 20 Min.<br \/>\nSchwierigkeitsgrad: Niedrig<\/p>\n","protected":false},"excerpt":{"rendered":"<p>Mit diesem Rezept f\u00fchrt uns Christian Milone (Koch mit 1 Michelin-Stern) auf eine exklusive Reise in die Aristokratie der piemontesischen K\u00fcche, ein gastronomisches Erlebnis, das zwei der begehrtesten und k\u00f6stlichsten Spitzenleistungen Italiens zelebriert : der Wei\u00dfe Alba-Tr\u00fcffel (Tuber Magnatum Pico) und der Kostbare Schwarze Tr\u00fcffel (Tuber Melanosporum). Eine erhabene Begegnung intensiver Aromen und umh\u00fcllender Aromen, [&hellip;]<\/p>\n","protected":false},"featured_media":6288725,"template":"","meta":{"_acf_changed":false},"product_cat":[12157],"product_tag":[],"class_list":{"0":"post-56564","1":"product","2":"type-product","3":"status-publish","4":"has-post-thumbnail","6":"product_cat-food-de","8":"first","9":"instock","10":"sale","11":"taxable","12":"shipping-taxable","13":"purchasable","14":"product-type-simple","swatches":"rey-swatches","show_selected":"","stretch_labels":"rey-swatches--stretch-labels"},"acf":[],"yoast_head":"<!-- This site is optimized with the Yoast SEO plugin v25.4 - https:\/\/yoast.com\/wordpress\/plugins\/seo\/ -->\n<title>FRATELLI DESIDERI Le Cene Stellate Chef Christian Milone Sua Maest\u00e0 Bianco Tartufo - dev6 Erresse<\/title>\n<meta name=\"description\" content=\"Mit diesem Rezept f\u00fchrt uns Christian Milone (Koch mit 1 Michelin-Stern) auf eine exklusive Reise in die Aristokratie der piemontesischen K\u00fcche, ein\" \/>\n<meta name=\"robots\" content=\"noindex, follow, max-snippet:-1, max-image-preview:large, max-video-preview:-1\" \/>\n<meta property=\"og:locale\" content=\"de_DE\" \/>\n<meta property=\"og:type\" content=\"article\" \/>\n<meta property=\"og:title\" content=\"FRATELLI DESIDERI Le Cene Stellate Chef Christian Milone Sua Maest\u00e0 Bianco Tartufo - dev6 Erresse\" \/>\n<meta property=\"og:description\" content=\"Mit diesem Rezept f\u00fchrt uns Christian Milone (Koch mit 1 Michelin-Stern) auf eine exklusive Reise in die Aristokratie der piemontesischen K\u00fcche, ein\" \/>\n<meta property=\"og:url\" content=\"https:\/\/dev6.erresse-shop.it\/de\/shop\/food-de\/fratelli-desideri-le-cene-stellate-chef-christian-milone-sua-maesta-bianco-tartufo\/\" \/>\n<meta property=\"og:site_name\" content=\"dev6 Erresse\" \/>\n<meta property=\"og:image\" content=\"https:\/\/interpim.erresse-shop.it\/Import\/Prodotti\/fratelli-desideri-le-cene-stellate-sua-maesta-bianco-tartufo.jpg\" \/><meta property=\"og:image\" content=\"https:\/\/interpim.erresse-shop.it\/Import\/Prodotti\/fratelli-desideri-le-cene-stellate-sua-maesta-bianco-tartufo.jpg\" \/>\n\t<meta property=\"og:image:width\" content=\"1024\" \/>\n\t<meta property=\"og:image:height\" content=\"1024\" \/>\n\t<meta property=\"og:image:type\" content=\"image\/jpeg\" \/>\n<meta name=\"twitter:card\" content=\"summary_large_image\" \/>\n<meta name=\"twitter:image\" content=\"https:\/\/interpim.erresse-shop.it\/Import\/Prodotti\/fratelli-desideri-le-cene-stellate-sua-maesta-bianco-tartufo.jpg\" \/>\n<script type=\"application\/ld+json\" class=\"yoast-schema-graph\">{\"@context\":\"https:\/\/schema.org\",\"@graph\":[{\"@type\":\"WebPage\",\"@id\":\"https:\/\/dev6.erresse-shop.it\/de\/shop\/food-de\/fratelli-desideri-le-cene-stellate-chef-christian-milone-sua-maesta-bianco-tartufo\/\",\"url\":\"https:\/\/dev6.erresse-shop.it\/de\/shop\/food-de\/fratelli-desideri-le-cene-stellate-chef-christian-milone-sua-maesta-bianco-tartufo\/\",\"name\":\"FRATELLI DESIDERI Le Cene Stellate Chef Christian Milone Sua Maest\u00e0 Bianco Tartufo - dev6 Erresse\",\"isPartOf\":{\"@id\":\"https:\/\/dev6.erresse-shop.it\/#website\"},\"primaryImageOfPage\":{\"@id\":\"https:\/\/dev6.erresse-shop.it\/de\/shop\/food-de\/fratelli-desideri-le-cene-stellate-chef-christian-milone-sua-maesta-bianco-tartufo\/#primaryimage\"},\"image\":{\"@id\":\"https:\/\/dev6.erresse-shop.it\/de\/shop\/food-de\/fratelli-desideri-le-cene-stellate-chef-christian-milone-sua-maesta-bianco-tartufo\/#primaryimage\"},\"thumbnailUrl\":\"https:\/\/i3.wp.com\/interpim.erresse-shop.it\/Import\/Prodotti\/fratelli-desideri-le-cene-stellate-sua-maesta-bianco-tartufo.jpg?ssl=1\",\"datePublished\":\"2026-04-04T10:16:09+00:00\",\"description\":\"Mit diesem Rezept f\u00fchrt uns Christian Milone (Koch mit 1 Michelin-Stern) auf eine exklusive Reise in die Aristokratie der piemontesischen K\u00fcche, ein\",\"breadcrumb\":{\"@id\":\"https:\/\/dev6.erresse-shop.it\/de\/shop\/food-de\/fratelli-desideri-le-cene-stellate-chef-christian-milone-sua-maesta-bianco-tartufo\/#breadcrumb\"},\"inLanguage\":\"de\",\"potentialAction\":[{\"@type\":\"ReadAction\",\"target\":[\"https:\/\/dev6.erresse-shop.it\/de\/shop\/food-de\/fratelli-desideri-le-cene-stellate-chef-christian-milone-sua-maesta-bianco-tartufo\/\"]}]},{\"@type\":\"ImageObject\",\"inLanguage\":\"de\",\"@id\":\"https:\/\/dev6.erresse-shop.it\/de\/shop\/food-de\/fratelli-desideri-le-cene-stellate-chef-christian-milone-sua-maesta-bianco-tartufo\/#primaryimage\",\"url\":\"https:\/\/i3.wp.com\/interpim.erresse-shop.it\/Import\/Prodotti\/fratelli-desideri-le-cene-stellate-sua-maesta-bianco-tartufo.jpg?ssl=1\",\"contentUrl\":\"https:\/\/i3.wp.com\/interpim.erresse-shop.it\/Import\/Prodotti\/fratelli-desideri-le-cene-stellate-sua-maesta-bianco-tartufo.jpg?ssl=1\"},{\"@type\":\"BreadcrumbList\",\"@id\":\"https:\/\/dev6.erresse-shop.it\/de\/shop\/food-de\/fratelli-desideri-le-cene-stellate-chef-christian-milone-sua-maesta-bianco-tartufo\/#breadcrumb\",\"itemListElement\":[{\"@type\":\"ListItem\",\"position\":1,\"name\":\"Home\",\"item\":\"https:\/\/dev6.erresse-shop.it\/\"},{\"@type\":\"ListItem\",\"position\":2,\"name\":\"Shop\",\"item\":\"https:\/\/dev6.erresse-shop.it\/shop\/\"},{\"@type\":\"ListItem\",\"position\":3,\"name\":\"FRATELLI DESIDERI Le Cene Stellate Chef Christian Milone Sua Maest\u00e0 Bianco Tartufo\"}]},{\"@type\":\"WebSite\",\"@id\":\"https:\/\/dev6.erresse-shop.it\/#website\",\"url\":\"https:\/\/dev6.erresse-shop.it\/\",\"name\":\"Erresse Shop\",\"description\":\"\",\"publisher\":{\"@id\":\"https:\/\/dev6.erresse-shop.it\/#organization\"},\"potentialAction\":[{\"@type\":\"SearchAction\",\"target\":{\"@type\":\"EntryPoint\",\"urlTemplate\":\"https:\/\/dev6.erresse-shop.it\/?s={search_term_string}\"},\"query-input\":{\"@type\":\"PropertyValueSpecification\",\"valueRequired\":true,\"valueName\":\"search_term_string\"}}],\"inLanguage\":\"de\"},{\"@type\":\"Organization\",\"@id\":\"https:\/\/dev6.erresse-shop.it\/#organization\",\"name\":\"Erresse Shop\",\"url\":\"https:\/\/dev6.erresse-shop.it\/\",\"logo\":{\"@type\":\"ImageObject\",\"inLanguage\":\"de\",\"@id\":\"https:\/\/dev6.erresse-shop.it\/#\/schema\/logo\/image\/\",\"url\":\"https:\/\/dev6.erresse-shop.it\/wp-content\/uploads\/2025\/01\/LOGO-ERRESSE-CLASSICO.svg\",\"contentUrl\":\"https:\/\/dev6.erresse-shop.it\/wp-content\/uploads\/2025\/01\/LOGO-ERRESSE-CLASSICO.svg\",\"caption\":\"Erresse Shop\"},\"image\":{\"@id\":\"https:\/\/dev6.erresse-shop.it\/#\/schema\/logo\/image\/\"}}]}<\/script>\n<!-- \/ Yoast SEO plugin. -->","yoast_head_json":{"title":"FRATELLI DESIDERI Le Cene Stellate Chef Christian Milone Sua Maest\u00e0 Bianco Tartufo - dev6 Erresse","description":"Mit diesem Rezept f\u00fchrt uns Christian Milone (Koch mit 1 Michelin-Stern) auf eine exklusive Reise in die Aristokratie der piemontesischen K\u00fcche, ein","robots":{"index":"noindex","follow":"follow","max-snippet":"max-snippet:-1","max-image-preview":"max-image-preview:large","max-video-preview":"max-video-preview:-1"},"og_locale":"de_DE","og_type":"article","og_title":"FRATELLI DESIDERI Le Cene Stellate Chef Christian Milone Sua Maest\u00e0 Bianco Tartufo - dev6 Erresse","og_description":"Mit diesem Rezept f\u00fchrt uns Christian Milone (Koch mit 1 Michelin-Stern) auf eine exklusive Reise in die Aristokratie der piemontesischen K\u00fcche, ein","og_url":"https:\/\/dev6.erresse-shop.it\/de\/shop\/food-de\/fratelli-desideri-le-cene-stellate-chef-christian-milone-sua-maesta-bianco-tartufo\/","og_site_name":"dev6 Erresse","og_image":[{"url":"https:\/\/interpim.erresse-shop.it\/Import\/Prodotti\/fratelli-desideri-le-cene-stellate-sua-maesta-bianco-tartufo.jpg","type":"","width":"","height":""},{"url":"https:\/\/interpim.erresse-shop.it\/Import\/Prodotti\/fratelli-desideri-le-cene-stellate-sua-maesta-bianco-tartufo.jpg","width":1024,"height":1024,"type":"image\/jpeg"}],"twitter_card":"summary_large_image","twitter_image":"https:\/\/interpim.erresse-shop.it\/Import\/Prodotti\/fratelli-desideri-le-cene-stellate-sua-maesta-bianco-tartufo.jpg","schema":{"@context":"https:\/\/schema.org","@graph":[{"@type":"WebPage","@id":"https:\/\/dev6.erresse-shop.it\/de\/shop\/food-de\/fratelli-desideri-le-cene-stellate-chef-christian-milone-sua-maesta-bianco-tartufo\/","url":"https:\/\/dev6.erresse-shop.it\/de\/shop\/food-de\/fratelli-desideri-le-cene-stellate-chef-christian-milone-sua-maesta-bianco-tartufo\/","name":"FRATELLI DESIDERI Le Cene Stellate Chef Christian Milone Sua Maest\u00e0 Bianco Tartufo - dev6 Erresse","isPartOf":{"@id":"https:\/\/dev6.erresse-shop.it\/#website"},"primaryImageOfPage":{"@id":"https:\/\/dev6.erresse-shop.it\/de\/shop\/food-de\/fratelli-desideri-le-cene-stellate-chef-christian-milone-sua-maesta-bianco-tartufo\/#primaryimage"},"image":{"@id":"https:\/\/dev6.erresse-shop.it\/de\/shop\/food-de\/fratelli-desideri-le-cene-stellate-chef-christian-milone-sua-maesta-bianco-tartufo\/#primaryimage"},"thumbnailUrl":"https:\/\/i3.wp.com\/interpim.erresse-shop.it\/Import\/Prodotti\/fratelli-desideri-le-cene-stellate-sua-maesta-bianco-tartufo.jpg?ssl=1","datePublished":"2026-04-04T10:16:09+00:00","description":"Mit diesem Rezept f\u00fchrt uns Christian Milone (Koch mit 1 Michelin-Stern) auf eine exklusive Reise in die Aristokratie der piemontesischen K\u00fcche, ein","breadcrumb":{"@id":"https:\/\/dev6.erresse-shop.it\/de\/shop\/food-de\/fratelli-desideri-le-cene-stellate-chef-christian-milone-sua-maesta-bianco-tartufo\/#breadcrumb"},"inLanguage":"de","potentialAction":[{"@type":"ReadAction","target":["https:\/\/dev6.erresse-shop.it\/de\/shop\/food-de\/fratelli-desideri-le-cene-stellate-chef-christian-milone-sua-maesta-bianco-tartufo\/"]}]},{"@type":"ImageObject","inLanguage":"de","@id":"https:\/\/dev6.erresse-shop.it\/de\/shop\/food-de\/fratelli-desideri-le-cene-stellate-chef-christian-milone-sua-maesta-bianco-tartufo\/#primaryimage","url":"https:\/\/i3.wp.com\/interpim.erresse-shop.it\/Import\/Prodotti\/fratelli-desideri-le-cene-stellate-sua-maesta-bianco-tartufo.jpg?ssl=1","contentUrl":"https:\/\/i3.wp.com\/interpim.erresse-shop.it\/Import\/Prodotti\/fratelli-desideri-le-cene-stellate-sua-maesta-bianco-tartufo.jpg?ssl=1"},{"@type":"BreadcrumbList","@id":"https:\/\/dev6.erresse-shop.it\/de\/shop\/food-de\/fratelli-desideri-le-cene-stellate-chef-christian-milone-sua-maesta-bianco-tartufo\/#breadcrumb","itemListElement":[{"@type":"ListItem","position":1,"name":"Home","item":"https:\/\/dev6.erresse-shop.it\/"},{"@type":"ListItem","position":2,"name":"Shop","item":"https:\/\/dev6.erresse-shop.it\/shop\/"},{"@type":"ListItem","position":3,"name":"FRATELLI DESIDERI Le Cene Stellate Chef Christian Milone Sua Maest\u00e0 Bianco Tartufo"}]},{"@type":"WebSite","@id":"https:\/\/dev6.erresse-shop.it\/#website","url":"https:\/\/dev6.erresse-shop.it\/","name":"Erresse Shop","description":"","publisher":{"@id":"https:\/\/dev6.erresse-shop.it\/#organization"},"potentialAction":[{"@type":"SearchAction","target":{"@type":"EntryPoint","urlTemplate":"https:\/\/dev6.erresse-shop.it\/?s={search_term_string}"},"query-input":{"@type":"PropertyValueSpecification","valueRequired":true,"valueName":"search_term_string"}}],"inLanguage":"de"},{"@type":"Organization","@id":"https:\/\/dev6.erresse-shop.it\/#organization","name":"Erresse Shop","url":"https:\/\/dev6.erresse-shop.it\/","logo":{"@type":"ImageObject","inLanguage":"de","@id":"https:\/\/dev6.erresse-shop.it\/#\/schema\/logo\/image\/","url":"https:\/\/dev6.erresse-shop.it\/wp-content\/uploads\/2025\/01\/LOGO-ERRESSE-CLASSICO.svg","contentUrl":"https:\/\/dev6.erresse-shop.it\/wp-content\/uploads\/2025\/01\/LOGO-ERRESSE-CLASSICO.svg","caption":"Erresse Shop"},"image":{"@id":"https:\/\/dev6.erresse-shop.it\/#\/schema\/logo\/image\/"}}]}},"df_price":56.95,"df_sale_price":56.95,"df_regular_price":63,"df_image_link":"https:\/\/i3.wp.com\/interpim.erresse-shop.it\/Import\/Prodotti\/fratelli-desideri-le-cene-stellate-sua-maesta-bianco-tartufo.jpg?resize=300,300&ssl=1","fifu_image_url":"https:\/\/interpim.erresse-shop.it\/Import\/Prodotti\/fratelli-desideri-le-cene-stellate-sua-maesta-bianco-tartufo.jpg","_links":{"self":[{"href":"https:\/\/dev6.erresse-shop.it\/de\/wp-json\/wp\/v2\/product\/56564","targetHints":{"allow":["GET"]}}],"collection":[{"href":"https:\/\/dev6.erresse-shop.it\/de\/wp-json\/wp\/v2\/product"}],"about":[{"href":"https:\/\/dev6.erresse-shop.it\/de\/wp-json\/wp\/v2\/types\/product"}],"wp:featuredmedia":[{"embeddable":true,"href":"https:\/\/dev6.erresse-shop.it\/de\/wp-json\/wp\/v2\/media\/6288725"}],"wp:attachment":[{"href":"https:\/\/dev6.erresse-shop.it\/de\/wp-json\/wp\/v2\/media?parent=56564"}],"wp:term":[{"taxonomy":"product_cat","embeddable":true,"href":"https:\/\/dev6.erresse-shop.it\/de\/wp-json\/wp\/v2\/product_cat?post=56564"},{"taxonomy":"product_tag","embeddable":true,"href":"https:\/\/dev6.erresse-shop.it\/de\/wp-json\/wp\/v2\/product_tag?post=56564"}],"curies":[{"name":"wp","href":"https:\/\/api.w.org\/{rel}","templated":true}]}}