{"id":56562,"date":"2026-04-12T12:18:55","date_gmt":"2026-04-12T10:18:55","guid":{"rendered":"https:\/\/dev6.erresse-shop.it\/shop\/unkategorisiert\/fratelli-desideri-le-cene-stellate-chef-andrea-larossa-vecchia-latteria\/"},"modified":"2025-09-14T02:35:51","modified_gmt":"2025-09-14T00:35:51","slug":"fratelli-desideri-le-cene-stellate-chef-andrea-larossa-vecchia-latteria","status":"publish","type":"product","link":"https:\/\/dev6.erresse-shop.it\/de\/shop\/food-de\/fratelli-desideri-le-cene-stellate-chef-andrea-larossa-vecchia-latteria\/","title":{"rendered":"FRATELLI DESIDERI Le Cene Stellate Chef Andrea Larossa Vecchia Latteria"},"content":{"rendered":"<p>Vecchia Latteria ist zweifellos eines der kultigsten und repr\u00e4sentativsten Gerichte von Andrea Larossa, das entscheidend dazu beigetragen hat, ihm den Michelin-Stern zu verschaffen und seinen Ruhm zu festigen der internationalen Gourmet-Restaurantszene. Dieses au\u00dfergew\u00f6hnliche Gericht, das die technische Meisterschaft des K\u00fcchenchefs mit seiner Innovationsf\u00e4higkeit verbindet, ist eine wahre Hommage an die gastronomische Tradition, angereichert mit einem Hauch von Modernit\u00e4t, der es einzigartig und unvergesslich macht.<\/p>\n<p>Im Mittelpunkt des Rezepts steht Acquerello-Reis, eine feine Sorte, die sich durch ihre hervorragende Qualit\u00e4t und ihre F\u00e4higkeit, Aromen einwandfrei aufzunehmen, auszeichnet. Der Reis wird mit Monte-Vecchio-K\u00e4se \u00fcberzogen, einem reifen K\u00e4se, der mit seiner Cremigkeit und seinem kr\u00e4ftigen Geschmack dem Gericht eine reichhaltige und umh\u00fcllende Struktur verleiht. Die Kombination dieser beiden Zutaten, die f\u00fcr sich genommen schon au\u00dfergew\u00f6hnlich w\u00e4ren, schafft eine perfekte Basis, eine perfekte Geschmacksbalance, die zart am Gaumen zergeht.<\/p>\n<p>Doch es ist das \u00fcberraschende Element, das Lakritz, das dem Gericht eine explosive und unerwartete Note verleiht. Mit seinem unverwechselbaren und leicht bitteren Geschmack gelingt es Lakritze, die Reichhaltigkeit des K\u00e4ses und die Weichheit des Reises zu kontrastieren und auszugleichen, wodurch eine Geschmackssynergie entsteht, die bei jedem Bissen \u00fcberrascht. Eine Kombination aus Intensit\u00e4t und Raffinesse, die jeden Geschmack in ein umfassendes Sinneserlebnis verwandelt und in der Lage ist, kontrastreiche und faszinierende Emotionen zu wecken.<\/p>\n<p>Diese Kombination von Aromen und Intensit\u00e4t ist entschieden unerwartet, aber gleichzeitig perfekt ausbalanciert, ein Spiel der Kontraste, das \u00fcberrascht und erobert und ein anhaltendes Gef\u00fchl der Zufriedenheit und des Vergn\u00fcgens hinterl\u00e4sst eine lange Zeit. Vecchia Latteria ist nicht nur ein Gericht, sondern ein echtes kulinarisches Spektakel, das die Aufmerksamkeit jedes Geschmacks auf sich zieht und zum unbestrittenen Protagonisten jedes eleganten Abendessens wird.<\/p>\n<p>Das Zubereiten dieses Gerichts auf Ihrem Tisch ist nicht nur eine M\u00f6glichkeit, ein besonderes Abendessen anzubieten, sondern auch ein Zeichen des Stolzes f\u00fcr denjenigen, der es kocht. Die Sorgfalt und Pr\u00e4zision, die zur Umsetzung dieses Rezepts erforderlich sind, sowie die Freude, ein Gericht zu servieren, das die Handschrift eines Sternekochs tr\u00e4gt, werden eine Quelle unsch\u00e4tzbarer Zufriedenheit sein. Dieses Gericht stellt den H\u00f6hepunkt der Gourmetk\u00fcche dar, in der Tradition, Innovation und Leidenschaft zusammentreffen, um ein wahres Kunstwerk der gastronomischen Kunst zum Leben zu erwecken.<\/p>\n<p>Dieses Rezept besteht aus glutenfreien Zutaten, wir k\u00f6nnen das Produkt jedoch nicht gegen \u00e4u\u00dfere Verunreinigungen garantieren.<\/p>\n<p>Produktdetails:<\/p>\n<p>Portionen: 4 Personen<br \/>\nVorbereitungszeit: 25 Min.<br \/>\nSchwierigkeitsgrad: Niedrig<\/p>\n","protected":false},"excerpt":{"rendered":"<p>Vecchia Latteria ist zweifellos eines der kultigsten und repr\u00e4sentativsten Gerichte von Andrea Larossa, das entscheidend dazu beigetragen hat, ihm den Michelin-Stern zu verschaffen und seinen Ruhm zu festigen der internationalen Gourmet-Restaurantszene. Dieses au\u00dfergew\u00f6hnliche Gericht, das die technische Meisterschaft des K\u00fcchenchefs mit seiner Innovationsf\u00e4higkeit verbindet, ist eine wahre Hommage an die gastronomische Tradition, angereichert mit einem [&hellip;]<\/p>\n","protected":false},"featured_media":6371983,"template":"","meta":{"_acf_changed":false},"product_cat":[12157],"product_tag":[],"class_list":{"0":"post-56562","1":"product","2":"type-product","3":"status-publish","4":"has-post-thumbnail","6":"product_cat-food-de","8":"first","9":"instock","10":"taxable","11":"shipping-taxable","12":"purchasable","13":"product-type-simple","swatches":"rey-swatches","show_selected":"","stretch_labels":"rey-swatches--stretch-labels"},"acf":[],"yoast_head":"<!-- This site is optimized with the Yoast SEO plugin v25.4 - https:\/\/yoast.com\/wordpress\/plugins\/seo\/ -->\n<title>FRATELLI DESIDERI Le Cene Stellate Chef Andrea Larossa Vecchia Latteria - dev6 Erresse<\/title>\n<meta name=\"description\" content=\"Vecchia Latteria ist zweifellos eines der kultigsten und repr\u00e4sentativsten Gerichte von Andrea Larossa, das entscheidend dazu beigetragen hat, ihm den\" \/>\n<meta name=\"robots\" content=\"noindex, follow, max-snippet:-1, max-image-preview:large, max-video-preview:-1\" \/>\n<meta property=\"og:locale\" content=\"de_DE\" \/>\n<meta property=\"og:type\" content=\"article\" \/>\n<meta property=\"og:title\" content=\"FRATELLI DESIDERI Le Cene Stellate Chef Andrea Larossa Vecchia Latteria - dev6 Erresse\" \/>\n<meta property=\"og:description\" content=\"Vecchia Latteria ist zweifellos eines der kultigsten und repr\u00e4sentativsten Gerichte von Andrea Larossa, das entscheidend dazu beigetragen hat, ihm den\" \/>\n<meta property=\"og:url\" content=\"https:\/\/dev6.erresse-shop.it\/de\/shop\/food-de\/fratelli-desideri-le-cene-stellate-chef-andrea-larossa-vecchia-latteria\/\" \/>\n<meta property=\"og:site_name\" content=\"dev6 Erresse\" \/>\n<meta property=\"og:image\" content=\"https:\/\/interpim.erresse-shop.it\/Import\/Prodotti\/fratelli-desideri-le-cene-stellate-vecchia-latteria.jpg\" \/><meta property=\"og:image\" content=\"https:\/\/interpim.erresse-shop.it\/Import\/Prodotti\/fratelli-desideri-le-cene-stellate-vecchia-latteria.jpg\" \/>\n\t<meta property=\"og:image:width\" content=\"1024\" \/>\n\t<meta property=\"og:image:height\" content=\"1024\" \/>\n\t<meta property=\"og:image:type\" content=\"image\/jpeg\" \/>\n<meta name=\"twitter:card\" content=\"summary_large_image\" \/>\n<meta name=\"twitter:image\" content=\"https:\/\/interpim.erresse-shop.it\/Import\/Prodotti\/fratelli-desideri-le-cene-stellate-vecchia-latteria.jpg\" \/>\n<script type=\"application\/ld+json\" class=\"yoast-schema-graph\">{\"@context\":\"https:\/\/schema.org\",\"@graph\":[{\"@type\":\"WebPage\",\"@id\":\"https:\/\/dev6.erresse-shop.it\/de\/shop\/food-de\/fratelli-desideri-le-cene-stellate-chef-andrea-larossa-vecchia-latteria\/\",\"url\":\"https:\/\/dev6.erresse-shop.it\/de\/shop\/food-de\/fratelli-desideri-le-cene-stellate-chef-andrea-larossa-vecchia-latteria\/\",\"name\":\"FRATELLI DESIDERI Le Cene Stellate Chef Andrea Larossa Vecchia Latteria - dev6 Erresse\",\"isPartOf\":{\"@id\":\"https:\/\/dev6.erresse-shop.it\/#website\"},\"primaryImageOfPage\":{\"@id\":\"https:\/\/dev6.erresse-shop.it\/de\/shop\/food-de\/fratelli-desideri-le-cene-stellate-chef-andrea-larossa-vecchia-latteria\/#primaryimage\"},\"image\":{\"@id\":\"https:\/\/dev6.erresse-shop.it\/de\/shop\/food-de\/fratelli-desideri-le-cene-stellate-chef-andrea-larossa-vecchia-latteria\/#primaryimage\"},\"thumbnailUrl\":\"https:\/\/i1.wp.com\/interpim.erresse-shop.it\/Import\/Prodotti\/fratelli-desideri-le-cene-stellate-vecchia-latteria.jpg?ssl=1\",\"datePublished\":\"2026-04-12T10:18:55+00:00\",\"description\":\"Vecchia Latteria ist zweifellos eines der kultigsten und repr\u00e4sentativsten Gerichte von Andrea Larossa, das entscheidend dazu beigetragen hat, ihm den\",\"breadcrumb\":{\"@id\":\"https:\/\/dev6.erresse-shop.it\/de\/shop\/food-de\/fratelli-desideri-le-cene-stellate-chef-andrea-larossa-vecchia-latteria\/#breadcrumb\"},\"inLanguage\":\"de\",\"potentialAction\":[{\"@type\":\"ReadAction\",\"target\":[\"https:\/\/dev6.erresse-shop.it\/de\/shop\/food-de\/fratelli-desideri-le-cene-stellate-chef-andrea-larossa-vecchia-latteria\/\"]}]},{\"@type\":\"ImageObject\",\"inLanguage\":\"de\",\"@id\":\"https:\/\/dev6.erresse-shop.it\/de\/shop\/food-de\/fratelli-desideri-le-cene-stellate-chef-andrea-larossa-vecchia-latteria\/#primaryimage\",\"url\":\"https:\/\/i1.wp.com\/interpim.erresse-shop.it\/Import\/Prodotti\/fratelli-desideri-le-cene-stellate-vecchia-latteria.jpg?ssl=1\",\"contentUrl\":\"https:\/\/i1.wp.com\/interpim.erresse-shop.it\/Import\/Prodotti\/fratelli-desideri-le-cene-stellate-vecchia-latteria.jpg?ssl=1\"},{\"@type\":\"BreadcrumbList\",\"@id\":\"https:\/\/dev6.erresse-shop.it\/de\/shop\/food-de\/fratelli-desideri-le-cene-stellate-chef-andrea-larossa-vecchia-latteria\/#breadcrumb\",\"itemListElement\":[{\"@type\":\"ListItem\",\"position\":1,\"name\":\"Home\",\"item\":\"https:\/\/dev6.erresse-shop.it\/\"},{\"@type\":\"ListItem\",\"position\":2,\"name\":\"Shop\",\"item\":\"https:\/\/dev6.erresse-shop.it\/shop\/\"},{\"@type\":\"ListItem\",\"position\":3,\"name\":\"FRATELLI DESIDERI Le Cene Stellate Chef Andrea Larossa Vecchia Latteria\"}]},{\"@type\":\"WebSite\",\"@id\":\"https:\/\/dev6.erresse-shop.it\/#website\",\"url\":\"https:\/\/dev6.erresse-shop.it\/\",\"name\":\"Erresse Shop\",\"description\":\"\",\"publisher\":{\"@id\":\"https:\/\/dev6.erresse-shop.it\/#organization\"},\"potentialAction\":[{\"@type\":\"SearchAction\",\"target\":{\"@type\":\"EntryPoint\",\"urlTemplate\":\"https:\/\/dev6.erresse-shop.it\/?s={search_term_string}\"},\"query-input\":{\"@type\":\"PropertyValueSpecification\",\"valueRequired\":true,\"valueName\":\"search_term_string\"}}],\"inLanguage\":\"de\"},{\"@type\":\"Organization\",\"@id\":\"https:\/\/dev6.erresse-shop.it\/#organization\",\"name\":\"Erresse Shop\",\"url\":\"https:\/\/dev6.erresse-shop.it\/\",\"logo\":{\"@type\":\"ImageObject\",\"inLanguage\":\"de\",\"@id\":\"https:\/\/dev6.erresse-shop.it\/#\/schema\/logo\/image\/\",\"url\":\"https:\/\/dev6.erresse-shop.it\/wp-content\/uploads\/2025\/01\/LOGO-ERRESSE-CLASSICO.svg\",\"contentUrl\":\"https:\/\/dev6.erresse-shop.it\/wp-content\/uploads\/2025\/01\/LOGO-ERRESSE-CLASSICO.svg\",\"caption\":\"Erresse Shop\"},\"image\":{\"@id\":\"https:\/\/dev6.erresse-shop.it\/#\/schema\/logo\/image\/\"}}]}<\/script>\n<!-- \/ Yoast SEO plugin. -->","yoast_head_json":{"title":"FRATELLI DESIDERI Le Cene Stellate Chef Andrea Larossa Vecchia Latteria - dev6 Erresse","description":"Vecchia Latteria ist zweifellos eines der kultigsten und repr\u00e4sentativsten Gerichte von Andrea Larossa, das entscheidend dazu beigetragen hat, ihm den","robots":{"index":"noindex","follow":"follow","max-snippet":"max-snippet:-1","max-image-preview":"max-image-preview:large","max-video-preview":"max-video-preview:-1"},"og_locale":"de_DE","og_type":"article","og_title":"FRATELLI DESIDERI Le Cene Stellate Chef Andrea Larossa Vecchia Latteria - dev6 Erresse","og_description":"Vecchia Latteria ist zweifellos eines der kultigsten und repr\u00e4sentativsten Gerichte von Andrea Larossa, das entscheidend dazu beigetragen hat, ihm den","og_url":"https:\/\/dev6.erresse-shop.it\/de\/shop\/food-de\/fratelli-desideri-le-cene-stellate-chef-andrea-larossa-vecchia-latteria\/","og_site_name":"dev6 Erresse","og_image":[{"url":"https:\/\/interpim.erresse-shop.it\/Import\/Prodotti\/fratelli-desideri-le-cene-stellate-vecchia-latteria.jpg","type":"","width":"","height":""},{"url":"https:\/\/interpim.erresse-shop.it\/Import\/Prodotti\/fratelli-desideri-le-cene-stellate-vecchia-latteria.jpg","width":1024,"height":1024,"type":"image\/jpeg"}],"twitter_card":"summary_large_image","twitter_image":"https:\/\/interpim.erresse-shop.it\/Import\/Prodotti\/fratelli-desideri-le-cene-stellate-vecchia-latteria.jpg","schema":{"@context":"https:\/\/schema.org","@graph":[{"@type":"WebPage","@id":"https:\/\/dev6.erresse-shop.it\/de\/shop\/food-de\/fratelli-desideri-le-cene-stellate-chef-andrea-larossa-vecchia-latteria\/","url":"https:\/\/dev6.erresse-shop.it\/de\/shop\/food-de\/fratelli-desideri-le-cene-stellate-chef-andrea-larossa-vecchia-latteria\/","name":"FRATELLI DESIDERI Le Cene Stellate Chef Andrea Larossa Vecchia Latteria - dev6 Erresse","isPartOf":{"@id":"https:\/\/dev6.erresse-shop.it\/#website"},"primaryImageOfPage":{"@id":"https:\/\/dev6.erresse-shop.it\/de\/shop\/food-de\/fratelli-desideri-le-cene-stellate-chef-andrea-larossa-vecchia-latteria\/#primaryimage"},"image":{"@id":"https:\/\/dev6.erresse-shop.it\/de\/shop\/food-de\/fratelli-desideri-le-cene-stellate-chef-andrea-larossa-vecchia-latteria\/#primaryimage"},"thumbnailUrl":"https:\/\/i1.wp.com\/interpim.erresse-shop.it\/Import\/Prodotti\/fratelli-desideri-le-cene-stellate-vecchia-latteria.jpg?ssl=1","datePublished":"2026-04-12T10:18:55+00:00","description":"Vecchia Latteria ist zweifellos eines der kultigsten und repr\u00e4sentativsten Gerichte von Andrea Larossa, das entscheidend dazu beigetragen hat, ihm den","breadcrumb":{"@id":"https:\/\/dev6.erresse-shop.it\/de\/shop\/food-de\/fratelli-desideri-le-cene-stellate-chef-andrea-larossa-vecchia-latteria\/#breadcrumb"},"inLanguage":"de","potentialAction":[{"@type":"ReadAction","target":["https:\/\/dev6.erresse-shop.it\/de\/shop\/food-de\/fratelli-desideri-le-cene-stellate-chef-andrea-larossa-vecchia-latteria\/"]}]},{"@type":"ImageObject","inLanguage":"de","@id":"https:\/\/dev6.erresse-shop.it\/de\/shop\/food-de\/fratelli-desideri-le-cene-stellate-chef-andrea-larossa-vecchia-latteria\/#primaryimage","url":"https:\/\/i1.wp.com\/interpim.erresse-shop.it\/Import\/Prodotti\/fratelli-desideri-le-cene-stellate-vecchia-latteria.jpg?ssl=1","contentUrl":"https:\/\/i1.wp.com\/interpim.erresse-shop.it\/Import\/Prodotti\/fratelli-desideri-le-cene-stellate-vecchia-latteria.jpg?ssl=1"},{"@type":"BreadcrumbList","@id":"https:\/\/dev6.erresse-shop.it\/de\/shop\/food-de\/fratelli-desideri-le-cene-stellate-chef-andrea-larossa-vecchia-latteria\/#breadcrumb","itemListElement":[{"@type":"ListItem","position":1,"name":"Home","item":"https:\/\/dev6.erresse-shop.it\/"},{"@type":"ListItem","position":2,"name":"Shop","item":"https:\/\/dev6.erresse-shop.it\/shop\/"},{"@type":"ListItem","position":3,"name":"FRATELLI DESIDERI Le Cene Stellate Chef Andrea Larossa Vecchia Latteria"}]},{"@type":"WebSite","@id":"https:\/\/dev6.erresse-shop.it\/#website","url":"https:\/\/dev6.erresse-shop.it\/","name":"Erresse Shop","description":"","publisher":{"@id":"https:\/\/dev6.erresse-shop.it\/#organization"},"potentialAction":[{"@type":"SearchAction","target":{"@type":"EntryPoint","urlTemplate":"https:\/\/dev6.erresse-shop.it\/?s={search_term_string}"},"query-input":{"@type":"PropertyValueSpecification","valueRequired":true,"valueName":"search_term_string"}}],"inLanguage":"de"},{"@type":"Organization","@id":"https:\/\/dev6.erresse-shop.it\/#organization","name":"Erresse Shop","url":"https:\/\/dev6.erresse-shop.it\/","logo":{"@type":"ImageObject","inLanguage":"de","@id":"https:\/\/dev6.erresse-shop.it\/#\/schema\/logo\/image\/","url":"https:\/\/dev6.erresse-shop.it\/wp-content\/uploads\/2025\/01\/LOGO-ERRESSE-CLASSICO.svg","contentUrl":"https:\/\/dev6.erresse-shop.it\/wp-content\/uploads\/2025\/01\/LOGO-ERRESSE-CLASSICO.svg","caption":"Erresse Shop"},"image":{"@id":"https:\/\/dev6.erresse-shop.it\/#\/schema\/logo\/image\/"}}]}},"df_price":42,"df_sale_price":"","df_regular_price":42,"df_image_link":"https:\/\/i1.wp.com\/interpim.erresse-shop.it\/Import\/Prodotti\/fratelli-desideri-le-cene-stellate-vecchia-latteria.jpg?resize=300,300&ssl=1","fifu_image_url":"https:\/\/interpim.erresse-shop.it\/Import\/Prodotti\/fratelli-desideri-le-cene-stellate-vecchia-latteria.jpg","_links":{"self":[{"href":"https:\/\/dev6.erresse-shop.it\/de\/wp-json\/wp\/v2\/product\/56562","targetHints":{"allow":["GET"]}}],"collection":[{"href":"https:\/\/dev6.erresse-shop.it\/de\/wp-json\/wp\/v2\/product"}],"about":[{"href":"https:\/\/dev6.erresse-shop.it\/de\/wp-json\/wp\/v2\/types\/product"}],"wp:featuredmedia":[{"embeddable":true,"href":"https:\/\/dev6.erresse-shop.it\/de\/wp-json\/wp\/v2\/media\/6371983"}],"wp:attachment":[{"href":"https:\/\/dev6.erresse-shop.it\/de\/wp-json\/wp\/v2\/media?parent=56562"}],"wp:term":[{"taxonomy":"product_cat","embeddable":true,"href":"https:\/\/dev6.erresse-shop.it\/de\/wp-json\/wp\/v2\/product_cat?post=56562"},{"taxonomy":"product_tag","embeddable":true,"href":"https:\/\/dev6.erresse-shop.it\/de\/wp-json\/wp\/v2\/product_tag?post=56562"}],"curies":[{"name":"wp","href":"https:\/\/api.w.org\/{rel}","templated":true}]}}