{"id":56556,"date":"2026-04-04T12:16:09","date_gmt":"2026-04-04T10:16:09","guid":{"rendered":"https:\/\/dev6.erresse-shop.it\/shop\/unkategorisiert\/les-jardins-de-la-comtesse-picknickkorb-6-personen-trianon\/"},"modified":"2025-09-14T02:35:44","modified_gmt":"2025-09-14T00:35:44","slug":"les-jardins-de-la-comtesse-picknickkorb-6-personen-trianon","status":"publish","type":"product","link":"https:\/\/dev6.erresse-shop.it\/de\/shop\/tisch\/picknickkoerbe\/les-jardins-de-la-comtesse-picknickkorb-6-personen-trianon\/","title":{"rendered":"LES JARDINS DE LA COMTESSE Picknickkorb 6 Personen Trianon"},"content":{"rendered":"<p>Ein raffinierter Korb mit Riemen, Griff und verstellbarem Schultergurt aus glattem und gen\u00e4htem Echtleder.<br \/>\nDer Griff an der Oberseite erm\u00f6glicht es Ihnen, ihn horizontal zu tragen, ohne dass das zubereitete Geschirr umkippt.<br \/>\nInnovation? Sein beschichteter Canvas-Stoff ist leicht zu reinigen. Haben Sie keine Angst mehr davor, Ihren\u00a0Korb zu verschmutzen, geben Sie ihm einfach einen Schwamm und schon ist er wieder sauber! Es bleibt immer perfekt, bei all Ihren\u00a0Picknicks.<br \/>\nDie Basis bildet ein gro\u00dfes isothermisches Fach, um Produkte k\u00fchl zu halten. Im Inneren finden Sie Gl\u00e4ser, die von Lederschn\u00fcren gehalten werden, Lederriemen zum Halten einer Flasche und eine Handtasche mit Designerbesteck aus poliertem Edelstahl im Inneren.<br \/>\nDer\u00a0Korb\u00a0ideal f\u00fcr ein Picknick.<\/p>\n<p>INHALT<\/p>\n<p>6 Teller (Durchmesser 20,5 cm) aus wei\u00dfer Keramik. Die Platten werden von beidseitig glatt gen\u00e4hten Lederriemen gehalten.<br \/>\n6 Gl\u00e4ser Wein (12 cl)<br \/>\nEine kleine Tasche mit 6 Messern, 6 Gabeln und 6 Designer-Kaffeel\u00f6ffeln aus poliertem Edelstahl.<br \/>\nSalz- und Pfefferstreuer aus Metall mit Lederverschluss.<br \/>\nEin Korkenzieher im Lederverschluss.<br \/>\n2 Lederriemen zum Halten einer Flasche.<br \/>\n2 Lederriemen zum Halten der Handtasche mit Besteck<\/p>\n<p>Abmessungen: 52 x 36 x 27 cm<\/p>\n<p>Gewicht: 6.200 kg<\/p>\n","protected":false},"excerpt":{"rendered":"<p>Ein raffinierter Korb mit Riemen, Griff und verstellbarem Schultergurt aus glattem und gen\u00e4htem Echtleder. Der Griff an der Oberseite erm\u00f6glicht es Ihnen, ihn horizontal zu tragen, ohne dass das zubereitete Geschirr umkippt. Innovation? Sein beschichteter Canvas-Stoff ist leicht zu reinigen. Haben Sie keine Angst mehr davor, Ihren\u00a0Korb zu verschmutzen, geben Sie ihm einfach einen Schwamm [&hellip;]<\/p>\n","protected":false},"featured_media":6288700,"template":"","meta":{"_acf_changed":false},"product_cat":[12140,11671,12103],"product_tag":[],"class_list":{"0":"post-56556","1":"product","2":"type-product","3":"status-publish","4":"has-post-thumbnail","6":"product_cat-picknickkoerbe","7":"product_cat-tavola","8":"product_cat-tisch","10":"first","11":"instock","12":"sale","13":"taxable","14":"shipping-taxable","15":"purchasable","16":"product-type-simple","swatches":"rey-swatches","show_selected":"","stretch_labels":"rey-swatches--stretch-labels"},"acf":[],"yoast_head":"<!-- This site is optimized with the Yoast SEO plugin v25.4 - https:\/\/yoast.com\/wordpress\/plugins\/seo\/ -->\n<title>LES JARDINS DE LA COMTESSE Picknickkorb 6 Personen Trianon - dev6 Erresse<\/title>\n<meta name=\"description\" content=\"Ein raffinierter Korb mit Riemen, Griff und verstellbarem Schultergurt aus glattem und gen\u00e4htem Echtleder. Der Griff an der Oberseite erm\u00f6glicht es Ihnen,\" \/>\n<meta name=\"robots\" content=\"noindex, follow, max-snippet:-1, max-image-preview:large, max-video-preview:-1\" \/>\n<meta property=\"og:locale\" content=\"de_DE\" \/>\n<meta property=\"og:type\" content=\"article\" \/>\n<meta property=\"og:title\" content=\"LES JARDINS DE LA COMTESSE Picknickkorb 6 Personen Trianon - dev6 Erresse\" \/>\n<meta property=\"og:description\" content=\"Ein raffinierter Korb mit Riemen, Griff und verstellbarem Schultergurt aus glattem und gen\u00e4htem Echtleder. Der Griff an der Oberseite erm\u00f6glicht es Ihnen,\" \/>\n<meta property=\"og:url\" content=\"https:\/\/dev6.erresse-shop.it\/de\/shop\/tisch\/picknickkoerbe\/les-jardins-de-la-comtesse-picknickkorb-6-personen-trianon\/\" \/>\n<meta property=\"og:site_name\" content=\"dev6 Erresse\" \/>\n<meta property=\"og:image\" content=\"https:\/\/interpim.erresse-shop.it\/Import\/Prodotti\/les-jardins-de-la-comtesse-cestino-picnic-6-persone-trianon.jpg\" \/><meta property=\"og:image\" content=\"https:\/\/interpim.erresse-shop.it\/Import\/Prodotti\/les-jardins-de-la-comtesse-cestino-picnic-6-persone-trianon.jpg\" \/>\n\t<meta property=\"og:image:width\" content=\"1024\" \/>\n\t<meta property=\"og:image:height\" content=\"1024\" \/>\n\t<meta property=\"og:image:type\" content=\"image\/jpeg\" \/>\n<meta name=\"twitter:card\" content=\"summary_large_image\" \/>\n<meta name=\"twitter:image\" content=\"https:\/\/interpim.erresse-shop.it\/Import\/Prodotti\/les-jardins-de-la-comtesse-cestino-picnic-6-persone-trianon.jpg\" \/>\n<script type=\"application\/ld+json\" class=\"yoast-schema-graph\">{\"@context\":\"https:\/\/schema.org\",\"@graph\":[{\"@type\":\"WebPage\",\"@id\":\"https:\/\/dev6.erresse-shop.it\/de\/shop\/tisch\/picknickkoerbe\/les-jardins-de-la-comtesse-picknickkorb-6-personen-trianon\/\",\"url\":\"https:\/\/dev6.erresse-shop.it\/de\/shop\/tisch\/picknickkoerbe\/les-jardins-de-la-comtesse-picknickkorb-6-personen-trianon\/\",\"name\":\"LES JARDINS DE LA COMTESSE Picknickkorb 6 Personen Trianon - dev6 Erresse\",\"isPartOf\":{\"@id\":\"https:\/\/dev6.erresse-shop.it\/#website\"},\"primaryImageOfPage\":{\"@id\":\"https:\/\/dev6.erresse-shop.it\/de\/shop\/tisch\/picknickkoerbe\/les-jardins-de-la-comtesse-picknickkorb-6-personen-trianon\/#primaryimage\"},\"image\":{\"@id\":\"https:\/\/dev6.erresse-shop.it\/de\/shop\/tisch\/picknickkoerbe\/les-jardins-de-la-comtesse-picknickkorb-6-personen-trianon\/#primaryimage\"},\"thumbnailUrl\":\"https:\/\/i2.wp.com\/interpim.erresse-shop.it\/Import\/Prodotti\/les-jardins-de-la-comtesse-cestino-picnic-6-persone-trianon.jpg?ssl=1\",\"datePublished\":\"2026-04-04T10:16:09+00:00\",\"description\":\"Ein raffinierter Korb mit Riemen, Griff und verstellbarem Schultergurt aus glattem und gen\u00e4htem Echtleder. Der Griff an der Oberseite erm\u00f6glicht es Ihnen,\",\"breadcrumb\":{\"@id\":\"https:\/\/dev6.erresse-shop.it\/de\/shop\/tisch\/picknickkoerbe\/les-jardins-de-la-comtesse-picknickkorb-6-personen-trianon\/#breadcrumb\"},\"inLanguage\":\"de\",\"potentialAction\":[{\"@type\":\"ReadAction\",\"target\":[\"https:\/\/dev6.erresse-shop.it\/de\/shop\/tisch\/picknickkoerbe\/les-jardins-de-la-comtesse-picknickkorb-6-personen-trianon\/\"]}]},{\"@type\":\"ImageObject\",\"inLanguage\":\"de\",\"@id\":\"https:\/\/dev6.erresse-shop.it\/de\/shop\/tisch\/picknickkoerbe\/les-jardins-de-la-comtesse-picknickkorb-6-personen-trianon\/#primaryimage\",\"url\":\"https:\/\/i2.wp.com\/interpim.erresse-shop.it\/Import\/Prodotti\/les-jardins-de-la-comtesse-cestino-picnic-6-persone-trianon.jpg?ssl=1\",\"contentUrl\":\"https:\/\/i2.wp.com\/interpim.erresse-shop.it\/Import\/Prodotti\/les-jardins-de-la-comtesse-cestino-picnic-6-persone-trianon.jpg?ssl=1\"},{\"@type\":\"BreadcrumbList\",\"@id\":\"https:\/\/dev6.erresse-shop.it\/de\/shop\/tisch\/picknickkoerbe\/les-jardins-de-la-comtesse-picknickkorb-6-personen-trianon\/#breadcrumb\",\"itemListElement\":[{\"@type\":\"ListItem\",\"position\":1,\"name\":\"Home\",\"item\":\"https:\/\/dev6.erresse-shop.it\/\"},{\"@type\":\"ListItem\",\"position\":2,\"name\":\"Shop\",\"item\":\"https:\/\/dev6.erresse-shop.it\/shop\/\"},{\"@type\":\"ListItem\",\"position\":3,\"name\":\"LES JARDINS DE LA COMTESSE Picknickkorb 6 Personen Trianon\"}]},{\"@type\":\"WebSite\",\"@id\":\"https:\/\/dev6.erresse-shop.it\/#website\",\"url\":\"https:\/\/dev6.erresse-shop.it\/\",\"name\":\"Erresse Shop\",\"description\":\"\",\"publisher\":{\"@id\":\"https:\/\/dev6.erresse-shop.it\/#organization\"},\"potentialAction\":[{\"@type\":\"SearchAction\",\"target\":{\"@type\":\"EntryPoint\",\"urlTemplate\":\"https:\/\/dev6.erresse-shop.it\/?s={search_term_string}\"},\"query-input\":{\"@type\":\"PropertyValueSpecification\",\"valueRequired\":true,\"valueName\":\"search_term_string\"}}],\"inLanguage\":\"de\"},{\"@type\":\"Organization\",\"@id\":\"https:\/\/dev6.erresse-shop.it\/#organization\",\"name\":\"Erresse Shop\",\"url\":\"https:\/\/dev6.erresse-shop.it\/\",\"logo\":{\"@type\":\"ImageObject\",\"inLanguage\":\"de\",\"@id\":\"https:\/\/dev6.erresse-shop.it\/#\/schema\/logo\/image\/\",\"url\":\"https:\/\/dev6.erresse-shop.it\/wp-content\/uploads\/2025\/01\/LOGO-ERRESSE-CLASSICO.svg\",\"contentUrl\":\"https:\/\/dev6.erresse-shop.it\/wp-content\/uploads\/2025\/01\/LOGO-ERRESSE-CLASSICO.svg\",\"caption\":\"Erresse Shop\"},\"image\":{\"@id\":\"https:\/\/dev6.erresse-shop.it\/#\/schema\/logo\/image\/\"}}]}<\/script>\n<!-- \/ Yoast SEO plugin. -->","yoast_head_json":{"title":"LES JARDINS DE LA COMTESSE Picknickkorb 6 Personen Trianon - dev6 Erresse","description":"Ein raffinierter Korb mit Riemen, Griff und verstellbarem Schultergurt aus glattem und gen\u00e4htem Echtleder. Der Griff an der Oberseite erm\u00f6glicht es Ihnen,","robots":{"index":"noindex","follow":"follow","max-snippet":"max-snippet:-1","max-image-preview":"max-image-preview:large","max-video-preview":"max-video-preview:-1"},"og_locale":"de_DE","og_type":"article","og_title":"LES JARDINS DE LA COMTESSE Picknickkorb 6 Personen Trianon - dev6 Erresse","og_description":"Ein raffinierter Korb mit Riemen, Griff und verstellbarem Schultergurt aus glattem und gen\u00e4htem Echtleder. Der Griff an der Oberseite erm\u00f6glicht es Ihnen,","og_url":"https:\/\/dev6.erresse-shop.it\/de\/shop\/tisch\/picknickkoerbe\/les-jardins-de-la-comtesse-picknickkorb-6-personen-trianon\/","og_site_name":"dev6 Erresse","og_image":[{"url":"https:\/\/interpim.erresse-shop.it\/Import\/Prodotti\/les-jardins-de-la-comtesse-cestino-picnic-6-persone-trianon.jpg","type":"","width":"","height":""},{"url":"https:\/\/interpim.erresse-shop.it\/Import\/Prodotti\/les-jardins-de-la-comtesse-cestino-picnic-6-persone-trianon.jpg","width":1024,"height":1024,"type":"image\/jpeg"}],"twitter_card":"summary_large_image","twitter_image":"https:\/\/interpim.erresse-shop.it\/Import\/Prodotti\/les-jardins-de-la-comtesse-cestino-picnic-6-persone-trianon.jpg","schema":{"@context":"https:\/\/schema.org","@graph":[{"@type":"WebPage","@id":"https:\/\/dev6.erresse-shop.it\/de\/shop\/tisch\/picknickkoerbe\/les-jardins-de-la-comtesse-picknickkorb-6-personen-trianon\/","url":"https:\/\/dev6.erresse-shop.it\/de\/shop\/tisch\/picknickkoerbe\/les-jardins-de-la-comtesse-picknickkorb-6-personen-trianon\/","name":"LES JARDINS DE LA COMTESSE Picknickkorb 6 Personen Trianon - dev6 Erresse","isPartOf":{"@id":"https:\/\/dev6.erresse-shop.it\/#website"},"primaryImageOfPage":{"@id":"https:\/\/dev6.erresse-shop.it\/de\/shop\/tisch\/picknickkoerbe\/les-jardins-de-la-comtesse-picknickkorb-6-personen-trianon\/#primaryimage"},"image":{"@id":"https:\/\/dev6.erresse-shop.it\/de\/shop\/tisch\/picknickkoerbe\/les-jardins-de-la-comtesse-picknickkorb-6-personen-trianon\/#primaryimage"},"thumbnailUrl":"https:\/\/i2.wp.com\/interpim.erresse-shop.it\/Import\/Prodotti\/les-jardins-de-la-comtesse-cestino-picnic-6-persone-trianon.jpg?ssl=1","datePublished":"2026-04-04T10:16:09+00:00","description":"Ein raffinierter Korb mit Riemen, Griff und verstellbarem Schultergurt aus glattem und gen\u00e4htem Echtleder. Der Griff an der Oberseite erm\u00f6glicht es Ihnen,","breadcrumb":{"@id":"https:\/\/dev6.erresse-shop.it\/de\/shop\/tisch\/picknickkoerbe\/les-jardins-de-la-comtesse-picknickkorb-6-personen-trianon\/#breadcrumb"},"inLanguage":"de","potentialAction":[{"@type":"ReadAction","target":["https:\/\/dev6.erresse-shop.it\/de\/shop\/tisch\/picknickkoerbe\/les-jardins-de-la-comtesse-picknickkorb-6-personen-trianon\/"]}]},{"@type":"ImageObject","inLanguage":"de","@id":"https:\/\/dev6.erresse-shop.it\/de\/shop\/tisch\/picknickkoerbe\/les-jardins-de-la-comtesse-picknickkorb-6-personen-trianon\/#primaryimage","url":"https:\/\/i2.wp.com\/interpim.erresse-shop.it\/Import\/Prodotti\/les-jardins-de-la-comtesse-cestino-picnic-6-persone-trianon.jpg?ssl=1","contentUrl":"https:\/\/i2.wp.com\/interpim.erresse-shop.it\/Import\/Prodotti\/les-jardins-de-la-comtesse-cestino-picnic-6-persone-trianon.jpg?ssl=1"},{"@type":"BreadcrumbList","@id":"https:\/\/dev6.erresse-shop.it\/de\/shop\/tisch\/picknickkoerbe\/les-jardins-de-la-comtesse-picknickkorb-6-personen-trianon\/#breadcrumb","itemListElement":[{"@type":"ListItem","position":1,"name":"Home","item":"https:\/\/dev6.erresse-shop.it\/"},{"@type":"ListItem","position":2,"name":"Shop","item":"https:\/\/dev6.erresse-shop.it\/shop\/"},{"@type":"ListItem","position":3,"name":"LES JARDINS DE LA COMTESSE Picknickkorb 6 Personen Trianon"}]},{"@type":"WebSite","@id":"https:\/\/dev6.erresse-shop.it\/#website","url":"https:\/\/dev6.erresse-shop.it\/","name":"Erresse Shop","description":"","publisher":{"@id":"https:\/\/dev6.erresse-shop.it\/#organization"},"potentialAction":[{"@type":"SearchAction","target":{"@type":"EntryPoint","urlTemplate":"https:\/\/dev6.erresse-shop.it\/?s={search_term_string}"},"query-input":{"@type":"PropertyValueSpecification","valueRequired":true,"valueName":"search_term_string"}}],"inLanguage":"de"},{"@type":"Organization","@id":"https:\/\/dev6.erresse-shop.it\/#organization","name":"Erresse Shop","url":"https:\/\/dev6.erresse-shop.it\/","logo":{"@type":"ImageObject","inLanguage":"de","@id":"https:\/\/dev6.erresse-shop.it\/#\/schema\/logo\/image\/","url":"https:\/\/dev6.erresse-shop.it\/wp-content\/uploads\/2025\/01\/LOGO-ERRESSE-CLASSICO.svg","contentUrl":"https:\/\/dev6.erresse-shop.it\/wp-content\/uploads\/2025\/01\/LOGO-ERRESSE-CLASSICO.svg","caption":"Erresse Shop"},"image":{"@id":"https:\/\/dev6.erresse-shop.it\/#\/schema\/logo\/image\/"}}]}},"df_price":179.95,"df_sale_price":179.95,"df_regular_price":213.5,"df_image_link":"https:\/\/i2.wp.com\/interpim.erresse-shop.it\/Import\/Prodotti\/les-jardins-de-la-comtesse-cestino-picnic-6-persone-trianon.jpg?resize=300,300&ssl=1","fifu_image_url":"https:\/\/interpim.erresse-shop.it\/Import\/Prodotti\/les-jardins-de-la-comtesse-cestino-picnic-6-persone-trianon.jpg","_links":{"self":[{"href":"https:\/\/dev6.erresse-shop.it\/de\/wp-json\/wp\/v2\/product\/56556","targetHints":{"allow":["GET"]}}],"collection":[{"href":"https:\/\/dev6.erresse-shop.it\/de\/wp-json\/wp\/v2\/product"}],"about":[{"href":"https:\/\/dev6.erresse-shop.it\/de\/wp-json\/wp\/v2\/types\/product"}],"wp:featuredmedia":[{"embeddable":true,"href":"https:\/\/dev6.erresse-shop.it\/de\/wp-json\/wp\/v2\/media\/6288700"}],"wp:attachment":[{"href":"https:\/\/dev6.erresse-shop.it\/de\/wp-json\/wp\/v2\/media?parent=56556"}],"wp:term":[{"taxonomy":"product_cat","embeddable":true,"href":"https:\/\/dev6.erresse-shop.it\/de\/wp-json\/wp\/v2\/product_cat?post=56556"},{"taxonomy":"product_tag","embeddable":true,"href":"https:\/\/dev6.erresse-shop.it\/de\/wp-json\/wp\/v2\/product_tag?post=56556"}],"curies":[{"name":"wp","href":"https:\/\/api.w.org\/{rel}","templated":true}]}}