{"id":56548,"date":"2026-04-04T13:05:19","date_gmt":"2026-04-04T11:05:19","guid":{"rendered":"https:\/\/dev6.erresse-shop.it\/shop\/unkategorisiert\/galateo-friends-codice-botanico-6-teiliges-geschenkset-oel-und-tomatenessig\/"},"modified":"2025-09-14T03:01:33","modified_gmt":"2025-09-14T01:01:33","slug":"galateo-friends-codice-botanico-6-teiliges-geschenkset-oel-und-tomatenessig","status":"publish","type":"product","link":"https:\/\/dev6.erresse-shop.it\/de\/shop\/tisch\/oel-essig-salz\/galateo-friends-codice-botanico-6-teiliges-geschenkset-oel-und-tomatenessig\/","title":{"rendered":"GALATEO &#038; FRIENDS Codice Botanico 6-teiliges Geschenkset \u00d6l und Tomatenessig"},"content":{"rendered":"<p>CODICE BOTANICO ist die Weiterentwicklung von Galateo&amp;Friends zu einem raffinierten aromatischen Raum. Es bietet eine Neuinterpretation klassischer Pflanzenelemente durch moderne kulinarische Codes. Es ist von alten Kr\u00e4utern inspiriert und enth\u00e4lt eine kuratierte Auswahl vollst\u00e4ndig nat\u00fcrlicher Produkte aus der botanischen Welt. Diese neue und innovative Kollektion besteht aus vier herrlichen Gew\u00fcrzen, einem nativen Bio-Oliven\u00f6l extra und einem Tomatenessig. Sechs exklusive, einzigartige Produkte, verpackt in einer besonderen Art von Flasche, die an die Flaschen der alten Kr\u00e4uterheilkundigen erinnert.<\/p>\n","protected":false},"excerpt":{"rendered":"<p>CODICE BOTANICO ist die Weiterentwicklung von Galateo&amp;Friends zu einem raffinierten aromatischen Raum. Es bietet eine Neuinterpretation klassischer Pflanzenelemente durch moderne kulinarische Codes. Es ist von alten Kr\u00e4utern inspiriert und enth\u00e4lt eine kuratierte Auswahl vollst\u00e4ndig nat\u00fcrlicher Produkte aus der botanischen Welt. Diese neue und innovative Kollektion besteht aus vier herrlichen Gew\u00fcrzen, einem nativen Bio-Oliven\u00f6l extra und [&hellip;]<\/p>\n","protected":false},"featured_media":6292806,"template":"","meta":{"_acf_changed":false},"product_cat":[12157,12152,12103],"product_tag":[],"class_list":{"0":"post-56548","1":"product","2":"type-product","3":"status-publish","4":"has-post-thumbnail","6":"product_cat-food-de","7":"product_cat-oel-essig-salz","8":"product_cat-tisch","10":"first","11":"instock","12":"sale","13":"taxable","14":"shipping-taxable","15":"purchasable","16":"product-type-simple","swatches":"rey-swatches","show_selected":"","stretch_labels":"rey-swatches--stretch-labels"},"acf":[],"yoast_head":"<!-- This site is optimized with the Yoast SEO plugin v25.4 - https:\/\/yoast.com\/wordpress\/plugins\/seo\/ -->\n<title>GALATEO &#038; FRIENDS Codice Botanico 6-teiliges Geschenkset \u00d6l und Tomatenessig - dev6 Erresse<\/title>\n<meta name=\"description\" content=\"CODICE BOTANICO ist die Weiterentwicklung von Galateo&amp;Friends zu einem raffinierten aromatischen Raum. Es bietet eine Neuinterpretation klassischer\" \/>\n<meta name=\"robots\" content=\"noindex, follow, max-snippet:-1, max-image-preview:large, max-video-preview:-1\" \/>\n<meta property=\"og:locale\" content=\"de_DE\" \/>\n<meta property=\"og:type\" content=\"article\" \/>\n<meta property=\"og:title\" content=\"GALATEO &#038; FRIENDS Codice Botanico 6-teiliges Geschenkset \u00d6l und Tomatenessig - dev6 Erresse\" \/>\n<meta property=\"og:description\" content=\"CODICE BOTANICO ist die Weiterentwicklung von Galateo&amp;Friends zu einem raffinierten aromatischen Raum. Es bietet eine Neuinterpretation klassischer\" \/>\n<meta property=\"og:url\" content=\"https:\/\/dev6.erresse-shop.it\/de\/shop\/tisch\/oel-essig-salz\/galateo-friends-codice-botanico-6-teiliges-geschenkset-oel-und-tomatenessig\/\" \/>\n<meta property=\"og:site_name\" content=\"dev6 Erresse\" \/>\n<meta property=\"og:image\" content=\"https:\/\/interpim.erresse-shop.it\/Import\/Prodotti\/galateo-friends-codice-botanico-confezione-regalo.jpg\" \/><meta property=\"og:image\" content=\"https:\/\/interpim.erresse-shop.it\/Import\/Prodotti\/galateo-friends-codice-botanico-confezione-regalo.jpg\" \/>\n\t<meta property=\"og:image:width\" content=\"1024\" \/>\n\t<meta property=\"og:image:height\" content=\"1024\" \/>\n\t<meta property=\"og:image:type\" content=\"image\/jpeg\" \/>\n<meta name=\"twitter:card\" content=\"summary_large_image\" \/>\n<meta name=\"twitter:image\" content=\"https:\/\/interpim.erresse-shop.it\/Import\/Prodotti\/galateo-friends-codice-botanico-confezione-regalo.jpg\" \/>\n<script type=\"application\/ld+json\" class=\"yoast-schema-graph\">{\"@context\":\"https:\/\/schema.org\",\"@graph\":[{\"@type\":\"WebPage\",\"@id\":\"https:\/\/dev6.erresse-shop.it\/de\/shop\/tisch\/oel-essig-salz\/galateo-friends-codice-botanico-6-teiliges-geschenkset-oel-und-tomatenessig\/\",\"url\":\"https:\/\/dev6.erresse-shop.it\/de\/shop\/tisch\/oel-essig-salz\/galateo-friends-codice-botanico-6-teiliges-geschenkset-oel-und-tomatenessig\/\",\"name\":\"GALATEO &#038; FRIENDS Codice Botanico 6-teiliges Geschenkset \u00d6l und Tomatenessig - dev6 Erresse\",\"isPartOf\":{\"@id\":\"https:\/\/dev6.erresse-shop.it\/#website\"},\"primaryImageOfPage\":{\"@id\":\"https:\/\/dev6.erresse-shop.it\/de\/shop\/tisch\/oel-essig-salz\/galateo-friends-codice-botanico-6-teiliges-geschenkset-oel-und-tomatenessig\/#primaryimage\"},\"image\":{\"@id\":\"https:\/\/dev6.erresse-shop.it\/de\/shop\/tisch\/oel-essig-salz\/galateo-friends-codice-botanico-6-teiliges-geschenkset-oel-und-tomatenessig\/#primaryimage\"},\"thumbnailUrl\":\"https:\/\/i1.wp.com\/interpim.erresse-shop.it\/Import\/Prodotti\/galateo-friends-codice-botanico-confezione-regalo.jpg?ssl=1\",\"datePublished\":\"2026-04-04T11:05:19+00:00\",\"description\":\"CODICE BOTANICO ist die Weiterentwicklung von Galateo&amp;Friends zu einem raffinierten aromatischen Raum. Es bietet eine Neuinterpretation klassischer\",\"breadcrumb\":{\"@id\":\"https:\/\/dev6.erresse-shop.it\/de\/shop\/tisch\/oel-essig-salz\/galateo-friends-codice-botanico-6-teiliges-geschenkset-oel-und-tomatenessig\/#breadcrumb\"},\"inLanguage\":\"de\",\"potentialAction\":[{\"@type\":\"ReadAction\",\"target\":[\"https:\/\/dev6.erresse-shop.it\/de\/shop\/tisch\/oel-essig-salz\/galateo-friends-codice-botanico-6-teiliges-geschenkset-oel-und-tomatenessig\/\"]}]},{\"@type\":\"ImageObject\",\"inLanguage\":\"de\",\"@id\":\"https:\/\/dev6.erresse-shop.it\/de\/shop\/tisch\/oel-essig-salz\/galateo-friends-codice-botanico-6-teiliges-geschenkset-oel-und-tomatenessig\/#primaryimage\",\"url\":\"https:\/\/i1.wp.com\/interpim.erresse-shop.it\/Import\/Prodotti\/galateo-friends-codice-botanico-confezione-regalo.jpg?ssl=1\",\"contentUrl\":\"https:\/\/i1.wp.com\/interpim.erresse-shop.it\/Import\/Prodotti\/galateo-friends-codice-botanico-confezione-regalo.jpg?ssl=1\"},{\"@type\":\"BreadcrumbList\",\"@id\":\"https:\/\/dev6.erresse-shop.it\/de\/shop\/tisch\/oel-essig-salz\/galateo-friends-codice-botanico-6-teiliges-geschenkset-oel-und-tomatenessig\/#breadcrumb\",\"itemListElement\":[{\"@type\":\"ListItem\",\"position\":1,\"name\":\"Home\",\"item\":\"https:\/\/dev6.erresse-shop.it\/\"},{\"@type\":\"ListItem\",\"position\":2,\"name\":\"Shop\",\"item\":\"https:\/\/dev6.erresse-shop.it\/shop\/\"},{\"@type\":\"ListItem\",\"position\":3,\"name\":\"GALATEO &#038; FRIENDS Codice Botanico 6-teiliges Geschenkset \u00d6l und Tomatenessig\"}]},{\"@type\":\"WebSite\",\"@id\":\"https:\/\/dev6.erresse-shop.it\/#website\",\"url\":\"https:\/\/dev6.erresse-shop.it\/\",\"name\":\"Erresse Shop\",\"description\":\"\",\"publisher\":{\"@id\":\"https:\/\/dev6.erresse-shop.it\/#organization\"},\"potentialAction\":[{\"@type\":\"SearchAction\",\"target\":{\"@type\":\"EntryPoint\",\"urlTemplate\":\"https:\/\/dev6.erresse-shop.it\/?s={search_term_string}\"},\"query-input\":{\"@type\":\"PropertyValueSpecification\",\"valueRequired\":true,\"valueName\":\"search_term_string\"}}],\"inLanguage\":\"de\"},{\"@type\":\"Organization\",\"@id\":\"https:\/\/dev6.erresse-shop.it\/#organization\",\"name\":\"Erresse Shop\",\"url\":\"https:\/\/dev6.erresse-shop.it\/\",\"logo\":{\"@type\":\"ImageObject\",\"inLanguage\":\"de\",\"@id\":\"https:\/\/dev6.erresse-shop.it\/#\/schema\/logo\/image\/\",\"url\":\"https:\/\/dev6.erresse-shop.it\/wp-content\/uploads\/2025\/01\/LOGO-ERRESSE-CLASSICO.svg\",\"contentUrl\":\"https:\/\/dev6.erresse-shop.it\/wp-content\/uploads\/2025\/01\/LOGO-ERRESSE-CLASSICO.svg\",\"caption\":\"Erresse Shop\"},\"image\":{\"@id\":\"https:\/\/dev6.erresse-shop.it\/#\/schema\/logo\/image\/\"}}]}<\/script>\n<!-- \/ Yoast SEO plugin. -->","yoast_head_json":{"title":"GALATEO &#038; FRIENDS Codice Botanico 6-teiliges Geschenkset \u00d6l und Tomatenessig - dev6 Erresse","description":"CODICE BOTANICO ist die Weiterentwicklung von Galateo&amp;Friends zu einem raffinierten aromatischen Raum. Es bietet eine Neuinterpretation klassischer","robots":{"index":"noindex","follow":"follow","max-snippet":"max-snippet:-1","max-image-preview":"max-image-preview:large","max-video-preview":"max-video-preview:-1"},"og_locale":"de_DE","og_type":"article","og_title":"GALATEO &#038; FRIENDS Codice Botanico 6-teiliges Geschenkset \u00d6l und Tomatenessig - dev6 Erresse","og_description":"CODICE BOTANICO ist die Weiterentwicklung von Galateo&amp;Friends zu einem raffinierten aromatischen Raum. Es bietet eine Neuinterpretation klassischer","og_url":"https:\/\/dev6.erresse-shop.it\/de\/shop\/tisch\/oel-essig-salz\/galateo-friends-codice-botanico-6-teiliges-geschenkset-oel-und-tomatenessig\/","og_site_name":"dev6 Erresse","og_image":[{"url":"https:\/\/interpim.erresse-shop.it\/Import\/Prodotti\/galateo-friends-codice-botanico-confezione-regalo.jpg","type":"","width":"","height":""},{"url":"https:\/\/interpim.erresse-shop.it\/Import\/Prodotti\/galateo-friends-codice-botanico-confezione-regalo.jpg","width":1024,"height":1024,"type":"image\/jpeg"}],"twitter_card":"summary_large_image","twitter_image":"https:\/\/interpim.erresse-shop.it\/Import\/Prodotti\/galateo-friends-codice-botanico-confezione-regalo.jpg","schema":{"@context":"https:\/\/schema.org","@graph":[{"@type":"WebPage","@id":"https:\/\/dev6.erresse-shop.it\/de\/shop\/tisch\/oel-essig-salz\/galateo-friends-codice-botanico-6-teiliges-geschenkset-oel-und-tomatenessig\/","url":"https:\/\/dev6.erresse-shop.it\/de\/shop\/tisch\/oel-essig-salz\/galateo-friends-codice-botanico-6-teiliges-geschenkset-oel-und-tomatenessig\/","name":"GALATEO &#038; FRIENDS Codice Botanico 6-teiliges Geschenkset \u00d6l und Tomatenessig - dev6 Erresse","isPartOf":{"@id":"https:\/\/dev6.erresse-shop.it\/#website"},"primaryImageOfPage":{"@id":"https:\/\/dev6.erresse-shop.it\/de\/shop\/tisch\/oel-essig-salz\/galateo-friends-codice-botanico-6-teiliges-geschenkset-oel-und-tomatenessig\/#primaryimage"},"image":{"@id":"https:\/\/dev6.erresse-shop.it\/de\/shop\/tisch\/oel-essig-salz\/galateo-friends-codice-botanico-6-teiliges-geschenkset-oel-und-tomatenessig\/#primaryimage"},"thumbnailUrl":"https:\/\/i1.wp.com\/interpim.erresse-shop.it\/Import\/Prodotti\/galateo-friends-codice-botanico-confezione-regalo.jpg?ssl=1","datePublished":"2026-04-04T11:05:19+00:00","description":"CODICE BOTANICO ist die Weiterentwicklung von Galateo&amp;Friends zu einem raffinierten aromatischen Raum. Es bietet eine Neuinterpretation klassischer","breadcrumb":{"@id":"https:\/\/dev6.erresse-shop.it\/de\/shop\/tisch\/oel-essig-salz\/galateo-friends-codice-botanico-6-teiliges-geschenkset-oel-und-tomatenessig\/#breadcrumb"},"inLanguage":"de","potentialAction":[{"@type":"ReadAction","target":["https:\/\/dev6.erresse-shop.it\/de\/shop\/tisch\/oel-essig-salz\/galateo-friends-codice-botanico-6-teiliges-geschenkset-oel-und-tomatenessig\/"]}]},{"@type":"ImageObject","inLanguage":"de","@id":"https:\/\/dev6.erresse-shop.it\/de\/shop\/tisch\/oel-essig-salz\/galateo-friends-codice-botanico-6-teiliges-geschenkset-oel-und-tomatenessig\/#primaryimage","url":"https:\/\/i1.wp.com\/interpim.erresse-shop.it\/Import\/Prodotti\/galateo-friends-codice-botanico-confezione-regalo.jpg?ssl=1","contentUrl":"https:\/\/i1.wp.com\/interpim.erresse-shop.it\/Import\/Prodotti\/galateo-friends-codice-botanico-confezione-regalo.jpg?ssl=1"},{"@type":"BreadcrumbList","@id":"https:\/\/dev6.erresse-shop.it\/de\/shop\/tisch\/oel-essig-salz\/galateo-friends-codice-botanico-6-teiliges-geschenkset-oel-und-tomatenessig\/#breadcrumb","itemListElement":[{"@type":"ListItem","position":1,"name":"Home","item":"https:\/\/dev6.erresse-shop.it\/"},{"@type":"ListItem","position":2,"name":"Shop","item":"https:\/\/dev6.erresse-shop.it\/shop\/"},{"@type":"ListItem","position":3,"name":"GALATEO &#038; FRIENDS Codice Botanico 6-teiliges Geschenkset \u00d6l und Tomatenessig"}]},{"@type":"WebSite","@id":"https:\/\/dev6.erresse-shop.it\/#website","url":"https:\/\/dev6.erresse-shop.it\/","name":"Erresse Shop","description":"","publisher":{"@id":"https:\/\/dev6.erresse-shop.it\/#organization"},"potentialAction":[{"@type":"SearchAction","target":{"@type":"EntryPoint","urlTemplate":"https:\/\/dev6.erresse-shop.it\/?s={search_term_string}"},"query-input":{"@type":"PropertyValueSpecification","valueRequired":true,"valueName":"search_term_string"}}],"inLanguage":"de"},{"@type":"Organization","@id":"https:\/\/dev6.erresse-shop.it\/#organization","name":"Erresse Shop","url":"https:\/\/dev6.erresse-shop.it\/","logo":{"@type":"ImageObject","inLanguage":"de","@id":"https:\/\/dev6.erresse-shop.it\/#\/schema\/logo\/image\/","url":"https:\/\/dev6.erresse-shop.it\/wp-content\/uploads\/2025\/01\/LOGO-ERRESSE-CLASSICO.svg","contentUrl":"https:\/\/dev6.erresse-shop.it\/wp-content\/uploads\/2025\/01\/LOGO-ERRESSE-CLASSICO.svg","caption":"Erresse Shop"},"image":{"@id":"https:\/\/dev6.erresse-shop.it\/#\/schema\/logo\/image\/"}}]}},"df_price":129,"df_sale_price":129,"df_regular_price":198,"df_image_link":"https:\/\/i1.wp.com\/interpim.erresse-shop.it\/Import\/Prodotti\/galateo-friends-codice-botanico-confezione-regalo.jpg?resize=300,300&ssl=1","fifu_image_url":"https:\/\/interpim.erresse-shop.it\/Import\/Prodotti\/galateo-friends-codice-botanico-confezione-regalo.jpg","_links":{"self":[{"href":"https:\/\/dev6.erresse-shop.it\/de\/wp-json\/wp\/v2\/product\/56548","targetHints":{"allow":["GET"]}}],"collection":[{"href":"https:\/\/dev6.erresse-shop.it\/de\/wp-json\/wp\/v2\/product"}],"about":[{"href":"https:\/\/dev6.erresse-shop.it\/de\/wp-json\/wp\/v2\/types\/product"}],"wp:featuredmedia":[{"embeddable":true,"href":"https:\/\/dev6.erresse-shop.it\/de\/wp-json\/wp\/v2\/media\/6292806"}],"wp:attachment":[{"href":"https:\/\/dev6.erresse-shop.it\/de\/wp-json\/wp\/v2\/media?parent=56548"}],"wp:term":[{"taxonomy":"product_cat","embeddable":true,"href":"https:\/\/dev6.erresse-shop.it\/de\/wp-json\/wp\/v2\/product_cat?post=56548"},{"taxonomy":"product_tag","embeddable":true,"href":"https:\/\/dev6.erresse-shop.it\/de\/wp-json\/wp\/v2\/product_tag?post=56548"}],"curies":[{"name":"wp","href":"https:\/\/api.w.org\/{rel}","templated":true}]}}