{"id":56546,"date":"2026-04-12T13:07:48","date_gmt":"2026-04-12T11:07:48","guid":{"rendered":"https:\/\/dev6.erresse-shop.it\/shop\/unkategorisiert\/galateo-friends-beigeweinessig-reims-champagne-ardenne-250-ml\/"},"modified":"2025-09-14T03:01:29","modified_gmt":"2025-09-14T01:01:29","slug":"galateo-friends-beigeweinessig-reims-champagne-ardenne-250-ml","status":"publish","type":"product","link":"https:\/\/dev6.erresse-shop.it\/de\/shop\/tisch\/oel-essig-salz\/galateo-friends-beigeweinessig-reims-champagne-ardenne-250-ml\/","title":{"rendered":"GALATEO &#038; FRIENDS Beigeweinessig Reims Champagne-Ardenne 250 ml"},"content":{"rendered":"<p>Bringt die Eleganz von Champagne-Ardenne direkt auf Ihrem Tisch mit dem Beige Reims Champagner-Ardennen-Weinessig. Dieser feine Weinessig, erh\u00e4ltlich in einer 250-ml-Flasche, ist das Ergebnis eines nat\u00fcrlichen Fermentationsprozesses, der seinen raffinierten und ausgewogenen Geschmack hervorhebt, perfekt f\u00fcr alle, die einen Hauch von Klasse in der K\u00fcche suchen.<\/p>\n<p>Hauptmerkmale:<\/p>\n<p>Inhalt: 250 ml Flasche, ideal f\u00fcr den t\u00e4glichen Gebrauch oder f\u00fcr spezielle Zubereitungen.<br \/>\nGeschmack: Eine weiche und zarte S\u00e4ure mit fruchtigen und aromatischen Noten, die ein einzigartiges und vielseitiges Geschmacksprofil ergeben.<br \/>\nNat\u00fcrliche G\u00e4rung: Jede Flasche ist das Ergebnis einer sorgf\u00e4ltigen G\u00e4rung, die den echten Geschmack des Weins ohne den Einsatz k\u00fcnstlicher Zusatzstoffe bewahrt.<br \/>\nVielseitigkeit: Perfekt zum Anreichern von Salaten, zum Marinieren von Fleisch und Fisch oder als letzter Schliff f\u00fcr Gourmetgerichte.<\/p>\n","protected":false},"excerpt":{"rendered":"<p>Bringt die Eleganz von Champagne-Ardenne direkt auf Ihrem Tisch mit dem Beige Reims Champagner-Ardennen-Weinessig. Dieser feine Weinessig, erh\u00e4ltlich in einer 250-ml-Flasche, ist das Ergebnis eines nat\u00fcrlichen Fermentationsprozesses, der seinen raffinierten und ausgewogenen Geschmack hervorhebt, perfekt f\u00fcr alle, die einen Hauch von Klasse in der K\u00fcche suchen. Hauptmerkmale: Inhalt: 250 ml Flasche, ideal f\u00fcr den t\u00e4glichen [&hellip;]<\/p>\n","protected":false},"featured_media":6376075,"template":"","meta":{"_acf_changed":false},"product_cat":[12157,12152,12103],"product_tag":[],"class_list":{"0":"post-56546","1":"product","2":"type-product","3":"status-publish","4":"has-post-thumbnail","6":"product_cat-food-de","7":"product_cat-oel-essig-salz","8":"product_cat-tisch","10":"first","11":"instock","12":"taxable","13":"shipping-taxable","14":"purchasable","15":"product-type-simple","swatches":"rey-swatches","show_selected":"","stretch_labels":"rey-swatches--stretch-labels"},"acf":[],"yoast_head":"<!-- This site is optimized with the Yoast SEO plugin v25.4 - https:\/\/yoast.com\/wordpress\/plugins\/seo\/ -->\n<title>GALATEO &#038; FRIENDS Beigeweinessig Reims Champagne-Ardenne 250 ml - dev6 Erresse<\/title>\n<meta name=\"description\" content=\"Bringt die Eleganz von Champagne-Ardenne direkt auf Ihrem Tisch mit dem Beige Reims Champagner-Ardennen-Weinessig. Dieser feine Weinessig, erh\u00e4ltlich in\" \/>\n<meta name=\"robots\" content=\"noindex, follow, max-snippet:-1, max-image-preview:large, max-video-preview:-1\" \/>\n<meta property=\"og:locale\" content=\"de_DE\" \/>\n<meta property=\"og:type\" content=\"article\" \/>\n<meta property=\"og:title\" content=\"GALATEO &#038; FRIENDS Beigeweinessig Reims Champagne-Ardenne 250 ml - dev6 Erresse\" \/>\n<meta property=\"og:description\" content=\"Bringt die Eleganz von Champagne-Ardenne direkt auf Ihrem Tisch mit dem Beige Reims Champagner-Ardennen-Weinessig. Dieser feine Weinessig, erh\u00e4ltlich in\" \/>\n<meta property=\"og:url\" content=\"https:\/\/dev6.erresse-shop.it\/de\/shop\/tisch\/oel-essig-salz\/galateo-friends-beigeweinessig-reims-champagne-ardenne-250-ml\/\" \/>\n<meta property=\"og:site_name\" content=\"dev6 Erresse\" \/>\n<meta property=\"og:image\" content=\"https:\/\/interpim.erresse-shop.it\/Import\/Prodotti\/galateo-friends-beige-aceto-di-vino-reims-champagne-ardenne-250-ml.jpg\" \/><meta property=\"og:image\" content=\"https:\/\/interpim.erresse-shop.it\/Import\/Prodotti\/galateo-friends-beige-aceto-di-vino-reims-champagne-ardenne-250-ml.jpg\" \/>\n\t<meta property=\"og:image:width\" content=\"1024\" \/>\n\t<meta property=\"og:image:height\" content=\"1024\" \/>\n\t<meta property=\"og:image:type\" content=\"image\/jpeg\" \/>\n<meta name=\"twitter:card\" content=\"summary_large_image\" \/>\n<meta name=\"twitter:image\" content=\"https:\/\/interpim.erresse-shop.it\/Import\/Prodotti\/galateo-friends-beige-aceto-di-vino-reims-champagne-ardenne-250-ml.jpg\" \/>\n<script type=\"application\/ld+json\" class=\"yoast-schema-graph\">{\"@context\":\"https:\/\/schema.org\",\"@graph\":[{\"@type\":\"WebPage\",\"@id\":\"https:\/\/dev6.erresse-shop.it\/de\/shop\/tisch\/oel-essig-salz\/galateo-friends-beigeweinessig-reims-champagne-ardenne-250-ml\/\",\"url\":\"https:\/\/dev6.erresse-shop.it\/de\/shop\/tisch\/oel-essig-salz\/galateo-friends-beigeweinessig-reims-champagne-ardenne-250-ml\/\",\"name\":\"GALATEO &#038; FRIENDS Beigeweinessig Reims Champagne-Ardenne 250 ml - dev6 Erresse\",\"isPartOf\":{\"@id\":\"https:\/\/dev6.erresse-shop.it\/#website\"},\"primaryImageOfPage\":{\"@id\":\"https:\/\/dev6.erresse-shop.it\/de\/shop\/tisch\/oel-essig-salz\/galateo-friends-beigeweinessig-reims-champagne-ardenne-250-ml\/#primaryimage\"},\"image\":{\"@id\":\"https:\/\/dev6.erresse-shop.it\/de\/shop\/tisch\/oel-essig-salz\/galateo-friends-beigeweinessig-reims-champagne-ardenne-250-ml\/#primaryimage\"},\"thumbnailUrl\":\"https:\/\/i1.wp.com\/interpim.erresse-shop.it\/Import\/Prodotti\/galateo-friends-beige-aceto-di-vino-reims-champagne-ardenne-250-ml.jpg?ssl=1\",\"datePublished\":\"2026-04-12T11:07:48+00:00\",\"description\":\"Bringt die Eleganz von Champagne-Ardenne direkt auf Ihrem Tisch mit dem Beige Reims Champagner-Ardennen-Weinessig. Dieser feine Weinessig, erh\u00e4ltlich in\",\"breadcrumb\":{\"@id\":\"https:\/\/dev6.erresse-shop.it\/de\/shop\/tisch\/oel-essig-salz\/galateo-friends-beigeweinessig-reims-champagne-ardenne-250-ml\/#breadcrumb\"},\"inLanguage\":\"de\",\"potentialAction\":[{\"@type\":\"ReadAction\",\"target\":[\"https:\/\/dev6.erresse-shop.it\/de\/shop\/tisch\/oel-essig-salz\/galateo-friends-beigeweinessig-reims-champagne-ardenne-250-ml\/\"]}]},{\"@type\":\"ImageObject\",\"inLanguage\":\"de\",\"@id\":\"https:\/\/dev6.erresse-shop.it\/de\/shop\/tisch\/oel-essig-salz\/galateo-friends-beigeweinessig-reims-champagne-ardenne-250-ml\/#primaryimage\",\"url\":\"https:\/\/i1.wp.com\/interpim.erresse-shop.it\/Import\/Prodotti\/galateo-friends-beige-aceto-di-vino-reims-champagne-ardenne-250-ml.jpg?ssl=1\",\"contentUrl\":\"https:\/\/i1.wp.com\/interpim.erresse-shop.it\/Import\/Prodotti\/galateo-friends-beige-aceto-di-vino-reims-champagne-ardenne-250-ml.jpg?ssl=1\"},{\"@type\":\"BreadcrumbList\",\"@id\":\"https:\/\/dev6.erresse-shop.it\/de\/shop\/tisch\/oel-essig-salz\/galateo-friends-beigeweinessig-reims-champagne-ardenne-250-ml\/#breadcrumb\",\"itemListElement\":[{\"@type\":\"ListItem\",\"position\":1,\"name\":\"Home\",\"item\":\"https:\/\/dev6.erresse-shop.it\/\"},{\"@type\":\"ListItem\",\"position\":2,\"name\":\"Shop\",\"item\":\"https:\/\/dev6.erresse-shop.it\/shop\/\"},{\"@type\":\"ListItem\",\"position\":3,\"name\":\"GALATEO &#038; FRIENDS Beigeweinessig Reims Champagne-Ardenne 250 ml\"}]},{\"@type\":\"WebSite\",\"@id\":\"https:\/\/dev6.erresse-shop.it\/#website\",\"url\":\"https:\/\/dev6.erresse-shop.it\/\",\"name\":\"Erresse Shop\",\"description\":\"\",\"publisher\":{\"@id\":\"https:\/\/dev6.erresse-shop.it\/#organization\"},\"potentialAction\":[{\"@type\":\"SearchAction\",\"target\":{\"@type\":\"EntryPoint\",\"urlTemplate\":\"https:\/\/dev6.erresse-shop.it\/?s={search_term_string}\"},\"query-input\":{\"@type\":\"PropertyValueSpecification\",\"valueRequired\":true,\"valueName\":\"search_term_string\"}}],\"inLanguage\":\"de\"},{\"@type\":\"Organization\",\"@id\":\"https:\/\/dev6.erresse-shop.it\/#organization\",\"name\":\"Erresse Shop\",\"url\":\"https:\/\/dev6.erresse-shop.it\/\",\"logo\":{\"@type\":\"ImageObject\",\"inLanguage\":\"de\",\"@id\":\"https:\/\/dev6.erresse-shop.it\/#\/schema\/logo\/image\/\",\"url\":\"https:\/\/dev6.erresse-shop.it\/wp-content\/uploads\/2025\/01\/LOGO-ERRESSE-CLASSICO.svg\",\"contentUrl\":\"https:\/\/dev6.erresse-shop.it\/wp-content\/uploads\/2025\/01\/LOGO-ERRESSE-CLASSICO.svg\",\"caption\":\"Erresse Shop\"},\"image\":{\"@id\":\"https:\/\/dev6.erresse-shop.it\/#\/schema\/logo\/image\/\"}}]}<\/script>\n<!-- \/ Yoast SEO plugin. -->","yoast_head_json":{"title":"GALATEO &#038; FRIENDS Beigeweinessig Reims Champagne-Ardenne 250 ml - dev6 Erresse","description":"Bringt die Eleganz von Champagne-Ardenne direkt auf Ihrem Tisch mit dem Beige Reims Champagner-Ardennen-Weinessig. Dieser feine Weinessig, erh\u00e4ltlich in","robots":{"index":"noindex","follow":"follow","max-snippet":"max-snippet:-1","max-image-preview":"max-image-preview:large","max-video-preview":"max-video-preview:-1"},"og_locale":"de_DE","og_type":"article","og_title":"GALATEO &#038; FRIENDS Beigeweinessig Reims Champagne-Ardenne 250 ml - dev6 Erresse","og_description":"Bringt die Eleganz von Champagne-Ardenne direkt auf Ihrem Tisch mit dem Beige Reims Champagner-Ardennen-Weinessig. Dieser feine Weinessig, erh\u00e4ltlich in","og_url":"https:\/\/dev6.erresse-shop.it\/de\/shop\/tisch\/oel-essig-salz\/galateo-friends-beigeweinessig-reims-champagne-ardenne-250-ml\/","og_site_name":"dev6 Erresse","og_image":[{"url":"https:\/\/interpim.erresse-shop.it\/Import\/Prodotti\/galateo-friends-beige-aceto-di-vino-reims-champagne-ardenne-250-ml.jpg","type":"","width":"","height":""},{"url":"https:\/\/interpim.erresse-shop.it\/Import\/Prodotti\/galateo-friends-beige-aceto-di-vino-reims-champagne-ardenne-250-ml.jpg","width":1024,"height":1024,"type":"image\/jpeg"}],"twitter_card":"summary_large_image","twitter_image":"https:\/\/interpim.erresse-shop.it\/Import\/Prodotti\/galateo-friends-beige-aceto-di-vino-reims-champagne-ardenne-250-ml.jpg","schema":{"@context":"https:\/\/schema.org","@graph":[{"@type":"WebPage","@id":"https:\/\/dev6.erresse-shop.it\/de\/shop\/tisch\/oel-essig-salz\/galateo-friends-beigeweinessig-reims-champagne-ardenne-250-ml\/","url":"https:\/\/dev6.erresse-shop.it\/de\/shop\/tisch\/oel-essig-salz\/galateo-friends-beigeweinessig-reims-champagne-ardenne-250-ml\/","name":"GALATEO &#038; FRIENDS Beigeweinessig Reims Champagne-Ardenne 250 ml - dev6 Erresse","isPartOf":{"@id":"https:\/\/dev6.erresse-shop.it\/#website"},"primaryImageOfPage":{"@id":"https:\/\/dev6.erresse-shop.it\/de\/shop\/tisch\/oel-essig-salz\/galateo-friends-beigeweinessig-reims-champagne-ardenne-250-ml\/#primaryimage"},"image":{"@id":"https:\/\/dev6.erresse-shop.it\/de\/shop\/tisch\/oel-essig-salz\/galateo-friends-beigeweinessig-reims-champagne-ardenne-250-ml\/#primaryimage"},"thumbnailUrl":"https:\/\/i1.wp.com\/interpim.erresse-shop.it\/Import\/Prodotti\/galateo-friends-beige-aceto-di-vino-reims-champagne-ardenne-250-ml.jpg?ssl=1","datePublished":"2026-04-12T11:07:48+00:00","description":"Bringt die Eleganz von Champagne-Ardenne direkt auf Ihrem Tisch mit dem Beige Reims Champagner-Ardennen-Weinessig. Dieser feine Weinessig, erh\u00e4ltlich in","breadcrumb":{"@id":"https:\/\/dev6.erresse-shop.it\/de\/shop\/tisch\/oel-essig-salz\/galateo-friends-beigeweinessig-reims-champagne-ardenne-250-ml\/#breadcrumb"},"inLanguage":"de","potentialAction":[{"@type":"ReadAction","target":["https:\/\/dev6.erresse-shop.it\/de\/shop\/tisch\/oel-essig-salz\/galateo-friends-beigeweinessig-reims-champagne-ardenne-250-ml\/"]}]},{"@type":"ImageObject","inLanguage":"de","@id":"https:\/\/dev6.erresse-shop.it\/de\/shop\/tisch\/oel-essig-salz\/galateo-friends-beigeweinessig-reims-champagne-ardenne-250-ml\/#primaryimage","url":"https:\/\/i1.wp.com\/interpim.erresse-shop.it\/Import\/Prodotti\/galateo-friends-beige-aceto-di-vino-reims-champagne-ardenne-250-ml.jpg?ssl=1","contentUrl":"https:\/\/i1.wp.com\/interpim.erresse-shop.it\/Import\/Prodotti\/galateo-friends-beige-aceto-di-vino-reims-champagne-ardenne-250-ml.jpg?ssl=1"},{"@type":"BreadcrumbList","@id":"https:\/\/dev6.erresse-shop.it\/de\/shop\/tisch\/oel-essig-salz\/galateo-friends-beigeweinessig-reims-champagne-ardenne-250-ml\/#breadcrumb","itemListElement":[{"@type":"ListItem","position":1,"name":"Home","item":"https:\/\/dev6.erresse-shop.it\/"},{"@type":"ListItem","position":2,"name":"Shop","item":"https:\/\/dev6.erresse-shop.it\/shop\/"},{"@type":"ListItem","position":3,"name":"GALATEO &#038; FRIENDS Beigeweinessig Reims Champagne-Ardenne 250 ml"}]},{"@type":"WebSite","@id":"https:\/\/dev6.erresse-shop.it\/#website","url":"https:\/\/dev6.erresse-shop.it\/","name":"Erresse Shop","description":"","publisher":{"@id":"https:\/\/dev6.erresse-shop.it\/#organization"},"potentialAction":[{"@type":"SearchAction","target":{"@type":"EntryPoint","urlTemplate":"https:\/\/dev6.erresse-shop.it\/?s={search_term_string}"},"query-input":{"@type":"PropertyValueSpecification","valueRequired":true,"valueName":"search_term_string"}}],"inLanguage":"de"},{"@type":"Organization","@id":"https:\/\/dev6.erresse-shop.it\/#organization","name":"Erresse Shop","url":"https:\/\/dev6.erresse-shop.it\/","logo":{"@type":"ImageObject","inLanguage":"de","@id":"https:\/\/dev6.erresse-shop.it\/#\/schema\/logo\/image\/","url":"https:\/\/dev6.erresse-shop.it\/wp-content\/uploads\/2025\/01\/LOGO-ERRESSE-CLASSICO.svg","contentUrl":"https:\/\/dev6.erresse-shop.it\/wp-content\/uploads\/2025\/01\/LOGO-ERRESSE-CLASSICO.svg","caption":"Erresse Shop"},"image":{"@id":"https:\/\/dev6.erresse-shop.it\/#\/schema\/logo\/image\/"}}]}},"df_price":15,"df_sale_price":"","df_regular_price":15,"df_image_link":"https:\/\/i1.wp.com\/interpim.erresse-shop.it\/Import\/Prodotti\/galateo-friends-beige-aceto-di-vino-reims-champagne-ardenne-250-ml.jpg?resize=300,300&ssl=1","fifu_image_url":"https:\/\/interpim.erresse-shop.it\/Import\/Prodotti\/galateo-friends-beige-aceto-di-vino-reims-champagne-ardenne-250-ml.jpg","_links":{"self":[{"href":"https:\/\/dev6.erresse-shop.it\/de\/wp-json\/wp\/v2\/product\/56546","targetHints":{"allow":["GET"]}}],"collection":[{"href":"https:\/\/dev6.erresse-shop.it\/de\/wp-json\/wp\/v2\/product"}],"about":[{"href":"https:\/\/dev6.erresse-shop.it\/de\/wp-json\/wp\/v2\/types\/product"}],"wp:featuredmedia":[{"embeddable":true,"href":"https:\/\/dev6.erresse-shop.it\/de\/wp-json\/wp\/v2\/media\/6376075"}],"wp:attachment":[{"href":"https:\/\/dev6.erresse-shop.it\/de\/wp-json\/wp\/v2\/media?parent=56546"}],"wp:term":[{"taxonomy":"product_cat","embeddable":true,"href":"https:\/\/dev6.erresse-shop.it\/de\/wp-json\/wp\/v2\/product_cat?post=56546"},{"taxonomy":"product_tag","embeddable":true,"href":"https:\/\/dev6.erresse-shop.it\/de\/wp-json\/wp\/v2\/product_tag?post=56546"}],"curies":[{"name":"wp","href":"https:\/\/api.w.org\/{rel}","templated":true}]}}