{"id":56542,"date":"2026-04-12T13:07:48","date_gmt":"2026-04-12T11:07:48","guid":{"rendered":"https:\/\/dev6.erresse-shop.it\/shop\/unkategorisiert\/galateo-friends-burton-morris-geschenkbox-3-flaschen-oel-und-essig\/"},"modified":"2025-09-14T03:01:17","modified_gmt":"2025-09-14T01:01:17","slug":"galateo-friends-burton-morris-geschenkbox-3-flaschen-oel-und-essig","status":"publish","type":"product","link":"https:\/\/dev6.erresse-shop.it\/de\/shop\/tisch\/oel-essig-salz\/galateo-friends-burton-morris-geschenkbox-3-flaschen-oel-und-essig\/","title":{"rendered":"GALATEO &#038; FRIENDS Burton Morris Geschenkbox 3 Flaschen \u00d6l und Essig"},"content":{"rendered":"<p>Entdecken Sie die Raffinesse und Qualit\u00e4t der Burton Morris Gift Box, einem exklusiven Set bestehend aus drei feinen Produkten, die die Aromen der mediterranen Tradition hervorheben. Perfekt f\u00fcr alle, die das Beste in der K\u00fcche suchen oder ein edles Gourmet-Geschenk suchen.<\/p>\n<p>Inhalt festlegen:<\/p>\n<p>BURTON MORRIS Natives Oliven\u00f6l Extra Taggiasca Sorte (250 ml): Sein fruchtiger und leicht w\u00fcrziger Geschmack eignet sich perfekt zum Anrichten von Salaten, Bruschetta und Fischgerichten.<br \/>\nBURTON MORRIS Balsamico-Essig aus Modena (250 ml): Ein Essig mit s\u00fc\u00dfem und kr\u00e4ftigem Geschmack, der jedes Gericht mit einer raffinierten Note bereichern kann. Perfekt zum Marinieren von Fleisch, gegrilltem Gem\u00fcse oder zur Verwendung in Saucen und Reduktionen.<br \/>\nBURTON MORRIS Weinessig (250 ml): Ein Essig mit frischem und ausgewogenem Geschmack, ideal, um Vinaigrettes, Salaten sowie Fleisch- oder Fischgerichten zus\u00e4tzlichen Schwung zu verleihen. Seine Vielseitigkeit macht es zu einer unverzichtbaren Zutat f\u00fcr jede K\u00fcche.<\/p>\n<p>Eigenschaften:<\/p>\n<p>Elegante und praktische Verpackung, perfekt f\u00fcr jeden Anlass.<br \/>\nHochwertige Produkte aus den besten italienischen Traditionen.<br \/>\nIdeal f\u00fcr Kochbegeisterte und alle, die gerne neue Geschmacksrichtungen entdecken.<\/p>\n","protected":false},"excerpt":{"rendered":"<p>Entdecken Sie die Raffinesse und Qualit\u00e4t der Burton Morris Gift Box, einem exklusiven Set bestehend aus drei feinen Produkten, die die Aromen der mediterranen Tradition hervorheben. Perfekt f\u00fcr alle, die das Beste in der K\u00fcche suchen oder ein edles Gourmet-Geschenk suchen. Inhalt festlegen: BURTON MORRIS Natives Oliven\u00f6l Extra Taggiasca Sorte (250 ml): Sein fruchtiger und [&hellip;]<\/p>\n","protected":false},"featured_media":6376073,"template":"","meta":{"_acf_changed":false},"product_cat":[12157,12152,12103],"product_tag":[],"class_list":{"0":"post-56542","1":"product","2":"type-product","3":"status-publish","4":"has-post-thumbnail","6":"product_cat-food-de","7":"product_cat-oel-essig-salz","8":"product_cat-tisch","10":"first","11":"instock","12":"sale","13":"taxable","14":"shipping-taxable","15":"purchasable","16":"product-type-simple","swatches":"rey-swatches","show_selected":"","stretch_labels":"rey-swatches--stretch-labels"},"acf":[],"yoast_head":"<!-- This site is optimized with the Yoast SEO plugin v25.4 - https:\/\/yoast.com\/wordpress\/plugins\/seo\/ -->\n<title>GALATEO &#038; FRIENDS Burton Morris Geschenkbox 3 Flaschen \u00d6l und Essig - dev6 Erresse<\/title>\n<meta name=\"description\" content=\"Entdecken Sie die Raffinesse und Qualit\u00e4t der Burton Morris Gift Box, einem exklusiven Set bestehend aus drei feinen Produkten, die die Aromen der\" \/>\n<meta name=\"robots\" content=\"noindex, follow, max-snippet:-1, max-image-preview:large, max-video-preview:-1\" \/>\n<meta property=\"og:locale\" content=\"de_DE\" \/>\n<meta property=\"og:type\" content=\"article\" \/>\n<meta property=\"og:title\" content=\"GALATEO &#038; FRIENDS Burton Morris Geschenkbox 3 Flaschen \u00d6l und Essig - dev6 Erresse\" \/>\n<meta property=\"og:description\" content=\"Entdecken Sie die Raffinesse und Qualit\u00e4t der Burton Morris Gift Box, einem exklusiven Set bestehend aus drei feinen Produkten, die die Aromen der\" \/>\n<meta property=\"og:url\" content=\"https:\/\/dev6.erresse-shop.it\/de\/shop\/tisch\/oel-essig-salz\/galateo-friends-burton-morris-geschenkbox-3-flaschen-oel-und-essig\/\" \/>\n<meta property=\"og:site_name\" content=\"dev6 Erresse\" \/>\n<meta property=\"og:image\" content=\"https:\/\/interpim.erresse-shop.it\/Import\/Prodotti\/galateo-friends-burton-morris-confezione-regalo-3-bottiglie.jpg\" \/><meta property=\"og:image\" content=\"https:\/\/interpim.erresse-shop.it\/Import\/Prodotti\/galateo-friends-burton-morris-confezione-regalo-3-bottiglie.jpg\" \/>\n\t<meta property=\"og:image:width\" content=\"1024\" \/>\n\t<meta property=\"og:image:height\" content=\"1024\" \/>\n\t<meta property=\"og:image:type\" content=\"image\/jpeg\" \/>\n<meta name=\"twitter:card\" content=\"summary_large_image\" \/>\n<meta name=\"twitter:image\" content=\"https:\/\/interpim.erresse-shop.it\/Import\/Prodotti\/galateo-friends-burton-morris-confezione-regalo-3-bottiglie.jpg\" \/>\n<script type=\"application\/ld+json\" class=\"yoast-schema-graph\">{\"@context\":\"https:\/\/schema.org\",\"@graph\":[{\"@type\":\"WebPage\",\"@id\":\"https:\/\/dev6.erresse-shop.it\/de\/shop\/tisch\/oel-essig-salz\/galateo-friends-burton-morris-geschenkbox-3-flaschen-oel-und-essig\/\",\"url\":\"https:\/\/dev6.erresse-shop.it\/de\/shop\/tisch\/oel-essig-salz\/galateo-friends-burton-morris-geschenkbox-3-flaschen-oel-und-essig\/\",\"name\":\"GALATEO &#038; FRIENDS Burton Morris Geschenkbox 3 Flaschen \u00d6l und Essig - dev6 Erresse\",\"isPartOf\":{\"@id\":\"https:\/\/dev6.erresse-shop.it\/#website\"},\"primaryImageOfPage\":{\"@id\":\"https:\/\/dev6.erresse-shop.it\/de\/shop\/tisch\/oel-essig-salz\/galateo-friends-burton-morris-geschenkbox-3-flaschen-oel-und-essig\/#primaryimage\"},\"image\":{\"@id\":\"https:\/\/dev6.erresse-shop.it\/de\/shop\/tisch\/oel-essig-salz\/galateo-friends-burton-morris-geschenkbox-3-flaschen-oel-und-essig\/#primaryimage\"},\"thumbnailUrl\":\"https:\/\/i0.wp.com\/interpim.erresse-shop.it\/Import\/Prodotti\/galateo-friends-burton-morris-confezione-regalo-3-bottiglie.jpg?ssl=1\",\"datePublished\":\"2026-04-12T11:07:48+00:00\",\"description\":\"Entdecken Sie die Raffinesse und Qualit\u00e4t der Burton Morris Gift Box, einem exklusiven Set bestehend aus drei feinen Produkten, die die Aromen der\",\"breadcrumb\":{\"@id\":\"https:\/\/dev6.erresse-shop.it\/de\/shop\/tisch\/oel-essig-salz\/galateo-friends-burton-morris-geschenkbox-3-flaschen-oel-und-essig\/#breadcrumb\"},\"inLanguage\":\"de\",\"potentialAction\":[{\"@type\":\"ReadAction\",\"target\":[\"https:\/\/dev6.erresse-shop.it\/de\/shop\/tisch\/oel-essig-salz\/galateo-friends-burton-morris-geschenkbox-3-flaschen-oel-und-essig\/\"]}]},{\"@type\":\"ImageObject\",\"inLanguage\":\"de\",\"@id\":\"https:\/\/dev6.erresse-shop.it\/de\/shop\/tisch\/oel-essig-salz\/galateo-friends-burton-morris-geschenkbox-3-flaschen-oel-und-essig\/#primaryimage\",\"url\":\"https:\/\/i0.wp.com\/interpim.erresse-shop.it\/Import\/Prodotti\/galateo-friends-burton-morris-confezione-regalo-3-bottiglie.jpg?ssl=1\",\"contentUrl\":\"https:\/\/i0.wp.com\/interpim.erresse-shop.it\/Import\/Prodotti\/galateo-friends-burton-morris-confezione-regalo-3-bottiglie.jpg?ssl=1\"},{\"@type\":\"BreadcrumbList\",\"@id\":\"https:\/\/dev6.erresse-shop.it\/de\/shop\/tisch\/oel-essig-salz\/galateo-friends-burton-morris-geschenkbox-3-flaschen-oel-und-essig\/#breadcrumb\",\"itemListElement\":[{\"@type\":\"ListItem\",\"position\":1,\"name\":\"Home\",\"item\":\"https:\/\/dev6.erresse-shop.it\/\"},{\"@type\":\"ListItem\",\"position\":2,\"name\":\"Shop\",\"item\":\"https:\/\/dev6.erresse-shop.it\/shop\/\"},{\"@type\":\"ListItem\",\"position\":3,\"name\":\"GALATEO &#038; FRIENDS Burton Morris Geschenkbox 3 Flaschen \u00d6l und Essig\"}]},{\"@type\":\"WebSite\",\"@id\":\"https:\/\/dev6.erresse-shop.it\/#website\",\"url\":\"https:\/\/dev6.erresse-shop.it\/\",\"name\":\"Erresse Shop\",\"description\":\"\",\"publisher\":{\"@id\":\"https:\/\/dev6.erresse-shop.it\/#organization\"},\"potentialAction\":[{\"@type\":\"SearchAction\",\"target\":{\"@type\":\"EntryPoint\",\"urlTemplate\":\"https:\/\/dev6.erresse-shop.it\/?s={search_term_string}\"},\"query-input\":{\"@type\":\"PropertyValueSpecification\",\"valueRequired\":true,\"valueName\":\"search_term_string\"}}],\"inLanguage\":\"de\"},{\"@type\":\"Organization\",\"@id\":\"https:\/\/dev6.erresse-shop.it\/#organization\",\"name\":\"Erresse Shop\",\"url\":\"https:\/\/dev6.erresse-shop.it\/\",\"logo\":{\"@type\":\"ImageObject\",\"inLanguage\":\"de\",\"@id\":\"https:\/\/dev6.erresse-shop.it\/#\/schema\/logo\/image\/\",\"url\":\"https:\/\/dev6.erresse-shop.it\/wp-content\/uploads\/2025\/01\/LOGO-ERRESSE-CLASSICO.svg\",\"contentUrl\":\"https:\/\/dev6.erresse-shop.it\/wp-content\/uploads\/2025\/01\/LOGO-ERRESSE-CLASSICO.svg\",\"caption\":\"Erresse Shop\"},\"image\":{\"@id\":\"https:\/\/dev6.erresse-shop.it\/#\/schema\/logo\/image\/\"}}]}<\/script>\n<!-- \/ Yoast SEO plugin. -->","yoast_head_json":{"title":"GALATEO &#038; FRIENDS Burton Morris Geschenkbox 3 Flaschen \u00d6l und Essig - dev6 Erresse","description":"Entdecken Sie die Raffinesse und Qualit\u00e4t der Burton Morris Gift Box, einem exklusiven Set bestehend aus drei feinen Produkten, die die Aromen der","robots":{"index":"noindex","follow":"follow","max-snippet":"max-snippet:-1","max-image-preview":"max-image-preview:large","max-video-preview":"max-video-preview:-1"},"og_locale":"de_DE","og_type":"article","og_title":"GALATEO &#038; FRIENDS Burton Morris Geschenkbox 3 Flaschen \u00d6l und Essig - dev6 Erresse","og_description":"Entdecken Sie die Raffinesse und Qualit\u00e4t der Burton Morris Gift Box, einem exklusiven Set bestehend aus drei feinen Produkten, die die Aromen der","og_url":"https:\/\/dev6.erresse-shop.it\/de\/shop\/tisch\/oel-essig-salz\/galateo-friends-burton-morris-geschenkbox-3-flaschen-oel-und-essig\/","og_site_name":"dev6 Erresse","og_image":[{"url":"https:\/\/interpim.erresse-shop.it\/Import\/Prodotti\/galateo-friends-burton-morris-confezione-regalo-3-bottiglie.jpg","type":"","width":"","height":""},{"url":"https:\/\/interpim.erresse-shop.it\/Import\/Prodotti\/galateo-friends-burton-morris-confezione-regalo-3-bottiglie.jpg","width":1024,"height":1024,"type":"image\/jpeg"}],"twitter_card":"summary_large_image","twitter_image":"https:\/\/interpim.erresse-shop.it\/Import\/Prodotti\/galateo-friends-burton-morris-confezione-regalo-3-bottiglie.jpg","schema":{"@context":"https:\/\/schema.org","@graph":[{"@type":"WebPage","@id":"https:\/\/dev6.erresse-shop.it\/de\/shop\/tisch\/oel-essig-salz\/galateo-friends-burton-morris-geschenkbox-3-flaschen-oel-und-essig\/","url":"https:\/\/dev6.erresse-shop.it\/de\/shop\/tisch\/oel-essig-salz\/galateo-friends-burton-morris-geschenkbox-3-flaschen-oel-und-essig\/","name":"GALATEO &#038; FRIENDS Burton Morris Geschenkbox 3 Flaschen \u00d6l und Essig - dev6 Erresse","isPartOf":{"@id":"https:\/\/dev6.erresse-shop.it\/#website"},"primaryImageOfPage":{"@id":"https:\/\/dev6.erresse-shop.it\/de\/shop\/tisch\/oel-essig-salz\/galateo-friends-burton-morris-geschenkbox-3-flaschen-oel-und-essig\/#primaryimage"},"image":{"@id":"https:\/\/dev6.erresse-shop.it\/de\/shop\/tisch\/oel-essig-salz\/galateo-friends-burton-morris-geschenkbox-3-flaschen-oel-und-essig\/#primaryimage"},"thumbnailUrl":"https:\/\/i0.wp.com\/interpim.erresse-shop.it\/Import\/Prodotti\/galateo-friends-burton-morris-confezione-regalo-3-bottiglie.jpg?ssl=1","datePublished":"2026-04-12T11:07:48+00:00","description":"Entdecken Sie die Raffinesse und Qualit\u00e4t der Burton Morris Gift Box, einem exklusiven Set bestehend aus drei feinen Produkten, die die Aromen der","breadcrumb":{"@id":"https:\/\/dev6.erresse-shop.it\/de\/shop\/tisch\/oel-essig-salz\/galateo-friends-burton-morris-geschenkbox-3-flaschen-oel-und-essig\/#breadcrumb"},"inLanguage":"de","potentialAction":[{"@type":"ReadAction","target":["https:\/\/dev6.erresse-shop.it\/de\/shop\/tisch\/oel-essig-salz\/galateo-friends-burton-morris-geschenkbox-3-flaschen-oel-und-essig\/"]}]},{"@type":"ImageObject","inLanguage":"de","@id":"https:\/\/dev6.erresse-shop.it\/de\/shop\/tisch\/oel-essig-salz\/galateo-friends-burton-morris-geschenkbox-3-flaschen-oel-und-essig\/#primaryimage","url":"https:\/\/i0.wp.com\/interpim.erresse-shop.it\/Import\/Prodotti\/galateo-friends-burton-morris-confezione-regalo-3-bottiglie.jpg?ssl=1","contentUrl":"https:\/\/i0.wp.com\/interpim.erresse-shop.it\/Import\/Prodotti\/galateo-friends-burton-morris-confezione-regalo-3-bottiglie.jpg?ssl=1"},{"@type":"BreadcrumbList","@id":"https:\/\/dev6.erresse-shop.it\/de\/shop\/tisch\/oel-essig-salz\/galateo-friends-burton-morris-geschenkbox-3-flaschen-oel-und-essig\/#breadcrumb","itemListElement":[{"@type":"ListItem","position":1,"name":"Home","item":"https:\/\/dev6.erresse-shop.it\/"},{"@type":"ListItem","position":2,"name":"Shop","item":"https:\/\/dev6.erresse-shop.it\/shop\/"},{"@type":"ListItem","position":3,"name":"GALATEO &#038; FRIENDS Burton Morris Geschenkbox 3 Flaschen \u00d6l und Essig"}]},{"@type":"WebSite","@id":"https:\/\/dev6.erresse-shop.it\/#website","url":"https:\/\/dev6.erresse-shop.it\/","name":"Erresse Shop","description":"","publisher":{"@id":"https:\/\/dev6.erresse-shop.it\/#organization"},"potentialAction":[{"@type":"SearchAction","target":{"@type":"EntryPoint","urlTemplate":"https:\/\/dev6.erresse-shop.it\/?s={search_term_string}"},"query-input":{"@type":"PropertyValueSpecification","valueRequired":true,"valueName":"search_term_string"}}],"inLanguage":"de"},{"@type":"Organization","@id":"https:\/\/dev6.erresse-shop.it\/#organization","name":"Erresse Shop","url":"https:\/\/dev6.erresse-shop.it\/","logo":{"@type":"ImageObject","inLanguage":"de","@id":"https:\/\/dev6.erresse-shop.it\/#\/schema\/logo\/image\/","url":"https:\/\/dev6.erresse-shop.it\/wp-content\/uploads\/2025\/01\/LOGO-ERRESSE-CLASSICO.svg","contentUrl":"https:\/\/dev6.erresse-shop.it\/wp-content\/uploads\/2025\/01\/LOGO-ERRESSE-CLASSICO.svg","caption":"Erresse Shop"},"image":{"@id":"https:\/\/dev6.erresse-shop.it\/#\/schema\/logo\/image\/"}}]}},"df_price":64,"df_sale_price":64,"df_regular_price":92,"df_image_link":"https:\/\/i0.wp.com\/interpim.erresse-shop.it\/Import\/Prodotti\/galateo-friends-burton-morris-confezione-regalo-3-bottiglie.jpg?resize=300,300&ssl=1","fifu_image_url":"https:\/\/interpim.erresse-shop.it\/Import\/Prodotti\/galateo-friends-burton-morris-confezione-regalo-3-bottiglie.jpg","_links":{"self":[{"href":"https:\/\/dev6.erresse-shop.it\/de\/wp-json\/wp\/v2\/product\/56542","targetHints":{"allow":["GET"]}}],"collection":[{"href":"https:\/\/dev6.erresse-shop.it\/de\/wp-json\/wp\/v2\/product"}],"about":[{"href":"https:\/\/dev6.erresse-shop.it\/de\/wp-json\/wp\/v2\/types\/product"}],"wp:featuredmedia":[{"embeddable":true,"href":"https:\/\/dev6.erresse-shop.it\/de\/wp-json\/wp\/v2\/media\/6376073"}],"wp:attachment":[{"href":"https:\/\/dev6.erresse-shop.it\/de\/wp-json\/wp\/v2\/media?parent=56542"}],"wp:term":[{"taxonomy":"product_cat","embeddable":true,"href":"https:\/\/dev6.erresse-shop.it\/de\/wp-json\/wp\/v2\/product_cat?post=56542"},{"taxonomy":"product_tag","embeddable":true,"href":"https:\/\/dev6.erresse-shop.it\/de\/wp-json\/wp\/v2\/product_tag?post=56542"}],"curies":[{"name":"wp","href":"https:\/\/api.w.org\/{rel}","templated":true}]}}