{"id":56538,"date":"2026-04-12T13:07:48","date_gmt":"2026-04-12T11:07:48","guid":{"rendered":"https:\/\/dev6.erresse-shop.it\/shop\/unkategorisiert\/galateo-friends-carlo-volpi-geschenkbox-4-flaschen-oel-und-essig\/"},"modified":"2025-09-14T03:01:08","modified_gmt":"2025-09-14T01:01:08","slug":"galateo-friends-carlo-volpi-geschenkbox-4-flaschen-oel-und-essig","status":"publish","type":"product","link":"https:\/\/dev6.erresse-shop.it\/de\/shop\/tisch\/oel-essig-salz\/galateo-friends-carlo-volpi-geschenkbox-4-flaschen-oel-und-essig\/","title":{"rendered":"GALATEO &#038; FRIENDS Carlo Volpi Geschenkbox 4 Flaschen \u00d6l und Essig"},"content":{"rendered":"<p>Entdecken Sie die Exzellenz der italienischen Gastronomie mit der Carlo Volpi Geschenkbox, einem exklusiven Set, das vier hochwertige Produkte vereint, um Ihre K\u00fcche mit authentischen und raffinierten Aromen zu bereichern. Dieses Paket eignet sich perfekt f\u00fcr Liebhaber guten Essens und ist eine ideale Geschenkidee oder eine wertvolle Erg\u00e4nzung f\u00fcr Ihre Speisekammer.<\/p>\n<p>Inhalt festlegen:<\/p>\n<p>CARLO VOLPI Natives Oliven\u00f6l Extra Sorte Taggiasca (250 ml): Ein Oliven\u00f6l von au\u00dfergew\u00f6hnlicher Qualit\u00e4t, gewonnen aus den besten Taggiasca-Oliven Liguriens. Sein fruchtiger und delikater Geschmack mit bitteren und w\u00fcrzigen Noten macht es perfekt zum Anrichten von Salaten, Fischgerichten und zum Verfeinern jeder Zubereitung.<br \/>\nCARLO VOLPI Balsamico-Essig aus Modena (250 ml): Ein Essig mit einem reichen und komplexen Geschmack, der Fleischgerichten, K\u00e4se, Salaten und Marinaden eine s\u00fc\u00dfe Note und eine ausgewogene S\u00e4ure verleihen kann. Aufgrund seiner Vielseitigkeit eignet es sich auch ideal f\u00fcr die Zubereitung von Gourmet-Saucen.<br \/>\nCARLO VOLPI Weinessig (250 ml): Ein Weinessig mit einem kr\u00e4ftigen und frischen Geschmack, perfekt, um Fleisch-, Fisch- oder Gem\u00fcsegerichten eine besondere Note zu verleihen. Ideal auch zum Zubereiten von Vinaigrettes und einfachen Saucen, aber voller Charakter.<br \/>\nCARLO VOLPI Dressing auf Apfelessigbasis (250 ml): Ein vielseitiges und leichtes Dressing mit dem s\u00fc\u00dfen und erfrischenden Geschmack von Apfelessig. Hervorragend geeignet f\u00fcr Salate, Fischgerichte oder als Basis f\u00fcr leichte Marinaden. Eine gesunde Wahl, um jedes Gericht zu bereichern.<\/p>\n<p>Eigenschaften:<\/p>\n<p>Eine raffinierte Verpackung, perfekt f\u00fcr jeden besonderen Anlass oder als Geschenk f\u00fcr Kochliebhaber.<br \/>\nProdukte von h\u00f6chster Qualit\u00e4t, die aus den besten italienischen Traditionen stammen.<br \/>\nVielseitigkeit und Geschmack in jeder Flasche, ideal zum W\u00fcrzen, Marinieren und Verfeinern jedes Gerichts.<\/p>\n","protected":false},"excerpt":{"rendered":"<p>Entdecken Sie die Exzellenz der italienischen Gastronomie mit der Carlo Volpi Geschenkbox, einem exklusiven Set, das vier hochwertige Produkte vereint, um Ihre K\u00fcche mit authentischen und raffinierten Aromen zu bereichern. Dieses Paket eignet sich perfekt f\u00fcr Liebhaber guten Essens und ist eine ideale Geschenkidee oder eine wertvolle Erg\u00e4nzung f\u00fcr Ihre Speisekammer. Inhalt festlegen: CARLO VOLPI [&hellip;]<\/p>\n","protected":false},"featured_media":6376071,"template":"","meta":{"_acf_changed":false},"product_cat":[12157,12152,12103],"product_tag":[],"class_list":{"0":"post-56538","1":"product","2":"type-product","3":"status-publish","4":"has-post-thumbnail","6":"product_cat-food-de","7":"product_cat-oel-essig-salz","8":"product_cat-tisch","10":"first","11":"instock","12":"sale","13":"taxable","14":"shipping-taxable","15":"purchasable","16":"product-type-simple","swatches":"rey-swatches","show_selected":"","stretch_labels":"rey-swatches--stretch-labels"},"acf":[],"yoast_head":"<!-- This site is optimized with the Yoast SEO plugin v25.4 - https:\/\/yoast.com\/wordpress\/plugins\/seo\/ -->\n<title>GALATEO &#038; FRIENDS Carlo Volpi Geschenkbox 4 Flaschen \u00d6l und Essig - dev6 Erresse<\/title>\n<meta name=\"description\" content=\"Entdecken Sie die Exzellenz der italienischen Gastronomie mit der Carlo Volpi Geschenkbox, einem exklusiven Set, das vier hochwertige Produkte vereint, um\" \/>\n<meta name=\"robots\" content=\"noindex, follow, max-snippet:-1, max-image-preview:large, max-video-preview:-1\" \/>\n<meta property=\"og:locale\" content=\"de_DE\" \/>\n<meta property=\"og:type\" content=\"article\" \/>\n<meta property=\"og:title\" content=\"GALATEO &#038; FRIENDS Carlo Volpi Geschenkbox 4 Flaschen \u00d6l und Essig - dev6 Erresse\" \/>\n<meta property=\"og:description\" content=\"Entdecken Sie die Exzellenz der italienischen Gastronomie mit der Carlo Volpi Geschenkbox, einem exklusiven Set, das vier hochwertige Produkte vereint, um\" \/>\n<meta property=\"og:url\" content=\"https:\/\/dev6.erresse-shop.it\/de\/shop\/tisch\/oel-essig-salz\/galateo-friends-carlo-volpi-geschenkbox-4-flaschen-oel-und-essig\/\" \/>\n<meta property=\"og:site_name\" content=\"dev6 Erresse\" \/>\n<meta property=\"og:image\" content=\"https:\/\/interpim.erresse-shop.it\/Import\/Prodotti\/galateo-friends-carlo-volpi-confezione-regalo-4.jpg\" \/><meta property=\"og:image\" content=\"https:\/\/interpim.erresse-shop.it\/Import\/Prodotti\/galateo-friends-carlo-volpi-confezione-regalo-4.jpg\" \/>\n\t<meta property=\"og:image:width\" content=\"1024\" \/>\n\t<meta property=\"og:image:height\" content=\"1024\" \/>\n\t<meta property=\"og:image:type\" content=\"image\/jpeg\" \/>\n<meta name=\"twitter:card\" content=\"summary_large_image\" \/>\n<meta name=\"twitter:image\" content=\"https:\/\/interpim.erresse-shop.it\/Import\/Prodotti\/galateo-friends-carlo-volpi-confezione-regalo-4.jpg\" \/>\n<script type=\"application\/ld+json\" class=\"yoast-schema-graph\">{\"@context\":\"https:\/\/schema.org\",\"@graph\":[{\"@type\":\"WebPage\",\"@id\":\"https:\/\/dev6.erresse-shop.it\/de\/shop\/tisch\/oel-essig-salz\/galateo-friends-carlo-volpi-geschenkbox-4-flaschen-oel-und-essig\/\",\"url\":\"https:\/\/dev6.erresse-shop.it\/de\/shop\/tisch\/oel-essig-salz\/galateo-friends-carlo-volpi-geschenkbox-4-flaschen-oel-und-essig\/\",\"name\":\"GALATEO &#038; FRIENDS Carlo Volpi Geschenkbox 4 Flaschen \u00d6l und Essig - dev6 Erresse\",\"isPartOf\":{\"@id\":\"https:\/\/dev6.erresse-shop.it\/#website\"},\"primaryImageOfPage\":{\"@id\":\"https:\/\/dev6.erresse-shop.it\/de\/shop\/tisch\/oel-essig-salz\/galateo-friends-carlo-volpi-geschenkbox-4-flaschen-oel-und-essig\/#primaryimage\"},\"image\":{\"@id\":\"https:\/\/dev6.erresse-shop.it\/de\/shop\/tisch\/oel-essig-salz\/galateo-friends-carlo-volpi-geschenkbox-4-flaschen-oel-und-essig\/#primaryimage\"},\"thumbnailUrl\":\"https:\/\/i2.wp.com\/interpim.erresse-shop.it\/Import\/Prodotti\/galateo-friends-carlo-volpi-confezione-regalo-4.jpg?ssl=1\",\"datePublished\":\"2026-04-12T11:07:48+00:00\",\"description\":\"Entdecken Sie die Exzellenz der italienischen Gastronomie mit der Carlo Volpi Geschenkbox, einem exklusiven Set, das vier hochwertige Produkte vereint, um\",\"breadcrumb\":{\"@id\":\"https:\/\/dev6.erresse-shop.it\/de\/shop\/tisch\/oel-essig-salz\/galateo-friends-carlo-volpi-geschenkbox-4-flaschen-oel-und-essig\/#breadcrumb\"},\"inLanguage\":\"de\",\"potentialAction\":[{\"@type\":\"ReadAction\",\"target\":[\"https:\/\/dev6.erresse-shop.it\/de\/shop\/tisch\/oel-essig-salz\/galateo-friends-carlo-volpi-geschenkbox-4-flaschen-oel-und-essig\/\"]}]},{\"@type\":\"ImageObject\",\"inLanguage\":\"de\",\"@id\":\"https:\/\/dev6.erresse-shop.it\/de\/shop\/tisch\/oel-essig-salz\/galateo-friends-carlo-volpi-geschenkbox-4-flaschen-oel-und-essig\/#primaryimage\",\"url\":\"https:\/\/i2.wp.com\/interpim.erresse-shop.it\/Import\/Prodotti\/galateo-friends-carlo-volpi-confezione-regalo-4.jpg?ssl=1\",\"contentUrl\":\"https:\/\/i2.wp.com\/interpim.erresse-shop.it\/Import\/Prodotti\/galateo-friends-carlo-volpi-confezione-regalo-4.jpg?ssl=1\"},{\"@type\":\"BreadcrumbList\",\"@id\":\"https:\/\/dev6.erresse-shop.it\/de\/shop\/tisch\/oel-essig-salz\/galateo-friends-carlo-volpi-geschenkbox-4-flaschen-oel-und-essig\/#breadcrumb\",\"itemListElement\":[{\"@type\":\"ListItem\",\"position\":1,\"name\":\"Home\",\"item\":\"https:\/\/dev6.erresse-shop.it\/\"},{\"@type\":\"ListItem\",\"position\":2,\"name\":\"Shop\",\"item\":\"https:\/\/dev6.erresse-shop.it\/shop\/\"},{\"@type\":\"ListItem\",\"position\":3,\"name\":\"GALATEO &#038; FRIENDS Carlo Volpi Geschenkbox 4 Flaschen \u00d6l und Essig\"}]},{\"@type\":\"WebSite\",\"@id\":\"https:\/\/dev6.erresse-shop.it\/#website\",\"url\":\"https:\/\/dev6.erresse-shop.it\/\",\"name\":\"Erresse Shop\",\"description\":\"\",\"publisher\":{\"@id\":\"https:\/\/dev6.erresse-shop.it\/#organization\"},\"potentialAction\":[{\"@type\":\"SearchAction\",\"target\":{\"@type\":\"EntryPoint\",\"urlTemplate\":\"https:\/\/dev6.erresse-shop.it\/?s={search_term_string}\"},\"query-input\":{\"@type\":\"PropertyValueSpecification\",\"valueRequired\":true,\"valueName\":\"search_term_string\"}}],\"inLanguage\":\"de\"},{\"@type\":\"Organization\",\"@id\":\"https:\/\/dev6.erresse-shop.it\/#organization\",\"name\":\"Erresse Shop\",\"url\":\"https:\/\/dev6.erresse-shop.it\/\",\"logo\":{\"@type\":\"ImageObject\",\"inLanguage\":\"de\",\"@id\":\"https:\/\/dev6.erresse-shop.it\/#\/schema\/logo\/image\/\",\"url\":\"https:\/\/dev6.erresse-shop.it\/wp-content\/uploads\/2025\/01\/LOGO-ERRESSE-CLASSICO.svg\",\"contentUrl\":\"https:\/\/dev6.erresse-shop.it\/wp-content\/uploads\/2025\/01\/LOGO-ERRESSE-CLASSICO.svg\",\"caption\":\"Erresse Shop\"},\"image\":{\"@id\":\"https:\/\/dev6.erresse-shop.it\/#\/schema\/logo\/image\/\"}}]}<\/script>\n<!-- \/ Yoast SEO plugin. -->","yoast_head_json":{"title":"GALATEO &#038; FRIENDS Carlo Volpi Geschenkbox 4 Flaschen \u00d6l und Essig - dev6 Erresse","description":"Entdecken Sie die Exzellenz der italienischen Gastronomie mit der Carlo Volpi Geschenkbox, einem exklusiven Set, das vier hochwertige Produkte vereint, um","robots":{"index":"noindex","follow":"follow","max-snippet":"max-snippet:-1","max-image-preview":"max-image-preview:large","max-video-preview":"max-video-preview:-1"},"og_locale":"de_DE","og_type":"article","og_title":"GALATEO &#038; FRIENDS Carlo Volpi Geschenkbox 4 Flaschen \u00d6l und Essig - dev6 Erresse","og_description":"Entdecken Sie die Exzellenz der italienischen Gastronomie mit der Carlo Volpi Geschenkbox, einem exklusiven Set, das vier hochwertige Produkte vereint, um","og_url":"https:\/\/dev6.erresse-shop.it\/de\/shop\/tisch\/oel-essig-salz\/galateo-friends-carlo-volpi-geschenkbox-4-flaschen-oel-und-essig\/","og_site_name":"dev6 Erresse","og_image":[{"url":"https:\/\/interpim.erresse-shop.it\/Import\/Prodotti\/galateo-friends-carlo-volpi-confezione-regalo-4.jpg","type":"","width":"","height":""},{"url":"https:\/\/interpim.erresse-shop.it\/Import\/Prodotti\/galateo-friends-carlo-volpi-confezione-regalo-4.jpg","width":1024,"height":1024,"type":"image\/jpeg"}],"twitter_card":"summary_large_image","twitter_image":"https:\/\/interpim.erresse-shop.it\/Import\/Prodotti\/galateo-friends-carlo-volpi-confezione-regalo-4.jpg","schema":{"@context":"https:\/\/schema.org","@graph":[{"@type":"WebPage","@id":"https:\/\/dev6.erresse-shop.it\/de\/shop\/tisch\/oel-essig-salz\/galateo-friends-carlo-volpi-geschenkbox-4-flaschen-oel-und-essig\/","url":"https:\/\/dev6.erresse-shop.it\/de\/shop\/tisch\/oel-essig-salz\/galateo-friends-carlo-volpi-geschenkbox-4-flaschen-oel-und-essig\/","name":"GALATEO &#038; FRIENDS Carlo Volpi Geschenkbox 4 Flaschen \u00d6l und Essig - dev6 Erresse","isPartOf":{"@id":"https:\/\/dev6.erresse-shop.it\/#website"},"primaryImageOfPage":{"@id":"https:\/\/dev6.erresse-shop.it\/de\/shop\/tisch\/oel-essig-salz\/galateo-friends-carlo-volpi-geschenkbox-4-flaschen-oel-und-essig\/#primaryimage"},"image":{"@id":"https:\/\/dev6.erresse-shop.it\/de\/shop\/tisch\/oel-essig-salz\/galateo-friends-carlo-volpi-geschenkbox-4-flaschen-oel-und-essig\/#primaryimage"},"thumbnailUrl":"https:\/\/i2.wp.com\/interpim.erresse-shop.it\/Import\/Prodotti\/galateo-friends-carlo-volpi-confezione-regalo-4.jpg?ssl=1","datePublished":"2026-04-12T11:07:48+00:00","description":"Entdecken Sie die Exzellenz der italienischen Gastronomie mit der Carlo Volpi Geschenkbox, einem exklusiven Set, das vier hochwertige Produkte vereint, um","breadcrumb":{"@id":"https:\/\/dev6.erresse-shop.it\/de\/shop\/tisch\/oel-essig-salz\/galateo-friends-carlo-volpi-geschenkbox-4-flaschen-oel-und-essig\/#breadcrumb"},"inLanguage":"de","potentialAction":[{"@type":"ReadAction","target":["https:\/\/dev6.erresse-shop.it\/de\/shop\/tisch\/oel-essig-salz\/galateo-friends-carlo-volpi-geschenkbox-4-flaschen-oel-und-essig\/"]}]},{"@type":"ImageObject","inLanguage":"de","@id":"https:\/\/dev6.erresse-shop.it\/de\/shop\/tisch\/oel-essig-salz\/galateo-friends-carlo-volpi-geschenkbox-4-flaschen-oel-und-essig\/#primaryimage","url":"https:\/\/i2.wp.com\/interpim.erresse-shop.it\/Import\/Prodotti\/galateo-friends-carlo-volpi-confezione-regalo-4.jpg?ssl=1","contentUrl":"https:\/\/i2.wp.com\/interpim.erresse-shop.it\/Import\/Prodotti\/galateo-friends-carlo-volpi-confezione-regalo-4.jpg?ssl=1"},{"@type":"BreadcrumbList","@id":"https:\/\/dev6.erresse-shop.it\/de\/shop\/tisch\/oel-essig-salz\/galateo-friends-carlo-volpi-geschenkbox-4-flaschen-oel-und-essig\/#breadcrumb","itemListElement":[{"@type":"ListItem","position":1,"name":"Home","item":"https:\/\/dev6.erresse-shop.it\/"},{"@type":"ListItem","position":2,"name":"Shop","item":"https:\/\/dev6.erresse-shop.it\/shop\/"},{"@type":"ListItem","position":3,"name":"GALATEO &#038; FRIENDS Carlo Volpi Geschenkbox 4 Flaschen \u00d6l und Essig"}]},{"@type":"WebSite","@id":"https:\/\/dev6.erresse-shop.it\/#website","url":"https:\/\/dev6.erresse-shop.it\/","name":"Erresse Shop","description":"","publisher":{"@id":"https:\/\/dev6.erresse-shop.it\/#organization"},"potentialAction":[{"@type":"SearchAction","target":{"@type":"EntryPoint","urlTemplate":"https:\/\/dev6.erresse-shop.it\/?s={search_term_string}"},"query-input":{"@type":"PropertyValueSpecification","valueRequired":true,"valueName":"search_term_string"}}],"inLanguage":"de"},{"@type":"Organization","@id":"https:\/\/dev6.erresse-shop.it\/#organization","name":"Erresse Shop","url":"https:\/\/dev6.erresse-shop.it\/","logo":{"@type":"ImageObject","inLanguage":"de","@id":"https:\/\/dev6.erresse-shop.it\/#\/schema\/logo\/image\/","url":"https:\/\/dev6.erresse-shop.it\/wp-content\/uploads\/2025\/01\/LOGO-ERRESSE-CLASSICO.svg","contentUrl":"https:\/\/dev6.erresse-shop.it\/wp-content\/uploads\/2025\/01\/LOGO-ERRESSE-CLASSICO.svg","caption":"Erresse Shop"},"image":{"@id":"https:\/\/dev6.erresse-shop.it\/#\/schema\/logo\/image\/"}}]}},"df_price":79,"df_sale_price":79,"df_regular_price":115,"df_image_link":"https:\/\/i2.wp.com\/interpim.erresse-shop.it\/Import\/Prodotti\/galateo-friends-carlo-volpi-confezione-regalo-4.jpg?resize=300,300&ssl=1","fifu_image_url":"https:\/\/interpim.erresse-shop.it\/Import\/Prodotti\/galateo-friends-carlo-volpi-confezione-regalo-4.jpg","_links":{"self":[{"href":"https:\/\/dev6.erresse-shop.it\/de\/wp-json\/wp\/v2\/product\/56538","targetHints":{"allow":["GET"]}}],"collection":[{"href":"https:\/\/dev6.erresse-shop.it\/de\/wp-json\/wp\/v2\/product"}],"about":[{"href":"https:\/\/dev6.erresse-shop.it\/de\/wp-json\/wp\/v2\/types\/product"}],"wp:featuredmedia":[{"embeddable":true,"href":"https:\/\/dev6.erresse-shop.it\/de\/wp-json\/wp\/v2\/media\/6376071"}],"wp:attachment":[{"href":"https:\/\/dev6.erresse-shop.it\/de\/wp-json\/wp\/v2\/media?parent=56538"}],"wp:term":[{"taxonomy":"product_cat","embeddable":true,"href":"https:\/\/dev6.erresse-shop.it\/de\/wp-json\/wp\/v2\/product_cat?post=56538"},{"taxonomy":"product_tag","embeddable":true,"href":"https:\/\/dev6.erresse-shop.it\/de\/wp-json\/wp\/v2\/product_tag?post=56538"}],"curies":[{"name":"wp","href":"https:\/\/api.w.org\/{rel}","templated":true}]}}