{"id":56530,"date":"2026-04-10T12:54:59","date_gmt":"2026-04-10T10:54:59","guid":{"rendered":"https:\/\/dev6.erresse-shop.it\/shop\/unkategorisiert\/taitu-garden-of-beauty-green-schuesseln-4-stueck\/"},"modified":"2025-07-04T14:32:31","modified_gmt":"2025-07-04T12:32:31","slug":"taitu-garden-of-beauty-green-schuesseln-4-stueck","status":"publish","type":"product","link":"https:\/\/dev6.erresse-shop.it\/de\/shop\/tisch\/koerbe-und-schalen\/taitu-garden-of-beauty-green-schuesseln-4-stueck\/","title":{"rendered":"TAIT\u00d9 Garden of Beauty Green Sch\u00fcsseln 4 St\u00fcck"},"content":{"rendered":"<p>Material: Feines Knochenporzellan<\/p>\n<p>Tauchen Sie ein in die zeitlose Sch\u00f6nheit der Garden of Beauty Green-Kollektion, in der die Reinheit von Wei\u00df mit dem Zauber der Natur verschmilzt. Unser Geschirr aus feinstem Fine Bone China ist mit zarten gr\u00fcnen Bl\u00e4ttern verziert, die an die Harmonie der edelsten G\u00e4rten erinnern. Jedes St\u00fcck ist eine perfekte Mischung aus Eleganz und Qualit\u00e4t und soll jedem Moment Ihres Tages einen Hauch von Frische und Klasse verleihen. Die Garden of Beauty Green-Kollektion ist ideal f\u00fcr alle, die ein raffiniertes und nat\u00fcrliches Design suchen, das jeden Tisch mit einem einzigartigen und zeitlosen Stil versch\u00f6nert.<\/p>\n<p>WARNUNGEN<br \/>\nSp\u00fclmaschinen- und mikrowellengeeignet.<\/p>\n<p>Designerin: Silvia Cabassa<\/p>\n","protected":false},"excerpt":{"rendered":"<p>Material: Feines Knochenporzellan Tauchen Sie ein in die zeitlose Sch\u00f6nheit der Garden of Beauty Green-Kollektion, in der die Reinheit von Wei\u00df mit dem Zauber der Natur verschmilzt. Unser Geschirr aus feinstem Fine Bone China ist mit zarten gr\u00fcnen Bl\u00e4ttern verziert, die an die Harmonie der edelsten G\u00e4rten erinnern. Jedes St\u00fcck ist eine perfekte Mischung aus [&hellip;]<\/p>\n","protected":false},"featured_media":6330307,"template":"","meta":{"_acf_changed":false},"product_cat":[12123,11671,12103],"product_tag":[],"class_list":{"0":"post-56530","1":"product","2":"type-product","3":"status-publish","4":"has-post-thumbnail","6":"product_cat-koerbe-und-schalen","7":"product_cat-tavola","8":"product_cat-tisch","10":"first","11":"instock","12":"sale","13":"taxable","14":"shipping-taxable","15":"purchasable","16":"product-type-simple","swatches":"rey-swatches","show_selected":"","stretch_labels":"rey-swatches--stretch-labels"},"acf":[],"yoast_head":"<!-- This site is optimized with the Yoast SEO plugin v25.4 - https:\/\/yoast.com\/wordpress\/plugins\/seo\/ -->\n<title>TAIT\u00d9 Garden of Beauty Green Sch\u00fcsseln 4 St\u00fcck - dev6 Erresse<\/title>\n<meta name=\"description\" content=\"Material: Feines Knochenporzellan Tauchen Sie ein in die zeitlose Sch\u00f6nheit der Garden of Beauty Green-Kollektion, in der die Reinheit von Wei\u00df mit dem\" \/>\n<meta name=\"robots\" content=\"noindex, follow, max-snippet:-1, max-image-preview:large, max-video-preview:-1\" \/>\n<meta property=\"og:locale\" content=\"de_DE\" \/>\n<meta property=\"og:type\" content=\"article\" \/>\n<meta property=\"og:title\" content=\"TAIT\u00d9 Garden of Beauty Green Sch\u00fcsseln 4 St\u00fcck - dev6 Erresse\" \/>\n<meta property=\"og:description\" content=\"Material: Feines Knochenporzellan Tauchen Sie ein in die zeitlose Sch\u00f6nheit der Garden of Beauty Green-Kollektion, in der die Reinheit von Wei\u00df mit dem\" \/>\n<meta property=\"og:url\" content=\"https:\/\/dev6.erresse-shop.it\/de\/shop\/tisch\/koerbe-und-schalen\/taitu-garden-of-beauty-green-schuesseln-4-stueck\/\" \/>\n<meta property=\"og:site_name\" content=\"dev6 Erresse\" \/>\n<meta property=\"og:image\" content=\"https:\/\/interpim.erresse-shop.it\/img-catalogo\/taitu\/taitu-garden-of-beauty-green-ciotoline-4-pezzi.jpg\" \/><meta property=\"og:image\" content=\"https:\/\/interpim.erresse-shop.it\/img-catalogo\/taitu\/taitu-garden-of-beauty-green-ciotoline-4-pezzi.jpg\" \/>\n\t<meta property=\"og:image:width\" content=\"1024\" \/>\n\t<meta property=\"og:image:height\" content=\"1024\" \/>\n\t<meta property=\"og:image:type\" content=\"image\/jpeg\" \/>\n<meta name=\"twitter:card\" content=\"summary_large_image\" \/>\n<meta name=\"twitter:image\" content=\"https:\/\/interpim.erresse-shop.it\/img-catalogo\/taitu\/taitu-garden-of-beauty-green-ciotoline-4-pezzi.jpg\" \/>\n<script type=\"application\/ld+json\" class=\"yoast-schema-graph\">{\"@context\":\"https:\/\/schema.org\",\"@graph\":[{\"@type\":\"WebPage\",\"@id\":\"https:\/\/dev6.erresse-shop.it\/de\/shop\/tisch\/koerbe-und-schalen\/taitu-garden-of-beauty-green-schuesseln-4-stueck\/\",\"url\":\"https:\/\/dev6.erresse-shop.it\/de\/shop\/tisch\/koerbe-und-schalen\/taitu-garden-of-beauty-green-schuesseln-4-stueck\/\",\"name\":\"TAIT\u00d9 Garden of Beauty Green Sch\u00fcsseln 4 St\u00fcck - dev6 Erresse\",\"isPartOf\":{\"@id\":\"https:\/\/dev6.erresse-shop.it\/#website\"},\"primaryImageOfPage\":{\"@id\":\"https:\/\/dev6.erresse-shop.it\/de\/shop\/tisch\/koerbe-und-schalen\/taitu-garden-of-beauty-green-schuesseln-4-stueck\/#primaryimage\"},\"image\":{\"@id\":\"https:\/\/dev6.erresse-shop.it\/de\/shop\/tisch\/koerbe-und-schalen\/taitu-garden-of-beauty-green-schuesseln-4-stueck\/#primaryimage\"},\"thumbnailUrl\":\"https:\/\/i1.wp.com\/interpim.erresse-shop.it\/img-catalogo\/taitu\/taitu-garden-of-beauty-green-ciotoline-4-pezzi.jpg?ssl=1\",\"datePublished\":\"2026-04-10T10:54:59+00:00\",\"description\":\"Material: Feines Knochenporzellan Tauchen Sie ein in die zeitlose Sch\u00f6nheit der Garden of Beauty Green-Kollektion, in der die Reinheit von Wei\u00df mit dem\",\"breadcrumb\":{\"@id\":\"https:\/\/dev6.erresse-shop.it\/de\/shop\/tisch\/koerbe-und-schalen\/taitu-garden-of-beauty-green-schuesseln-4-stueck\/#breadcrumb\"},\"inLanguage\":\"de\",\"potentialAction\":[{\"@type\":\"ReadAction\",\"target\":[\"https:\/\/dev6.erresse-shop.it\/de\/shop\/tisch\/koerbe-und-schalen\/taitu-garden-of-beauty-green-schuesseln-4-stueck\/\"]}]},{\"@type\":\"ImageObject\",\"inLanguage\":\"de\",\"@id\":\"https:\/\/dev6.erresse-shop.it\/de\/shop\/tisch\/koerbe-und-schalen\/taitu-garden-of-beauty-green-schuesseln-4-stueck\/#primaryimage\",\"url\":\"https:\/\/i1.wp.com\/interpim.erresse-shop.it\/img-catalogo\/taitu\/taitu-garden-of-beauty-green-ciotoline-4-pezzi.jpg?ssl=1\",\"contentUrl\":\"https:\/\/i1.wp.com\/interpim.erresse-shop.it\/img-catalogo\/taitu\/taitu-garden-of-beauty-green-ciotoline-4-pezzi.jpg?ssl=1\"},{\"@type\":\"BreadcrumbList\",\"@id\":\"https:\/\/dev6.erresse-shop.it\/de\/shop\/tisch\/koerbe-und-schalen\/taitu-garden-of-beauty-green-schuesseln-4-stueck\/#breadcrumb\",\"itemListElement\":[{\"@type\":\"ListItem\",\"position\":1,\"name\":\"Home\",\"item\":\"https:\/\/dev6.erresse-shop.it\/\"},{\"@type\":\"ListItem\",\"position\":2,\"name\":\"Shop\",\"item\":\"https:\/\/dev6.erresse-shop.it\/shop\/\"},{\"@type\":\"ListItem\",\"position\":3,\"name\":\"TAIT\u00d9 Garden of Beauty Green Sch\u00fcsseln 4 St\u00fcck\"}]},{\"@type\":\"WebSite\",\"@id\":\"https:\/\/dev6.erresse-shop.it\/#website\",\"url\":\"https:\/\/dev6.erresse-shop.it\/\",\"name\":\"Erresse Shop\",\"description\":\"\",\"publisher\":{\"@id\":\"https:\/\/dev6.erresse-shop.it\/#organization\"},\"potentialAction\":[{\"@type\":\"SearchAction\",\"target\":{\"@type\":\"EntryPoint\",\"urlTemplate\":\"https:\/\/dev6.erresse-shop.it\/?s={search_term_string}\"},\"query-input\":{\"@type\":\"PropertyValueSpecification\",\"valueRequired\":true,\"valueName\":\"search_term_string\"}}],\"inLanguage\":\"de\"},{\"@type\":\"Organization\",\"@id\":\"https:\/\/dev6.erresse-shop.it\/#organization\",\"name\":\"Erresse Shop\",\"url\":\"https:\/\/dev6.erresse-shop.it\/\",\"logo\":{\"@type\":\"ImageObject\",\"inLanguage\":\"de\",\"@id\":\"https:\/\/dev6.erresse-shop.it\/#\/schema\/logo\/image\/\",\"url\":\"https:\/\/dev6.erresse-shop.it\/wp-content\/uploads\/2025\/01\/LOGO-ERRESSE-CLASSICO.svg\",\"contentUrl\":\"https:\/\/dev6.erresse-shop.it\/wp-content\/uploads\/2025\/01\/LOGO-ERRESSE-CLASSICO.svg\",\"caption\":\"Erresse Shop\"},\"image\":{\"@id\":\"https:\/\/dev6.erresse-shop.it\/#\/schema\/logo\/image\/\"}}]}<\/script>\n<!-- \/ Yoast SEO plugin. -->","yoast_head_json":{"title":"TAIT\u00d9 Garden of Beauty Green Sch\u00fcsseln 4 St\u00fcck - dev6 Erresse","description":"Material: Feines Knochenporzellan Tauchen Sie ein in die zeitlose Sch\u00f6nheit der Garden of Beauty Green-Kollektion, in der die Reinheit von Wei\u00df mit dem","robots":{"index":"noindex","follow":"follow","max-snippet":"max-snippet:-1","max-image-preview":"max-image-preview:large","max-video-preview":"max-video-preview:-1"},"og_locale":"de_DE","og_type":"article","og_title":"TAIT\u00d9 Garden of Beauty Green Sch\u00fcsseln 4 St\u00fcck - dev6 Erresse","og_description":"Material: Feines Knochenporzellan Tauchen Sie ein in die zeitlose Sch\u00f6nheit der Garden of Beauty Green-Kollektion, in der die Reinheit von Wei\u00df mit dem","og_url":"https:\/\/dev6.erresse-shop.it\/de\/shop\/tisch\/koerbe-und-schalen\/taitu-garden-of-beauty-green-schuesseln-4-stueck\/","og_site_name":"dev6 Erresse","og_image":[{"url":"https:\/\/interpim.erresse-shop.it\/img-catalogo\/taitu\/taitu-garden-of-beauty-green-ciotoline-4-pezzi.jpg","type":"","width":"","height":""},{"url":"https:\/\/interpim.erresse-shop.it\/img-catalogo\/taitu\/taitu-garden-of-beauty-green-ciotoline-4-pezzi.jpg","width":1024,"height":1024,"type":"image\/jpeg"}],"twitter_card":"summary_large_image","twitter_image":"https:\/\/interpim.erresse-shop.it\/img-catalogo\/taitu\/taitu-garden-of-beauty-green-ciotoline-4-pezzi.jpg","schema":{"@context":"https:\/\/schema.org","@graph":[{"@type":"WebPage","@id":"https:\/\/dev6.erresse-shop.it\/de\/shop\/tisch\/koerbe-und-schalen\/taitu-garden-of-beauty-green-schuesseln-4-stueck\/","url":"https:\/\/dev6.erresse-shop.it\/de\/shop\/tisch\/koerbe-und-schalen\/taitu-garden-of-beauty-green-schuesseln-4-stueck\/","name":"TAIT\u00d9 Garden of Beauty Green Sch\u00fcsseln 4 St\u00fcck - dev6 Erresse","isPartOf":{"@id":"https:\/\/dev6.erresse-shop.it\/#website"},"primaryImageOfPage":{"@id":"https:\/\/dev6.erresse-shop.it\/de\/shop\/tisch\/koerbe-und-schalen\/taitu-garden-of-beauty-green-schuesseln-4-stueck\/#primaryimage"},"image":{"@id":"https:\/\/dev6.erresse-shop.it\/de\/shop\/tisch\/koerbe-und-schalen\/taitu-garden-of-beauty-green-schuesseln-4-stueck\/#primaryimage"},"thumbnailUrl":"https:\/\/i1.wp.com\/interpim.erresse-shop.it\/img-catalogo\/taitu\/taitu-garden-of-beauty-green-ciotoline-4-pezzi.jpg?ssl=1","datePublished":"2026-04-10T10:54:59+00:00","description":"Material: Feines Knochenporzellan Tauchen Sie ein in die zeitlose Sch\u00f6nheit der Garden of Beauty Green-Kollektion, in der die Reinheit von Wei\u00df mit dem","breadcrumb":{"@id":"https:\/\/dev6.erresse-shop.it\/de\/shop\/tisch\/koerbe-und-schalen\/taitu-garden-of-beauty-green-schuesseln-4-stueck\/#breadcrumb"},"inLanguage":"de","potentialAction":[{"@type":"ReadAction","target":["https:\/\/dev6.erresse-shop.it\/de\/shop\/tisch\/koerbe-und-schalen\/taitu-garden-of-beauty-green-schuesseln-4-stueck\/"]}]},{"@type":"ImageObject","inLanguage":"de","@id":"https:\/\/dev6.erresse-shop.it\/de\/shop\/tisch\/koerbe-und-schalen\/taitu-garden-of-beauty-green-schuesseln-4-stueck\/#primaryimage","url":"https:\/\/i1.wp.com\/interpim.erresse-shop.it\/img-catalogo\/taitu\/taitu-garden-of-beauty-green-ciotoline-4-pezzi.jpg?ssl=1","contentUrl":"https:\/\/i1.wp.com\/interpim.erresse-shop.it\/img-catalogo\/taitu\/taitu-garden-of-beauty-green-ciotoline-4-pezzi.jpg?ssl=1"},{"@type":"BreadcrumbList","@id":"https:\/\/dev6.erresse-shop.it\/de\/shop\/tisch\/koerbe-und-schalen\/taitu-garden-of-beauty-green-schuesseln-4-stueck\/#breadcrumb","itemListElement":[{"@type":"ListItem","position":1,"name":"Home","item":"https:\/\/dev6.erresse-shop.it\/"},{"@type":"ListItem","position":2,"name":"Shop","item":"https:\/\/dev6.erresse-shop.it\/shop\/"},{"@type":"ListItem","position":3,"name":"TAIT\u00d9 Garden of Beauty Green Sch\u00fcsseln 4 St\u00fcck"}]},{"@type":"WebSite","@id":"https:\/\/dev6.erresse-shop.it\/#website","url":"https:\/\/dev6.erresse-shop.it\/","name":"Erresse Shop","description":"","publisher":{"@id":"https:\/\/dev6.erresse-shop.it\/#organization"},"potentialAction":[{"@type":"SearchAction","target":{"@type":"EntryPoint","urlTemplate":"https:\/\/dev6.erresse-shop.it\/?s={search_term_string}"},"query-input":{"@type":"PropertyValueSpecification","valueRequired":true,"valueName":"search_term_string"}}],"inLanguage":"de"},{"@type":"Organization","@id":"https:\/\/dev6.erresse-shop.it\/#organization","name":"Erresse Shop","url":"https:\/\/dev6.erresse-shop.it\/","logo":{"@type":"ImageObject","inLanguage":"de","@id":"https:\/\/dev6.erresse-shop.it\/#\/schema\/logo\/image\/","url":"https:\/\/dev6.erresse-shop.it\/wp-content\/uploads\/2025\/01\/LOGO-ERRESSE-CLASSICO.svg","contentUrl":"https:\/\/dev6.erresse-shop.it\/wp-content\/uploads\/2025\/01\/LOGO-ERRESSE-CLASSICO.svg","caption":"Erresse Shop"},"image":{"@id":"https:\/\/dev6.erresse-shop.it\/#\/schema\/logo\/image\/"}}]}},"df_price":56,"df_sale_price":56,"df_regular_price":60,"df_image_link":"https:\/\/i1.wp.com\/interpim.erresse-shop.it\/img-catalogo\/taitu\/taitu-garden-of-beauty-green-ciotoline-4-pezzi.jpg?resize=300,300&ssl=1","fifu_image_url":"https:\/\/interpim.erresse-shop.it\/img-catalogo\/taitu\/taitu-garden-of-beauty-green-ciotoline-4-pezzi.jpg","_links":{"self":[{"href":"https:\/\/dev6.erresse-shop.it\/de\/wp-json\/wp\/v2\/product\/56530","targetHints":{"allow":["GET"]}}],"collection":[{"href":"https:\/\/dev6.erresse-shop.it\/de\/wp-json\/wp\/v2\/product"}],"about":[{"href":"https:\/\/dev6.erresse-shop.it\/de\/wp-json\/wp\/v2\/types\/product"}],"wp:featuredmedia":[{"embeddable":true,"href":"https:\/\/dev6.erresse-shop.it\/de\/wp-json\/wp\/v2\/media\/6330307"}],"wp:attachment":[{"href":"https:\/\/dev6.erresse-shop.it\/de\/wp-json\/wp\/v2\/media?parent=56530"}],"wp:term":[{"taxonomy":"product_cat","embeddable":true,"href":"https:\/\/dev6.erresse-shop.it\/de\/wp-json\/wp\/v2\/product_cat?post=56530"},{"taxonomy":"product_tag","embeddable":true,"href":"https:\/\/dev6.erresse-shop.it\/de\/wp-json\/wp\/v2\/product_tag?post=56530"}],"curies":[{"name":"wp","href":"https:\/\/api.w.org\/{rel}","templated":true}]}}