{"id":56446,"date":"2026-04-12T12:11:46","date_gmt":"2026-04-12T10:11:46","guid":{"rendered":"https:\/\/dev6.erresse-shop.it\/shop\/unkategorisiert\/le-creuset-evolution-oel-und-essig-set-orange\/"},"modified":"2025-09-14T02:31:50","modified_gmt":"2025-09-14T00:31:50","slug":"le-creuset-evolution-oel-und-essig-set-orange","status":"publish","type":"product","link":"https:\/\/dev6.erresse-shop.it\/de\/shop\/tisch\/oel-essig-salz\/le-creuset-evolution-oel-und-essig-set-orange\/","title":{"rendered":"LE CREUSET Evolution \u00d6l- und Essig-Set Orange"},"content":{"rendered":"<p>Egal, ob Sie einen Salat anrichten oder einen Spritzer \u00d6l in eine hei\u00dfe Pfanne geben, dieses Steingut-Set ist f\u00fcr jeden Einsatz perfekt. Enth\u00e4lt eine Flasche mit Le Creuset-Logo und eine ohne Flasche zur einfachen Identifizierung sowie Edelstahlausgie\u00dfer f\u00fcr pr\u00e4zises Ausgie\u00dfen.<\/p>\n<p style=\"text-align: justify;\">Produktdetails:<\/p>\n<p class=\"mb-3\">Immer auf dem neuesten Stand: Unser Steinzeug ist kratzfest und leicht zu reinigen.<\/p>\n<p class=\"mb-3\">Perfekte Struktur: Unsere Produkte aus verglastem Steinzeug bestehen aus hochwertiger Keramik und halten gleichm\u00e4\u00dfige Temperaturen aufrecht und garantieren langfristig Best\u00e4ndigkeit und Haltbarkeit.<\/p>\n<p class=\"mb-3\">Eine moderne Ikone: Mit dem charakteristischen Drei-Kreis-Motiv passt dieses Produkt zu unseren ikonischen Kokotten aus verglastem Gusseisen und ist die perfekte Erg\u00e4nzung Ihrer Le\u00a0Creuset-Kollektion.<\/p>\n<p class=\"mb-3\">Geeignet f\u00fcr Hitze und K\u00e4lte: Unser Steinzeug ist temperaturbest\u00e4ndig von -23\u00a0\u00b0C bis &#43;260\u00a0\u00b0C.<\/p>\n<p class=\"mb-3\">Beste seiner Klasse: Unsere Produkte werden aus den besten Materialien in Fabriken auf der ganzen Welt hergestellt, um die Qualit\u00e4t zu gew\u00e4hrleisten, die Sie von Le Creuset erwarten.<\/p>\n<p>Material: Verglastes Steinzeug<br \/>\nHergestellt in: Thailand<br \/>\nGarantie: 10 Jahre<\/p>\n<p>Fassungsverm\u00f6gen: 0,3 l<\/p>\n<p>Reinigung und Pflege:<\/p>\n<p>Von Hand waschen und trocknen. Oder geben Sie Ihr Steinzeugprodukt f\u00fcr einen kompletten Sp\u00fclgang in die Sp\u00fclmaschine.<\/p>\n","protected":false},"excerpt":{"rendered":"<p>Egal, ob Sie einen Salat anrichten oder einen Spritzer \u00d6l in eine hei\u00dfe Pfanne geben, dieses Steingut-Set ist f\u00fcr jeden Einsatz perfekt. Enth\u00e4lt eine Flasche mit Le Creuset-Logo und eine ohne Flasche zur einfachen Identifizierung sowie Edelstahlausgie\u00dfer f\u00fcr pr\u00e4zises Ausgie\u00dfen. Produktdetails: Immer auf dem neuesten Stand: Unser Steinzeug ist kratzfest und leicht zu reinigen. Perfekte [&hellip;]<\/p>\n","protected":false},"featured_media":6371513,"template":"","meta":{"_acf_changed":false},"product_cat":[12152,11671,12103],"product_tag":[],"class_list":{"0":"post-56446","1":"product","2":"type-product","3":"status-publish","4":"has-post-thumbnail","6":"product_cat-oel-essig-salz","7":"product_cat-tavola","8":"product_cat-tisch","10":"first","11":"instock","12":"sale","13":"taxable","14":"shipping-taxable","15":"purchasable","16":"product-type-simple","swatches":"rey-swatches","show_selected":"","stretch_labels":"rey-swatches--stretch-labels"},"acf":[],"yoast_head":"<!-- This site is optimized with the Yoast SEO plugin v25.4 - https:\/\/yoast.com\/wordpress\/plugins\/seo\/ -->\n<title>LE CREUSET Evolution \u00d6l- und Essig-Set Orange - dev6 Erresse<\/title>\n<meta name=\"description\" content=\"Egal, ob Sie einen Salat anrichten oder einen Spritzer \u00d6l in eine hei\u00dfe Pfanne geben, dieses Steingut-Set ist f\u00fcr jeden Einsatz perfekt. Enth\u00e4lt eine\" \/>\n<meta name=\"robots\" content=\"noindex, follow, max-snippet:-1, max-image-preview:large, max-video-preview:-1\" \/>\n<meta property=\"og:locale\" content=\"de_DE\" \/>\n<meta property=\"og:type\" content=\"article\" \/>\n<meta property=\"og:title\" content=\"LE CREUSET Evolution \u00d6l- und Essig-Set Orange - dev6 Erresse\" \/>\n<meta property=\"og:description\" content=\"Egal, ob Sie einen Salat anrichten oder einen Spritzer \u00d6l in eine hei\u00dfe Pfanne geben, dieses Steingut-Set ist f\u00fcr jeden Einsatz perfekt. Enth\u00e4lt eine\" \/>\n<meta property=\"og:url\" content=\"https:\/\/dev6.erresse-shop.it\/de\/shop\/tisch\/oel-essig-salz\/le-creuset-evolution-oel-und-essig-set-orange\/\" \/>\n<meta property=\"og:site_name\" content=\"dev6 Erresse\" \/>\n<meta property=\"og:image\" content=\"https:\/\/interpim.erresse-shop.it\/Import\/Prodotti\/le-creuset-set-olio-e-aceto-evolution-arancio.jpg\" \/><meta property=\"og:image\" content=\"https:\/\/interpim.erresse-shop.it\/Import\/Prodotti\/le-creuset-set-olio-e-aceto-evolution-arancio.jpg\" \/>\n\t<meta property=\"og:image:width\" content=\"1024\" \/>\n\t<meta property=\"og:image:height\" content=\"1024\" \/>\n\t<meta property=\"og:image:type\" content=\"image\/jpeg\" \/>\n<meta name=\"twitter:card\" content=\"summary_large_image\" \/>\n<meta name=\"twitter:image\" content=\"https:\/\/interpim.erresse-shop.it\/Import\/Prodotti\/le-creuset-set-olio-e-aceto-evolution-arancio.jpg\" \/>\n<script type=\"application\/ld+json\" class=\"yoast-schema-graph\">{\"@context\":\"https:\/\/schema.org\",\"@graph\":[{\"@type\":\"WebPage\",\"@id\":\"https:\/\/dev6.erresse-shop.it\/de\/shop\/tisch\/oel-essig-salz\/le-creuset-evolution-oel-und-essig-set-orange\/\",\"url\":\"https:\/\/dev6.erresse-shop.it\/de\/shop\/tisch\/oel-essig-salz\/le-creuset-evolution-oel-und-essig-set-orange\/\",\"name\":\"LE CREUSET Evolution \u00d6l- und Essig-Set Orange - dev6 Erresse\",\"isPartOf\":{\"@id\":\"https:\/\/dev6.erresse-shop.it\/#website\"},\"primaryImageOfPage\":{\"@id\":\"https:\/\/dev6.erresse-shop.it\/de\/shop\/tisch\/oel-essig-salz\/le-creuset-evolution-oel-und-essig-set-orange\/#primaryimage\"},\"image\":{\"@id\":\"https:\/\/dev6.erresse-shop.it\/de\/shop\/tisch\/oel-essig-salz\/le-creuset-evolution-oel-und-essig-set-orange\/#primaryimage\"},\"thumbnailUrl\":\"https:\/\/i2.wp.com\/interpim.erresse-shop.it\/Import\/Prodotti\/le-creuset-set-olio-e-aceto-evolution-arancio.jpg?ssl=1\",\"datePublished\":\"2026-04-12T10:11:46+00:00\",\"description\":\"Egal, ob Sie einen Salat anrichten oder einen Spritzer \u00d6l in eine hei\u00dfe Pfanne geben, dieses Steingut-Set ist f\u00fcr jeden Einsatz perfekt. Enth\u00e4lt eine\",\"breadcrumb\":{\"@id\":\"https:\/\/dev6.erresse-shop.it\/de\/shop\/tisch\/oel-essig-salz\/le-creuset-evolution-oel-und-essig-set-orange\/#breadcrumb\"},\"inLanguage\":\"de\",\"potentialAction\":[{\"@type\":\"ReadAction\",\"target\":[\"https:\/\/dev6.erresse-shop.it\/de\/shop\/tisch\/oel-essig-salz\/le-creuset-evolution-oel-und-essig-set-orange\/\"]}]},{\"@type\":\"ImageObject\",\"inLanguage\":\"de\",\"@id\":\"https:\/\/dev6.erresse-shop.it\/de\/shop\/tisch\/oel-essig-salz\/le-creuset-evolution-oel-und-essig-set-orange\/#primaryimage\",\"url\":\"https:\/\/i2.wp.com\/interpim.erresse-shop.it\/Import\/Prodotti\/le-creuset-set-olio-e-aceto-evolution-arancio.jpg?ssl=1\",\"contentUrl\":\"https:\/\/i2.wp.com\/interpim.erresse-shop.it\/Import\/Prodotti\/le-creuset-set-olio-e-aceto-evolution-arancio.jpg?ssl=1\"},{\"@type\":\"BreadcrumbList\",\"@id\":\"https:\/\/dev6.erresse-shop.it\/de\/shop\/tisch\/oel-essig-salz\/le-creuset-evolution-oel-und-essig-set-orange\/#breadcrumb\",\"itemListElement\":[{\"@type\":\"ListItem\",\"position\":1,\"name\":\"Home\",\"item\":\"https:\/\/dev6.erresse-shop.it\/\"},{\"@type\":\"ListItem\",\"position\":2,\"name\":\"Shop\",\"item\":\"https:\/\/dev6.erresse-shop.it\/shop\/\"},{\"@type\":\"ListItem\",\"position\":3,\"name\":\"LE CREUSET Evolution \u00d6l- und Essig-Set Orange\"}]},{\"@type\":\"WebSite\",\"@id\":\"https:\/\/dev6.erresse-shop.it\/#website\",\"url\":\"https:\/\/dev6.erresse-shop.it\/\",\"name\":\"Erresse Shop\",\"description\":\"\",\"publisher\":{\"@id\":\"https:\/\/dev6.erresse-shop.it\/#organization\"},\"potentialAction\":[{\"@type\":\"SearchAction\",\"target\":{\"@type\":\"EntryPoint\",\"urlTemplate\":\"https:\/\/dev6.erresse-shop.it\/?s={search_term_string}\"},\"query-input\":{\"@type\":\"PropertyValueSpecification\",\"valueRequired\":true,\"valueName\":\"search_term_string\"}}],\"inLanguage\":\"de\"},{\"@type\":\"Organization\",\"@id\":\"https:\/\/dev6.erresse-shop.it\/#organization\",\"name\":\"Erresse Shop\",\"url\":\"https:\/\/dev6.erresse-shop.it\/\",\"logo\":{\"@type\":\"ImageObject\",\"inLanguage\":\"de\",\"@id\":\"https:\/\/dev6.erresse-shop.it\/#\/schema\/logo\/image\/\",\"url\":\"https:\/\/dev6.erresse-shop.it\/wp-content\/uploads\/2025\/01\/LOGO-ERRESSE-CLASSICO.svg\",\"contentUrl\":\"https:\/\/dev6.erresse-shop.it\/wp-content\/uploads\/2025\/01\/LOGO-ERRESSE-CLASSICO.svg\",\"caption\":\"Erresse Shop\"},\"image\":{\"@id\":\"https:\/\/dev6.erresse-shop.it\/#\/schema\/logo\/image\/\"}}]}<\/script>\n<!-- \/ Yoast SEO plugin. -->","yoast_head_json":{"title":"LE CREUSET Evolution \u00d6l- und Essig-Set Orange - dev6 Erresse","description":"Egal, ob Sie einen Salat anrichten oder einen Spritzer \u00d6l in eine hei\u00dfe Pfanne geben, dieses Steingut-Set ist f\u00fcr jeden Einsatz perfekt. Enth\u00e4lt eine","robots":{"index":"noindex","follow":"follow","max-snippet":"max-snippet:-1","max-image-preview":"max-image-preview:large","max-video-preview":"max-video-preview:-1"},"og_locale":"de_DE","og_type":"article","og_title":"LE CREUSET Evolution \u00d6l- und Essig-Set Orange - dev6 Erresse","og_description":"Egal, ob Sie einen Salat anrichten oder einen Spritzer \u00d6l in eine hei\u00dfe Pfanne geben, dieses Steingut-Set ist f\u00fcr jeden Einsatz perfekt. Enth\u00e4lt eine","og_url":"https:\/\/dev6.erresse-shop.it\/de\/shop\/tisch\/oel-essig-salz\/le-creuset-evolution-oel-und-essig-set-orange\/","og_site_name":"dev6 Erresse","og_image":[{"url":"https:\/\/interpim.erresse-shop.it\/Import\/Prodotti\/le-creuset-set-olio-e-aceto-evolution-arancio.jpg","type":"","width":"","height":""},{"url":"https:\/\/interpim.erresse-shop.it\/Import\/Prodotti\/le-creuset-set-olio-e-aceto-evolution-arancio.jpg","width":1024,"height":1024,"type":"image\/jpeg"}],"twitter_card":"summary_large_image","twitter_image":"https:\/\/interpim.erresse-shop.it\/Import\/Prodotti\/le-creuset-set-olio-e-aceto-evolution-arancio.jpg","schema":{"@context":"https:\/\/schema.org","@graph":[{"@type":"WebPage","@id":"https:\/\/dev6.erresse-shop.it\/de\/shop\/tisch\/oel-essig-salz\/le-creuset-evolution-oel-und-essig-set-orange\/","url":"https:\/\/dev6.erresse-shop.it\/de\/shop\/tisch\/oel-essig-salz\/le-creuset-evolution-oel-und-essig-set-orange\/","name":"LE CREUSET Evolution \u00d6l- und Essig-Set Orange - dev6 Erresse","isPartOf":{"@id":"https:\/\/dev6.erresse-shop.it\/#website"},"primaryImageOfPage":{"@id":"https:\/\/dev6.erresse-shop.it\/de\/shop\/tisch\/oel-essig-salz\/le-creuset-evolution-oel-und-essig-set-orange\/#primaryimage"},"image":{"@id":"https:\/\/dev6.erresse-shop.it\/de\/shop\/tisch\/oel-essig-salz\/le-creuset-evolution-oel-und-essig-set-orange\/#primaryimage"},"thumbnailUrl":"https:\/\/i2.wp.com\/interpim.erresse-shop.it\/Import\/Prodotti\/le-creuset-set-olio-e-aceto-evolution-arancio.jpg?ssl=1","datePublished":"2026-04-12T10:11:46+00:00","description":"Egal, ob Sie einen Salat anrichten oder einen Spritzer \u00d6l in eine hei\u00dfe Pfanne geben, dieses Steingut-Set ist f\u00fcr jeden Einsatz perfekt. Enth\u00e4lt eine","breadcrumb":{"@id":"https:\/\/dev6.erresse-shop.it\/de\/shop\/tisch\/oel-essig-salz\/le-creuset-evolution-oel-und-essig-set-orange\/#breadcrumb"},"inLanguage":"de","potentialAction":[{"@type":"ReadAction","target":["https:\/\/dev6.erresse-shop.it\/de\/shop\/tisch\/oel-essig-salz\/le-creuset-evolution-oel-und-essig-set-orange\/"]}]},{"@type":"ImageObject","inLanguage":"de","@id":"https:\/\/dev6.erresse-shop.it\/de\/shop\/tisch\/oel-essig-salz\/le-creuset-evolution-oel-und-essig-set-orange\/#primaryimage","url":"https:\/\/i2.wp.com\/interpim.erresse-shop.it\/Import\/Prodotti\/le-creuset-set-olio-e-aceto-evolution-arancio.jpg?ssl=1","contentUrl":"https:\/\/i2.wp.com\/interpim.erresse-shop.it\/Import\/Prodotti\/le-creuset-set-olio-e-aceto-evolution-arancio.jpg?ssl=1"},{"@type":"BreadcrumbList","@id":"https:\/\/dev6.erresse-shop.it\/de\/shop\/tisch\/oel-essig-salz\/le-creuset-evolution-oel-und-essig-set-orange\/#breadcrumb","itemListElement":[{"@type":"ListItem","position":1,"name":"Home","item":"https:\/\/dev6.erresse-shop.it\/"},{"@type":"ListItem","position":2,"name":"Shop","item":"https:\/\/dev6.erresse-shop.it\/shop\/"},{"@type":"ListItem","position":3,"name":"LE CREUSET Evolution \u00d6l- und Essig-Set Orange"}]},{"@type":"WebSite","@id":"https:\/\/dev6.erresse-shop.it\/#website","url":"https:\/\/dev6.erresse-shop.it\/","name":"Erresse Shop","description":"","publisher":{"@id":"https:\/\/dev6.erresse-shop.it\/#organization"},"potentialAction":[{"@type":"SearchAction","target":{"@type":"EntryPoint","urlTemplate":"https:\/\/dev6.erresse-shop.it\/?s={search_term_string}"},"query-input":{"@type":"PropertyValueSpecification","valueRequired":true,"valueName":"search_term_string"}}],"inLanguage":"de"},{"@type":"Organization","@id":"https:\/\/dev6.erresse-shop.it\/#organization","name":"Erresse Shop","url":"https:\/\/dev6.erresse-shop.it\/","logo":{"@type":"ImageObject","inLanguage":"de","@id":"https:\/\/dev6.erresse-shop.it\/#\/schema\/logo\/image\/","url":"https:\/\/dev6.erresse-shop.it\/wp-content\/uploads\/2025\/01\/LOGO-ERRESSE-CLASSICO.svg","contentUrl":"https:\/\/dev6.erresse-shop.it\/wp-content\/uploads\/2025\/01\/LOGO-ERRESSE-CLASSICO.svg","caption":"Erresse Shop"},"image":{"@id":"https:\/\/dev6.erresse-shop.it\/#\/schema\/logo\/image\/"}}]}},"df_price":47.95,"df_sale_price":47.95,"df_regular_price":50,"df_image_link":"https:\/\/i2.wp.com\/interpim.erresse-shop.it\/Import\/Prodotti\/le-creuset-set-olio-e-aceto-evolution-arancio.jpg?resize=300,300&ssl=1","fifu_image_url":"https:\/\/interpim.erresse-shop.it\/Import\/Prodotti\/le-creuset-set-olio-e-aceto-evolution-arancio.jpg","_links":{"self":[{"href":"https:\/\/dev6.erresse-shop.it\/de\/wp-json\/wp\/v2\/product\/56446","targetHints":{"allow":["GET"]}}],"collection":[{"href":"https:\/\/dev6.erresse-shop.it\/de\/wp-json\/wp\/v2\/product"}],"about":[{"href":"https:\/\/dev6.erresse-shop.it\/de\/wp-json\/wp\/v2\/types\/product"}],"wp:featuredmedia":[{"embeddable":true,"href":"https:\/\/dev6.erresse-shop.it\/de\/wp-json\/wp\/v2\/media\/6371513"}],"wp:attachment":[{"href":"https:\/\/dev6.erresse-shop.it\/de\/wp-json\/wp\/v2\/media?parent=56446"}],"wp:term":[{"taxonomy":"product_cat","embeddable":true,"href":"https:\/\/dev6.erresse-shop.it\/de\/wp-json\/wp\/v2\/product_cat?post=56446"},{"taxonomy":"product_tag","embeddable":true,"href":"https:\/\/dev6.erresse-shop.it\/de\/wp-json\/wp\/v2\/product_tag?post=56446"}],"curies":[{"name":"wp","href":"https:\/\/api.w.org\/{rel}","templated":true}]}}