{"id":56430,"date":"2026-04-12T12:11:46","date_gmt":"2026-04-12T10:11:46","guid":{"rendered":"https:\/\/dev6.erresse-shop.it\/shop\/unkategorisiert\/le-creuset-korkenzieher-amico-del-sommelier-premium-edelstahl\/"},"modified":"2025-09-14T02:31:13","modified_gmt":"2025-09-14T00:31:13","slug":"le-creuset-korkenzieher-amico-del-sommelier-premium-edelstahl","status":"publish","type":"product","link":"https:\/\/dev6.erresse-shop.it\/de\/shop\/tisch\/weinbar-korkenzieher-dekanter-eiskubel\/le-creuset-korkenzieher-amico-del-sommelier-premium-edelstahl\/","title":{"rendered":"LE CREUSET Korkenzieher Amico del Sommelier Premium Edelstahl"},"content":{"rendered":"<p class=\"mb-3\" style=\"text-align: justify;\">Verhalten Sie sich wie ein echter Sommelier mit diesem eleganten Taschen-Kellnerkorkenzieher. Es ist ein Favorit unter Weinliebhabern und Profis, die es dank seiner innovativen schnellen und m\u00fchelosen \u00d6ffnung in einem Schritt noch mehr zu sch\u00e4tzen wissen. Neben seinem ergonomischen Edelstahlgriff verf\u00fcgt dieses Multifunktionswerkzeug auch \u00fcber einen klappbaren Folienschneider und einen integrierten Flaschen\u00f6ffner.<\/p>\n<p class=\"mb-3\">Beste seiner Klasse: Unsere Produkte werden aus den besten Materialien in Fabriken auf der ganzen Welt hergestellt, um die Qualit\u00e4t zu gew\u00e4hrleisten, die Sie von Le\u00a0Creuset erwarten.<\/p>\n<p>Material: Edelstahl<br \/>\nIn China hergestellt<\/p>\n<p>Reinigung und Pflege:<\/p>\n<p>Seien Sie beim Reinigen des Korkenziehers vorsichtig: Die Spitze ist scharf!<br \/>\nReinigen Sie den Korkenzieher gelegentlich mit einem feuchten Tuch oder warmem Seifenwasser.<br \/>\nTrocknen Sie das Produkt nach dem Waschen sorgf\u00e4ltig ab und lagern Sie es an einem trockenen Ort.<\/p>\n","protected":false},"excerpt":{"rendered":"<p>Verhalten Sie sich wie ein echter Sommelier mit diesem eleganten Taschen-Kellnerkorkenzieher. Es ist ein Favorit unter Weinliebhabern und Profis, die es dank seiner innovativen schnellen und m\u00fchelosen \u00d6ffnung in einem Schritt noch mehr zu sch\u00e4tzen wissen. Neben seinem ergonomischen Edelstahlgriff verf\u00fcgt dieses Multifunktionswerkzeug auch \u00fcber einen klappbaren Folienschneider und einen integrierten Flaschen\u00f6ffner. Beste seiner Klasse: [&hellip;]<\/p>\n","protected":false},"featured_media":6371445,"template":"","meta":{"_acf_changed":false},"product_cat":[12103,12177],"product_tag":[],"class_list":{"0":"post-56430","1":"product","2":"type-product","3":"status-publish","4":"has-post-thumbnail","6":"product_cat-tisch","7":"product_cat-weinbar-korkenzieher-dekanter-eiskubel","9":"first","10":"instock","11":"taxable","12":"shipping-taxable","13":"purchasable","14":"product-type-simple","swatches":"rey-swatches","show_selected":"","stretch_labels":"rey-swatches--stretch-labels"},"acf":[],"yoast_head":"<!-- This site is optimized with the Yoast SEO plugin v25.4 - https:\/\/yoast.com\/wordpress\/plugins\/seo\/ -->\n<title>LE CREUSET Korkenzieher Amico del Sommelier Premium Edelstahl - dev6 Erresse<\/title>\n<meta name=\"description\" content=\"Verhalten Sie sich wie ein echter Sommelier mit diesem eleganten Taschen-Kellnerkorkenzieher. Es ist ein Favorit unter Weinliebhabern und Profis, die es\" \/>\n<meta name=\"robots\" content=\"noindex, follow, max-snippet:-1, max-image-preview:large, max-video-preview:-1\" \/>\n<meta property=\"og:locale\" content=\"de_DE\" \/>\n<meta property=\"og:type\" content=\"article\" \/>\n<meta property=\"og:title\" content=\"LE CREUSET Korkenzieher Amico del Sommelier Premium Edelstahl - dev6 Erresse\" \/>\n<meta property=\"og:description\" content=\"Verhalten Sie sich wie ein echter Sommelier mit diesem eleganten Taschen-Kellnerkorkenzieher. Es ist ein Favorit unter Weinliebhabern und Profis, die es\" \/>\n<meta property=\"og:url\" content=\"https:\/\/dev6.erresse-shop.it\/de\/shop\/tisch\/weinbar-korkenzieher-dekanter-eiskubel\/le-creuset-korkenzieher-amico-del-sommelier-premium-edelstahl\/\" \/>\n<meta property=\"og:site_name\" content=\"dev6 Erresse\" \/>\n<meta property=\"og:image\" content=\"https:\/\/interpim.erresse-shop.it\/Import\/Prodotti\/le-creuset-cavatappi-amico-del-sommelier-premium-acciaio.jpg\" \/><meta property=\"og:image\" content=\"https:\/\/interpim.erresse-shop.it\/Import\/Prodotti\/le-creuset-cavatappi-amico-del-sommelier-premium-acciaio.jpg\" \/>\n\t<meta property=\"og:image:width\" content=\"1024\" \/>\n\t<meta property=\"og:image:height\" content=\"1024\" \/>\n\t<meta property=\"og:image:type\" content=\"image\/jpeg\" \/>\n<meta name=\"twitter:card\" content=\"summary_large_image\" \/>\n<meta name=\"twitter:image\" content=\"https:\/\/interpim.erresse-shop.it\/Import\/Prodotti\/le-creuset-cavatappi-amico-del-sommelier-premium-acciaio.jpg\" \/>\n<script type=\"application\/ld+json\" class=\"yoast-schema-graph\">{\"@context\":\"https:\/\/schema.org\",\"@graph\":[{\"@type\":\"WebPage\",\"@id\":\"https:\/\/dev6.erresse-shop.it\/de\/shop\/tisch\/weinbar-korkenzieher-dekanter-eiskubel\/le-creuset-korkenzieher-amico-del-sommelier-premium-edelstahl\/\",\"url\":\"https:\/\/dev6.erresse-shop.it\/de\/shop\/tisch\/weinbar-korkenzieher-dekanter-eiskubel\/le-creuset-korkenzieher-amico-del-sommelier-premium-edelstahl\/\",\"name\":\"LE CREUSET Korkenzieher Amico del Sommelier Premium Edelstahl - dev6 Erresse\",\"isPartOf\":{\"@id\":\"https:\/\/dev6.erresse-shop.it\/#website\"},\"primaryImageOfPage\":{\"@id\":\"https:\/\/dev6.erresse-shop.it\/de\/shop\/tisch\/weinbar-korkenzieher-dekanter-eiskubel\/le-creuset-korkenzieher-amico-del-sommelier-premium-edelstahl\/#primaryimage\"},\"image\":{\"@id\":\"https:\/\/dev6.erresse-shop.it\/de\/shop\/tisch\/weinbar-korkenzieher-dekanter-eiskubel\/le-creuset-korkenzieher-amico-del-sommelier-premium-edelstahl\/#primaryimage\"},\"thumbnailUrl\":\"https:\/\/i3.wp.com\/interpim.erresse-shop.it\/Import\/Prodotti\/le-creuset-cavatappi-amico-del-sommelier-premium-acciaio.jpg?ssl=1\",\"datePublished\":\"2026-04-12T10:11:46+00:00\",\"description\":\"Verhalten Sie sich wie ein echter Sommelier mit diesem eleganten Taschen-Kellnerkorkenzieher. Es ist ein Favorit unter Weinliebhabern und Profis, die es\",\"breadcrumb\":{\"@id\":\"https:\/\/dev6.erresse-shop.it\/de\/shop\/tisch\/weinbar-korkenzieher-dekanter-eiskubel\/le-creuset-korkenzieher-amico-del-sommelier-premium-edelstahl\/#breadcrumb\"},\"inLanguage\":\"de\",\"potentialAction\":[{\"@type\":\"ReadAction\",\"target\":[\"https:\/\/dev6.erresse-shop.it\/de\/shop\/tisch\/weinbar-korkenzieher-dekanter-eiskubel\/le-creuset-korkenzieher-amico-del-sommelier-premium-edelstahl\/\"]}]},{\"@type\":\"ImageObject\",\"inLanguage\":\"de\",\"@id\":\"https:\/\/dev6.erresse-shop.it\/de\/shop\/tisch\/weinbar-korkenzieher-dekanter-eiskubel\/le-creuset-korkenzieher-amico-del-sommelier-premium-edelstahl\/#primaryimage\",\"url\":\"https:\/\/i3.wp.com\/interpim.erresse-shop.it\/Import\/Prodotti\/le-creuset-cavatappi-amico-del-sommelier-premium-acciaio.jpg?ssl=1\",\"contentUrl\":\"https:\/\/i3.wp.com\/interpim.erresse-shop.it\/Import\/Prodotti\/le-creuset-cavatappi-amico-del-sommelier-premium-acciaio.jpg?ssl=1\"},{\"@type\":\"BreadcrumbList\",\"@id\":\"https:\/\/dev6.erresse-shop.it\/de\/shop\/tisch\/weinbar-korkenzieher-dekanter-eiskubel\/le-creuset-korkenzieher-amico-del-sommelier-premium-edelstahl\/#breadcrumb\",\"itemListElement\":[{\"@type\":\"ListItem\",\"position\":1,\"name\":\"Home\",\"item\":\"https:\/\/dev6.erresse-shop.it\/\"},{\"@type\":\"ListItem\",\"position\":2,\"name\":\"Shop\",\"item\":\"https:\/\/dev6.erresse-shop.it\/shop\/\"},{\"@type\":\"ListItem\",\"position\":3,\"name\":\"LE CREUSET Korkenzieher Amico del Sommelier Premium Edelstahl\"}]},{\"@type\":\"WebSite\",\"@id\":\"https:\/\/dev6.erresse-shop.it\/#website\",\"url\":\"https:\/\/dev6.erresse-shop.it\/\",\"name\":\"Erresse Shop\",\"description\":\"\",\"publisher\":{\"@id\":\"https:\/\/dev6.erresse-shop.it\/#organization\"},\"potentialAction\":[{\"@type\":\"SearchAction\",\"target\":{\"@type\":\"EntryPoint\",\"urlTemplate\":\"https:\/\/dev6.erresse-shop.it\/?s={search_term_string}\"},\"query-input\":{\"@type\":\"PropertyValueSpecification\",\"valueRequired\":true,\"valueName\":\"search_term_string\"}}],\"inLanguage\":\"de\"},{\"@type\":\"Organization\",\"@id\":\"https:\/\/dev6.erresse-shop.it\/#organization\",\"name\":\"Erresse Shop\",\"url\":\"https:\/\/dev6.erresse-shop.it\/\",\"logo\":{\"@type\":\"ImageObject\",\"inLanguage\":\"de\",\"@id\":\"https:\/\/dev6.erresse-shop.it\/#\/schema\/logo\/image\/\",\"url\":\"https:\/\/dev6.erresse-shop.it\/wp-content\/uploads\/2025\/01\/LOGO-ERRESSE-CLASSICO.svg\",\"contentUrl\":\"https:\/\/dev6.erresse-shop.it\/wp-content\/uploads\/2025\/01\/LOGO-ERRESSE-CLASSICO.svg\",\"caption\":\"Erresse Shop\"},\"image\":{\"@id\":\"https:\/\/dev6.erresse-shop.it\/#\/schema\/logo\/image\/\"}}]}<\/script>\n<!-- \/ Yoast SEO plugin. -->","yoast_head_json":{"title":"LE CREUSET Korkenzieher Amico del Sommelier Premium Edelstahl - dev6 Erresse","description":"Verhalten Sie sich wie ein echter Sommelier mit diesem eleganten Taschen-Kellnerkorkenzieher. Es ist ein Favorit unter Weinliebhabern und Profis, die es","robots":{"index":"noindex","follow":"follow","max-snippet":"max-snippet:-1","max-image-preview":"max-image-preview:large","max-video-preview":"max-video-preview:-1"},"og_locale":"de_DE","og_type":"article","og_title":"LE CREUSET Korkenzieher Amico del Sommelier Premium Edelstahl - dev6 Erresse","og_description":"Verhalten Sie sich wie ein echter Sommelier mit diesem eleganten Taschen-Kellnerkorkenzieher. Es ist ein Favorit unter Weinliebhabern und Profis, die es","og_url":"https:\/\/dev6.erresse-shop.it\/de\/shop\/tisch\/weinbar-korkenzieher-dekanter-eiskubel\/le-creuset-korkenzieher-amico-del-sommelier-premium-edelstahl\/","og_site_name":"dev6 Erresse","og_image":[{"url":"https:\/\/interpim.erresse-shop.it\/Import\/Prodotti\/le-creuset-cavatappi-amico-del-sommelier-premium-acciaio.jpg","type":"","width":"","height":""},{"url":"https:\/\/interpim.erresse-shop.it\/Import\/Prodotti\/le-creuset-cavatappi-amico-del-sommelier-premium-acciaio.jpg","width":1024,"height":1024,"type":"image\/jpeg"}],"twitter_card":"summary_large_image","twitter_image":"https:\/\/interpim.erresse-shop.it\/Import\/Prodotti\/le-creuset-cavatappi-amico-del-sommelier-premium-acciaio.jpg","schema":{"@context":"https:\/\/schema.org","@graph":[{"@type":"WebPage","@id":"https:\/\/dev6.erresse-shop.it\/de\/shop\/tisch\/weinbar-korkenzieher-dekanter-eiskubel\/le-creuset-korkenzieher-amico-del-sommelier-premium-edelstahl\/","url":"https:\/\/dev6.erresse-shop.it\/de\/shop\/tisch\/weinbar-korkenzieher-dekanter-eiskubel\/le-creuset-korkenzieher-amico-del-sommelier-premium-edelstahl\/","name":"LE CREUSET Korkenzieher Amico del Sommelier Premium Edelstahl - dev6 Erresse","isPartOf":{"@id":"https:\/\/dev6.erresse-shop.it\/#website"},"primaryImageOfPage":{"@id":"https:\/\/dev6.erresse-shop.it\/de\/shop\/tisch\/weinbar-korkenzieher-dekanter-eiskubel\/le-creuset-korkenzieher-amico-del-sommelier-premium-edelstahl\/#primaryimage"},"image":{"@id":"https:\/\/dev6.erresse-shop.it\/de\/shop\/tisch\/weinbar-korkenzieher-dekanter-eiskubel\/le-creuset-korkenzieher-amico-del-sommelier-premium-edelstahl\/#primaryimage"},"thumbnailUrl":"https:\/\/i3.wp.com\/interpim.erresse-shop.it\/Import\/Prodotti\/le-creuset-cavatappi-amico-del-sommelier-premium-acciaio.jpg?ssl=1","datePublished":"2026-04-12T10:11:46+00:00","description":"Verhalten Sie sich wie ein echter Sommelier mit diesem eleganten Taschen-Kellnerkorkenzieher. Es ist ein Favorit unter Weinliebhabern und Profis, die es","breadcrumb":{"@id":"https:\/\/dev6.erresse-shop.it\/de\/shop\/tisch\/weinbar-korkenzieher-dekanter-eiskubel\/le-creuset-korkenzieher-amico-del-sommelier-premium-edelstahl\/#breadcrumb"},"inLanguage":"de","potentialAction":[{"@type":"ReadAction","target":["https:\/\/dev6.erresse-shop.it\/de\/shop\/tisch\/weinbar-korkenzieher-dekanter-eiskubel\/le-creuset-korkenzieher-amico-del-sommelier-premium-edelstahl\/"]}]},{"@type":"ImageObject","inLanguage":"de","@id":"https:\/\/dev6.erresse-shop.it\/de\/shop\/tisch\/weinbar-korkenzieher-dekanter-eiskubel\/le-creuset-korkenzieher-amico-del-sommelier-premium-edelstahl\/#primaryimage","url":"https:\/\/i3.wp.com\/interpim.erresse-shop.it\/Import\/Prodotti\/le-creuset-cavatappi-amico-del-sommelier-premium-acciaio.jpg?ssl=1","contentUrl":"https:\/\/i3.wp.com\/interpim.erresse-shop.it\/Import\/Prodotti\/le-creuset-cavatappi-amico-del-sommelier-premium-acciaio.jpg?ssl=1"},{"@type":"BreadcrumbList","@id":"https:\/\/dev6.erresse-shop.it\/de\/shop\/tisch\/weinbar-korkenzieher-dekanter-eiskubel\/le-creuset-korkenzieher-amico-del-sommelier-premium-edelstahl\/#breadcrumb","itemListElement":[{"@type":"ListItem","position":1,"name":"Home","item":"https:\/\/dev6.erresse-shop.it\/"},{"@type":"ListItem","position":2,"name":"Shop","item":"https:\/\/dev6.erresse-shop.it\/shop\/"},{"@type":"ListItem","position":3,"name":"LE CREUSET Korkenzieher Amico del Sommelier Premium Edelstahl"}]},{"@type":"WebSite","@id":"https:\/\/dev6.erresse-shop.it\/#website","url":"https:\/\/dev6.erresse-shop.it\/","name":"Erresse Shop","description":"","publisher":{"@id":"https:\/\/dev6.erresse-shop.it\/#organization"},"potentialAction":[{"@type":"SearchAction","target":{"@type":"EntryPoint","urlTemplate":"https:\/\/dev6.erresse-shop.it\/?s={search_term_string}"},"query-input":{"@type":"PropertyValueSpecification","valueRequired":true,"valueName":"search_term_string"}}],"inLanguage":"de"},{"@type":"Organization","@id":"https:\/\/dev6.erresse-shop.it\/#organization","name":"Erresse Shop","url":"https:\/\/dev6.erresse-shop.it\/","logo":{"@type":"ImageObject","inLanguage":"de","@id":"https:\/\/dev6.erresse-shop.it\/#\/schema\/logo\/image\/","url":"https:\/\/dev6.erresse-shop.it\/wp-content\/uploads\/2025\/01\/LOGO-ERRESSE-CLASSICO.svg","contentUrl":"https:\/\/dev6.erresse-shop.it\/wp-content\/uploads\/2025\/01\/LOGO-ERRESSE-CLASSICO.svg","caption":"Erresse Shop"},"image":{"@id":"https:\/\/dev6.erresse-shop.it\/#\/schema\/logo\/image\/"}}]}},"df_price":49,"df_sale_price":"","df_regular_price":49,"df_image_link":"https:\/\/i3.wp.com\/interpim.erresse-shop.it\/Import\/Prodotti\/le-creuset-cavatappi-amico-del-sommelier-premium-acciaio.jpg?resize=300,300&ssl=1","fifu_image_url":"https:\/\/interpim.erresse-shop.it\/Import\/Prodotti\/le-creuset-cavatappi-amico-del-sommelier-premium-acciaio.jpg","_links":{"self":[{"href":"https:\/\/dev6.erresse-shop.it\/de\/wp-json\/wp\/v2\/product\/56430","targetHints":{"allow":["GET"]}}],"collection":[{"href":"https:\/\/dev6.erresse-shop.it\/de\/wp-json\/wp\/v2\/product"}],"about":[{"href":"https:\/\/dev6.erresse-shop.it\/de\/wp-json\/wp\/v2\/types\/product"}],"wp:featuredmedia":[{"embeddable":true,"href":"https:\/\/dev6.erresse-shop.it\/de\/wp-json\/wp\/v2\/media\/6371445"}],"wp:attachment":[{"href":"https:\/\/dev6.erresse-shop.it\/de\/wp-json\/wp\/v2\/media?parent=56430"}],"wp:term":[{"taxonomy":"product_cat","embeddable":true,"href":"https:\/\/dev6.erresse-shop.it\/de\/wp-json\/wp\/v2\/product_cat?post=56430"},{"taxonomy":"product_tag","embeddable":true,"href":"https:\/\/dev6.erresse-shop.it\/de\/wp-json\/wp\/v2\/product_tag?post=56430"}],"curies":[{"name":"wp","href":"https:\/\/api.w.org\/{rel}","templated":true}]}}