{"id":56406,"date":"2026-04-04T12:06:40","date_gmt":"2026-04-04T10:06:40","guid":{"rendered":"https:\/\/dev6.erresse-shop.it\/shop\/unkategorisiert\/le-creuset-kuerbisteller-23-cm-orange\/"},"modified":"2025-09-14T02:30:20","modified_gmt":"2025-09-14T00:30:20","slug":"le-creuset-kuerbisteller-23-cm-orange","status":"publish","type":"product","link":"https:\/\/dev6.erresse-shop.it\/de\/shop\/tisch\/teller-geschirr\/le-creuset-kuerbisteller-23-cm-orange\/","title":{"rendered":"LE CREUSET K\u00fcrbisteller 23 cm Orange"},"content":{"rendered":"<p>Haben Sie eine Halloween-Party organisiert oder m\u00f6chten Sie einfach nur eine warme, saisonale Atmosph\u00e4re zu Hause schaffen? Diese mittelgro\u00dfe Steinzeugplatte ist ein Must-Have f\u00fcr den Herbst. In bezaubernder K\u00fcrbisform gefertigt, schafft es sofort eine Atmosph\u00e4re der Harmonie und Ruhe. Servieren Sie damit jede beliebige Delikatesse, egal ob s\u00fc\u00df oder herzhaft.<\/p>\n<p class=\"mb-3\">Immer auf dem neuesten Stand: Unser Steinzeug ist kratzfest und leicht zu reinigen.<\/p>\n<p class=\"mb-3\">Perfekte Struktur: Unsere Produkte aus verglastem Steingut bestehen aus hochwertiger Keramik und halten gleichm\u00e4\u00dfige Temperaturen aufrecht und garantieren Widerstandsf\u00e4higkeit und Haltbarkeit im Laufe der Zeit.<\/p>\n<p class=\"mb-3\">Geeignet f\u00fcr Hitze und K\u00e4lte: Unser Steinzeug ist hitzebest\u00e4ndig von -23\u00a0\u00b0C bis &#43;260\u00a0\u00b0C.<\/p>\n<p class=\"mb-3\">Beste seiner Klasse: Unsere Produkte werden aus den besten Materialien in Fabriken auf der ganzen Welt hergestellt, um die Qualit\u00e4t zu gew\u00e4hrleisten, die Sie von Le\u00a0Creuset erwarten.<\/p>\n<p>Material: Verglastes Steinzeug<br \/>\nIn China hergestellt<br \/>\nGarantie: 10 Jahre<\/p>\n<p>Fassungsverm\u00f6gen: 0,69 l<\/p>\n<p>W\u00e4rmequelle:<\/p>\n<p>Ofen<br \/>\nOfengrillmodus<br \/>\nMikrowelle<\/p>\n<p>Reinigung und Pflege:<\/p>\n<p>Warten Sie, bis das Produkt vollst\u00e4ndig abgek\u00fchlt ist, bevor Sie mit der Reinigung beginnen.<br \/>\nEntfernen Sie alle R\u00fcckst\u00e4nde vom Boden und den Seitenw\u00e4nden des Produkts. Bei hartn\u00e4ckigen Speiseresten f\u00fcllen Sie das Produkt mit warmem Seifenwasser und lassen es 15\u201320 Minuten einweichen, bevor Sie es wie gewohnt waschen.<br \/>\nVon Hand waschen und trocknen. Oder geben Sie Ihr Steinzeugprodukt f\u00fcr einen kompletten Sp\u00fclgang in die Sp\u00fclmaschine.<\/p>\n","protected":false},"excerpt":{"rendered":"<p>Haben Sie eine Halloween-Party organisiert oder m\u00f6chten Sie einfach nur eine warme, saisonale Atmosph\u00e4re zu Hause schaffen? Diese mittelgro\u00dfe Steinzeugplatte ist ein Must-Have f\u00fcr den Herbst. In bezaubernder K\u00fcrbisform gefertigt, schafft es sofort eine Atmosph\u00e4re der Harmonie und Ruhe. Servieren Sie damit jede beliebige Delikatesse, egal ob s\u00fc\u00df oder herzhaft. Immer auf dem neuesten Stand: [&hellip;]<\/p>\n","protected":false},"featured_media":6288053,"template":"","meta":{"_acf_changed":false},"product_cat":[11671,12122,12103],"product_tag":[],"class_list":{"0":"post-56406","1":"product","2":"type-product","3":"status-publish","4":"has-post-thumbnail","6":"product_cat-tavola","7":"product_cat-teller-geschirr","8":"product_cat-tisch","10":"first","11":"instock","12":"taxable","13":"shipping-taxable","14":"purchasable","15":"product-type-simple","swatches":"rey-swatches","show_selected":"","stretch_labels":"rey-swatches--stretch-labels"},"acf":[],"yoast_head":"<!-- This site is optimized with the Yoast SEO plugin v25.4 - https:\/\/yoast.com\/wordpress\/plugins\/seo\/ -->\n<title>LE CREUSET K\u00fcrbisteller 23 cm Orange - dev6 Erresse<\/title>\n<meta name=\"description\" content=\"Haben Sie eine Halloween-Party organisiert oder m\u00f6chten Sie einfach nur eine warme, saisonale Atmosph\u00e4re zu Hause schaffen? Diese mittelgro\u00dfe\" \/>\n<meta name=\"robots\" content=\"noindex, follow, max-snippet:-1, max-image-preview:large, max-video-preview:-1\" \/>\n<meta property=\"og:locale\" content=\"de_DE\" \/>\n<meta property=\"og:type\" content=\"article\" \/>\n<meta property=\"og:title\" content=\"LE CREUSET K\u00fcrbisteller 23 cm Orange - dev6 Erresse\" \/>\n<meta property=\"og:description\" content=\"Haben Sie eine Halloween-Party organisiert oder m\u00f6chten Sie einfach nur eine warme, saisonale Atmosph\u00e4re zu Hause schaffen? Diese mittelgro\u00dfe\" \/>\n<meta property=\"og:url\" content=\"https:\/\/dev6.erresse-shop.it\/de\/shop\/tisch\/teller-geschirr\/le-creuset-kuerbisteller-23-cm-orange\/\" \/>\n<meta property=\"og:site_name\" content=\"dev6 Erresse\" \/>\n<meta property=\"og:image\" content=\"https:\/\/interpim.erresse-shop.it\/Import\/Prodotti\/le-creuset-piatto-zucca-23-cm-arancio.jpg\" \/><meta property=\"og:image\" content=\"https:\/\/interpim.erresse-shop.it\/Import\/Prodotti\/le-creuset-piatto-zucca-23-cm-arancio.jpg\" \/>\n\t<meta property=\"og:image:width\" content=\"1024\" \/>\n\t<meta property=\"og:image:height\" content=\"1024\" \/>\n\t<meta property=\"og:image:type\" content=\"image\/jpeg\" \/>\n<meta name=\"twitter:card\" content=\"summary_large_image\" \/>\n<meta name=\"twitter:image\" content=\"https:\/\/interpim.erresse-shop.it\/Import\/Prodotti\/le-creuset-piatto-zucca-23-cm-arancio.jpg\" \/>\n<script type=\"application\/ld+json\" class=\"yoast-schema-graph\">{\"@context\":\"https:\/\/schema.org\",\"@graph\":[{\"@type\":\"WebPage\",\"@id\":\"https:\/\/dev6.erresse-shop.it\/de\/shop\/tisch\/teller-geschirr\/le-creuset-kuerbisteller-23-cm-orange\/\",\"url\":\"https:\/\/dev6.erresse-shop.it\/de\/shop\/tisch\/teller-geschirr\/le-creuset-kuerbisteller-23-cm-orange\/\",\"name\":\"LE CREUSET K\u00fcrbisteller 23 cm Orange - dev6 Erresse\",\"isPartOf\":{\"@id\":\"https:\/\/dev6.erresse-shop.it\/#website\"},\"primaryImageOfPage\":{\"@id\":\"https:\/\/dev6.erresse-shop.it\/de\/shop\/tisch\/teller-geschirr\/le-creuset-kuerbisteller-23-cm-orange\/#primaryimage\"},\"image\":{\"@id\":\"https:\/\/dev6.erresse-shop.it\/de\/shop\/tisch\/teller-geschirr\/le-creuset-kuerbisteller-23-cm-orange\/#primaryimage\"},\"thumbnailUrl\":\"https:\/\/i2.wp.com\/interpim.erresse-shop.it\/Import\/Prodotti\/le-creuset-piatto-zucca-23-cm-arancio.jpg?ssl=1\",\"datePublished\":\"2026-04-04T10:06:40+00:00\",\"description\":\"Haben Sie eine Halloween-Party organisiert oder m\u00f6chten Sie einfach nur eine warme, saisonale Atmosph\u00e4re zu Hause schaffen? Diese mittelgro\u00dfe\",\"breadcrumb\":{\"@id\":\"https:\/\/dev6.erresse-shop.it\/de\/shop\/tisch\/teller-geschirr\/le-creuset-kuerbisteller-23-cm-orange\/#breadcrumb\"},\"inLanguage\":\"de\",\"potentialAction\":[{\"@type\":\"ReadAction\",\"target\":[\"https:\/\/dev6.erresse-shop.it\/de\/shop\/tisch\/teller-geschirr\/le-creuset-kuerbisteller-23-cm-orange\/\"]}]},{\"@type\":\"ImageObject\",\"inLanguage\":\"de\",\"@id\":\"https:\/\/dev6.erresse-shop.it\/de\/shop\/tisch\/teller-geschirr\/le-creuset-kuerbisteller-23-cm-orange\/#primaryimage\",\"url\":\"https:\/\/i2.wp.com\/interpim.erresse-shop.it\/Import\/Prodotti\/le-creuset-piatto-zucca-23-cm-arancio.jpg?ssl=1\",\"contentUrl\":\"https:\/\/i2.wp.com\/interpim.erresse-shop.it\/Import\/Prodotti\/le-creuset-piatto-zucca-23-cm-arancio.jpg?ssl=1\"},{\"@type\":\"BreadcrumbList\",\"@id\":\"https:\/\/dev6.erresse-shop.it\/de\/shop\/tisch\/teller-geschirr\/le-creuset-kuerbisteller-23-cm-orange\/#breadcrumb\",\"itemListElement\":[{\"@type\":\"ListItem\",\"position\":1,\"name\":\"Home\",\"item\":\"https:\/\/dev6.erresse-shop.it\/\"},{\"@type\":\"ListItem\",\"position\":2,\"name\":\"Shop\",\"item\":\"https:\/\/dev6.erresse-shop.it\/shop\/\"},{\"@type\":\"ListItem\",\"position\":3,\"name\":\"LE CREUSET K\u00fcrbisteller 23 cm Orange\"}]},{\"@type\":\"WebSite\",\"@id\":\"https:\/\/dev6.erresse-shop.it\/#website\",\"url\":\"https:\/\/dev6.erresse-shop.it\/\",\"name\":\"Erresse Shop\",\"description\":\"\",\"publisher\":{\"@id\":\"https:\/\/dev6.erresse-shop.it\/#organization\"},\"potentialAction\":[{\"@type\":\"SearchAction\",\"target\":{\"@type\":\"EntryPoint\",\"urlTemplate\":\"https:\/\/dev6.erresse-shop.it\/?s={search_term_string}\"},\"query-input\":{\"@type\":\"PropertyValueSpecification\",\"valueRequired\":true,\"valueName\":\"search_term_string\"}}],\"inLanguage\":\"de\"},{\"@type\":\"Organization\",\"@id\":\"https:\/\/dev6.erresse-shop.it\/#organization\",\"name\":\"Erresse Shop\",\"url\":\"https:\/\/dev6.erresse-shop.it\/\",\"logo\":{\"@type\":\"ImageObject\",\"inLanguage\":\"de\",\"@id\":\"https:\/\/dev6.erresse-shop.it\/#\/schema\/logo\/image\/\",\"url\":\"https:\/\/dev6.erresse-shop.it\/wp-content\/uploads\/2025\/01\/LOGO-ERRESSE-CLASSICO.svg\",\"contentUrl\":\"https:\/\/dev6.erresse-shop.it\/wp-content\/uploads\/2025\/01\/LOGO-ERRESSE-CLASSICO.svg\",\"caption\":\"Erresse Shop\"},\"image\":{\"@id\":\"https:\/\/dev6.erresse-shop.it\/#\/schema\/logo\/image\/\"}}]}<\/script>\n<!-- \/ Yoast SEO plugin. -->","yoast_head_json":{"title":"LE CREUSET K\u00fcrbisteller 23 cm Orange - dev6 Erresse","description":"Haben Sie eine Halloween-Party organisiert oder m\u00f6chten Sie einfach nur eine warme, saisonale Atmosph\u00e4re zu Hause schaffen? Diese mittelgro\u00dfe","robots":{"index":"noindex","follow":"follow","max-snippet":"max-snippet:-1","max-image-preview":"max-image-preview:large","max-video-preview":"max-video-preview:-1"},"og_locale":"de_DE","og_type":"article","og_title":"LE CREUSET K\u00fcrbisteller 23 cm Orange - dev6 Erresse","og_description":"Haben Sie eine Halloween-Party organisiert oder m\u00f6chten Sie einfach nur eine warme, saisonale Atmosph\u00e4re zu Hause schaffen? Diese mittelgro\u00dfe","og_url":"https:\/\/dev6.erresse-shop.it\/de\/shop\/tisch\/teller-geschirr\/le-creuset-kuerbisteller-23-cm-orange\/","og_site_name":"dev6 Erresse","og_image":[{"url":"https:\/\/interpim.erresse-shop.it\/Import\/Prodotti\/le-creuset-piatto-zucca-23-cm-arancio.jpg","type":"","width":"","height":""},{"url":"https:\/\/interpim.erresse-shop.it\/Import\/Prodotti\/le-creuset-piatto-zucca-23-cm-arancio.jpg","width":1024,"height":1024,"type":"image\/jpeg"}],"twitter_card":"summary_large_image","twitter_image":"https:\/\/interpim.erresse-shop.it\/Import\/Prodotti\/le-creuset-piatto-zucca-23-cm-arancio.jpg","schema":{"@context":"https:\/\/schema.org","@graph":[{"@type":"WebPage","@id":"https:\/\/dev6.erresse-shop.it\/de\/shop\/tisch\/teller-geschirr\/le-creuset-kuerbisteller-23-cm-orange\/","url":"https:\/\/dev6.erresse-shop.it\/de\/shop\/tisch\/teller-geschirr\/le-creuset-kuerbisteller-23-cm-orange\/","name":"LE CREUSET K\u00fcrbisteller 23 cm Orange - dev6 Erresse","isPartOf":{"@id":"https:\/\/dev6.erresse-shop.it\/#website"},"primaryImageOfPage":{"@id":"https:\/\/dev6.erresse-shop.it\/de\/shop\/tisch\/teller-geschirr\/le-creuset-kuerbisteller-23-cm-orange\/#primaryimage"},"image":{"@id":"https:\/\/dev6.erresse-shop.it\/de\/shop\/tisch\/teller-geschirr\/le-creuset-kuerbisteller-23-cm-orange\/#primaryimage"},"thumbnailUrl":"https:\/\/i2.wp.com\/interpim.erresse-shop.it\/Import\/Prodotti\/le-creuset-piatto-zucca-23-cm-arancio.jpg?ssl=1","datePublished":"2026-04-04T10:06:40+00:00","description":"Haben Sie eine Halloween-Party organisiert oder m\u00f6chten Sie einfach nur eine warme, saisonale Atmosph\u00e4re zu Hause schaffen? Diese mittelgro\u00dfe","breadcrumb":{"@id":"https:\/\/dev6.erresse-shop.it\/de\/shop\/tisch\/teller-geschirr\/le-creuset-kuerbisteller-23-cm-orange\/#breadcrumb"},"inLanguage":"de","potentialAction":[{"@type":"ReadAction","target":["https:\/\/dev6.erresse-shop.it\/de\/shop\/tisch\/teller-geschirr\/le-creuset-kuerbisteller-23-cm-orange\/"]}]},{"@type":"ImageObject","inLanguage":"de","@id":"https:\/\/dev6.erresse-shop.it\/de\/shop\/tisch\/teller-geschirr\/le-creuset-kuerbisteller-23-cm-orange\/#primaryimage","url":"https:\/\/i2.wp.com\/interpim.erresse-shop.it\/Import\/Prodotti\/le-creuset-piatto-zucca-23-cm-arancio.jpg?ssl=1","contentUrl":"https:\/\/i2.wp.com\/interpim.erresse-shop.it\/Import\/Prodotti\/le-creuset-piatto-zucca-23-cm-arancio.jpg?ssl=1"},{"@type":"BreadcrumbList","@id":"https:\/\/dev6.erresse-shop.it\/de\/shop\/tisch\/teller-geschirr\/le-creuset-kuerbisteller-23-cm-orange\/#breadcrumb","itemListElement":[{"@type":"ListItem","position":1,"name":"Home","item":"https:\/\/dev6.erresse-shop.it\/"},{"@type":"ListItem","position":2,"name":"Shop","item":"https:\/\/dev6.erresse-shop.it\/shop\/"},{"@type":"ListItem","position":3,"name":"LE CREUSET K\u00fcrbisteller 23 cm Orange"}]},{"@type":"WebSite","@id":"https:\/\/dev6.erresse-shop.it\/#website","url":"https:\/\/dev6.erresse-shop.it\/","name":"Erresse Shop","description":"","publisher":{"@id":"https:\/\/dev6.erresse-shop.it\/#organization"},"potentialAction":[{"@type":"SearchAction","target":{"@type":"EntryPoint","urlTemplate":"https:\/\/dev6.erresse-shop.it\/?s={search_term_string}"},"query-input":{"@type":"PropertyValueSpecification","valueRequired":true,"valueName":"search_term_string"}}],"inLanguage":"de"},{"@type":"Organization","@id":"https:\/\/dev6.erresse-shop.it\/#organization","name":"Erresse Shop","url":"https:\/\/dev6.erresse-shop.it\/","logo":{"@type":"ImageObject","inLanguage":"de","@id":"https:\/\/dev6.erresse-shop.it\/#\/schema\/logo\/image\/","url":"https:\/\/dev6.erresse-shop.it\/wp-content\/uploads\/2025\/01\/LOGO-ERRESSE-CLASSICO.svg","contentUrl":"https:\/\/dev6.erresse-shop.it\/wp-content\/uploads\/2025\/01\/LOGO-ERRESSE-CLASSICO.svg","caption":"Erresse Shop"},"image":{"@id":"https:\/\/dev6.erresse-shop.it\/#\/schema\/logo\/image\/"}}]}},"df_price":27,"df_sale_price":"","df_regular_price":27,"df_image_link":"https:\/\/i2.wp.com\/interpim.erresse-shop.it\/Import\/Prodotti\/le-creuset-piatto-zucca-23-cm-arancio.jpg?resize=300,300&ssl=1","fifu_image_url":"https:\/\/interpim.erresse-shop.it\/Import\/Prodotti\/le-creuset-piatto-zucca-23-cm-arancio.jpg","_links":{"self":[{"href":"https:\/\/dev6.erresse-shop.it\/de\/wp-json\/wp\/v2\/product\/56406","targetHints":{"allow":["GET"]}}],"collection":[{"href":"https:\/\/dev6.erresse-shop.it\/de\/wp-json\/wp\/v2\/product"}],"about":[{"href":"https:\/\/dev6.erresse-shop.it\/de\/wp-json\/wp\/v2\/types\/product"}],"wp:featuredmedia":[{"embeddable":true,"href":"https:\/\/dev6.erresse-shop.it\/de\/wp-json\/wp\/v2\/media\/6288053"}],"wp:attachment":[{"href":"https:\/\/dev6.erresse-shop.it\/de\/wp-json\/wp\/v2\/media?parent=56406"}],"wp:term":[{"taxonomy":"product_cat","embeddable":true,"href":"https:\/\/dev6.erresse-shop.it\/de\/wp-json\/wp\/v2\/product_cat?post=56406"},{"taxonomy":"product_tag","embeddable":true,"href":"https:\/\/dev6.erresse-shop.it\/de\/wp-json\/wp\/v2\/product_tag?post=56406"}],"curies":[{"name":"wp","href":"https:\/\/api.w.org\/{rel}","templated":true}]}}