{"id":56392,"date":"2026-04-12T12:09:24","date_gmt":"2026-04-12T10:09:24","guid":{"rendered":"https:\/\/dev6.erresse-shop.it\/shop\/unkategorisiert\/le-creuset-behaelter-und-4-spachtel-weihnachten-craft\/"},"modified":"2026-02-05T18:33:05","modified_gmt":"2026-02-05T17:33:05","slug":"le-creuset-behaelter-und-4-spachtel-weihnachten-craft","status":"publish","type":"product","link":"https:\/\/dev6.erresse-shop.it\/de\/shop\/kuche\/messer\/messerblocke-messer\/le-creuset-behaelter-und-4-spachtel-weihnachten-craft\/","title":{"rendered":"LE CREUSET  Beh\u00e4lter und 4 Spachtel Weihnachten Craft"},"content":{"rendered":"<p>Dieses Set aus verglastem Steinzeug wird in einer pr\u00e4chtigen Geschenkbox pr\u00e4sentiert und erm\u00f6glicht es Ihnen, den Raum zu optimieren, indem Sie Ihre Werkzeuge organisiert und griffbereit aufbewahren. Es verf\u00fcgt \u00fcber vier Silikonutensilien, die jeweils mit einem Weihnachtsmotiv verziert sind, um Ihrer K\u00fcche einen weihnachtlichen Touch zu verleihen.<\/p>\n<p class=\"mb-3\">Immer auf dem neuesten Stand: Unser Steinzeug ist kratzfest und leicht zu reinigen.<\/p>\n<p class=\"mb-3\">Perfekte Struktur: Unsere Produkte aus verglastem Steingut bestehen aus hochwertiger Keramik und halten gleichm\u00e4\u00dfige Temperaturen aufrecht und garantieren Widerstandsf\u00e4higkeit und Haltbarkeit im Laufe der Zeit.<\/p>\n<p class=\"mb-3\">Geeignet f\u00fcr Hitze und K\u00e4lte: Unser Steinzeug ist hitzebest\u00e4ndig von -23 \u00b0C bis &#43;260 \u00b0C.<\/p>\n<p class=\"mb-3\">F\u00fcr hohe Temperaturen geeignet: Unsere Silikonutensilien sind hitzebest\u00e4ndig bis 250 \u00b0C.<\/p>\n<p class=\"mb-3\">Beste seiner Klasse: Unsere Produkte werden aus den besten Materialien in Fabriken auf der ganzen Welt hergestellt, um die Qualit\u00e4t zu gew\u00e4hrleisten, die Sie von Le Creuset erwarten.<\/p>\n<p>Material: Verglastes Steinzeug<\/p>\n<p>Hergestellt in: China<\/p>\n<p>W\u00e4rmequelle:<\/p>\n<p>Mikrowelle<br \/>\nOfen im Grillmodus<br \/>\nOfen<\/p>\n","protected":false},"excerpt":{"rendered":"<p>Dieses Set aus verglastem Steinzeug wird in einer pr\u00e4chtigen Geschenkbox pr\u00e4sentiert und erm\u00f6glicht es Ihnen, den Raum zu optimieren, indem Sie Ihre Werkzeuge organisiert und griffbereit aufbewahren. Es verf\u00fcgt \u00fcber vier Silikonutensilien, die jeweils mit einem Weihnachtsmotiv verziert sind, um Ihrer K\u00fcche einen weihnachtlichen Touch zu verleihen. Immer auf dem neuesten Stand: Unser Steinzeug ist [&hellip;]<\/p>\n","protected":false},"featured_media":6371256,"template":"","meta":{"_acf_changed":false},"product_cat":[11675,12100,12116,12107],"product_tag":[],"class_list":{"0":"post-56392","1":"product","2":"type-product","3":"status-publish","4":"has-post-thumbnail","6":"product_cat-accessori","7":"product_cat-kuche","8":"product_cat-werkzeuge","9":"product_cat-messerblocke-messer","11":"first","12":"instock","13":"sale","14":"taxable","15":"shipping-taxable","16":"purchasable","17":"product-type-simple","swatches":"rey-swatches","show_selected":"","stretch_labels":"rey-swatches--stretch-labels"},"acf":[],"yoast_head":"<!-- This site is optimized with the Yoast SEO plugin v25.4 - https:\/\/yoast.com\/wordpress\/plugins\/seo\/ -->\n<title>LE CREUSET Beh\u00e4lter und 4 Spachtel Weihnachten Craft - dev6 Erresse<\/title>\n<meta name=\"description\" content=\"Dieses Set aus verglastem Steinzeug wird in einer pr\u00e4chtigen Geschenkbox pr\u00e4sentiert und erm\u00f6glicht es Ihnen, den Raum zu optimieren, indem Sie Ihre\" \/>\n<meta name=\"robots\" content=\"noindex, follow, max-snippet:-1, max-image-preview:large, max-video-preview:-1\" \/>\n<meta property=\"og:locale\" content=\"de_DE\" \/>\n<meta property=\"og:type\" content=\"article\" \/>\n<meta property=\"og:title\" content=\"LE CREUSET Beh\u00e4lter und 4 Spachtel Weihnachten Craft - dev6 Erresse\" \/>\n<meta property=\"og:description\" content=\"Dieses Set aus verglastem Steinzeug wird in einer pr\u00e4chtigen Geschenkbox pr\u00e4sentiert und erm\u00f6glicht es Ihnen, den Raum zu optimieren, indem Sie Ihre\" \/>\n<meta property=\"og:url\" content=\"https:\/\/dev6.erresse-shop.it\/de\/shop\/kuche\/messer\/messerblocke-messer\/le-creuset-behaelter-und-4-spachtel-weihnachten-craft\/\" \/>\n<meta property=\"og:site_name\" content=\"dev6 Erresse\" \/>\n<meta property=\"og:image\" content=\"https:\/\/interpim.erresse-shop.it\/Import\/Prodotti\/le-creuset-contenitore-e-4-spatole-natale-craft.jpg\" \/><meta property=\"og:image\" content=\"https:\/\/interpim.erresse-shop.it\/Import\/Prodotti\/le-creuset-contenitore-e-4-spatole-natale-craft.jpg\" \/>\n\t<meta property=\"og:image:width\" content=\"1024\" \/>\n\t<meta property=\"og:image:height\" content=\"1024\" \/>\n\t<meta property=\"og:image:type\" content=\"image\/jpeg\" \/>\n<meta name=\"twitter:card\" content=\"summary_large_image\" \/>\n<meta name=\"twitter:image\" content=\"https:\/\/interpim.erresse-shop.it\/Import\/Prodotti\/le-creuset-contenitore-e-4-spatole-natale-craft.jpg\" \/>\n<script type=\"application\/ld+json\" class=\"yoast-schema-graph\">{\"@context\":\"https:\/\/schema.org\",\"@graph\":[{\"@type\":\"WebPage\",\"@id\":\"https:\/\/dev6.erresse-shop.it\/de\/shop\/kuche\/messer\/messerblocke-messer\/le-creuset-behaelter-und-4-spachtel-weihnachten-craft\/\",\"url\":\"https:\/\/dev6.erresse-shop.it\/de\/shop\/kuche\/messer\/messerblocke-messer\/le-creuset-behaelter-und-4-spachtel-weihnachten-craft\/\",\"name\":\"LE CREUSET Beh\u00e4lter und 4 Spachtel Weihnachten Craft - dev6 Erresse\",\"isPartOf\":{\"@id\":\"https:\/\/dev6.erresse-shop.it\/#website\"},\"primaryImageOfPage\":{\"@id\":\"https:\/\/dev6.erresse-shop.it\/de\/shop\/kuche\/messer\/messerblocke-messer\/le-creuset-behaelter-und-4-spachtel-weihnachten-craft\/#primaryimage\"},\"image\":{\"@id\":\"https:\/\/dev6.erresse-shop.it\/de\/shop\/kuche\/messer\/messerblocke-messer\/le-creuset-behaelter-und-4-spachtel-weihnachten-craft\/#primaryimage\"},\"thumbnailUrl\":\"https:\/\/i2.wp.com\/interpim.erresse-shop.it\/Import\/Prodotti\/le-creuset-contenitore-e-4-spatole-natale-craft.jpg?ssl=1\",\"datePublished\":\"2026-04-12T10:09:24+00:00\",\"description\":\"Dieses Set aus verglastem Steinzeug wird in einer pr\u00e4chtigen Geschenkbox pr\u00e4sentiert und erm\u00f6glicht es Ihnen, den Raum zu optimieren, indem Sie Ihre\",\"breadcrumb\":{\"@id\":\"https:\/\/dev6.erresse-shop.it\/de\/shop\/kuche\/messer\/messerblocke-messer\/le-creuset-behaelter-und-4-spachtel-weihnachten-craft\/#breadcrumb\"},\"inLanguage\":\"de\",\"potentialAction\":[{\"@type\":\"ReadAction\",\"target\":[\"https:\/\/dev6.erresse-shop.it\/de\/shop\/kuche\/messer\/messerblocke-messer\/le-creuset-behaelter-und-4-spachtel-weihnachten-craft\/\"]}]},{\"@type\":\"ImageObject\",\"inLanguage\":\"de\",\"@id\":\"https:\/\/dev6.erresse-shop.it\/de\/shop\/kuche\/messer\/messerblocke-messer\/le-creuset-behaelter-und-4-spachtel-weihnachten-craft\/#primaryimage\",\"url\":\"https:\/\/i2.wp.com\/interpim.erresse-shop.it\/Import\/Prodotti\/le-creuset-contenitore-e-4-spatole-natale-craft.jpg?ssl=1\",\"contentUrl\":\"https:\/\/i2.wp.com\/interpim.erresse-shop.it\/Import\/Prodotti\/le-creuset-contenitore-e-4-spatole-natale-craft.jpg?ssl=1\"},{\"@type\":\"BreadcrumbList\",\"@id\":\"https:\/\/dev6.erresse-shop.it\/de\/shop\/kuche\/messer\/messerblocke-messer\/le-creuset-behaelter-und-4-spachtel-weihnachten-craft\/#breadcrumb\",\"itemListElement\":[{\"@type\":\"ListItem\",\"position\":1,\"name\":\"Home\",\"item\":\"https:\/\/dev6.erresse-shop.it\/\"},{\"@type\":\"ListItem\",\"position\":2,\"name\":\"Shop\",\"item\":\"https:\/\/dev6.erresse-shop.it\/shop\/\"},{\"@type\":\"ListItem\",\"position\":3,\"name\":\"LE CREUSET Beh\u00e4lter und 4 Spachtel Weihnachten Craft\"}]},{\"@type\":\"WebSite\",\"@id\":\"https:\/\/dev6.erresse-shop.it\/#website\",\"url\":\"https:\/\/dev6.erresse-shop.it\/\",\"name\":\"Erresse Shop\",\"description\":\"\",\"publisher\":{\"@id\":\"https:\/\/dev6.erresse-shop.it\/#organization\"},\"potentialAction\":[{\"@type\":\"SearchAction\",\"target\":{\"@type\":\"EntryPoint\",\"urlTemplate\":\"https:\/\/dev6.erresse-shop.it\/?s={search_term_string}\"},\"query-input\":{\"@type\":\"PropertyValueSpecification\",\"valueRequired\":true,\"valueName\":\"search_term_string\"}}],\"inLanguage\":\"de\"},{\"@type\":\"Organization\",\"@id\":\"https:\/\/dev6.erresse-shop.it\/#organization\",\"name\":\"Erresse Shop\",\"url\":\"https:\/\/dev6.erresse-shop.it\/\",\"logo\":{\"@type\":\"ImageObject\",\"inLanguage\":\"de\",\"@id\":\"https:\/\/dev6.erresse-shop.it\/#\/schema\/logo\/image\/\",\"url\":\"https:\/\/dev6.erresse-shop.it\/wp-content\/uploads\/2025\/01\/LOGO-ERRESSE-CLASSICO.svg\",\"contentUrl\":\"https:\/\/dev6.erresse-shop.it\/wp-content\/uploads\/2025\/01\/LOGO-ERRESSE-CLASSICO.svg\",\"caption\":\"Erresse Shop\"},\"image\":{\"@id\":\"https:\/\/dev6.erresse-shop.it\/#\/schema\/logo\/image\/\"}}]}<\/script>\n<!-- \/ Yoast SEO plugin. -->","yoast_head_json":{"title":"LE CREUSET Beh\u00e4lter und 4 Spachtel Weihnachten Craft - dev6 Erresse","description":"Dieses Set aus verglastem Steinzeug wird in einer pr\u00e4chtigen Geschenkbox pr\u00e4sentiert und erm\u00f6glicht es Ihnen, den Raum zu optimieren, indem Sie Ihre","robots":{"index":"noindex","follow":"follow","max-snippet":"max-snippet:-1","max-image-preview":"max-image-preview:large","max-video-preview":"max-video-preview:-1"},"og_locale":"de_DE","og_type":"article","og_title":"LE CREUSET Beh\u00e4lter und 4 Spachtel Weihnachten Craft - dev6 Erresse","og_description":"Dieses Set aus verglastem Steinzeug wird in einer pr\u00e4chtigen Geschenkbox pr\u00e4sentiert und erm\u00f6glicht es Ihnen, den Raum zu optimieren, indem Sie Ihre","og_url":"https:\/\/dev6.erresse-shop.it\/de\/shop\/kuche\/messer\/messerblocke-messer\/le-creuset-behaelter-und-4-spachtel-weihnachten-craft\/","og_site_name":"dev6 Erresse","og_image":[{"url":"https:\/\/interpim.erresse-shop.it\/Import\/Prodotti\/le-creuset-contenitore-e-4-spatole-natale-craft.jpg","type":"","width":"","height":""},{"url":"https:\/\/interpim.erresse-shop.it\/Import\/Prodotti\/le-creuset-contenitore-e-4-spatole-natale-craft.jpg","width":1024,"height":1024,"type":"image\/jpeg"}],"twitter_card":"summary_large_image","twitter_image":"https:\/\/interpim.erresse-shop.it\/Import\/Prodotti\/le-creuset-contenitore-e-4-spatole-natale-craft.jpg","schema":{"@context":"https:\/\/schema.org","@graph":[{"@type":"WebPage","@id":"https:\/\/dev6.erresse-shop.it\/de\/shop\/kuche\/messer\/messerblocke-messer\/le-creuset-behaelter-und-4-spachtel-weihnachten-craft\/","url":"https:\/\/dev6.erresse-shop.it\/de\/shop\/kuche\/messer\/messerblocke-messer\/le-creuset-behaelter-und-4-spachtel-weihnachten-craft\/","name":"LE CREUSET Beh\u00e4lter und 4 Spachtel Weihnachten Craft - dev6 Erresse","isPartOf":{"@id":"https:\/\/dev6.erresse-shop.it\/#website"},"primaryImageOfPage":{"@id":"https:\/\/dev6.erresse-shop.it\/de\/shop\/kuche\/messer\/messerblocke-messer\/le-creuset-behaelter-und-4-spachtel-weihnachten-craft\/#primaryimage"},"image":{"@id":"https:\/\/dev6.erresse-shop.it\/de\/shop\/kuche\/messer\/messerblocke-messer\/le-creuset-behaelter-und-4-spachtel-weihnachten-craft\/#primaryimage"},"thumbnailUrl":"https:\/\/i2.wp.com\/interpim.erresse-shop.it\/Import\/Prodotti\/le-creuset-contenitore-e-4-spatole-natale-craft.jpg?ssl=1","datePublished":"2026-04-12T10:09:24+00:00","description":"Dieses Set aus verglastem Steinzeug wird in einer pr\u00e4chtigen Geschenkbox pr\u00e4sentiert und erm\u00f6glicht es Ihnen, den Raum zu optimieren, indem Sie Ihre","breadcrumb":{"@id":"https:\/\/dev6.erresse-shop.it\/de\/shop\/kuche\/messer\/messerblocke-messer\/le-creuset-behaelter-und-4-spachtel-weihnachten-craft\/#breadcrumb"},"inLanguage":"de","potentialAction":[{"@type":"ReadAction","target":["https:\/\/dev6.erresse-shop.it\/de\/shop\/kuche\/messer\/messerblocke-messer\/le-creuset-behaelter-und-4-spachtel-weihnachten-craft\/"]}]},{"@type":"ImageObject","inLanguage":"de","@id":"https:\/\/dev6.erresse-shop.it\/de\/shop\/kuche\/messer\/messerblocke-messer\/le-creuset-behaelter-und-4-spachtel-weihnachten-craft\/#primaryimage","url":"https:\/\/i2.wp.com\/interpim.erresse-shop.it\/Import\/Prodotti\/le-creuset-contenitore-e-4-spatole-natale-craft.jpg?ssl=1","contentUrl":"https:\/\/i2.wp.com\/interpim.erresse-shop.it\/Import\/Prodotti\/le-creuset-contenitore-e-4-spatole-natale-craft.jpg?ssl=1"},{"@type":"BreadcrumbList","@id":"https:\/\/dev6.erresse-shop.it\/de\/shop\/kuche\/messer\/messerblocke-messer\/le-creuset-behaelter-und-4-spachtel-weihnachten-craft\/#breadcrumb","itemListElement":[{"@type":"ListItem","position":1,"name":"Home","item":"https:\/\/dev6.erresse-shop.it\/"},{"@type":"ListItem","position":2,"name":"Shop","item":"https:\/\/dev6.erresse-shop.it\/shop\/"},{"@type":"ListItem","position":3,"name":"LE CREUSET Beh\u00e4lter und 4 Spachtel Weihnachten Craft"}]},{"@type":"WebSite","@id":"https:\/\/dev6.erresse-shop.it\/#website","url":"https:\/\/dev6.erresse-shop.it\/","name":"Erresse Shop","description":"","publisher":{"@id":"https:\/\/dev6.erresse-shop.it\/#organization"},"potentialAction":[{"@type":"SearchAction","target":{"@type":"EntryPoint","urlTemplate":"https:\/\/dev6.erresse-shop.it\/?s={search_term_string}"},"query-input":{"@type":"PropertyValueSpecification","valueRequired":true,"valueName":"search_term_string"}}],"inLanguage":"de"},{"@type":"Organization","@id":"https:\/\/dev6.erresse-shop.it\/#organization","name":"Erresse Shop","url":"https:\/\/dev6.erresse-shop.it\/","logo":{"@type":"ImageObject","inLanguage":"de","@id":"https:\/\/dev6.erresse-shop.it\/#\/schema\/logo\/image\/","url":"https:\/\/dev6.erresse-shop.it\/wp-content\/uploads\/2025\/01\/LOGO-ERRESSE-CLASSICO.svg","contentUrl":"https:\/\/dev6.erresse-shop.it\/wp-content\/uploads\/2025\/01\/LOGO-ERRESSE-CLASSICO.svg","caption":"Erresse Shop"},"image":{"@id":"https:\/\/dev6.erresse-shop.it\/#\/schema\/logo\/image\/"}}]}},"df_price":76,"df_sale_price":76,"df_regular_price":110,"df_image_link":"https:\/\/i2.wp.com\/interpim.erresse-shop.it\/Import\/Prodotti\/le-creuset-contenitore-e-4-spatole-natale-craft.jpg?resize=300,300&ssl=1","fifu_image_url":"https:\/\/interpim.erresse-shop.it\/Import\/Prodotti\/le-creuset-contenitore-e-4-spatole-natale-craft.jpg","_links":{"self":[{"href":"https:\/\/dev6.erresse-shop.it\/de\/wp-json\/wp\/v2\/product\/56392","targetHints":{"allow":["GET"]}}],"collection":[{"href":"https:\/\/dev6.erresse-shop.it\/de\/wp-json\/wp\/v2\/product"}],"about":[{"href":"https:\/\/dev6.erresse-shop.it\/de\/wp-json\/wp\/v2\/types\/product"}],"wp:featuredmedia":[{"embeddable":true,"href":"https:\/\/dev6.erresse-shop.it\/de\/wp-json\/wp\/v2\/media\/6371256"}],"wp:attachment":[{"href":"https:\/\/dev6.erresse-shop.it\/de\/wp-json\/wp\/v2\/media?parent=56392"}],"wp:term":[{"taxonomy":"product_cat","embeddable":true,"href":"https:\/\/dev6.erresse-shop.it\/de\/wp-json\/wp\/v2\/product_cat?post=56392"},{"taxonomy":"product_tag","embeddable":true,"href":"https:\/\/dev6.erresse-shop.it\/de\/wp-json\/wp\/v2\/product_tag?post=56392"}],"curies":[{"name":"wp","href":"https:\/\/api.w.org\/{rel}","templated":true}]}}