{"id":56372,"date":"2026-04-04T12:04:18","date_gmt":"2026-04-04T10:04:18","guid":{"rendered":"https:\/\/dev6.erresse-shop.it\/shop\/unkategorisiert\/le-creuset-langstieliger-schmortopf-holly-21-cm-baumwolle\/"},"modified":"2025-11-30T17:48:18","modified_gmt":"2025-11-30T16:48:18","slug":"le-creuset-langstieliger-schmortopf-holly-21-cm-baumwolle","status":"publish","type":"product","link":"https:\/\/dev6.erresse-shop.it\/de\/shop\/toepfe-pfannen\/toepfe-und-kochtoepfen\/le-creuset-langstieliger-schmortopf-holly-21-cm-baumwolle\/","title":{"rendered":"LE CREUSET Langstieliger Schmortopf Holly 21 cm Baumwolle"},"content":{"rendered":"<p>Ganz gleich, ob es sich um eine Sauce zum W\u00fcrzen Ihres Weihnachtsbratens oder um die W\u00fcrze von sautiertem Gem\u00fcse handelt, bereiten Sie Ihr Rezept in unserem Holly-Auflauf mit langem Stiel zu. Mit einem goldenen Knauf versehen und mit einem Weihnachtsmotiv verziert, verleiht diese Sauciere Ihrem Weihnachtsfest einen Hauch von Geschmack.<\/p>\n<p style=\"text-align: justify;\">Produktdetails:<\/p>\n<p class=\"mb-3\">Unser hitzebest\u00e4ndiger Knopf (bis 260\u00a0\u00b0C) ist f\u00fcr einen hervorragenden Halt konzipiert, selbst wenn Sie zum Anheben des Deckels einen Topflappen verwenden.<\/p>\n<p class=\"mb-3\">Schnelle Reinigung: Eine d\u00fcnne verglaste Innenschicht erleichtert die Reinigung.<\/p>\n<p class=\"mb-3\">Vielseitigkeit: Dieses Produkt ist f\u00fcr den Ofen, den Herd und den Ofen im Grillmodus geeignet.<\/p>\n<p class=\"mb-3\">Hervorragende Aromen: Verglastes Gusseisen speichert die W\u00e4rme f\u00fcr gleichm\u00e4\u00dfiges Garen und Anbraten. Ihre k\u00f6stlichen Kreationen bleiben auch am Tisch l\u00e4nger warm.<\/p>\n<p class=\"mb-3\">Bewahren Sie den Geschmack: Unser Deckel bewahrt den beim Garen von Speisen entstehenden Dampf und verst\u00e4rkt den Geschmack f\u00fcr au\u00dfergew\u00f6hnliche Kochergebnisse.<\/p>\n<p class=\"mb-3\">Leicht zu greifen: Die eleganten und bequemen Griffe erm\u00f6glichen ein sicheres Anheben des Produkts.<\/p>\n<p class=\"mb-3\">Beste seiner Klasse: Unsere Produkte werden aus den besten Materialien hergestellt, um h\u00f6chste Qualit\u00e4t zu garantieren.<\/p>\n<p>Material: Verglastes Gusseisen<br \/>\nHergestellt in: Frankreich<br \/>\nGarantie: Lebenslang<\/p>\n<p>W\u00e4rmequelle:<\/p>\n<p>Ofen<br \/>\nOfen im Grillmodus<br \/>\nElektroherd<br \/>\nKeramikglas<br \/>\nGasherd<br \/>\nInduktionskochfeld<\/p>\n<p>Reinigung und Pflege:<\/p>\n<p class=\"mb-3\">Warten Sie, bis das Produkt vollst\u00e4ndig abgek\u00fchlt ist, bevor Sie mit der Reinigung beginnen.<\/p>\n<p class=\"mb-3\">\n<p class=\"mb-3\">Entfernen Sie alle R\u00fcckst\u00e4nde von der Basis und den Kanten des Produkts. Bei hartn\u00e4ckigen Speiseresten f\u00fcllen Sie das Produkt mit warmem Seifenwasser und lassen es vor dem Waschen 15\u201320 Minuten einweichen.<\/p>\n<p class=\"mb-3\">\n<p class=\"mb-3\">Verwenden Sie zum Reinigen von Oberfl\u00e4chen keine aggressiven Reinigungsmittel, Scheuer- und\/oder Metallschw\u00e4mme oder sehr harte und starre B\u00fcrsten.<\/p>\n<p class=\"mb-3\">\n<p class=\"mb-3\">Trocknen Sie das Produkt nach dem Waschen sorgf\u00e4ltig ab und lagern Sie es an einem trockenen Ort.<\/p>\n","protected":false},"excerpt":{"rendered":"<p>Ganz gleich, ob es sich um eine Sauce zum W\u00fcrzen Ihres Weihnachtsbratens oder um die W\u00fcrze von sautiertem Gem\u00fcse handelt, bereiten Sie Ihr Rezept in unserem Holly-Auflauf mit langem Stiel zu. Mit einem goldenen Knauf versehen und mit einem Weihnachtsmotiv verziert, verleiht diese Sauciere Ihrem Weihnachtsfest einen Hauch von Geschmack. Produktdetails: Unser hitzebest\u00e4ndiger Knopf (bis [&hellip;]<\/p>\n","protected":false},"featured_media":6287876,"template":"","meta":{"_acf_changed":false},"product_cat":[11667,12109,12099],"product_tag":[],"class_list":{"0":"post-56372","1":"product","2":"type-product","3":"status-publish","4":"has-post-thumbnail","6":"product_cat-padelle-pentole","7":"product_cat-toepfe-und-kochtoepfen","8":"product_cat-toepfe-pfannen","10":"first","11":"instock","12":"sale","13":"taxable","14":"shipping-taxable","15":"purchasable","16":"product-type-simple","swatches":"rey-swatches","show_selected":"","stretch_labels":"rey-swatches--stretch-labels"},"acf":[],"yoast_head":"<!-- This site is optimized with the Yoast SEO plugin v25.4 - https:\/\/yoast.com\/wordpress\/plugins\/seo\/ -->\n<title>LE CREUSET Langstieliger Schmortopf Holly 21 cm Baumwolle - dev6 Erresse<\/title>\n<meta name=\"description\" content=\"Ganz gleich, ob es sich um eine Sauce zum W\u00fcrzen Ihres Weihnachtsbratens oder um die W\u00fcrze von sautiertem Gem\u00fcse handelt, bereiten Sie Ihr Rezept in\" \/>\n<meta name=\"robots\" content=\"noindex, follow, max-snippet:-1, max-image-preview:large, max-video-preview:-1\" \/>\n<meta property=\"og:locale\" content=\"de_DE\" \/>\n<meta property=\"og:type\" content=\"article\" \/>\n<meta property=\"og:title\" content=\"LE CREUSET Langstieliger Schmortopf Holly 21 cm Baumwolle - dev6 Erresse\" \/>\n<meta property=\"og:description\" content=\"Ganz gleich, ob es sich um eine Sauce zum W\u00fcrzen Ihres Weihnachtsbratens oder um die W\u00fcrze von sautiertem Gem\u00fcse handelt, bereiten Sie Ihr Rezept in\" \/>\n<meta property=\"og:url\" content=\"https:\/\/dev6.erresse-shop.it\/de\/shop\/toepfe-pfannen\/toepfe-und-kochtoepfen\/le-creuset-langstieliger-schmortopf-holly-21-cm-baumwolle\/\" \/>\n<meta property=\"og:site_name\" content=\"dev6 Erresse\" \/>\n<meta property=\"og:image\" content=\"https:\/\/interpim.erresse-shop.it\/Import\/Prodotti\/le-creuset-casseruola-con-manico-lungo-holly-21-cm-cotton.jpg\" \/><meta property=\"og:image\" content=\"https:\/\/interpim.erresse-shop.it\/Import\/Prodotti\/le-creuset-casseruola-con-manico-lungo-holly-21-cm-cotton.jpg\" \/>\n\t<meta property=\"og:image:width\" content=\"1024\" \/>\n\t<meta property=\"og:image:height\" content=\"1024\" \/>\n\t<meta property=\"og:image:type\" content=\"image\/jpeg\" \/>\n<meta name=\"twitter:card\" content=\"summary_large_image\" \/>\n<meta name=\"twitter:image\" content=\"https:\/\/interpim.erresse-shop.it\/Import\/Prodotti\/le-creuset-casseruola-con-manico-lungo-holly-21-cm-cotton.jpg\" \/>\n<script type=\"application\/ld+json\" class=\"yoast-schema-graph\">{\"@context\":\"https:\/\/schema.org\",\"@graph\":[{\"@type\":\"WebPage\",\"@id\":\"https:\/\/dev6.erresse-shop.it\/de\/shop\/toepfe-pfannen\/toepfe-und-kochtoepfen\/le-creuset-langstieliger-schmortopf-holly-21-cm-baumwolle\/\",\"url\":\"https:\/\/dev6.erresse-shop.it\/de\/shop\/toepfe-pfannen\/toepfe-und-kochtoepfen\/le-creuset-langstieliger-schmortopf-holly-21-cm-baumwolle\/\",\"name\":\"LE CREUSET Langstieliger Schmortopf Holly 21 cm Baumwolle - dev6 Erresse\",\"isPartOf\":{\"@id\":\"https:\/\/dev6.erresse-shop.it\/#website\"},\"primaryImageOfPage\":{\"@id\":\"https:\/\/dev6.erresse-shop.it\/de\/shop\/toepfe-pfannen\/toepfe-und-kochtoepfen\/le-creuset-langstieliger-schmortopf-holly-21-cm-baumwolle\/#primaryimage\"},\"image\":{\"@id\":\"https:\/\/dev6.erresse-shop.it\/de\/shop\/toepfe-pfannen\/toepfe-und-kochtoepfen\/le-creuset-langstieliger-schmortopf-holly-21-cm-baumwolle\/#primaryimage\"},\"thumbnailUrl\":\"https:\/\/i3.wp.com\/interpim.erresse-shop.it\/Import\/Prodotti\/le-creuset-casseruola-con-manico-lungo-holly-21-cm-cotton.jpg?ssl=1\",\"datePublished\":\"2026-04-04T10:04:18+00:00\",\"description\":\"Ganz gleich, ob es sich um eine Sauce zum W\u00fcrzen Ihres Weihnachtsbratens oder um die W\u00fcrze von sautiertem Gem\u00fcse handelt, bereiten Sie Ihr Rezept in\",\"breadcrumb\":{\"@id\":\"https:\/\/dev6.erresse-shop.it\/de\/shop\/toepfe-pfannen\/toepfe-und-kochtoepfen\/le-creuset-langstieliger-schmortopf-holly-21-cm-baumwolle\/#breadcrumb\"},\"inLanguage\":\"de\",\"potentialAction\":[{\"@type\":\"ReadAction\",\"target\":[\"https:\/\/dev6.erresse-shop.it\/de\/shop\/toepfe-pfannen\/toepfe-und-kochtoepfen\/le-creuset-langstieliger-schmortopf-holly-21-cm-baumwolle\/\"]}]},{\"@type\":\"ImageObject\",\"inLanguage\":\"de\",\"@id\":\"https:\/\/dev6.erresse-shop.it\/de\/shop\/toepfe-pfannen\/toepfe-und-kochtoepfen\/le-creuset-langstieliger-schmortopf-holly-21-cm-baumwolle\/#primaryimage\",\"url\":\"https:\/\/i3.wp.com\/interpim.erresse-shop.it\/Import\/Prodotti\/le-creuset-casseruola-con-manico-lungo-holly-21-cm-cotton.jpg?ssl=1\",\"contentUrl\":\"https:\/\/i3.wp.com\/interpim.erresse-shop.it\/Import\/Prodotti\/le-creuset-casseruola-con-manico-lungo-holly-21-cm-cotton.jpg?ssl=1\"},{\"@type\":\"BreadcrumbList\",\"@id\":\"https:\/\/dev6.erresse-shop.it\/de\/shop\/toepfe-pfannen\/toepfe-und-kochtoepfen\/le-creuset-langstieliger-schmortopf-holly-21-cm-baumwolle\/#breadcrumb\",\"itemListElement\":[{\"@type\":\"ListItem\",\"position\":1,\"name\":\"Home\",\"item\":\"https:\/\/dev6.erresse-shop.it\/\"},{\"@type\":\"ListItem\",\"position\":2,\"name\":\"Shop\",\"item\":\"https:\/\/dev6.erresse-shop.it\/shop\/\"},{\"@type\":\"ListItem\",\"position\":3,\"name\":\"LE CREUSET Langstieliger Schmortopf Holly 21 cm Baumwolle\"}]},{\"@type\":\"WebSite\",\"@id\":\"https:\/\/dev6.erresse-shop.it\/#website\",\"url\":\"https:\/\/dev6.erresse-shop.it\/\",\"name\":\"Erresse Shop\",\"description\":\"\",\"publisher\":{\"@id\":\"https:\/\/dev6.erresse-shop.it\/#organization\"},\"potentialAction\":[{\"@type\":\"SearchAction\",\"target\":{\"@type\":\"EntryPoint\",\"urlTemplate\":\"https:\/\/dev6.erresse-shop.it\/?s={search_term_string}\"},\"query-input\":{\"@type\":\"PropertyValueSpecification\",\"valueRequired\":true,\"valueName\":\"search_term_string\"}}],\"inLanguage\":\"de\"},{\"@type\":\"Organization\",\"@id\":\"https:\/\/dev6.erresse-shop.it\/#organization\",\"name\":\"Erresse Shop\",\"url\":\"https:\/\/dev6.erresse-shop.it\/\",\"logo\":{\"@type\":\"ImageObject\",\"inLanguage\":\"de\",\"@id\":\"https:\/\/dev6.erresse-shop.it\/#\/schema\/logo\/image\/\",\"url\":\"https:\/\/dev6.erresse-shop.it\/wp-content\/uploads\/2025\/01\/LOGO-ERRESSE-CLASSICO.svg\",\"contentUrl\":\"https:\/\/dev6.erresse-shop.it\/wp-content\/uploads\/2025\/01\/LOGO-ERRESSE-CLASSICO.svg\",\"caption\":\"Erresse Shop\"},\"image\":{\"@id\":\"https:\/\/dev6.erresse-shop.it\/#\/schema\/logo\/image\/\"}}]}<\/script>\n<!-- \/ Yoast SEO plugin. -->","yoast_head_json":{"title":"LE CREUSET Langstieliger Schmortopf Holly 21 cm Baumwolle - dev6 Erresse","description":"Ganz gleich, ob es sich um eine Sauce zum W\u00fcrzen Ihres Weihnachtsbratens oder um die W\u00fcrze von sautiertem Gem\u00fcse handelt, bereiten Sie Ihr Rezept in","robots":{"index":"noindex","follow":"follow","max-snippet":"max-snippet:-1","max-image-preview":"max-image-preview:large","max-video-preview":"max-video-preview:-1"},"og_locale":"de_DE","og_type":"article","og_title":"LE CREUSET Langstieliger Schmortopf Holly 21 cm Baumwolle - dev6 Erresse","og_description":"Ganz gleich, ob es sich um eine Sauce zum W\u00fcrzen Ihres Weihnachtsbratens oder um die W\u00fcrze von sautiertem Gem\u00fcse handelt, bereiten Sie Ihr Rezept in","og_url":"https:\/\/dev6.erresse-shop.it\/de\/shop\/toepfe-pfannen\/toepfe-und-kochtoepfen\/le-creuset-langstieliger-schmortopf-holly-21-cm-baumwolle\/","og_site_name":"dev6 Erresse","og_image":[{"url":"https:\/\/interpim.erresse-shop.it\/Import\/Prodotti\/le-creuset-casseruola-con-manico-lungo-holly-21-cm-cotton.jpg","type":"","width":"","height":""},{"url":"https:\/\/interpim.erresse-shop.it\/Import\/Prodotti\/le-creuset-casseruola-con-manico-lungo-holly-21-cm-cotton.jpg","width":1024,"height":1024,"type":"image\/jpeg"}],"twitter_card":"summary_large_image","twitter_image":"https:\/\/interpim.erresse-shop.it\/Import\/Prodotti\/le-creuset-casseruola-con-manico-lungo-holly-21-cm-cotton.jpg","schema":{"@context":"https:\/\/schema.org","@graph":[{"@type":"WebPage","@id":"https:\/\/dev6.erresse-shop.it\/de\/shop\/toepfe-pfannen\/toepfe-und-kochtoepfen\/le-creuset-langstieliger-schmortopf-holly-21-cm-baumwolle\/","url":"https:\/\/dev6.erresse-shop.it\/de\/shop\/toepfe-pfannen\/toepfe-und-kochtoepfen\/le-creuset-langstieliger-schmortopf-holly-21-cm-baumwolle\/","name":"LE CREUSET Langstieliger Schmortopf Holly 21 cm Baumwolle - dev6 Erresse","isPartOf":{"@id":"https:\/\/dev6.erresse-shop.it\/#website"},"primaryImageOfPage":{"@id":"https:\/\/dev6.erresse-shop.it\/de\/shop\/toepfe-pfannen\/toepfe-und-kochtoepfen\/le-creuset-langstieliger-schmortopf-holly-21-cm-baumwolle\/#primaryimage"},"image":{"@id":"https:\/\/dev6.erresse-shop.it\/de\/shop\/toepfe-pfannen\/toepfe-und-kochtoepfen\/le-creuset-langstieliger-schmortopf-holly-21-cm-baumwolle\/#primaryimage"},"thumbnailUrl":"https:\/\/i3.wp.com\/interpim.erresse-shop.it\/Import\/Prodotti\/le-creuset-casseruola-con-manico-lungo-holly-21-cm-cotton.jpg?ssl=1","datePublished":"2026-04-04T10:04:18+00:00","description":"Ganz gleich, ob es sich um eine Sauce zum W\u00fcrzen Ihres Weihnachtsbratens oder um die W\u00fcrze von sautiertem Gem\u00fcse handelt, bereiten Sie Ihr Rezept in","breadcrumb":{"@id":"https:\/\/dev6.erresse-shop.it\/de\/shop\/toepfe-pfannen\/toepfe-und-kochtoepfen\/le-creuset-langstieliger-schmortopf-holly-21-cm-baumwolle\/#breadcrumb"},"inLanguage":"de","potentialAction":[{"@type":"ReadAction","target":["https:\/\/dev6.erresse-shop.it\/de\/shop\/toepfe-pfannen\/toepfe-und-kochtoepfen\/le-creuset-langstieliger-schmortopf-holly-21-cm-baumwolle\/"]}]},{"@type":"ImageObject","inLanguage":"de","@id":"https:\/\/dev6.erresse-shop.it\/de\/shop\/toepfe-pfannen\/toepfe-und-kochtoepfen\/le-creuset-langstieliger-schmortopf-holly-21-cm-baumwolle\/#primaryimage","url":"https:\/\/i3.wp.com\/interpim.erresse-shop.it\/Import\/Prodotti\/le-creuset-casseruola-con-manico-lungo-holly-21-cm-cotton.jpg?ssl=1","contentUrl":"https:\/\/i3.wp.com\/interpim.erresse-shop.it\/Import\/Prodotti\/le-creuset-casseruola-con-manico-lungo-holly-21-cm-cotton.jpg?ssl=1"},{"@type":"BreadcrumbList","@id":"https:\/\/dev6.erresse-shop.it\/de\/shop\/toepfe-pfannen\/toepfe-und-kochtoepfen\/le-creuset-langstieliger-schmortopf-holly-21-cm-baumwolle\/#breadcrumb","itemListElement":[{"@type":"ListItem","position":1,"name":"Home","item":"https:\/\/dev6.erresse-shop.it\/"},{"@type":"ListItem","position":2,"name":"Shop","item":"https:\/\/dev6.erresse-shop.it\/shop\/"},{"@type":"ListItem","position":3,"name":"LE CREUSET Langstieliger Schmortopf Holly 21 cm Baumwolle"}]},{"@type":"WebSite","@id":"https:\/\/dev6.erresse-shop.it\/#website","url":"https:\/\/dev6.erresse-shop.it\/","name":"Erresse Shop","description":"","publisher":{"@id":"https:\/\/dev6.erresse-shop.it\/#organization"},"potentialAction":[{"@type":"SearchAction","target":{"@type":"EntryPoint","urlTemplate":"https:\/\/dev6.erresse-shop.it\/?s={search_term_string}"},"query-input":{"@type":"PropertyValueSpecification","valueRequired":true,"valueName":"search_term_string"}}],"inLanguage":"de"},{"@type":"Organization","@id":"https:\/\/dev6.erresse-shop.it\/#organization","name":"Erresse Shop","url":"https:\/\/dev6.erresse-shop.it\/","logo":{"@type":"ImageObject","inLanguage":"de","@id":"https:\/\/dev6.erresse-shop.it\/#\/schema\/logo\/image\/","url":"https:\/\/dev6.erresse-shop.it\/wp-content\/uploads\/2025\/01\/LOGO-ERRESSE-CLASSICO.svg","contentUrl":"https:\/\/dev6.erresse-shop.it\/wp-content\/uploads\/2025\/01\/LOGO-ERRESSE-CLASSICO.svg","caption":"Erresse Shop"},"image":{"@id":"https:\/\/dev6.erresse-shop.it\/#\/schema\/logo\/image\/"}}]}},"df_price":209.95,"df_sale_price":209.95,"df_regular_price":309,"df_image_link":"https:\/\/i3.wp.com\/interpim.erresse-shop.it\/Import\/Prodotti\/le-creuset-casseruola-con-manico-lungo-holly-21-cm-cotton.jpg?resize=300,300&ssl=1","fifu_image_url":"https:\/\/interpim.erresse-shop.it\/Import\/Prodotti\/le-creuset-casseruola-con-manico-lungo-holly-21-cm-cotton.jpg","_links":{"self":[{"href":"https:\/\/dev6.erresse-shop.it\/de\/wp-json\/wp\/v2\/product\/56372","targetHints":{"allow":["GET"]}}],"collection":[{"href":"https:\/\/dev6.erresse-shop.it\/de\/wp-json\/wp\/v2\/product"}],"about":[{"href":"https:\/\/dev6.erresse-shop.it\/de\/wp-json\/wp\/v2\/types\/product"}],"wp:featuredmedia":[{"embeddable":true,"href":"https:\/\/dev6.erresse-shop.it\/de\/wp-json\/wp\/v2\/media\/6287876"}],"wp:attachment":[{"href":"https:\/\/dev6.erresse-shop.it\/de\/wp-json\/wp\/v2\/media?parent=56372"}],"wp:term":[{"taxonomy":"product_cat","embeddable":true,"href":"https:\/\/dev6.erresse-shop.it\/de\/wp-json\/wp\/v2\/product_cat?post=56372"},{"taxonomy":"product_tag","embeddable":true,"href":"https:\/\/dev6.erresse-shop.it\/de\/wp-json\/wp\/v2\/product_tag?post=56372"}],"curies":[{"name":"wp","href":"https:\/\/api.w.org\/{rel}","templated":true}]}}