{"id":56352,"date":"2026-04-03T12:54:35","date_gmt":"2026-04-03T10:54:35","guid":{"rendered":"https:\/\/dev6.erresse-shop.it\/shop\/unkategorisiert\/le-creuset-cappuccino-tasse-london-200-ml-artischocke-gruen\/"},"modified":"2025-09-14T02:28:22","modified_gmt":"2025-09-14T00:28:22","slug":"le-creuset-cappuccino-tasse-london-200-ml-artischocke-gruen","status":"publish","type":"product","link":"https:\/\/dev6.erresse-shop.it\/de\/shop\/tisch\/tassen\/le-creuset-cappuccino-tasse-london-200-ml-artischocke-gruen\/","title":{"rendered":"LE CREUSET Cappuccino Tasse London 200 ml Artischocke Gr\u00fcn"},"content":{"rendered":"<p>Genie\u00dfen Sie einen schaumigen Cappuccino vor dem Kamin. Die limitierte Cappuccino-Tasse der Holly Collection liegt angenehm in der Hand und speichert die W\u00e4rme. Sie w\u00e4rmt Ihr Weihnachtsfest auf. Diese Weihnachtstasse wird Ihnen und Ihren G\u00e4sten ein besonderes Gef\u00fchl geben.<\/p>\n<p style=\"text-align: justify;\">Produktdetails:<\/p>\n<p class=\"mb-3\">Immer auf dem neuesten Stand: Unser Steinzeug ist kratzfest und leicht zu reinigen.<\/p>\n<p class=\"mb-3\">Hervorragende Handwerkskunst: Unsere Produkte aus Steinzeug bestehen aus hochwertigem Steinzeug und halten gleichm\u00e4\u00dfige Temperaturen aufrecht und garantieren Widerstandsf\u00e4higkeit und Haltbarkeit im Laufe der Zeit.<\/p>\n<p class=\"mb-3\">Geeignet f\u00fcr Hitze und K\u00e4lte: Unser Steingut ist hitzebest\u00e4ndig von -23\u00b0C bis &#43;260\u00b0C.<\/p>\n<p class=\"mb-3\">Beste seiner Klasse: Unsere Produkte werden aus den besten Materialien hergestellt, um h\u00f6chste Qualit\u00e4t zu garantieren.<\/p>\n<p>Material: Verglastes Steinzeug<br \/>\nHergestellt in: Thailand<br \/>\nGarantie: 10 Jahre<\/p>\n<p>Fassungsverm\u00f6gen: 0,2 l<\/p>\n<p>W\u00e4rmequelle:<\/p>\n<p>Ofen<br \/>\nOfen im Grillmodus<br \/>\nMikrowelle<\/p>\n<p>Reinigung und Pflege:<\/p>\n<p class=\"mb-3\">Warten Sie, bis das Produkt vollst\u00e4ndig abgek\u00fchlt ist, bevor Sie mit der Reinigung beginnen.<\/p>\n<p class=\"mb-3\">\n<p class=\"mb-3\">Entfernen Sie alle R\u00fcckst\u00e4nde von der Basis und den Kanten des Produkts. Bei hartn\u00e4ckigen Speiseresten f\u00fcllen Sie das Produkt mit warmem Seifenwasser und lassen es vor dem Waschen 15\u201320 Minuten einweichen.<\/p>\n<p class=\"mb-3\">\n<p class=\"mb-3\">Waschen und trocknen Sie Ihr Steinzeugprodukt von Hand oder geben Sie es f\u00fcr einen vollst\u00e4ndigen Zyklus in die Sp\u00fclmaschine.<\/p>\n","protected":false},"excerpt":{"rendered":"<p>Genie\u00dfen Sie einen schaumigen Cappuccino vor dem Kamin. Die limitierte Cappuccino-Tasse der Holly Collection liegt angenehm in der Hand und speichert die W\u00e4rme. Sie w\u00e4rmt Ihr Weihnachtsfest auf. Diese Weihnachtstasse wird Ihnen und Ihren G\u00e4sten ein besonderes Gef\u00fchl geben. Produktdetails: Immer auf dem neuesten Stand: Unser Steinzeug ist kratzfest und leicht zu reinigen. Hervorragende Handwerkskunst: [&hellip;]<\/p>\n","protected":false},"featured_media":6246120,"template":"","meta":{"_acf_changed":false},"product_cat":[12121,11671,12103],"product_tag":[],"class_list":{"0":"post-56352","1":"product","2":"type-product","3":"status-publish","4":"has-post-thumbnail","6":"product_cat-tassen","7":"product_cat-tavola","8":"product_cat-tisch","10":"first","11":"instock","12":"taxable","13":"shipping-taxable","14":"purchasable","15":"product-type-simple","swatches":"rey-swatches","show_selected":"","stretch_labels":"rey-swatches--stretch-labels"},"acf":[],"yoast_head":"<!-- This site is optimized with the Yoast SEO plugin v25.4 - https:\/\/yoast.com\/wordpress\/plugins\/seo\/ -->\n<title>LE CREUSET Cappuccino Tasse London 200 ml Artischocke Gr\u00fcn - dev6 Erresse<\/title>\n<meta name=\"description\" content=\"Genie\u00dfen Sie einen schaumigen Cappuccino vor dem Kamin. Die limitierte Cappuccino-Tasse der Holly Collection liegt angenehm in der Hand und speichert die\" \/>\n<meta name=\"robots\" content=\"noindex, follow, max-snippet:-1, max-image-preview:large, max-video-preview:-1\" \/>\n<meta property=\"og:locale\" content=\"de_DE\" \/>\n<meta property=\"og:type\" content=\"article\" \/>\n<meta property=\"og:title\" content=\"LE CREUSET Cappuccino Tasse London 200 ml Artischocke Gr\u00fcn - dev6 Erresse\" \/>\n<meta property=\"og:description\" content=\"Genie\u00dfen Sie einen schaumigen Cappuccino vor dem Kamin. Die limitierte Cappuccino-Tasse der Holly Collection liegt angenehm in der Hand und speichert die\" \/>\n<meta property=\"og:url\" content=\"https:\/\/dev6.erresse-shop.it\/de\/shop\/tisch\/tassen\/le-creuset-cappuccino-tasse-london-200-ml-artischocke-gruen\/\" \/>\n<meta property=\"og:site_name\" content=\"dev6 Erresse\" \/>\n<meta property=\"og:image\" content=\"https:\/\/interpim.erresse-shop.it\/Import\/Prodotti\/le-creuset-tazza-cappuccino-200-ml-verde-carciofo.jpg\" \/><meta property=\"og:image\" content=\"https:\/\/interpim.erresse-shop.it\/Import\/Prodotti\/le-creuset-tazza-cappuccino-200-ml-verde-carciofo.jpg\" \/>\n\t<meta property=\"og:image:width\" content=\"1024\" \/>\n\t<meta property=\"og:image:height\" content=\"1024\" \/>\n\t<meta property=\"og:image:type\" content=\"image\/jpeg\" \/>\n<meta name=\"twitter:card\" content=\"summary_large_image\" \/>\n<meta name=\"twitter:image\" content=\"https:\/\/interpim.erresse-shop.it\/Import\/Prodotti\/le-creuset-tazza-cappuccino-200-ml-verde-carciofo.jpg\" \/>\n<script type=\"application\/ld+json\" class=\"yoast-schema-graph\">{\"@context\":\"https:\/\/schema.org\",\"@graph\":[{\"@type\":\"WebPage\",\"@id\":\"https:\/\/dev6.erresse-shop.it\/de\/shop\/tisch\/tassen\/le-creuset-cappuccino-tasse-london-200-ml-artischocke-gruen\/\",\"url\":\"https:\/\/dev6.erresse-shop.it\/de\/shop\/tisch\/tassen\/le-creuset-cappuccino-tasse-london-200-ml-artischocke-gruen\/\",\"name\":\"LE CREUSET Cappuccino Tasse London 200 ml Artischocke Gr\u00fcn - dev6 Erresse\",\"isPartOf\":{\"@id\":\"https:\/\/dev6.erresse-shop.it\/#website\"},\"primaryImageOfPage\":{\"@id\":\"https:\/\/dev6.erresse-shop.it\/de\/shop\/tisch\/tassen\/le-creuset-cappuccino-tasse-london-200-ml-artischocke-gruen\/#primaryimage\"},\"image\":{\"@id\":\"https:\/\/dev6.erresse-shop.it\/de\/shop\/tisch\/tassen\/le-creuset-cappuccino-tasse-london-200-ml-artischocke-gruen\/#primaryimage\"},\"thumbnailUrl\":\"https:\/\/i1.wp.com\/interpim.erresse-shop.it\/Import\/Prodotti\/le-creuset-tazza-cappuccino-200-ml-verde-carciofo.jpg?ssl=1\",\"datePublished\":\"2026-04-03T10:54:35+00:00\",\"description\":\"Genie\u00dfen Sie einen schaumigen Cappuccino vor dem Kamin. Die limitierte Cappuccino-Tasse der Holly Collection liegt angenehm in der Hand und speichert die\",\"breadcrumb\":{\"@id\":\"https:\/\/dev6.erresse-shop.it\/de\/shop\/tisch\/tassen\/le-creuset-cappuccino-tasse-london-200-ml-artischocke-gruen\/#breadcrumb\"},\"inLanguage\":\"de\",\"potentialAction\":[{\"@type\":\"ReadAction\",\"target\":[\"https:\/\/dev6.erresse-shop.it\/de\/shop\/tisch\/tassen\/le-creuset-cappuccino-tasse-london-200-ml-artischocke-gruen\/\"]}]},{\"@type\":\"ImageObject\",\"inLanguage\":\"de\",\"@id\":\"https:\/\/dev6.erresse-shop.it\/de\/shop\/tisch\/tassen\/le-creuset-cappuccino-tasse-london-200-ml-artischocke-gruen\/#primaryimage\",\"url\":\"https:\/\/i1.wp.com\/interpim.erresse-shop.it\/Import\/Prodotti\/le-creuset-tazza-cappuccino-200-ml-verde-carciofo.jpg?ssl=1\",\"contentUrl\":\"https:\/\/i1.wp.com\/interpim.erresse-shop.it\/Import\/Prodotti\/le-creuset-tazza-cappuccino-200-ml-verde-carciofo.jpg?ssl=1\"},{\"@type\":\"BreadcrumbList\",\"@id\":\"https:\/\/dev6.erresse-shop.it\/de\/shop\/tisch\/tassen\/le-creuset-cappuccino-tasse-london-200-ml-artischocke-gruen\/#breadcrumb\",\"itemListElement\":[{\"@type\":\"ListItem\",\"position\":1,\"name\":\"Home\",\"item\":\"https:\/\/dev6.erresse-shop.it\/\"},{\"@type\":\"ListItem\",\"position\":2,\"name\":\"Shop\",\"item\":\"https:\/\/dev6.erresse-shop.it\/shop\/\"},{\"@type\":\"ListItem\",\"position\":3,\"name\":\"LE CREUSET Cappuccino Tasse London 200 ml Artischocke Gr\u00fcn\"}]},{\"@type\":\"WebSite\",\"@id\":\"https:\/\/dev6.erresse-shop.it\/#website\",\"url\":\"https:\/\/dev6.erresse-shop.it\/\",\"name\":\"Erresse Shop\",\"description\":\"\",\"publisher\":{\"@id\":\"https:\/\/dev6.erresse-shop.it\/#organization\"},\"potentialAction\":[{\"@type\":\"SearchAction\",\"target\":{\"@type\":\"EntryPoint\",\"urlTemplate\":\"https:\/\/dev6.erresse-shop.it\/?s={search_term_string}\"},\"query-input\":{\"@type\":\"PropertyValueSpecification\",\"valueRequired\":true,\"valueName\":\"search_term_string\"}}],\"inLanguage\":\"de\"},{\"@type\":\"Organization\",\"@id\":\"https:\/\/dev6.erresse-shop.it\/#organization\",\"name\":\"Erresse Shop\",\"url\":\"https:\/\/dev6.erresse-shop.it\/\",\"logo\":{\"@type\":\"ImageObject\",\"inLanguage\":\"de\",\"@id\":\"https:\/\/dev6.erresse-shop.it\/#\/schema\/logo\/image\/\",\"url\":\"https:\/\/dev6.erresse-shop.it\/wp-content\/uploads\/2025\/01\/LOGO-ERRESSE-CLASSICO.svg\",\"contentUrl\":\"https:\/\/dev6.erresse-shop.it\/wp-content\/uploads\/2025\/01\/LOGO-ERRESSE-CLASSICO.svg\",\"caption\":\"Erresse Shop\"},\"image\":{\"@id\":\"https:\/\/dev6.erresse-shop.it\/#\/schema\/logo\/image\/\"}}]}<\/script>\n<!-- \/ Yoast SEO plugin. -->","yoast_head_json":{"title":"LE CREUSET Cappuccino Tasse London 200 ml Artischocke Gr\u00fcn - dev6 Erresse","description":"Genie\u00dfen Sie einen schaumigen Cappuccino vor dem Kamin. Die limitierte Cappuccino-Tasse der Holly Collection liegt angenehm in der Hand und speichert die","robots":{"index":"noindex","follow":"follow","max-snippet":"max-snippet:-1","max-image-preview":"max-image-preview:large","max-video-preview":"max-video-preview:-1"},"og_locale":"de_DE","og_type":"article","og_title":"LE CREUSET Cappuccino Tasse London 200 ml Artischocke Gr\u00fcn - dev6 Erresse","og_description":"Genie\u00dfen Sie einen schaumigen Cappuccino vor dem Kamin. Die limitierte Cappuccino-Tasse der Holly Collection liegt angenehm in der Hand und speichert die","og_url":"https:\/\/dev6.erresse-shop.it\/de\/shop\/tisch\/tassen\/le-creuset-cappuccino-tasse-london-200-ml-artischocke-gruen\/","og_site_name":"dev6 Erresse","og_image":[{"url":"https:\/\/interpim.erresse-shop.it\/Import\/Prodotti\/le-creuset-tazza-cappuccino-200-ml-verde-carciofo.jpg","type":"","width":"","height":""},{"url":"https:\/\/interpim.erresse-shop.it\/Import\/Prodotti\/le-creuset-tazza-cappuccino-200-ml-verde-carciofo.jpg","width":1024,"height":1024,"type":"image\/jpeg"}],"twitter_card":"summary_large_image","twitter_image":"https:\/\/interpim.erresse-shop.it\/Import\/Prodotti\/le-creuset-tazza-cappuccino-200-ml-verde-carciofo.jpg","schema":{"@context":"https:\/\/schema.org","@graph":[{"@type":"WebPage","@id":"https:\/\/dev6.erresse-shop.it\/de\/shop\/tisch\/tassen\/le-creuset-cappuccino-tasse-london-200-ml-artischocke-gruen\/","url":"https:\/\/dev6.erresse-shop.it\/de\/shop\/tisch\/tassen\/le-creuset-cappuccino-tasse-london-200-ml-artischocke-gruen\/","name":"LE CREUSET Cappuccino Tasse London 200 ml Artischocke Gr\u00fcn - dev6 Erresse","isPartOf":{"@id":"https:\/\/dev6.erresse-shop.it\/#website"},"primaryImageOfPage":{"@id":"https:\/\/dev6.erresse-shop.it\/de\/shop\/tisch\/tassen\/le-creuset-cappuccino-tasse-london-200-ml-artischocke-gruen\/#primaryimage"},"image":{"@id":"https:\/\/dev6.erresse-shop.it\/de\/shop\/tisch\/tassen\/le-creuset-cappuccino-tasse-london-200-ml-artischocke-gruen\/#primaryimage"},"thumbnailUrl":"https:\/\/i1.wp.com\/interpim.erresse-shop.it\/Import\/Prodotti\/le-creuset-tazza-cappuccino-200-ml-verde-carciofo.jpg?ssl=1","datePublished":"2026-04-03T10:54:35+00:00","description":"Genie\u00dfen Sie einen schaumigen Cappuccino vor dem Kamin. Die limitierte Cappuccino-Tasse der Holly Collection liegt angenehm in der Hand und speichert die","breadcrumb":{"@id":"https:\/\/dev6.erresse-shop.it\/de\/shop\/tisch\/tassen\/le-creuset-cappuccino-tasse-london-200-ml-artischocke-gruen\/#breadcrumb"},"inLanguage":"de","potentialAction":[{"@type":"ReadAction","target":["https:\/\/dev6.erresse-shop.it\/de\/shop\/tisch\/tassen\/le-creuset-cappuccino-tasse-london-200-ml-artischocke-gruen\/"]}]},{"@type":"ImageObject","inLanguage":"de","@id":"https:\/\/dev6.erresse-shop.it\/de\/shop\/tisch\/tassen\/le-creuset-cappuccino-tasse-london-200-ml-artischocke-gruen\/#primaryimage","url":"https:\/\/i1.wp.com\/interpim.erresse-shop.it\/Import\/Prodotti\/le-creuset-tazza-cappuccino-200-ml-verde-carciofo.jpg?ssl=1","contentUrl":"https:\/\/i1.wp.com\/interpim.erresse-shop.it\/Import\/Prodotti\/le-creuset-tazza-cappuccino-200-ml-verde-carciofo.jpg?ssl=1"},{"@type":"BreadcrumbList","@id":"https:\/\/dev6.erresse-shop.it\/de\/shop\/tisch\/tassen\/le-creuset-cappuccino-tasse-london-200-ml-artischocke-gruen\/#breadcrumb","itemListElement":[{"@type":"ListItem","position":1,"name":"Home","item":"https:\/\/dev6.erresse-shop.it\/"},{"@type":"ListItem","position":2,"name":"Shop","item":"https:\/\/dev6.erresse-shop.it\/shop\/"},{"@type":"ListItem","position":3,"name":"LE CREUSET Cappuccino Tasse London 200 ml Artischocke Gr\u00fcn"}]},{"@type":"WebSite","@id":"https:\/\/dev6.erresse-shop.it\/#website","url":"https:\/\/dev6.erresse-shop.it\/","name":"Erresse Shop","description":"","publisher":{"@id":"https:\/\/dev6.erresse-shop.it\/#organization"},"potentialAction":[{"@type":"SearchAction","target":{"@type":"EntryPoint","urlTemplate":"https:\/\/dev6.erresse-shop.it\/?s={search_term_string}"},"query-input":{"@type":"PropertyValueSpecification","valueRequired":true,"valueName":"search_term_string"}}],"inLanguage":"de"},{"@type":"Organization","@id":"https:\/\/dev6.erresse-shop.it\/#organization","name":"Erresse Shop","url":"https:\/\/dev6.erresse-shop.it\/","logo":{"@type":"ImageObject","inLanguage":"de","@id":"https:\/\/dev6.erresse-shop.it\/#\/schema\/logo\/image\/","url":"https:\/\/dev6.erresse-shop.it\/wp-content\/uploads\/2025\/01\/LOGO-ERRESSE-CLASSICO.svg","contentUrl":"https:\/\/dev6.erresse-shop.it\/wp-content\/uploads\/2025\/01\/LOGO-ERRESSE-CLASSICO.svg","caption":"Erresse Shop"},"image":{"@id":"https:\/\/dev6.erresse-shop.it\/#\/schema\/logo\/image\/"}}]}},"df_price":19,"df_sale_price":"","df_regular_price":19,"df_image_link":"https:\/\/i1.wp.com\/interpim.erresse-shop.it\/Import\/Prodotti\/le-creuset-tazza-cappuccino-200-ml-verde-carciofo.jpg?resize=300,300&ssl=1","fifu_image_url":"https:\/\/interpim.erresse-shop.it\/Import\/Prodotti\/le-creuset-tazza-cappuccino-200-ml-verde-carciofo.jpg","_links":{"self":[{"href":"https:\/\/dev6.erresse-shop.it\/de\/wp-json\/wp\/v2\/product\/56352","targetHints":{"allow":["GET"]}}],"collection":[{"href":"https:\/\/dev6.erresse-shop.it\/de\/wp-json\/wp\/v2\/product"}],"about":[{"href":"https:\/\/dev6.erresse-shop.it\/de\/wp-json\/wp\/v2\/types\/product"}],"wp:featuredmedia":[{"embeddable":true,"href":"https:\/\/dev6.erresse-shop.it\/de\/wp-json\/wp\/v2\/media\/6246120"}],"wp:attachment":[{"href":"https:\/\/dev6.erresse-shop.it\/de\/wp-json\/wp\/v2\/media?parent=56352"}],"wp:term":[{"taxonomy":"product_cat","embeddable":true,"href":"https:\/\/dev6.erresse-shop.it\/de\/wp-json\/wp\/v2\/product_cat?post=56352"},{"taxonomy":"product_tag","embeddable":true,"href":"https:\/\/dev6.erresse-shop.it\/de\/wp-json\/wp\/v2\/product_tag?post=56352"}],"curies":[{"name":"wp","href":"https:\/\/api.w.org\/{rel}","templated":true}]}}