{"id":56340,"date":"2026-04-12T12:07:02","date_gmt":"2026-04-12T10:07:02","guid":{"rendered":"https:\/\/dev6.erresse-shop.it\/shop\/unkategorisiert\/le-creuset-mehrzweckschale-holly-25-cm-weiss\/"},"modified":"2025-11-30T17:48:14","modified_gmt":"2025-11-30T16:48:14","slug":"le-creuset-mehrzweckschale-holly-25-cm-weiss","status":"publish","type":"product","link":"https:\/\/dev6.erresse-shop.it\/de\/shop\/tisch\/koerbe-und-schalen\/le-creuset-mehrzweckschale-holly-25-cm-weiss\/","title":{"rendered":"LE CREUSET Mehrzweckschale Holly 25 cm Wei\u00df"},"content":{"rendered":"<p>Bringen Sie dieses Weihnachten Stil auf den Tisch. Diese mit Weihnachtsmotiven verzierte Mehrzweckschale aus unserer limitierten Holly-Kollektion verleiht Ihrem Tisch eine festliche Note. Handgefertigt aus verglastem Steinzeug, ist es das perfekte Herzst\u00fcck f\u00fcr Partys.<\/p>\n<p class=\"mb-3\">Immer auf dem neuesten Stand: Unser Steinzeug ist kratzfest und leicht zu reinigen.<\/p>\n<p class=\"mb-3\">Hervorragende Handwerkskunst: Unsere Produkte aus Steinzeug bestehen aus hochwertigem Steinzeug und halten gleichm\u00e4\u00dfige Temperaturen aufrecht und garantieren Widerstandsf\u00e4higkeit und Haltbarkeit im Laufe der Zeit.<\/p>\n<p class=\"mb-3\">Geeignet f\u00fcr Hitze und K\u00e4lte: Unser Steingut ist hitzebest\u00e4ndig von -23\u00b0C bis &#43;260\u00b0C.<\/p>\n<p class=\"mb-3\">Beste seiner Klasse: Unsere Produkte werden aus den besten Materialien hergestellt, um h\u00f6chste Qualit\u00e4t zu garantieren.<\/p>\n<p>Material: Verglastes Steinzeug<br \/>\nHergestellt in: Thailand<br \/>\nGarantie: 10 Jahre<\/p>\n<p>W\u00e4rmequelle:<\/p>\n<p>Ofen<br \/>\nOfengrillmodus<br \/>\nMikrowelle<\/p>\n<p>Reinigung und Pflege:<\/p>\n<p class=\"mb-3\">Warten Sie, bis das Produkt vollst\u00e4ndig abgek\u00fchlt ist, bevor Sie mit der Reinigung beginnen.<\/p>\n<p class=\"mb-3\">Entfernen Sie alle R\u00fcckst\u00e4nde von der Basis und den Kanten des Produkts. Bei hartn\u00e4ckigen Speiseresten f\u00fcllen Sie das Produkt mit warmem Seifenwasser und lassen es vor dem Waschen 15\u201320 Minuten einweichen.<\/p>\n<p class=\"mb-3\">Waschen und trocknen Sie Ihr Steinzeugprodukt von Hand oder geben Sie es f\u00fcr einen vollst\u00e4ndigen Zyklus in die Sp\u00fclmaschine.<\/p>\n","protected":false},"excerpt":{"rendered":"<p>Bringen Sie dieses Weihnachten Stil auf den Tisch. Diese mit Weihnachtsmotiven verzierte Mehrzweckschale aus unserer limitierten Holly-Kollektion verleiht Ihrem Tisch eine festliche Note. Handgefertigt aus verglastem Steinzeug, ist es das perfekte Herzst\u00fcck f\u00fcr Partys. Immer auf dem neuesten Stand: Unser Steinzeug ist kratzfest und leicht zu reinigen. Hervorragende Handwerkskunst: Unsere Produkte aus Steinzeug bestehen aus [&hellip;]<\/p>\n","protected":false},"featured_media":6370952,"template":"","meta":{"_acf_changed":false},"product_cat":[12123,11671,12103],"product_tag":[],"class_list":{"0":"post-56340","1":"product","2":"type-product","3":"status-publish","4":"has-post-thumbnail","6":"product_cat-koerbe-und-schalen","7":"product_cat-tavola","8":"product_cat-tisch","10":"first","11":"instock","12":"sale","13":"taxable","14":"shipping-taxable","15":"purchasable","16":"product-type-simple","swatches":"rey-swatches","show_selected":"","stretch_labels":"rey-swatches--stretch-labels"},"acf":[],"yoast_head":"<!-- This site is optimized with the Yoast SEO plugin v25.4 - https:\/\/yoast.com\/wordpress\/plugins\/seo\/ -->\n<title>LE CREUSET Mehrzweckschale Holly 25 cm Wei\u00df - dev6 Erresse<\/title>\n<meta name=\"description\" content=\"Bringen Sie dieses Weihnachten Stil auf den Tisch. Diese mit Weihnachtsmotiven verzierte Mehrzweckschale aus unserer limitierten Holly-Kollektion verleiht\" \/>\n<meta name=\"robots\" content=\"noindex, follow, max-snippet:-1, max-image-preview:large, max-video-preview:-1\" \/>\n<meta property=\"og:locale\" content=\"de_DE\" \/>\n<meta property=\"og:type\" content=\"article\" \/>\n<meta property=\"og:title\" content=\"LE CREUSET Mehrzweckschale Holly 25 cm Wei\u00df - dev6 Erresse\" \/>\n<meta property=\"og:description\" content=\"Bringen Sie dieses Weihnachten Stil auf den Tisch. Diese mit Weihnachtsmotiven verzierte Mehrzweckschale aus unserer limitierten Holly-Kollektion verleiht\" \/>\n<meta property=\"og:url\" content=\"https:\/\/dev6.erresse-shop.it\/de\/shop\/tisch\/koerbe-und-schalen\/le-creuset-mehrzweckschale-holly-25-cm-weiss\/\" \/>\n<meta property=\"og:site_name\" content=\"dev6 Erresse\" \/>\n<meta property=\"og:image\" content=\"https:\/\/interpim.erresse-shop.it\/Import\/Prodotti\/le-creuset-ciotola-multiuso-holly-25-cm-bianco.jpg\" \/><meta property=\"og:image\" content=\"https:\/\/interpim.erresse-shop.it\/Import\/Prodotti\/le-creuset-ciotola-multiuso-holly-25-cm-bianco.jpg\" \/>\n\t<meta property=\"og:image:width\" content=\"1024\" \/>\n\t<meta property=\"og:image:height\" content=\"1024\" \/>\n\t<meta property=\"og:image:type\" content=\"image\/jpeg\" \/>\n<meta name=\"twitter:card\" content=\"summary_large_image\" \/>\n<meta name=\"twitter:image\" content=\"https:\/\/interpim.erresse-shop.it\/Import\/Prodotti\/le-creuset-ciotola-multiuso-holly-25-cm-bianco.jpg\" \/>\n<script type=\"application\/ld+json\" class=\"yoast-schema-graph\">{\"@context\":\"https:\/\/schema.org\",\"@graph\":[{\"@type\":\"WebPage\",\"@id\":\"https:\/\/dev6.erresse-shop.it\/de\/shop\/tisch\/koerbe-und-schalen\/le-creuset-mehrzweckschale-holly-25-cm-weiss\/\",\"url\":\"https:\/\/dev6.erresse-shop.it\/de\/shop\/tisch\/koerbe-und-schalen\/le-creuset-mehrzweckschale-holly-25-cm-weiss\/\",\"name\":\"LE CREUSET Mehrzweckschale Holly 25 cm Wei\u00df - dev6 Erresse\",\"isPartOf\":{\"@id\":\"https:\/\/dev6.erresse-shop.it\/#website\"},\"primaryImageOfPage\":{\"@id\":\"https:\/\/dev6.erresse-shop.it\/de\/shop\/tisch\/koerbe-und-schalen\/le-creuset-mehrzweckschale-holly-25-cm-weiss\/#primaryimage\"},\"image\":{\"@id\":\"https:\/\/dev6.erresse-shop.it\/de\/shop\/tisch\/koerbe-und-schalen\/le-creuset-mehrzweckschale-holly-25-cm-weiss\/#primaryimage\"},\"thumbnailUrl\":\"https:\/\/i0.wp.com\/interpim.erresse-shop.it\/Import\/Prodotti\/le-creuset-ciotola-multiuso-holly-25-cm-bianco.jpg?ssl=1\",\"datePublished\":\"2026-04-12T10:07:02+00:00\",\"description\":\"Bringen Sie dieses Weihnachten Stil auf den Tisch. Diese mit Weihnachtsmotiven verzierte Mehrzweckschale aus unserer limitierten Holly-Kollektion verleiht\",\"breadcrumb\":{\"@id\":\"https:\/\/dev6.erresse-shop.it\/de\/shop\/tisch\/koerbe-und-schalen\/le-creuset-mehrzweckschale-holly-25-cm-weiss\/#breadcrumb\"},\"inLanguage\":\"de\",\"potentialAction\":[{\"@type\":\"ReadAction\",\"target\":[\"https:\/\/dev6.erresse-shop.it\/de\/shop\/tisch\/koerbe-und-schalen\/le-creuset-mehrzweckschale-holly-25-cm-weiss\/\"]}]},{\"@type\":\"ImageObject\",\"inLanguage\":\"de\",\"@id\":\"https:\/\/dev6.erresse-shop.it\/de\/shop\/tisch\/koerbe-und-schalen\/le-creuset-mehrzweckschale-holly-25-cm-weiss\/#primaryimage\",\"url\":\"https:\/\/i0.wp.com\/interpim.erresse-shop.it\/Import\/Prodotti\/le-creuset-ciotola-multiuso-holly-25-cm-bianco.jpg?ssl=1\",\"contentUrl\":\"https:\/\/i0.wp.com\/interpim.erresse-shop.it\/Import\/Prodotti\/le-creuset-ciotola-multiuso-holly-25-cm-bianco.jpg?ssl=1\"},{\"@type\":\"BreadcrumbList\",\"@id\":\"https:\/\/dev6.erresse-shop.it\/de\/shop\/tisch\/koerbe-und-schalen\/le-creuset-mehrzweckschale-holly-25-cm-weiss\/#breadcrumb\",\"itemListElement\":[{\"@type\":\"ListItem\",\"position\":1,\"name\":\"Home\",\"item\":\"https:\/\/dev6.erresse-shop.it\/\"},{\"@type\":\"ListItem\",\"position\":2,\"name\":\"Shop\",\"item\":\"https:\/\/dev6.erresse-shop.it\/shop\/\"},{\"@type\":\"ListItem\",\"position\":3,\"name\":\"LE CREUSET Mehrzweckschale Holly 25 cm Wei\u00df\"}]},{\"@type\":\"WebSite\",\"@id\":\"https:\/\/dev6.erresse-shop.it\/#website\",\"url\":\"https:\/\/dev6.erresse-shop.it\/\",\"name\":\"Erresse Shop\",\"description\":\"\",\"publisher\":{\"@id\":\"https:\/\/dev6.erresse-shop.it\/#organization\"},\"potentialAction\":[{\"@type\":\"SearchAction\",\"target\":{\"@type\":\"EntryPoint\",\"urlTemplate\":\"https:\/\/dev6.erresse-shop.it\/?s={search_term_string}\"},\"query-input\":{\"@type\":\"PropertyValueSpecification\",\"valueRequired\":true,\"valueName\":\"search_term_string\"}}],\"inLanguage\":\"de\"},{\"@type\":\"Organization\",\"@id\":\"https:\/\/dev6.erresse-shop.it\/#organization\",\"name\":\"Erresse Shop\",\"url\":\"https:\/\/dev6.erresse-shop.it\/\",\"logo\":{\"@type\":\"ImageObject\",\"inLanguage\":\"de\",\"@id\":\"https:\/\/dev6.erresse-shop.it\/#\/schema\/logo\/image\/\",\"url\":\"https:\/\/dev6.erresse-shop.it\/wp-content\/uploads\/2025\/01\/LOGO-ERRESSE-CLASSICO.svg\",\"contentUrl\":\"https:\/\/dev6.erresse-shop.it\/wp-content\/uploads\/2025\/01\/LOGO-ERRESSE-CLASSICO.svg\",\"caption\":\"Erresse Shop\"},\"image\":{\"@id\":\"https:\/\/dev6.erresse-shop.it\/#\/schema\/logo\/image\/\"}}]}<\/script>\n<!-- \/ Yoast SEO plugin. -->","yoast_head_json":{"title":"LE CREUSET Mehrzweckschale Holly 25 cm Wei\u00df - dev6 Erresse","description":"Bringen Sie dieses Weihnachten Stil auf den Tisch. Diese mit Weihnachtsmotiven verzierte Mehrzweckschale aus unserer limitierten Holly-Kollektion verleiht","robots":{"index":"noindex","follow":"follow","max-snippet":"max-snippet:-1","max-image-preview":"max-image-preview:large","max-video-preview":"max-video-preview:-1"},"og_locale":"de_DE","og_type":"article","og_title":"LE CREUSET Mehrzweckschale Holly 25 cm Wei\u00df - dev6 Erresse","og_description":"Bringen Sie dieses Weihnachten Stil auf den Tisch. Diese mit Weihnachtsmotiven verzierte Mehrzweckschale aus unserer limitierten Holly-Kollektion verleiht","og_url":"https:\/\/dev6.erresse-shop.it\/de\/shop\/tisch\/koerbe-und-schalen\/le-creuset-mehrzweckschale-holly-25-cm-weiss\/","og_site_name":"dev6 Erresse","og_image":[{"url":"https:\/\/interpim.erresse-shop.it\/Import\/Prodotti\/le-creuset-ciotola-multiuso-holly-25-cm-bianco.jpg","type":"","width":"","height":""},{"url":"https:\/\/interpim.erresse-shop.it\/Import\/Prodotti\/le-creuset-ciotola-multiuso-holly-25-cm-bianco.jpg","width":1024,"height":1024,"type":"image\/jpeg"}],"twitter_card":"summary_large_image","twitter_image":"https:\/\/interpim.erresse-shop.it\/Import\/Prodotti\/le-creuset-ciotola-multiuso-holly-25-cm-bianco.jpg","schema":{"@context":"https:\/\/schema.org","@graph":[{"@type":"WebPage","@id":"https:\/\/dev6.erresse-shop.it\/de\/shop\/tisch\/koerbe-und-schalen\/le-creuset-mehrzweckschale-holly-25-cm-weiss\/","url":"https:\/\/dev6.erresse-shop.it\/de\/shop\/tisch\/koerbe-und-schalen\/le-creuset-mehrzweckschale-holly-25-cm-weiss\/","name":"LE CREUSET Mehrzweckschale Holly 25 cm Wei\u00df - dev6 Erresse","isPartOf":{"@id":"https:\/\/dev6.erresse-shop.it\/#website"},"primaryImageOfPage":{"@id":"https:\/\/dev6.erresse-shop.it\/de\/shop\/tisch\/koerbe-und-schalen\/le-creuset-mehrzweckschale-holly-25-cm-weiss\/#primaryimage"},"image":{"@id":"https:\/\/dev6.erresse-shop.it\/de\/shop\/tisch\/koerbe-und-schalen\/le-creuset-mehrzweckschale-holly-25-cm-weiss\/#primaryimage"},"thumbnailUrl":"https:\/\/i0.wp.com\/interpim.erresse-shop.it\/Import\/Prodotti\/le-creuset-ciotola-multiuso-holly-25-cm-bianco.jpg?ssl=1","datePublished":"2026-04-12T10:07:02+00:00","description":"Bringen Sie dieses Weihnachten Stil auf den Tisch. Diese mit Weihnachtsmotiven verzierte Mehrzweckschale aus unserer limitierten Holly-Kollektion verleiht","breadcrumb":{"@id":"https:\/\/dev6.erresse-shop.it\/de\/shop\/tisch\/koerbe-und-schalen\/le-creuset-mehrzweckschale-holly-25-cm-weiss\/#breadcrumb"},"inLanguage":"de","potentialAction":[{"@type":"ReadAction","target":["https:\/\/dev6.erresse-shop.it\/de\/shop\/tisch\/koerbe-und-schalen\/le-creuset-mehrzweckschale-holly-25-cm-weiss\/"]}]},{"@type":"ImageObject","inLanguage":"de","@id":"https:\/\/dev6.erresse-shop.it\/de\/shop\/tisch\/koerbe-und-schalen\/le-creuset-mehrzweckschale-holly-25-cm-weiss\/#primaryimage","url":"https:\/\/i0.wp.com\/interpim.erresse-shop.it\/Import\/Prodotti\/le-creuset-ciotola-multiuso-holly-25-cm-bianco.jpg?ssl=1","contentUrl":"https:\/\/i0.wp.com\/interpim.erresse-shop.it\/Import\/Prodotti\/le-creuset-ciotola-multiuso-holly-25-cm-bianco.jpg?ssl=1"},{"@type":"BreadcrumbList","@id":"https:\/\/dev6.erresse-shop.it\/de\/shop\/tisch\/koerbe-und-schalen\/le-creuset-mehrzweckschale-holly-25-cm-weiss\/#breadcrumb","itemListElement":[{"@type":"ListItem","position":1,"name":"Home","item":"https:\/\/dev6.erresse-shop.it\/"},{"@type":"ListItem","position":2,"name":"Shop","item":"https:\/\/dev6.erresse-shop.it\/shop\/"},{"@type":"ListItem","position":3,"name":"LE CREUSET Mehrzweckschale Holly 25 cm Wei\u00df"}]},{"@type":"WebSite","@id":"https:\/\/dev6.erresse-shop.it\/#website","url":"https:\/\/dev6.erresse-shop.it\/","name":"Erresse Shop","description":"","publisher":{"@id":"https:\/\/dev6.erresse-shop.it\/#organization"},"potentialAction":[{"@type":"SearchAction","target":{"@type":"EntryPoint","urlTemplate":"https:\/\/dev6.erresse-shop.it\/?s={search_term_string}"},"query-input":{"@type":"PropertyValueSpecification","valueRequired":true,"valueName":"search_term_string"}}],"inLanguage":"de"},{"@type":"Organization","@id":"https:\/\/dev6.erresse-shop.it\/#organization","name":"Erresse Shop","url":"https:\/\/dev6.erresse-shop.it\/","logo":{"@type":"ImageObject","inLanguage":"de","@id":"https:\/\/dev6.erresse-shop.it\/#\/schema\/logo\/image\/","url":"https:\/\/dev6.erresse-shop.it\/wp-content\/uploads\/2025\/01\/LOGO-ERRESSE-CLASSICO.svg","contentUrl":"https:\/\/dev6.erresse-shop.it\/wp-content\/uploads\/2025\/01\/LOGO-ERRESSE-CLASSICO.svg","caption":"Erresse Shop"},"image":{"@id":"https:\/\/dev6.erresse-shop.it\/#\/schema\/logo\/image\/"}}]}},"df_price":54,"df_sale_price":54,"df_regular_price":62,"df_image_link":"https:\/\/i0.wp.com\/interpim.erresse-shop.it\/Import\/Prodotti\/le-creuset-ciotola-multiuso-holly-25-cm-bianco.jpg?resize=300,300&ssl=1","fifu_image_url":"https:\/\/interpim.erresse-shop.it\/Import\/Prodotti\/le-creuset-ciotola-multiuso-holly-25-cm-bianco.jpg","_links":{"self":[{"href":"https:\/\/dev6.erresse-shop.it\/de\/wp-json\/wp\/v2\/product\/56340","targetHints":{"allow":["GET"]}}],"collection":[{"href":"https:\/\/dev6.erresse-shop.it\/de\/wp-json\/wp\/v2\/product"}],"about":[{"href":"https:\/\/dev6.erresse-shop.it\/de\/wp-json\/wp\/v2\/types\/product"}],"wp:featuredmedia":[{"embeddable":true,"href":"https:\/\/dev6.erresse-shop.it\/de\/wp-json\/wp\/v2\/media\/6370952"}],"wp:attachment":[{"href":"https:\/\/dev6.erresse-shop.it\/de\/wp-json\/wp\/v2\/media?parent=56340"}],"wp:term":[{"taxonomy":"product_cat","embeddable":true,"href":"https:\/\/dev6.erresse-shop.it\/de\/wp-json\/wp\/v2\/product_cat?post=56340"},{"taxonomy":"product_tag","embeddable":true,"href":"https:\/\/dev6.erresse-shop.it\/de\/wp-json\/wp\/v2\/product_tag?post=56340"}],"curies":[{"name":"wp","href":"https:\/\/api.w.org\/{rel}","templated":true}]}}