{"id":56334,"date":"2026-04-04T12:01:57","date_gmt":"2026-04-04T10:01:57","guid":{"rendered":"https:\/\/dev6.erresse-shop.it\/shop\/unkategorisiert\/g3-ferrari-pizzaofen-pronto-pizza-2-minuti\/"},"modified":"2026-01-15T23:36:32","modified_gmt":"2026-01-15T22:36:32","slug":"g3-ferrari-pizzaofen-pronto-pizza-2-minuti","status":"publish","type":"product","link":"https:\/\/dev6.erresse-shop.it\/de\/shop\/kleine-elektrogeraete\/oefen\/g3-ferrari-pizzaofen-pronto-pizza-2-minuti\/","title":{"rendered":"G3 FERRARI Pizzaofen Pronto Pizza 2 Minuti"},"content":{"rendered":"<p>Pizzaofen<\/p>\n<p>Mit dem 2-Minuten-Pizzaofen von Pronto Pizza ist die Perfektion der Pizza zum Greifen nah.<\/p>\n<p>Die\u00a0Kombination aus hoher Temperatur (bis zu 430\u00a0\u00b0C) und feuerfestem Stein gew\u00e4hrleistet ein schnelles und gleichm\u00e4\u00dfiges Garen, und mit den beiden separat bedienbaren Widerst\u00e4nden haben Sie die volle Kontrolle \u00fcber das Garen der Pizza Erhalten Sie immer einen duftenden Boden und eine gut durchgebackene Pizza: Backen Sie eine perfekte neapolitanische Pizza in nur 2 Minuten!<\/p>\n<p>Die digitale Anzeige bietet gro\u00dfe Vielseitigkeit; Sie ist mit 8 Programmen ausgestattet, um jede Art von Pizza und vieles mehr zuzubereiten: von neapolitanisch bis d\u00fcnn und knusprig, von Pfannenpizza bis Tiefk\u00fchlpizza sowie Steak-, Torten- und DIY-Rezepte. Dar\u00fcber hinaus verf\u00fcgt der Ofen \u00fcber eine\u00a0Memory-Funktion, die es ihm erm\u00f6glicht, sich Ihre bevorzugten Einstellungen zu merken, ohne sie jedes Mal neu einstellen zu m\u00fcssen, wenn Sie kochen.<\/p>\n<p>Das reichhaltige Zubeh\u00f6rprogramm rundet die hohe Leistung ab. Neben dem\u00a0herausnehmbaren feuerfesten Stein, dem\u00a0emaillierten Backblech\u00a0zum Garen von Fleisch, Kuchen und mehr, dem Edelstahl-Grill und Pizzaschneider sowie der gro\u00dfen Edelstahlschale sind im Lieferumfang enthalten. Aluminium zum Backen und das exklusive Rezeptbuch des neapolitanischen Kochs Valerio La Rosa.<\/p>\n<p>Der 2-Minuten-Pizzaofen von Pronto Pizza ist vollst\u00e4ndig elektrisch, sodass Sie zu Hause Pizzen genauso gut zubereiten k\u00f6nnen wie in einer Pizzeria, und ist auch in puncto Sicherheit erstklassig: Er ist mit einem Zwangsl\u00fcftungsk\u00fchlsystem und einer T\u00fcr mit 3-facher Bel\u00fcftung ausgestattet. Dank der ebenen Isolierung sind die W\u00e4nde auch bei maximaler Temperatur immer kalt.<\/p>\n<p>Technische Daten<\/p>\n<p>Doppelter Widerstand, oberer 850 W und unterer 850 W<br \/>\nTemperatur 80\u00b0 \u2013 430\u00b0C, Timer 60 Minuten<br \/>\nDigitalanzeige mit 8 Programmen: DIY, Neapolitanisch, d\u00fcnn, Pfanne, Tarte, Tiefk\u00fchl, Steak, runde Pizza<br \/>\nSpeicherfunktion<br \/>\nWiderst\u00e4nde, die separat betrieben werden k\u00f6nnen<br \/>\nInterne Lampe<br \/>\nKalte W\u00e4nde mit Zwangsbel\u00fcftungsk\u00fchlsystem<br \/>\nT\u00fcr mit dreifachem Borosilikatglas f\u00fcr maximale Isolierung<br \/>\nZubeh\u00f6r: feuerfester Stein 32\u00d732 cm, emaillierte Pfanne \u00d832,5 cm, Edelstahlgrill, Aluminiumschaufel \u00d832 cm, Pizzaschneider<br \/>\nStromversorgung: AC 220\u2013240 V ~ 50\u201360 Hz<br \/>\nLeistung: 1700 W<br \/>\nAbmessungen (B x H x T): 46 x 28,5 x 50 cm<br \/>\nGewicht: 13 kg<\/p>\n<p>Nicht zum Verkauf au\u00dferhalb Europas<\/p>\n","protected":false},"excerpt":{"rendered":"<p>Pizzaofen Mit dem 2-Minuten-Pizzaofen von Pronto Pizza ist die Perfektion der Pizza zum Greifen nah. Die\u00a0Kombination aus hoher Temperatur (bis zu 430\u00a0\u00b0C) und feuerfestem Stein gew\u00e4hrleistet ein schnelles und gleichm\u00e4\u00dfiges Garen, und mit den beiden separat bedienbaren Widerst\u00e4nden haben Sie die volle Kontrolle \u00fcber das Garen der Pizza Erhalten Sie immer einen duftenden Boden und [&hellip;]<\/p>\n","protected":false},"featured_media":6287653,"template":"","meta":{"_acf_changed":false},"product_cat":[12163,12193],"product_tag":[],"class_list":{"0":"post-56334","1":"product","2":"type-product","3":"status-publish","4":"has-post-thumbnail","6":"product_cat-kleine-elektrogeraete","7":"product_cat-oefen","9":"first","10":"instock","11":"sale","12":"taxable","13":"shipping-taxable","14":"purchasable","15":"product-type-simple","swatches":"rey-swatches","show_selected":"","stretch_labels":"rey-swatches--stretch-labels"},"acf":[],"yoast_head":"<!-- This site is optimized with the Yoast SEO plugin v25.4 - https:\/\/yoast.com\/wordpress\/plugins\/seo\/ -->\n<title>G3 FERRARI Pizzaofen Pronto Pizza 2 Minuti - dev6 Erresse<\/title>\n<meta name=\"description\" content=\"Pizzaofen Mit dem 2-Minuten-Pizzaofen von Pronto Pizza ist die Perfektion der Pizza zum Greifen nah. Die\u00a0Kombination aus hoher Temperatur (bis zu 430\u00a0\u00b0C)\" \/>\n<meta name=\"robots\" content=\"noindex, follow, max-snippet:-1, max-image-preview:large, max-video-preview:-1\" \/>\n<meta property=\"og:locale\" content=\"de_DE\" \/>\n<meta property=\"og:type\" content=\"article\" \/>\n<meta property=\"og:title\" content=\"G3 FERRARI Pizzaofen Pronto Pizza 2 Minuti - dev6 Erresse\" \/>\n<meta property=\"og:description\" content=\"Pizzaofen Mit dem 2-Minuten-Pizzaofen von Pronto Pizza ist die Perfektion der Pizza zum Greifen nah. Die\u00a0Kombination aus hoher Temperatur (bis zu 430\u00a0\u00b0C)\" \/>\n<meta property=\"og:url\" content=\"https:\/\/dev6.erresse-shop.it\/de\/shop\/kleine-elektrogeraete\/oefen\/g3-ferrari-pizzaofen-pronto-pizza-2-minuti\/\" \/>\n<meta property=\"og:site_name\" content=\"dev6 Erresse\" \/>\n<meta property=\"og:image\" content=\"https:\/\/interpim.erresse-shop.it\/Import\/Prodotti\/g3-ferrari-forno-pizza-pronto-pizza-2-minuti.jpg\" \/><meta property=\"og:image\" content=\"https:\/\/interpim.erresse-shop.it\/Import\/Prodotti\/g3-ferrari-forno-pizza-pronto-pizza-2-minuti.jpg\" \/>\n\t<meta property=\"og:image:width\" content=\"1024\" \/>\n\t<meta property=\"og:image:height\" content=\"1024\" \/>\n\t<meta property=\"og:image:type\" content=\"image\/jpeg\" \/>\n<meta name=\"twitter:card\" content=\"summary_large_image\" \/>\n<meta name=\"twitter:image\" content=\"https:\/\/interpim.erresse-shop.it\/Import\/Prodotti\/g3-ferrari-forno-pizza-pronto-pizza-2-minuti.jpg\" \/>\n<script type=\"application\/ld+json\" class=\"yoast-schema-graph\">{\"@context\":\"https:\/\/schema.org\",\"@graph\":[{\"@type\":\"WebPage\",\"@id\":\"https:\/\/dev6.erresse-shop.it\/de\/shop\/kleine-elektrogeraete\/oefen\/g3-ferrari-pizzaofen-pronto-pizza-2-minuti\/\",\"url\":\"https:\/\/dev6.erresse-shop.it\/de\/shop\/kleine-elektrogeraete\/oefen\/g3-ferrari-pizzaofen-pronto-pizza-2-minuti\/\",\"name\":\"G3 FERRARI Pizzaofen Pronto Pizza 2 Minuti - dev6 Erresse\",\"isPartOf\":{\"@id\":\"https:\/\/dev6.erresse-shop.it\/#website\"},\"primaryImageOfPage\":{\"@id\":\"https:\/\/dev6.erresse-shop.it\/de\/shop\/kleine-elektrogeraete\/oefen\/g3-ferrari-pizzaofen-pronto-pizza-2-minuti\/#primaryimage\"},\"image\":{\"@id\":\"https:\/\/dev6.erresse-shop.it\/de\/shop\/kleine-elektrogeraete\/oefen\/g3-ferrari-pizzaofen-pronto-pizza-2-minuti\/#primaryimage\"},\"thumbnailUrl\":\"https:\/\/i3.wp.com\/interpim.erresse-shop.it\/Import\/Prodotti\/g3-ferrari-forno-pizza-pronto-pizza-2-minuti.jpg?ssl=1\",\"datePublished\":\"2026-04-04T10:01:57+00:00\",\"description\":\"Pizzaofen Mit dem 2-Minuten-Pizzaofen von Pronto Pizza ist die Perfektion der Pizza zum Greifen nah. Die\u00a0Kombination aus hoher Temperatur (bis zu 430\u00a0\u00b0C)\",\"breadcrumb\":{\"@id\":\"https:\/\/dev6.erresse-shop.it\/de\/shop\/kleine-elektrogeraete\/oefen\/g3-ferrari-pizzaofen-pronto-pizza-2-minuti\/#breadcrumb\"},\"inLanguage\":\"de\",\"potentialAction\":[{\"@type\":\"ReadAction\",\"target\":[\"https:\/\/dev6.erresse-shop.it\/de\/shop\/kleine-elektrogeraete\/oefen\/g3-ferrari-pizzaofen-pronto-pizza-2-minuti\/\"]}]},{\"@type\":\"ImageObject\",\"inLanguage\":\"de\",\"@id\":\"https:\/\/dev6.erresse-shop.it\/de\/shop\/kleine-elektrogeraete\/oefen\/g3-ferrari-pizzaofen-pronto-pizza-2-minuti\/#primaryimage\",\"url\":\"https:\/\/i3.wp.com\/interpim.erresse-shop.it\/Import\/Prodotti\/g3-ferrari-forno-pizza-pronto-pizza-2-minuti.jpg?ssl=1\",\"contentUrl\":\"https:\/\/i3.wp.com\/interpim.erresse-shop.it\/Import\/Prodotti\/g3-ferrari-forno-pizza-pronto-pizza-2-minuti.jpg?ssl=1\"},{\"@type\":\"BreadcrumbList\",\"@id\":\"https:\/\/dev6.erresse-shop.it\/de\/shop\/kleine-elektrogeraete\/oefen\/g3-ferrari-pizzaofen-pronto-pizza-2-minuti\/#breadcrumb\",\"itemListElement\":[{\"@type\":\"ListItem\",\"position\":1,\"name\":\"Home\",\"item\":\"https:\/\/dev6.erresse-shop.it\/\"},{\"@type\":\"ListItem\",\"position\":2,\"name\":\"Shop\",\"item\":\"https:\/\/dev6.erresse-shop.it\/shop\/\"},{\"@type\":\"ListItem\",\"position\":3,\"name\":\"G3 FERRARI Pizzaofen Pronto Pizza 2 Minuti\"}]},{\"@type\":\"WebSite\",\"@id\":\"https:\/\/dev6.erresse-shop.it\/#website\",\"url\":\"https:\/\/dev6.erresse-shop.it\/\",\"name\":\"Erresse Shop\",\"description\":\"\",\"publisher\":{\"@id\":\"https:\/\/dev6.erresse-shop.it\/#organization\"},\"potentialAction\":[{\"@type\":\"SearchAction\",\"target\":{\"@type\":\"EntryPoint\",\"urlTemplate\":\"https:\/\/dev6.erresse-shop.it\/?s={search_term_string}\"},\"query-input\":{\"@type\":\"PropertyValueSpecification\",\"valueRequired\":true,\"valueName\":\"search_term_string\"}}],\"inLanguage\":\"de\"},{\"@type\":\"Organization\",\"@id\":\"https:\/\/dev6.erresse-shop.it\/#organization\",\"name\":\"Erresse Shop\",\"url\":\"https:\/\/dev6.erresse-shop.it\/\",\"logo\":{\"@type\":\"ImageObject\",\"inLanguage\":\"de\",\"@id\":\"https:\/\/dev6.erresse-shop.it\/#\/schema\/logo\/image\/\",\"url\":\"https:\/\/dev6.erresse-shop.it\/wp-content\/uploads\/2025\/01\/LOGO-ERRESSE-CLASSICO.svg\",\"contentUrl\":\"https:\/\/dev6.erresse-shop.it\/wp-content\/uploads\/2025\/01\/LOGO-ERRESSE-CLASSICO.svg\",\"caption\":\"Erresse Shop\"},\"image\":{\"@id\":\"https:\/\/dev6.erresse-shop.it\/#\/schema\/logo\/image\/\"}}]}<\/script>\n<!-- \/ Yoast SEO plugin. -->","yoast_head_json":{"title":"G3 FERRARI Pizzaofen Pronto Pizza 2 Minuti - dev6 Erresse","description":"Pizzaofen Mit dem 2-Minuten-Pizzaofen von Pronto Pizza ist die Perfektion der Pizza zum Greifen nah. Die\u00a0Kombination aus hoher Temperatur (bis zu 430\u00a0\u00b0C)","robots":{"index":"noindex","follow":"follow","max-snippet":"max-snippet:-1","max-image-preview":"max-image-preview:large","max-video-preview":"max-video-preview:-1"},"og_locale":"de_DE","og_type":"article","og_title":"G3 FERRARI Pizzaofen Pronto Pizza 2 Minuti - dev6 Erresse","og_description":"Pizzaofen Mit dem 2-Minuten-Pizzaofen von Pronto Pizza ist die Perfektion der Pizza zum Greifen nah. Die\u00a0Kombination aus hoher Temperatur (bis zu 430\u00a0\u00b0C)","og_url":"https:\/\/dev6.erresse-shop.it\/de\/shop\/kleine-elektrogeraete\/oefen\/g3-ferrari-pizzaofen-pronto-pizza-2-minuti\/","og_site_name":"dev6 Erresse","og_image":[{"url":"https:\/\/interpim.erresse-shop.it\/Import\/Prodotti\/g3-ferrari-forno-pizza-pronto-pizza-2-minuti.jpg","type":"","width":"","height":""},{"url":"https:\/\/interpim.erresse-shop.it\/Import\/Prodotti\/g3-ferrari-forno-pizza-pronto-pizza-2-minuti.jpg","width":1024,"height":1024,"type":"image\/jpeg"}],"twitter_card":"summary_large_image","twitter_image":"https:\/\/interpim.erresse-shop.it\/Import\/Prodotti\/g3-ferrari-forno-pizza-pronto-pizza-2-minuti.jpg","schema":{"@context":"https:\/\/schema.org","@graph":[{"@type":"WebPage","@id":"https:\/\/dev6.erresse-shop.it\/de\/shop\/kleine-elektrogeraete\/oefen\/g3-ferrari-pizzaofen-pronto-pizza-2-minuti\/","url":"https:\/\/dev6.erresse-shop.it\/de\/shop\/kleine-elektrogeraete\/oefen\/g3-ferrari-pizzaofen-pronto-pizza-2-minuti\/","name":"G3 FERRARI Pizzaofen Pronto Pizza 2 Minuti - dev6 Erresse","isPartOf":{"@id":"https:\/\/dev6.erresse-shop.it\/#website"},"primaryImageOfPage":{"@id":"https:\/\/dev6.erresse-shop.it\/de\/shop\/kleine-elektrogeraete\/oefen\/g3-ferrari-pizzaofen-pronto-pizza-2-minuti\/#primaryimage"},"image":{"@id":"https:\/\/dev6.erresse-shop.it\/de\/shop\/kleine-elektrogeraete\/oefen\/g3-ferrari-pizzaofen-pronto-pizza-2-minuti\/#primaryimage"},"thumbnailUrl":"https:\/\/i3.wp.com\/interpim.erresse-shop.it\/Import\/Prodotti\/g3-ferrari-forno-pizza-pronto-pizza-2-minuti.jpg?ssl=1","datePublished":"2026-04-04T10:01:57+00:00","description":"Pizzaofen Mit dem 2-Minuten-Pizzaofen von Pronto Pizza ist die Perfektion der Pizza zum Greifen nah. Die\u00a0Kombination aus hoher Temperatur (bis zu 430\u00a0\u00b0C)","breadcrumb":{"@id":"https:\/\/dev6.erresse-shop.it\/de\/shop\/kleine-elektrogeraete\/oefen\/g3-ferrari-pizzaofen-pronto-pizza-2-minuti\/#breadcrumb"},"inLanguage":"de","potentialAction":[{"@type":"ReadAction","target":["https:\/\/dev6.erresse-shop.it\/de\/shop\/kleine-elektrogeraete\/oefen\/g3-ferrari-pizzaofen-pronto-pizza-2-minuti\/"]}]},{"@type":"ImageObject","inLanguage":"de","@id":"https:\/\/dev6.erresse-shop.it\/de\/shop\/kleine-elektrogeraete\/oefen\/g3-ferrari-pizzaofen-pronto-pizza-2-minuti\/#primaryimage","url":"https:\/\/i3.wp.com\/interpim.erresse-shop.it\/Import\/Prodotti\/g3-ferrari-forno-pizza-pronto-pizza-2-minuti.jpg?ssl=1","contentUrl":"https:\/\/i3.wp.com\/interpim.erresse-shop.it\/Import\/Prodotti\/g3-ferrari-forno-pizza-pronto-pizza-2-minuti.jpg?ssl=1"},{"@type":"BreadcrumbList","@id":"https:\/\/dev6.erresse-shop.it\/de\/shop\/kleine-elektrogeraete\/oefen\/g3-ferrari-pizzaofen-pronto-pizza-2-minuti\/#breadcrumb","itemListElement":[{"@type":"ListItem","position":1,"name":"Home","item":"https:\/\/dev6.erresse-shop.it\/"},{"@type":"ListItem","position":2,"name":"Shop","item":"https:\/\/dev6.erresse-shop.it\/shop\/"},{"@type":"ListItem","position":3,"name":"G3 FERRARI Pizzaofen Pronto Pizza 2 Minuti"}]},{"@type":"WebSite","@id":"https:\/\/dev6.erresse-shop.it\/#website","url":"https:\/\/dev6.erresse-shop.it\/","name":"Erresse Shop","description":"","publisher":{"@id":"https:\/\/dev6.erresse-shop.it\/#organization"},"potentialAction":[{"@type":"SearchAction","target":{"@type":"EntryPoint","urlTemplate":"https:\/\/dev6.erresse-shop.it\/?s={search_term_string}"},"query-input":{"@type":"PropertyValueSpecification","valueRequired":true,"valueName":"search_term_string"}}],"inLanguage":"de"},{"@type":"Organization","@id":"https:\/\/dev6.erresse-shop.it\/#organization","name":"Erresse Shop","url":"https:\/\/dev6.erresse-shop.it\/","logo":{"@type":"ImageObject","inLanguage":"de","@id":"https:\/\/dev6.erresse-shop.it\/#\/schema\/logo\/image\/","url":"https:\/\/dev6.erresse-shop.it\/wp-content\/uploads\/2025\/01\/LOGO-ERRESSE-CLASSICO.svg","contentUrl":"https:\/\/dev6.erresse-shop.it\/wp-content\/uploads\/2025\/01\/LOGO-ERRESSE-CLASSICO.svg","caption":"Erresse Shop"},"image":{"@id":"https:\/\/dev6.erresse-shop.it\/#\/schema\/logo\/image\/"}}]}},"df_price":189.95,"df_sale_price":189.95,"df_regular_price":289.9,"df_image_link":"https:\/\/i3.wp.com\/interpim.erresse-shop.it\/Import\/Prodotti\/g3-ferrari-forno-pizza-pronto-pizza-2-minuti.jpg?resize=300,300&ssl=1","fifu_image_url":"https:\/\/interpim.erresse-shop.it\/Import\/Prodotti\/g3-ferrari-forno-pizza-pronto-pizza-2-minuti.jpg","_links":{"self":[{"href":"https:\/\/dev6.erresse-shop.it\/de\/wp-json\/wp\/v2\/product\/56334","targetHints":{"allow":["GET"]}}],"collection":[{"href":"https:\/\/dev6.erresse-shop.it\/de\/wp-json\/wp\/v2\/product"}],"about":[{"href":"https:\/\/dev6.erresse-shop.it\/de\/wp-json\/wp\/v2\/types\/product"}],"wp:featuredmedia":[{"embeddable":true,"href":"https:\/\/dev6.erresse-shop.it\/de\/wp-json\/wp\/v2\/media\/6287653"}],"wp:attachment":[{"href":"https:\/\/dev6.erresse-shop.it\/de\/wp-json\/wp\/v2\/media?parent=56334"}],"wp:term":[{"taxonomy":"product_cat","embeddable":true,"href":"https:\/\/dev6.erresse-shop.it\/de\/wp-json\/wp\/v2\/product_cat?post=56334"},{"taxonomy":"product_tag","embeddable":true,"href":"https:\/\/dev6.erresse-shop.it\/de\/wp-json\/wp\/v2\/product_tag?post=56334"}],"curies":[{"name":"wp","href":"https:\/\/api.w.org\/{rel}","templated":true}]}}