{"id":56318,"date":"2026-04-04T12:01:57","date_gmt":"2026-04-04T10:01:57","guid":{"rendered":"https:\/\/dev6.erresse-shop.it\/shop\/unkategorisiert\/taitu-fil-rouge-bacche-grosse-salatschuessel\/"},"modified":"2025-09-14T02:27:15","modified_gmt":"2025-09-14T00:27:15","slug":"taitu-fil-rouge-bacche-grosse-salatschuessel","status":"publish","type":"product","link":"https:\/\/dev6.erresse-shop.it\/de\/shop\/tisch\/salatschuesseln-und-terrinen\/taitu-fil-rouge-bacche-grosse-salatschuessel\/","title":{"rendered":"TAIT\u00d9 Fil Rouge Bacche Gro\u00dfe Salatsch\u00fcssel"},"content":{"rendered":"<p>Material: Fine Bone China<\/p>\n<p>Rot ist die Farbe der Liebe, der Leidenschaft und der Energie. Die Kollektion BACCHE zelebriert dies mit den Fr\u00fcchten der Hundsrose und der Eberesche, gebunden durch einen feinen FIL ROUGE.<br \/>\nBACCHE, FOGLIE und NODI sind perfekte Ganzjahreskollektionen; und mit dem roten Faden l\u00e4sst auch TAIT\u00d9 den Zauber der Weihnacht wieder aufleben.<br \/>\nVereint durch das kreative FIL ROUGE-Makrokonzept, entwickeln die 3 Kollektionen neue M\u00f6glichkeiten f\u00fcr Mix&amp;Match, untereinander und mit vielen anderen TAIT\u00d9-Kollektionen.<\/p>\n<p>WARNUNGEN<br \/>\nSp\u00fclmaschinen- und mikrowellengeeignet.<\/p>\n<p>Designer: Silvia Cabassa<\/p>\n","protected":false},"excerpt":{"rendered":"<p>Material: Fine Bone China Rot ist die Farbe der Liebe, der Leidenschaft und der Energie. Die Kollektion BACCHE zelebriert dies mit den Fr\u00fcchten der Hundsrose und der Eberesche, gebunden durch einen feinen FIL ROUGE. BACCHE, FOGLIE und NODI sind perfekte Ganzjahreskollektionen; und mit dem roten Faden l\u00e4sst auch TAIT\u00d9 den Zauber der Weihnacht wieder aufleben. [&hellip;]<\/p>\n","protected":false},"featured_media":6287615,"template":"","meta":{"_acf_changed":false},"product_cat":[12124,11671,12103],"product_tag":[],"class_list":{"0":"post-56318","1":"product","2":"type-product","3":"status-publish","4":"has-post-thumbnail","6":"product_cat-salatschuesseln-und-terrinen","7":"product_cat-tavola","8":"product_cat-tisch","10":"first","11":"instock","12":"sale","13":"taxable","14":"shipping-taxable","15":"purchasable","16":"product-type-simple","swatches":"rey-swatches","show_selected":"","stretch_labels":"rey-swatches--stretch-labels"},"acf":[],"yoast_head":"<!-- This site is optimized with the Yoast SEO plugin v25.4 - https:\/\/yoast.com\/wordpress\/plugins\/seo\/ -->\n<title>TAIT\u00d9 Fil Rouge Bacche Gro\u00dfe Salatsch\u00fcssel - dev6 Erresse<\/title>\n<meta name=\"description\" content=\"Material: Fine Bone China Rot ist die Farbe der Liebe, der Leidenschaft und der Energie. Die Kollektion BACCHE zelebriert dies mit den Fr\u00fcchten der\" \/>\n<meta name=\"robots\" content=\"noindex, follow, max-snippet:-1, max-image-preview:large, max-video-preview:-1\" \/>\n<meta property=\"og:locale\" content=\"de_DE\" \/>\n<meta property=\"og:type\" content=\"article\" \/>\n<meta property=\"og:title\" content=\"TAIT\u00d9 Fil Rouge Bacche Gro\u00dfe Salatsch\u00fcssel - dev6 Erresse\" \/>\n<meta property=\"og:description\" content=\"Material: Fine Bone China Rot ist die Farbe der Liebe, der Leidenschaft und der Energie. Die Kollektion BACCHE zelebriert dies mit den Fr\u00fcchten der\" \/>\n<meta property=\"og:url\" content=\"https:\/\/dev6.erresse-shop.it\/de\/shop\/tisch\/salatschuesseln-und-terrinen\/taitu-fil-rouge-bacche-grosse-salatschuessel\/\" \/>\n<meta property=\"og:site_name\" content=\"dev6 Erresse\" \/>\n<meta property=\"og:image\" content=\"https:\/\/interpim.erresse-shop.it\/img-catalogo\/taitu\/taitu-fil-rouge-bacche-insalatiera-grande.jpg\" \/><meta property=\"og:image\" content=\"https:\/\/interpim.erresse-shop.it\/img-catalogo\/taitu\/taitu-fil-rouge-bacche-insalatiera-grande.jpg\" \/>\n\t<meta property=\"og:image:width\" content=\"1024\" \/>\n\t<meta property=\"og:image:height\" content=\"1024\" \/>\n\t<meta property=\"og:image:type\" content=\"image\/jpeg\" \/>\n<meta name=\"twitter:card\" content=\"summary_large_image\" \/>\n<meta name=\"twitter:image\" content=\"https:\/\/interpim.erresse-shop.it\/img-catalogo\/taitu\/taitu-fil-rouge-bacche-insalatiera-grande.jpg\" \/>\n<script type=\"application\/ld+json\" class=\"yoast-schema-graph\">{\"@context\":\"https:\/\/schema.org\",\"@graph\":[{\"@type\":\"WebPage\",\"@id\":\"https:\/\/dev6.erresse-shop.it\/de\/shop\/tisch\/salatschuesseln-und-terrinen\/taitu-fil-rouge-bacche-grosse-salatschuessel\/\",\"url\":\"https:\/\/dev6.erresse-shop.it\/de\/shop\/tisch\/salatschuesseln-und-terrinen\/taitu-fil-rouge-bacche-grosse-salatschuessel\/\",\"name\":\"TAIT\u00d9 Fil Rouge Bacche Gro\u00dfe Salatsch\u00fcssel - dev6 Erresse\",\"isPartOf\":{\"@id\":\"https:\/\/dev6.erresse-shop.it\/#website\"},\"primaryImageOfPage\":{\"@id\":\"https:\/\/dev6.erresse-shop.it\/de\/shop\/tisch\/salatschuesseln-und-terrinen\/taitu-fil-rouge-bacche-grosse-salatschuessel\/#primaryimage\"},\"image\":{\"@id\":\"https:\/\/dev6.erresse-shop.it\/de\/shop\/tisch\/salatschuesseln-und-terrinen\/taitu-fil-rouge-bacche-grosse-salatschuessel\/#primaryimage\"},\"thumbnailUrl\":\"https:\/\/i1.wp.com\/interpim.erresse-shop.it\/img-catalogo\/taitu\/taitu-fil-rouge-bacche-insalatiera-grande.jpg?ssl=1\",\"datePublished\":\"2026-04-04T10:01:57+00:00\",\"description\":\"Material: Fine Bone China Rot ist die Farbe der Liebe, der Leidenschaft und der Energie. Die Kollektion BACCHE zelebriert dies mit den Fr\u00fcchten der\",\"breadcrumb\":{\"@id\":\"https:\/\/dev6.erresse-shop.it\/de\/shop\/tisch\/salatschuesseln-und-terrinen\/taitu-fil-rouge-bacche-grosse-salatschuessel\/#breadcrumb\"},\"inLanguage\":\"de\",\"potentialAction\":[{\"@type\":\"ReadAction\",\"target\":[\"https:\/\/dev6.erresse-shop.it\/de\/shop\/tisch\/salatschuesseln-und-terrinen\/taitu-fil-rouge-bacche-grosse-salatschuessel\/\"]}]},{\"@type\":\"ImageObject\",\"inLanguage\":\"de\",\"@id\":\"https:\/\/dev6.erresse-shop.it\/de\/shop\/tisch\/salatschuesseln-und-terrinen\/taitu-fil-rouge-bacche-grosse-salatschuessel\/#primaryimage\",\"url\":\"https:\/\/i1.wp.com\/interpim.erresse-shop.it\/img-catalogo\/taitu\/taitu-fil-rouge-bacche-insalatiera-grande.jpg?ssl=1\",\"contentUrl\":\"https:\/\/i1.wp.com\/interpim.erresse-shop.it\/img-catalogo\/taitu\/taitu-fil-rouge-bacche-insalatiera-grande.jpg?ssl=1\"},{\"@type\":\"BreadcrumbList\",\"@id\":\"https:\/\/dev6.erresse-shop.it\/de\/shop\/tisch\/salatschuesseln-und-terrinen\/taitu-fil-rouge-bacche-grosse-salatschuessel\/#breadcrumb\",\"itemListElement\":[{\"@type\":\"ListItem\",\"position\":1,\"name\":\"Home\",\"item\":\"https:\/\/dev6.erresse-shop.it\/\"},{\"@type\":\"ListItem\",\"position\":2,\"name\":\"Shop\",\"item\":\"https:\/\/dev6.erresse-shop.it\/shop\/\"},{\"@type\":\"ListItem\",\"position\":3,\"name\":\"TAIT\u00d9 Fil Rouge Bacche Gro\u00dfe Salatsch\u00fcssel\"}]},{\"@type\":\"WebSite\",\"@id\":\"https:\/\/dev6.erresse-shop.it\/#website\",\"url\":\"https:\/\/dev6.erresse-shop.it\/\",\"name\":\"Erresse Shop\",\"description\":\"\",\"publisher\":{\"@id\":\"https:\/\/dev6.erresse-shop.it\/#organization\"},\"potentialAction\":[{\"@type\":\"SearchAction\",\"target\":{\"@type\":\"EntryPoint\",\"urlTemplate\":\"https:\/\/dev6.erresse-shop.it\/?s={search_term_string}\"},\"query-input\":{\"@type\":\"PropertyValueSpecification\",\"valueRequired\":true,\"valueName\":\"search_term_string\"}}],\"inLanguage\":\"de\"},{\"@type\":\"Organization\",\"@id\":\"https:\/\/dev6.erresse-shop.it\/#organization\",\"name\":\"Erresse Shop\",\"url\":\"https:\/\/dev6.erresse-shop.it\/\",\"logo\":{\"@type\":\"ImageObject\",\"inLanguage\":\"de\",\"@id\":\"https:\/\/dev6.erresse-shop.it\/#\/schema\/logo\/image\/\",\"url\":\"https:\/\/dev6.erresse-shop.it\/wp-content\/uploads\/2025\/01\/LOGO-ERRESSE-CLASSICO.svg\",\"contentUrl\":\"https:\/\/dev6.erresse-shop.it\/wp-content\/uploads\/2025\/01\/LOGO-ERRESSE-CLASSICO.svg\",\"caption\":\"Erresse Shop\"},\"image\":{\"@id\":\"https:\/\/dev6.erresse-shop.it\/#\/schema\/logo\/image\/\"}}]}<\/script>\n<!-- \/ Yoast SEO plugin. -->","yoast_head_json":{"title":"TAIT\u00d9 Fil Rouge Bacche Gro\u00dfe Salatsch\u00fcssel - dev6 Erresse","description":"Material: Fine Bone China Rot ist die Farbe der Liebe, der Leidenschaft und der Energie. Die Kollektion BACCHE zelebriert dies mit den Fr\u00fcchten der","robots":{"index":"noindex","follow":"follow","max-snippet":"max-snippet:-1","max-image-preview":"max-image-preview:large","max-video-preview":"max-video-preview:-1"},"og_locale":"de_DE","og_type":"article","og_title":"TAIT\u00d9 Fil Rouge Bacche Gro\u00dfe Salatsch\u00fcssel - dev6 Erresse","og_description":"Material: Fine Bone China Rot ist die Farbe der Liebe, der Leidenschaft und der Energie. Die Kollektion BACCHE zelebriert dies mit den Fr\u00fcchten der","og_url":"https:\/\/dev6.erresse-shop.it\/de\/shop\/tisch\/salatschuesseln-und-terrinen\/taitu-fil-rouge-bacche-grosse-salatschuessel\/","og_site_name":"dev6 Erresse","og_image":[{"url":"https:\/\/interpim.erresse-shop.it\/img-catalogo\/taitu\/taitu-fil-rouge-bacche-insalatiera-grande.jpg","type":"","width":"","height":""},{"url":"https:\/\/interpim.erresse-shop.it\/img-catalogo\/taitu\/taitu-fil-rouge-bacche-insalatiera-grande.jpg","width":1024,"height":1024,"type":"image\/jpeg"}],"twitter_card":"summary_large_image","twitter_image":"https:\/\/interpim.erresse-shop.it\/img-catalogo\/taitu\/taitu-fil-rouge-bacche-insalatiera-grande.jpg","schema":{"@context":"https:\/\/schema.org","@graph":[{"@type":"WebPage","@id":"https:\/\/dev6.erresse-shop.it\/de\/shop\/tisch\/salatschuesseln-und-terrinen\/taitu-fil-rouge-bacche-grosse-salatschuessel\/","url":"https:\/\/dev6.erresse-shop.it\/de\/shop\/tisch\/salatschuesseln-und-terrinen\/taitu-fil-rouge-bacche-grosse-salatschuessel\/","name":"TAIT\u00d9 Fil Rouge Bacche Gro\u00dfe Salatsch\u00fcssel - dev6 Erresse","isPartOf":{"@id":"https:\/\/dev6.erresse-shop.it\/#website"},"primaryImageOfPage":{"@id":"https:\/\/dev6.erresse-shop.it\/de\/shop\/tisch\/salatschuesseln-und-terrinen\/taitu-fil-rouge-bacche-grosse-salatschuessel\/#primaryimage"},"image":{"@id":"https:\/\/dev6.erresse-shop.it\/de\/shop\/tisch\/salatschuesseln-und-terrinen\/taitu-fil-rouge-bacche-grosse-salatschuessel\/#primaryimage"},"thumbnailUrl":"https:\/\/i1.wp.com\/interpim.erresse-shop.it\/img-catalogo\/taitu\/taitu-fil-rouge-bacche-insalatiera-grande.jpg?ssl=1","datePublished":"2026-04-04T10:01:57+00:00","description":"Material: Fine Bone China Rot ist die Farbe der Liebe, der Leidenschaft und der Energie. Die Kollektion BACCHE zelebriert dies mit den Fr\u00fcchten der","breadcrumb":{"@id":"https:\/\/dev6.erresse-shop.it\/de\/shop\/tisch\/salatschuesseln-und-terrinen\/taitu-fil-rouge-bacche-grosse-salatschuessel\/#breadcrumb"},"inLanguage":"de","potentialAction":[{"@type":"ReadAction","target":["https:\/\/dev6.erresse-shop.it\/de\/shop\/tisch\/salatschuesseln-und-terrinen\/taitu-fil-rouge-bacche-grosse-salatschuessel\/"]}]},{"@type":"ImageObject","inLanguage":"de","@id":"https:\/\/dev6.erresse-shop.it\/de\/shop\/tisch\/salatschuesseln-und-terrinen\/taitu-fil-rouge-bacche-grosse-salatschuessel\/#primaryimage","url":"https:\/\/i1.wp.com\/interpim.erresse-shop.it\/img-catalogo\/taitu\/taitu-fil-rouge-bacche-insalatiera-grande.jpg?ssl=1","contentUrl":"https:\/\/i1.wp.com\/interpim.erresse-shop.it\/img-catalogo\/taitu\/taitu-fil-rouge-bacche-insalatiera-grande.jpg?ssl=1"},{"@type":"BreadcrumbList","@id":"https:\/\/dev6.erresse-shop.it\/de\/shop\/tisch\/salatschuesseln-und-terrinen\/taitu-fil-rouge-bacche-grosse-salatschuessel\/#breadcrumb","itemListElement":[{"@type":"ListItem","position":1,"name":"Home","item":"https:\/\/dev6.erresse-shop.it\/"},{"@type":"ListItem","position":2,"name":"Shop","item":"https:\/\/dev6.erresse-shop.it\/shop\/"},{"@type":"ListItem","position":3,"name":"TAIT\u00d9 Fil Rouge Bacche Gro\u00dfe Salatsch\u00fcssel"}]},{"@type":"WebSite","@id":"https:\/\/dev6.erresse-shop.it\/#website","url":"https:\/\/dev6.erresse-shop.it\/","name":"Erresse Shop","description":"","publisher":{"@id":"https:\/\/dev6.erresse-shop.it\/#organization"},"potentialAction":[{"@type":"SearchAction","target":{"@type":"EntryPoint","urlTemplate":"https:\/\/dev6.erresse-shop.it\/?s={search_term_string}"},"query-input":{"@type":"PropertyValueSpecification","valueRequired":true,"valueName":"search_term_string"}}],"inLanguage":"de"},{"@type":"Organization","@id":"https:\/\/dev6.erresse-shop.it\/#organization","name":"Erresse Shop","url":"https:\/\/dev6.erresse-shop.it\/","logo":{"@type":"ImageObject","inLanguage":"de","@id":"https:\/\/dev6.erresse-shop.it\/#\/schema\/logo\/image\/","url":"https:\/\/dev6.erresse-shop.it\/wp-content\/uploads\/2025\/01\/LOGO-ERRESSE-CLASSICO.svg","contentUrl":"https:\/\/dev6.erresse-shop.it\/wp-content\/uploads\/2025\/01\/LOGO-ERRESSE-CLASSICO.svg","caption":"Erresse Shop"},"image":{"@id":"https:\/\/dev6.erresse-shop.it\/#\/schema\/logo\/image\/"}}]}},"df_price":119,"df_sale_price":119,"df_regular_price":150,"df_image_link":"https:\/\/i1.wp.com\/interpim.erresse-shop.it\/img-catalogo\/taitu\/taitu-fil-rouge-bacche-insalatiera-grande.jpg?resize=300,300&ssl=1","fifu_image_url":"https:\/\/interpim.erresse-shop.it\/img-catalogo\/taitu\/taitu-fil-rouge-bacche-insalatiera-grande.jpg","_links":{"self":[{"href":"https:\/\/dev6.erresse-shop.it\/de\/wp-json\/wp\/v2\/product\/56318","targetHints":{"allow":["GET"]}}],"collection":[{"href":"https:\/\/dev6.erresse-shop.it\/de\/wp-json\/wp\/v2\/product"}],"about":[{"href":"https:\/\/dev6.erresse-shop.it\/de\/wp-json\/wp\/v2\/types\/product"}],"wp:featuredmedia":[{"embeddable":true,"href":"https:\/\/dev6.erresse-shop.it\/de\/wp-json\/wp\/v2\/media\/6287615"}],"wp:attachment":[{"href":"https:\/\/dev6.erresse-shop.it\/de\/wp-json\/wp\/v2\/media?parent=56318"}],"wp:term":[{"taxonomy":"product_cat","embeddable":true,"href":"https:\/\/dev6.erresse-shop.it\/de\/wp-json\/wp\/v2\/product_cat?post=56318"},{"taxonomy":"product_tag","embeddable":true,"href":"https:\/\/dev6.erresse-shop.it\/de\/wp-json\/wp\/v2\/product_tag?post=56318"}],"curies":[{"name":"wp","href":"https:\/\/api.w.org\/{rel}","templated":true}]}}